{"id":9553,"date":"2022-04-27T09:04:23","date_gmt":"2022-04-27T08:04:23","guid":{"rendered":"https:\/\/fluxlasers.eu\/producto\/tuyau-dair-3-m-b100539\/"},"modified":"2022-04-27T09:04:23","modified_gmt":"2022-04-27T08:04:23","slug":"tuyau-dair-3-m-b100539","status":"publish","type":"product","link":"https:\/\/fluxlasers.eu\/fr\/produit\/tuyau-dair-3-m-b100539\/","title":{"rendered":"Tuyau d\u2019air (+- 3 m) B100539"},"content":{"rendered":"<p>Tuyau d\u2019air allant de la pompe \u00e0 air \u00e0 la t\u00eate dor\u00e9e<\/p>\n","protected":false},"excerpt":{"rendered":"<p>Tuyau d\u2019air allant de la pompe \u00e0 air \u00e0 la t\u00eate dor\u00e9e pour Beamo, Beambox et Beambox Pro<\/p>\n","protected":false},"featured_media":2154,"comment_status":"closed","ping_status":"closed","template":"","meta":[],"product_brand":[],"product_cat":[287,288,301],"product_tag":[],"class_list":{"0":"post-9553","1":"product","2":"type-product","3":"status-publish","4":"has-post-thumbnail","6":"product_cat-pieces-de-rechange","7":"product_cat-pieces-de-rechange-beambox","8":"product_cat-pieces-detachees-beamo","10":"first","11":"instock","12":"taxable","13":"shipping-taxable","14":"purchasable","15":"product-type-simple"},"yoast_head":"<!-- This site is optimized with the Yoast SEO plugin v27.0 - https:\/\/yoast.com\/product\/yoast-seo-wordpress\/ -->\n<title>Tuyau d\u2019air (+- 3 m) B100539 - Flux - Bomedia<\/title>\n<meta name=\"robots\" content=\"index, follow, max-snippet:-1, max-image-preview:large, max-video-preview:-1\" \/>\n<link rel=\"canonical\" href=\"https:\/\/fluxlasers.eu\/fr\/produit\/tuyau-dair-3-m-b100539\/\" \/>\n<meta property=\"og:locale\" content=\"fr_FR\" \/>\n<meta property=\"og:type\" content=\"article\" \/>\n<meta property=\"og:title\" content=\"Tuyau d\u2019air (+- 3 m) B100539 - Flux - Bomedia\" \/>\n<meta property=\"og:description\" content=\"Tuyau d\u2019air allant de la pompe \u00e0 air \u00e0 la t\u00eate dor\u00e9e pour Beamo, Beambox et Beambox Pro\" \/>\n<meta property=\"og:url\" content=\"https:\/\/fluxlasers.eu\/fr\/produit\/tuyau-dair-3-m-b100539\/\" \/>\n<meta property=\"og:site_name\" content=\"Flux - Bomedia\" \/>\n<meta property=\"og:image\" content=\"https:\/\/fluxlasers.eu\/wp-content\/uploads\/2022\/04\/air-hose-b100539.jpeg\" \/>\n\t<meta property=\"og:image:width\" content=\"800\" \/>\n\t<meta property=\"og:image:height\" content=\"600\" \/>\n\t<meta property=\"og:image:type\" content=\"image\/jpeg\" \/>\n<meta name=\"twitter:card\" content=\"summary_large_image\" \/>\n<script type=\"application\/ld+json\" class=\"yoast-schema-graph\">{\"@context\":\"https:\/\/schema.org\",\"@graph\":[{\"@type\":\"WebPage\",\"@id\":\"https:\/\/fluxlasers.eu\/fr\/produit\/tuyau-dair-3-m-b100539\/\",\"url\":\"https:\/\/fluxlasers.eu\/fr\/produit\/tuyau-dair-3-m-b100539\/\",\"name\":\"Tuyau d\u2019air (+- 3 m) B100539 - Flux - Bomedia\",\"isPartOf\":{\"@id\":\"https:\/\/fluxlasers.eu\/fr\/#website\"},\"primaryImageOfPage\":{\"@id\":\"https:\/\/fluxlasers.eu\/fr\/produit\/tuyau-dair-3-m-b100539\/#primaryimage\"},\"image\":{\"@id\":\"https:\/\/fluxlasers.eu\/fr\/produit\/tuyau-dair-3-m-b100539\/#primaryimage\"},\"thumbnailUrl\":\"https:\/\/fluxlasers.eu\/wp-content\/uploads\/2022\/04\/air-hose-b100539.jpeg\",\"datePublished\":\"2022-04-27T08:04:23+00:00\",\"breadcrumb\":{\"@id\":\"https:\/\/fluxlasers.eu\/fr\/produit\/tuyau-dair-3-m-b100539\/#breadcrumb\"},\"inLanguage\":\"fr-FR\",\"potentialAction\":[{\"@type\":\"ReadAction\",\"target\":[\"https:\/\/fluxlasers.eu\/fr\/produit\/tuyau-dair-3-m-b100539\/\"]}]},{\"@type\":\"ImageObject\",\"inLanguage\":\"fr-FR\",\"@id\":\"https:\/\/fluxlasers.eu\/fr\/produit\/tuyau-dair-3-m-b100539\/#primaryimage\",\"url\":\"https:\/\/fluxlasers.eu\/wp-content\/uploads\/2022\/04\/air-hose-b100539.jpeg\",\"contentUrl\":\"https:\/\/fluxlasers.eu\/wp-content\/uploads\/2022\/04\/air-hose-b100539.jpeg\",\"width\":800,\"height\":600},{\"@type\":\"BreadcrumbList\",\"@id\":\"https:\/\/fluxlasers.eu\/fr\/produit\/tuyau-dair-3-m-b100539\/#breadcrumb\",\"itemListElement\":[{\"@type\":\"ListItem\",\"position\":1,\"name\":\"Portada\",\"item\":\"https:\/\/fluxlasers.eu\/fr\/accueil\/\"},{\"@type\":\"ListItem\",\"position\":2,\"name\":\"Boutique\",\"item\":\"https:\/\/fluxlasers.eu\/fr\/boutique\/\"},{\"@type\":\"ListItem\",\"position\":3,\"name\":\"Tuyau d\u2019air (+- 3 m) B100539\"}]},{\"@type\":\"WebSite\",\"@id\":\"https:\/\/fluxlasers.eu\/fr\/#website\",\"url\":\"https:\/\/fluxlasers.eu\/fr\/\",\"name\":\"Flux - Bomedia\",\"description\":\"D\u00e9coupeuses et graveuses laser\",\"publisher\":{\"@id\":\"https:\/\/fluxlasers.eu\/fr\/#organization\"},\"potentialAction\":[{\"@type\":\"SearchAction\",\"target\":{\"@type\":\"EntryPoint\",\"urlTemplate\":\"https:\/\/fluxlasers.eu\/fr\/?s={search_term_string}\"},\"query-input\":{\"@type\":\"PropertyValueSpecification\",\"valueRequired\":true,\"valueName\":\"search_term_string\"}}],\"inLanguage\":\"fr-FR\"},{\"@type\":\"Organization\",\"@id\":\"https:\/\/fluxlasers.eu\/fr\/#organization\",\"name\":\"Fluxlasers Espa\u00f1a\",\"url\":\"https:\/\/fluxlasers.eu\/fr\/\",\"logo\":{\"@type\":\"ImageObject\",\"inLanguage\":\"fr-FR\",\"@id\":\"https:\/\/fluxlasers.eu\/fr\/#\/schema\/logo\/image\/\",\"url\":\"https:\/\/fluxlasers.eu\/wp-content\/uploads\/2021\/03\/logofluxspainc.png\",\"contentUrl\":\"https:\/\/fluxlasers.eu\/wp-content\/uploads\/2021\/03\/logofluxspainc.png\",\"width\":350,\"height\":217,\"caption\":\"Fluxlasers Espa\u00f1a\"},\"image\":{\"@id\":\"https:\/\/fluxlasers.eu\/fr\/#\/schema\/logo\/image\/\"}}]}<\/script>\n<!-- \/ Yoast SEO plugin. -->","yoast_head_json":{"title":"Tuyau d\u2019air (+- 3 m) B100539 - Flux - Bomedia","robots":{"index":"index","follow":"follow","max-snippet":"max-snippet:-1","max-image-preview":"max-image-preview:large","max-video-preview":"max-video-preview:-1"},"canonical":"https:\/\/fluxlasers.eu\/fr\/produit\/tuyau-dair-3-m-b100539\/","og_locale":"fr_FR","og_type":"article","og_title":"Tuyau d\u2019air (+- 3 m) B100539 - Flux - Bomedia","og_description":"Tuyau d\u2019air allant de la pompe \u00e0 air \u00e0 la t\u00eate dor\u00e9e pour Beamo, Beambox et Beambox Pro","og_url":"https:\/\/fluxlasers.eu\/fr\/produit\/tuyau-dair-3-m-b100539\/","og_site_name":"Flux - Bomedia","og_image":[{"width":800,"height":600,"url":"https:\/\/fluxlasers.eu\/wp-content\/uploads\/2022\/04\/air-hose-b100539.jpeg","type":"image\/jpeg"}],"twitter_card":"summary_large_image","schema":{"@context":"https:\/\/schema.org","@graph":[{"@type":"WebPage","@id":"https:\/\/fluxlasers.eu\/fr\/produit\/tuyau-dair-3-m-b100539\/","url":"https:\/\/fluxlasers.eu\/fr\/produit\/tuyau-dair-3-m-b100539\/","name":"Tuyau d\u2019air (+- 3 m) B100539 - Flux - Bomedia","isPartOf":{"@id":"https:\/\/fluxlasers.eu\/fr\/#website"},"primaryImageOfPage":{"@id":"https:\/\/fluxlasers.eu\/fr\/produit\/tuyau-dair-3-m-b100539\/#primaryimage"},"image":{"@id":"https:\/\/fluxlasers.eu\/fr\/produit\/tuyau-dair-3-m-b100539\/#primaryimage"},"thumbnailUrl":"https:\/\/fluxlasers.eu\/wp-content\/uploads\/2022\/04\/air-hose-b100539.jpeg","datePublished":"2022-04-27T08:04:23+00:00","breadcrumb":{"@id":"https:\/\/fluxlasers.eu\/fr\/produit\/tuyau-dair-3-m-b100539\/#breadcrumb"},"inLanguage":"fr-FR","potentialAction":[{"@type":"ReadAction","target":["https:\/\/fluxlasers.eu\/fr\/produit\/tuyau-dair-3-m-b100539\/"]}]},{"@type":"ImageObject","inLanguage":"fr-FR","@id":"https:\/\/fluxlasers.eu\/fr\/produit\/tuyau-dair-3-m-b100539\/#primaryimage","url":"https:\/\/fluxlasers.eu\/wp-content\/uploads\/2022\/04\/air-hose-b100539.jpeg","contentUrl":"https:\/\/fluxlasers.eu\/wp-content\/uploads\/2022\/04\/air-hose-b100539.jpeg","width":800,"height":600},{"@type":"BreadcrumbList","@id":"https:\/\/fluxlasers.eu\/fr\/produit\/tuyau-dair-3-m-b100539\/#breadcrumb","itemListElement":[{"@type":"ListItem","position":1,"name":"Portada","item":"https:\/\/fluxlasers.eu\/fr\/accueil\/"},{"@type":"ListItem","position":2,"name":"Boutique","item":"https:\/\/fluxlasers.eu\/fr\/boutique\/"},{"@type":"ListItem","position":3,"name":"Tuyau d\u2019air (+- 3 m) B100539"}]},{"@type":"WebSite","@id":"https:\/\/fluxlasers.eu\/fr\/#website","url":"https:\/\/fluxlasers.eu\/fr\/","name":"Flux - Bomedia","description":"D\u00e9coupeuses et graveuses laser","publisher":{"@id":"https:\/\/fluxlasers.eu\/fr\/#organization"},"potentialAction":[{"@type":"SearchAction","target":{"@type":"EntryPoint","urlTemplate":"https:\/\/fluxlasers.eu\/fr\/?s={search_term_string}"},"query-input":{"@type":"PropertyValueSpecification","valueRequired":true,"valueName":"search_term_string"}}],"inLanguage":"fr-FR"},{"@type":"Organization","@id":"https:\/\/fluxlasers.eu\/fr\/#organization","name":"Fluxlasers Espa\u00f1a","url":"https:\/\/fluxlasers.eu\/fr\/","logo":{"@type":"ImageObject","inLanguage":"fr-FR","@id":"https:\/\/fluxlasers.eu\/fr\/#\/schema\/logo\/image\/","url":"https:\/\/fluxlasers.eu\/wp-content\/uploads\/2021\/03\/logofluxspainc.png","contentUrl":"https:\/\/fluxlasers.eu\/wp-content\/uploads\/2021\/03\/logofluxspainc.png","width":350,"height":217,"caption":"Fluxlasers Espa\u00f1a"},"image":{"@id":"https:\/\/fluxlasers.eu\/fr\/#\/schema\/logo\/image\/"}}]}},"_links":{"self":[{"href":"https:\/\/fluxlasers.eu\/fr\/wp-json\/wp\/v2\/product\/9553","targetHints":{"allow":["GET"]}}],"collection":[{"href":"https:\/\/fluxlasers.eu\/fr\/wp-json\/wp\/v2\/product"}],"about":[{"href":"https:\/\/fluxlasers.eu\/fr\/wp-json\/wp\/v2\/types\/product"}],"replies":[{"embeddable":true,"href":"https:\/\/fluxlasers.eu\/fr\/wp-json\/wp\/v2\/comments?post=9553"}],"wp:featuredmedia":[{"embeddable":true,"href":"https:\/\/fluxlasers.eu\/fr\/wp-json\/wp\/v2\/media\/2154"}],"wp:attachment":[{"href":"https:\/\/fluxlasers.eu\/fr\/wp-json\/wp\/v2\/media?parent=9553"}],"wp:term":[{"taxonomy":"product_brand","embeddable":true,"href":"https:\/\/fluxlasers.eu\/fr\/wp-json\/wp\/v2\/product_brand?post=9553"},{"taxonomy":"product_cat","embeddable":true,"href":"https:\/\/fluxlasers.eu\/fr\/wp-json\/wp\/v2\/product_cat?post=9553"},{"taxonomy":"product_tag","embeddable":true,"href":"https:\/\/fluxlasers.eu\/fr\/wp-json\/wp\/v2\/product_tag?post=9553"}],"curies":[{"name":"wp","href":"https:\/\/api.w.org\/{rel}","templated":true}]}}