{"id":9170,"date":"2021-07-21T10:21:46","date_gmt":"2021-07-21T10:21:46","guid":{"rendered":"https:\/\/fluxlasers.eu\/producto\/experience-pack-3-mm\/"},"modified":"2021-07-21T10:21:46","modified_gmt":"2021-07-21T09:21:46","slug":"experience-pack-3-mm","status":"publish","type":"product","link":"https:\/\/fluxlasers.eu\/fr\/produit\/experience-pack-3-mm\/","title":{"rendered":"Experience Pack 3 mm"},"content":{"rendered":"<p>Un pack sp\u00e9cialement compos\u00e9 de 37 types de mat\u00e9riaux diff\u00e9rents. Une gamme allant de divers acryliques au caoutchouc et au bois. <\/p>\n<p>Les mat\u00e9riaux ont une taille de 210 x 300 mm et une \u00e9paisseur de 3 mm (\u00e0 l&rsquo;exception du tampon en caoutchouc, qui fait 2,3 mm).<\/p>\n<p>Avec ce pack, vous pouvez exp\u00e9rimenter et donner vie \u00e0 n&rsquo;importe quel design.<\/p>\n<p><strong>Qu&rsquo;y a-t-il \u00e0 l&rsquo;int\u00e9rieur ?<\/strong><\/p>\n<p>Les mat\u00e9riaux sont emball\u00e9s dans cet ordre :<\/p>\n<p><strong>Acrylique :<\/strong><\/p>\n<ul>\n<li>Rouge<\/li>\n<li>Orange<\/li>\n<li>Jaune<\/li>\n<li>Vert<\/li>\n<li>Bleu<\/li>\n<li>Noir<\/li>\n<li>Gris<\/li>\n<li>Blanc<\/li>\n<li>Verre d\u00e9poli<\/li>\n<li>Transparent<\/li>\n<li>Rouge clair<\/li>\n<li>Jaune clair<\/li>\n<li>Vert clair<\/li>\n<li>Miroir dor\u00e9<\/li>\n<li>Miroir argent\u00e9<\/li>\n<li>Dor\u00e9 m\u00e9tallis\u00e9<\/li>\n<li>Argent m\u00e9tallis\u00e9<\/li>\n<li>Lilas m\u00e9tallis\u00e9<\/li>\n<li>Vert m\u00e9tallis\u00e9<\/li>\n<li>Glace m\u00e9tallis\u00e9<\/li>\n<li>Perle blanche<\/li>\n<li>Perle rose<\/li>\n<li>Ivoire perl\u00e9<\/li>\n<li>Pierre blanche<\/li>\n<li>Pierre grise<\/li>\n<li>Pierre noire<\/li>\n<li>Bleu galaxie<\/li>\n<\/ul>\n<p><strong>Caoutchouc :<\/strong><\/p>\n<ul>\n<li>Tampon en caoutchouc<\/li>\n<\/ul>\n<p><strong>Bois :<\/strong><\/p>\n<ul>\n<li>\u00c9rable<\/li>\n<li>Bambou<\/li>\n<li>Afromosia<\/li>\n<li>Sapele<\/li>\n<li>Padouk<\/li>\n<li>Ch\u00eane am\u00e9ricain<\/li>\n<li>Ch\u00eane brun<\/li>\n<li>Ch\u00eane fum\u00e9<\/li>\n<li>MDF<\/li>\n<\/ul>\n","protected":false},"excerpt":{"rendered":"<p>Un pack sp\u00e9cialement compos\u00e9 de 37 types de mat\u00e9riaux diff\u00e9rents. Une gamme allant de divers acryliques au caoutchouc et au bois. <\/p>\n","protected":false},"featured_media":1657,"comment_status":"open","ping_status":"closed","template":"","meta":[],"product_brand":[],"product_cat":[319],"product_tag":[],"class_list":{"0":"post-9170","1":"product","2":"type-product","3":"status-publish","4":"has-post-thumbnail","6":"product_cat-consommables","8":"first","9":"instock","10":"featured","11":"taxable","12":"shipping-taxable","13":"purchasable","14":"product-type-simple"},"yoast_head":"<!-- This site is optimized with the Yoast SEO plugin v27.0 - https:\/\/yoast.com\/product\/yoast-seo-wordpress\/ -->\n<title>Experience Pack - Mat\u00e9riaux pour d\u00e9coupe et gravure laser CO2<\/title>\n<meta name=\"description\" content=\"Experience Pack - Mat\u00e9riaux pour d\u00e9coupe et gravure laser CO2. Tout ce dont vous avez besoin pour commencer \u00e0 profiter de votre d\u00e9coupeuse laser FLUX\" \/>\n<meta name=\"robots\" content=\"index, follow, max-snippet:-1, max-image-preview:large, max-video-preview:-1\" \/>\n<link rel=\"canonical\" href=\"https:\/\/fluxlasers.eu\/fr\/produit\/experience-pack-3-mm\/\" \/>\n<meta property=\"og:locale\" content=\"fr_FR\" \/>\n<meta property=\"og:type\" content=\"article\" \/>\n<meta property=\"og:title\" content=\"Experience Pack - Mat\u00e9riaux pour d\u00e9coupe et gravure laser CO2\" \/>\n<meta property=\"og:description\" content=\"Experience Pack - Mat\u00e9riaux pour d\u00e9coupe et gravure laser CO2. Tout ce dont vous avez besoin pour commencer \u00e0 profiter de votre d\u00e9coupeuse laser FLUX\" \/>\n<meta property=\"og:url\" content=\"https:\/\/fluxlasers.eu\/fr\/produit\/experience-pack-3-mm\/\" \/>\n<meta property=\"og:site_name\" content=\"Flux - Bomedia\" \/>\n<meta property=\"og:image\" content=\"https:\/\/fluxlasers.eu\/wp-content\/uploads\/2021\/07\/Experience-Pack-01-.jpg\" \/>\n\t<meta property=\"og:image:width\" content=\"1800\" \/>\n\t<meta property=\"og:image:height\" content=\"1783\" \/>\n\t<meta property=\"og:image:type\" content=\"image\/jpeg\" \/>\n<meta name=\"twitter:card\" content=\"summary_large_image\" \/>\n<meta name=\"twitter:label1\" content=\"Dur\u00e9e de lecture estim\u00e9e\" \/>\n\t<meta name=\"twitter:data1\" content=\"1 minute\" \/>\n<script type=\"application\/ld+json\" class=\"yoast-schema-graph\">{\"@context\":\"https:\/\/schema.org\",\"@graph\":[{\"@type\":\"WebPage\",\"@id\":\"https:\/\/fluxlasers.eu\/fr\/produit\/experience-pack-3-mm\/\",\"url\":\"https:\/\/fluxlasers.eu\/fr\/produit\/experience-pack-3-mm\/\",\"name\":\"Experience Pack - Mat\u00e9riaux pour d\u00e9coupe et gravure laser CO2\",\"isPartOf\":{\"@id\":\"https:\/\/fluxlasers.eu\/fr\/#website\"},\"primaryImageOfPage\":{\"@id\":\"https:\/\/fluxlasers.eu\/fr\/produit\/experience-pack-3-mm\/#primaryimage\"},\"image\":{\"@id\":\"https:\/\/fluxlasers.eu\/fr\/produit\/experience-pack-3-mm\/#primaryimage\"},\"thumbnailUrl\":\"https:\/\/fluxlasers.eu\/wp-content\/uploads\/2021\/07\/Experience-Pack-01-.jpg\",\"datePublished\":\"2021-07-21T10:21:46+00:00\",\"description\":\"Experience Pack - Mat\u00e9riaux pour d\u00e9coupe et gravure laser CO2. Tout ce dont vous avez besoin pour commencer \u00e0 profiter de votre d\u00e9coupeuse laser FLUX\",\"breadcrumb\":{\"@id\":\"https:\/\/fluxlasers.eu\/fr\/produit\/experience-pack-3-mm\/#breadcrumb\"},\"inLanguage\":\"fr-FR\",\"potentialAction\":[{\"@type\":\"ReadAction\",\"target\":[\"https:\/\/fluxlasers.eu\/fr\/produit\/experience-pack-3-mm\/\"]}]},{\"@type\":\"ImageObject\",\"inLanguage\":\"fr-FR\",\"@id\":\"https:\/\/fluxlasers.eu\/fr\/produit\/experience-pack-3-mm\/#primaryimage\",\"url\":\"https:\/\/fluxlasers.eu\/wp-content\/uploads\/2021\/07\/Experience-Pack-01-.jpg\",\"contentUrl\":\"https:\/\/fluxlasers.eu\/wp-content\/uploads\/2021\/07\/Experience-Pack-01-.jpg\",\"width\":1800,\"height\":1783,\"caption\":\"Materiales corte y grabado l\u00e1ser\"},{\"@type\":\"BreadcrumbList\",\"@id\":\"https:\/\/fluxlasers.eu\/fr\/produit\/experience-pack-3-mm\/#breadcrumb\",\"itemListElement\":[{\"@type\":\"ListItem\",\"position\":1,\"name\":\"Portada\",\"item\":\"https:\/\/fluxlasers.eu\/fr\/accueil\/\"},{\"@type\":\"ListItem\",\"position\":2,\"name\":\"Boutique\",\"item\":\"https:\/\/fluxlasers.eu\/fr\/boutique\/\"},{\"@type\":\"ListItem\",\"position\":3,\"name\":\"Experience Pack 3 mm\"}]},{\"@type\":\"WebSite\",\"@id\":\"https:\/\/fluxlasers.eu\/fr\/#website\",\"url\":\"https:\/\/fluxlasers.eu\/fr\/\",\"name\":\"Flux - Bomedia\",\"description\":\"D\u00e9coupeuses et graveuses laser\",\"publisher\":{\"@id\":\"https:\/\/fluxlasers.eu\/fr\/#organization\"},\"potentialAction\":[{\"@type\":\"SearchAction\",\"target\":{\"@type\":\"EntryPoint\",\"urlTemplate\":\"https:\/\/fluxlasers.eu\/fr\/?s={search_term_string}\"},\"query-input\":{\"@type\":\"PropertyValueSpecification\",\"valueRequired\":true,\"valueName\":\"search_term_string\"}}],\"inLanguage\":\"fr-FR\"},{\"@type\":\"Organization\",\"@id\":\"https:\/\/fluxlasers.eu\/fr\/#organization\",\"name\":\"Fluxlasers Espa\u00f1a\",\"url\":\"https:\/\/fluxlasers.eu\/fr\/\",\"logo\":{\"@type\":\"ImageObject\",\"inLanguage\":\"fr-FR\",\"@id\":\"https:\/\/fluxlasers.eu\/fr\/#\/schema\/logo\/image\/\",\"url\":\"https:\/\/fluxlasers.eu\/wp-content\/uploads\/2021\/03\/logofluxspainc.png\",\"contentUrl\":\"https:\/\/fluxlasers.eu\/wp-content\/uploads\/2021\/03\/logofluxspainc.png\",\"width\":350,\"height\":217,\"caption\":\"Fluxlasers Espa\u00f1a\"},\"image\":{\"@id\":\"https:\/\/fluxlasers.eu\/fr\/#\/schema\/logo\/image\/\"}}]}<\/script>\n<!-- \/ Yoast SEO plugin. -->","yoast_head_json":{"title":"Experience Pack - Mat\u00e9riaux pour d\u00e9coupe et gravure laser CO2","description":"Experience Pack - Mat\u00e9riaux pour d\u00e9coupe et gravure laser CO2. Tout ce dont vous avez besoin pour commencer \u00e0 profiter de votre d\u00e9coupeuse laser FLUX","robots":{"index":"index","follow":"follow","max-snippet":"max-snippet:-1","max-image-preview":"max-image-preview:large","max-video-preview":"max-video-preview:-1"},"canonical":"https:\/\/fluxlasers.eu\/fr\/produit\/experience-pack-3-mm\/","og_locale":"fr_FR","og_type":"article","og_title":"Experience Pack - Mat\u00e9riaux pour d\u00e9coupe et gravure laser CO2","og_description":"Experience Pack - Mat\u00e9riaux pour d\u00e9coupe et gravure laser CO2. Tout ce dont vous avez besoin pour commencer \u00e0 profiter de votre d\u00e9coupeuse laser FLUX","og_url":"https:\/\/fluxlasers.eu\/fr\/produit\/experience-pack-3-mm\/","og_site_name":"Flux - Bomedia","og_image":[{"width":1800,"height":1783,"url":"https:\/\/fluxlasers.eu\/wp-content\/uploads\/2021\/07\/Experience-Pack-01-.jpg","type":"image\/jpeg"}],"twitter_card":"summary_large_image","twitter_misc":{"Dur\u00e9e de lecture estim\u00e9e":"1 minute"},"schema":{"@context":"https:\/\/schema.org","@graph":[{"@type":"WebPage","@id":"https:\/\/fluxlasers.eu\/fr\/produit\/experience-pack-3-mm\/","url":"https:\/\/fluxlasers.eu\/fr\/produit\/experience-pack-3-mm\/","name":"Experience Pack - Mat\u00e9riaux pour d\u00e9coupe et gravure laser CO2","isPartOf":{"@id":"https:\/\/fluxlasers.eu\/fr\/#website"},"primaryImageOfPage":{"@id":"https:\/\/fluxlasers.eu\/fr\/produit\/experience-pack-3-mm\/#primaryimage"},"image":{"@id":"https:\/\/fluxlasers.eu\/fr\/produit\/experience-pack-3-mm\/#primaryimage"},"thumbnailUrl":"https:\/\/fluxlasers.eu\/wp-content\/uploads\/2021\/07\/Experience-Pack-01-.jpg","datePublished":"2021-07-21T10:21:46+00:00","description":"Experience Pack - Mat\u00e9riaux pour d\u00e9coupe et gravure laser CO2. Tout ce dont vous avez besoin pour commencer \u00e0 profiter de votre d\u00e9coupeuse laser FLUX","breadcrumb":{"@id":"https:\/\/fluxlasers.eu\/fr\/produit\/experience-pack-3-mm\/#breadcrumb"},"inLanguage":"fr-FR","potentialAction":[{"@type":"ReadAction","target":["https:\/\/fluxlasers.eu\/fr\/produit\/experience-pack-3-mm\/"]}]},{"@type":"ImageObject","inLanguage":"fr-FR","@id":"https:\/\/fluxlasers.eu\/fr\/produit\/experience-pack-3-mm\/#primaryimage","url":"https:\/\/fluxlasers.eu\/wp-content\/uploads\/2021\/07\/Experience-Pack-01-.jpg","contentUrl":"https:\/\/fluxlasers.eu\/wp-content\/uploads\/2021\/07\/Experience-Pack-01-.jpg","width":1800,"height":1783,"caption":"Materiales corte y grabado l\u00e1ser"},{"@type":"BreadcrumbList","@id":"https:\/\/fluxlasers.eu\/fr\/produit\/experience-pack-3-mm\/#breadcrumb","itemListElement":[{"@type":"ListItem","position":1,"name":"Portada","item":"https:\/\/fluxlasers.eu\/fr\/accueil\/"},{"@type":"ListItem","position":2,"name":"Boutique","item":"https:\/\/fluxlasers.eu\/fr\/boutique\/"},{"@type":"ListItem","position":3,"name":"Experience Pack 3 mm"}]},{"@type":"WebSite","@id":"https:\/\/fluxlasers.eu\/fr\/#website","url":"https:\/\/fluxlasers.eu\/fr\/","name":"Flux - Bomedia","description":"D\u00e9coupeuses et graveuses laser","publisher":{"@id":"https:\/\/fluxlasers.eu\/fr\/#organization"},"potentialAction":[{"@type":"SearchAction","target":{"@type":"EntryPoint","urlTemplate":"https:\/\/fluxlasers.eu\/fr\/?s={search_term_string}"},"query-input":{"@type":"PropertyValueSpecification","valueRequired":true,"valueName":"search_term_string"}}],"inLanguage":"fr-FR"},{"@type":"Organization","@id":"https:\/\/fluxlasers.eu\/fr\/#organization","name":"Fluxlasers Espa\u00f1a","url":"https:\/\/fluxlasers.eu\/fr\/","logo":{"@type":"ImageObject","inLanguage":"fr-FR","@id":"https:\/\/fluxlasers.eu\/fr\/#\/schema\/logo\/image\/","url":"https:\/\/fluxlasers.eu\/wp-content\/uploads\/2021\/03\/logofluxspainc.png","contentUrl":"https:\/\/fluxlasers.eu\/wp-content\/uploads\/2021\/03\/logofluxspainc.png","width":350,"height":217,"caption":"Fluxlasers Espa\u00f1a"},"image":{"@id":"https:\/\/fluxlasers.eu\/fr\/#\/schema\/logo\/image\/"}}]}},"_links":{"self":[{"href":"https:\/\/fluxlasers.eu\/fr\/wp-json\/wp\/v2\/product\/9170","targetHints":{"allow":["GET"]}}],"collection":[{"href":"https:\/\/fluxlasers.eu\/fr\/wp-json\/wp\/v2\/product"}],"about":[{"href":"https:\/\/fluxlasers.eu\/fr\/wp-json\/wp\/v2\/types\/product"}],"replies":[{"embeddable":true,"href":"https:\/\/fluxlasers.eu\/fr\/wp-json\/wp\/v2\/comments?post=9170"}],"wp:featuredmedia":[{"embeddable":true,"href":"https:\/\/fluxlasers.eu\/fr\/wp-json\/wp\/v2\/media\/1657"}],"wp:attachment":[{"href":"https:\/\/fluxlasers.eu\/fr\/wp-json\/wp\/v2\/media?parent=9170"}],"wp:term":[{"taxonomy":"product_brand","embeddable":true,"href":"https:\/\/fluxlasers.eu\/fr\/wp-json\/wp\/v2\/product_brand?post=9170"},{"taxonomy":"product_cat","embeddable":true,"href":"https:\/\/fluxlasers.eu\/fr\/wp-json\/wp\/v2\/product_cat?post=9170"},{"taxonomy":"product_tag","embeddable":true,"href":"https:\/\/fluxlasers.eu\/fr\/wp-json\/wp\/v2\/product_tag?post=9170"}],"curies":[{"name":"wp","href":"https:\/\/api.w.org\/{rel}","templated":true}]}}