{"id":9158,"date":"2021-01-19T09:10:02","date_gmt":"2021-01-19T09:10:02","guid":{"rendered":"https:\/\/fluxlasers.eu\/producto\/filtre-a-charbon-de-rechange-pour-beam-air\/"},"modified":"2021-01-19T09:10:02","modified_gmt":"2021-01-19T08:10:02","slug":"filtre-a-charbon-de-rechange-pour-beam-air","status":"publish","type":"product","link":"https:\/\/fluxlasers.eu\/fr\/produit\/filtre-a-charbon-de-rechange-pour-beam-air\/","title":{"rendered":"Filtre \u00e0 charbon de rechange pour Beam Air"},"content":{"rendered":"<p><strong>Filtre \u00e0 charbon de rechange<\/strong><\/p>\n<p>Voici le filtre \u00e0 charbon de rechange pour votre Beam Air.<\/p>\n<p>Ils doivent \u00eatre remplac\u00e9s toutes les 100 \u00e0 200 heures.<\/p>\n<p>N\u2019oubliez pas de remplacer les autres filtres \u00e0 temps :<\/p>\n<ul>\n<li><a href=\"https:\/\/fluxlasers.eu\/fr\/producto\/prefiltre-beam-air-de-rechange-4-pcs\/\">Pr\u00e9filtre<\/a> (10 \u00e0 30 heures)<\/li>\n<li><a href=\"https:\/\/fluxlasers.eu\/fr\/producto\/filtre-a-efficacite-moyenne-pour-beam-air\/\">Filtre \u00e0 efficacit\u00e9 moyenne<\/a> (50 \u00e0 150 heures)<\/li>\n<li><a href=\"https:\/\/fluxlasers.eu\/fr\/producto\/filtre-hepa-h13-de-remplacement-pour-beam-air\/\">Filtre HEPA H13<\/a> (100 \u00e0 200 heures)<\/li>\n<li><a href=\"https:\/\/fluxlasers.eu\/fr\/producto\/filtre-a-charbon-de-rechange-pour-beam-air\/\">Filtre \u00e0 charbon<\/a> (300 \u00e0 600 heures)<\/li>\n<\/ul>\n<p><strong>Retirez les filtres :<\/strong><\/p>\n<p>Ouvrez simplement le couvercle sup\u00e9rieur du filtre et retirez le bo\u00eetier de l\u2019int\u00e9rieur. Ensuite, sortez le pr\u00e9filtre et tirez sur les languettes de chaque c\u00f4t\u00e9 du filtre \u00e0 efficacit\u00e9 moyenne, mettez-le de c\u00f4t\u00e9 et r\u00e9p\u00e9tez les m\u00eames \u00e9tapes avec le filtre \u00e0 charbon. Le bo\u00eetier restant est le filtre HEPA H13.  <\/p>\n<p>Remplacez ce qui est n\u00e9cessaire.<\/p>\n<p><strong>R\u00e9assemblez :<\/strong><\/p>\n<p>R\u00e9ins\u00e9rez les filtres dans cet ordre : de gauche \u00e0 droite<\/p>\n<p><img decoding=\"async\" class=\"size-large wp-image-1431 alignnone\" src=\"https:\/\/fluxlasers.eu\/wp-content\/uploads\/2021\/01\/beam-air-with-filters-complete-left-to-right-1024x640.png\" alt=\"\" width=\"750\" height=\"469\" srcset=\"https:\/\/fluxlasers.eu\/wp-content\/uploads\/2021\/01\/beam-air-with-filters-complete-left-to-right-1024x640.png 1024w, https:\/\/fluxlasers.eu\/wp-content\/uploads\/2021\/01\/beam-air-with-filters-complete-left-to-right-300x187.png 300w, https:\/\/fluxlasers.eu\/wp-content\/uploads\/2021\/01\/beam-air-with-filters-complete-left-to-right-768x480.png 768w, https:\/\/fluxlasers.eu\/wp-content\/uploads\/2021\/01\/beam-air-with-filters-complete-left-to-right-1536x959.png 1536w, https:\/\/fluxlasers.eu\/wp-content\/uploads\/2021\/01\/beam-air-with-filters-complete-left-to-right-600x375.png 600w, https:\/\/fluxlasers.eu\/wp-content\/uploads\/2021\/01\/beam-air-with-filters-complete-left-to-right.png 1200w\" sizes=\"(max-width: 750px) 100vw, 750px\" \/><\/p>\n<ol>\n<li>Fond<\/li>\n<li>Filtre HEPA H13<\/li>\n<li>Filtre \u00e0 charbon<\/li>\n<li>Filtre \u00e0 efficacit\u00e9 moyenne<\/li>\n<li>Pr\u00e9filtre<\/li>\n<li>Couvercle<\/li>\n<\/ol>\n<p>Fermez le couvercle et vous \u00eates pr\u00eat \u00e0 cr\u00e9er des cr\u00e9ations encore plus incroyables !<\/p>\n","protected":false},"excerpt":{"rendered":"<p>Voici le filtre \u00e0 efficacit\u00e9 moyenne de rechange pour votre Beam Air.<\/p>\n","protected":false},"featured_media":4072,"comment_status":"open","ping_status":"closed","template":"","meta":[],"product_brand":[],"product_cat":[287,323],"product_tag":[],"class_list":{"0":"post-9158","1":"product","2":"type-product","3":"status-publish","4":"has-post-thumbnail","6":"product_cat-pieces-de-rechange","7":"product_cat-pieces-de-rechange-et-accessoires","9":"first","10":"instock","11":"taxable","12":"shipping-taxable","13":"purchasable","14":"product-type-simple"},"yoast_head":"<!-- This site is optimized with the Yoast SEO plugin v27.0 - https:\/\/yoast.com\/product\/yoast-seo-wordpress\/ -->\n<title>Filtre \u00e0 charbon de rechange pour Beam Air - Flux - Bomedia<\/title>\n<meta name=\"robots\" content=\"index, follow, max-snippet:-1, max-image-preview:large, max-video-preview:-1\" \/>\n<link rel=\"canonical\" href=\"https:\/\/fluxlasers.eu\/fr\/produit\/filtre-a-charbon-de-rechange-pour-beam-air\/\" \/>\n<meta property=\"og:locale\" content=\"fr_FR\" \/>\n<meta property=\"og:type\" content=\"article\" \/>\n<meta property=\"og:title\" content=\"Filtre \u00e0 charbon de rechange pour Beam Air - Flux - Bomedia\" \/>\n<meta property=\"og:description\" content=\"Voici le filtre \u00e0 efficacit\u00e9 moyenne de rechange pour votre Beam Air.\" \/>\n<meta property=\"og:url\" content=\"https:\/\/fluxlasers.eu\/fr\/produit\/filtre-a-charbon-de-rechange-pour-beam-air\/\" \/>\n<meta property=\"og:site_name\" content=\"Flux - Bomedia\" \/>\n<meta property=\"og:image\" content=\"https:\/\/fluxlasers.eu\/wp-content\/uploads\/2021\/01\/FILTRO-CARBON.jpeg\" \/>\n\t<meta property=\"og:image:width\" content=\"1920\" \/>\n\t<meta property=\"og:image:height\" content=\"902\" \/>\n\t<meta property=\"og:image:type\" content=\"image\/jpeg\" \/>\n<meta name=\"twitter:card\" content=\"summary_large_image\" \/>\n<meta name=\"twitter:label1\" content=\"Dur\u00e9e de lecture estim\u00e9e\" \/>\n\t<meta name=\"twitter:data1\" content=\"1 minute\" \/>\n<script type=\"application\/ld+json\" class=\"yoast-schema-graph\">{\"@context\":\"https:\/\/schema.org\",\"@graph\":[{\"@type\":\"WebPage\",\"@id\":\"https:\/\/fluxlasers.eu\/fr\/produit\/filtre-a-charbon-de-rechange-pour-beam-air\/\",\"url\":\"https:\/\/fluxlasers.eu\/fr\/produit\/filtre-a-charbon-de-rechange-pour-beam-air\/\",\"name\":\"Filtre \u00e0 charbon de rechange pour Beam Air - Flux - Bomedia\",\"isPartOf\":{\"@id\":\"https:\/\/fluxlasers.eu\/fr\/#website\"},\"primaryImageOfPage\":{\"@id\":\"https:\/\/fluxlasers.eu\/fr\/produit\/filtre-a-charbon-de-rechange-pour-beam-air\/#primaryimage\"},\"image\":{\"@id\":\"https:\/\/fluxlasers.eu\/fr\/produit\/filtre-a-charbon-de-rechange-pour-beam-air\/#primaryimage\"},\"thumbnailUrl\":\"https:\/\/fluxlasers.eu\/wp-content\/uploads\/2021\/01\/FILTRO-CARBON.jpeg\",\"datePublished\":\"2021-01-19T09:10:02+00:00\",\"breadcrumb\":{\"@id\":\"https:\/\/fluxlasers.eu\/fr\/produit\/filtre-a-charbon-de-rechange-pour-beam-air\/#breadcrumb\"},\"inLanguage\":\"fr-FR\",\"potentialAction\":[{\"@type\":\"ReadAction\",\"target\":[\"https:\/\/fluxlasers.eu\/fr\/produit\/filtre-a-charbon-de-rechange-pour-beam-air\/\"]}]},{\"@type\":\"ImageObject\",\"inLanguage\":\"fr-FR\",\"@id\":\"https:\/\/fluxlasers.eu\/fr\/produit\/filtre-a-charbon-de-rechange-pour-beam-air\/#primaryimage\",\"url\":\"https:\/\/fluxlasers.eu\/wp-content\/uploads\/2021\/01\/FILTRO-CARBON.jpeg\",\"contentUrl\":\"https:\/\/fluxlasers.eu\/wp-content\/uploads\/2021\/01\/FILTRO-CARBON.jpeg\",\"width\":1920,\"height\":902},{\"@type\":\"BreadcrumbList\",\"@id\":\"https:\/\/fluxlasers.eu\/fr\/produit\/filtre-a-charbon-de-rechange-pour-beam-air\/#breadcrumb\",\"itemListElement\":[{\"@type\":\"ListItem\",\"position\":1,\"name\":\"Portada\",\"item\":\"https:\/\/fluxlasers.eu\/fr\/accueil\/\"},{\"@type\":\"ListItem\",\"position\":2,\"name\":\"Boutique\",\"item\":\"https:\/\/fluxlasers.eu\/fr\/boutique\/\"},{\"@type\":\"ListItem\",\"position\":3,\"name\":\"Filtre \u00e0 charbon de rechange pour Beam Air\"}]},{\"@type\":\"WebSite\",\"@id\":\"https:\/\/fluxlasers.eu\/fr\/#website\",\"url\":\"https:\/\/fluxlasers.eu\/fr\/\",\"name\":\"Flux - Bomedia\",\"description\":\"D\u00e9coupeuses et graveuses laser\",\"publisher\":{\"@id\":\"https:\/\/fluxlasers.eu\/fr\/#organization\"},\"potentialAction\":[{\"@type\":\"SearchAction\",\"target\":{\"@type\":\"EntryPoint\",\"urlTemplate\":\"https:\/\/fluxlasers.eu\/fr\/?s={search_term_string}\"},\"query-input\":{\"@type\":\"PropertyValueSpecification\",\"valueRequired\":true,\"valueName\":\"search_term_string\"}}],\"inLanguage\":\"fr-FR\"},{\"@type\":\"Organization\",\"@id\":\"https:\/\/fluxlasers.eu\/fr\/#organization\",\"name\":\"Fluxlasers Espa\u00f1a\",\"url\":\"https:\/\/fluxlasers.eu\/fr\/\",\"logo\":{\"@type\":\"ImageObject\",\"inLanguage\":\"fr-FR\",\"@id\":\"https:\/\/fluxlasers.eu\/fr\/#\/schema\/logo\/image\/\",\"url\":\"https:\/\/fluxlasers.eu\/wp-content\/uploads\/2021\/03\/logofluxspainc.png\",\"contentUrl\":\"https:\/\/fluxlasers.eu\/wp-content\/uploads\/2021\/03\/logofluxspainc.png\",\"width\":350,\"height\":217,\"caption\":\"Fluxlasers Espa\u00f1a\"},\"image\":{\"@id\":\"https:\/\/fluxlasers.eu\/fr\/#\/schema\/logo\/image\/\"}}]}<\/script>\n<!-- \/ Yoast SEO plugin. -->","yoast_head_json":{"title":"Filtre \u00e0 charbon de rechange pour Beam Air - Flux - Bomedia","robots":{"index":"index","follow":"follow","max-snippet":"max-snippet:-1","max-image-preview":"max-image-preview:large","max-video-preview":"max-video-preview:-1"},"canonical":"https:\/\/fluxlasers.eu\/fr\/produit\/filtre-a-charbon-de-rechange-pour-beam-air\/","og_locale":"fr_FR","og_type":"article","og_title":"Filtre \u00e0 charbon de rechange pour Beam Air - Flux - Bomedia","og_description":"Voici le filtre \u00e0 efficacit\u00e9 moyenne de rechange pour votre Beam Air.","og_url":"https:\/\/fluxlasers.eu\/fr\/produit\/filtre-a-charbon-de-rechange-pour-beam-air\/","og_site_name":"Flux - Bomedia","og_image":[{"width":1920,"height":902,"url":"https:\/\/fluxlasers.eu\/wp-content\/uploads\/2021\/01\/FILTRO-CARBON.jpeg","type":"image\/jpeg"}],"twitter_card":"summary_large_image","twitter_misc":{"Dur\u00e9e de lecture estim\u00e9e":"1 minute"},"schema":{"@context":"https:\/\/schema.org","@graph":[{"@type":"WebPage","@id":"https:\/\/fluxlasers.eu\/fr\/produit\/filtre-a-charbon-de-rechange-pour-beam-air\/","url":"https:\/\/fluxlasers.eu\/fr\/produit\/filtre-a-charbon-de-rechange-pour-beam-air\/","name":"Filtre \u00e0 charbon de rechange pour Beam Air - Flux - Bomedia","isPartOf":{"@id":"https:\/\/fluxlasers.eu\/fr\/#website"},"primaryImageOfPage":{"@id":"https:\/\/fluxlasers.eu\/fr\/produit\/filtre-a-charbon-de-rechange-pour-beam-air\/#primaryimage"},"image":{"@id":"https:\/\/fluxlasers.eu\/fr\/produit\/filtre-a-charbon-de-rechange-pour-beam-air\/#primaryimage"},"thumbnailUrl":"https:\/\/fluxlasers.eu\/wp-content\/uploads\/2021\/01\/FILTRO-CARBON.jpeg","datePublished":"2021-01-19T09:10:02+00:00","breadcrumb":{"@id":"https:\/\/fluxlasers.eu\/fr\/produit\/filtre-a-charbon-de-rechange-pour-beam-air\/#breadcrumb"},"inLanguage":"fr-FR","potentialAction":[{"@type":"ReadAction","target":["https:\/\/fluxlasers.eu\/fr\/produit\/filtre-a-charbon-de-rechange-pour-beam-air\/"]}]},{"@type":"ImageObject","inLanguage":"fr-FR","@id":"https:\/\/fluxlasers.eu\/fr\/produit\/filtre-a-charbon-de-rechange-pour-beam-air\/#primaryimage","url":"https:\/\/fluxlasers.eu\/wp-content\/uploads\/2021\/01\/FILTRO-CARBON.jpeg","contentUrl":"https:\/\/fluxlasers.eu\/wp-content\/uploads\/2021\/01\/FILTRO-CARBON.jpeg","width":1920,"height":902},{"@type":"BreadcrumbList","@id":"https:\/\/fluxlasers.eu\/fr\/produit\/filtre-a-charbon-de-rechange-pour-beam-air\/#breadcrumb","itemListElement":[{"@type":"ListItem","position":1,"name":"Portada","item":"https:\/\/fluxlasers.eu\/fr\/accueil\/"},{"@type":"ListItem","position":2,"name":"Boutique","item":"https:\/\/fluxlasers.eu\/fr\/boutique\/"},{"@type":"ListItem","position":3,"name":"Filtre \u00e0 charbon de rechange pour Beam Air"}]},{"@type":"WebSite","@id":"https:\/\/fluxlasers.eu\/fr\/#website","url":"https:\/\/fluxlasers.eu\/fr\/","name":"Flux - Bomedia","description":"D\u00e9coupeuses et graveuses laser","publisher":{"@id":"https:\/\/fluxlasers.eu\/fr\/#organization"},"potentialAction":[{"@type":"SearchAction","target":{"@type":"EntryPoint","urlTemplate":"https:\/\/fluxlasers.eu\/fr\/?s={search_term_string}"},"query-input":{"@type":"PropertyValueSpecification","valueRequired":true,"valueName":"search_term_string"}}],"inLanguage":"fr-FR"},{"@type":"Organization","@id":"https:\/\/fluxlasers.eu\/fr\/#organization","name":"Fluxlasers Espa\u00f1a","url":"https:\/\/fluxlasers.eu\/fr\/","logo":{"@type":"ImageObject","inLanguage":"fr-FR","@id":"https:\/\/fluxlasers.eu\/fr\/#\/schema\/logo\/image\/","url":"https:\/\/fluxlasers.eu\/wp-content\/uploads\/2021\/03\/logofluxspainc.png","contentUrl":"https:\/\/fluxlasers.eu\/wp-content\/uploads\/2021\/03\/logofluxspainc.png","width":350,"height":217,"caption":"Fluxlasers Espa\u00f1a"},"image":{"@id":"https:\/\/fluxlasers.eu\/fr\/#\/schema\/logo\/image\/"}}]}},"_links":{"self":[{"href":"https:\/\/fluxlasers.eu\/fr\/wp-json\/wp\/v2\/product\/9158","targetHints":{"allow":["GET"]}}],"collection":[{"href":"https:\/\/fluxlasers.eu\/fr\/wp-json\/wp\/v2\/product"}],"about":[{"href":"https:\/\/fluxlasers.eu\/fr\/wp-json\/wp\/v2\/types\/product"}],"replies":[{"embeddable":true,"href":"https:\/\/fluxlasers.eu\/fr\/wp-json\/wp\/v2\/comments?post=9158"}],"wp:featuredmedia":[{"embeddable":true,"href":"https:\/\/fluxlasers.eu\/fr\/wp-json\/wp\/v2\/media\/4072"}],"wp:attachment":[{"href":"https:\/\/fluxlasers.eu\/fr\/wp-json\/wp\/v2\/media?parent=9158"}],"wp:term":[{"taxonomy":"product_brand","embeddable":true,"href":"https:\/\/fluxlasers.eu\/fr\/wp-json\/wp\/v2\/product_brand?post=9158"},{"taxonomy":"product_cat","embeddable":true,"href":"https:\/\/fluxlasers.eu\/fr\/wp-json\/wp\/v2\/product_cat?post=9158"},{"taxonomy":"product_tag","embeddable":true,"href":"https:\/\/fluxlasers.eu\/fr\/wp-json\/wp\/v2\/product_tag?post=9158"}],"curies":[{"name":"wp","href":"https:\/\/api.w.org\/{rel}","templated":true}]}}