{"id":9138,"date":"2021-01-19T09:03:08","date_gmt":"2021-01-19T09:03:08","guid":{"rendered":"https:\/\/fluxlasers.eu\/producto\/prefiltre-beam-air-de-rechange-4-pcs\/"},"modified":"2021-01-19T09:03:08","modified_gmt":"2021-01-19T08:03:08","slug":"prefiltre-beam-air-de-rechange-4-pcs","status":"publish","type":"product","link":"https:\/\/fluxlasers.eu\/fr\/produit\/prefiltre-beam-air-de-rechange-4-pcs\/","title":{"rendered":"Pr\u00e9filtre Beam Air de rechange (4 pcs)"},"content":{"rendered":"<p><strong>Pr\u00e9filtre Beam Air de rechange<\/strong><\/p>\n<p>Voici les pr\u00e9filtres de rechange pour votre Beam Air.<\/p>\n<p>Ils sont conditionn\u00e9s par 4.<\/p>\n<p>Ils doivent \u00eatre remplac\u00e9s toutes les 10 \u00e0 30 heures.<\/p>\n<p><strong>N\u2019oubliez pas de remplacer les autres filtres \u00e0 temps :<\/strong><\/p>\n<ul>\n<li><a href=\"https:\/\/fluxlasers.eu\/fr\/producto\/prefiltre-beam-air-de-rechange-4-pcs\/\">Pr\u00e9filtre<\/a> (10-30 heures)<\/li>\n<li><a href=\"https:\/\/fluxlasers.eu\/fr\/producto\/filtre-a-efficacite-moyenne-pour-beam-air\/\">Filtre \u00e0 efficacit\u00e9 moyenne<\/a> (50-150 heures)<\/li>\n<li><a href=\"https:\/\/fluxlasers.eu\/fr\/producto\/filtre-hepa-h13-de-remplacement-pour-beam-air\/\">Filtre HEPA H13<\/a> (100-200 heures)<\/li>\n<li><a href=\"https:\/\/fluxlasers.eu\/fr\/producto\/filtre-a-charbon-de-rechange-pour-beam-air\/\">Filtre \u00e0 charbon<\/a> (300-600 heures)<\/li>\n<\/ul>\n<p><strong>Retirez les filtres :<\/strong><\/p>\n<p>Ouvrez simplement le couvercle sup\u00e9rieur du filtre et retirez le bo\u00eetier int\u00e9rieur. Ensuite, sortez le pr\u00e9filtre et tirez sur les capuchons de chaque c\u00f4t\u00e9 du filtre \u00e0 efficacit\u00e9 moyenne, mettez-le de c\u00f4t\u00e9 et r\u00e9p\u00e9tez les m\u00eames \u00e9tapes avec le filtre \u00e0 charbon. Le bo\u00eetier restant est le filtre HEPA H13.  <\/p>\n<p>Remplacez ce qui doit l\u2019\u00eatre.<\/p>\n<p><strong>Remontez :<\/strong><\/p>\n<p>R\u00e9ins\u00e9rez les filtres dans cet ordre : de gauche \u00e0 droite<\/p>\n<p><img decoding=\"async\" class=\"size-large wp-image-1431 alignnone\" src=\"https:\/\/fluxlasers.eu\/wp-content\/uploads\/2021\/01\/beam-air-with-filters-complete-left-to-right-1024x640.png\" alt=\"\" width=\"750\" height=\"469\" srcset=\"https:\/\/fluxlasers.eu\/wp-content\/uploads\/2021\/01\/beam-air-with-filters-complete-left-to-right-1024x640.png 1024w, https:\/\/fluxlasers.eu\/wp-content\/uploads\/2021\/01\/beam-air-with-filters-complete-left-to-right-300x187.png 300w, https:\/\/fluxlasers.eu\/wp-content\/uploads\/2021\/01\/beam-air-with-filters-complete-left-to-right-768x480.png 768w, https:\/\/fluxlasers.eu\/wp-content\/uploads\/2021\/01\/beam-air-with-filters-complete-left-to-right-1536x959.png 1536w, https:\/\/fluxlasers.eu\/wp-content\/uploads\/2021\/01\/beam-air-with-filters-complete-left-to-right-600x375.png 600w, https:\/\/fluxlasers.eu\/wp-content\/uploads\/2021\/01\/beam-air-with-filters-complete-left-to-right.png 1200w\" sizes=\"(max-width: 750px) 100vw, 750px\" \/><\/p>\n<ol>\n<li>Fond<\/li>\n<li>Filtre HEPA H13<\/li>\n<li>Filtre \u00e0 charbon<\/li>\n<li>Filtre \u00e0 efficacit\u00e9 moyenne<\/li>\n<li>Pr\u00e9filtre<\/li>\n<li>Couvercle<\/li>\n<\/ol>\n<p>Refermez le couvercle et vous \u00eates pr\u00eat \u00e0 cr\u00e9er des r\u00e9alisations encore plus incroyables !<\/p>\n","protected":false},"excerpt":{"rendered":"<p>Voici les pr\u00e9filtres de rechange pour votre Beam Air.<\/p>\n","protected":false},"featured_media":1444,"comment_status":"open","ping_status":"closed","template":"","meta":[],"product_brand":[],"product_cat":[287,323],"product_tag":[],"class_list":{"0":"post-9138","1":"product","2":"type-product","3":"status-publish","4":"has-post-thumbnail","6":"product_cat-pieces-de-rechange","7":"product_cat-pieces-de-rechange-et-accessoires","9":"first","10":"instock","11":"taxable","12":"shipping-taxable","13":"purchasable","14":"product-type-simple"},"yoast_head":"<!-- This site is optimized with the Yoast SEO plugin v27.0 - https:\/\/yoast.com\/product\/yoast-seo-wordpress\/ -->\n<title>Pr\u00e9filtre Beam Air de rechange (4 pcs) - Flux - Bomedia<\/title>\n<meta name=\"robots\" content=\"index, follow, max-snippet:-1, max-image-preview:large, max-video-preview:-1\" \/>\n<link rel=\"canonical\" href=\"https:\/\/fluxlasers.eu\/fr\/produit\/prefiltre-beam-air-de-rechange-4-pcs\/\" \/>\n<meta property=\"og:locale\" content=\"fr_FR\" \/>\n<meta property=\"og:type\" content=\"article\" \/>\n<meta property=\"og:title\" content=\"Pr\u00e9filtre Beam Air de rechange (4 pcs) - Flux - Bomedia\" \/>\n<meta property=\"og:description\" content=\"Voici les pr\u00e9filtres de rechange pour votre Beam Air.\" \/>\n<meta property=\"og:url\" content=\"https:\/\/fluxlasers.eu\/fr\/produit\/prefiltre-beam-air-de-rechange-4-pcs\/\" \/>\n<meta property=\"og:site_name\" content=\"Flux - Bomedia\" \/>\n<meta property=\"og:image\" content=\"https:\/\/fluxlasers.eu\/wp-content\/uploads\/2021\/01\/flux-pre-filter-replacement-4x-beam-air.jpg\" \/>\n\t<meta property=\"og:image:width\" content=\"1800\" \/>\n\t<meta property=\"og:image:height\" content=\"1013\" \/>\n\t<meta property=\"og:image:type\" content=\"image\/jpeg\" \/>\n<meta name=\"twitter:card\" content=\"summary_large_image\" \/>\n<meta name=\"twitter:label1\" content=\"Dur\u00e9e de lecture estim\u00e9e\" \/>\n\t<meta name=\"twitter:data1\" content=\"1 minute\" \/>\n<script type=\"application\/ld+json\" class=\"yoast-schema-graph\">{\"@context\":\"https:\/\/schema.org\",\"@graph\":[{\"@type\":\"WebPage\",\"@id\":\"https:\/\/fluxlasers.eu\/fr\/produit\/prefiltre-beam-air-de-rechange-4-pcs\/\",\"url\":\"https:\/\/fluxlasers.eu\/fr\/produit\/prefiltre-beam-air-de-rechange-4-pcs\/\",\"name\":\"Pr\u00e9filtre Beam Air de rechange (4 pcs) - Flux - Bomedia\",\"isPartOf\":{\"@id\":\"https:\/\/fluxlasers.eu\/fr\/#website\"},\"primaryImageOfPage\":{\"@id\":\"https:\/\/fluxlasers.eu\/fr\/produit\/prefiltre-beam-air-de-rechange-4-pcs\/#primaryimage\"},\"image\":{\"@id\":\"https:\/\/fluxlasers.eu\/fr\/produit\/prefiltre-beam-air-de-rechange-4-pcs\/#primaryimage\"},\"thumbnailUrl\":\"https:\/\/fluxlasers.eu\/wp-content\/uploads\/2021\/01\/flux-pre-filter-replacement-4x-beam-air.jpg\",\"datePublished\":\"2021-01-19T09:03:08+00:00\",\"breadcrumb\":{\"@id\":\"https:\/\/fluxlasers.eu\/fr\/produit\/prefiltre-beam-air-de-rechange-4-pcs\/#breadcrumb\"},\"inLanguage\":\"fr-FR\",\"potentialAction\":[{\"@type\":\"ReadAction\",\"target\":[\"https:\/\/fluxlasers.eu\/fr\/produit\/prefiltre-beam-air-de-rechange-4-pcs\/\"]}]},{\"@type\":\"ImageObject\",\"inLanguage\":\"fr-FR\",\"@id\":\"https:\/\/fluxlasers.eu\/fr\/produit\/prefiltre-beam-air-de-rechange-4-pcs\/#primaryimage\",\"url\":\"https:\/\/fluxlasers.eu\/wp-content\/uploads\/2021\/01\/flux-pre-filter-replacement-4x-beam-air.jpg\",\"contentUrl\":\"https:\/\/fluxlasers.eu\/wp-content\/uploads\/2021\/01\/flux-pre-filter-replacement-4x-beam-air.jpg\",\"width\":1800,\"height\":1013},{\"@type\":\"BreadcrumbList\",\"@id\":\"https:\/\/fluxlasers.eu\/fr\/produit\/prefiltre-beam-air-de-rechange-4-pcs\/#breadcrumb\",\"itemListElement\":[{\"@type\":\"ListItem\",\"position\":1,\"name\":\"Portada\",\"item\":\"https:\/\/fluxlasers.eu\/fr\/accueil\/\"},{\"@type\":\"ListItem\",\"position\":2,\"name\":\"Boutique\",\"item\":\"https:\/\/fluxlasers.eu\/fr\/boutique\/\"},{\"@type\":\"ListItem\",\"position\":3,\"name\":\"Pr\u00e9filtre Beam Air de rechange (4 pcs)\"}]},{\"@type\":\"WebSite\",\"@id\":\"https:\/\/fluxlasers.eu\/fr\/#website\",\"url\":\"https:\/\/fluxlasers.eu\/fr\/\",\"name\":\"Flux - Bomedia\",\"description\":\"D\u00e9coupeuses et graveuses laser\",\"publisher\":{\"@id\":\"https:\/\/fluxlasers.eu\/fr\/#organization\"},\"potentialAction\":[{\"@type\":\"SearchAction\",\"target\":{\"@type\":\"EntryPoint\",\"urlTemplate\":\"https:\/\/fluxlasers.eu\/fr\/?s={search_term_string}\"},\"query-input\":{\"@type\":\"PropertyValueSpecification\",\"valueRequired\":true,\"valueName\":\"search_term_string\"}}],\"inLanguage\":\"fr-FR\"},{\"@type\":\"Organization\",\"@id\":\"https:\/\/fluxlasers.eu\/fr\/#organization\",\"name\":\"Fluxlasers Espa\u00f1a\",\"url\":\"https:\/\/fluxlasers.eu\/fr\/\",\"logo\":{\"@type\":\"ImageObject\",\"inLanguage\":\"fr-FR\",\"@id\":\"https:\/\/fluxlasers.eu\/fr\/#\/schema\/logo\/image\/\",\"url\":\"https:\/\/fluxlasers.eu\/wp-content\/uploads\/2021\/03\/logofluxspainc.png\",\"contentUrl\":\"https:\/\/fluxlasers.eu\/wp-content\/uploads\/2021\/03\/logofluxspainc.png\",\"width\":350,\"height\":217,\"caption\":\"Fluxlasers Espa\u00f1a\"},\"image\":{\"@id\":\"https:\/\/fluxlasers.eu\/fr\/#\/schema\/logo\/image\/\"}}]}<\/script>\n<!-- \/ Yoast SEO plugin. -->","yoast_head_json":{"title":"Pr\u00e9filtre Beam Air de rechange (4 pcs) - Flux - Bomedia","robots":{"index":"index","follow":"follow","max-snippet":"max-snippet:-1","max-image-preview":"max-image-preview:large","max-video-preview":"max-video-preview:-1"},"canonical":"https:\/\/fluxlasers.eu\/fr\/produit\/prefiltre-beam-air-de-rechange-4-pcs\/","og_locale":"fr_FR","og_type":"article","og_title":"Pr\u00e9filtre Beam Air de rechange (4 pcs) - Flux - Bomedia","og_description":"Voici les pr\u00e9filtres de rechange pour votre Beam Air.","og_url":"https:\/\/fluxlasers.eu\/fr\/produit\/prefiltre-beam-air-de-rechange-4-pcs\/","og_site_name":"Flux - Bomedia","og_image":[{"width":1800,"height":1013,"url":"https:\/\/fluxlasers.eu\/wp-content\/uploads\/2021\/01\/flux-pre-filter-replacement-4x-beam-air.jpg","type":"image\/jpeg"}],"twitter_card":"summary_large_image","twitter_misc":{"Dur\u00e9e de lecture estim\u00e9e":"1 minute"},"schema":{"@context":"https:\/\/schema.org","@graph":[{"@type":"WebPage","@id":"https:\/\/fluxlasers.eu\/fr\/produit\/prefiltre-beam-air-de-rechange-4-pcs\/","url":"https:\/\/fluxlasers.eu\/fr\/produit\/prefiltre-beam-air-de-rechange-4-pcs\/","name":"Pr\u00e9filtre Beam Air de rechange (4 pcs) - Flux - Bomedia","isPartOf":{"@id":"https:\/\/fluxlasers.eu\/fr\/#website"},"primaryImageOfPage":{"@id":"https:\/\/fluxlasers.eu\/fr\/produit\/prefiltre-beam-air-de-rechange-4-pcs\/#primaryimage"},"image":{"@id":"https:\/\/fluxlasers.eu\/fr\/produit\/prefiltre-beam-air-de-rechange-4-pcs\/#primaryimage"},"thumbnailUrl":"https:\/\/fluxlasers.eu\/wp-content\/uploads\/2021\/01\/flux-pre-filter-replacement-4x-beam-air.jpg","datePublished":"2021-01-19T09:03:08+00:00","breadcrumb":{"@id":"https:\/\/fluxlasers.eu\/fr\/produit\/prefiltre-beam-air-de-rechange-4-pcs\/#breadcrumb"},"inLanguage":"fr-FR","potentialAction":[{"@type":"ReadAction","target":["https:\/\/fluxlasers.eu\/fr\/produit\/prefiltre-beam-air-de-rechange-4-pcs\/"]}]},{"@type":"ImageObject","inLanguage":"fr-FR","@id":"https:\/\/fluxlasers.eu\/fr\/produit\/prefiltre-beam-air-de-rechange-4-pcs\/#primaryimage","url":"https:\/\/fluxlasers.eu\/wp-content\/uploads\/2021\/01\/flux-pre-filter-replacement-4x-beam-air.jpg","contentUrl":"https:\/\/fluxlasers.eu\/wp-content\/uploads\/2021\/01\/flux-pre-filter-replacement-4x-beam-air.jpg","width":1800,"height":1013},{"@type":"BreadcrumbList","@id":"https:\/\/fluxlasers.eu\/fr\/produit\/prefiltre-beam-air-de-rechange-4-pcs\/#breadcrumb","itemListElement":[{"@type":"ListItem","position":1,"name":"Portada","item":"https:\/\/fluxlasers.eu\/fr\/accueil\/"},{"@type":"ListItem","position":2,"name":"Boutique","item":"https:\/\/fluxlasers.eu\/fr\/boutique\/"},{"@type":"ListItem","position":3,"name":"Pr\u00e9filtre Beam Air de rechange (4 pcs)"}]},{"@type":"WebSite","@id":"https:\/\/fluxlasers.eu\/fr\/#website","url":"https:\/\/fluxlasers.eu\/fr\/","name":"Flux - Bomedia","description":"D\u00e9coupeuses et graveuses laser","publisher":{"@id":"https:\/\/fluxlasers.eu\/fr\/#organization"},"potentialAction":[{"@type":"SearchAction","target":{"@type":"EntryPoint","urlTemplate":"https:\/\/fluxlasers.eu\/fr\/?s={search_term_string}"},"query-input":{"@type":"PropertyValueSpecification","valueRequired":true,"valueName":"search_term_string"}}],"inLanguage":"fr-FR"},{"@type":"Organization","@id":"https:\/\/fluxlasers.eu\/fr\/#organization","name":"Fluxlasers Espa\u00f1a","url":"https:\/\/fluxlasers.eu\/fr\/","logo":{"@type":"ImageObject","inLanguage":"fr-FR","@id":"https:\/\/fluxlasers.eu\/fr\/#\/schema\/logo\/image\/","url":"https:\/\/fluxlasers.eu\/wp-content\/uploads\/2021\/03\/logofluxspainc.png","contentUrl":"https:\/\/fluxlasers.eu\/wp-content\/uploads\/2021\/03\/logofluxspainc.png","width":350,"height":217,"caption":"Fluxlasers Espa\u00f1a"},"image":{"@id":"https:\/\/fluxlasers.eu\/fr\/#\/schema\/logo\/image\/"}}]}},"_links":{"self":[{"href":"https:\/\/fluxlasers.eu\/fr\/wp-json\/wp\/v2\/product\/9138","targetHints":{"allow":["GET"]}}],"collection":[{"href":"https:\/\/fluxlasers.eu\/fr\/wp-json\/wp\/v2\/product"}],"about":[{"href":"https:\/\/fluxlasers.eu\/fr\/wp-json\/wp\/v2\/types\/product"}],"replies":[{"embeddable":true,"href":"https:\/\/fluxlasers.eu\/fr\/wp-json\/wp\/v2\/comments?post=9138"}],"wp:featuredmedia":[{"embeddable":true,"href":"https:\/\/fluxlasers.eu\/fr\/wp-json\/wp\/v2\/media\/1444"}],"wp:attachment":[{"href":"https:\/\/fluxlasers.eu\/fr\/wp-json\/wp\/v2\/media?parent=9138"}],"wp:term":[{"taxonomy":"product_brand","embeddable":true,"href":"https:\/\/fluxlasers.eu\/fr\/wp-json\/wp\/v2\/product_brand?post=9138"},{"taxonomy":"product_cat","embeddable":true,"href":"https:\/\/fluxlasers.eu\/fr\/wp-json\/wp\/v2\/product_cat?post=9138"},{"taxonomy":"product_tag","embeddable":true,"href":"https:\/\/fluxlasers.eu\/fr\/wp-json\/wp\/v2\/product_tag?post=9138"}],"curies":[{"name":"wp","href":"https:\/\/api.w.org\/{rel}","templated":true}]}}