{"id":8794,"date":"2025-12-16T10:10:41","date_gmt":"2025-12-16T09:10:41","guid":{"rendered":"https:\/\/fluxlasers.eu\/producto\/pack-de-5-plaques-acryliques-couleur-3-mm-20-x-30-cm\/"},"modified":"2025-12-16T10:10:41","modified_gmt":"2025-12-16T09:10:41","slug":"pack-de-5-plaques-acryliques-couleur-3-mm-20-x-30-cm","status":"publish","type":"product","link":"https:\/\/fluxlasers.eu\/fr\/produit\/pack-de-5-plaques-acryliques-couleur-3-mm-20-x-30-cm\/","title":{"rendered":"Pack de 5 plaques acryliques couleur 3 mm (20 x 30 cm)"},"content":{"rendered":"<p>Lot de plaques acryliques de 3 mm de couleurs vari\u00e9es, au format 20 x 30 cm. Mat\u00e9riau rigide, durable et visuellement attrayant, id\u00e9al pour le design, la signal\u00e9tique, les pi\u00e8ces d\u00e9coratives et les projets cr\u00e9atifs. Convient pour la d\u00e9coupe et la gravure laser.  <\/p>\n","protected":false},"excerpt":{"rendered":"<p>5 plaques acryliques de 3 mm de couleurs vari\u00e9es, au format 20 x 30 cm.<\/p>\n","protected":false},"featured_media":4333,"comment_status":"closed","ping_status":"closed","template":"","meta":[],"product_brand":[],"product_cat":[319],"product_tag":[],"class_list":{"0":"post-8794","1":"product","2":"type-product","3":"status-publish","4":"has-post-thumbnail","6":"product_cat-consommables","8":"first","9":"instock","10":"taxable","11":"shipping-taxable","12":"purchasable","13":"product-type-simple"},"yoast_head":"<!-- This site is optimized with the Yoast SEO plugin v27.0 - https:\/\/yoast.com\/product\/yoast-seo-wordpress\/ -->\n<title>Pack de 5 plaques acryliques couleur 3 mm (20 x 30 cm) - Flux - Bomedia<\/title>\n<meta name=\"robots\" content=\"index, follow, max-snippet:-1, max-image-preview:large, max-video-preview:-1\" \/>\n<link rel=\"canonical\" href=\"https:\/\/fluxlasers.eu\/fr\/produit\/pack-de-5-plaques-acryliques-couleur-3-mm-20-x-30-cm\/\" \/>\n<meta property=\"og:locale\" content=\"fr_FR\" \/>\n<meta property=\"og:type\" content=\"article\" \/>\n<meta property=\"og:title\" content=\"Pack de 5 plaques acryliques couleur 3 mm (20 x 30 cm) - Flux - Bomedia\" \/>\n<meta property=\"og:description\" content=\"5 plaques acryliques de 3 mm de couleurs vari\u00e9es, au format 20 x 30 cm.\" \/>\n<meta property=\"og:url\" content=\"https:\/\/fluxlasers.eu\/fr\/produit\/pack-de-5-plaques-acryliques-couleur-3-mm-20-x-30-cm\/\" \/>\n<meta property=\"og:site_name\" content=\"Flux - Bomedia\" \/>\n<meta property=\"og:image\" content=\"https:\/\/fluxlasers.eu\/wp-content\/uploads\/2025\/12\/metacrilatcolors.jpeg\" \/>\n\t<meta property=\"og:image:width\" content=\"960\" \/>\n\t<meta property=\"og:image:height\" content=\"960\" \/>\n\t<meta property=\"og:image:type\" content=\"image\/jpeg\" \/>\n<meta name=\"twitter:card\" content=\"summary_large_image\" \/>\n<script type=\"application\/ld+json\" class=\"yoast-schema-graph\">{\"@context\":\"https:\/\/schema.org\",\"@graph\":[{\"@type\":\"WebPage\",\"@id\":\"https:\/\/fluxlasers.eu\/fr\/produit\/pack-de-5-plaques-acryliques-couleur-3-mm-20-x-30-cm\/\",\"url\":\"https:\/\/fluxlasers.eu\/fr\/produit\/pack-de-5-plaques-acryliques-couleur-3-mm-20-x-30-cm\/\",\"name\":\"Pack de 5 plaques acryliques couleur 3 mm (20 x 30 cm) - Flux - Bomedia\",\"isPartOf\":{\"@id\":\"https:\/\/fluxlasers.eu\/fr\/#website\"},\"primaryImageOfPage\":{\"@id\":\"https:\/\/fluxlasers.eu\/fr\/produit\/pack-de-5-plaques-acryliques-couleur-3-mm-20-x-30-cm\/#primaryimage\"},\"image\":{\"@id\":\"https:\/\/fluxlasers.eu\/fr\/produit\/pack-de-5-plaques-acryliques-couleur-3-mm-20-x-30-cm\/#primaryimage\"},\"thumbnailUrl\":\"https:\/\/fluxlasers.eu\/wp-content\/uploads\/2025\/12\/metacrilatcolors.jpeg\",\"datePublished\":\"2025-12-16T09:10:41+00:00\",\"breadcrumb\":{\"@id\":\"https:\/\/fluxlasers.eu\/fr\/produit\/pack-de-5-plaques-acryliques-couleur-3-mm-20-x-30-cm\/#breadcrumb\"},\"inLanguage\":\"fr-FR\",\"potentialAction\":[{\"@type\":\"ReadAction\",\"target\":[\"https:\/\/fluxlasers.eu\/fr\/produit\/pack-de-5-plaques-acryliques-couleur-3-mm-20-x-30-cm\/\"]}]},{\"@type\":\"ImageObject\",\"inLanguage\":\"fr-FR\",\"@id\":\"https:\/\/fluxlasers.eu\/fr\/produit\/pack-de-5-plaques-acryliques-couleur-3-mm-20-x-30-cm\/#primaryimage\",\"url\":\"https:\/\/fluxlasers.eu\/wp-content\/uploads\/2025\/12\/metacrilatcolors.jpeg\",\"contentUrl\":\"https:\/\/fluxlasers.eu\/wp-content\/uploads\/2025\/12\/metacrilatcolors.jpeg\",\"width\":960,\"height\":960},{\"@type\":\"BreadcrumbList\",\"@id\":\"https:\/\/fluxlasers.eu\/fr\/produit\/pack-de-5-plaques-acryliques-couleur-3-mm-20-x-30-cm\/#breadcrumb\",\"itemListElement\":[{\"@type\":\"ListItem\",\"position\":1,\"name\":\"Portada\",\"item\":\"https:\/\/fluxlasers.eu\/fr\/accueil\/\"},{\"@type\":\"ListItem\",\"position\":2,\"name\":\"Boutique\",\"item\":\"https:\/\/fluxlasers.eu\/fr\/boutique\/\"},{\"@type\":\"ListItem\",\"position\":3,\"name\":\"Pack de 5 plaques acryliques couleur 3 mm (20 x 30 cm)\"}]},{\"@type\":\"WebSite\",\"@id\":\"https:\/\/fluxlasers.eu\/fr\/#website\",\"url\":\"https:\/\/fluxlasers.eu\/fr\/\",\"name\":\"Flux - Bomedia\",\"description\":\"D\u00e9coupeuses et graveuses laser\",\"publisher\":{\"@id\":\"https:\/\/fluxlasers.eu\/fr\/#organization\"},\"potentialAction\":[{\"@type\":\"SearchAction\",\"target\":{\"@type\":\"EntryPoint\",\"urlTemplate\":\"https:\/\/fluxlasers.eu\/fr\/?s={search_term_string}\"},\"query-input\":{\"@type\":\"PropertyValueSpecification\",\"valueRequired\":true,\"valueName\":\"search_term_string\"}}],\"inLanguage\":\"fr-FR\"},{\"@type\":\"Organization\",\"@id\":\"https:\/\/fluxlasers.eu\/fr\/#organization\",\"name\":\"Fluxlasers Espa\u00f1a\",\"url\":\"https:\/\/fluxlasers.eu\/fr\/\",\"logo\":{\"@type\":\"ImageObject\",\"inLanguage\":\"fr-FR\",\"@id\":\"https:\/\/fluxlasers.eu\/fr\/#\/schema\/logo\/image\/\",\"url\":\"https:\/\/fluxlasers.eu\/wp-content\/uploads\/2021\/03\/logofluxspainc.png\",\"contentUrl\":\"https:\/\/fluxlasers.eu\/wp-content\/uploads\/2021\/03\/logofluxspainc.png\",\"width\":350,\"height\":217,\"caption\":\"Fluxlasers Espa\u00f1a\"},\"image\":{\"@id\":\"https:\/\/fluxlasers.eu\/fr\/#\/schema\/logo\/image\/\"}}]}<\/script>\n<!-- \/ Yoast SEO plugin. -->","yoast_head_json":{"title":"Pack de 5 plaques acryliques couleur 3 mm (20 x 30 cm) - Flux - Bomedia","robots":{"index":"index","follow":"follow","max-snippet":"max-snippet:-1","max-image-preview":"max-image-preview:large","max-video-preview":"max-video-preview:-1"},"canonical":"https:\/\/fluxlasers.eu\/fr\/produit\/pack-de-5-plaques-acryliques-couleur-3-mm-20-x-30-cm\/","og_locale":"fr_FR","og_type":"article","og_title":"Pack de 5 plaques acryliques couleur 3 mm (20 x 30 cm) - Flux - Bomedia","og_description":"5 plaques acryliques de 3 mm de couleurs vari\u00e9es, au format 20 x 30 cm.","og_url":"https:\/\/fluxlasers.eu\/fr\/produit\/pack-de-5-plaques-acryliques-couleur-3-mm-20-x-30-cm\/","og_site_name":"Flux - Bomedia","og_image":[{"width":960,"height":960,"url":"https:\/\/fluxlasers.eu\/wp-content\/uploads\/2025\/12\/metacrilatcolors.jpeg","type":"image\/jpeg"}],"twitter_card":"summary_large_image","schema":{"@context":"https:\/\/schema.org","@graph":[{"@type":"WebPage","@id":"https:\/\/fluxlasers.eu\/fr\/produit\/pack-de-5-plaques-acryliques-couleur-3-mm-20-x-30-cm\/","url":"https:\/\/fluxlasers.eu\/fr\/produit\/pack-de-5-plaques-acryliques-couleur-3-mm-20-x-30-cm\/","name":"Pack de 5 plaques acryliques couleur 3 mm (20 x 30 cm) - Flux - Bomedia","isPartOf":{"@id":"https:\/\/fluxlasers.eu\/fr\/#website"},"primaryImageOfPage":{"@id":"https:\/\/fluxlasers.eu\/fr\/produit\/pack-de-5-plaques-acryliques-couleur-3-mm-20-x-30-cm\/#primaryimage"},"image":{"@id":"https:\/\/fluxlasers.eu\/fr\/produit\/pack-de-5-plaques-acryliques-couleur-3-mm-20-x-30-cm\/#primaryimage"},"thumbnailUrl":"https:\/\/fluxlasers.eu\/wp-content\/uploads\/2025\/12\/metacrilatcolors.jpeg","datePublished":"2025-12-16T09:10:41+00:00","breadcrumb":{"@id":"https:\/\/fluxlasers.eu\/fr\/produit\/pack-de-5-plaques-acryliques-couleur-3-mm-20-x-30-cm\/#breadcrumb"},"inLanguage":"fr-FR","potentialAction":[{"@type":"ReadAction","target":["https:\/\/fluxlasers.eu\/fr\/produit\/pack-de-5-plaques-acryliques-couleur-3-mm-20-x-30-cm\/"]}]},{"@type":"ImageObject","inLanguage":"fr-FR","@id":"https:\/\/fluxlasers.eu\/fr\/produit\/pack-de-5-plaques-acryliques-couleur-3-mm-20-x-30-cm\/#primaryimage","url":"https:\/\/fluxlasers.eu\/wp-content\/uploads\/2025\/12\/metacrilatcolors.jpeg","contentUrl":"https:\/\/fluxlasers.eu\/wp-content\/uploads\/2025\/12\/metacrilatcolors.jpeg","width":960,"height":960},{"@type":"BreadcrumbList","@id":"https:\/\/fluxlasers.eu\/fr\/produit\/pack-de-5-plaques-acryliques-couleur-3-mm-20-x-30-cm\/#breadcrumb","itemListElement":[{"@type":"ListItem","position":1,"name":"Portada","item":"https:\/\/fluxlasers.eu\/fr\/accueil\/"},{"@type":"ListItem","position":2,"name":"Boutique","item":"https:\/\/fluxlasers.eu\/fr\/boutique\/"},{"@type":"ListItem","position":3,"name":"Pack de 5 plaques acryliques couleur 3 mm (20 x 30 cm)"}]},{"@type":"WebSite","@id":"https:\/\/fluxlasers.eu\/fr\/#website","url":"https:\/\/fluxlasers.eu\/fr\/","name":"Flux - Bomedia","description":"D\u00e9coupeuses et graveuses laser","publisher":{"@id":"https:\/\/fluxlasers.eu\/fr\/#organization"},"potentialAction":[{"@type":"SearchAction","target":{"@type":"EntryPoint","urlTemplate":"https:\/\/fluxlasers.eu\/fr\/?s={search_term_string}"},"query-input":{"@type":"PropertyValueSpecification","valueRequired":true,"valueName":"search_term_string"}}],"inLanguage":"fr-FR"},{"@type":"Organization","@id":"https:\/\/fluxlasers.eu\/fr\/#organization","name":"Fluxlasers Espa\u00f1a","url":"https:\/\/fluxlasers.eu\/fr\/","logo":{"@type":"ImageObject","inLanguage":"fr-FR","@id":"https:\/\/fluxlasers.eu\/fr\/#\/schema\/logo\/image\/","url":"https:\/\/fluxlasers.eu\/wp-content\/uploads\/2021\/03\/logofluxspainc.png","contentUrl":"https:\/\/fluxlasers.eu\/wp-content\/uploads\/2021\/03\/logofluxspainc.png","width":350,"height":217,"caption":"Fluxlasers Espa\u00f1a"},"image":{"@id":"https:\/\/fluxlasers.eu\/fr\/#\/schema\/logo\/image\/"}}]}},"_links":{"self":[{"href":"https:\/\/fluxlasers.eu\/fr\/wp-json\/wp\/v2\/product\/8794","targetHints":{"allow":["GET"]}}],"collection":[{"href":"https:\/\/fluxlasers.eu\/fr\/wp-json\/wp\/v2\/product"}],"about":[{"href":"https:\/\/fluxlasers.eu\/fr\/wp-json\/wp\/v2\/types\/product"}],"replies":[{"embeddable":true,"href":"https:\/\/fluxlasers.eu\/fr\/wp-json\/wp\/v2\/comments?post=8794"}],"wp:featuredmedia":[{"embeddable":true,"href":"https:\/\/fluxlasers.eu\/fr\/wp-json\/wp\/v2\/media\/4333"}],"wp:attachment":[{"href":"https:\/\/fluxlasers.eu\/fr\/wp-json\/wp\/v2\/media?parent=8794"}],"wp:term":[{"taxonomy":"product_brand","embeddable":true,"href":"https:\/\/fluxlasers.eu\/fr\/wp-json\/wp\/v2\/product_brand?post=8794"},{"taxonomy":"product_cat","embeddable":true,"href":"https:\/\/fluxlasers.eu\/fr\/wp-json\/wp\/v2\/product_cat?post=8794"},{"taxonomy":"product_tag","embeddable":true,"href":"https:\/\/fluxlasers.eu\/fr\/wp-json\/wp\/v2\/product_tag?post=8794"}],"curies":[{"name":"wp","href":"https:\/\/api.w.org\/{rel}","templated":true}]}}