{"id":8788,"date":"2025-12-11T10:03:48","date_gmt":"2025-12-11T09:03:48","guid":{"rendered":"https:\/\/fluxlasers.eu\/producto\/chuck-rotary-add-on-ador\/"},"modified":"2025-12-11T10:03:48","modified_gmt":"2025-12-11T09:03:48","slug":"chuck-rotary-add-on-ador","status":"publish","type":"product","link":"https:\/\/fluxlasers.eu\/fr\/produit\/chuck-rotary-add-on-ador\/","title":{"rendered":"Chuck Rotary Add-on \u2013 Ador"},"content":{"rendered":"<h2 style=\"text-align: center;\" data-start=\"122\" data-end=\"157\"><strong data-start=\"125\" data-end=\"155\">Ador \u2013 Chuck Rotary Add-on<\/strong><\/h2>\n<h3 style=\"text-align: center;\" data-start=\"158\" data-end=\"208\">Gravure 360\u00b0 pour cylindres, anneaux et sph\u00e8res<\/h3>\n<p style=\"text-align: center;\" data-start=\"210\" data-end=\"573\">Le <strong data-start=\"213\" data-end=\"246\">Chuck Rotary Add-on pour Ador<\/strong> transforme votre machine en une solution de gravure rotative professionnelle, vous permettant de travailler \u00e0 360\u00b0 sur des objets cylindriques, des anneaux et des sph\u00e8res. Gr\u00e2ce \u00e0 ses mors interchangeables \u2014 droits, en L et hexagonaux \u2014 il s&rsquo;adapte \u00e0 diff\u00e9rents diam\u00e8tres et formes, offrant un maintien ferme et un r\u00e9sultat pr\u00e9cis \u00e0 chaque rotation. <\/p>\n<p style=\"text-align: center;\" data-start=\"575\" data-end=\"760\">Id\u00e9al pour personnaliser bouteilles, gobelets isothermes, verres, anneaux, sph\u00e8res d\u00e9coratives et pi\u00e8ces techniques, il \u00e9largit consid\u00e9rablement les possibilit\u00e9s cr\u00e9atives et commerciales d&rsquo;Ador.<\/p>\n<hr data-start=\"762\" data-end=\"765\">\n<h3 style=\"text-align: center;\" data-start=\"767\" data-end=\"809\">Polyvalence totale en tailles et formes<\/h3>\n<p style=\"text-align: center;\" data-start=\"811\" data-end=\"1136\">Le Chuck Rotary pour Ador permet un diam\u00e8tre de gravure pour objets cylindriques de 1 \u00e0 130 mm, un diam\u00e8tre pour anneaux de 11 \u00e0 130 mm et un diam\u00e8tre pour sph\u00e8res de 25 \u00e0 130 mm. La longueur maximale de gravure est de 325 mm, suffisante pour travailler confortablement avec des pi\u00e8ces longues comme des bouteilles ou des r\u00e9cipients de grand format. <\/p>\n<p style=\"text-align: center;\" data-start=\"1138\" data-end=\"1264\">Avec un angle d&rsquo;inclinaison de \u201330\u00b0 \u00e0 180\u00b0, il offre encore plus de flexibilit\u00e9 pour positionner la pi\u00e8ce et ajuster le design.<\/p>\n<hr data-start=\"1266\" data-end=\"1269\">\n<h3 style=\"text-align: center;\" data-start=\"1271\" data-end=\"1325\">Con\u00e7u pour fonctionner avec l&rsquo;Ador Extension Base<\/h3>\n<p style=\"text-align: center;\" data-start=\"1327\" data-end=\"1558\">Pour des performances optimales, le Chuck Rotary Add-on est con\u00e7u pour \u00eatre utilis\u00e9 avec l&rsquo;<a href=\"https:\/\/fluxlasers.eu\/producto\/base-de-extension-ador\/\"><strong data-start=\"1420\" data-end=\"1450\">Ador Extension Base Add-on<\/strong><\/a>, qui apporte la hauteur et l&rsquo;espace suppl\u00e9mentaire n\u00e9cessaires pour travailler avec une grande vari\u00e9t\u00e9 d&rsquo;objets.<\/p>\n<hr data-start=\"1986\" data-end=\"1989\">\n<h3 style=\"text-align: center;\" data-start=\"1991\" data-end=\"2047\">Sp\u00e9cifications techniques \u2014 Ador Chuck Rotary Add-on<\/h3>\n<p style=\"text-align: center;\" data-start=\"2049\" data-end=\"2346\">Dimensions : 300 \u00d7 103 \u00d7 125 mm<br data-start=\"2080\" data-end=\"2083\">Poids : 1,65 kg<br data-start=\"2096\" data-end=\"2099\">Poids maximal de maintien : 1,50 kg<br data-start=\"2131\" data-end=\"2134\">Angle d&rsquo;inclinaison : \u201330\u00b0 \u00e0 180\u00b0<br data-start=\"2168\" data-end=\"2171\">Diam\u00e8tre de gravure pour cylindres : 1\u2013130 mm<br data-start=\"2215\" data-end=\"2218\">Diam\u00e8tre de gravure pour anneaux : 11\u2013130 mm<br data-start=\"2261\" data-end=\"2264\">Diam\u00e8tre de gravure pour sph\u00e8res : 25\u2013130 mm<br data-start=\"2307\" data-end=\"2310\">Longueur maximale de gravure : 325 mm<\/p>\n","protected":false},"excerpt":{"rendered":"<p>Le <strong data-start=\"188\" data-end=\"227\">Chuck Rotary Add-on pour Beambox II<\/strong> permet une gravure rotative \u00e0 360\u00b0 sur cylindres, anneaux et sph\u00e8res avec une pr\u00e9cision exceptionnelle. Gr\u00e2ce \u00e0 ses mors interchangeables, il s&rsquo;adapte \u00e0 une grande vari\u00e9t\u00e9 de diam\u00e8tres et de formes, id\u00e9al pour personnaliser bouteilles, gobelets isothermes, verres, outils ou pi\u00e8ces techniques. Compatible avec des accessoires comme Extension Pocket et Riser Stands, il maximise la polyvalence de votre machine et ouvre de nouvelles possibilit\u00e9s cr\u00e9atives et commerciales.  <\/p>\n<ul>\n<li data-start=\"729\" data-end=\"765\">\n<p data-start=\"731\" data-end=\"765\">Gravure cylindrique : <strong data-start=\"751\" data-end=\"763\">1\u2013145 mm<\/strong><\/p>\n<\/li>\n<li data-start=\"766\" data-end=\"803\">\n<p data-start=\"768\" data-end=\"803\">Gravure d&rsquo;anneaux : <strong data-start=\"788\" data-end=\"801\">11\u2013145 mm<\/strong><\/p>\n<\/li>\n<li data-start=\"804\" data-end=\"841\">\n<p data-start=\"806\" data-end=\"841\">Gravure de sph\u00e8res : <strong data-start=\"826\" data-end=\"839\">25\u2013130 mm<\/strong><\/p>\n<\/li>\n<li data-start=\"842\" data-end=\"884\">\n<p data-start=\"844\" data-end=\"884\">Longueur maximale de gravure : <strong data-start=\"872\" data-end=\"882\">500 mm<\/strong><\/p>\n<\/li>\n<li data-start=\"885\" data-end=\"1003\">\n<p data-start=\"887\" data-end=\"1003\">Compatible avec Extension Pocket Add-on, Riser Stands et Rotary Support Tower Add-on pour objets larges ou tr\u00e8s longs.<\/p>\n<\/li>\n<\/ul>\n","protected":false},"featured_media":4299,"comment_status":"closed","ping_status":"closed","template":"","meta":[],"product_brand":[],"product_cat":[308,307],"product_tag":[],"class_list":{"0":"post-8788","1":"product","2":"type-product","3":"status-publish","4":"has-post-thumbnail","6":"product_cat-accessoires-ador","7":"product_cat-flux-ador","9":"first","10":"instock","11":"taxable","12":"shipping-taxable","13":"purchasable","14":"product-type-simple"},"yoast_head":"<!-- This site is optimized with the Yoast SEO plugin v27.0 - https:\/\/yoast.com\/product\/yoast-seo-wordpress\/ -->\n<title>Chuck Rotary Add-on \u2013 Ador - Flux - Bomedia<\/title>\n<meta name=\"robots\" content=\"index, follow, max-snippet:-1, max-image-preview:large, max-video-preview:-1\" \/>\n<link rel=\"canonical\" href=\"https:\/\/fluxlasers.eu\/fr\/produit\/chuck-rotary-add-on-ador\/\" \/>\n<meta property=\"og:locale\" content=\"fr_FR\" \/>\n<meta property=\"og:type\" content=\"article\" \/>\n<meta property=\"og:title\" content=\"Chuck Rotary Add-on \u2013 Ador - Flux - Bomedia\" \/>\n<meta property=\"og:description\" content=\"Le Chuck Rotary Add-on pour Beambox II permet une gravure rotative \u00e0 360\u00b0 sur cylindres, anneaux et sph\u00e8res avec une pr\u00e9cision exceptionnelle. Gr\u00e2ce \u00e0 ses mors interchangeables, il s&#039;adapte \u00e0 une grande vari\u00e9t\u00e9 de diam\u00e8tres et de formes, id\u00e9al pour personnaliser bouteilles, gobelets isothermes, verres, outils ou pi\u00e8ces techniques. Compatible avec des accessoires comme Extension Pocket et Riser Stands, il maximise la polyvalence de votre machine et ouvre de nouvelles possibilit\u00e9s cr\u00e9atives et commerciales.    Gravure cylindrique : 1\u2013145 mm   Gravure d&#039;anneaux : 11\u2013145 mm   Gravure de sph\u00e8res : 25\u2013130 mm   Longueur maximale de gravure : 500 mm   Compatible avec Extension Pocket Add-on, Riser Stands et Rotary Support Tower Add-on pour objets larges ou tr\u00e8s longs.\" \/>\n<meta property=\"og:url\" content=\"https:\/\/fluxlasers.eu\/fr\/produit\/chuck-rotary-add-on-ador\/\" \/>\n<meta property=\"og:site_name\" content=\"Flux - Bomedia\" \/>\n<meta property=\"og:image\" content=\"https:\/\/fluxlasers.eu\/wp-content\/uploads\/2025\/12\/Beambox_II_Chuck_Rotary_5533092e-0e89-4817-bee8-061c59141f991.png\" \/>\n\t<meta property=\"og:image:width\" content=\"823\" \/>\n\t<meta property=\"og:image:height\" content=\"823\" \/>\n\t<meta property=\"og:image:type\" content=\"image\/png\" \/>\n<meta name=\"twitter:card\" content=\"summary_large_image\" \/>\n<meta name=\"twitter:label1\" content=\"Dur\u00e9e de lecture estim\u00e9e\" \/>\n\t<meta name=\"twitter:data1\" content=\"1 minute\" \/>\n<script type=\"application\/ld+json\" class=\"yoast-schema-graph\">{\"@context\":\"https:\/\/schema.org\",\"@graph\":[{\"@type\":\"WebPage\",\"@id\":\"https:\/\/fluxlasers.eu\/fr\/produit\/chuck-rotary-add-on-ador\/\",\"url\":\"https:\/\/fluxlasers.eu\/fr\/produit\/chuck-rotary-add-on-ador\/\",\"name\":\"Chuck Rotary Add-on \u2013 Ador - Flux - Bomedia\",\"isPartOf\":{\"@id\":\"https:\/\/fluxlasers.eu\/fr\/#website\"},\"primaryImageOfPage\":{\"@id\":\"https:\/\/fluxlasers.eu\/fr\/produit\/chuck-rotary-add-on-ador\/#primaryimage\"},\"image\":{\"@id\":\"https:\/\/fluxlasers.eu\/fr\/produit\/chuck-rotary-add-on-ador\/#primaryimage\"},\"thumbnailUrl\":\"https:\/\/fluxlasers.eu\/wp-content\/uploads\/2025\/12\/Beambox_II_Chuck_Rotary_5533092e-0e89-4817-bee8-061c59141f991.png\",\"datePublished\":\"2025-12-11T09:03:48+00:00\",\"breadcrumb\":{\"@id\":\"https:\/\/fluxlasers.eu\/fr\/produit\/chuck-rotary-add-on-ador\/#breadcrumb\"},\"inLanguage\":\"fr-FR\",\"potentialAction\":[{\"@type\":\"ReadAction\",\"target\":[\"https:\/\/fluxlasers.eu\/fr\/produit\/chuck-rotary-add-on-ador\/\"]}]},{\"@type\":\"ImageObject\",\"inLanguage\":\"fr-FR\",\"@id\":\"https:\/\/fluxlasers.eu\/fr\/produit\/chuck-rotary-add-on-ador\/#primaryimage\",\"url\":\"https:\/\/fluxlasers.eu\/wp-content\/uploads\/2025\/12\/Beambox_II_Chuck_Rotary_5533092e-0e89-4817-bee8-061c59141f991.png\",\"contentUrl\":\"https:\/\/fluxlasers.eu\/wp-content\/uploads\/2025\/12\/Beambox_II_Chuck_Rotary_5533092e-0e89-4817-bee8-061c59141f991.png\",\"width\":823,\"height\":823},{\"@type\":\"BreadcrumbList\",\"@id\":\"https:\/\/fluxlasers.eu\/fr\/produit\/chuck-rotary-add-on-ador\/#breadcrumb\",\"itemListElement\":[{\"@type\":\"ListItem\",\"position\":1,\"name\":\"Portada\",\"item\":\"https:\/\/fluxlasers.eu\/fr\/accueil\/\"},{\"@type\":\"ListItem\",\"position\":2,\"name\":\"Boutique\",\"item\":\"https:\/\/fluxlasers.eu\/fr\/boutique\/\"},{\"@type\":\"ListItem\",\"position\":3,\"name\":\"Chuck Rotary Add-on \u2013 Ador\"}]},{\"@type\":\"WebSite\",\"@id\":\"https:\/\/fluxlasers.eu\/fr\/#website\",\"url\":\"https:\/\/fluxlasers.eu\/fr\/\",\"name\":\"Flux - Bomedia\",\"description\":\"D\u00e9coupeuses et graveuses laser\",\"publisher\":{\"@id\":\"https:\/\/fluxlasers.eu\/fr\/#organization\"},\"potentialAction\":[{\"@type\":\"SearchAction\",\"target\":{\"@type\":\"EntryPoint\",\"urlTemplate\":\"https:\/\/fluxlasers.eu\/fr\/?s={search_term_string}\"},\"query-input\":{\"@type\":\"PropertyValueSpecification\",\"valueRequired\":true,\"valueName\":\"search_term_string\"}}],\"inLanguage\":\"fr-FR\"},{\"@type\":\"Organization\",\"@id\":\"https:\/\/fluxlasers.eu\/fr\/#organization\",\"name\":\"Fluxlasers Espa\u00f1a\",\"url\":\"https:\/\/fluxlasers.eu\/fr\/\",\"logo\":{\"@type\":\"ImageObject\",\"inLanguage\":\"fr-FR\",\"@id\":\"https:\/\/fluxlasers.eu\/fr\/#\/schema\/logo\/image\/\",\"url\":\"https:\/\/fluxlasers.eu\/wp-content\/uploads\/2021\/03\/logofluxspainc.png\",\"contentUrl\":\"https:\/\/fluxlasers.eu\/wp-content\/uploads\/2021\/03\/logofluxspainc.png\",\"width\":350,\"height\":217,\"caption\":\"Fluxlasers Espa\u00f1a\"},\"image\":{\"@id\":\"https:\/\/fluxlasers.eu\/fr\/#\/schema\/logo\/image\/\"}}]}<\/script>\n<!-- \/ Yoast SEO plugin. -->","yoast_head_json":{"title":"Chuck Rotary Add-on \u2013 Ador - Flux - Bomedia","robots":{"index":"index","follow":"follow","max-snippet":"max-snippet:-1","max-image-preview":"max-image-preview:large","max-video-preview":"max-video-preview:-1"},"canonical":"https:\/\/fluxlasers.eu\/fr\/produit\/chuck-rotary-add-on-ador\/","og_locale":"fr_FR","og_type":"article","og_title":"Chuck Rotary Add-on \u2013 Ador - Flux - Bomedia","og_description":"Le Chuck Rotary Add-on pour Beambox II permet une gravure rotative \u00e0 360\u00b0 sur cylindres, anneaux et sph\u00e8res avec une pr\u00e9cision exceptionnelle. Gr\u00e2ce \u00e0 ses mors interchangeables, il s'adapte \u00e0 une grande vari\u00e9t\u00e9 de diam\u00e8tres et de formes, id\u00e9al pour personnaliser bouteilles, gobelets isothermes, verres, outils ou pi\u00e8ces techniques. Compatible avec des accessoires comme Extension Pocket et Riser Stands, il maximise la polyvalence de votre machine et ouvre de nouvelles possibilit\u00e9s cr\u00e9atives et commerciales.    Gravure cylindrique : 1\u2013145 mm   Gravure d'anneaux : 11\u2013145 mm   Gravure de sph\u00e8res : 25\u2013130 mm   Longueur maximale de gravure : 500 mm   Compatible avec Extension Pocket Add-on, Riser Stands et Rotary Support Tower Add-on pour objets larges ou tr\u00e8s longs.","og_url":"https:\/\/fluxlasers.eu\/fr\/produit\/chuck-rotary-add-on-ador\/","og_site_name":"Flux - Bomedia","og_image":[{"width":823,"height":823,"url":"https:\/\/fluxlasers.eu\/wp-content\/uploads\/2025\/12\/Beambox_II_Chuck_Rotary_5533092e-0e89-4817-bee8-061c59141f991.png","type":"image\/png"}],"twitter_card":"summary_large_image","twitter_misc":{"Dur\u00e9e de lecture estim\u00e9e":"1 minute"},"schema":{"@context":"https:\/\/schema.org","@graph":[{"@type":"WebPage","@id":"https:\/\/fluxlasers.eu\/fr\/produit\/chuck-rotary-add-on-ador\/","url":"https:\/\/fluxlasers.eu\/fr\/produit\/chuck-rotary-add-on-ador\/","name":"Chuck Rotary Add-on \u2013 Ador - Flux - Bomedia","isPartOf":{"@id":"https:\/\/fluxlasers.eu\/fr\/#website"},"primaryImageOfPage":{"@id":"https:\/\/fluxlasers.eu\/fr\/produit\/chuck-rotary-add-on-ador\/#primaryimage"},"image":{"@id":"https:\/\/fluxlasers.eu\/fr\/produit\/chuck-rotary-add-on-ador\/#primaryimage"},"thumbnailUrl":"https:\/\/fluxlasers.eu\/wp-content\/uploads\/2025\/12\/Beambox_II_Chuck_Rotary_5533092e-0e89-4817-bee8-061c59141f991.png","datePublished":"2025-12-11T09:03:48+00:00","breadcrumb":{"@id":"https:\/\/fluxlasers.eu\/fr\/produit\/chuck-rotary-add-on-ador\/#breadcrumb"},"inLanguage":"fr-FR","potentialAction":[{"@type":"ReadAction","target":["https:\/\/fluxlasers.eu\/fr\/produit\/chuck-rotary-add-on-ador\/"]}]},{"@type":"ImageObject","inLanguage":"fr-FR","@id":"https:\/\/fluxlasers.eu\/fr\/produit\/chuck-rotary-add-on-ador\/#primaryimage","url":"https:\/\/fluxlasers.eu\/wp-content\/uploads\/2025\/12\/Beambox_II_Chuck_Rotary_5533092e-0e89-4817-bee8-061c59141f991.png","contentUrl":"https:\/\/fluxlasers.eu\/wp-content\/uploads\/2025\/12\/Beambox_II_Chuck_Rotary_5533092e-0e89-4817-bee8-061c59141f991.png","width":823,"height":823},{"@type":"BreadcrumbList","@id":"https:\/\/fluxlasers.eu\/fr\/produit\/chuck-rotary-add-on-ador\/#breadcrumb","itemListElement":[{"@type":"ListItem","position":1,"name":"Portada","item":"https:\/\/fluxlasers.eu\/fr\/accueil\/"},{"@type":"ListItem","position":2,"name":"Boutique","item":"https:\/\/fluxlasers.eu\/fr\/boutique\/"},{"@type":"ListItem","position":3,"name":"Chuck Rotary Add-on \u2013 Ador"}]},{"@type":"WebSite","@id":"https:\/\/fluxlasers.eu\/fr\/#website","url":"https:\/\/fluxlasers.eu\/fr\/","name":"Flux - Bomedia","description":"D\u00e9coupeuses et graveuses laser","publisher":{"@id":"https:\/\/fluxlasers.eu\/fr\/#organization"},"potentialAction":[{"@type":"SearchAction","target":{"@type":"EntryPoint","urlTemplate":"https:\/\/fluxlasers.eu\/fr\/?s={search_term_string}"},"query-input":{"@type":"PropertyValueSpecification","valueRequired":true,"valueName":"search_term_string"}}],"inLanguage":"fr-FR"},{"@type":"Organization","@id":"https:\/\/fluxlasers.eu\/fr\/#organization","name":"Fluxlasers Espa\u00f1a","url":"https:\/\/fluxlasers.eu\/fr\/","logo":{"@type":"ImageObject","inLanguage":"fr-FR","@id":"https:\/\/fluxlasers.eu\/fr\/#\/schema\/logo\/image\/","url":"https:\/\/fluxlasers.eu\/wp-content\/uploads\/2021\/03\/logofluxspainc.png","contentUrl":"https:\/\/fluxlasers.eu\/wp-content\/uploads\/2021\/03\/logofluxspainc.png","width":350,"height":217,"caption":"Fluxlasers Espa\u00f1a"},"image":{"@id":"https:\/\/fluxlasers.eu\/fr\/#\/schema\/logo\/image\/"}}]}},"_links":{"self":[{"href":"https:\/\/fluxlasers.eu\/fr\/wp-json\/wp\/v2\/product\/8788","targetHints":{"allow":["GET"]}}],"collection":[{"href":"https:\/\/fluxlasers.eu\/fr\/wp-json\/wp\/v2\/product"}],"about":[{"href":"https:\/\/fluxlasers.eu\/fr\/wp-json\/wp\/v2\/types\/product"}],"replies":[{"embeddable":true,"href":"https:\/\/fluxlasers.eu\/fr\/wp-json\/wp\/v2\/comments?post=8788"}],"wp:featuredmedia":[{"embeddable":true,"href":"https:\/\/fluxlasers.eu\/fr\/wp-json\/wp\/v2\/media\/4299"}],"wp:attachment":[{"href":"https:\/\/fluxlasers.eu\/fr\/wp-json\/wp\/v2\/media?parent=8788"}],"wp:term":[{"taxonomy":"product_brand","embeddable":true,"href":"https:\/\/fluxlasers.eu\/fr\/wp-json\/wp\/v2\/product_brand?post=8788"},{"taxonomy":"product_cat","embeddable":true,"href":"https:\/\/fluxlasers.eu\/fr\/wp-json\/wp\/v2\/product_cat?post=8788"},{"taxonomy":"product_tag","embeddable":true,"href":"https:\/\/fluxlasers.eu\/fr\/wp-json\/wp\/v2\/product_tag?post=8788"}],"curies":[{"name":"wp","href":"https:\/\/api.w.org\/{rel}","templated":true}]}}