{"id":8784,"date":"2025-12-11T10:32:03","date_gmt":"2025-12-11T09:32:03","guid":{"rendered":"https:\/\/fluxlasers.eu\/producto\/chuck-rotary-add-on-hexa\/"},"modified":"2025-12-11T10:32:03","modified_gmt":"2025-12-11T09:32:03","slug":"chuck-rotary-add-on-hexa","status":"publish","type":"product","link":"https:\/\/fluxlasers.eu\/fr\/produit\/chuck-rotary-add-on-hexa\/","title":{"rendered":"Chuck Rotary Add-on \u2013 Hexa"},"content":{"rendered":"<h3 style=\"text-align: center;\" data-start=\"248\" data-end=\"314\">Gravure rotative professionnelle pour cylindres, bagues et sph\u00e8res<\/h3>\n<p style=\"text-align: center;\" data-start=\"316\" data-end=\"719\">Le <strong data-start=\"319\" data-end=\"347\">HEXA Chuck Rotary Add-on<\/strong> \u00e9tend consid\u00e9rablement les capacit\u00e9s de votre FLUX HEXA, vous permettant de r\u00e9aliser une gravure rotative \u00e0 360\u00b0 sur des objets cylindriques, des bagues et des sph\u00e8res avec une pr\u00e9cision impeccable. \u00c9quip\u00e9 de mors droits, en L et hexagonaux, il s&rsquo;adapte facilement \u00e0 diff\u00e9rents diam\u00e8tres et g\u00e9om\u00e9tries, offrant un maintien stable et une finition professionnelle pour chaque projet. <\/p>\n<p style=\"text-align: center;\" data-start=\"721\" data-end=\"920\">C&rsquo;est l&rsquo;outil id\u00e9al pour personnaliser des bouteilles, des verres isothermes, des coupes, des outils, des pi\u00e8ces cylindriques techniques, des sph\u00e8res d\u00e9coratives et une grande vari\u00e9t\u00e9 de produits commerciaux ou artisanaux.<\/p>\n<hr data-start=\"922\" data-end=\"925\">\n<h2 style=\"text-align: center;\" data-start=\"927\" data-end=\"966\"><strong data-start=\"930\" data-end=\"966\">Polyvalence en tailles et formes<\/strong><\/h2>\n<p style=\"text-align: center;\" data-start=\"968\" data-end=\"1124\">Le Chuck Rotary pour HEXA permet un diam\u00e8tre de gravure pour les cylindres de <strong data-start=\"1043\" data-end=\"1056\">1 \u00e0 70 mm<\/strong>, pour les bagues de <strong data-start=\"1074\" data-end=\"1088\">11 \u00e0 70 mm<\/strong> et pour les sph\u00e8res de <strong data-start=\"1107\" data-end=\"1121\">25 \u00e0 70 mm<\/strong>.<\/p>\n<p style=\"text-align: center;\" data-start=\"1126\" data-end=\"1323\">Sa <strong data-start=\"1129\" data-end=\"1169\">longueur maximale de gravure de 610 mm<\/strong> en fait une solution id\u00e9ale pour travailler avec des pi\u00e8ces longues, comme des bouteilles de vin, des r\u00e9cipients allong\u00e9s ou des \u00e9l\u00e9ments de design de plus grande taille.<\/p>\n<p style=\"text-align: center;\" data-start=\"1325\" data-end=\"1461\">De plus, son angle d&rsquo;inclinaison de <strong data-start=\"1361\" data-end=\"1376\">\u201330\u00b0 \u00e0 180\u00b0<\/strong> offre une plage suppl\u00e9mentaire pour positionner la pi\u00e8ce \u00e0 l&rsquo;angle de travail parfait.<\/p>\n<hr data-start=\"1463\" data-end=\"1466\">\n<h2 style=\"text-align: center;\" data-start=\"1468\" data-end=\"1526\"><strong data-start=\"1471\" data-end=\"1526\">Con\u00e7u pour les projets longs et les objets sp\u00e9ciaux<\/strong><\/h2>\n<p style=\"text-align: center;\" data-start=\"1528\" data-end=\"1760\">Pour les objets tr\u00e8s allong\u00e9s \u2014 comme les verres \u00e0 vin, les bouteilles hautes ou m\u00eame les battes de baseball \u2014 il est recommand\u00e9 de le combiner avec la <a href=\"https:\/\/fluxlasers.eu\/producto\/rotary-support-tower-add-on\/\"><strong data-start=\"1651\" data-end=\"1675\">Rotary Support Tower<\/strong><\/a>, qui ajoute un point d&rsquo;appui suppl\u00e9mentaire et garantit une rotation stable sans vibrations.<\/p>\n<hr data-start=\"1762\" data-end=\"1765\">\n<h2 style=\"text-align: center;\" data-start=\"1767\" data-end=\"1826\"><strong data-start=\"1770\" data-end=\"1826\">Sp\u00e9cifications techniques \u2014 HEXA Chuck Rotary Add-on<\/strong><\/h2>\n<p style=\"text-align: center;\" data-start=\"1828\" data-end=\"2122\">Dimensions : 300 \u00d7 103 \u00d7 125 mm<br data-start=\"1859\" data-end=\"1862\">Poids : 1,65 kg<br data-start=\"1875\" data-end=\"1878\">Poids maximal de serrage : 1,50 kg<br data-start=\"1910\" data-end=\"1913\">Angle d&rsquo;inclinaison : \u201330\u00b0 \u00e0 180\u00b0<br data-start=\"1947\" data-end=\"1950\">Diam\u00e8tre de gravure pour cylindres : 1\u201370 mm<br data-start=\"1993\" data-end=\"1996\">Diam\u00e8tre de gravure pour bagues : 11\u201370 mm<br data-start=\"2038\" data-end=\"2041\">Diam\u00e8tre de gravure pour sph\u00e8res : 25\u201370 mm<br data-start=\"2083\" data-end=\"2086\">Longueur maximale de gravure : 610 mm<\/p>\n","protected":false},"excerpt":{"rendered":"<p>Le <strong data-start=\"2183\" data-end=\"2211\">HEXA Chuck Rotary Add-on<\/strong> permet une gravure rotative \u00e0 360\u00b0 sur des cylindres, des bagues et des sph\u00e8res avec des diam\u00e8tres allant jusqu&rsquo;\u00e0 70 mm et des longueurs allant jusqu&rsquo;\u00e0 610 mm. Ses mors interchangeables garantissent un serrage pr\u00e9cis pour de multiples formes, et il peut \u00eatre combin\u00e9 avec la <strong data-start=\"2439\" data-end=\"2463\">Rotary Support Tower<\/strong> pour travailler avec des objets longs tout en maintenant une stabilit\u00e9 parfaite. <\/p>\n","protected":false},"featured_media":4317,"comment_status":"closed","ping_status":"closed","template":"","meta":[],"product_brand":[],"product_cat":[324,328],"product_tag":[],"class_list":{"0":"post-8784","1":"product","2":"type-product","3":"status-publish","4":"has-post-thumbnail","6":"product_cat-accessoires","7":"product_cat-accessoires-hexa","9":"first","10":"instock","11":"taxable","12":"shipping-taxable","13":"purchasable","14":"product-type-simple"},"yoast_head":"<!-- This site is optimized with the Yoast SEO plugin v27.0 - https:\/\/yoast.com\/product\/yoast-seo-wordpress\/ -->\n<title>Chuck Rotary Add-on \u2013 Hexa - Flux - Bomedia<\/title>\n<meta name=\"robots\" content=\"index, follow, max-snippet:-1, max-image-preview:large, max-video-preview:-1\" \/>\n<link rel=\"canonical\" href=\"https:\/\/fluxlasers.eu\/fr\/produit\/chuck-rotary-add-on-hexa\/\" \/>\n<meta property=\"og:locale\" content=\"fr_FR\" \/>\n<meta property=\"og:type\" content=\"article\" \/>\n<meta property=\"og:title\" content=\"Chuck Rotary Add-on \u2013 Hexa - Flux - Bomedia\" \/>\n<meta property=\"og:description\" content=\"Le HEXA Chuck Rotary Add-on permet une gravure rotative \u00e0 360\u00b0 sur des cylindres, des bagues et des sph\u00e8res avec des diam\u00e8tres allant jusqu&#039;\u00e0 70 mm et des longueurs allant jusqu&#039;\u00e0 610 mm. Ses mors interchangeables garantissent un serrage pr\u00e9cis pour de multiples formes, et il peut \u00eatre combin\u00e9 avec la Rotary Support Tower pour travailler avec des objets longs tout en maintenant une stabilit\u00e9 parfaite.\" \/>\n<meta property=\"og:url\" content=\"https:\/\/fluxlasers.eu\/fr\/produit\/chuck-rotary-add-on-hexa\/\" \/>\n<meta property=\"og:site_name\" content=\"Flux - Bomedia\" \/>\n<meta property=\"og:image\" content=\"https:\/\/fluxlasers.eu\/wp-content\/uploads\/2025\/12\/HEXA_07454279-f63a-4159-b5ee-6858611469bd.png\" \/>\n\t<meta property=\"og:image:width\" content=\"823\" \/>\n\t<meta property=\"og:image:height\" content=\"823\" \/>\n\t<meta property=\"og:image:type\" content=\"image\/png\" \/>\n<meta name=\"twitter:card\" content=\"summary_large_image\" \/>\n<meta name=\"twitter:label1\" content=\"Dur\u00e9e de lecture estim\u00e9e\" \/>\n\t<meta name=\"twitter:data1\" content=\"2 minutes\" \/>\n<script type=\"application\/ld+json\" class=\"yoast-schema-graph\">{\"@context\":\"https:\/\/schema.org\",\"@graph\":[{\"@type\":\"WebPage\",\"@id\":\"https:\/\/fluxlasers.eu\/fr\/produit\/chuck-rotary-add-on-hexa\/\",\"url\":\"https:\/\/fluxlasers.eu\/fr\/produit\/chuck-rotary-add-on-hexa\/\",\"name\":\"Chuck Rotary Add-on \u2013 Hexa - Flux - Bomedia\",\"isPartOf\":{\"@id\":\"https:\/\/fluxlasers.eu\/fr\/#website\"},\"primaryImageOfPage\":{\"@id\":\"https:\/\/fluxlasers.eu\/fr\/produit\/chuck-rotary-add-on-hexa\/#primaryimage\"},\"image\":{\"@id\":\"https:\/\/fluxlasers.eu\/fr\/produit\/chuck-rotary-add-on-hexa\/#primaryimage\"},\"thumbnailUrl\":\"https:\/\/fluxlasers.eu\/wp-content\/uploads\/2025\/12\/HEXA_07454279-f63a-4159-b5ee-6858611469bd.png\",\"datePublished\":\"2025-12-11T09:32:03+00:00\",\"breadcrumb\":{\"@id\":\"https:\/\/fluxlasers.eu\/fr\/produit\/chuck-rotary-add-on-hexa\/#breadcrumb\"},\"inLanguage\":\"fr-FR\",\"potentialAction\":[{\"@type\":\"ReadAction\",\"target\":[\"https:\/\/fluxlasers.eu\/fr\/produit\/chuck-rotary-add-on-hexa\/\"]}]},{\"@type\":\"ImageObject\",\"inLanguage\":\"fr-FR\",\"@id\":\"https:\/\/fluxlasers.eu\/fr\/produit\/chuck-rotary-add-on-hexa\/#primaryimage\",\"url\":\"https:\/\/fluxlasers.eu\/wp-content\/uploads\/2025\/12\/HEXA_07454279-f63a-4159-b5ee-6858611469bd.png\",\"contentUrl\":\"https:\/\/fluxlasers.eu\/wp-content\/uploads\/2025\/12\/HEXA_07454279-f63a-4159-b5ee-6858611469bd.png\",\"width\":823,\"height\":823},{\"@type\":\"BreadcrumbList\",\"@id\":\"https:\/\/fluxlasers.eu\/fr\/produit\/chuck-rotary-add-on-hexa\/#breadcrumb\",\"itemListElement\":[{\"@type\":\"ListItem\",\"position\":1,\"name\":\"Portada\",\"item\":\"https:\/\/fluxlasers.eu\/fr\/accueil\/\"},{\"@type\":\"ListItem\",\"position\":2,\"name\":\"Boutique\",\"item\":\"https:\/\/fluxlasers.eu\/fr\/boutique\/\"},{\"@type\":\"ListItem\",\"position\":3,\"name\":\"Chuck Rotary Add-on \u2013 Hexa\"}]},{\"@type\":\"WebSite\",\"@id\":\"https:\/\/fluxlasers.eu\/fr\/#website\",\"url\":\"https:\/\/fluxlasers.eu\/fr\/\",\"name\":\"Flux - Bomedia\",\"description\":\"D\u00e9coupeuses et graveuses laser\",\"publisher\":{\"@id\":\"https:\/\/fluxlasers.eu\/fr\/#organization\"},\"potentialAction\":[{\"@type\":\"SearchAction\",\"target\":{\"@type\":\"EntryPoint\",\"urlTemplate\":\"https:\/\/fluxlasers.eu\/fr\/?s={search_term_string}\"},\"query-input\":{\"@type\":\"PropertyValueSpecification\",\"valueRequired\":true,\"valueName\":\"search_term_string\"}}],\"inLanguage\":\"fr-FR\"},{\"@type\":\"Organization\",\"@id\":\"https:\/\/fluxlasers.eu\/fr\/#organization\",\"name\":\"Fluxlasers Espa\u00f1a\",\"url\":\"https:\/\/fluxlasers.eu\/fr\/\",\"logo\":{\"@type\":\"ImageObject\",\"inLanguage\":\"fr-FR\",\"@id\":\"https:\/\/fluxlasers.eu\/fr\/#\/schema\/logo\/image\/\",\"url\":\"https:\/\/fluxlasers.eu\/wp-content\/uploads\/2021\/03\/logofluxspainc.png\",\"contentUrl\":\"https:\/\/fluxlasers.eu\/wp-content\/uploads\/2021\/03\/logofluxspainc.png\",\"width\":350,\"height\":217,\"caption\":\"Fluxlasers Espa\u00f1a\"},\"image\":{\"@id\":\"https:\/\/fluxlasers.eu\/fr\/#\/schema\/logo\/image\/\"}}]}<\/script>\n<!-- \/ Yoast SEO plugin. -->","yoast_head_json":{"title":"Chuck Rotary Add-on \u2013 Hexa - Flux - Bomedia","robots":{"index":"index","follow":"follow","max-snippet":"max-snippet:-1","max-image-preview":"max-image-preview:large","max-video-preview":"max-video-preview:-1"},"canonical":"https:\/\/fluxlasers.eu\/fr\/produit\/chuck-rotary-add-on-hexa\/","og_locale":"fr_FR","og_type":"article","og_title":"Chuck Rotary Add-on \u2013 Hexa - Flux - Bomedia","og_description":"Le HEXA Chuck Rotary Add-on permet une gravure rotative \u00e0 360\u00b0 sur des cylindres, des bagues et des sph\u00e8res avec des diam\u00e8tres allant jusqu'\u00e0 70 mm et des longueurs allant jusqu'\u00e0 610 mm. Ses mors interchangeables garantissent un serrage pr\u00e9cis pour de multiples formes, et il peut \u00eatre combin\u00e9 avec la Rotary Support Tower pour travailler avec des objets longs tout en maintenant une stabilit\u00e9 parfaite.","og_url":"https:\/\/fluxlasers.eu\/fr\/produit\/chuck-rotary-add-on-hexa\/","og_site_name":"Flux - Bomedia","og_image":[{"width":823,"height":823,"url":"https:\/\/fluxlasers.eu\/wp-content\/uploads\/2025\/12\/HEXA_07454279-f63a-4159-b5ee-6858611469bd.png","type":"image\/png"}],"twitter_card":"summary_large_image","twitter_misc":{"Dur\u00e9e de lecture estim\u00e9e":"2 minutes"},"schema":{"@context":"https:\/\/schema.org","@graph":[{"@type":"WebPage","@id":"https:\/\/fluxlasers.eu\/fr\/produit\/chuck-rotary-add-on-hexa\/","url":"https:\/\/fluxlasers.eu\/fr\/produit\/chuck-rotary-add-on-hexa\/","name":"Chuck Rotary Add-on \u2013 Hexa - Flux - Bomedia","isPartOf":{"@id":"https:\/\/fluxlasers.eu\/fr\/#website"},"primaryImageOfPage":{"@id":"https:\/\/fluxlasers.eu\/fr\/produit\/chuck-rotary-add-on-hexa\/#primaryimage"},"image":{"@id":"https:\/\/fluxlasers.eu\/fr\/produit\/chuck-rotary-add-on-hexa\/#primaryimage"},"thumbnailUrl":"https:\/\/fluxlasers.eu\/wp-content\/uploads\/2025\/12\/HEXA_07454279-f63a-4159-b5ee-6858611469bd.png","datePublished":"2025-12-11T09:32:03+00:00","breadcrumb":{"@id":"https:\/\/fluxlasers.eu\/fr\/produit\/chuck-rotary-add-on-hexa\/#breadcrumb"},"inLanguage":"fr-FR","potentialAction":[{"@type":"ReadAction","target":["https:\/\/fluxlasers.eu\/fr\/produit\/chuck-rotary-add-on-hexa\/"]}]},{"@type":"ImageObject","inLanguage":"fr-FR","@id":"https:\/\/fluxlasers.eu\/fr\/produit\/chuck-rotary-add-on-hexa\/#primaryimage","url":"https:\/\/fluxlasers.eu\/wp-content\/uploads\/2025\/12\/HEXA_07454279-f63a-4159-b5ee-6858611469bd.png","contentUrl":"https:\/\/fluxlasers.eu\/wp-content\/uploads\/2025\/12\/HEXA_07454279-f63a-4159-b5ee-6858611469bd.png","width":823,"height":823},{"@type":"BreadcrumbList","@id":"https:\/\/fluxlasers.eu\/fr\/produit\/chuck-rotary-add-on-hexa\/#breadcrumb","itemListElement":[{"@type":"ListItem","position":1,"name":"Portada","item":"https:\/\/fluxlasers.eu\/fr\/accueil\/"},{"@type":"ListItem","position":2,"name":"Boutique","item":"https:\/\/fluxlasers.eu\/fr\/boutique\/"},{"@type":"ListItem","position":3,"name":"Chuck Rotary Add-on \u2013 Hexa"}]},{"@type":"WebSite","@id":"https:\/\/fluxlasers.eu\/fr\/#website","url":"https:\/\/fluxlasers.eu\/fr\/","name":"Flux - Bomedia","description":"D\u00e9coupeuses et graveuses laser","publisher":{"@id":"https:\/\/fluxlasers.eu\/fr\/#organization"},"potentialAction":[{"@type":"SearchAction","target":{"@type":"EntryPoint","urlTemplate":"https:\/\/fluxlasers.eu\/fr\/?s={search_term_string}"},"query-input":{"@type":"PropertyValueSpecification","valueRequired":true,"valueName":"search_term_string"}}],"inLanguage":"fr-FR"},{"@type":"Organization","@id":"https:\/\/fluxlasers.eu\/fr\/#organization","name":"Fluxlasers Espa\u00f1a","url":"https:\/\/fluxlasers.eu\/fr\/","logo":{"@type":"ImageObject","inLanguage":"fr-FR","@id":"https:\/\/fluxlasers.eu\/fr\/#\/schema\/logo\/image\/","url":"https:\/\/fluxlasers.eu\/wp-content\/uploads\/2021\/03\/logofluxspainc.png","contentUrl":"https:\/\/fluxlasers.eu\/wp-content\/uploads\/2021\/03\/logofluxspainc.png","width":350,"height":217,"caption":"Fluxlasers Espa\u00f1a"},"image":{"@id":"https:\/\/fluxlasers.eu\/fr\/#\/schema\/logo\/image\/"}}]}},"_links":{"self":[{"href":"https:\/\/fluxlasers.eu\/fr\/wp-json\/wp\/v2\/product\/8784","targetHints":{"allow":["GET"]}}],"collection":[{"href":"https:\/\/fluxlasers.eu\/fr\/wp-json\/wp\/v2\/product"}],"about":[{"href":"https:\/\/fluxlasers.eu\/fr\/wp-json\/wp\/v2\/types\/product"}],"replies":[{"embeddable":true,"href":"https:\/\/fluxlasers.eu\/fr\/wp-json\/wp\/v2\/comments?post=8784"}],"wp:featuredmedia":[{"embeddable":true,"href":"https:\/\/fluxlasers.eu\/fr\/wp-json\/wp\/v2\/media\/4317"}],"wp:attachment":[{"href":"https:\/\/fluxlasers.eu\/fr\/wp-json\/wp\/v2\/media?parent=8784"}],"wp:term":[{"taxonomy":"product_brand","embeddable":true,"href":"https:\/\/fluxlasers.eu\/fr\/wp-json\/wp\/v2\/product_brand?post=8784"},{"taxonomy":"product_cat","embeddable":true,"href":"https:\/\/fluxlasers.eu\/fr\/wp-json\/wp\/v2\/product_cat?post=8784"},{"taxonomy":"product_tag","embeddable":true,"href":"https:\/\/fluxlasers.eu\/fr\/wp-json\/wp\/v2\/product_tag?post=8784"}],"curies":[{"name":"wp","href":"https:\/\/api.w.org\/{rel}","templated":true}]}}