{"id":8763,"date":"2025-12-11T09:37:22","date_gmt":"2025-12-11T08:37:22","guid":{"rendered":"https:\/\/fluxlasers.eu\/producto\/module-rotatif-a-mandrin-beambox-ii\/"},"modified":"2025-12-11T09:37:22","modified_gmt":"2025-12-11T08:37:22","slug":"module-rotatif-a-mandrin-beambox-ii","status":"publish","type":"product","link":"https:\/\/fluxlasers.eu\/fr\/produit\/module-rotatif-a-mandrin-beambox-ii\/","title":{"rendered":"Module rotatif \u00e0 mandrin \u2013 Beambox II"},"content":{"rendered":"<h1 style=\"text-align: center;\" data-start=\"95\" data-end=\"135\"><strong data-start=\"97\" data-end=\"133\">Beambox II <\/strong><strong data-start=\"97\" data-end=\"133\">\u2013 Module rotatif \u00e0 mandrin<\/strong><\/h1>\n<h3 style=\"text-align: center;\" data-start=\"136\" data-end=\"210\"><strong data-start=\"140\" data-end=\"210\">Gravure \u00e0 360\u00b0 pour objets cylindriques, sph\u00e8res et formes sp\u00e9ciales<\/strong><\/h3>\n<p><img decoding=\"async\" class=\"aligncenter size-large wp-image-4292\" src=\"https:\/\/fluxlasers.eu\/wp-content\/uploads\/2025\/12\/0E5A3640-1-1024x683.jpg\" alt=\"\" width=\"750\" height=\"500\" srcset=\"https:\/\/fluxlasers.eu\/wp-content\/uploads\/2025\/12\/0E5A3640-1-1024x683.jpg 1024w, https:\/\/fluxlasers.eu\/wp-content\/uploads\/2025\/12\/0E5A3640-1-300x200.jpg 300w, https:\/\/fluxlasers.eu\/wp-content\/uploads\/2025\/12\/0E5A3640-1-768x512.jpg 768w, https:\/\/fluxlasers.eu\/wp-content\/uploads\/2025\/12\/0E5A3640-1-1536x1024.jpg 1536w, https:\/\/fluxlasers.eu\/wp-content\/uploads\/2025\/12\/0E5A3640-1-600x400.jpg 600w, https:\/\/fluxlasers.eu\/wp-content\/uploads\/2025\/12\/0E5A3640-1.jpg 1920w\" sizes=\"(max-width: 750px) 100vw, 750px\" \/><\/p>\n<p style=\"text-align: center;\" data-start=\"212\" data-end=\"592\">Le <strong data-start=\"215\" data-end=\"238\">Module rotatif \u00e0 mandrin<\/strong> transforme votre Beambox II en un outil de gravure rotative professionnel, vous permettant de travailler sur des objets cylindriques, sph\u00e9riques et des g\u00e9om\u00e9tries complexes avec une pr\u00e9cision totale. Gr\u00e2ce \u00e0 ses m\u00e2choires interchangeables \u2014 droites, en L et hexagonales \u2014 il s&rsquo;adapte \u00e0 des diam\u00e8tres tr\u00e8s vari\u00e9s et offre une fixation stable pour des r\u00e9sultats parfaits \u00e0 chaque rotation. <\/p>\n<p style=\"text-align: center;\" data-start=\"594\" data-end=\"785\">Id\u00e9al pour personnaliser bouteilles, thermos, verres, tasses, bagues, sph\u00e8res d\u00e9coratives, outils et bien plus encore, \u00e9largissant radicalement les possibilit\u00e9s cr\u00e9atives et commerciales de votre machine.<\/p>\n<hr data-start=\"787\" data-end=\"790\">\n<h2 style=\"text-align: center;\" data-start=\"792\" data-end=\"837\"><strong data-start=\"795\" data-end=\"837\">Polyvalence totale en termes de tailles et de formes<\/strong><\/h2>\n<p style=\"text-align: center;\" data-start=\"839\" data-end=\"1174\">Le module rotatif \u00e0 mandrin permet un diam\u00e8tre de gravure pour les objets cylindriques de <strong data-start=\"914\" data-end=\"928\">1 \u00e0 145 mm<\/strong>, un diam\u00e8tre pour les bagues de <strong data-start=\"958\" data-end=\"973\">11 \u00e0 145 mm<\/strong>, un diam\u00e8tre pour les sph\u00e8res de <strong data-start=\"1003\" data-end=\"1018\">25 \u00e0 130 mm<\/strong> et une longueur maximale de gravure de <strong data-start=\"1055\" data-end=\"1065\">500 mm<\/strong>.<br data-start=\"1066\" data-end=\"1069\">Des bagues d\u00e9licates aux bouteilles de grande taille, vous pourrez travailler en toute s\u00e9curit\u00e9 et pr\u00e9cision \u00e0 360\u00b0.<\/p>\n<p data-start=\"839\" data-end=\"1174\"><img decoding=\"async\" class=\"aligncenter size-full wp-image-4244\" src=\"https:\/\/fluxlasers.eu\/wp-content\/uploads\/2025\/12\/0E5A3709.jpg\" alt=\"\" width=\"1000\" height=\"667\" srcset=\"https:\/\/fluxlasers.eu\/wp-content\/uploads\/2025\/12\/0E5A3709.jpg 1000w, https:\/\/fluxlasers.eu\/wp-content\/uploads\/2025\/12\/0E5A3709-300x200.jpg 300w, https:\/\/fluxlasers.eu\/wp-content\/uploads\/2025\/12\/0E5A3709-768x512.jpg 768w, https:\/\/fluxlasers.eu\/wp-content\/uploads\/2025\/12\/0E5A3709-600x400.jpg 600w\" sizes=\"(max-width: 1000px) 100vw, 1000px\" \/><\/p>\n<hr data-start=\"1176\" data-end=\"1179\">\n<h2 style=\"text-align: center;\" data-start=\"1181\" data-end=\"1245\"><strong data-start=\"1184\" data-end=\"1245\">Compatible avec les modules cl\u00e9s pour \u00e9tendre les capacit\u00e9s<\/strong><\/h2>\n<p style=\"text-align: center;\" data-start=\"1247\" data-end=\"1812\">Le module rotatif \u00e0 mandrin fonctionne de mani\u00e8re impeccable avec des modules tels que l&rsquo;<strong data-start=\"1318\" data-end=\"1345\">Extension Pocket Add-on<\/strong>, qui permet de travailler avec de grands r\u00e9cipients comme les gobelets <em data-start=\"1407\" data-end=\"1422\">Stanley 40 oz<\/em> en augmentant la profondeur de travail ; les <strong data-start=\"1466\" data-end=\"1482\">Riser Stands<\/strong>, qui sur\u00e9l\u00e8vent la rotation et offrent l&rsquo;espace n\u00e9cessaire pour les objets larges avec poign\u00e9es ; et le <strong data-start=\"1573\" data-end=\"1604\">Rotary Support Tower Add-on<\/strong>, recommand\u00e9 pour les pi\u00e8ces tr\u00e8s longues comme les verres \u00e0 vin, les bouteilles ou les battes de baseball.<br data-start=\"1690\" data-end=\"1693\">Ces accessoires garantissent un travail plus stable, une rotation plus fluide et une plus grande vari\u00e9t\u00e9 d&rsquo;objets personnalisables.<\/p>\n<hr data-start=\"1814\" data-end=\"1817\">\n<h2 style=\"text-align: center;\" data-start=\"1819\" data-end=\"1874\"><strong data-start=\"1822\" data-end=\"1874\">L&rsquo;outil parfait pour booster votre activit\u00e9<\/strong><\/h2>\n<p style=\"text-align: center;\" data-start=\"1876\" data-end=\"2234\">Le Module rotatif \u00e0 mandrin vous permet de proposer des produits personnalis\u00e9s auparavant impossibles \u00e0 r\u00e9aliser : thermos en acier, bouteilles de sport, verrerie, ustensiles, pi\u00e8ces cylindriques techniques, cadeaux d&rsquo;entreprise ou merchandising professionnel. C&rsquo;est un accessoire indispensable si vous souhaitez \u00e9largir votre catalogue et vous d\u00e9marquer avec des gravures enveloppantes de haute pr\u00e9cision. <\/p>\n<hr data-start=\"2236\" data-end=\"2239\">\n<h2 style=\"text-align: center;\" data-start=\"2241\" data-end=\"2295\"><strong data-start=\"2244\" data-end=\"2295\">Sp\u00e9cifications techniques \u2014 Module rotatif \u00e0 mandrin<\/strong><\/h2>\n<p style=\"text-align: center;\" data-start=\"2297\" data-end=\"2484\">Diam\u00e8tre pour gravure cylindrique : <strong data-start=\"2331\" data-end=\"2343\">1\u2013145 mm<\/strong><br data-start=\"2343\" data-end=\"2346\">Diam\u00e8tre pour gravure de bagues : <strong data-start=\"2380\" data-end=\"2393\">11\u2013145 mm<\/strong><br data-start=\"2393\" data-end=\"2396\">Diam\u00e8tre pour gravure de sph\u00e8res : <strong data-start=\"2430\" data-end=\"2443\">25\u2013130 mm<\/strong><br data-start=\"2443\" data-end=\"2446\">Longueur maximale de gravure : <strong data-start=\"2474\" data-end=\"2484\">500 mm<\/strong><\/p>\n","protected":false},"excerpt":{"rendered":"<p>Le <strong data-start=\"188\" data-end=\"227\">Module rotatif \u00e0 mandrin pour Beambox II<\/strong> permet une gravure rotative \u00e0 360\u00b0 sur cylindres, bagues et sph\u00e8res avec une pr\u00e9cision exceptionnelle. Gr\u00e2ce \u00e0 ses m\u00e2choires interchangeables, il s&rsquo;adapte \u00e0 une grande vari\u00e9t\u00e9 de diam\u00e8tres et de formes, id\u00e9al pour personnaliser bouteilles, gobelets isothermes, verres, outils ou pi\u00e8ces techniques. Compatible avec des accessoires tels que l&rsquo;Extension Pocket et les Riser Stands, il maximise la polyvalence de votre machine et ouvre de nouvelles possibilit\u00e9s cr\u00e9atives et commerciales.  <\/p>\n<ul>\n<li data-start=\"729\" data-end=\"765\">\n<p data-start=\"731\" data-end=\"765\">Gravure cylindrique : <strong data-start=\"751\" data-end=\"763\">1\u2013145 mm<\/strong><\/p>\n<\/li>\n<li data-start=\"766\" data-end=\"803\">\n<p data-start=\"768\" data-end=\"803\">Gravure de bagues : <strong data-start=\"788\" data-end=\"801\">11\u2013145 mm<\/strong><\/p>\n<\/li>\n<li data-start=\"804\" data-end=\"841\">\n<p data-start=\"806\" data-end=\"841\">Gravure de sph\u00e8res : <strong data-start=\"826\" data-end=\"839\">25\u2013130 mm<\/strong><\/p>\n<\/li>\n<li data-start=\"842\" data-end=\"884\">\n<p data-start=\"844\" data-end=\"884\">Longueur maximale de gravure : <strong data-start=\"872\" data-end=\"882\">500 mm<\/strong><\/p>\n<\/li>\n<li data-start=\"885\" data-end=\"1003\">\n<p data-start=\"887\" data-end=\"1003\">Compatible avec l&rsquo;Extension Pocket Add-on, les Riser Stands et le Rotary Support Tower Add-on pour les objets larges ou tr\u00e8s longs.<\/p>\n<\/li>\n<\/ul>\n","protected":false},"featured_media":4299,"comment_status":"closed","ping_status":"closed","template":"","meta":[],"product_brand":[],"product_cat":[324,325],"product_tag":[],"class_list":{"0":"post-8763","1":"product","2":"type-product","3":"status-publish","4":"has-post-thumbnail","6":"product_cat-accessoires","7":"product_cat-accessoires-beambox","9":"first","10":"instock","11":"taxable","12":"shipping-taxable","13":"purchasable","14":"product-type-simple"},"yoast_head":"<!-- This site is optimized with the Yoast SEO plugin v27.0 - https:\/\/yoast.com\/product\/yoast-seo-wordpress\/ -->\n<title>Module rotatif \u00e0 mandrin \u2013 Beambox II - Flux - Bomedia<\/title>\n<meta name=\"robots\" content=\"index, follow, max-snippet:-1, max-image-preview:large, max-video-preview:-1\" \/>\n<link rel=\"canonical\" href=\"https:\/\/fluxlasers.eu\/fr\/produit\/module-rotatif-a-mandrin-beambox-ii\/\" \/>\n<meta property=\"og:locale\" content=\"fr_FR\" \/>\n<meta property=\"og:type\" content=\"article\" \/>\n<meta property=\"og:title\" content=\"Module rotatif \u00e0 mandrin \u2013 Beambox II - Flux - Bomedia\" \/>\n<meta property=\"og:description\" content=\"Le Module rotatif \u00e0 mandrin pour Beambox II permet une gravure rotative \u00e0 360\u00b0 sur cylindres, bagues et sph\u00e8res avec une pr\u00e9cision exceptionnelle. Gr\u00e2ce \u00e0 ses m\u00e2choires interchangeables, il s&#039;adapte \u00e0 une grande vari\u00e9t\u00e9 de diam\u00e8tres et de formes, id\u00e9al pour personnaliser bouteilles, gobelets isothermes, verres, outils ou pi\u00e8ces techniques. Compatible avec des accessoires tels que l&#039;Extension Pocket et les Riser Stands, il maximise la polyvalence de votre machine et ouvre de nouvelles possibilit\u00e9s cr\u00e9atives et commerciales.    Gravure cylindrique : 1\u2013145 mm   Gravure de bagues : 11\u2013145 mm   Gravure de sph\u00e8res : 25\u2013130 mm   Longueur maximale de gravure : 500 mm   Compatible avec l&#039;Extension Pocket Add-on, les Riser Stands et le Rotary Support Tower Add-on pour les objets larges ou tr\u00e8s longs.\" \/>\n<meta property=\"og:url\" content=\"https:\/\/fluxlasers.eu\/fr\/produit\/module-rotatif-a-mandrin-beambox-ii\/\" \/>\n<meta property=\"og:site_name\" content=\"Flux - Bomedia\" \/>\n<meta property=\"og:image\" content=\"https:\/\/fluxlasers.eu\/wp-content\/uploads\/2025\/12\/Beambox_II_Chuck_Rotary_5533092e-0e89-4817-bee8-061c59141f991.png\" \/>\n\t<meta property=\"og:image:width\" content=\"823\" \/>\n\t<meta property=\"og:image:height\" content=\"823\" \/>\n\t<meta property=\"og:image:type\" content=\"image\/png\" \/>\n<meta name=\"twitter:card\" content=\"summary_large_image\" \/>\n<meta name=\"twitter:label1\" content=\"Dur\u00e9e de lecture estim\u00e9e\" \/>\n\t<meta name=\"twitter:data1\" content=\"2 minutes\" \/>\n<script type=\"application\/ld+json\" class=\"yoast-schema-graph\">{\"@context\":\"https:\/\/schema.org\",\"@graph\":[{\"@type\":\"WebPage\",\"@id\":\"https:\/\/fluxlasers.eu\/fr\/produit\/module-rotatif-a-mandrin-beambox-ii\/\",\"url\":\"https:\/\/fluxlasers.eu\/fr\/produit\/module-rotatif-a-mandrin-beambox-ii\/\",\"name\":\"Module rotatif \u00e0 mandrin \u2013 Beambox II - Flux - Bomedia\",\"isPartOf\":{\"@id\":\"https:\/\/fluxlasers.eu\/fr\/#website\"},\"primaryImageOfPage\":{\"@id\":\"https:\/\/fluxlasers.eu\/fr\/produit\/module-rotatif-a-mandrin-beambox-ii\/#primaryimage\"},\"image\":{\"@id\":\"https:\/\/fluxlasers.eu\/fr\/produit\/module-rotatif-a-mandrin-beambox-ii\/#primaryimage\"},\"thumbnailUrl\":\"https:\/\/fluxlasers.eu\/wp-content\/uploads\/2025\/12\/Beambox_II_Chuck_Rotary_5533092e-0e89-4817-bee8-061c59141f991.png\",\"datePublished\":\"2025-12-11T08:37:22+00:00\",\"breadcrumb\":{\"@id\":\"https:\/\/fluxlasers.eu\/fr\/produit\/module-rotatif-a-mandrin-beambox-ii\/#breadcrumb\"},\"inLanguage\":\"fr-FR\",\"potentialAction\":[{\"@type\":\"ReadAction\",\"target\":[\"https:\/\/fluxlasers.eu\/fr\/produit\/module-rotatif-a-mandrin-beambox-ii\/\"]}]},{\"@type\":\"ImageObject\",\"inLanguage\":\"fr-FR\",\"@id\":\"https:\/\/fluxlasers.eu\/fr\/produit\/module-rotatif-a-mandrin-beambox-ii\/#primaryimage\",\"url\":\"https:\/\/fluxlasers.eu\/wp-content\/uploads\/2025\/12\/Beambox_II_Chuck_Rotary_5533092e-0e89-4817-bee8-061c59141f991.png\",\"contentUrl\":\"https:\/\/fluxlasers.eu\/wp-content\/uploads\/2025\/12\/Beambox_II_Chuck_Rotary_5533092e-0e89-4817-bee8-061c59141f991.png\",\"width\":823,\"height\":823},{\"@type\":\"BreadcrumbList\",\"@id\":\"https:\/\/fluxlasers.eu\/fr\/produit\/module-rotatif-a-mandrin-beambox-ii\/#breadcrumb\",\"itemListElement\":[{\"@type\":\"ListItem\",\"position\":1,\"name\":\"Portada\",\"item\":\"https:\/\/fluxlasers.eu\/fr\/accueil\/\"},{\"@type\":\"ListItem\",\"position\":2,\"name\":\"Boutique\",\"item\":\"https:\/\/fluxlasers.eu\/fr\/boutique\/\"},{\"@type\":\"ListItem\",\"position\":3,\"name\":\"Module rotatif \u00e0 mandrin \u2013 Beambox II\"}]},{\"@type\":\"WebSite\",\"@id\":\"https:\/\/fluxlasers.eu\/fr\/#website\",\"url\":\"https:\/\/fluxlasers.eu\/fr\/\",\"name\":\"Flux - Bomedia\",\"description\":\"D\u00e9coupeuses et graveuses laser\",\"publisher\":{\"@id\":\"https:\/\/fluxlasers.eu\/fr\/#organization\"},\"potentialAction\":[{\"@type\":\"SearchAction\",\"target\":{\"@type\":\"EntryPoint\",\"urlTemplate\":\"https:\/\/fluxlasers.eu\/fr\/?s={search_term_string}\"},\"query-input\":{\"@type\":\"PropertyValueSpecification\",\"valueRequired\":true,\"valueName\":\"search_term_string\"}}],\"inLanguage\":\"fr-FR\"},{\"@type\":\"Organization\",\"@id\":\"https:\/\/fluxlasers.eu\/fr\/#organization\",\"name\":\"Fluxlasers Espa\u00f1a\",\"url\":\"https:\/\/fluxlasers.eu\/fr\/\",\"logo\":{\"@type\":\"ImageObject\",\"inLanguage\":\"fr-FR\",\"@id\":\"https:\/\/fluxlasers.eu\/fr\/#\/schema\/logo\/image\/\",\"url\":\"https:\/\/fluxlasers.eu\/wp-content\/uploads\/2021\/03\/logofluxspainc.png\",\"contentUrl\":\"https:\/\/fluxlasers.eu\/wp-content\/uploads\/2021\/03\/logofluxspainc.png\",\"width\":350,\"height\":217,\"caption\":\"Fluxlasers Espa\u00f1a\"},\"image\":{\"@id\":\"https:\/\/fluxlasers.eu\/fr\/#\/schema\/logo\/image\/\"}}]}<\/script>\n<!-- \/ Yoast SEO plugin. -->","yoast_head_json":{"title":"Module rotatif \u00e0 mandrin \u2013 Beambox II - Flux - Bomedia","robots":{"index":"index","follow":"follow","max-snippet":"max-snippet:-1","max-image-preview":"max-image-preview:large","max-video-preview":"max-video-preview:-1"},"canonical":"https:\/\/fluxlasers.eu\/fr\/produit\/module-rotatif-a-mandrin-beambox-ii\/","og_locale":"fr_FR","og_type":"article","og_title":"Module rotatif \u00e0 mandrin \u2013 Beambox II - Flux - Bomedia","og_description":"Le Module rotatif \u00e0 mandrin pour Beambox II permet une gravure rotative \u00e0 360\u00b0 sur cylindres, bagues et sph\u00e8res avec une pr\u00e9cision exceptionnelle. Gr\u00e2ce \u00e0 ses m\u00e2choires interchangeables, il s'adapte \u00e0 une grande vari\u00e9t\u00e9 de diam\u00e8tres et de formes, id\u00e9al pour personnaliser bouteilles, gobelets isothermes, verres, outils ou pi\u00e8ces techniques. Compatible avec des accessoires tels que l'Extension Pocket et les Riser Stands, il maximise la polyvalence de votre machine et ouvre de nouvelles possibilit\u00e9s cr\u00e9atives et commerciales.    Gravure cylindrique : 1\u2013145 mm   Gravure de bagues : 11\u2013145 mm   Gravure de sph\u00e8res : 25\u2013130 mm   Longueur maximale de gravure : 500 mm   Compatible avec l'Extension Pocket Add-on, les Riser Stands et le Rotary Support Tower Add-on pour les objets larges ou tr\u00e8s longs.","og_url":"https:\/\/fluxlasers.eu\/fr\/produit\/module-rotatif-a-mandrin-beambox-ii\/","og_site_name":"Flux - Bomedia","og_image":[{"width":823,"height":823,"url":"https:\/\/fluxlasers.eu\/wp-content\/uploads\/2025\/12\/Beambox_II_Chuck_Rotary_5533092e-0e89-4817-bee8-061c59141f991.png","type":"image\/png"}],"twitter_card":"summary_large_image","twitter_misc":{"Dur\u00e9e de lecture estim\u00e9e":"2 minutes"},"schema":{"@context":"https:\/\/schema.org","@graph":[{"@type":"WebPage","@id":"https:\/\/fluxlasers.eu\/fr\/produit\/module-rotatif-a-mandrin-beambox-ii\/","url":"https:\/\/fluxlasers.eu\/fr\/produit\/module-rotatif-a-mandrin-beambox-ii\/","name":"Module rotatif \u00e0 mandrin \u2013 Beambox II - Flux - Bomedia","isPartOf":{"@id":"https:\/\/fluxlasers.eu\/fr\/#website"},"primaryImageOfPage":{"@id":"https:\/\/fluxlasers.eu\/fr\/produit\/module-rotatif-a-mandrin-beambox-ii\/#primaryimage"},"image":{"@id":"https:\/\/fluxlasers.eu\/fr\/produit\/module-rotatif-a-mandrin-beambox-ii\/#primaryimage"},"thumbnailUrl":"https:\/\/fluxlasers.eu\/wp-content\/uploads\/2025\/12\/Beambox_II_Chuck_Rotary_5533092e-0e89-4817-bee8-061c59141f991.png","datePublished":"2025-12-11T08:37:22+00:00","breadcrumb":{"@id":"https:\/\/fluxlasers.eu\/fr\/produit\/module-rotatif-a-mandrin-beambox-ii\/#breadcrumb"},"inLanguage":"fr-FR","potentialAction":[{"@type":"ReadAction","target":["https:\/\/fluxlasers.eu\/fr\/produit\/module-rotatif-a-mandrin-beambox-ii\/"]}]},{"@type":"ImageObject","inLanguage":"fr-FR","@id":"https:\/\/fluxlasers.eu\/fr\/produit\/module-rotatif-a-mandrin-beambox-ii\/#primaryimage","url":"https:\/\/fluxlasers.eu\/wp-content\/uploads\/2025\/12\/Beambox_II_Chuck_Rotary_5533092e-0e89-4817-bee8-061c59141f991.png","contentUrl":"https:\/\/fluxlasers.eu\/wp-content\/uploads\/2025\/12\/Beambox_II_Chuck_Rotary_5533092e-0e89-4817-bee8-061c59141f991.png","width":823,"height":823},{"@type":"BreadcrumbList","@id":"https:\/\/fluxlasers.eu\/fr\/produit\/module-rotatif-a-mandrin-beambox-ii\/#breadcrumb","itemListElement":[{"@type":"ListItem","position":1,"name":"Portada","item":"https:\/\/fluxlasers.eu\/fr\/accueil\/"},{"@type":"ListItem","position":2,"name":"Boutique","item":"https:\/\/fluxlasers.eu\/fr\/boutique\/"},{"@type":"ListItem","position":3,"name":"Module rotatif \u00e0 mandrin \u2013 Beambox II"}]},{"@type":"WebSite","@id":"https:\/\/fluxlasers.eu\/fr\/#website","url":"https:\/\/fluxlasers.eu\/fr\/","name":"Flux - Bomedia","description":"D\u00e9coupeuses et graveuses laser","publisher":{"@id":"https:\/\/fluxlasers.eu\/fr\/#organization"},"potentialAction":[{"@type":"SearchAction","target":{"@type":"EntryPoint","urlTemplate":"https:\/\/fluxlasers.eu\/fr\/?s={search_term_string}"},"query-input":{"@type":"PropertyValueSpecification","valueRequired":true,"valueName":"search_term_string"}}],"inLanguage":"fr-FR"},{"@type":"Organization","@id":"https:\/\/fluxlasers.eu\/fr\/#organization","name":"Fluxlasers Espa\u00f1a","url":"https:\/\/fluxlasers.eu\/fr\/","logo":{"@type":"ImageObject","inLanguage":"fr-FR","@id":"https:\/\/fluxlasers.eu\/fr\/#\/schema\/logo\/image\/","url":"https:\/\/fluxlasers.eu\/wp-content\/uploads\/2021\/03\/logofluxspainc.png","contentUrl":"https:\/\/fluxlasers.eu\/wp-content\/uploads\/2021\/03\/logofluxspainc.png","width":350,"height":217,"caption":"Fluxlasers Espa\u00f1a"},"image":{"@id":"https:\/\/fluxlasers.eu\/fr\/#\/schema\/logo\/image\/"}}]}},"_links":{"self":[{"href":"https:\/\/fluxlasers.eu\/fr\/wp-json\/wp\/v2\/product\/8763","targetHints":{"allow":["GET"]}}],"collection":[{"href":"https:\/\/fluxlasers.eu\/fr\/wp-json\/wp\/v2\/product"}],"about":[{"href":"https:\/\/fluxlasers.eu\/fr\/wp-json\/wp\/v2\/types\/product"}],"replies":[{"embeddable":true,"href":"https:\/\/fluxlasers.eu\/fr\/wp-json\/wp\/v2\/comments?post=8763"}],"wp:featuredmedia":[{"embeddable":true,"href":"https:\/\/fluxlasers.eu\/fr\/wp-json\/wp\/v2\/media\/4299"}],"wp:attachment":[{"href":"https:\/\/fluxlasers.eu\/fr\/wp-json\/wp\/v2\/media?parent=8763"}],"wp:term":[{"taxonomy":"product_brand","embeddable":true,"href":"https:\/\/fluxlasers.eu\/fr\/wp-json\/wp\/v2\/product_brand?post=8763"},{"taxonomy":"product_cat","embeddable":true,"href":"https:\/\/fluxlasers.eu\/fr\/wp-json\/wp\/v2\/product_cat?post=8763"},{"taxonomy":"product_tag","embeddable":true,"href":"https:\/\/fluxlasers.eu\/fr\/wp-json\/wp\/v2\/product_tag?post=8763"}],"curies":[{"name":"wp","href":"https:\/\/api.w.org\/{rel}","templated":true}]}}