{"id":8727,"date":"2025-12-11T09:42:52","date_gmt":"2025-12-11T08:42:52","guid":{"rendered":"https:\/\/fluxlasers.eu\/producto\/riser-stands\/"},"modified":"2025-12-11T09:42:52","modified_gmt":"2025-12-11T08:42:52","slug":"riser-stands","status":"publish","type":"product","link":"https:\/\/fluxlasers.eu\/fr\/produit\/riser-stands\/","title":{"rendered":"Riser Stands"},"content":{"rendered":"<h1 data-start=\"232\" data-end=\"265\"><strong data-start=\"234\" data-end=\"263\">Riser Stands<\/strong><\/h1>\n<h3 data-start=\"146\" data-end=\"211\">Plus de hauteur pour votre Chuck Rotary, plus de possibilit\u00e9s de gravure<\/h3>\n<p data-start=\"213\" data-end=\"449\">Les <strong data-start=\"217\" data-end=\"233\">Riser Stands<\/strong> sont con\u00e7us pour \u00e9lever la zone de travail du <strong data-start=\"285\" data-end=\"301\">Chuck Rotary<\/strong> dans votre machine Flux, cr\u00e9ant l&rsquo;espace suppl\u00e9mentaire n\u00e9cessaire pour travailler avec des objets plus larges ou avec des poign\u00e9es, comme les gobelets de type <em data-start=\"431\" data-end=\"446\">Stanley 40 oz<\/em>.<\/p>\n<p data-start=\"451\" data-end=\"688\">En soulevant l&rsquo;ensemble Chuck Rotary\u2013pi\u00e8ce, vous gagnez en marge de rotation et \u00e9vitez que l&rsquo;objet ne heurte la structure de la machine, facilitant ainsi la gravure de r\u00e9cipients volumineux sans sacrifier la stabilit\u00e9 ni la pr\u00e9cision.<\/p>\n<p data-start=\"690\" data-end=\"823\" data-is-last-node=\"\" data-is-only-node=\"\">Ils sont le compl\u00e9ment id\u00e9al lorsque vous souhaitez tirer le meilleur parti du Chuck Rotary avec des produits grands, hauts ou de g\u00e9om\u00e9trie complexe.<\/p>\n","protected":false},"excerpt":{"rendered":"<h3 data-start=\"146\" data-end=\"211\">Plus de hauteur pour votre Chuck Rotary, plus de possibilit\u00e9s de gravure<\/h3>\n<p data-start=\"213\" data-end=\"449\">Les <strong data-start=\"217\" data-end=\"233\">Riser Stands<\/strong> sont con\u00e7us pour \u00e9lever la zone de travail du <strong data-start=\"285\" data-end=\"301\">Chuck Rotary<\/strong> dans votre machine Flux, cr\u00e9ant l&rsquo;espace suppl\u00e9mentaire n\u00e9cessaire pour travailler avec des objets plus larges ou avec des poign\u00e9es, comme les gobelets de type <em data-start=\"431\" data-end=\"446\">Stanley 40 oz<\/em>.<\/p>\n<p data-start=\"451\" data-end=\"688\">En soulevant l&rsquo;ensemble Chuck Rotary\u2013pi\u00e8ce, vous gagnez en marge de rotation et \u00e9vitez que l&rsquo;objet ne heurte la structure de la machine, facilitant ainsi la gravure de r\u00e9cipients volumineux sans sacrifier la stabilit\u00e9 ni la pr\u00e9cision.<\/p>\n<p data-start=\"690\" data-end=\"823\" data-is-last-node=\"\" data-is-only-node=\"\">Ils sont le compl\u00e9ment id\u00e9al lorsque vous souhaitez tirer le meilleur parti du Chuck Rotary avec des produits grands, hauts ou de g\u00e9om\u00e9trie complexe.<\/p>\n","protected":false},"featured_media":4295,"comment_status":"closed","ping_status":"closed","template":"","meta":[],"product_brand":[],"product_cat":[324,308],"product_tag":[],"class_list":{"0":"post-8727","1":"product","2":"type-product","3":"status-publish","4":"has-post-thumbnail","6":"product_cat-accessoires","7":"product_cat-accessoires-ador","9":"first","10":"instock","11":"taxable","12":"shipping-taxable","13":"purchasable","14":"product-type-simple"},"yoast_head":"<!-- This site is optimized with the Yoast SEO plugin v27.0 - https:\/\/yoast.com\/product\/yoast-seo-wordpress\/ -->\n<title>Riser Stands - Flux - Bomedia<\/title>\n<meta name=\"robots\" content=\"index, follow, max-snippet:-1, max-image-preview:large, max-video-preview:-1\" \/>\n<link rel=\"canonical\" href=\"https:\/\/fluxlasers.eu\/fr\/produit\/riser-stands\/\" \/>\n<meta property=\"og:locale\" content=\"fr_FR\" \/>\n<meta property=\"og:type\" content=\"article\" \/>\n<meta property=\"og:title\" content=\"Riser Stands - Flux - Bomedia\" \/>\n<meta property=\"og:description\" content=\"Plus de hauteur pour votre Chuck Rotary, plus de possibilit\u00e9s de gravure Les Riser Stands sont con\u00e7us pour \u00e9lever la zone de travail du Chuck Rotary dans votre machine Flux, cr\u00e9ant l&#039;espace suppl\u00e9mentaire n\u00e9cessaire pour travailler avec des objets plus larges ou avec des poign\u00e9es, comme les gobelets de type Stanley 40 oz. En soulevant l&#039;ensemble Chuck Rotary\u2013pi\u00e8ce, vous gagnez en marge de rotation et \u00e9vitez que l&#039;objet ne heurte la structure de la machine, facilitant ainsi la gravure de r\u00e9cipients volumineux sans sacrifier la stabilit\u00e9 ni la pr\u00e9cision. Ils sont le compl\u00e9ment id\u00e9al lorsque vous souhaitez tirer le meilleur parti du Chuck Rotary avec des produits grands, hauts ou de g\u00e9om\u00e9trie complexe.\" \/>\n<meta property=\"og:url\" content=\"https:\/\/fluxlasers.eu\/fr\/produit\/riser-stands\/\" \/>\n<meta property=\"og:site_name\" content=\"Flux - Bomedia\" \/>\n<meta property=\"og:image\" content=\"https:\/\/fluxlasers.eu\/wp-content\/uploads\/2025\/12\/add_ons_chuck_riser_whats_in_the_box_d2cf2320-1002-4bcd-b276-d1bee27c50ca.png\" \/>\n\t<meta property=\"og:image:width\" content=\"823\" \/>\n\t<meta property=\"og:image:height\" content=\"823\" \/>\n\t<meta property=\"og:image:type\" content=\"image\/png\" \/>\n<meta name=\"twitter:card\" content=\"summary_large_image\" \/>\n<meta name=\"twitter:label1\" content=\"Dur\u00e9e de lecture estim\u00e9e\" \/>\n\t<meta name=\"twitter:data1\" content=\"1 minute\" \/>\n<script type=\"application\/ld+json\" class=\"yoast-schema-graph\">{\"@context\":\"https:\/\/schema.org\",\"@graph\":[{\"@type\":\"WebPage\",\"@id\":\"https:\/\/fluxlasers.eu\/fr\/produit\/riser-stands\/\",\"url\":\"https:\/\/fluxlasers.eu\/fr\/produit\/riser-stands\/\",\"name\":\"Riser Stands - Flux - Bomedia\",\"isPartOf\":{\"@id\":\"https:\/\/fluxlasers.eu\/fr\/#website\"},\"primaryImageOfPage\":{\"@id\":\"https:\/\/fluxlasers.eu\/fr\/produit\/riser-stands\/#primaryimage\"},\"image\":{\"@id\":\"https:\/\/fluxlasers.eu\/fr\/produit\/riser-stands\/#primaryimage\"},\"thumbnailUrl\":\"https:\/\/fluxlasers.eu\/wp-content\/uploads\/2025\/12\/add_ons_chuck_riser_whats_in_the_box_d2cf2320-1002-4bcd-b276-d1bee27c50ca.png\",\"datePublished\":\"2025-12-11T08:42:52+00:00\",\"breadcrumb\":{\"@id\":\"https:\/\/fluxlasers.eu\/fr\/produit\/riser-stands\/#breadcrumb\"},\"inLanguage\":\"fr-FR\",\"potentialAction\":[{\"@type\":\"ReadAction\",\"target\":[\"https:\/\/fluxlasers.eu\/fr\/produit\/riser-stands\/\"]}]},{\"@type\":\"ImageObject\",\"inLanguage\":\"fr-FR\",\"@id\":\"https:\/\/fluxlasers.eu\/fr\/produit\/riser-stands\/#primaryimage\",\"url\":\"https:\/\/fluxlasers.eu\/wp-content\/uploads\/2025\/12\/add_ons_chuck_riser_whats_in_the_box_d2cf2320-1002-4bcd-b276-d1bee27c50ca.png\",\"contentUrl\":\"https:\/\/fluxlasers.eu\/wp-content\/uploads\/2025\/12\/add_ons_chuck_riser_whats_in_the_box_d2cf2320-1002-4bcd-b276-d1bee27c50ca.png\",\"width\":823,\"height\":823},{\"@type\":\"BreadcrumbList\",\"@id\":\"https:\/\/fluxlasers.eu\/fr\/produit\/riser-stands\/#breadcrumb\",\"itemListElement\":[{\"@type\":\"ListItem\",\"position\":1,\"name\":\"Portada\",\"item\":\"https:\/\/fluxlasers.eu\/fr\/accueil\/\"},{\"@type\":\"ListItem\",\"position\":2,\"name\":\"Boutique\",\"item\":\"https:\/\/fluxlasers.eu\/fr\/boutique\/\"},{\"@type\":\"ListItem\",\"position\":3,\"name\":\"Riser Stands\"}]},{\"@type\":\"WebSite\",\"@id\":\"https:\/\/fluxlasers.eu\/fr\/#website\",\"url\":\"https:\/\/fluxlasers.eu\/fr\/\",\"name\":\"Flux - Bomedia\",\"description\":\"D\u00e9coupeuses et graveuses laser\",\"publisher\":{\"@id\":\"https:\/\/fluxlasers.eu\/fr\/#organization\"},\"potentialAction\":[{\"@type\":\"SearchAction\",\"target\":{\"@type\":\"EntryPoint\",\"urlTemplate\":\"https:\/\/fluxlasers.eu\/fr\/?s={search_term_string}\"},\"query-input\":{\"@type\":\"PropertyValueSpecification\",\"valueRequired\":true,\"valueName\":\"search_term_string\"}}],\"inLanguage\":\"fr-FR\"},{\"@type\":\"Organization\",\"@id\":\"https:\/\/fluxlasers.eu\/fr\/#organization\",\"name\":\"Fluxlasers Espa\u00f1a\",\"url\":\"https:\/\/fluxlasers.eu\/fr\/\",\"logo\":{\"@type\":\"ImageObject\",\"inLanguage\":\"fr-FR\",\"@id\":\"https:\/\/fluxlasers.eu\/fr\/#\/schema\/logo\/image\/\",\"url\":\"https:\/\/fluxlasers.eu\/wp-content\/uploads\/2021\/03\/logofluxspainc.png\",\"contentUrl\":\"https:\/\/fluxlasers.eu\/wp-content\/uploads\/2021\/03\/logofluxspainc.png\",\"width\":350,\"height\":217,\"caption\":\"Fluxlasers Espa\u00f1a\"},\"image\":{\"@id\":\"https:\/\/fluxlasers.eu\/fr\/#\/schema\/logo\/image\/\"}}]}<\/script>\n<!-- \/ Yoast SEO plugin. -->","yoast_head_json":{"title":"Riser Stands - Flux - Bomedia","robots":{"index":"index","follow":"follow","max-snippet":"max-snippet:-1","max-image-preview":"max-image-preview:large","max-video-preview":"max-video-preview:-1"},"canonical":"https:\/\/fluxlasers.eu\/fr\/produit\/riser-stands\/","og_locale":"fr_FR","og_type":"article","og_title":"Riser Stands - Flux - Bomedia","og_description":"Plus de hauteur pour votre Chuck Rotary, plus de possibilit\u00e9s de gravure Les Riser Stands sont con\u00e7us pour \u00e9lever la zone de travail du Chuck Rotary dans votre machine Flux, cr\u00e9ant l'espace suppl\u00e9mentaire n\u00e9cessaire pour travailler avec des objets plus larges ou avec des poign\u00e9es, comme les gobelets de type Stanley 40 oz. En soulevant l'ensemble Chuck Rotary\u2013pi\u00e8ce, vous gagnez en marge de rotation et \u00e9vitez que l'objet ne heurte la structure de la machine, facilitant ainsi la gravure de r\u00e9cipients volumineux sans sacrifier la stabilit\u00e9 ni la pr\u00e9cision. Ils sont le compl\u00e9ment id\u00e9al lorsque vous souhaitez tirer le meilleur parti du Chuck Rotary avec des produits grands, hauts ou de g\u00e9om\u00e9trie complexe.","og_url":"https:\/\/fluxlasers.eu\/fr\/produit\/riser-stands\/","og_site_name":"Flux - Bomedia","og_image":[{"width":823,"height":823,"url":"https:\/\/fluxlasers.eu\/wp-content\/uploads\/2025\/12\/add_ons_chuck_riser_whats_in_the_box_d2cf2320-1002-4bcd-b276-d1bee27c50ca.png","type":"image\/png"}],"twitter_card":"summary_large_image","twitter_misc":{"Dur\u00e9e de lecture estim\u00e9e":"1 minute"},"schema":{"@context":"https:\/\/schema.org","@graph":[{"@type":"WebPage","@id":"https:\/\/fluxlasers.eu\/fr\/produit\/riser-stands\/","url":"https:\/\/fluxlasers.eu\/fr\/produit\/riser-stands\/","name":"Riser Stands - Flux - Bomedia","isPartOf":{"@id":"https:\/\/fluxlasers.eu\/fr\/#website"},"primaryImageOfPage":{"@id":"https:\/\/fluxlasers.eu\/fr\/produit\/riser-stands\/#primaryimage"},"image":{"@id":"https:\/\/fluxlasers.eu\/fr\/produit\/riser-stands\/#primaryimage"},"thumbnailUrl":"https:\/\/fluxlasers.eu\/wp-content\/uploads\/2025\/12\/add_ons_chuck_riser_whats_in_the_box_d2cf2320-1002-4bcd-b276-d1bee27c50ca.png","datePublished":"2025-12-11T08:42:52+00:00","breadcrumb":{"@id":"https:\/\/fluxlasers.eu\/fr\/produit\/riser-stands\/#breadcrumb"},"inLanguage":"fr-FR","potentialAction":[{"@type":"ReadAction","target":["https:\/\/fluxlasers.eu\/fr\/produit\/riser-stands\/"]}]},{"@type":"ImageObject","inLanguage":"fr-FR","@id":"https:\/\/fluxlasers.eu\/fr\/produit\/riser-stands\/#primaryimage","url":"https:\/\/fluxlasers.eu\/wp-content\/uploads\/2025\/12\/add_ons_chuck_riser_whats_in_the_box_d2cf2320-1002-4bcd-b276-d1bee27c50ca.png","contentUrl":"https:\/\/fluxlasers.eu\/wp-content\/uploads\/2025\/12\/add_ons_chuck_riser_whats_in_the_box_d2cf2320-1002-4bcd-b276-d1bee27c50ca.png","width":823,"height":823},{"@type":"BreadcrumbList","@id":"https:\/\/fluxlasers.eu\/fr\/produit\/riser-stands\/#breadcrumb","itemListElement":[{"@type":"ListItem","position":1,"name":"Portada","item":"https:\/\/fluxlasers.eu\/fr\/accueil\/"},{"@type":"ListItem","position":2,"name":"Boutique","item":"https:\/\/fluxlasers.eu\/fr\/boutique\/"},{"@type":"ListItem","position":3,"name":"Riser Stands"}]},{"@type":"WebSite","@id":"https:\/\/fluxlasers.eu\/fr\/#website","url":"https:\/\/fluxlasers.eu\/fr\/","name":"Flux - Bomedia","description":"D\u00e9coupeuses et graveuses laser","publisher":{"@id":"https:\/\/fluxlasers.eu\/fr\/#organization"},"potentialAction":[{"@type":"SearchAction","target":{"@type":"EntryPoint","urlTemplate":"https:\/\/fluxlasers.eu\/fr\/?s={search_term_string}"},"query-input":{"@type":"PropertyValueSpecification","valueRequired":true,"valueName":"search_term_string"}}],"inLanguage":"fr-FR"},{"@type":"Organization","@id":"https:\/\/fluxlasers.eu\/fr\/#organization","name":"Fluxlasers Espa\u00f1a","url":"https:\/\/fluxlasers.eu\/fr\/","logo":{"@type":"ImageObject","inLanguage":"fr-FR","@id":"https:\/\/fluxlasers.eu\/fr\/#\/schema\/logo\/image\/","url":"https:\/\/fluxlasers.eu\/wp-content\/uploads\/2021\/03\/logofluxspainc.png","contentUrl":"https:\/\/fluxlasers.eu\/wp-content\/uploads\/2021\/03\/logofluxspainc.png","width":350,"height":217,"caption":"Fluxlasers Espa\u00f1a"},"image":{"@id":"https:\/\/fluxlasers.eu\/fr\/#\/schema\/logo\/image\/"}}]}},"_links":{"self":[{"href":"https:\/\/fluxlasers.eu\/fr\/wp-json\/wp\/v2\/product\/8727","targetHints":{"allow":["GET"]}}],"collection":[{"href":"https:\/\/fluxlasers.eu\/fr\/wp-json\/wp\/v2\/product"}],"about":[{"href":"https:\/\/fluxlasers.eu\/fr\/wp-json\/wp\/v2\/types\/product"}],"replies":[{"embeddable":true,"href":"https:\/\/fluxlasers.eu\/fr\/wp-json\/wp\/v2\/comments?post=8727"}],"wp:featuredmedia":[{"embeddable":true,"href":"https:\/\/fluxlasers.eu\/fr\/wp-json\/wp\/v2\/media\/4295"}],"wp:attachment":[{"href":"https:\/\/fluxlasers.eu\/fr\/wp-json\/wp\/v2\/media?parent=8727"}],"wp:term":[{"taxonomy":"product_brand","embeddable":true,"href":"https:\/\/fluxlasers.eu\/fr\/wp-json\/wp\/v2\/product_brand?post=8727"},{"taxonomy":"product_cat","embeddable":true,"href":"https:\/\/fluxlasers.eu\/fr\/wp-json\/wp\/v2\/product_cat?post=8727"},{"taxonomy":"product_tag","embeddable":true,"href":"https:\/\/fluxlasers.eu\/fr\/wp-json\/wp\/v2\/product_tag?post=8727"}],"curies":[{"name":"wp","href":"https:\/\/api.w.org\/{rel}","templated":true}]}}