{"id":8685,"date":"2025-12-11T09:15:44","date_gmt":"2025-12-11T08:15:44","guid":{"rendered":"https:\/\/fluxlasers.eu\/producto\/module-complementaire-auto-feeder-beambox-ii\/"},"modified":"2025-12-11T09:15:44","modified_gmt":"2025-12-11T08:15:44","slug":"module-complementaire-auto-feeder-beambox-ii","status":"publish","type":"product","link":"https:\/\/fluxlasers.eu\/fr\/produit\/module-complementaire-auto-feeder-beambox-ii\/","title":{"rendered":"Module compl\u00e9mentaire Auto Feeder \u2013 Beambox II"},"content":{"rendered":"<h2 style=\"text-align: center;\" data-start=\"111\" data-end=\"147\">Beambox II \u2013 Module compl\u00e9mentaire Auto Feeder<\/h2>\n<h3 style=\"text-align: center;\" data-start=\"148\" data-end=\"204\">Alimentation automatique pour une production continue<\/h3>\n<p style=\"text-align: center;\" data-start=\"206\" data-end=\"489\">Avec le <strong data-start=\"213\" data-end=\"235\">module compl\u00e9mentaire Auto Feeder<\/strong> pour Beambox II, vous pouvez enfin vraiment <em data-start=\"285\" data-end=\"303\">sortir des sentiers battus<\/em>. Optimisez votre flux de travail gr\u00e2ce \u00e0 une alimentation automatique fluide, un alignement pr\u00e9cis et une production continue, en r\u00e9duisant les temps d\u2019arr\u00eat et en rendant chaque s\u00e9rie plus rapide et plus efficace. <\/p>\n<p style=\"text-align: center;\" data-start=\"491\" data-end=\"768\">Ce module est con\u00e7u pour g\u00e9rer des mat\u00e9riaux longs et lourds avec une stabilit\u00e9 totale, en maintenant l\u2019avance du mat\u00e9riau parfaitement align\u00e9e tout au long du processus. Id\u00e9al pour les longues s\u00e9ries, la production r\u00e9p\u00e9titive ou les travaux o\u00f9 la pr\u00e9cision et la r\u00e9gularit\u00e9 sont essentielles. <\/p>\n<p data-start=\"491\" data-end=\"768\"><img decoding=\"async\" class=\"aligncenter size-large wp-image-4290\" src=\"https:\/\/fluxlasers.eu\/wp-content\/uploads\/2025\/12\/%E6%95%88%E6%9E%9C%E5%9C%96-%E6%9C%A8%E6%9D%BF-1024x698.jpg\" alt=\"\" width=\"750\" height=\"511\"><\/p>\n<hr data-start=\"770\" data-end=\"773\">\n<h3 style=\"text-align: center;\" data-start=\"775\" data-end=\"824\">Gestion parfaite des mat\u00e9riaux longs et larges<\/h3>\n<p style=\"text-align: center;\" data-start=\"826\" data-end=\"1171\">L\u2019Auto Feeder prend en charge des mat\u00e9riaux jusqu\u2019\u00e0 <strong data-start=\"868\" data-end=\"887\">350 mm de large<\/strong> avec le pack standard, et jusqu\u2019\u00e0 <strong data-start=\"918\" data-end=\"937\">525 mm de large<\/strong> lorsqu\u2019il est associ\u00e9 \u00e0 l\u2019<strong data-start=\"963\" data-end=\"990\">Extension Pocket Add-on<\/strong> et \u00e0 l\u2019Auto Feeder Extension Pack.<br data-start=\"1023\" data-end=\"1026\">Travaillez en continu avec du vinyle, du carton, du bois fin, de l\u2019acrylique et d\u2019autres mat\u00e9riaux plats, sans avoir \u00e0 repositionner la pi\u00e8ce \u00e0 chaque fois.<\/p>\n<p data-start=\"826\" data-end=\"1171\"><img decoding=\"async\" class=\"aligncenter size-large wp-image-4289\" src=\"https:\/\/fluxlasers.eu\/wp-content\/uploads\/2025\/12\/autofeederjobs-1024x512.jpg\" alt=\"\" width=\"750\" height=\"375\" srcset=\"https:\/\/fluxlasers.eu\/wp-content\/uploads\/2025\/12\/autofeederjobs-1024x512.jpg 1024w, https:\/\/fluxlasers.eu\/wp-content\/uploads\/2025\/12\/autofeederjobs-300x150.jpg 300w, https:\/\/fluxlasers.eu\/wp-content\/uploads\/2025\/12\/autofeederjobs-768x384.jpg 768w, https:\/\/fluxlasers.eu\/wp-content\/uploads\/2025\/12\/autofeederjobs-1536x768.jpg 1536w, https:\/\/fluxlasers.eu\/wp-content\/uploads\/2025\/12\/autofeederjobs-600x300.jpg 600w, https:\/\/fluxlasers.eu\/wp-content\/uploads\/2025\/12\/autofeederjobs.jpg 1920w\" sizes=\"(max-width: 750px) 100vw, 750px\" \/><\/p>\n<hr data-start=\"1173\" data-end=\"1176\">\n<h3 style=\"text-align: center;\" data-start=\"1178\" data-end=\"1233\">\u00c9paisseur flexible et plus d\u2019options avec Extension Pocket<\/h3>\n<p style=\"text-align: center;\" data-start=\"1237\" data-end=\"1302\"><strong data-start=\"1237\" data-end=\"1284\">\u00c9paisseur maximale du mat\u00e9riau (pack standard) :<\/strong> jusqu\u2019\u00e0 <strong data-start=\"1291\" data-end=\"1300\">14 mm<\/strong><\/p>\n<p style=\"text-align: center;\" data-start=\"1305\" data-end=\"1411\"><strong data-start=\"1305\" data-end=\"1395\">\u00c9paisseur maximale du mat\u00e9riau (avec Extension Pocket Add-on &amp; Auto Feeder Extension Pack) :<\/strong> jusqu\u2019\u00e0 <strong data-start=\"1402\" data-end=\"1411\">50 mm<\/strong><\/p>\n<p style=\"text-align: center;\" data-start=\"1413\" data-end=\"1644\">Votre mat\u00e9riau est plus \u00e9pais que 14 mm ? Vous pouvez l\u2019introduire par l\u2019ouverture inf\u00e9rieure de la machine et continuer \u00e0 travailler avec des objets volumineux, comme des planches type skateboard ou d\u2019autres formats sp\u00e9ciaux, tout en conservant un usage confortable. <\/p>\n<hr data-start=\"1646\" data-end=\"1649\">\n<h3 style=\"text-align: center;\" data-start=\"1651\" data-end=\"1696\">Zone de travail large et optimis\u00e9e<\/h3>\n<p style=\"text-align: center;\" data-start=\"1700\" data-end=\"1774\"><strong data-start=\"1700\" data-end=\"1755\">Largeur maximale de la zone de travail (pack standard) :<\/strong> jusqu\u2019\u00e0 <strong data-start=\"1762\" data-end=\"1772\">350 mm<\/strong><\/p>\n<p style=\"text-align: center;\" data-start=\"1777\" data-end=\"1894\"><strong data-start=\"1777\" data-end=\"1875\">Largeur maximale de la zone de travail (avec Extension Pocket Add-on &amp; Auto Feeder Extension Pack) :<\/strong> jusqu\u2019\u00e0 <strong data-start=\"1882\" data-end=\"1892\">375 mm<\/strong><\/p>\n<p style=\"text-align: center;\" data-start=\"1897\" data-end=\"1972\"><strong data-start=\"1897\" data-end=\"1951\">Longueur maximale de la zone de travail (profondeur) :<\/strong> jusqu\u2019\u00e0 <strong data-start=\"1958\" data-end=\"1970\">1.610 mm<\/strong><\/p>\n<p style=\"text-align: center;\" data-start=\"1974\" data-end=\"2064\">Parfait pour les travaux longs, les motifs r\u00e9p\u00e9t\u00e9s, les enseignes, les bandes et la production en s\u00e9rie.<\/p>\n<hr data-start=\"2066\" data-end=\"2069\">\n<h3 style=\"text-align: center;\" data-start=\"2071\" data-end=\"2111\">Maintien s\u00fbr et alignement stable<\/h3>\n<p><img decoding=\"async\" class=\"aligncenter size-large wp-image-4271\" src=\"https:\/\/fluxlasers.eu\/wp-content\/uploads\/2025\/12\/auto-feeder-%E5%81%B4%E9%9D%A2-02-1-1024x702.jpg\" alt=\"\" width=\"750\" height=\"514\"><\/p>\n<p>&nbsp;<\/p>\n<p style=\"text-align: center;\" data-start=\"2113\" data-end=\"2176\">Le syst\u00e8me est con\u00e7u pour une alimentation fluide et stable :<\/p>\n<p style=\"text-align: center;\" data-start=\"2180\" data-end=\"2243\"><strong data-start=\"2180\" data-end=\"2225\">\u00c9paisseur maximale de serrage avec les pinces :<\/strong> jusqu\u2019\u00e0 <strong data-start=\"2232\" data-end=\"2241\">20 mm<\/strong><\/p>\n<p style=\"text-align: center;\" data-start=\"2245\" data-end=\"2289\">De plus, il est compl\u00e9t\u00e9 par des \u00e9l\u00e9ments tels que :<\/p>\n<p style=\"text-align: center;\" data-start=\"2292\" data-end=\"2344\">Rouleau universel \u00e0 billes (Universal Ball Roller)<\/p>\n<p style=\"text-align: center;\" data-start=\"2347\" data-end=\"2389\">Supports de plateforme (Platform Stands)<\/p>\n<p style=\"text-align: center;\" data-start=\"2392\" data-end=\"2461\">Guide de positionnement du mat\u00e9riau (Material Positioning Fixture)<\/p>\n<p style=\"text-align: center;\" data-start=\"2464\" data-end=\"2515\">Pinces de maintien du mat\u00e9riau (Material Clamps)<\/p>\n<p style=\"text-align: center;\" data-start=\"2517\" data-end=\"2611\">Tout est pens\u00e9 pour que le mat\u00e9riau avance droit, sans d\u00e9viation et sans frottements inutiles.<\/p>\n<hr data-start=\"2613\" data-end=\"2616\">\n<h2 style=\"text-align: center;\" data-start=\"2618\" data-end=\"2667\">Sp\u00e9cifications techniques \u2014 Module compl\u00e9mentaire Auto Feeder<\/h2>\n<p><img decoding=\"async\" class=\"aligncenter size-large wp-image-4284\" src=\"https:\/\/fluxlasers.eu\/wp-content\/uploads\/2025\/12\/%E6%83%85%E5%A2%83%E7%85%A7-01-1024x683.jpg\" alt=\"\" width=\"750\" height=\"500\"><\/p>\n<p style=\"text-align: center;\" data-start=\"2671\" data-end=\"2705\"><strong data-start=\"2671\" data-end=\"2703\">Largeur maximale du mat\u00e9riau :<\/strong><\/p>\n<p style=\"text-align: center;\" data-start=\"2710\" data-end=\"2736\">350 mm avec pack standard<\/p>\n<p style=\"text-align: center;\" data-start=\"2741\" data-end=\"2806\">525 mm avec Extension Pocket Add-on et Auto Feeder Extension Pack<\/p>\n<p style=\"text-align: center;\" data-start=\"2809\" data-end=\"2842\"><strong data-start=\"2809\" data-end=\"2840\">\u00c9paisseur maximale du mat\u00e9riau :<\/strong><\/p>\n<p style=\"text-align: center;\" data-start=\"2847\" data-end=\"2872\">14 mm avec pack standard<\/p>\n<p style=\"text-align: center;\" data-start=\"2877\" data-end=\"2941\">50 mm avec Extension Pocket Add-on et Auto Feeder Extension Pack<\/p>\n<p style=\"text-align: center;\" data-start=\"2944\" data-end=\"2985\"><strong data-start=\"2944\" data-end=\"2983\">Largeur maximale de la zone de travail :<\/strong><\/p>\n<p style=\"text-align: center;\" data-start=\"2990\" data-end=\"3016\">350 mm avec pack standard<\/p>\n<p style=\"text-align: center;\" data-start=\"3021\" data-end=\"3086\">375 mm avec Extension Pocket Add-on et Auto Feeder Extension Pack<\/p>\n<p style=\"text-align: center;\" data-start=\"3089\" data-end=\"3154\"><strong data-start=\"3089\" data-end=\"3143\">Longueur maximale de la zone de travail (profondeur) :<\/strong> 1.610 mm<\/p>\n<p style=\"text-align: center;\" data-start=\"3157\" data-end=\"3206\"><strong data-start=\"3157\" data-end=\"3198\">\u00c9paisseur maximale de serrage avec pinces :<\/strong> 20 mm<\/p>\n<p data-start=\"3157\" data-end=\"3206\">\n<h2 style=\"text-align: center;\" data-start=\"76\" data-end=\"104\"><strong data-start=\"79\" data-end=\"104\">Que contient la bo\u00eete ?<\/strong><\/h2>\n<p><img decoding=\"async\" class=\"aligncenter size-large wp-image-4283\" src=\"https:\/\/fluxlasers.eu\/wp-content\/uploads\/2025\/12\/Auto-Feeder_whats-in-the-box-943x1024.jpg\" alt=\"\" width=\"750\" height=\"814\" srcset=\"https:\/\/fluxlasers.eu\/wp-content\/uploads\/2025\/12\/Auto-Feeder_whats-in-the-box-943x1024.jpg 943w, https:\/\/fluxlasers.eu\/wp-content\/uploads\/2025\/12\/Auto-Feeder_whats-in-the-box-276x300.jpg 276w, https:\/\/fluxlasers.eu\/wp-content\/uploads\/2025\/12\/Auto-Feeder_whats-in-the-box-768x834.jpg 768w, https:\/\/fluxlasers.eu\/wp-content\/uploads\/2025\/12\/Auto-Feeder_whats-in-the-box-1415x1536.jpg 1415w, https:\/\/fluxlasers.eu\/wp-content\/uploads\/2025\/12\/Auto-Feeder_whats-in-the-box-600x651.jpg 600w, https:\/\/fluxlasers.eu\/wp-content\/uploads\/2025\/12\/Auto-Feeder_whats-in-the-box.jpg 1769w\" sizes=\"(max-width: 750px) 100vw, 750px\" \/><\/p>\n<p style=\"text-align: center;\" data-start=\"106\" data-end=\"297\"><strong data-start=\"106\" data-end=\"111\">A<\/strong> \u2014 Adaptateur<br data-start=\"123\" data-end=\"126\"><strong data-start=\"126\" data-end=\"131\">B<\/strong> \u2014 Rouleaux de guidage lat\u00e9ral<br data-start=\"158\" data-end=\"161\"><strong data-start=\"161\" data-end=\"166\">C<\/strong> \u2014 Alimenteur (Feeder)<br data-start=\"189\" data-end=\"192\"><strong data-start=\"192\" data-end=\"197\">D<\/strong> \u2014 Tournevis hexagonal 2,5 mm<br data-start=\"231\" data-end=\"234\" data-is-only-node=\"\"><strong data-start=\"234\" data-end=\"239\">E<\/strong> \u2014 Cl\u00e9 hexagonale 2 mm<br data-start=\"262\" data-end=\"265\"><strong data-start=\"265\" data-end=\"270\">F<\/strong> \u2014 Cl\u00e9 hexagonale 2,5 mm<\/p>\n<p style=\"text-align: center;\" data-start=\"299\" data-end=\"450\"><strong data-start=\"299\" data-end=\"304\">G<\/strong> \u2014 Vis M5\u00d712 \u00d7 6<br data-start=\"326\" data-end=\"329\"><strong data-start=\"329\" data-end=\"334\">H<\/strong> \u2014 Vis M5\u00d722 \u00d7 6<br data-start=\"356\" data-end=\"359\"><strong data-start=\"359\" data-end=\"364\">I<\/strong> \u2014 Cl\u00e9 plate de 10 mm<br data-start=\"386\" data-end=\"389\"><strong data-start=\"389\" data-end=\"394\">J<\/strong> \u2014 C\u00e2ble \u00e0 6 broches<br data-start=\"413\" data-end=\"416\" data-is-only-node=\"\"><strong data-start=\"416\" data-end=\"421\">K<\/strong> \u2014 Rehausses de rail \u00d7 5<\/p>\n<p style=\"text-align: center;\" data-start=\"452\" data-end=\"591\"><strong data-start=\"452\" data-end=\"457\">L<\/strong> \u2014 Bride de rail<br data-start=\"480\" data-end=\"483\"><strong data-start=\"483\" data-end=\"488\">M<\/strong> \u2014 Aimant de rail \u00d7 4<br data-start=\"509\" data-end=\"512\"><strong data-start=\"512\" data-end=\"517\">N<\/strong> \u2014 Connecteurs de rail \u00d7 6<br data-start=\"544\" data-end=\"547\"><strong data-start=\"547\" data-end=\"552\">O<\/strong> \u2014 Courroie + rail<br data-start=\"570\" data-end=\"573\" data-is-only-node=\"\"><strong data-start=\"573\" data-end=\"578\">P<\/strong> \u2014 Rail \u00d7 4<\/p>\n","protected":false},"excerpt":{"rendered":"<p>Beambox II \u2013 Module compl\u00e9mentaire Auto Feeder Alimentation automatique pour une production continue Avec le module compl\u00e9mentaire Auto Feeder pour Beambox II, vous pouvez enfin vraiment sortir des sentiers battus. Optimisez votre flux de travail gr\u00e2ce \u00e0 une alimentation automatique<\/p>\n","protected":false},"featured_media":4268,"comment_status":"closed","ping_status":"closed","template":"","meta":[],"product_brand":[],"product_cat":[324,325],"product_tag":[],"class_list":{"0":"post-8685","1":"product","2":"type-product","3":"status-publish","4":"has-post-thumbnail","6":"product_cat-accessoires","7":"product_cat-accessoires-beambox","9":"first","10":"instock","11":"taxable","12":"shipping-taxable","13":"purchasable","14":"product-type-simple"},"yoast_head":"<!-- This site is optimized with the Yoast SEO plugin v27.0 - https:\/\/yoast.com\/product\/yoast-seo-wordpress\/ -->\n<title>Module compl\u00e9mentaire Auto Feeder \u2013 Beambox II - Flux - Bomedia<\/title>\n<meta name=\"robots\" content=\"index, follow, max-snippet:-1, max-image-preview:large, max-video-preview:-1\" \/>\n<link rel=\"canonical\" href=\"https:\/\/fluxlasers.eu\/fr\/produit\/module-complementaire-auto-feeder-beambox-ii\/\" \/>\n<meta property=\"og:locale\" content=\"fr_FR\" \/>\n<meta property=\"og:type\" content=\"article\" \/>\n<meta property=\"og:title\" content=\"Module compl\u00e9mentaire Auto Feeder \u2013 Beambox II - Flux - Bomedia\" \/>\n<meta property=\"og:description\" content=\"Beambox II \u2013 Module compl\u00e9mentaire Auto Feeder Alimentation automatique pour une production continue Avec le module compl\u00e9mentaire Auto Feeder pour Beambox II, vous pouvez enfin vraiment sortir des sentiers battus. Optimisez votre flux de travail gr\u00e2ce \u00e0 une alimentation automatique\" \/>\n<meta property=\"og:url\" content=\"https:\/\/fluxlasers.eu\/fr\/produit\/module-complementaire-auto-feeder-beambox-ii\/\" \/>\n<meta property=\"og:site_name\" content=\"Flux - Bomedia\" \/>\n<meta property=\"og:image\" content=\"https:\/\/fluxlasers.eu\/wp-content\/uploads\/2025\/12\/auto-feeder-08.jpg\" \/>\n\t<meta property=\"og:image:width\" content=\"1920\" \/>\n\t<meta property=\"og:image:height\" content=\"1920\" \/>\n\t<meta property=\"og:image:type\" content=\"image\/jpeg\" \/>\n<meta name=\"twitter:card\" content=\"summary_large_image\" \/>\n<meta name=\"twitter:label1\" content=\"Dur\u00e9e de lecture estim\u00e9e\" \/>\n\t<meta name=\"twitter:data1\" content=\"3 minutes\" \/>\n<script type=\"application\/ld+json\" class=\"yoast-schema-graph\">{\"@context\":\"https:\/\/schema.org\",\"@graph\":[{\"@type\":\"WebPage\",\"@id\":\"https:\/\/fluxlasers.eu\/fr\/produit\/module-complementaire-auto-feeder-beambox-ii\/\",\"url\":\"https:\/\/fluxlasers.eu\/fr\/produit\/module-complementaire-auto-feeder-beambox-ii\/\",\"name\":\"Module compl\u00e9mentaire Auto Feeder \u2013 Beambox II - Flux - Bomedia\",\"isPartOf\":{\"@id\":\"https:\/\/fluxlasers.eu\/fr\/#website\"},\"primaryImageOfPage\":{\"@id\":\"https:\/\/fluxlasers.eu\/fr\/produit\/module-complementaire-auto-feeder-beambox-ii\/#primaryimage\"},\"image\":{\"@id\":\"https:\/\/fluxlasers.eu\/fr\/produit\/module-complementaire-auto-feeder-beambox-ii\/#primaryimage\"},\"thumbnailUrl\":\"https:\/\/fluxlasers.eu\/wp-content\/uploads\/2025\/12\/auto-feeder-08.jpg\",\"datePublished\":\"2025-12-11T08:15:44+00:00\",\"breadcrumb\":{\"@id\":\"https:\/\/fluxlasers.eu\/fr\/produit\/module-complementaire-auto-feeder-beambox-ii\/#breadcrumb\"},\"inLanguage\":\"fr-FR\",\"potentialAction\":[{\"@type\":\"ReadAction\",\"target\":[\"https:\/\/fluxlasers.eu\/fr\/produit\/module-complementaire-auto-feeder-beambox-ii\/\"]}]},{\"@type\":\"ImageObject\",\"inLanguage\":\"fr-FR\",\"@id\":\"https:\/\/fluxlasers.eu\/fr\/produit\/module-complementaire-auto-feeder-beambox-ii\/#primaryimage\",\"url\":\"https:\/\/fluxlasers.eu\/wp-content\/uploads\/2025\/12\/auto-feeder-08.jpg\",\"contentUrl\":\"https:\/\/fluxlasers.eu\/wp-content\/uploads\/2025\/12\/auto-feeder-08.jpg\",\"width\":1920,\"height\":1920},{\"@type\":\"BreadcrumbList\",\"@id\":\"https:\/\/fluxlasers.eu\/fr\/produit\/module-complementaire-auto-feeder-beambox-ii\/#breadcrumb\",\"itemListElement\":[{\"@type\":\"ListItem\",\"position\":1,\"name\":\"Portada\",\"item\":\"https:\/\/fluxlasers.eu\/fr\/accueil\/\"},{\"@type\":\"ListItem\",\"position\":2,\"name\":\"Boutique\",\"item\":\"https:\/\/fluxlasers.eu\/fr\/boutique\/\"},{\"@type\":\"ListItem\",\"position\":3,\"name\":\"Module compl\u00e9mentaire Auto Feeder \u2013 Beambox II\"}]},{\"@type\":\"WebSite\",\"@id\":\"https:\/\/fluxlasers.eu\/fr\/#website\",\"url\":\"https:\/\/fluxlasers.eu\/fr\/\",\"name\":\"Flux - Bomedia\",\"description\":\"D\u00e9coupeuses et graveuses laser\",\"publisher\":{\"@id\":\"https:\/\/fluxlasers.eu\/fr\/#organization\"},\"potentialAction\":[{\"@type\":\"SearchAction\",\"target\":{\"@type\":\"EntryPoint\",\"urlTemplate\":\"https:\/\/fluxlasers.eu\/fr\/?s={search_term_string}\"},\"query-input\":{\"@type\":\"PropertyValueSpecification\",\"valueRequired\":true,\"valueName\":\"search_term_string\"}}],\"inLanguage\":\"fr-FR\"},{\"@type\":\"Organization\",\"@id\":\"https:\/\/fluxlasers.eu\/fr\/#organization\",\"name\":\"Fluxlasers Espa\u00f1a\",\"url\":\"https:\/\/fluxlasers.eu\/fr\/\",\"logo\":{\"@type\":\"ImageObject\",\"inLanguage\":\"fr-FR\",\"@id\":\"https:\/\/fluxlasers.eu\/fr\/#\/schema\/logo\/image\/\",\"url\":\"https:\/\/fluxlasers.eu\/wp-content\/uploads\/2021\/03\/logofluxspainc.png\",\"contentUrl\":\"https:\/\/fluxlasers.eu\/wp-content\/uploads\/2021\/03\/logofluxspainc.png\",\"width\":350,\"height\":217,\"caption\":\"Fluxlasers Espa\u00f1a\"},\"image\":{\"@id\":\"https:\/\/fluxlasers.eu\/fr\/#\/schema\/logo\/image\/\"}}]}<\/script>\n<!-- \/ Yoast SEO plugin. -->","yoast_head_json":{"title":"Module compl\u00e9mentaire Auto Feeder \u2013 Beambox II - Flux - Bomedia","robots":{"index":"index","follow":"follow","max-snippet":"max-snippet:-1","max-image-preview":"max-image-preview:large","max-video-preview":"max-video-preview:-1"},"canonical":"https:\/\/fluxlasers.eu\/fr\/produit\/module-complementaire-auto-feeder-beambox-ii\/","og_locale":"fr_FR","og_type":"article","og_title":"Module compl\u00e9mentaire Auto Feeder \u2013 Beambox II - Flux - Bomedia","og_description":"Beambox II \u2013 Module compl\u00e9mentaire Auto Feeder Alimentation automatique pour une production continue Avec le module compl\u00e9mentaire Auto Feeder pour Beambox II, vous pouvez enfin vraiment sortir des sentiers battus. Optimisez votre flux de travail gr\u00e2ce \u00e0 une alimentation automatique","og_url":"https:\/\/fluxlasers.eu\/fr\/produit\/module-complementaire-auto-feeder-beambox-ii\/","og_site_name":"Flux - Bomedia","og_image":[{"width":1920,"height":1920,"url":"https:\/\/fluxlasers.eu\/wp-content\/uploads\/2025\/12\/auto-feeder-08.jpg","type":"image\/jpeg"}],"twitter_card":"summary_large_image","twitter_misc":{"Dur\u00e9e de lecture estim\u00e9e":"3 minutes"},"schema":{"@context":"https:\/\/schema.org","@graph":[{"@type":"WebPage","@id":"https:\/\/fluxlasers.eu\/fr\/produit\/module-complementaire-auto-feeder-beambox-ii\/","url":"https:\/\/fluxlasers.eu\/fr\/produit\/module-complementaire-auto-feeder-beambox-ii\/","name":"Module compl\u00e9mentaire Auto Feeder \u2013 Beambox II - Flux - Bomedia","isPartOf":{"@id":"https:\/\/fluxlasers.eu\/fr\/#website"},"primaryImageOfPage":{"@id":"https:\/\/fluxlasers.eu\/fr\/produit\/module-complementaire-auto-feeder-beambox-ii\/#primaryimage"},"image":{"@id":"https:\/\/fluxlasers.eu\/fr\/produit\/module-complementaire-auto-feeder-beambox-ii\/#primaryimage"},"thumbnailUrl":"https:\/\/fluxlasers.eu\/wp-content\/uploads\/2025\/12\/auto-feeder-08.jpg","datePublished":"2025-12-11T08:15:44+00:00","breadcrumb":{"@id":"https:\/\/fluxlasers.eu\/fr\/produit\/module-complementaire-auto-feeder-beambox-ii\/#breadcrumb"},"inLanguage":"fr-FR","potentialAction":[{"@type":"ReadAction","target":["https:\/\/fluxlasers.eu\/fr\/produit\/module-complementaire-auto-feeder-beambox-ii\/"]}]},{"@type":"ImageObject","inLanguage":"fr-FR","@id":"https:\/\/fluxlasers.eu\/fr\/produit\/module-complementaire-auto-feeder-beambox-ii\/#primaryimage","url":"https:\/\/fluxlasers.eu\/wp-content\/uploads\/2025\/12\/auto-feeder-08.jpg","contentUrl":"https:\/\/fluxlasers.eu\/wp-content\/uploads\/2025\/12\/auto-feeder-08.jpg","width":1920,"height":1920},{"@type":"BreadcrumbList","@id":"https:\/\/fluxlasers.eu\/fr\/produit\/module-complementaire-auto-feeder-beambox-ii\/#breadcrumb","itemListElement":[{"@type":"ListItem","position":1,"name":"Portada","item":"https:\/\/fluxlasers.eu\/fr\/accueil\/"},{"@type":"ListItem","position":2,"name":"Boutique","item":"https:\/\/fluxlasers.eu\/fr\/boutique\/"},{"@type":"ListItem","position":3,"name":"Module compl\u00e9mentaire Auto Feeder \u2013 Beambox II"}]},{"@type":"WebSite","@id":"https:\/\/fluxlasers.eu\/fr\/#website","url":"https:\/\/fluxlasers.eu\/fr\/","name":"Flux - Bomedia","description":"D\u00e9coupeuses et graveuses laser","publisher":{"@id":"https:\/\/fluxlasers.eu\/fr\/#organization"},"potentialAction":[{"@type":"SearchAction","target":{"@type":"EntryPoint","urlTemplate":"https:\/\/fluxlasers.eu\/fr\/?s={search_term_string}"},"query-input":{"@type":"PropertyValueSpecification","valueRequired":true,"valueName":"search_term_string"}}],"inLanguage":"fr-FR"},{"@type":"Organization","@id":"https:\/\/fluxlasers.eu\/fr\/#organization","name":"Fluxlasers Espa\u00f1a","url":"https:\/\/fluxlasers.eu\/fr\/","logo":{"@type":"ImageObject","inLanguage":"fr-FR","@id":"https:\/\/fluxlasers.eu\/fr\/#\/schema\/logo\/image\/","url":"https:\/\/fluxlasers.eu\/wp-content\/uploads\/2021\/03\/logofluxspainc.png","contentUrl":"https:\/\/fluxlasers.eu\/wp-content\/uploads\/2021\/03\/logofluxspainc.png","width":350,"height":217,"caption":"Fluxlasers Espa\u00f1a"},"image":{"@id":"https:\/\/fluxlasers.eu\/fr\/#\/schema\/logo\/image\/"}}]}},"_links":{"self":[{"href":"https:\/\/fluxlasers.eu\/fr\/wp-json\/wp\/v2\/product\/8685","targetHints":{"allow":["GET"]}}],"collection":[{"href":"https:\/\/fluxlasers.eu\/fr\/wp-json\/wp\/v2\/product"}],"about":[{"href":"https:\/\/fluxlasers.eu\/fr\/wp-json\/wp\/v2\/types\/product"}],"replies":[{"embeddable":true,"href":"https:\/\/fluxlasers.eu\/fr\/wp-json\/wp\/v2\/comments?post=8685"}],"wp:featuredmedia":[{"embeddable":true,"href":"https:\/\/fluxlasers.eu\/fr\/wp-json\/wp\/v2\/media\/4268"}],"wp:attachment":[{"href":"https:\/\/fluxlasers.eu\/fr\/wp-json\/wp\/v2\/media?parent=8685"}],"wp:term":[{"taxonomy":"product_brand","embeddable":true,"href":"https:\/\/fluxlasers.eu\/fr\/wp-json\/wp\/v2\/product_brand?post=8685"},{"taxonomy":"product_cat","embeddable":true,"href":"https:\/\/fluxlasers.eu\/fr\/wp-json\/wp\/v2\/product_cat?post=8685"},{"taxonomy":"product_tag","embeddable":true,"href":"https:\/\/fluxlasers.eu\/fr\/wp-json\/wp\/v2\/product_tag?post=8685"}],"curies":[{"name":"wp","href":"https:\/\/api.w.org\/{rel}","templated":true}]}}