{"id":8606,"date":"2025-06-10T11:53:15","date_gmt":"2025-06-10T10:53:15","guid":{"rendered":"https:\/\/fluxlasers.eu\/producto\/prefiltre-flux-beam-air-pro-4-pieces\/"},"modified":"2025-06-10T11:53:15","modified_gmt":"2025-06-10T10:53:15","slug":"prefiltre-flux-beam-air-pro-4-pieces","status":"publish","type":"product","link":"https:\/\/fluxlasers.eu\/fr\/produit\/prefiltre-flux-beam-air-pro-4-pieces\/","title":{"rendered":"Pr\u00e9filtre FLUX Beam Air Pro (4 pi\u00e8ces)"},"content":{"rendered":"<p><strong>Pr\u00e9filtre Beam Air Pro (4 unit\u00e9s)<\/strong><\/p>\n<p>Fabriqu\u00e9 en fibre de verre de haute qualit\u00e9, d\u2019une \u00e9paisseur de 10 mm. La couche de pr\u00e9filtre garantit des performances optimales en capturant et en \u00e9liminant les grosses particules en suspension, assurant un air plus propre et plus frais dans votre espace de travail. <\/p>\n<p>Particules de goudron de bois<br \/>\nR\u00e9sidus acryliques<br \/>\nParticules de cellulose<br \/>\nPM 10<\/p>\n<p><strong>Le filtre Beam Air Pro comporte 3 couches (dur\u00e9e de remplacement) :<\/strong><\/p>\n<p><strong>Pr\u00e9filtre (4-13 heures)<\/strong><br \/>\nFiltre interm\u00e9diaire (32-100 heures)<br \/>\nFiltre avanc\u00e9 (250-800 heures)<\/p>\n","protected":false},"excerpt":{"rendered":"<p>Fabriqu\u00e9e en fibre de verre de haute qualit\u00e9, d\u2019une \u00e9paisseur de 10 mm, la couche de pr\u00e9filtre garantit des performances optimales en capturant et en \u00e9liminant les grosses particules en suspension, assurant un air plus propre et plus frais dans votre espace de travail.<\/p>\n","protected":false},"featured_media":4070,"comment_status":"closed","ping_status":"closed","template":"","meta":[],"product_brand":[],"product_cat":[287,323],"product_tag":[],"class_list":{"0":"post-8606","1":"product","2":"type-product","3":"status-publish","4":"has-post-thumbnail","6":"product_cat-pieces-de-rechange","7":"product_cat-pieces-de-rechange-et-accessoires","9":"first","10":"instock","11":"taxable","12":"shipping-taxable","13":"purchasable","14":"product-type-simple"},"yoast_head":"<!-- This site is optimized with the Yoast SEO plugin v27.0 - https:\/\/yoast.com\/product\/yoast-seo-wordpress\/ -->\n<title>Pr\u00e9filtre FLUX Beam Air Pro (4 pi\u00e8ces) - Flux - Bomedia<\/title>\n<meta name=\"robots\" content=\"index, follow, max-snippet:-1, max-image-preview:large, max-video-preview:-1\" \/>\n<link rel=\"canonical\" href=\"https:\/\/fluxlasers.eu\/fr\/produit\/prefiltre-flux-beam-air-pro-4-pieces\/\" \/>\n<meta property=\"og:locale\" content=\"fr_FR\" \/>\n<meta property=\"og:type\" content=\"article\" \/>\n<meta property=\"og:title\" content=\"Pr\u00e9filtre FLUX Beam Air Pro (4 pi\u00e8ces) - Flux - Bomedia\" \/>\n<meta property=\"og:description\" content=\"Fabriqu\u00e9e en fibre de verre de haute qualit\u00e9, d\u2019une \u00e9paisseur de 10 mm, la couche de pr\u00e9filtre garantit des performances optimales en capturant et en \u00e9liminant les grosses particules en suspension, assurant un air plus propre et plus frais dans votre espace de travail.\" \/>\n<meta property=\"og:url\" content=\"https:\/\/fluxlasers.eu\/fr\/produit\/prefiltre-flux-beam-air-pro-4-pieces\/\" \/>\n<meta property=\"og:site_name\" content=\"Flux - Bomedia\" \/>\n<meta property=\"og:image\" content=\"https:\/\/fluxlasers.eu\/wp-content\/uploads\/2025\/06\/flux-pre-filter-beam-air-pro-4pcs.jpg\" \/>\n\t<meta property=\"og:image:width\" content=\"1652\" \/>\n\t<meta property=\"og:image:height\" content=\"1652\" \/>\n\t<meta property=\"og:image:type\" content=\"image\/jpeg\" \/>\n<meta name=\"twitter:card\" content=\"summary_large_image\" \/>\n<script type=\"application\/ld+json\" class=\"yoast-schema-graph\">{\"@context\":\"https:\/\/schema.org\",\"@graph\":[{\"@type\":\"WebPage\",\"@id\":\"https:\/\/fluxlasers.eu\/fr\/produit\/prefiltre-flux-beam-air-pro-4-pieces\/\",\"url\":\"https:\/\/fluxlasers.eu\/fr\/produit\/prefiltre-flux-beam-air-pro-4-pieces\/\",\"name\":\"Pr\u00e9filtre FLUX Beam Air Pro (4 pi\u00e8ces) - Flux - Bomedia\",\"isPartOf\":{\"@id\":\"https:\/\/fluxlasers.eu\/fr\/#website\"},\"primaryImageOfPage\":{\"@id\":\"https:\/\/fluxlasers.eu\/fr\/produit\/prefiltre-flux-beam-air-pro-4-pieces\/#primaryimage\"},\"image\":{\"@id\":\"https:\/\/fluxlasers.eu\/fr\/produit\/prefiltre-flux-beam-air-pro-4-pieces\/#primaryimage\"},\"thumbnailUrl\":\"https:\/\/fluxlasers.eu\/wp-content\/uploads\/2025\/06\/flux-pre-filter-beam-air-pro-4pcs.jpg\",\"datePublished\":\"2025-06-10T10:53:15+00:00\",\"breadcrumb\":{\"@id\":\"https:\/\/fluxlasers.eu\/fr\/produit\/prefiltre-flux-beam-air-pro-4-pieces\/#breadcrumb\"},\"inLanguage\":\"fr-FR\",\"potentialAction\":[{\"@type\":\"ReadAction\",\"target\":[\"https:\/\/fluxlasers.eu\/fr\/produit\/prefiltre-flux-beam-air-pro-4-pieces\/\"]}]},{\"@type\":\"ImageObject\",\"inLanguage\":\"fr-FR\",\"@id\":\"https:\/\/fluxlasers.eu\/fr\/produit\/prefiltre-flux-beam-air-pro-4-pieces\/#primaryimage\",\"url\":\"https:\/\/fluxlasers.eu\/wp-content\/uploads\/2025\/06\/flux-pre-filter-beam-air-pro-4pcs.jpg\",\"contentUrl\":\"https:\/\/fluxlasers.eu\/wp-content\/uploads\/2025\/06\/flux-pre-filter-beam-air-pro-4pcs.jpg\",\"width\":1652,\"height\":1652},{\"@type\":\"BreadcrumbList\",\"@id\":\"https:\/\/fluxlasers.eu\/fr\/produit\/prefiltre-flux-beam-air-pro-4-pieces\/#breadcrumb\",\"itemListElement\":[{\"@type\":\"ListItem\",\"position\":1,\"name\":\"Portada\",\"item\":\"https:\/\/fluxlasers.eu\/fr\/accueil\/\"},{\"@type\":\"ListItem\",\"position\":2,\"name\":\"Boutique\",\"item\":\"https:\/\/fluxlasers.eu\/fr\/boutique\/\"},{\"@type\":\"ListItem\",\"position\":3,\"name\":\"Pr\u00e9filtre FLUX Beam Air Pro (4 pi\u00e8ces)\"}]},{\"@type\":\"WebSite\",\"@id\":\"https:\/\/fluxlasers.eu\/fr\/#website\",\"url\":\"https:\/\/fluxlasers.eu\/fr\/\",\"name\":\"Flux - Bomedia\",\"description\":\"D\u00e9coupeuses et graveuses laser\",\"publisher\":{\"@id\":\"https:\/\/fluxlasers.eu\/fr\/#organization\"},\"potentialAction\":[{\"@type\":\"SearchAction\",\"target\":{\"@type\":\"EntryPoint\",\"urlTemplate\":\"https:\/\/fluxlasers.eu\/fr\/?s={search_term_string}\"},\"query-input\":{\"@type\":\"PropertyValueSpecification\",\"valueRequired\":true,\"valueName\":\"search_term_string\"}}],\"inLanguage\":\"fr-FR\"},{\"@type\":\"Organization\",\"@id\":\"https:\/\/fluxlasers.eu\/fr\/#organization\",\"name\":\"Fluxlasers Espa\u00f1a\",\"url\":\"https:\/\/fluxlasers.eu\/fr\/\",\"logo\":{\"@type\":\"ImageObject\",\"inLanguage\":\"fr-FR\",\"@id\":\"https:\/\/fluxlasers.eu\/fr\/#\/schema\/logo\/image\/\",\"url\":\"https:\/\/fluxlasers.eu\/wp-content\/uploads\/2021\/03\/logofluxspainc.png\",\"contentUrl\":\"https:\/\/fluxlasers.eu\/wp-content\/uploads\/2021\/03\/logofluxspainc.png\",\"width\":350,\"height\":217,\"caption\":\"Fluxlasers Espa\u00f1a\"},\"image\":{\"@id\":\"https:\/\/fluxlasers.eu\/fr\/#\/schema\/logo\/image\/\"}}]}<\/script>\n<!-- \/ Yoast SEO plugin. -->","yoast_head_json":{"title":"Pr\u00e9filtre FLUX Beam Air Pro (4 pi\u00e8ces) - Flux - Bomedia","robots":{"index":"index","follow":"follow","max-snippet":"max-snippet:-1","max-image-preview":"max-image-preview:large","max-video-preview":"max-video-preview:-1"},"canonical":"https:\/\/fluxlasers.eu\/fr\/produit\/prefiltre-flux-beam-air-pro-4-pieces\/","og_locale":"fr_FR","og_type":"article","og_title":"Pr\u00e9filtre FLUX Beam Air Pro (4 pi\u00e8ces) - Flux - Bomedia","og_description":"Fabriqu\u00e9e en fibre de verre de haute qualit\u00e9, d\u2019une \u00e9paisseur de 10 mm, la couche de pr\u00e9filtre garantit des performances optimales en capturant et en \u00e9liminant les grosses particules en suspension, assurant un air plus propre et plus frais dans votre espace de travail.","og_url":"https:\/\/fluxlasers.eu\/fr\/produit\/prefiltre-flux-beam-air-pro-4-pieces\/","og_site_name":"Flux - Bomedia","og_image":[{"width":1652,"height":1652,"url":"https:\/\/fluxlasers.eu\/wp-content\/uploads\/2025\/06\/flux-pre-filter-beam-air-pro-4pcs.jpg","type":"image\/jpeg"}],"twitter_card":"summary_large_image","schema":{"@context":"https:\/\/schema.org","@graph":[{"@type":"WebPage","@id":"https:\/\/fluxlasers.eu\/fr\/produit\/prefiltre-flux-beam-air-pro-4-pieces\/","url":"https:\/\/fluxlasers.eu\/fr\/produit\/prefiltre-flux-beam-air-pro-4-pieces\/","name":"Pr\u00e9filtre FLUX Beam Air Pro (4 pi\u00e8ces) - Flux - Bomedia","isPartOf":{"@id":"https:\/\/fluxlasers.eu\/fr\/#website"},"primaryImageOfPage":{"@id":"https:\/\/fluxlasers.eu\/fr\/produit\/prefiltre-flux-beam-air-pro-4-pieces\/#primaryimage"},"image":{"@id":"https:\/\/fluxlasers.eu\/fr\/produit\/prefiltre-flux-beam-air-pro-4-pieces\/#primaryimage"},"thumbnailUrl":"https:\/\/fluxlasers.eu\/wp-content\/uploads\/2025\/06\/flux-pre-filter-beam-air-pro-4pcs.jpg","datePublished":"2025-06-10T10:53:15+00:00","breadcrumb":{"@id":"https:\/\/fluxlasers.eu\/fr\/produit\/prefiltre-flux-beam-air-pro-4-pieces\/#breadcrumb"},"inLanguage":"fr-FR","potentialAction":[{"@type":"ReadAction","target":["https:\/\/fluxlasers.eu\/fr\/produit\/prefiltre-flux-beam-air-pro-4-pieces\/"]}]},{"@type":"ImageObject","inLanguage":"fr-FR","@id":"https:\/\/fluxlasers.eu\/fr\/produit\/prefiltre-flux-beam-air-pro-4-pieces\/#primaryimage","url":"https:\/\/fluxlasers.eu\/wp-content\/uploads\/2025\/06\/flux-pre-filter-beam-air-pro-4pcs.jpg","contentUrl":"https:\/\/fluxlasers.eu\/wp-content\/uploads\/2025\/06\/flux-pre-filter-beam-air-pro-4pcs.jpg","width":1652,"height":1652},{"@type":"BreadcrumbList","@id":"https:\/\/fluxlasers.eu\/fr\/produit\/prefiltre-flux-beam-air-pro-4-pieces\/#breadcrumb","itemListElement":[{"@type":"ListItem","position":1,"name":"Portada","item":"https:\/\/fluxlasers.eu\/fr\/accueil\/"},{"@type":"ListItem","position":2,"name":"Boutique","item":"https:\/\/fluxlasers.eu\/fr\/boutique\/"},{"@type":"ListItem","position":3,"name":"Pr\u00e9filtre FLUX Beam Air Pro (4 pi\u00e8ces)"}]},{"@type":"WebSite","@id":"https:\/\/fluxlasers.eu\/fr\/#website","url":"https:\/\/fluxlasers.eu\/fr\/","name":"Flux - Bomedia","description":"D\u00e9coupeuses et graveuses laser","publisher":{"@id":"https:\/\/fluxlasers.eu\/fr\/#organization"},"potentialAction":[{"@type":"SearchAction","target":{"@type":"EntryPoint","urlTemplate":"https:\/\/fluxlasers.eu\/fr\/?s={search_term_string}"},"query-input":{"@type":"PropertyValueSpecification","valueRequired":true,"valueName":"search_term_string"}}],"inLanguage":"fr-FR"},{"@type":"Organization","@id":"https:\/\/fluxlasers.eu\/fr\/#organization","name":"Fluxlasers Espa\u00f1a","url":"https:\/\/fluxlasers.eu\/fr\/","logo":{"@type":"ImageObject","inLanguage":"fr-FR","@id":"https:\/\/fluxlasers.eu\/fr\/#\/schema\/logo\/image\/","url":"https:\/\/fluxlasers.eu\/wp-content\/uploads\/2021\/03\/logofluxspainc.png","contentUrl":"https:\/\/fluxlasers.eu\/wp-content\/uploads\/2021\/03\/logofluxspainc.png","width":350,"height":217,"caption":"Fluxlasers Espa\u00f1a"},"image":{"@id":"https:\/\/fluxlasers.eu\/fr\/#\/schema\/logo\/image\/"}}]}},"_links":{"self":[{"href":"https:\/\/fluxlasers.eu\/fr\/wp-json\/wp\/v2\/product\/8606","targetHints":{"allow":["GET"]}}],"collection":[{"href":"https:\/\/fluxlasers.eu\/fr\/wp-json\/wp\/v2\/product"}],"about":[{"href":"https:\/\/fluxlasers.eu\/fr\/wp-json\/wp\/v2\/types\/product"}],"replies":[{"embeddable":true,"href":"https:\/\/fluxlasers.eu\/fr\/wp-json\/wp\/v2\/comments?post=8606"}],"wp:featuredmedia":[{"embeddable":true,"href":"https:\/\/fluxlasers.eu\/fr\/wp-json\/wp\/v2\/media\/4070"}],"wp:attachment":[{"href":"https:\/\/fluxlasers.eu\/fr\/wp-json\/wp\/v2\/media?parent=8606"}],"wp:term":[{"taxonomy":"product_brand","embeddable":true,"href":"https:\/\/fluxlasers.eu\/fr\/wp-json\/wp\/v2\/product_brand?post=8606"},{"taxonomy":"product_cat","embeddable":true,"href":"https:\/\/fluxlasers.eu\/fr\/wp-json\/wp\/v2\/product_cat?post=8606"},{"taxonomy":"product_tag","embeddable":true,"href":"https:\/\/fluxlasers.eu\/fr\/wp-json\/wp\/v2\/product_tag?post=8606"}],"curies":[{"name":"wp","href":"https:\/\/api.w.org\/{rel}","templated":true}]}}