{"id":8583,"date":"2024-08-06T06:47:16","date_gmt":"2024-08-06T06:47:16","guid":{"rendered":"https:\/\/fluxlasers.eu\/producto\/cable-lightburn-flux\/"},"modified":"2026-02-27T13:36:36","modified_gmt":"2026-02-27T12:36:36","slug":"cable-lightburn-flux","status":"publish","type":"product","link":"https:\/\/fluxlasers.eu\/fr\/produit\/cable-lightburn-flux\/","title":{"rendered":"C\u00e2ble Lightburn \u2013 FLUX"},"content":{"rendered":"\r\n\r\nSi ya utiliza el popular software de corte l\u00e1ser LightBurn, ahora puede controlar nuestras cortadoras l\u00e1ser gracias al cable puente FLUX LightBurn. Conecte el cable a los puertos USB de su computadora y de su cortadora l\u00e1ser FLUX, configure el software LightBurn y disfrute de una conectividad perfecta.\r\n\r\n\r\n\r\nLa conexi\u00f3n le permite cortar y grabar con nuestras m\u00e1quinas, pero tambi\u00e9n es compatible con nuestros complementos rotativos. De esta manera, puede liberar todo el potencial de su cortadora l\u00e1ser dentro de LightBurn.\r\n\r\n\r\n<div class=\"wp-block-columns is-layout-flex wp-container-core-columns-is-layout-9d6595d7 wp-block-columns-is-layout-flex\">\r\n\r\n\r\n<div class=\"wp-block-column is-vertically-aligned-center is-layout-flow wp-block-column-is-layout-flow\">\r\n\r\n&#13;\n<h4 class=\"wp-block-heading\">Qu&rsquo;est-ce que LightBurn ?<\/h4>&#13;\n\r\n\r\n\r\n\r\nLightBurn es un software pago que le permite dise\u00f1ar, editar y controlar proyectos para su cortadora l\u00e1ser. Es compatible con una amplia gama de marcas de cortadoras l\u00e1ser y funciona en Windows, Mac OS y Linux.\r\n\r\n\r\n\r\n&#13;\n&#13;\n<strong>El software LightBurn no est\u00e1 incluido con el cable puente LightBurn de FLUX.<\/strong>&#13;\n&#13;\n\r\n\r\n<\/div>\r\n\r\n\r\n\r\n<div class=\"wp-block-column is-layout-flow wp-block-column-is-layout-flow\">\r\n\r\n&#13;\n<figure class=\"wp-block-image size-large is-style-default\"><img decoding=\"async\" width=\"1024\" height=\"683\" class=\"wp-image-3678\" src=\"https:\/\/fluxlasers.eu\/wp-content\/uploads\/2024\/08\/bm_LightBurn-03-1024x683.png\" alt=\"\" srcset=\"https:\/\/fluxlasers.eu\/wp-content\/uploads\/2024\/08\/bm_LightBurn-03-1024x683.png 1024w, https:\/\/fluxlasers.eu\/wp-content\/uploads\/2024\/08\/bm_LightBurn-03-300x200.png 300w, https:\/\/fluxlasers.eu\/wp-content\/uploads\/2024\/08\/bm_LightBurn-03-768x512.png 768w, https:\/\/fluxlasers.eu\/wp-content\/uploads\/2024\/08\/bm_LightBurn-03-1536x1024.png 1536w, https:\/\/fluxlasers.eu\/wp-content\/uploads\/2024\/08\/bm_LightBurn-03-600x400.png 600w, https:\/\/fluxlasers.eu\/wp-content\/uploads\/2024\/08\/bm_LightBurn-03.png 1920w\" sizes=\"(max-width: 1024px) 100vw, 1024px\" \/><\/figure>&#13;\n\r\n\r\n<\/div>\r\n\r\n\r\n<\/div>\r\n\r\n<div class=\"wp-block-columns is-layout-flex wp-container-core-columns-is-layout-9d6595d7 wp-block-columns-is-layout-flex\">\r\n\r\n\r\n<div class=\"wp-block-column is-layout-flow wp-block-column-is-layout-flow\">\r\n\r\n&#13;\n<figure class=\"wp-block-image size-large is-style-default\"><img decoding=\"async\" width=\"1024\" height=\"683\" class=\"wp-image-3679\" src=\"https:\/\/fluxlasers.eu\/wp-content\/uploads\/2024\/08\/DSC06503-1024x683.jpg\" alt=\"\" srcset=\"https:\/\/fluxlasers.eu\/wp-content\/uploads\/2024\/08\/DSC06503-1024x683.jpg 1024w, https:\/\/fluxlasers.eu\/wp-content\/uploads\/2024\/08\/DSC06503-300x200.jpg 300w, https:\/\/fluxlasers.eu\/wp-content\/uploads\/2024\/08\/DSC06503-768x512.jpg 768w, https:\/\/fluxlasers.eu\/wp-content\/uploads\/2024\/08\/DSC06503-1536x1024.jpg 1536w, https:\/\/fluxlasers.eu\/wp-content\/uploads\/2024\/08\/DSC06503-600x400.jpg 600w, https:\/\/fluxlasers.eu\/wp-content\/uploads\/2024\/08\/DSC06503.jpg 1920w\" sizes=\"(max-width: 1024px) 100vw, 1024px\" \/><\/figure>&#13;\n\r\n\r\n<\/div>\r\n\r\n\r\n\r\n<div class=\"wp-block-column is-vertically-aligned-center is-layout-flow wp-block-column-is-layout-flow\">\r\n\r\n&#13;\n<h4 class=\"wp-block-heading\">Premiers pas<\/h4>&#13;\n\r\n\r\n&#13;\n&#13;\nPara conectar el software LightBurn con su cortadora l\u00e1ser FLUX, deber\u00e1 asegurarse de tener instalada la \u00faltima versi\u00f3n de firmware en su m\u00e1quina FLUX. Puede encontrar el firmware m\u00e1s reciente para su cortadora l\u00e1ser <a href=\"https:\/\/www.fluxlasers.com\/support\/downloads\/#firmware\" target=\"_blank\" rel=\"noreferrer noopener\">aqu\u00ed<\/a>.&#13;\n&#13;\n\r\n\r\n\r\n\r\nA continuaci\u00f3n, deber\u00e1 descargar el archivo de configuraci\u00f3n correcto e instalarlo en LightBurn. Encuentre la configuraci\u00f3n correcta para su cortadora l\u00e1ser FLUX y una gu\u00eda de configuraci\u00f3n:\r\n\r\n\r\n\r\n&#13;\n&#13;\n<a href=\"https:\/\/fluxlasers.eu\/producto\/flux-ador\/\">Ador<\/a>&#13;\n<a href=\"https:\/\/fluxlasers.eu\/producto\/beamo\/\">Beamo<\/a>&#13;\n<a href=\"https:\/\/fluxlasers.eu\/producto\/beambox\/\">Beambox<\/a>&#13;\n<a href=\"https:\/\/fluxlasers.eu\/producto\/beambox-pro\/\">Beambox Pro&#13;\n<\/a><a href=\"https:\/\/fluxlasers.eu\/producto\/hexa-cortadora-laser-co2-60w\/\">HEXA<\/a>&#13;\n&#13;\n\r\n\r\n<\/div>\r\n\r\n\r\n<\/div>\r\n\r\n\r\nTenga en cuenta que LightBurn actualmente no es compatible con la funci\u00f3n de vista previa de la c\u00e1mara de nuestros cortadores l\u00e1ser.\r\n\r\n\r\n\r\nPara controlar su cortadora l\u00e1ser con LightBurn, su computadora debe permanecer conectada a trav\u00e9s del cable puente LightBurn. LightBurn no puede funcionar con su cortadora l\u00e1ser FLUX a trav\u00e9s de Wi-Fi.\r\n\r\n\r\n\r\nESPECIFICACIONES:\r\n\r\n&#13;\n<ul class=\"wp-block-list\">&#13;\n \t<li>Informations sur le produit<\/li>&#13;\n \t<li>Dimensions du colis : 15,5 x 5,3 x 3 cm<\/li>&#13;\n \t<li>Longueur : 180 cm<\/li>&#13;\n \t<li>Poids du colis : 54 g<\/li>&#13;\n \t<li>Poids du produit : 42 g<\/li>&#13;\n \t<li>Logiciel et connexion<\/li>&#13;\n \t<li>Types de port : USB-A<\/li>&#13;\n \t<li>Syst\u00e8me d&rsquo;exploitation : Windows \/ macOS \/ Linux<\/li>&#13;\n \t<li>Logiciel de contr\u00f4le : LightBurn<\/li>&#13;\n \t<li>Dispositif de contr\u00f4le : Ordinateur<\/li>&#13;\n<\/ul>","protected":false},"excerpt":{"rendered":"<p>Les utilisateurs du logiciel LightBurn peuvent facilement connecter leur ordinateur et contr\u00f4ler nos d\u00e9coupeuses laser FLUX gr\u00e2ce \u00e0 ce c\u00e2ble pont FLUX LightBurn.<\/p>\n","protected":false},"featured_media":3680,"comment_status":"closed","ping_status":"closed","template":"","meta":[],"product_brand":[],"product_cat":[324],"product_tag":[],"class_list":{"0":"post-8583","1":"product","2":"type-product","3":"status-publish","4":"has-post-thumbnail","6":"product_cat-accessoires","8":"first","9":"instock","10":"taxable","11":"shipping-taxable","12":"purchasable","13":"product-type-simple"},"yoast_head":"<!-- This site is optimized with the Yoast SEO plugin v27.0 - https:\/\/yoast.com\/product\/yoast-seo-wordpress\/ -->\n<title>C\u00e2ble Lightburn - FLUX - Flux - Bomedia<\/title>\n<meta name=\"robots\" content=\"index, follow, max-snippet:-1, max-image-preview:large, max-video-preview:-1\" \/>\n<link rel=\"canonical\" href=\"https:\/\/fluxlasers.eu\/fr\/produit\/cable-lightburn-flux\/\" \/>\n<meta property=\"og:locale\" content=\"fr_FR\" \/>\n<meta property=\"og:type\" content=\"article\" \/>\n<meta property=\"og:title\" content=\"C\u00e2ble Lightburn - FLUX - Flux - Bomedia\" \/>\n<meta property=\"og:description\" content=\"Les utilisateurs du logiciel LightBurn peuvent facilement connecter leur ordinateur et contr\u00f4ler nos d\u00e9coupeuses laser FLUX gr\u00e2ce \u00e0 ce c\u00e2ble pont FLUX LightBurn.\" \/>\n<meta property=\"og:url\" content=\"https:\/\/fluxlasers.eu\/fr\/produit\/cable-lightburn-flux\/\" \/>\n<meta property=\"og:site_name\" content=\"Flux - Bomedia\" \/>\n<meta property=\"article:modified_time\" content=\"2026-02-27T12:36:36+00:00\" \/>\n<meta property=\"og:image\" content=\"https:\/\/fluxlasers.eu\/wp-content\/uploads\/2024\/08\/LightBurn-Bridge-Cable-3.png\" \/>\n\t<meta property=\"og:image:width\" content=\"1200\" \/>\n\t<meta property=\"og:image:height\" content=\"1200\" \/>\n\t<meta property=\"og:image:type\" content=\"image\/png\" \/>\n<meta name=\"twitter:card\" content=\"summary_large_image\" \/>\n<meta name=\"twitter:label1\" content=\"Dur\u00e9e de lecture estim\u00e9e\" \/>\n\t<meta name=\"twitter:data1\" content=\"2 minutes\" \/>\n<script type=\"application\/ld+json\" class=\"yoast-schema-graph\">{\"@context\":\"https:\/\/schema.org\",\"@graph\":[{\"@type\":\"WebPage\",\"@id\":\"https:\/\/fluxlasers.eu\/fr\/produit\/cable-lightburn-flux\/\",\"url\":\"https:\/\/fluxlasers.eu\/fr\/produit\/cable-lightburn-flux\/\",\"name\":\"C\u00e2ble Lightburn - FLUX - Flux - Bomedia\",\"isPartOf\":{\"@id\":\"https:\/\/fluxlasers.eu\/fr\/#website\"},\"primaryImageOfPage\":{\"@id\":\"https:\/\/fluxlasers.eu\/fr\/produit\/cable-lightburn-flux\/#primaryimage\"},\"image\":{\"@id\":\"https:\/\/fluxlasers.eu\/fr\/produit\/cable-lightburn-flux\/#primaryimage\"},\"thumbnailUrl\":\"https:\/\/fluxlasers.eu\/wp-content\/uploads\/2024\/08\/LightBurn-Bridge-Cable-3.png\",\"datePublished\":\"2024-08-06T06:47:16+00:00\",\"dateModified\":\"2026-02-27T12:36:36+00:00\",\"breadcrumb\":{\"@id\":\"https:\/\/fluxlasers.eu\/fr\/produit\/cable-lightburn-flux\/#breadcrumb\"},\"inLanguage\":\"fr-FR\",\"potentialAction\":[{\"@type\":\"ReadAction\",\"target\":[\"https:\/\/fluxlasers.eu\/fr\/produit\/cable-lightburn-flux\/\"]}]},{\"@type\":\"ImageObject\",\"inLanguage\":\"fr-FR\",\"@id\":\"https:\/\/fluxlasers.eu\/fr\/produit\/cable-lightburn-flux\/#primaryimage\",\"url\":\"https:\/\/fluxlasers.eu\/wp-content\/uploads\/2024\/08\/LightBurn-Bridge-Cable-3.png\",\"contentUrl\":\"https:\/\/fluxlasers.eu\/wp-content\/uploads\/2024\/08\/LightBurn-Bridge-Cable-3.png\",\"width\":1200,\"height\":1200},{\"@type\":\"BreadcrumbList\",\"@id\":\"https:\/\/fluxlasers.eu\/fr\/produit\/cable-lightburn-flux\/#breadcrumb\",\"itemListElement\":[{\"@type\":\"ListItem\",\"position\":1,\"name\":\"Portada\",\"item\":\"https:\/\/fluxlasers.eu\/fr\/accueil\/\"},{\"@type\":\"ListItem\",\"position\":2,\"name\":\"Boutique\",\"item\":\"https:\/\/fluxlasers.eu\/fr\/boutique\/\"},{\"@type\":\"ListItem\",\"position\":3,\"name\":\"C\u00e2ble Lightburn &#8211; FLUX\"}]},{\"@type\":\"WebSite\",\"@id\":\"https:\/\/fluxlasers.eu\/fr\/#website\",\"url\":\"https:\/\/fluxlasers.eu\/fr\/\",\"name\":\"Flux - Bomedia\",\"description\":\"D\u00e9coupeuses et graveuses laser\",\"publisher\":{\"@id\":\"https:\/\/fluxlasers.eu\/fr\/#organization\"},\"potentialAction\":[{\"@type\":\"SearchAction\",\"target\":{\"@type\":\"EntryPoint\",\"urlTemplate\":\"https:\/\/fluxlasers.eu\/fr\/?s={search_term_string}\"},\"query-input\":{\"@type\":\"PropertyValueSpecification\",\"valueRequired\":true,\"valueName\":\"search_term_string\"}}],\"inLanguage\":\"fr-FR\"},{\"@type\":\"Organization\",\"@id\":\"https:\/\/fluxlasers.eu\/fr\/#organization\",\"name\":\"Fluxlasers Espa\u00f1a\",\"url\":\"https:\/\/fluxlasers.eu\/fr\/\",\"logo\":{\"@type\":\"ImageObject\",\"inLanguage\":\"fr-FR\",\"@id\":\"https:\/\/fluxlasers.eu\/fr\/#\/schema\/logo\/image\/\",\"url\":\"https:\/\/fluxlasers.eu\/wp-content\/uploads\/2021\/03\/logofluxspainc.png\",\"contentUrl\":\"https:\/\/fluxlasers.eu\/wp-content\/uploads\/2021\/03\/logofluxspainc.png\",\"width\":350,\"height\":217,\"caption\":\"Fluxlasers Espa\u00f1a\"},\"image\":{\"@id\":\"https:\/\/fluxlasers.eu\/fr\/#\/schema\/logo\/image\/\"}}]}<\/script>\n<!-- \/ Yoast SEO plugin. -->","yoast_head_json":{"title":"C\u00e2ble Lightburn - FLUX - Flux - Bomedia","robots":{"index":"index","follow":"follow","max-snippet":"max-snippet:-1","max-image-preview":"max-image-preview:large","max-video-preview":"max-video-preview:-1"},"canonical":"https:\/\/fluxlasers.eu\/fr\/produit\/cable-lightburn-flux\/","og_locale":"fr_FR","og_type":"article","og_title":"C\u00e2ble Lightburn - FLUX - Flux - Bomedia","og_description":"Les utilisateurs du logiciel LightBurn peuvent facilement connecter leur ordinateur et contr\u00f4ler nos d\u00e9coupeuses laser FLUX gr\u00e2ce \u00e0 ce c\u00e2ble pont FLUX LightBurn.","og_url":"https:\/\/fluxlasers.eu\/fr\/produit\/cable-lightburn-flux\/","og_site_name":"Flux - Bomedia","article_modified_time":"2026-02-27T12:36:36+00:00","og_image":[{"width":1200,"height":1200,"url":"https:\/\/fluxlasers.eu\/wp-content\/uploads\/2024\/08\/LightBurn-Bridge-Cable-3.png","type":"image\/png"}],"twitter_card":"summary_large_image","twitter_misc":{"Dur\u00e9e de lecture estim\u00e9e":"2 minutes"},"schema":{"@context":"https:\/\/schema.org","@graph":[{"@type":"WebPage","@id":"https:\/\/fluxlasers.eu\/fr\/produit\/cable-lightburn-flux\/","url":"https:\/\/fluxlasers.eu\/fr\/produit\/cable-lightburn-flux\/","name":"C\u00e2ble Lightburn - FLUX - Flux - Bomedia","isPartOf":{"@id":"https:\/\/fluxlasers.eu\/fr\/#website"},"primaryImageOfPage":{"@id":"https:\/\/fluxlasers.eu\/fr\/produit\/cable-lightburn-flux\/#primaryimage"},"image":{"@id":"https:\/\/fluxlasers.eu\/fr\/produit\/cable-lightburn-flux\/#primaryimage"},"thumbnailUrl":"https:\/\/fluxlasers.eu\/wp-content\/uploads\/2024\/08\/LightBurn-Bridge-Cable-3.png","datePublished":"2024-08-06T06:47:16+00:00","dateModified":"2026-02-27T12:36:36+00:00","breadcrumb":{"@id":"https:\/\/fluxlasers.eu\/fr\/produit\/cable-lightburn-flux\/#breadcrumb"},"inLanguage":"fr-FR","potentialAction":[{"@type":"ReadAction","target":["https:\/\/fluxlasers.eu\/fr\/produit\/cable-lightburn-flux\/"]}]},{"@type":"ImageObject","inLanguage":"fr-FR","@id":"https:\/\/fluxlasers.eu\/fr\/produit\/cable-lightburn-flux\/#primaryimage","url":"https:\/\/fluxlasers.eu\/wp-content\/uploads\/2024\/08\/LightBurn-Bridge-Cable-3.png","contentUrl":"https:\/\/fluxlasers.eu\/wp-content\/uploads\/2024\/08\/LightBurn-Bridge-Cable-3.png","width":1200,"height":1200},{"@type":"BreadcrumbList","@id":"https:\/\/fluxlasers.eu\/fr\/produit\/cable-lightburn-flux\/#breadcrumb","itemListElement":[{"@type":"ListItem","position":1,"name":"Portada","item":"https:\/\/fluxlasers.eu\/fr\/accueil\/"},{"@type":"ListItem","position":2,"name":"Boutique","item":"https:\/\/fluxlasers.eu\/fr\/boutique\/"},{"@type":"ListItem","position":3,"name":"C\u00e2ble Lightburn &#8211; FLUX"}]},{"@type":"WebSite","@id":"https:\/\/fluxlasers.eu\/fr\/#website","url":"https:\/\/fluxlasers.eu\/fr\/","name":"Flux - Bomedia","description":"D\u00e9coupeuses et graveuses laser","publisher":{"@id":"https:\/\/fluxlasers.eu\/fr\/#organization"},"potentialAction":[{"@type":"SearchAction","target":{"@type":"EntryPoint","urlTemplate":"https:\/\/fluxlasers.eu\/fr\/?s={search_term_string}"},"query-input":{"@type":"PropertyValueSpecification","valueRequired":true,"valueName":"search_term_string"}}],"inLanguage":"fr-FR"},{"@type":"Organization","@id":"https:\/\/fluxlasers.eu\/fr\/#organization","name":"Fluxlasers Espa\u00f1a","url":"https:\/\/fluxlasers.eu\/fr\/","logo":{"@type":"ImageObject","inLanguage":"fr-FR","@id":"https:\/\/fluxlasers.eu\/fr\/#\/schema\/logo\/image\/","url":"https:\/\/fluxlasers.eu\/wp-content\/uploads\/2021\/03\/logofluxspainc.png","contentUrl":"https:\/\/fluxlasers.eu\/wp-content\/uploads\/2021\/03\/logofluxspainc.png","width":350,"height":217,"caption":"Fluxlasers Espa\u00f1a"},"image":{"@id":"https:\/\/fluxlasers.eu\/fr\/#\/schema\/logo\/image\/"}}]}},"_links":{"self":[{"href":"https:\/\/fluxlasers.eu\/fr\/wp-json\/wp\/v2\/product\/8583","targetHints":{"allow":["GET"]}}],"collection":[{"href":"https:\/\/fluxlasers.eu\/fr\/wp-json\/wp\/v2\/product"}],"about":[{"href":"https:\/\/fluxlasers.eu\/fr\/wp-json\/wp\/v2\/types\/product"}],"replies":[{"embeddable":true,"href":"https:\/\/fluxlasers.eu\/fr\/wp-json\/wp\/v2\/comments?post=8583"}],"wp:featuredmedia":[{"embeddable":true,"href":"https:\/\/fluxlasers.eu\/fr\/wp-json\/wp\/v2\/media\/3680"}],"wp:attachment":[{"href":"https:\/\/fluxlasers.eu\/fr\/wp-json\/wp\/v2\/media?parent=8583"}],"wp:term":[{"taxonomy":"product_brand","embeddable":true,"href":"https:\/\/fluxlasers.eu\/fr\/wp-json\/wp\/v2\/product_brand?post=8583"},{"taxonomy":"product_cat","embeddable":true,"href":"https:\/\/fluxlasers.eu\/fr\/wp-json\/wp\/v2\/product_cat?post=8583"},{"taxonomy":"product_tag","embeddable":true,"href":"https:\/\/fluxlasers.eu\/fr\/wp-json\/wp\/v2\/product_tag?post=8583"}],"curies":[{"name":"wp","href":"https:\/\/api.w.org\/{rel}","templated":true}]}}