{"id":8527,"date":"2024-07-25T06:55:25","date_gmt":"2024-07-25T05:55:25","guid":{"rendered":"https:\/\/fluxlasers.eu\/producto\/beam-air-pro\/"},"modified":"2024-07-25T06:55:25","modified_gmt":"2024-07-25T05:55:25","slug":"beam-air-pro","status":"publish","type":"product","link":"https:\/\/fluxlasers.eu\/fr\/produit\/beam-air-pro\/","title":{"rendered":"BEAM AIR PRO"},"content":{"rendered":"<p>Beam Air Pro est un filtre \u00e0 air robuste con\u00e7u pour les d\u00e9coupeurs laser professionnels. Avec un design \u00e9l\u00e9gant et compact (68 x 38 x 61 cm), il s\u2019int\u00e8gre dans tout espace de cr\u00e9ation, bureau ou salle de classe. <\/p>\n<p>Lorsqu\u2019il est connect\u00e9 \u00e0 un d\u00e9coupeur laser FLUX, ce filtre \u00e0 air peut ajuster automatiquement son contr\u00f4le du d\u00e9bit pour des performances optimales. Un syst\u00e8me avanc\u00e9 de r\u00e9duction du bruit \u00e0 trois niveaux garantit un environnement de travail plus silencieux. <\/p>\n<hr>\n<p><img decoding=\"async\" class=\"alignleft size-large wp-image-3648\" src=\"https:\/\/fluxlasers.eu\/wp-content\/uploads\/2024\/07\/DSC6048_-1024x683.jpeg\" alt=\"\" width=\"750\" height=\"500\" srcset=\"https:\/\/fluxlasers.eu\/wp-content\/uploads\/2024\/07\/DSC6048_-1024x683.jpeg 1024w, https:\/\/fluxlasers.eu\/wp-content\/uploads\/2024\/07\/DSC6048_-300x200.jpeg 300w, https:\/\/fluxlasers.eu\/wp-content\/uploads\/2024\/07\/DSC6048_-768x512.jpeg 768w, https:\/\/fluxlasers.eu\/wp-content\/uploads\/2024\/07\/DSC6048_-1536x1024.jpeg 1536w, https:\/\/fluxlasers.eu\/wp-content\/uploads\/2024\/07\/DSC6048_-600x400.jpeg 600w, https:\/\/fluxlasers.eu\/wp-content\/uploads\/2024\/07\/DSC6048_.jpeg 1920w\" sizes=\"(max-width: 750px) 100vw, 750px\" \/><\/p>\n<p>&nbsp;<\/p>\n<p>&nbsp;<\/p>\n<p>&nbsp;<\/p>\n<p>&nbsp;<\/p>\n<p>Beam Air Pro maintient l\u2019air de votre espace de travail frais et propre. Beam Air Pro est le compagnon id\u00e9al de nos d\u00e9coupeurs laser Beambox, Beambox Pro et HEXA. <\/p>\n<p>Si vous utilisez FLUX Beamo, ou un autre petit d\u00e9coupeur laser de loisir, Beam Air est une option parfaite.<\/p>\n<h3><\/h3>\n<h3><\/h3>\n<h3><\/h3>\n<h3><\/h3>\n<p>&nbsp;<\/p>\n<h3><\/h3>\n<hr>\n<h3><img decoding=\"async\" class=\"alignleft size-medium wp-image-3655\" src=\"https:\/\/fluxlasers.eu\/wp-content\/uploads\/2024\/07\/BAP-Exploded-View-no-text-156x300.jpg\" alt=\"\" width=\"156\" height=\"300\" srcset=\"https:\/\/fluxlasers.eu\/wp-content\/uploads\/2024\/07\/BAP-Exploded-View-no-text-156x300.jpg 156w, https:\/\/fluxlasers.eu\/wp-content\/uploads\/2024\/07\/BAP-Exploded-View-no-text-532x1024.jpg 532w, https:\/\/fluxlasers.eu\/wp-content\/uploads\/2024\/07\/BAP-Exploded-View-no-text-600x1156.jpg 600w, https:\/\/fluxlasers.eu\/wp-content\/uploads\/2024\/07\/BAP-Exploded-View-no-text.jpg 715w\" sizes=\"(max-width: 156px) 100vw, 156px\" \/><\/h3>\n<h3><\/h3>\n<h3>Remplacement des filtres<\/h3>\n<p>N\u2019oubliez pas de remplacer les filtres \u00e0 temps :<\/p>\n<ul>\n<li>Pr\u00e9filtre (4 \u2013 13 heures)<\/li>\n<li>Filtre interm\u00e9diaire (32 \u2013 100 heures)<\/li>\n<li>Filtre avanc\u00e9 (250 \u2013 800 heures)<\/li>\n<\/ul>\n<h3><\/h3>\n<p>&nbsp;<\/p>\n<p>&nbsp;<\/p>\n<hr>\n<p><img decoding=\"async\" class=\"size-large wp-image-3652 alignnone\" src=\"https:\/\/fluxlasers.eu\/wp-content\/uploads\/2024\/07\/contenido-box-1024x327.jpg\" alt=\"\" width=\"750\" height=\"240\" srcset=\"https:\/\/fluxlasers.eu\/wp-content\/uploads\/2024\/07\/contenido-box-1024x327.jpg 1024w, https:\/\/fluxlasers.eu\/wp-content\/uploads\/2024\/07\/contenido-box-300x96.jpg 300w, https:\/\/fluxlasers.eu\/wp-content\/uploads\/2024\/07\/contenido-box-768x245.jpg 768w, https:\/\/fluxlasers.eu\/wp-content\/uploads\/2024\/07\/contenido-box-600x191.jpg 600w, https:\/\/fluxlasers.eu\/wp-content\/uploads\/2024\/07\/contenido-box.jpg 1470w\" sizes=\"(max-width: 750px) 100vw, 750px\" \/><\/p>\n<h3>Contenu de la bo\u00eete<\/h3>\n<ol>\n<li>FLUX Beam Air Pro avec 1x pr\u00e9filtre, 1x filtre interm\u00e9diaire, 1x filtre avanc\u00e9<\/li>\n<li>Carte de remerciement<\/li>\n<li>Guide de d\u00e9marrage rapide<\/li>\n<li>C\u00e2ble d\u2019alimentation<\/li>\n<li>C\u00e2ble USB<\/li>\n<li>Collier de serrage pour tuyau de ventilation<\/li>\n<li>Pr\u00e9filtre x4<\/li>\n<\/ol>\n<hr>\n<p><img decoding=\"async\" class=\"size-large wp-image-3653 alignnone\" src=\"https:\/\/fluxlasers.eu\/wp-content\/uploads\/2024\/07\/BA-Series-Screenshot-773x1024.jpg\" alt=\"\" width=\"750\" height=\"994\" srcset=\"https:\/\/fluxlasers.eu\/wp-content\/uploads\/2024\/07\/BA-Series-Screenshot-773x1024.jpg 773w, https:\/\/fluxlasers.eu\/wp-content\/uploads\/2024\/07\/BA-Series-Screenshot-227x300.jpg 227w, https:\/\/fluxlasers.eu\/wp-content\/uploads\/2024\/07\/BA-Series-Screenshot-768x1017.jpg 768w, https:\/\/fluxlasers.eu\/wp-content\/uploads\/2024\/07\/BA-Series-Screenshot-1160x1536.jpg 1160w, https:\/\/fluxlasers.eu\/wp-content\/uploads\/2024\/07\/BA-Series-Screenshot-600x795.jpg 600w, https:\/\/fluxlasers.eu\/wp-content\/uploads\/2024\/07\/BA-Series-Screenshot.jpg 1440w\" sizes=\"(max-width: 750px) 100vw, 750px\" \/><\/p>\n<h3>Sp\u00e9cifications<\/h3>\n<ul>\n<li><strong>Convient pour :<\/strong> Beambox, HEXA<\/li>\n<li><strong>Couches de filtration :<\/strong>\n<ul>\n<li>Pr\u00e9filtre (4 \u2013 13 heures)<\/li>\n<li>Filtre interm\u00e9diaire (32 \u2013 100 heures)<\/li>\n<li>Filtre avanc\u00e9 (250 \u2013 800 heures)<\/li>\n<\/ul>\n<\/li>\n<li><strong>D\u00e9bit du syst\u00e8me :<\/strong> 173 CFM \/ 4898.8 Lpm | d\u00e9bit inf\u00e9rieur \u00e0 Beam Air, mais avec une pression plus \u00e9lev\u00e9e<\/li>\n<li><strong>Diam\u00e8tre de l\u2019entr\u00e9e d\u2019air :<\/strong> Entr\u00e9e : \u2300 100 mm \/ Sortie : \u2300 118 mm<\/li>\n<li><strong>Dimensions :<\/strong> 682 x 384 x 608 mm<\/li>\n<li><strong>Poids :<\/strong> 49 kg<\/li>\n<li><strong>Taille du colis :<\/strong> 862 x 541 x 722 mm<\/li>\n<li><strong>Poids du colis :<\/strong> 51 kg<\/li>\n<li><strong>Tension :<\/strong> AC 220V<\/li>\n<li><strong>Puissance :<\/strong> AC 100 \u2013 250 V<\/li>\n<li><strong>Filtration :<\/strong> Filtre 99.99995 % ou plus des particules polluantes &gt;0.1-0.2 \u00b5m (dans des conditions \/ une utilisation normales)<\/li>\n<\/ul>\n","protected":false},"excerpt":{"rendered":"<p>Gardez l\u2019air de votre espace de travail, bureau ou salle de classe propre avec Beam Air Pro, un filtre \u00e0 air pour FLUX Beambox et HEXA ou d\u2019autres d\u00e9coupeurs laser professionnels.<\/p>\n","protected":false},"featured_media":3642,"comment_status":"closed","ping_status":"closed","template":"","meta":[],"product_brand":[],"product_cat":[324,325,328],"product_tag":[],"class_list":{"0":"post-8527","1":"product","2":"type-product","3":"status-publish","4":"has-post-thumbnail","6":"product_cat-accessoires","7":"product_cat-accessoires-beambox","8":"product_cat-accessoires-hexa","10":"first","11":"instock","12":"taxable","13":"shipping-taxable","14":"purchasable","15":"product-type-simple"},"yoast_head":"<!-- This site is optimized with the Yoast SEO plugin v27.0 - https:\/\/yoast.com\/product\/yoast-seo-wordpress\/ -->\n<title>BEAM AIR PRO - Flux - Bomedia<\/title>\n<meta name=\"robots\" content=\"index, follow, max-snippet:-1, max-image-preview:large, max-video-preview:-1\" \/>\n<link rel=\"canonical\" href=\"https:\/\/fluxlasers.eu\/fr\/produit\/beam-air-pro\/\" \/>\n<meta property=\"og:locale\" content=\"fr_FR\" \/>\n<meta property=\"og:type\" content=\"article\" \/>\n<meta property=\"og:title\" content=\"BEAM AIR PRO - Flux - Bomedia\" \/>\n<meta property=\"og:description\" content=\"Gardez l\u2019air de votre espace de travail, bureau ou salle de classe propre avec Beam Air Pro, un filtre \u00e0 air pour FLUX Beambox et HEXA ou d\u2019autres d\u00e9coupeurs laser professionnels.\" \/>\n<meta property=\"og:url\" content=\"https:\/\/fluxlasers.eu\/fr\/produit\/beam-air-pro\/\" \/>\n<meta property=\"og:site_name\" content=\"Flux - Bomedia\" \/>\n<meta property=\"og:image\" content=\"https:\/\/fluxlasers.eu\/wp-content\/uploads\/2024\/07\/BAP-Side-OFF.png\" \/>\n\t<meta property=\"og:image:width\" content=\"1200\" \/>\n\t<meta property=\"og:image:height\" content=\"1200\" \/>\n\t<meta property=\"og:image:type\" content=\"image\/png\" \/>\n<meta name=\"twitter:card\" content=\"summary_large_image\" \/>\n<meta name=\"twitter:label1\" content=\"Dur\u00e9e de lecture estim\u00e9e\" \/>\n\t<meta name=\"twitter:data1\" content=\"2 minutes\" \/>\n<script type=\"application\/ld+json\" class=\"yoast-schema-graph\">{\"@context\":\"https:\/\/schema.org\",\"@graph\":[{\"@type\":\"WebPage\",\"@id\":\"https:\/\/fluxlasers.eu\/fr\/produit\/beam-air-pro\/\",\"url\":\"https:\/\/fluxlasers.eu\/fr\/produit\/beam-air-pro\/\",\"name\":\"BEAM AIR PRO - Flux - Bomedia\",\"isPartOf\":{\"@id\":\"https:\/\/fluxlasers.eu\/fr\/#website\"},\"primaryImageOfPage\":{\"@id\":\"https:\/\/fluxlasers.eu\/fr\/produit\/beam-air-pro\/#primaryimage\"},\"image\":{\"@id\":\"https:\/\/fluxlasers.eu\/fr\/produit\/beam-air-pro\/#primaryimage\"},\"thumbnailUrl\":\"https:\/\/fluxlasers.eu\/wp-content\/uploads\/2024\/07\/BAP-Side-OFF.png\",\"datePublished\":\"2024-07-25T05:55:25+00:00\",\"breadcrumb\":{\"@id\":\"https:\/\/fluxlasers.eu\/fr\/produit\/beam-air-pro\/#breadcrumb\"},\"inLanguage\":\"fr-FR\",\"potentialAction\":[{\"@type\":\"ReadAction\",\"target\":[\"https:\/\/fluxlasers.eu\/fr\/produit\/beam-air-pro\/\"]}]},{\"@type\":\"ImageObject\",\"inLanguage\":\"fr-FR\",\"@id\":\"https:\/\/fluxlasers.eu\/fr\/produit\/beam-air-pro\/#primaryimage\",\"url\":\"https:\/\/fluxlasers.eu\/wp-content\/uploads\/2024\/07\/BAP-Side-OFF.png\",\"contentUrl\":\"https:\/\/fluxlasers.eu\/wp-content\/uploads\/2024\/07\/BAP-Side-OFF.png\",\"width\":1200,\"height\":1200},{\"@type\":\"BreadcrumbList\",\"@id\":\"https:\/\/fluxlasers.eu\/fr\/produit\/beam-air-pro\/#breadcrumb\",\"itemListElement\":[{\"@type\":\"ListItem\",\"position\":1,\"name\":\"Portada\",\"item\":\"https:\/\/fluxlasers.eu\/fr\/accueil\/\"},{\"@type\":\"ListItem\",\"position\":2,\"name\":\"Boutique\",\"item\":\"https:\/\/fluxlasers.eu\/fr\/boutique\/\"},{\"@type\":\"ListItem\",\"position\":3,\"name\":\"BEAM AIR PRO\"}]},{\"@type\":\"WebSite\",\"@id\":\"https:\/\/fluxlasers.eu\/fr\/#website\",\"url\":\"https:\/\/fluxlasers.eu\/fr\/\",\"name\":\"Flux - Bomedia\",\"description\":\"D\u00e9coupeuses et graveuses laser\",\"publisher\":{\"@id\":\"https:\/\/fluxlasers.eu\/fr\/#organization\"},\"potentialAction\":[{\"@type\":\"SearchAction\",\"target\":{\"@type\":\"EntryPoint\",\"urlTemplate\":\"https:\/\/fluxlasers.eu\/fr\/?s={search_term_string}\"},\"query-input\":{\"@type\":\"PropertyValueSpecification\",\"valueRequired\":true,\"valueName\":\"search_term_string\"}}],\"inLanguage\":\"fr-FR\"},{\"@type\":\"Organization\",\"@id\":\"https:\/\/fluxlasers.eu\/fr\/#organization\",\"name\":\"Fluxlasers Espa\u00f1a\",\"url\":\"https:\/\/fluxlasers.eu\/fr\/\",\"logo\":{\"@type\":\"ImageObject\",\"inLanguage\":\"fr-FR\",\"@id\":\"https:\/\/fluxlasers.eu\/fr\/#\/schema\/logo\/image\/\",\"url\":\"https:\/\/fluxlasers.eu\/wp-content\/uploads\/2021\/03\/logofluxspainc.png\",\"contentUrl\":\"https:\/\/fluxlasers.eu\/wp-content\/uploads\/2021\/03\/logofluxspainc.png\",\"width\":350,\"height\":217,\"caption\":\"Fluxlasers Espa\u00f1a\"},\"image\":{\"@id\":\"https:\/\/fluxlasers.eu\/fr\/#\/schema\/logo\/image\/\"}}]}<\/script>\n<!-- \/ Yoast SEO plugin. -->","yoast_head_json":{"title":"BEAM AIR PRO - Flux - Bomedia","robots":{"index":"index","follow":"follow","max-snippet":"max-snippet:-1","max-image-preview":"max-image-preview:large","max-video-preview":"max-video-preview:-1"},"canonical":"https:\/\/fluxlasers.eu\/fr\/produit\/beam-air-pro\/","og_locale":"fr_FR","og_type":"article","og_title":"BEAM AIR PRO - Flux - Bomedia","og_description":"Gardez l\u2019air de votre espace de travail, bureau ou salle de classe propre avec Beam Air Pro, un filtre \u00e0 air pour FLUX Beambox et HEXA ou d\u2019autres d\u00e9coupeurs laser professionnels.","og_url":"https:\/\/fluxlasers.eu\/fr\/produit\/beam-air-pro\/","og_site_name":"Flux - Bomedia","og_image":[{"width":1200,"height":1200,"url":"https:\/\/fluxlasers.eu\/wp-content\/uploads\/2024\/07\/BAP-Side-OFF.png","type":"image\/png"}],"twitter_card":"summary_large_image","twitter_misc":{"Dur\u00e9e de lecture estim\u00e9e":"2 minutes"},"schema":{"@context":"https:\/\/schema.org","@graph":[{"@type":"WebPage","@id":"https:\/\/fluxlasers.eu\/fr\/produit\/beam-air-pro\/","url":"https:\/\/fluxlasers.eu\/fr\/produit\/beam-air-pro\/","name":"BEAM AIR PRO - Flux - Bomedia","isPartOf":{"@id":"https:\/\/fluxlasers.eu\/fr\/#website"},"primaryImageOfPage":{"@id":"https:\/\/fluxlasers.eu\/fr\/produit\/beam-air-pro\/#primaryimage"},"image":{"@id":"https:\/\/fluxlasers.eu\/fr\/produit\/beam-air-pro\/#primaryimage"},"thumbnailUrl":"https:\/\/fluxlasers.eu\/wp-content\/uploads\/2024\/07\/BAP-Side-OFF.png","datePublished":"2024-07-25T05:55:25+00:00","breadcrumb":{"@id":"https:\/\/fluxlasers.eu\/fr\/produit\/beam-air-pro\/#breadcrumb"},"inLanguage":"fr-FR","potentialAction":[{"@type":"ReadAction","target":["https:\/\/fluxlasers.eu\/fr\/produit\/beam-air-pro\/"]}]},{"@type":"ImageObject","inLanguage":"fr-FR","@id":"https:\/\/fluxlasers.eu\/fr\/produit\/beam-air-pro\/#primaryimage","url":"https:\/\/fluxlasers.eu\/wp-content\/uploads\/2024\/07\/BAP-Side-OFF.png","contentUrl":"https:\/\/fluxlasers.eu\/wp-content\/uploads\/2024\/07\/BAP-Side-OFF.png","width":1200,"height":1200},{"@type":"BreadcrumbList","@id":"https:\/\/fluxlasers.eu\/fr\/produit\/beam-air-pro\/#breadcrumb","itemListElement":[{"@type":"ListItem","position":1,"name":"Portada","item":"https:\/\/fluxlasers.eu\/fr\/accueil\/"},{"@type":"ListItem","position":2,"name":"Boutique","item":"https:\/\/fluxlasers.eu\/fr\/boutique\/"},{"@type":"ListItem","position":3,"name":"BEAM AIR PRO"}]},{"@type":"WebSite","@id":"https:\/\/fluxlasers.eu\/fr\/#website","url":"https:\/\/fluxlasers.eu\/fr\/","name":"Flux - Bomedia","description":"D\u00e9coupeuses et graveuses laser","publisher":{"@id":"https:\/\/fluxlasers.eu\/fr\/#organization"},"potentialAction":[{"@type":"SearchAction","target":{"@type":"EntryPoint","urlTemplate":"https:\/\/fluxlasers.eu\/fr\/?s={search_term_string}"},"query-input":{"@type":"PropertyValueSpecification","valueRequired":true,"valueName":"search_term_string"}}],"inLanguage":"fr-FR"},{"@type":"Organization","@id":"https:\/\/fluxlasers.eu\/fr\/#organization","name":"Fluxlasers Espa\u00f1a","url":"https:\/\/fluxlasers.eu\/fr\/","logo":{"@type":"ImageObject","inLanguage":"fr-FR","@id":"https:\/\/fluxlasers.eu\/fr\/#\/schema\/logo\/image\/","url":"https:\/\/fluxlasers.eu\/wp-content\/uploads\/2021\/03\/logofluxspainc.png","contentUrl":"https:\/\/fluxlasers.eu\/wp-content\/uploads\/2021\/03\/logofluxspainc.png","width":350,"height":217,"caption":"Fluxlasers Espa\u00f1a"},"image":{"@id":"https:\/\/fluxlasers.eu\/fr\/#\/schema\/logo\/image\/"}}]}},"_links":{"self":[{"href":"https:\/\/fluxlasers.eu\/fr\/wp-json\/wp\/v2\/product\/8527","targetHints":{"allow":["GET"]}}],"collection":[{"href":"https:\/\/fluxlasers.eu\/fr\/wp-json\/wp\/v2\/product"}],"about":[{"href":"https:\/\/fluxlasers.eu\/fr\/wp-json\/wp\/v2\/types\/product"}],"replies":[{"embeddable":true,"href":"https:\/\/fluxlasers.eu\/fr\/wp-json\/wp\/v2\/comments?post=8527"}],"wp:featuredmedia":[{"embeddable":true,"href":"https:\/\/fluxlasers.eu\/fr\/wp-json\/wp\/v2\/media\/3642"}],"wp:attachment":[{"href":"https:\/\/fluxlasers.eu\/fr\/wp-json\/wp\/v2\/media?parent=8527"}],"wp:term":[{"taxonomy":"product_brand","embeddable":true,"href":"https:\/\/fluxlasers.eu\/fr\/wp-json\/wp\/v2\/product_brand?post=8527"},{"taxonomy":"product_cat","embeddable":true,"href":"https:\/\/fluxlasers.eu\/fr\/wp-json\/wp\/v2\/product_cat?post=8527"},{"taxonomy":"product_tag","embeddable":true,"href":"https:\/\/fluxlasers.eu\/fr\/wp-json\/wp\/v2\/product_tag?post=8527"}],"curies":[{"name":"wp","href":"https:\/\/api.w.org\/{rel}","templated":true}]}}