{"id":8194,"date":"2023-11-07T11:39:37","date_gmt":"2023-11-07T11:39:37","guid":{"rendered":"https:\/\/fluxlasers.eu\/producto\/flux-ador\/"},"modified":"2023-11-07T11:39:37","modified_gmt":"2023-11-07T10:39:37","slug":"flux-ador","status":"publish","type":"product","link":"https:\/\/fluxlasers.eu\/fr\/produit\/flux-ador\/","title":{"rendered":"FLUX Ador"},"content":{"rendered":"<h2>FLUX ADOR<\/h2>\n<p>Lib\u00e9rez votre g\u00e9nie cr\u00e9atif avec le laser \u00e0 diode FLUX Ador ! Explorez des possibilit\u00e9s infinies, des mat\u00e9riaux \u00e9clatants \u00e0 la gravure sur m\u00e9tal, avec le module d\u2019impression optionnel et l\u2019infrarouge de 2 W. <\/p>\n<h3>CONTENU DE LA BO\u00ceTE<\/h3>\n<p><img decoding=\"async\" class=\"size-large wp-image-3271 aligncenter\" src=\"https:\/\/fluxlasers.eu\/wp-content\/uploads\/2023\/11\/Ador_whats-in-the-box-10_-20-W-1024x1024.jpeg\" alt=\"\" width=\"750\" height=\"750\" srcset=\"https:\/\/fluxlasers.eu\/wp-content\/uploads\/2023\/11\/Ador_whats-in-the-box-10_-20-W-1024x1024.jpeg 1024w, https:\/\/fluxlasers.eu\/wp-content\/uploads\/2023\/11\/Ador_whats-in-the-box-10_-20-W-300x300.jpeg 300w, https:\/\/fluxlasers.eu\/wp-content\/uploads\/2023\/11\/Ador_whats-in-the-box-10_-20-W-150x150.jpeg 150w, https:\/\/fluxlasers.eu\/wp-content\/uploads\/2023\/11\/Ador_whats-in-the-box-10_-20-W-768x768.jpeg 768w, https:\/\/fluxlasers.eu\/wp-content\/uploads\/2023\/11\/Ador_whats-in-the-box-10_-20-W-1536x1536.jpeg 1536w, https:\/\/fluxlasers.eu\/wp-content\/uploads\/2023\/11\/Ador_whats-in-the-box-10_-20-W-270x270.jpeg 270w, https:\/\/fluxlasers.eu\/wp-content\/uploads\/2023\/11\/Ador_whats-in-the-box-10_-20-W-230x230.jpeg 230w, https:\/\/fluxlasers.eu\/wp-content\/uploads\/2023\/11\/Ador_whats-in-the-box-10_-20-W-600x600.jpeg 600w, https:\/\/fluxlasers.eu\/wp-content\/uploads\/2023\/11\/Ador_whats-in-the-box-10_-20-W-100x100.jpeg 100w, https:\/\/fluxlasers.eu\/wp-content\/uploads\/2023\/11\/Ador_whats-in-the-box-10_-20-W.jpeg 1920w\" sizes=\"(max-width: 750px) 100vw, 750px\" \/><\/p>\n<ol>\n<li>FLUX Ador<\/li>\n<li>Module laser \u00e0 diode de 10 W \/ 20 W<\/li>\n<li>6 x \u00e9l\u00e9vateurs de prisme<\/li>\n<li>Adaptateur secteur<\/li>\n<li>C\u00e2ble d\u2019alimentation<\/li>\n<li>Cl\u00e9 hexagonale<\/li>\n<li>Tuyau d\u2019\u00e9vacuation<\/li>\n<li>Collier de serrage pour tuyau d\u2019\u00e9vacuation<\/li>\n<li>\u00c9chantillon de bois pour test<\/li>\n<li>Lubrifiant pour d\u00e9coupeuse laser<\/li>\n<\/ol>\n","protected":false},"excerpt":{"rendered":"<p>Lib\u00e9rez votre g\u00e9nie cr\u00e9atif avec le laser \u00e0 diode FLUX Ador ! Explorez des possibilit\u00e9s infinies, des mat\u00e9riaux \u00e9clatants \u00e0 la gravure sur m\u00e9tal, avec le module d\u2019impression optionnel et l\u2019infrarouge de 2 W. <\/p>\n<p>&nbsp;<\/p>\n<p>D\u00e9lai de livraison +\/- 1 mois<\/p>\n","protected":false},"featured_media":3281,"comment_status":"closed","ping_status":"closed","template":"","meta":[],"product_brand":[],"product_cat":[348,307],"product_tag":[],"class_list":{"0":"post-8194","1":"product","2":"type-product","3":"status-publish","4":"has-post-thumbnail","6":"product_cat-decoupeuses-laser","7":"product_cat-flux-ador","9":"first","10":"instock","11":"taxable","12":"shipping-taxable","13":"purchasable","14":"product-type-variable"},"yoast_head":"<!-- This site is optimized with the Yoast SEO plugin v27.0 - https:\/\/yoast.com\/product\/yoast-seo-wordpress\/ -->\n<title>FLUX Ador - Flux - Bomedia<\/title>\n<meta name=\"robots\" content=\"index, follow, max-snippet:-1, max-image-preview:large, max-video-preview:-1\" \/>\n<link rel=\"canonical\" href=\"https:\/\/fluxlasers.eu\/fr\/produit\/flux-ador\/\" \/>\n<meta property=\"og:locale\" content=\"fr_FR\" \/>\n<meta property=\"og:type\" content=\"article\" \/>\n<meta property=\"og:title\" content=\"FLUX Ador - Flux - Bomedia\" \/>\n<meta property=\"og:description\" content=\"Lib\u00e9rez votre g\u00e9nie cr\u00e9atif avec le laser \u00e0 diode FLUX Ador ! Explorez des possibilit\u00e9s infinies, des mat\u00e9riaux \u00e9clatants \u00e0 la gravure sur m\u00e9tal, avec le module d\u2019impression optionnel et l\u2019infrarouge de 2 W.  &nbsp; D\u00e9lai de livraison +\/- 1 mois\" \/>\n<meta property=\"og:url\" content=\"https:\/\/fluxlasers.eu\/fr\/produit\/flux-ador\/\" \/>\n<meta property=\"og:site_name\" content=\"Flux - Bomedia\" \/>\n<meta property=\"og:image\" content=\"https:\/\/fluxlasers.eu\/wp-content\/uploads\/2023\/11\/flux-ador.png\" \/>\n\t<meta property=\"og:image:width\" content=\"2047\" \/>\n\t<meta property=\"og:image:height\" content=\"1365\" \/>\n\t<meta property=\"og:image:type\" content=\"image\/png\" \/>\n<meta name=\"twitter:card\" content=\"summary_large_image\" \/>\n<script type=\"application\/ld+json\" class=\"yoast-schema-graph\">{\"@context\":\"https:\/\/schema.org\",\"@graph\":[{\"@type\":\"WebPage\",\"@id\":\"https:\/\/fluxlasers.eu\/fr\/produit\/flux-ador\/\",\"url\":\"https:\/\/fluxlasers.eu\/fr\/produit\/flux-ador\/\",\"name\":\"FLUX Ador - Flux - Bomedia\",\"isPartOf\":{\"@id\":\"https:\/\/fluxlasers.eu\/fr\/#website\"},\"primaryImageOfPage\":{\"@id\":\"https:\/\/fluxlasers.eu\/fr\/produit\/flux-ador\/#primaryimage\"},\"image\":{\"@id\":\"https:\/\/fluxlasers.eu\/fr\/produit\/flux-ador\/#primaryimage\"},\"thumbnailUrl\":\"https:\/\/fluxlasers.eu\/wp-content\/uploads\/2023\/11\/flux-ador.png\",\"datePublished\":\"2023-11-07T11:39:37+00:00\",\"breadcrumb\":{\"@id\":\"https:\/\/fluxlasers.eu\/fr\/produit\/flux-ador\/#breadcrumb\"},\"inLanguage\":\"fr-FR\",\"potentialAction\":[{\"@type\":\"ReadAction\",\"target\":[\"https:\/\/fluxlasers.eu\/fr\/produit\/flux-ador\/\"]}]},{\"@type\":\"ImageObject\",\"inLanguage\":\"fr-FR\",\"@id\":\"https:\/\/fluxlasers.eu\/fr\/produit\/flux-ador\/#primaryimage\",\"url\":\"https:\/\/fluxlasers.eu\/wp-content\/uploads\/2023\/11\/flux-ador.png\",\"contentUrl\":\"https:\/\/fluxlasers.eu\/wp-content\/uploads\/2023\/11\/flux-ador.png\",\"width\":2047,\"height\":1365},{\"@type\":\"BreadcrumbList\",\"@id\":\"https:\/\/fluxlasers.eu\/fr\/produit\/flux-ador\/#breadcrumb\",\"itemListElement\":[{\"@type\":\"ListItem\",\"position\":1,\"name\":\"Portada\",\"item\":\"https:\/\/fluxlasers.eu\/fr\/accueil\/\"},{\"@type\":\"ListItem\",\"position\":2,\"name\":\"Boutique\",\"item\":\"https:\/\/fluxlasers.eu\/fr\/boutique\/\"},{\"@type\":\"ListItem\",\"position\":3,\"name\":\"FLUX Ador\"}]},{\"@type\":\"WebSite\",\"@id\":\"https:\/\/fluxlasers.eu\/fr\/#website\",\"url\":\"https:\/\/fluxlasers.eu\/fr\/\",\"name\":\"Flux - Bomedia\",\"description\":\"D\u00e9coupeuses et graveuses laser\",\"publisher\":{\"@id\":\"https:\/\/fluxlasers.eu\/fr\/#organization\"},\"potentialAction\":[{\"@type\":\"SearchAction\",\"target\":{\"@type\":\"EntryPoint\",\"urlTemplate\":\"https:\/\/fluxlasers.eu\/fr\/?s={search_term_string}\"},\"query-input\":{\"@type\":\"PropertyValueSpecification\",\"valueRequired\":true,\"valueName\":\"search_term_string\"}}],\"inLanguage\":\"fr-FR\"},{\"@type\":\"Organization\",\"@id\":\"https:\/\/fluxlasers.eu\/fr\/#organization\",\"name\":\"Fluxlasers Espa\u00f1a\",\"url\":\"https:\/\/fluxlasers.eu\/fr\/\",\"logo\":{\"@type\":\"ImageObject\",\"inLanguage\":\"fr-FR\",\"@id\":\"https:\/\/fluxlasers.eu\/fr\/#\/schema\/logo\/image\/\",\"url\":\"https:\/\/fluxlasers.eu\/wp-content\/uploads\/2021\/03\/logofluxspainc.png\",\"contentUrl\":\"https:\/\/fluxlasers.eu\/wp-content\/uploads\/2021\/03\/logofluxspainc.png\",\"width\":350,\"height\":217,\"caption\":\"Fluxlasers Espa\u00f1a\"},\"image\":{\"@id\":\"https:\/\/fluxlasers.eu\/fr\/#\/schema\/logo\/image\/\"}}]}<\/script>\n<!-- \/ Yoast SEO plugin. -->","yoast_head_json":{"title":"FLUX Ador - Flux - Bomedia","robots":{"index":"index","follow":"follow","max-snippet":"max-snippet:-1","max-image-preview":"max-image-preview:large","max-video-preview":"max-video-preview:-1"},"canonical":"https:\/\/fluxlasers.eu\/fr\/produit\/flux-ador\/","og_locale":"fr_FR","og_type":"article","og_title":"FLUX Ador - Flux - Bomedia","og_description":"Lib\u00e9rez votre g\u00e9nie cr\u00e9atif avec le laser \u00e0 diode FLUX Ador ! Explorez des possibilit\u00e9s infinies, des mat\u00e9riaux \u00e9clatants \u00e0 la gravure sur m\u00e9tal, avec le module d\u2019impression optionnel et l\u2019infrarouge de 2 W.  &nbsp; D\u00e9lai de livraison +\/- 1 mois","og_url":"https:\/\/fluxlasers.eu\/fr\/produit\/flux-ador\/","og_site_name":"Flux - Bomedia","og_image":[{"width":2047,"height":1365,"url":"https:\/\/fluxlasers.eu\/wp-content\/uploads\/2023\/11\/flux-ador.png","type":"image\/png"}],"twitter_card":"summary_large_image","schema":{"@context":"https:\/\/schema.org","@graph":[{"@type":"WebPage","@id":"https:\/\/fluxlasers.eu\/fr\/produit\/flux-ador\/","url":"https:\/\/fluxlasers.eu\/fr\/produit\/flux-ador\/","name":"FLUX Ador - Flux - Bomedia","isPartOf":{"@id":"https:\/\/fluxlasers.eu\/fr\/#website"},"primaryImageOfPage":{"@id":"https:\/\/fluxlasers.eu\/fr\/produit\/flux-ador\/#primaryimage"},"image":{"@id":"https:\/\/fluxlasers.eu\/fr\/produit\/flux-ador\/#primaryimage"},"thumbnailUrl":"https:\/\/fluxlasers.eu\/wp-content\/uploads\/2023\/11\/flux-ador.png","datePublished":"2023-11-07T11:39:37+00:00","breadcrumb":{"@id":"https:\/\/fluxlasers.eu\/fr\/produit\/flux-ador\/#breadcrumb"},"inLanguage":"fr-FR","potentialAction":[{"@type":"ReadAction","target":["https:\/\/fluxlasers.eu\/fr\/produit\/flux-ador\/"]}]},{"@type":"ImageObject","inLanguage":"fr-FR","@id":"https:\/\/fluxlasers.eu\/fr\/produit\/flux-ador\/#primaryimage","url":"https:\/\/fluxlasers.eu\/wp-content\/uploads\/2023\/11\/flux-ador.png","contentUrl":"https:\/\/fluxlasers.eu\/wp-content\/uploads\/2023\/11\/flux-ador.png","width":2047,"height":1365},{"@type":"BreadcrumbList","@id":"https:\/\/fluxlasers.eu\/fr\/produit\/flux-ador\/#breadcrumb","itemListElement":[{"@type":"ListItem","position":1,"name":"Portada","item":"https:\/\/fluxlasers.eu\/fr\/accueil\/"},{"@type":"ListItem","position":2,"name":"Boutique","item":"https:\/\/fluxlasers.eu\/fr\/boutique\/"},{"@type":"ListItem","position":3,"name":"FLUX Ador"}]},{"@type":"WebSite","@id":"https:\/\/fluxlasers.eu\/fr\/#website","url":"https:\/\/fluxlasers.eu\/fr\/","name":"Flux - Bomedia","description":"D\u00e9coupeuses et graveuses laser","publisher":{"@id":"https:\/\/fluxlasers.eu\/fr\/#organization"},"potentialAction":[{"@type":"SearchAction","target":{"@type":"EntryPoint","urlTemplate":"https:\/\/fluxlasers.eu\/fr\/?s={search_term_string}"},"query-input":{"@type":"PropertyValueSpecification","valueRequired":true,"valueName":"search_term_string"}}],"inLanguage":"fr-FR"},{"@type":"Organization","@id":"https:\/\/fluxlasers.eu\/fr\/#organization","name":"Fluxlasers Espa\u00f1a","url":"https:\/\/fluxlasers.eu\/fr\/","logo":{"@type":"ImageObject","inLanguage":"fr-FR","@id":"https:\/\/fluxlasers.eu\/fr\/#\/schema\/logo\/image\/","url":"https:\/\/fluxlasers.eu\/wp-content\/uploads\/2021\/03\/logofluxspainc.png","contentUrl":"https:\/\/fluxlasers.eu\/wp-content\/uploads\/2021\/03\/logofluxspainc.png","width":350,"height":217,"caption":"Fluxlasers Espa\u00f1a"},"image":{"@id":"https:\/\/fluxlasers.eu\/fr\/#\/schema\/logo\/image\/"}}]}},"_links":{"self":[{"href":"https:\/\/fluxlasers.eu\/fr\/wp-json\/wp\/v2\/product\/8194","targetHints":{"allow":["GET"]}}],"collection":[{"href":"https:\/\/fluxlasers.eu\/fr\/wp-json\/wp\/v2\/product"}],"about":[{"href":"https:\/\/fluxlasers.eu\/fr\/wp-json\/wp\/v2\/types\/product"}],"replies":[{"embeddable":true,"href":"https:\/\/fluxlasers.eu\/fr\/wp-json\/wp\/v2\/comments?post=8194"}],"wp:featuredmedia":[{"embeddable":true,"href":"https:\/\/fluxlasers.eu\/fr\/wp-json\/wp\/v2\/media\/3281"}],"wp:attachment":[{"href":"https:\/\/fluxlasers.eu\/fr\/wp-json\/wp\/v2\/media?parent=8194"}],"wp:term":[{"taxonomy":"product_brand","embeddable":true,"href":"https:\/\/fluxlasers.eu\/fr\/wp-json\/wp\/v2\/product_brand?post=8194"},{"taxonomy":"product_cat","embeddable":true,"href":"https:\/\/fluxlasers.eu\/fr\/wp-json\/wp\/v2\/product_cat?post=8194"},{"taxonomy":"product_tag","embeddable":true,"href":"https:\/\/fluxlasers.eu\/fr\/wp-json\/wp\/v2\/product_tag?post=8194"}],"curies":[{"name":"wp","href":"https:\/\/api.w.org\/{rel}","templated":true}]}}