{"id":7665,"date":"2026-02-06T12:09:34","date_gmt":"2026-02-06T11:09:34","guid":{"rendered":"https:\/\/fluxlasers.eu\/producto\/bb2-carte-de-controle-principale-avec-driveric\/"},"modified":"2026-02-06T12:09:34","modified_gmt":"2026-02-06T11:09:34","slug":"bb2-carte-de-controle-principale-avec-driveric","status":"publish","type":"product","link":"https:\/\/fluxlasers.eu\/fr\/produit\/bb2-carte-de-controle-principale-avec-driveric\/","title":{"rendered":"BB2 Carte de contr\u00f4le principale avec DriverIC"},"content":{"rendered":"","protected":false},"excerpt":{"rendered":"<p><strong>ES:<\/strong> Pi\u00e8ce de rechange : BB2 Carte de contr\u00f4le principale avec DriverIC. SKU MCO-21004. <\/p>\n<p><strong>EN:<\/strong> Replacement part: BB2 Main Control Board w\/ DriverIC. SKU MCO-21004. <\/p>\n","protected":false},"featured_media":5560,"comment_status":"open","ping_status":"closed","template":"","meta":[],"product_brand":[],"product_cat":[287,288],"product_tag":[],"class_list":{"0":"post-7665","1":"product","2":"type-product","3":"status-publish","4":"has-post-thumbnail","6":"product_cat-pieces-de-rechange","7":"product_cat-pieces-de-rechange-beambox","9":"first","10":"instock","11":"taxable","12":"shipping-taxable","13":"purchasable","14":"product-type-simple"},"yoast_head":"<!-- This site is optimized with the Yoast SEO plugin v27.0 - https:\/\/yoast.com\/product\/yoast-seo-wordpress\/ -->\n<title>BB2 Carte de contr\u00f4le principale avec DriverIC - Flux - Bomedia<\/title>\n<meta name=\"robots\" content=\"index, follow, max-snippet:-1, max-image-preview:large, max-video-preview:-1\" \/>\n<link rel=\"canonical\" href=\"https:\/\/fluxlasers.eu\/fr\/produit\/bb2-carte-de-controle-principale-avec-driveric\/\" \/>\n<meta property=\"og:locale\" content=\"fr_FR\" \/>\n<meta property=\"og:type\" content=\"article\" \/>\n<meta property=\"og:title\" content=\"BB2 Carte de contr\u00f4le principale avec DriverIC - Flux - Bomedia\" \/>\n<meta property=\"og:description\" content=\"ES: Pi\u00e8ce de rechange : BB2 Carte de contr\u00f4le principale avec DriverIC. SKU MCO-21004. EN: Replacement part: BB2 Main Control Board w\/ DriverIC. SKU MCO-21004.\" \/>\n<meta property=\"og:url\" content=\"https:\/\/fluxlasers.eu\/fr\/produit\/bb2-carte-de-controle-principale-avec-driveric\/\" \/>\n<meta property=\"og:site_name\" content=\"Flux - Bomedia\" \/>\n<meta property=\"og:image\" content=\"https:\/\/fluxlasers.eu\/wp-content\/uploads\/2026\/02\/MCO-21004_1.jpg-1.webp\" \/>\n\t<meta property=\"og:image:width\" content=\"1352\" \/>\n\t<meta property=\"og:image:height\" content=\"959\" \/>\n\t<meta property=\"og:image:type\" content=\"image\/webp\" \/>\n<meta name=\"twitter:card\" content=\"summary_large_image\" \/>\n<script type=\"application\/ld+json\" class=\"yoast-schema-graph\">{\"@context\":\"https:\/\/schema.org\",\"@graph\":[{\"@type\":\"WebPage\",\"@id\":\"https:\/\/fluxlasers.eu\/fr\/produit\/bb2-carte-de-controle-principale-avec-driveric\/\",\"url\":\"https:\/\/fluxlasers.eu\/fr\/produit\/bb2-carte-de-controle-principale-avec-driveric\/\",\"name\":\"BB2 Carte de contr\u00f4le principale avec DriverIC - Flux - Bomedia\",\"isPartOf\":{\"@id\":\"https:\/\/fluxlasers.eu\/fr\/#website\"},\"primaryImageOfPage\":{\"@id\":\"https:\/\/fluxlasers.eu\/fr\/produit\/bb2-carte-de-controle-principale-avec-driveric\/#primaryimage\"},\"image\":{\"@id\":\"https:\/\/fluxlasers.eu\/fr\/produit\/bb2-carte-de-controle-principale-avec-driveric\/#primaryimage\"},\"thumbnailUrl\":\"https:\/\/fluxlasers.eu\/wp-content\/uploads\/2026\/02\/MCO-21004_1.jpg-1.webp\",\"datePublished\":\"2026-02-06T11:09:34+00:00\",\"breadcrumb\":{\"@id\":\"https:\/\/fluxlasers.eu\/fr\/produit\/bb2-carte-de-controle-principale-avec-driveric\/#breadcrumb\"},\"inLanguage\":\"fr-FR\",\"potentialAction\":[{\"@type\":\"ReadAction\",\"target\":[\"https:\/\/fluxlasers.eu\/fr\/produit\/bb2-carte-de-controle-principale-avec-driveric\/\"]}]},{\"@type\":\"ImageObject\",\"inLanguage\":\"fr-FR\",\"@id\":\"https:\/\/fluxlasers.eu\/fr\/produit\/bb2-carte-de-controle-principale-avec-driveric\/#primaryimage\",\"url\":\"https:\/\/fluxlasers.eu\/wp-content\/uploads\/2026\/02\/MCO-21004_1.jpg-1.webp\",\"contentUrl\":\"https:\/\/fluxlasers.eu\/wp-content\/uploads\/2026\/02\/MCO-21004_1.jpg-1.webp\",\"width\":1352,\"height\":959},{\"@type\":\"BreadcrumbList\",\"@id\":\"https:\/\/fluxlasers.eu\/fr\/produit\/bb2-carte-de-controle-principale-avec-driveric\/#breadcrumb\",\"itemListElement\":[{\"@type\":\"ListItem\",\"position\":1,\"name\":\"Portada\",\"item\":\"https:\/\/fluxlasers.eu\/fr\/accueil\/\"},{\"@type\":\"ListItem\",\"position\":2,\"name\":\"Boutique\",\"item\":\"https:\/\/fluxlasers.eu\/fr\/boutique\/\"},{\"@type\":\"ListItem\",\"position\":3,\"name\":\"BB2 Carte de contr\u00f4le principale avec DriverIC\"}]},{\"@type\":\"WebSite\",\"@id\":\"https:\/\/fluxlasers.eu\/fr\/#website\",\"url\":\"https:\/\/fluxlasers.eu\/fr\/\",\"name\":\"Flux - Bomedia\",\"description\":\"D\u00e9coupeuses et graveuses laser\",\"publisher\":{\"@id\":\"https:\/\/fluxlasers.eu\/fr\/#organization\"},\"potentialAction\":[{\"@type\":\"SearchAction\",\"target\":{\"@type\":\"EntryPoint\",\"urlTemplate\":\"https:\/\/fluxlasers.eu\/fr\/?s={search_term_string}\"},\"query-input\":{\"@type\":\"PropertyValueSpecification\",\"valueRequired\":true,\"valueName\":\"search_term_string\"}}],\"inLanguage\":\"fr-FR\"},{\"@type\":\"Organization\",\"@id\":\"https:\/\/fluxlasers.eu\/fr\/#organization\",\"name\":\"Fluxlasers Espa\u00f1a\",\"url\":\"https:\/\/fluxlasers.eu\/fr\/\",\"logo\":{\"@type\":\"ImageObject\",\"inLanguage\":\"fr-FR\",\"@id\":\"https:\/\/fluxlasers.eu\/fr\/#\/schema\/logo\/image\/\",\"url\":\"https:\/\/fluxlasers.eu\/wp-content\/uploads\/2021\/03\/logofluxspainc.png\",\"contentUrl\":\"https:\/\/fluxlasers.eu\/wp-content\/uploads\/2021\/03\/logofluxspainc.png\",\"width\":350,\"height\":217,\"caption\":\"Fluxlasers Espa\u00f1a\"},\"image\":{\"@id\":\"https:\/\/fluxlasers.eu\/fr\/#\/schema\/logo\/image\/\"}}]}<\/script>\n<!-- \/ Yoast SEO plugin. -->","yoast_head_json":{"title":"BB2 Carte de contr\u00f4le principale avec DriverIC - Flux - Bomedia","robots":{"index":"index","follow":"follow","max-snippet":"max-snippet:-1","max-image-preview":"max-image-preview:large","max-video-preview":"max-video-preview:-1"},"canonical":"https:\/\/fluxlasers.eu\/fr\/produit\/bb2-carte-de-controle-principale-avec-driveric\/","og_locale":"fr_FR","og_type":"article","og_title":"BB2 Carte de contr\u00f4le principale avec DriverIC - Flux - Bomedia","og_description":"ES: Pi\u00e8ce de rechange : BB2 Carte de contr\u00f4le principale avec DriverIC. SKU MCO-21004. EN: Replacement part: BB2 Main Control Board w\/ DriverIC. SKU MCO-21004.","og_url":"https:\/\/fluxlasers.eu\/fr\/produit\/bb2-carte-de-controle-principale-avec-driveric\/","og_site_name":"Flux - Bomedia","og_image":[{"width":1352,"height":959,"url":"https:\/\/fluxlasers.eu\/wp-content\/uploads\/2026\/02\/MCO-21004_1.jpg-1.webp","type":"image\/webp"}],"twitter_card":"summary_large_image","schema":{"@context":"https:\/\/schema.org","@graph":[{"@type":"WebPage","@id":"https:\/\/fluxlasers.eu\/fr\/produit\/bb2-carte-de-controle-principale-avec-driveric\/","url":"https:\/\/fluxlasers.eu\/fr\/produit\/bb2-carte-de-controle-principale-avec-driveric\/","name":"BB2 Carte de contr\u00f4le principale avec DriverIC - Flux - Bomedia","isPartOf":{"@id":"https:\/\/fluxlasers.eu\/fr\/#website"},"primaryImageOfPage":{"@id":"https:\/\/fluxlasers.eu\/fr\/produit\/bb2-carte-de-controle-principale-avec-driveric\/#primaryimage"},"image":{"@id":"https:\/\/fluxlasers.eu\/fr\/produit\/bb2-carte-de-controle-principale-avec-driveric\/#primaryimage"},"thumbnailUrl":"https:\/\/fluxlasers.eu\/wp-content\/uploads\/2026\/02\/MCO-21004_1.jpg-1.webp","datePublished":"2026-02-06T11:09:34+00:00","breadcrumb":{"@id":"https:\/\/fluxlasers.eu\/fr\/produit\/bb2-carte-de-controle-principale-avec-driveric\/#breadcrumb"},"inLanguage":"fr-FR","potentialAction":[{"@type":"ReadAction","target":["https:\/\/fluxlasers.eu\/fr\/produit\/bb2-carte-de-controle-principale-avec-driveric\/"]}]},{"@type":"ImageObject","inLanguage":"fr-FR","@id":"https:\/\/fluxlasers.eu\/fr\/produit\/bb2-carte-de-controle-principale-avec-driveric\/#primaryimage","url":"https:\/\/fluxlasers.eu\/wp-content\/uploads\/2026\/02\/MCO-21004_1.jpg-1.webp","contentUrl":"https:\/\/fluxlasers.eu\/wp-content\/uploads\/2026\/02\/MCO-21004_1.jpg-1.webp","width":1352,"height":959},{"@type":"BreadcrumbList","@id":"https:\/\/fluxlasers.eu\/fr\/produit\/bb2-carte-de-controle-principale-avec-driveric\/#breadcrumb","itemListElement":[{"@type":"ListItem","position":1,"name":"Portada","item":"https:\/\/fluxlasers.eu\/fr\/accueil\/"},{"@type":"ListItem","position":2,"name":"Boutique","item":"https:\/\/fluxlasers.eu\/fr\/boutique\/"},{"@type":"ListItem","position":3,"name":"BB2 Carte de contr\u00f4le principale avec DriverIC"}]},{"@type":"WebSite","@id":"https:\/\/fluxlasers.eu\/fr\/#website","url":"https:\/\/fluxlasers.eu\/fr\/","name":"Flux - Bomedia","description":"D\u00e9coupeuses et graveuses laser","publisher":{"@id":"https:\/\/fluxlasers.eu\/fr\/#organization"},"potentialAction":[{"@type":"SearchAction","target":{"@type":"EntryPoint","urlTemplate":"https:\/\/fluxlasers.eu\/fr\/?s={search_term_string}"},"query-input":{"@type":"PropertyValueSpecification","valueRequired":true,"valueName":"search_term_string"}}],"inLanguage":"fr-FR"},{"@type":"Organization","@id":"https:\/\/fluxlasers.eu\/fr\/#organization","name":"Fluxlasers Espa\u00f1a","url":"https:\/\/fluxlasers.eu\/fr\/","logo":{"@type":"ImageObject","inLanguage":"fr-FR","@id":"https:\/\/fluxlasers.eu\/fr\/#\/schema\/logo\/image\/","url":"https:\/\/fluxlasers.eu\/wp-content\/uploads\/2021\/03\/logofluxspainc.png","contentUrl":"https:\/\/fluxlasers.eu\/wp-content\/uploads\/2021\/03\/logofluxspainc.png","width":350,"height":217,"caption":"Fluxlasers Espa\u00f1a"},"image":{"@id":"https:\/\/fluxlasers.eu\/fr\/#\/schema\/logo\/image\/"}}]}},"_links":{"self":[{"href":"https:\/\/fluxlasers.eu\/fr\/wp-json\/wp\/v2\/product\/7665","targetHints":{"allow":["GET"]}}],"collection":[{"href":"https:\/\/fluxlasers.eu\/fr\/wp-json\/wp\/v2\/product"}],"about":[{"href":"https:\/\/fluxlasers.eu\/fr\/wp-json\/wp\/v2\/types\/product"}],"replies":[{"embeddable":true,"href":"https:\/\/fluxlasers.eu\/fr\/wp-json\/wp\/v2\/comments?post=7665"}],"wp:featuredmedia":[{"embeddable":true,"href":"https:\/\/fluxlasers.eu\/fr\/wp-json\/wp\/v2\/media\/5560"}],"wp:attachment":[{"href":"https:\/\/fluxlasers.eu\/fr\/wp-json\/wp\/v2\/media?parent=7665"}],"wp:term":[{"taxonomy":"product_brand","embeddable":true,"href":"https:\/\/fluxlasers.eu\/fr\/wp-json\/wp\/v2\/product_brand?post=7665"},{"taxonomy":"product_cat","embeddable":true,"href":"https:\/\/fluxlasers.eu\/fr\/wp-json\/wp\/v2\/product_cat?post=7665"},{"taxonomy":"product_tag","embeddable":true,"href":"https:\/\/fluxlasers.eu\/fr\/wp-json\/wp\/v2\/product_tag?post=7665"}],"curies":[{"name":"wp","href":"https:\/\/api.w.org\/{rel}","templated":true}]}}