{"id":7410,"date":"2022-04-29T04:14:29","date_gmt":"2022-04-29T03:14:29","guid":{"rendered":"https:\/\/fluxlasers.eu\/producto\/ventilateur-de-refroidissement-flux-cooling-fan-b100016\/"},"modified":"2022-04-29T04:14:29","modified_gmt":"2022-04-29T03:14:29","slug":"ventilateur-de-refroidissement-flux-cooling-fan-b100016","status":"publish","type":"product","link":"https:\/\/fluxlasers.eu\/fr\/produit\/ventilateur-de-refroidissement-flux-cooling-fan-b100016\/","title":{"rendered":"Ventilateur de refroidissement Flux (Cooling fan) B100016"},"content":{"rendered":"<p>Ventilateurs de refroidissement liquide de rechange pour votre \u00e9quipement <strong>Beambox, Beambox Pro et Hexa<\/strong> B100016.<\/p>\n<p>Caract\u00e9ristiques : C\u00e2ble \u00e0 3 fils.<\/p>\n<p>Cooling Fan.<\/p>\n","protected":false},"excerpt":{"rendered":"<p>Ventilateur B100016 de rechange pour Beambox, Beambox Pro et Hexa.<\/p>\n<p>Caract\u00e9ristiques : C\u00e2ble \u00e0 3 fils.<\/p>\n","protected":false},"featured_media":4163,"comment_status":"closed","ping_status":"closed","template":"","meta":[],"product_brand":[],"product_cat":[287,288,289],"product_tag":[347,346],"class_list":{"0":"post-7410","1":"product","2":"type-product","3":"status-publish","4":"has-post-thumbnail","6":"product_cat-pieces-de-rechange","7":"product_cat-pieces-de-rechange-beambox","8":"product_cat-pieces-de-rechange-hexa","9":"product_tag-cooling-fan","10":"product_tag-ventilateur","12":"first","13":"instock","14":"taxable","15":"shipping-taxable","16":"purchasable","17":"product-type-simple"},"yoast_head":"<!-- This site is optimized with the Yoast SEO plugin v27.0 - https:\/\/yoast.com\/product\/yoast-seo-wordpress\/ -->\n<title>Ventilateur de refroidissement Flux (Cooling fan) B100016 - Flux - Bomedia<\/title>\n<meta name=\"robots\" content=\"index, follow, max-snippet:-1, max-image-preview:large, max-video-preview:-1\" \/>\n<link rel=\"canonical\" href=\"https:\/\/fluxlasers.eu\/fr\/produit\/ventilateur-de-refroidissement-flux-cooling-fan-b100016\/\" \/>\n<meta property=\"og:locale\" content=\"fr_FR\" \/>\n<meta property=\"og:type\" content=\"article\" \/>\n<meta property=\"og:title\" content=\"Ventilateur de refroidissement Flux (Cooling fan) B100016 - Flux - Bomedia\" \/>\n<meta property=\"og:description\" content=\"Ventilateur B100016 de rechange pour Beambox, Beambox Pro et Hexa. Caract\u00e9ristiques : C\u00e2ble \u00e0 3 fils.\" \/>\n<meta property=\"og:url\" content=\"https:\/\/fluxlasers.eu\/fr\/produit\/ventilateur-de-refroidissement-flux-cooling-fan-b100016\/\" \/>\n<meta property=\"og:site_name\" content=\"Flux - Bomedia\" \/>\n<meta property=\"og:image\" content=\"https:\/\/fluxlasers.eu\/wp-content\/uploads\/2022\/04\/FAN-VENTILADOR-B100016.jpeg\" \/>\n\t<meta property=\"og:image:width\" content=\"1500\" \/>\n\t<meta property=\"og:image:height\" content=\"1595\" \/>\n\t<meta property=\"og:image:type\" content=\"image\/jpeg\" \/>\n<meta name=\"twitter:card\" content=\"summary_large_image\" \/>\n<script type=\"application\/ld+json\" class=\"yoast-schema-graph\">{\"@context\":\"https:\/\/schema.org\",\"@graph\":[{\"@type\":\"WebPage\",\"@id\":\"https:\/\/fluxlasers.eu\/fr\/produit\/ventilateur-de-refroidissement-flux-cooling-fan-b100016\/\",\"url\":\"https:\/\/fluxlasers.eu\/fr\/produit\/ventilateur-de-refroidissement-flux-cooling-fan-b100016\/\",\"name\":\"Ventilateur de refroidissement Flux (Cooling fan) B100016 - Flux - Bomedia\",\"isPartOf\":{\"@id\":\"https:\/\/fluxlasers.eu\/fr\/#website\"},\"primaryImageOfPage\":{\"@id\":\"https:\/\/fluxlasers.eu\/fr\/produit\/ventilateur-de-refroidissement-flux-cooling-fan-b100016\/#primaryimage\"},\"image\":{\"@id\":\"https:\/\/fluxlasers.eu\/fr\/produit\/ventilateur-de-refroidissement-flux-cooling-fan-b100016\/#primaryimage\"},\"thumbnailUrl\":\"https:\/\/fluxlasers.eu\/wp-content\/uploads\/2022\/04\/FAN-VENTILADOR-B100016.jpeg\",\"datePublished\":\"2022-04-29T03:14:29+00:00\",\"breadcrumb\":{\"@id\":\"https:\/\/fluxlasers.eu\/fr\/produit\/ventilateur-de-refroidissement-flux-cooling-fan-b100016\/#breadcrumb\"},\"inLanguage\":\"fr-FR\",\"potentialAction\":[{\"@type\":\"ReadAction\",\"target\":[\"https:\/\/fluxlasers.eu\/fr\/produit\/ventilateur-de-refroidissement-flux-cooling-fan-b100016\/\"]}]},{\"@type\":\"ImageObject\",\"inLanguage\":\"fr-FR\",\"@id\":\"https:\/\/fluxlasers.eu\/fr\/produit\/ventilateur-de-refroidissement-flux-cooling-fan-b100016\/#primaryimage\",\"url\":\"https:\/\/fluxlasers.eu\/wp-content\/uploads\/2022\/04\/FAN-VENTILADOR-B100016.jpeg\",\"contentUrl\":\"https:\/\/fluxlasers.eu\/wp-content\/uploads\/2022\/04\/FAN-VENTILADOR-B100016.jpeg\",\"width\":1500,\"height\":1595},{\"@type\":\"BreadcrumbList\",\"@id\":\"https:\/\/fluxlasers.eu\/fr\/produit\/ventilateur-de-refroidissement-flux-cooling-fan-b100016\/#breadcrumb\",\"itemListElement\":[{\"@type\":\"ListItem\",\"position\":1,\"name\":\"Portada\",\"item\":\"https:\/\/fluxlasers.eu\/fr\/accueil\/\"},{\"@type\":\"ListItem\",\"position\":2,\"name\":\"Boutique\",\"item\":\"https:\/\/fluxlasers.eu\/fr\/boutique\/\"},{\"@type\":\"ListItem\",\"position\":3,\"name\":\"Ventilateur de refroidissement Flux (Cooling fan) B100016\"}]},{\"@type\":\"WebSite\",\"@id\":\"https:\/\/fluxlasers.eu\/fr\/#website\",\"url\":\"https:\/\/fluxlasers.eu\/fr\/\",\"name\":\"Flux - Bomedia\",\"description\":\"D\u00e9coupeuses et graveuses laser\",\"publisher\":{\"@id\":\"https:\/\/fluxlasers.eu\/fr\/#organization\"},\"potentialAction\":[{\"@type\":\"SearchAction\",\"target\":{\"@type\":\"EntryPoint\",\"urlTemplate\":\"https:\/\/fluxlasers.eu\/fr\/?s={search_term_string}\"},\"query-input\":{\"@type\":\"PropertyValueSpecification\",\"valueRequired\":true,\"valueName\":\"search_term_string\"}}],\"inLanguage\":\"fr-FR\"},{\"@type\":\"Organization\",\"@id\":\"https:\/\/fluxlasers.eu\/fr\/#organization\",\"name\":\"Fluxlasers Espa\u00f1a\",\"url\":\"https:\/\/fluxlasers.eu\/fr\/\",\"logo\":{\"@type\":\"ImageObject\",\"inLanguage\":\"fr-FR\",\"@id\":\"https:\/\/fluxlasers.eu\/fr\/#\/schema\/logo\/image\/\",\"url\":\"https:\/\/fluxlasers.eu\/wp-content\/uploads\/2021\/03\/logofluxspainc.png\",\"contentUrl\":\"https:\/\/fluxlasers.eu\/wp-content\/uploads\/2021\/03\/logofluxspainc.png\",\"width\":350,\"height\":217,\"caption\":\"Fluxlasers Espa\u00f1a\"},\"image\":{\"@id\":\"https:\/\/fluxlasers.eu\/fr\/#\/schema\/logo\/image\/\"}}]}<\/script>\n<!-- \/ Yoast SEO plugin. -->","yoast_head_json":{"title":"Ventilateur de refroidissement Flux (Cooling fan) B100016 - Flux - Bomedia","robots":{"index":"index","follow":"follow","max-snippet":"max-snippet:-1","max-image-preview":"max-image-preview:large","max-video-preview":"max-video-preview:-1"},"canonical":"https:\/\/fluxlasers.eu\/fr\/produit\/ventilateur-de-refroidissement-flux-cooling-fan-b100016\/","og_locale":"fr_FR","og_type":"article","og_title":"Ventilateur de refroidissement Flux (Cooling fan) B100016 - Flux - Bomedia","og_description":"Ventilateur B100016 de rechange pour Beambox, Beambox Pro et Hexa. Caract\u00e9ristiques : C\u00e2ble \u00e0 3 fils.","og_url":"https:\/\/fluxlasers.eu\/fr\/produit\/ventilateur-de-refroidissement-flux-cooling-fan-b100016\/","og_site_name":"Flux - Bomedia","og_image":[{"width":1500,"height":1595,"url":"https:\/\/fluxlasers.eu\/wp-content\/uploads\/2022\/04\/FAN-VENTILADOR-B100016.jpeg","type":"image\/jpeg"}],"twitter_card":"summary_large_image","schema":{"@context":"https:\/\/schema.org","@graph":[{"@type":"WebPage","@id":"https:\/\/fluxlasers.eu\/fr\/produit\/ventilateur-de-refroidissement-flux-cooling-fan-b100016\/","url":"https:\/\/fluxlasers.eu\/fr\/produit\/ventilateur-de-refroidissement-flux-cooling-fan-b100016\/","name":"Ventilateur de refroidissement Flux (Cooling fan) B100016 - Flux - Bomedia","isPartOf":{"@id":"https:\/\/fluxlasers.eu\/fr\/#website"},"primaryImageOfPage":{"@id":"https:\/\/fluxlasers.eu\/fr\/produit\/ventilateur-de-refroidissement-flux-cooling-fan-b100016\/#primaryimage"},"image":{"@id":"https:\/\/fluxlasers.eu\/fr\/produit\/ventilateur-de-refroidissement-flux-cooling-fan-b100016\/#primaryimage"},"thumbnailUrl":"https:\/\/fluxlasers.eu\/wp-content\/uploads\/2022\/04\/FAN-VENTILADOR-B100016.jpeg","datePublished":"2022-04-29T03:14:29+00:00","breadcrumb":{"@id":"https:\/\/fluxlasers.eu\/fr\/produit\/ventilateur-de-refroidissement-flux-cooling-fan-b100016\/#breadcrumb"},"inLanguage":"fr-FR","potentialAction":[{"@type":"ReadAction","target":["https:\/\/fluxlasers.eu\/fr\/produit\/ventilateur-de-refroidissement-flux-cooling-fan-b100016\/"]}]},{"@type":"ImageObject","inLanguage":"fr-FR","@id":"https:\/\/fluxlasers.eu\/fr\/produit\/ventilateur-de-refroidissement-flux-cooling-fan-b100016\/#primaryimage","url":"https:\/\/fluxlasers.eu\/wp-content\/uploads\/2022\/04\/FAN-VENTILADOR-B100016.jpeg","contentUrl":"https:\/\/fluxlasers.eu\/wp-content\/uploads\/2022\/04\/FAN-VENTILADOR-B100016.jpeg","width":1500,"height":1595},{"@type":"BreadcrumbList","@id":"https:\/\/fluxlasers.eu\/fr\/produit\/ventilateur-de-refroidissement-flux-cooling-fan-b100016\/#breadcrumb","itemListElement":[{"@type":"ListItem","position":1,"name":"Portada","item":"https:\/\/fluxlasers.eu\/fr\/accueil\/"},{"@type":"ListItem","position":2,"name":"Boutique","item":"https:\/\/fluxlasers.eu\/fr\/boutique\/"},{"@type":"ListItem","position":3,"name":"Ventilateur de refroidissement Flux (Cooling fan) B100016"}]},{"@type":"WebSite","@id":"https:\/\/fluxlasers.eu\/fr\/#website","url":"https:\/\/fluxlasers.eu\/fr\/","name":"Flux - Bomedia","description":"D\u00e9coupeuses et graveuses laser","publisher":{"@id":"https:\/\/fluxlasers.eu\/fr\/#organization"},"potentialAction":[{"@type":"SearchAction","target":{"@type":"EntryPoint","urlTemplate":"https:\/\/fluxlasers.eu\/fr\/?s={search_term_string}"},"query-input":{"@type":"PropertyValueSpecification","valueRequired":true,"valueName":"search_term_string"}}],"inLanguage":"fr-FR"},{"@type":"Organization","@id":"https:\/\/fluxlasers.eu\/fr\/#organization","name":"Fluxlasers Espa\u00f1a","url":"https:\/\/fluxlasers.eu\/fr\/","logo":{"@type":"ImageObject","inLanguage":"fr-FR","@id":"https:\/\/fluxlasers.eu\/fr\/#\/schema\/logo\/image\/","url":"https:\/\/fluxlasers.eu\/wp-content\/uploads\/2021\/03\/logofluxspainc.png","contentUrl":"https:\/\/fluxlasers.eu\/wp-content\/uploads\/2021\/03\/logofluxspainc.png","width":350,"height":217,"caption":"Fluxlasers Espa\u00f1a"},"image":{"@id":"https:\/\/fluxlasers.eu\/fr\/#\/schema\/logo\/image\/"}}]}},"_links":{"self":[{"href":"https:\/\/fluxlasers.eu\/fr\/wp-json\/wp\/v2\/product\/7410","targetHints":{"allow":["GET"]}}],"collection":[{"href":"https:\/\/fluxlasers.eu\/fr\/wp-json\/wp\/v2\/product"}],"about":[{"href":"https:\/\/fluxlasers.eu\/fr\/wp-json\/wp\/v2\/types\/product"}],"replies":[{"embeddable":true,"href":"https:\/\/fluxlasers.eu\/fr\/wp-json\/wp\/v2\/comments?post=7410"}],"wp:featuredmedia":[{"embeddable":true,"href":"https:\/\/fluxlasers.eu\/fr\/wp-json\/wp\/v2\/media\/4163"}],"wp:attachment":[{"href":"https:\/\/fluxlasers.eu\/fr\/wp-json\/wp\/v2\/media?parent=7410"}],"wp:term":[{"taxonomy":"product_brand","embeddable":true,"href":"https:\/\/fluxlasers.eu\/fr\/wp-json\/wp\/v2\/product_brand?post=7410"},{"taxonomy":"product_cat","embeddable":true,"href":"https:\/\/fluxlasers.eu\/fr\/wp-json\/wp\/v2\/product_cat?post=7410"},{"taxonomy":"product_tag","embeddable":true,"href":"https:\/\/fluxlasers.eu\/fr\/wp-json\/wp\/v2\/product_tag?post=7410"}],"curies":[{"name":"wp","href":"https:\/\/api.w.org\/{rel}","templated":true}]}}