{"id":7267,"date":"2025-12-11T08:26:40","date_gmt":"2025-12-11T07:26:40","guid":{"rendered":"https:\/\/fluxlasers.eu\/producto\/systeme-passthrough-et-base-ouverte-beambox-ii\/"},"modified":"2025-12-11T08:26:40","modified_gmt":"2025-12-11T07:26:40","slug":"systeme-passthrough-et-base-ouverte-beambox-ii","status":"publish","type":"product","link":"https:\/\/fluxlasers.eu\/fr\/produit\/systeme-passthrough-et-base-ouverte-beambox-ii\/","title":{"rendered":"Syst\u00e8me Passthrough et base ouverte \u2014 Beambox II"},"content":{"rendered":"<h2 style=\"text-align: center;\">Plus qu&rsquo;un ensemble : un pack intelligent pour aller plus loin<\/h2>\n<p style=\"text-align: center;\">G\u00e9rez sans effort les mat\u00e9riaux longs avec le module Passthrough, tandis que l&rsquo;Auto Feeder fluidifie votre flux de travail gr\u00e2ce \u00e0 une alimentation continue et stable. Maximisez l&rsquo;efficacit\u00e9 et menez vos projets plus loin que jamais. <\/p>\n<p style=\"text-align: center;\"><strong>Prend en charge les mat\u00e9riaux extra-longs \u00b7 Auto-alimentation fluide \u00b7 Alignement parfait \u00b7 Productivit\u00e9 accrue<\/strong><\/p>\n<p style=\"text-align: center;\"><img decoding=\"async\" class=\"aligncenter wp-image-4224 size-full\" src=\"https:\/\/fluxlasers.eu\/wp-content\/uploads\/2025\/12\/0E5A3476.jpg\" alt=\"\" width=\"1920\" height=\"1280\" srcset=\"https:\/\/fluxlasers.eu\/wp-content\/uploads\/2025\/12\/0E5A3476.jpg 1920w, https:\/\/fluxlasers.eu\/wp-content\/uploads\/2025\/12\/0E5A3476-300x200.jpg 300w, https:\/\/fluxlasers.eu\/wp-content\/uploads\/2025\/12\/0E5A3476-1024x683.jpg 1024w, https:\/\/fluxlasers.eu\/wp-content\/uploads\/2025\/12\/0E5A3476-768x512.jpg 768w, https:\/\/fluxlasers.eu\/wp-content\/uploads\/2025\/12\/0E5A3476-1536x1024.jpg 1536w, https:\/\/fluxlasers.eu\/wp-content\/uploads\/2025\/12\/0E5A3476-600x400.jpg 600w\" sizes=\"(max-width: 1920px) 100vw, 1920px\" \/><\/p>\n<h2 style=\"text-align: center;\">Vous pouvez d\u00e9sormais penser \u00ab hors du cadre \u00bb<\/h2>\n<p style=\"text-align: center;\">Profitez d&rsquo;une gestion simplifi\u00e9e des mat\u00e9riaux gr\u00e2ce aux extensions Passthrough et Auto Feeder. Augmentez l&rsquo;efficacit\u00e9 et r\u00e9duisez les temps d&rsquo;arr\u00eat, en acc\u00e9l\u00e9rant et stabilisant chaque production. <\/p>\n<h2 style=\"text-align: center;\">Alignement parfait, combinaisons infinies<\/h2>\n<p style=\"text-align: center;\">Les multiples configurations permettent de s&rsquo;adapter \u00e0 diff\u00e9rentes applications et tailles.<br \/>\nCela maximise l&rsquo;efficacit\u00e9 et r\u00e9duit les temps d&rsquo;arr\u00eat, garantissant des processus plus rapides et plus fiables.<\/p>\n<h2 style=\"text-align: center;\">Mat\u00e9riau plus \u00e9pais que 14 mm ? Faites-le passer par-dessous ! <\/h2>\n<p style=\"text-align: center;\">L&rsquo;Auto Feeder accepte des mat\u00e9riaux allant jusqu&rsquo;\u00e0 <strong data-start=\"183\" data-end=\"192\">14 mm<\/strong> d&rsquo;\u00e9paisseur et <strong data-start=\"205\" data-end=\"215\">350 mm<\/strong> de longueur via la fente pr\u00e9vue. Votre mat\u00e9riau fait plus de <strong data-start=\"292\" data-end=\"301\">14 mm<\/strong> ? Aucun probl\u00e8me : ins\u00e9rez-le directement par l&rsquo;ouverture et vous pourrez graver sans difficult\u00e9 des objets \u00e9pais comme des skates.  <\/p>\n<h2><img decoding=\"async\" class=\"aligncenter size-full wp-image-4217\" src=\"https:\/\/fluxlasers.eu\/wp-content\/uploads\/2025\/12\/0E5A3519-1.jpg\" alt=\"\" width=\"1920\" height=\"1280\" srcset=\"https:\/\/fluxlasers.eu\/wp-content\/uploads\/2025\/12\/0E5A3519-1.jpg 1920w, https:\/\/fluxlasers.eu\/wp-content\/uploads\/2025\/12\/0E5A3519-1-300x200.jpg 300w, https:\/\/fluxlasers.eu\/wp-content\/uploads\/2025\/12\/0E5A3519-1-1024x683.jpg 1024w, https:\/\/fluxlasers.eu\/wp-content\/uploads\/2025\/12\/0E5A3519-1-768x512.jpg 768w, https:\/\/fluxlasers.eu\/wp-content\/uploads\/2025\/12\/0E5A3519-1-1536x1024.jpg 1536w, https:\/\/fluxlasers.eu\/wp-content\/uploads\/2025\/12\/0E5A3519-1-600x400.jpg 600w\" sizes=\"(max-width: 1920px) 100vw, 1920px\" \/><\/h2>\n<h2 style=\"text-align: center;\">Conception soign\u00e9e, cr\u00e9\u00e9e pour une utilisation fluide<\/h2>\n<p style=\"text-align: center;\">Roulement \u00e0 billes universel (Universal Ball Roller)<\/p>\n<p style=\"text-align: center;\">Pieds\/plateformes de support (Platform Stands)<\/p>\n<p style=\"text-align: center;\">Guide de positionnement du mat\u00e9riau (Material Positioning Fixture)<\/p>\n<p style=\"text-align: center;\">Pinces de serrage du mat\u00e9riau (Material Clamps)<\/p>\n<h2 style=\"text-align: center;\"><strong>Sp\u00e9cifications \u2014 Extension Passthrough<\/strong><\/h2>\n<p style=\"text-align: center;\">Dimensions du produit : 42 \u00d7 28 \u00d7 135 mm<\/p>\n<h3 style=\"text-align: center;\"><strong>Mat\u00e9riau<\/strong><\/h3>\n<p style=\"text-align: center;\">Poids maximum : 100 g<\/p>\n<p style=\"text-align: center;\">Profondeur maximale : 14 mm<\/p>\n<p style=\"text-align: center;\">Largeur maximale : 350 mm<\/p>\n<h2 style=\"text-align: center;\">Contenu de la bo\u00eete<\/h2>\n<p><img decoding=\"async\" class=\"aligncenter wp-image-4232 size-full\" src=\"https:\/\/fluxlasers.eu\/wp-content\/uploads\/2025\/12\/passthrougheng.jpg\" alt=\"\" width=\"1164\" height=\"1084\" srcset=\"https:\/\/fluxlasers.eu\/wp-content\/uploads\/2025\/12\/passthrougheng.jpg 1164w, https:\/\/fluxlasers.eu\/wp-content\/uploads\/2025\/12\/passthrougheng-300x279.jpg 300w, https:\/\/fluxlasers.eu\/wp-content\/uploads\/2025\/12\/passthrougheng-1024x954.jpg 1024w, https:\/\/fluxlasers.eu\/wp-content\/uploads\/2025\/12\/passthrougheng-768x715.jpg 768w, https:\/\/fluxlasers.eu\/wp-content\/uploads\/2025\/12\/passthrougheng-600x559.jpg 600w\" sizes=\"(max-width: 1164px) 100vw, 1164px\" \/><\/p>\n<h3 style=\"text-align: center;\">Passthrough<\/h3>\n<p style=\"text-align: center;\">A \u2014 Lunettes de s\u00e9curit\u00e9 laser<\/p>\n<p style=\"text-align: center;\">B \u2014 Obturateur laser<\/p>\n<p style=\"text-align: center;\">C \u2014 Extension de la t\u00eate laser<\/p>\n<p style=\"text-align: center;\">D \u2014 Couvercle de la pompe \u00e0 eau pour Beambox II<\/p>\n<p style=\"text-align: center;\">E \u2014 Sonde de mise au point<\/p>\n<p style=\"text-align: center;\">F \u2014 Cl\u00e9 USB<\/p>\n<p style=\"text-align: center;\">\n","protected":false},"excerpt":{"rendered":"<p data-start=\"78\" data-end=\"284\"><strong data-start=\"78\" data-end=\"135\">Beambox II \u2013 Accessoire Passthrough et fond ouvert<\/strong><br data-start=\"135\" data-end=\"138\">Gr\u00e2ce \u00e0 l&rsquo;accessoire Passthrough, la Beambox II int\u00e8gre des ouvertures avant et arri\u00e8re vous permettant de travailler sans effort sur des mat\u00e9riaux plus longs.<\/p>\n<p data-start=\"286\" data-end=\"402\" data-is-last-node=\"\" data-is-only-node=\"\"><strong data-start=\"286\" data-end=\"319\">Sp\u00e9cifications du produit<\/strong><br data-start=\"319\" data-end=\"322\">\u2713 <strong data-start=\"324\" data-end=\"356\" data-is-only-node=\"\">Profondeur du Passthrough :<\/strong> 1,4 cm<br data-start=\"363\" data-end=\"366\">\u2713 <strong data-start=\"368\" data-end=\"396\">Largeur du Passthrough :<\/strong> 35 cm<\/p>\n","protected":false},"featured_media":4217,"comment_status":"closed","ping_status":"closed","template":"","meta":[],"product_brand":[],"product_cat":[324,325],"product_tag":[],"class_list":{"0":"post-7267","1":"product","2":"type-product","3":"status-publish","4":"has-post-thumbnail","6":"product_cat-accessoires","7":"product_cat-accessoires-beambox","9":"first","10":"instock","11":"taxable","12":"shipping-taxable","13":"purchasable","14":"product-type-simple"},"yoast_head":"<!-- This site is optimized with the Yoast SEO plugin v27.0 - https:\/\/yoast.com\/product\/yoast-seo-wordpress\/ -->\n<title>Syst\u00e8me Passthrough et base ouverte \u2014 Beambox II - Flux - Bomedia<\/title>\n<meta name=\"robots\" content=\"index, follow, max-snippet:-1, max-image-preview:large, max-video-preview:-1\" \/>\n<link rel=\"canonical\" href=\"https:\/\/fluxlasers.eu\/fr\/produit\/systeme-passthrough-et-base-ouverte-beambox-ii\/\" \/>\n<meta property=\"og:locale\" content=\"fr_FR\" \/>\n<meta property=\"og:type\" content=\"article\" \/>\n<meta property=\"og:title\" content=\"Syst\u00e8me Passthrough et base ouverte \u2014 Beambox II - Flux - Bomedia\" \/>\n<meta property=\"og:description\" content=\"Beambox II \u2013 Accessoire Passthrough et fond ouvertGr\u00e2ce \u00e0 l&#039;accessoire Passthrough, la Beambox II int\u00e8gre des ouvertures avant et arri\u00e8re vous permettant de travailler sans effort sur des mat\u00e9riaux plus longs. Sp\u00e9cifications du produit\u2713 Profondeur du Passthrough : 1,4 cm\u2713 Largeur du Passthrough : 35 cm\" \/>\n<meta property=\"og:url\" content=\"https:\/\/fluxlasers.eu\/fr\/produit\/systeme-passthrough-et-base-ouverte-beambox-ii\/\" \/>\n<meta property=\"og:site_name\" content=\"Flux - Bomedia\" \/>\n<meta property=\"og:image\" content=\"https:\/\/fluxlasers.eu\/wp-content\/uploads\/2025\/12\/0E5A3519-1.jpg\" \/>\n\t<meta property=\"og:image:width\" content=\"1920\" \/>\n\t<meta property=\"og:image:height\" content=\"1280\" \/>\n\t<meta property=\"og:image:type\" content=\"image\/jpeg\" \/>\n<meta name=\"twitter:card\" content=\"summary_large_image\" \/>\n<meta name=\"twitter:label1\" content=\"Dur\u00e9e de lecture estim\u00e9e\" \/>\n\t<meta name=\"twitter:data1\" content=\"1 minute\" \/>\n<script type=\"application\/ld+json\" class=\"yoast-schema-graph\">{\"@context\":\"https:\/\/schema.org\",\"@graph\":[{\"@type\":\"WebPage\",\"@id\":\"https:\/\/fluxlasers.eu\/fr\/produit\/systeme-passthrough-et-base-ouverte-beambox-ii\/\",\"url\":\"https:\/\/fluxlasers.eu\/fr\/produit\/systeme-passthrough-et-base-ouverte-beambox-ii\/\",\"name\":\"Syst\u00e8me Passthrough et base ouverte \u2014 Beambox II - Flux - Bomedia\",\"isPartOf\":{\"@id\":\"https:\/\/fluxlasers.eu\/fr\/#website\"},\"primaryImageOfPage\":{\"@id\":\"https:\/\/fluxlasers.eu\/fr\/produit\/systeme-passthrough-et-base-ouverte-beambox-ii\/#primaryimage\"},\"image\":{\"@id\":\"https:\/\/fluxlasers.eu\/fr\/produit\/systeme-passthrough-et-base-ouverte-beambox-ii\/#primaryimage\"},\"thumbnailUrl\":\"https:\/\/fluxlasers.eu\/wp-content\/uploads\/2025\/12\/0E5A3519-1.jpg\",\"datePublished\":\"2025-12-11T07:26:40+00:00\",\"breadcrumb\":{\"@id\":\"https:\/\/fluxlasers.eu\/fr\/produit\/systeme-passthrough-et-base-ouverte-beambox-ii\/#breadcrumb\"},\"inLanguage\":\"fr-FR\",\"potentialAction\":[{\"@type\":\"ReadAction\",\"target\":[\"https:\/\/fluxlasers.eu\/fr\/produit\/systeme-passthrough-et-base-ouverte-beambox-ii\/\"]}]},{\"@type\":\"ImageObject\",\"inLanguage\":\"fr-FR\",\"@id\":\"https:\/\/fluxlasers.eu\/fr\/produit\/systeme-passthrough-et-base-ouverte-beambox-ii\/#primaryimage\",\"url\":\"https:\/\/fluxlasers.eu\/wp-content\/uploads\/2025\/12\/0E5A3519-1.jpg\",\"contentUrl\":\"https:\/\/fluxlasers.eu\/wp-content\/uploads\/2025\/12\/0E5A3519-1.jpg\",\"width\":1920,\"height\":1280},{\"@type\":\"BreadcrumbList\",\"@id\":\"https:\/\/fluxlasers.eu\/fr\/produit\/systeme-passthrough-et-base-ouverte-beambox-ii\/#breadcrumb\",\"itemListElement\":[{\"@type\":\"ListItem\",\"position\":1,\"name\":\"Portada\",\"item\":\"https:\/\/fluxlasers.eu\/fr\/accueil\/\"},{\"@type\":\"ListItem\",\"position\":2,\"name\":\"Boutique\",\"item\":\"https:\/\/fluxlasers.eu\/fr\/boutique\/\"},{\"@type\":\"ListItem\",\"position\":3,\"name\":\"Syst\u00e8me Passthrough et base ouverte \u2014 Beambox II\"}]},{\"@type\":\"WebSite\",\"@id\":\"https:\/\/fluxlasers.eu\/fr\/#website\",\"url\":\"https:\/\/fluxlasers.eu\/fr\/\",\"name\":\"Flux - Bomedia\",\"description\":\"D\u00e9coupeuses et graveuses laser\",\"publisher\":{\"@id\":\"https:\/\/fluxlasers.eu\/fr\/#organization\"},\"potentialAction\":[{\"@type\":\"SearchAction\",\"target\":{\"@type\":\"EntryPoint\",\"urlTemplate\":\"https:\/\/fluxlasers.eu\/fr\/?s={search_term_string}\"},\"query-input\":{\"@type\":\"PropertyValueSpecification\",\"valueRequired\":true,\"valueName\":\"search_term_string\"}}],\"inLanguage\":\"fr-FR\"},{\"@type\":\"Organization\",\"@id\":\"https:\/\/fluxlasers.eu\/fr\/#organization\",\"name\":\"Fluxlasers Espa\u00f1a\",\"url\":\"https:\/\/fluxlasers.eu\/fr\/\",\"logo\":{\"@type\":\"ImageObject\",\"inLanguage\":\"fr-FR\",\"@id\":\"https:\/\/fluxlasers.eu\/fr\/#\/schema\/logo\/image\/\",\"url\":\"https:\/\/fluxlasers.eu\/wp-content\/uploads\/2021\/03\/logofluxspainc.png\",\"contentUrl\":\"https:\/\/fluxlasers.eu\/wp-content\/uploads\/2021\/03\/logofluxspainc.png\",\"width\":350,\"height\":217,\"caption\":\"Fluxlasers Espa\u00f1a\"},\"image\":{\"@id\":\"https:\/\/fluxlasers.eu\/fr\/#\/schema\/logo\/image\/\"}}]}<\/script>\n<!-- \/ Yoast SEO plugin. -->","yoast_head_json":{"title":"Syst\u00e8me Passthrough et base ouverte \u2014 Beambox II - Flux - Bomedia","robots":{"index":"index","follow":"follow","max-snippet":"max-snippet:-1","max-image-preview":"max-image-preview:large","max-video-preview":"max-video-preview:-1"},"canonical":"https:\/\/fluxlasers.eu\/fr\/produit\/systeme-passthrough-et-base-ouverte-beambox-ii\/","og_locale":"fr_FR","og_type":"article","og_title":"Syst\u00e8me Passthrough et base ouverte \u2014 Beambox II - Flux - Bomedia","og_description":"Beambox II \u2013 Accessoire Passthrough et fond ouvertGr\u00e2ce \u00e0 l'accessoire Passthrough, la Beambox II int\u00e8gre des ouvertures avant et arri\u00e8re vous permettant de travailler sans effort sur des mat\u00e9riaux plus longs. Sp\u00e9cifications du produit\u2713 Profondeur du Passthrough : 1,4 cm\u2713 Largeur du Passthrough : 35 cm","og_url":"https:\/\/fluxlasers.eu\/fr\/produit\/systeme-passthrough-et-base-ouverte-beambox-ii\/","og_site_name":"Flux - Bomedia","og_image":[{"width":1920,"height":1280,"url":"https:\/\/fluxlasers.eu\/wp-content\/uploads\/2025\/12\/0E5A3519-1.jpg","type":"image\/jpeg"}],"twitter_card":"summary_large_image","twitter_misc":{"Dur\u00e9e de lecture estim\u00e9e":"1 minute"},"schema":{"@context":"https:\/\/schema.org","@graph":[{"@type":"WebPage","@id":"https:\/\/fluxlasers.eu\/fr\/produit\/systeme-passthrough-et-base-ouverte-beambox-ii\/","url":"https:\/\/fluxlasers.eu\/fr\/produit\/systeme-passthrough-et-base-ouverte-beambox-ii\/","name":"Syst\u00e8me Passthrough et base ouverte \u2014 Beambox II - Flux - Bomedia","isPartOf":{"@id":"https:\/\/fluxlasers.eu\/fr\/#website"},"primaryImageOfPage":{"@id":"https:\/\/fluxlasers.eu\/fr\/produit\/systeme-passthrough-et-base-ouverte-beambox-ii\/#primaryimage"},"image":{"@id":"https:\/\/fluxlasers.eu\/fr\/produit\/systeme-passthrough-et-base-ouverte-beambox-ii\/#primaryimage"},"thumbnailUrl":"https:\/\/fluxlasers.eu\/wp-content\/uploads\/2025\/12\/0E5A3519-1.jpg","datePublished":"2025-12-11T07:26:40+00:00","breadcrumb":{"@id":"https:\/\/fluxlasers.eu\/fr\/produit\/systeme-passthrough-et-base-ouverte-beambox-ii\/#breadcrumb"},"inLanguage":"fr-FR","potentialAction":[{"@type":"ReadAction","target":["https:\/\/fluxlasers.eu\/fr\/produit\/systeme-passthrough-et-base-ouverte-beambox-ii\/"]}]},{"@type":"ImageObject","inLanguage":"fr-FR","@id":"https:\/\/fluxlasers.eu\/fr\/produit\/systeme-passthrough-et-base-ouverte-beambox-ii\/#primaryimage","url":"https:\/\/fluxlasers.eu\/wp-content\/uploads\/2025\/12\/0E5A3519-1.jpg","contentUrl":"https:\/\/fluxlasers.eu\/wp-content\/uploads\/2025\/12\/0E5A3519-1.jpg","width":1920,"height":1280},{"@type":"BreadcrumbList","@id":"https:\/\/fluxlasers.eu\/fr\/produit\/systeme-passthrough-et-base-ouverte-beambox-ii\/#breadcrumb","itemListElement":[{"@type":"ListItem","position":1,"name":"Portada","item":"https:\/\/fluxlasers.eu\/fr\/accueil\/"},{"@type":"ListItem","position":2,"name":"Boutique","item":"https:\/\/fluxlasers.eu\/fr\/boutique\/"},{"@type":"ListItem","position":3,"name":"Syst\u00e8me Passthrough et base ouverte \u2014 Beambox II"}]},{"@type":"WebSite","@id":"https:\/\/fluxlasers.eu\/fr\/#website","url":"https:\/\/fluxlasers.eu\/fr\/","name":"Flux - Bomedia","description":"D\u00e9coupeuses et graveuses laser","publisher":{"@id":"https:\/\/fluxlasers.eu\/fr\/#organization"},"potentialAction":[{"@type":"SearchAction","target":{"@type":"EntryPoint","urlTemplate":"https:\/\/fluxlasers.eu\/fr\/?s={search_term_string}"},"query-input":{"@type":"PropertyValueSpecification","valueRequired":true,"valueName":"search_term_string"}}],"inLanguage":"fr-FR"},{"@type":"Organization","@id":"https:\/\/fluxlasers.eu\/fr\/#organization","name":"Fluxlasers Espa\u00f1a","url":"https:\/\/fluxlasers.eu\/fr\/","logo":{"@type":"ImageObject","inLanguage":"fr-FR","@id":"https:\/\/fluxlasers.eu\/fr\/#\/schema\/logo\/image\/","url":"https:\/\/fluxlasers.eu\/wp-content\/uploads\/2021\/03\/logofluxspainc.png","contentUrl":"https:\/\/fluxlasers.eu\/wp-content\/uploads\/2021\/03\/logofluxspainc.png","width":350,"height":217,"caption":"Fluxlasers Espa\u00f1a"},"image":{"@id":"https:\/\/fluxlasers.eu\/fr\/#\/schema\/logo\/image\/"}}]}},"_links":{"self":[{"href":"https:\/\/fluxlasers.eu\/fr\/wp-json\/wp\/v2\/product\/7267","targetHints":{"allow":["GET"]}}],"collection":[{"href":"https:\/\/fluxlasers.eu\/fr\/wp-json\/wp\/v2\/product"}],"about":[{"href":"https:\/\/fluxlasers.eu\/fr\/wp-json\/wp\/v2\/types\/product"}],"replies":[{"embeddable":true,"href":"https:\/\/fluxlasers.eu\/fr\/wp-json\/wp\/v2\/comments?post=7267"}],"wp:featuredmedia":[{"embeddable":true,"href":"https:\/\/fluxlasers.eu\/fr\/wp-json\/wp\/v2\/media\/4217"}],"wp:attachment":[{"href":"https:\/\/fluxlasers.eu\/fr\/wp-json\/wp\/v2\/media?parent=7267"}],"wp:term":[{"taxonomy":"product_brand","embeddable":true,"href":"https:\/\/fluxlasers.eu\/fr\/wp-json\/wp\/v2\/product_brand?post=7267"},{"taxonomy":"product_cat","embeddable":true,"href":"https:\/\/fluxlasers.eu\/fr\/wp-json\/wp\/v2\/product_cat?post=7267"},{"taxonomy":"product_tag","embeddable":true,"href":"https:\/\/fluxlasers.eu\/fr\/wp-json\/wp\/v2\/product_tag?post=7267"}],"curies":[{"name":"wp","href":"https:\/\/api.w.org\/{rel}","templated":true}]}}