{"id":7022,"date":"2021-01-19T08:25:50","date_gmt":"2021-01-19T08:25:50","guid":{"rendered":"https:\/\/fluxlasers.eu\/producto\/laser-hybride-a-diode\/"},"modified":"2021-01-19T08:25:50","modified_gmt":"2021-01-19T07:25:50","slug":"laser-hybride-a-diode","status":"publish","type":"product","link":"https:\/\/fluxlasers.eu\/fr\/produit\/laser-hybride-a-diode\/","title":{"rendered":"Laser hybride \u00e0 diode"},"content":{"rendered":"<p><strong>Mat\u00e9riau compatible :<\/strong><\/p>\n<ul>\n<li>Carton<\/li>\n<li>Bois<\/li>\n<li>Bambou<\/li>\n<li>Cuir<\/li>\n<li>Tissu<\/li>\n<li>Caoutchouc<\/li>\n<li>Ciment<\/li>\n<li>Roche<\/li>\n<li>Aluminium anodis\u00e9<\/li>\n<li>Acier inoxydable<\/li>\n<\/ul>\n<p>&nbsp;<\/p>\n<p><strong>Non compatible :<\/strong><\/p>\n<ul>\n<li>Acrylique transparent<\/li>\n<li>Verre transparent<\/li>\n<li>Autres m\u00e9taux<\/li>\n<\/ul>\n<p>Comment l&rsquo;installer et comment fonctionne-t-il ?<\/p>\n<p><a href=\"https:\/\/support.flux3dp.com\/hc\/en-us\/articles\/360001568035-Using-the-Hybrid-Laser-Add-on\" target=\"_blank\" rel=\"noopener noreferrer\">Comment \u00e7a fonctionne ? (Eng)<\/a> &amp;<a href=\"https:\/\/support.flux3dp.com\/hc\/en-us\/articles\/360001455096-Hybrid-Laser-Add-on-Installation\" target=\"_blank\" rel=\"noopener noreferrer\">Guide d&rsquo;installation (Eng)<\/a><\/p>\n<p>&nbsp;* Les gravures ont une finition plut\u00f4t marron et de faible intensit\u00e9. Faites des tests ou regardez des photos ou demandez des photos de r\u00e9sultats sur les mat\u00e9riaux que vous souhaitez travailler. <\/p>\n<p>&nbsp;<\/p>\n<p><iframe loading=\"lazy\" title=\"FLUX Beamo Hybrid Diode Laser\" width=\"750\" height=\"422\" src=\"https:\/\/www.youtube.com\/embed\/Uqjx5K4UlDc?feature=oembed\" frameborder=\"0\" allow=\"accelerometer; autoplay; clipboard-write; encrypted-media; gyroscope; picture-in-picture; web-share\" referrerpolicy=\"strict-origin-when-cross-origin\" allowfullscreen><\/iframe><\/p>\n","protected":false},"excerpt":{"rendered":"<p>Il s&rsquo;agit d&rsquo;un compl\u00e9ment facile \u00e0 installer pour votre <a href=\"https:\/\/fluxlasers.eu\/producto\/beamo\/\">Beamo<\/a>.<\/p>\n<p>Avec ce compl\u00e9ment, vous pourrez graver sur m\u00e9tal et autres mat\u00e9riaux avec facilit\u00e9.<\/p>\n","protected":false},"featured_media":1420,"comment_status":"open","ping_status":"closed","template":"","meta":[],"product_brand":[],"product_cat":[324,340],"product_tag":[],"class_list":{"0":"post-7022","1":"product","2":"type-product","3":"status-publish","4":"has-post-thumbnail","6":"product_cat-accessoires","7":"product_cat-accessoires-beamo","9":"first","10":"instock","11":"taxable","12":"shipping-taxable","13":"purchasable","14":"product-type-simple"},"yoast_head":"<!-- This site is optimized with the Yoast SEO plugin v27.0 - https:\/\/yoast.com\/product\/yoast-seo-wordpress\/ -->\n<title>Laser hybride \u00e0 diode - Flux - Bomedia<\/title>\n<meta name=\"robots\" content=\"index, follow, max-snippet:-1, max-image-preview:large, max-video-preview:-1\" \/>\n<link rel=\"canonical\" href=\"https:\/\/fluxlasers.eu\/fr\/produit\/laser-hybride-a-diode\/\" \/>\n<meta property=\"og:locale\" content=\"fr_FR\" \/>\n<meta property=\"og:type\" content=\"article\" \/>\n<meta property=\"og:title\" content=\"Laser hybride \u00e0 diode - Flux - Bomedia\" \/>\n<meta property=\"og:description\" content=\"Il s&#039;agit d&#039;un compl\u00e9ment facile \u00e0 installer pour votre Beamo. Avec ce compl\u00e9ment, vous pourrez graver sur m\u00e9tal et autres mat\u00e9riaux avec facilit\u00e9.\" \/>\n<meta property=\"og:url\" content=\"https:\/\/fluxlasers.eu\/fr\/produit\/laser-hybride-a-diode\/\" \/>\n<meta property=\"og:site_name\" content=\"Flux - Bomedia\" \/>\n<meta property=\"og:image\" content=\"https:\/\/fluxlasers.eu\/wp-content\/uploads\/2021\/01\/diode.png\" \/>\n\t<meta property=\"og:image:width\" content=\"1200\" \/>\n\t<meta property=\"og:image:height\" content=\"1067\" \/>\n\t<meta property=\"og:image:type\" content=\"image\/png\" \/>\n<meta name=\"twitter:card\" content=\"summary_large_image\" \/>\n<script type=\"application\/ld+json\" class=\"yoast-schema-graph\">{\"@context\":\"https:\/\/schema.org\",\"@graph\":[{\"@type\":\"WebPage\",\"@id\":\"https:\/\/fluxlasers.eu\/fr\/produit\/laser-hybride-a-diode\/\",\"url\":\"https:\/\/fluxlasers.eu\/fr\/produit\/laser-hybride-a-diode\/\",\"name\":\"Laser hybride \u00e0 diode - Flux - Bomedia\",\"isPartOf\":{\"@id\":\"https:\/\/fluxlasers.eu\/fr\/#website\"},\"primaryImageOfPage\":{\"@id\":\"https:\/\/fluxlasers.eu\/fr\/produit\/laser-hybride-a-diode\/#primaryimage\"},\"image\":{\"@id\":\"https:\/\/fluxlasers.eu\/fr\/produit\/laser-hybride-a-diode\/#primaryimage\"},\"thumbnailUrl\":\"https:\/\/fluxlasers.eu\/wp-content\/uploads\/2021\/01\/diode.png\",\"datePublished\":\"2021-01-19T08:25:50+00:00\",\"breadcrumb\":{\"@id\":\"https:\/\/fluxlasers.eu\/fr\/produit\/laser-hybride-a-diode\/#breadcrumb\"},\"inLanguage\":\"fr-FR\",\"potentialAction\":[{\"@type\":\"ReadAction\",\"target\":[\"https:\/\/fluxlasers.eu\/fr\/produit\/laser-hybride-a-diode\/\"]}]},{\"@type\":\"ImageObject\",\"inLanguage\":\"fr-FR\",\"@id\":\"https:\/\/fluxlasers.eu\/fr\/produit\/laser-hybride-a-diode\/#primaryimage\",\"url\":\"https:\/\/fluxlasers.eu\/wp-content\/uploads\/2021\/01\/diode.png\",\"contentUrl\":\"https:\/\/fluxlasers.eu\/wp-content\/uploads\/2021\/01\/diode.png\",\"width\":1200,\"height\":1067,\"caption\":\"Laser h\u00edbrido Diode\"},{\"@type\":\"BreadcrumbList\",\"@id\":\"https:\/\/fluxlasers.eu\/fr\/produit\/laser-hybride-a-diode\/#breadcrumb\",\"itemListElement\":[{\"@type\":\"ListItem\",\"position\":1,\"name\":\"Portada\",\"item\":\"https:\/\/fluxlasers.eu\/fr\/accueil\/\"},{\"@type\":\"ListItem\",\"position\":2,\"name\":\"Boutique\",\"item\":\"https:\/\/fluxlasers.eu\/fr\/boutique\/\"},{\"@type\":\"ListItem\",\"position\":3,\"name\":\"Laser hybride \u00e0 diode\"}]},{\"@type\":\"WebSite\",\"@id\":\"https:\/\/fluxlasers.eu\/fr\/#website\",\"url\":\"https:\/\/fluxlasers.eu\/fr\/\",\"name\":\"Flux - Bomedia\",\"description\":\"D\u00e9coupeuses et graveuses laser\",\"publisher\":{\"@id\":\"https:\/\/fluxlasers.eu\/fr\/#organization\"},\"potentialAction\":[{\"@type\":\"SearchAction\",\"target\":{\"@type\":\"EntryPoint\",\"urlTemplate\":\"https:\/\/fluxlasers.eu\/fr\/?s={search_term_string}\"},\"query-input\":{\"@type\":\"PropertyValueSpecification\",\"valueRequired\":true,\"valueName\":\"search_term_string\"}}],\"inLanguage\":\"fr-FR\"},{\"@type\":\"Organization\",\"@id\":\"https:\/\/fluxlasers.eu\/fr\/#organization\",\"name\":\"Fluxlasers Espa\u00f1a\",\"url\":\"https:\/\/fluxlasers.eu\/fr\/\",\"logo\":{\"@type\":\"ImageObject\",\"inLanguage\":\"fr-FR\",\"@id\":\"https:\/\/fluxlasers.eu\/fr\/#\/schema\/logo\/image\/\",\"url\":\"https:\/\/fluxlasers.eu\/wp-content\/uploads\/2021\/03\/logofluxspainc.png\",\"contentUrl\":\"https:\/\/fluxlasers.eu\/wp-content\/uploads\/2021\/03\/logofluxspainc.png\",\"width\":350,\"height\":217,\"caption\":\"Fluxlasers Espa\u00f1a\"},\"image\":{\"@id\":\"https:\/\/fluxlasers.eu\/fr\/#\/schema\/logo\/image\/\"}}]}<\/script>\n<!-- \/ Yoast SEO plugin. -->","yoast_head_json":{"title":"Laser hybride \u00e0 diode - Flux - Bomedia","robots":{"index":"index","follow":"follow","max-snippet":"max-snippet:-1","max-image-preview":"max-image-preview:large","max-video-preview":"max-video-preview:-1"},"canonical":"https:\/\/fluxlasers.eu\/fr\/produit\/laser-hybride-a-diode\/","og_locale":"fr_FR","og_type":"article","og_title":"Laser hybride \u00e0 diode - Flux - Bomedia","og_description":"Il s'agit d'un compl\u00e9ment facile \u00e0 installer pour votre Beamo. Avec ce compl\u00e9ment, vous pourrez graver sur m\u00e9tal et autres mat\u00e9riaux avec facilit\u00e9.","og_url":"https:\/\/fluxlasers.eu\/fr\/produit\/laser-hybride-a-diode\/","og_site_name":"Flux - Bomedia","og_image":[{"width":1200,"height":1067,"url":"https:\/\/fluxlasers.eu\/wp-content\/uploads\/2021\/01\/diode.png","type":"image\/png"}],"twitter_card":"summary_large_image","schema":{"@context":"https:\/\/schema.org","@graph":[{"@type":"WebPage","@id":"https:\/\/fluxlasers.eu\/fr\/produit\/laser-hybride-a-diode\/","url":"https:\/\/fluxlasers.eu\/fr\/produit\/laser-hybride-a-diode\/","name":"Laser hybride \u00e0 diode - Flux - Bomedia","isPartOf":{"@id":"https:\/\/fluxlasers.eu\/fr\/#website"},"primaryImageOfPage":{"@id":"https:\/\/fluxlasers.eu\/fr\/produit\/laser-hybride-a-diode\/#primaryimage"},"image":{"@id":"https:\/\/fluxlasers.eu\/fr\/produit\/laser-hybride-a-diode\/#primaryimage"},"thumbnailUrl":"https:\/\/fluxlasers.eu\/wp-content\/uploads\/2021\/01\/diode.png","datePublished":"2021-01-19T08:25:50+00:00","breadcrumb":{"@id":"https:\/\/fluxlasers.eu\/fr\/produit\/laser-hybride-a-diode\/#breadcrumb"},"inLanguage":"fr-FR","potentialAction":[{"@type":"ReadAction","target":["https:\/\/fluxlasers.eu\/fr\/produit\/laser-hybride-a-diode\/"]}]},{"@type":"ImageObject","inLanguage":"fr-FR","@id":"https:\/\/fluxlasers.eu\/fr\/produit\/laser-hybride-a-diode\/#primaryimage","url":"https:\/\/fluxlasers.eu\/wp-content\/uploads\/2021\/01\/diode.png","contentUrl":"https:\/\/fluxlasers.eu\/wp-content\/uploads\/2021\/01\/diode.png","width":1200,"height":1067,"caption":"Laser h\u00edbrido Diode"},{"@type":"BreadcrumbList","@id":"https:\/\/fluxlasers.eu\/fr\/produit\/laser-hybride-a-diode\/#breadcrumb","itemListElement":[{"@type":"ListItem","position":1,"name":"Portada","item":"https:\/\/fluxlasers.eu\/fr\/accueil\/"},{"@type":"ListItem","position":2,"name":"Boutique","item":"https:\/\/fluxlasers.eu\/fr\/boutique\/"},{"@type":"ListItem","position":3,"name":"Laser hybride \u00e0 diode"}]},{"@type":"WebSite","@id":"https:\/\/fluxlasers.eu\/fr\/#website","url":"https:\/\/fluxlasers.eu\/fr\/","name":"Flux - Bomedia","description":"D\u00e9coupeuses et graveuses laser","publisher":{"@id":"https:\/\/fluxlasers.eu\/fr\/#organization"},"potentialAction":[{"@type":"SearchAction","target":{"@type":"EntryPoint","urlTemplate":"https:\/\/fluxlasers.eu\/fr\/?s={search_term_string}"},"query-input":{"@type":"PropertyValueSpecification","valueRequired":true,"valueName":"search_term_string"}}],"inLanguage":"fr-FR"},{"@type":"Organization","@id":"https:\/\/fluxlasers.eu\/fr\/#organization","name":"Fluxlasers Espa\u00f1a","url":"https:\/\/fluxlasers.eu\/fr\/","logo":{"@type":"ImageObject","inLanguage":"fr-FR","@id":"https:\/\/fluxlasers.eu\/fr\/#\/schema\/logo\/image\/","url":"https:\/\/fluxlasers.eu\/wp-content\/uploads\/2021\/03\/logofluxspainc.png","contentUrl":"https:\/\/fluxlasers.eu\/wp-content\/uploads\/2021\/03\/logofluxspainc.png","width":350,"height":217,"caption":"Fluxlasers Espa\u00f1a"},"image":{"@id":"https:\/\/fluxlasers.eu\/fr\/#\/schema\/logo\/image\/"}}]}},"_links":{"self":[{"href":"https:\/\/fluxlasers.eu\/fr\/wp-json\/wp\/v2\/product\/7022","targetHints":{"allow":["GET"]}}],"collection":[{"href":"https:\/\/fluxlasers.eu\/fr\/wp-json\/wp\/v2\/product"}],"about":[{"href":"https:\/\/fluxlasers.eu\/fr\/wp-json\/wp\/v2\/types\/product"}],"replies":[{"embeddable":true,"href":"https:\/\/fluxlasers.eu\/fr\/wp-json\/wp\/v2\/comments?post=7022"}],"wp:featuredmedia":[{"embeddable":true,"href":"https:\/\/fluxlasers.eu\/fr\/wp-json\/wp\/v2\/media\/1420"}],"wp:attachment":[{"href":"https:\/\/fluxlasers.eu\/fr\/wp-json\/wp\/v2\/media?parent=7022"}],"wp:term":[{"taxonomy":"product_brand","embeddable":true,"href":"https:\/\/fluxlasers.eu\/fr\/wp-json\/wp\/v2\/product_brand?post=7022"},{"taxonomy":"product_cat","embeddable":true,"href":"https:\/\/fluxlasers.eu\/fr\/wp-json\/wp\/v2\/product_cat?post=7022"},{"taxonomy":"product_tag","embeddable":true,"href":"https:\/\/fluxlasers.eu\/fr\/wp-json\/wp\/v2\/product_tag?post=7022"}],"curies":[{"name":"wp","href":"https:\/\/api.w.org\/{rel}","templated":true}]}}