{"id":6842,"date":"2022-08-31T07:10:57","date_gmt":"2022-08-31T06:10:57","guid":{"rendered":"https:\/\/fluxlasers.eu\/producto\/entretoises-metalliques-flux\/"},"modified":"2022-08-31T07:10:57","modified_gmt":"2022-08-31T06:10:57","slug":"entretoises-metalliques-flux","status":"publish","type":"product","link":"https:\/\/fluxlasers.eu\/fr\/produit\/entretoises-metalliques-flux\/","title":{"rendered":"Entretoises m\u00e9talliques Flux"},"content":{"rendered":"<p>(inclus avec la <a href=\"https:\/\/fluxlasers.eu\/producto\/hexa-cortadora-laser-co2-60w\/\">HEXA<\/a>)<\/p>\n<p>10 par paquet.<\/p>\n<p>Gr\u00e2ce \u00e0 son puissant aimant, il adh\u00e8re facilement au nid d&rsquo;abeille et prot\u00e8ge votre mat\u00e9riau des reflets laser ou des dommages dus \u00e0 la chaleur.<\/p>\n<p>Dimensions :<\/p>\n<ul>\n<li>Diam\u00e8tre 14,5 mm<\/li>\n<li>Hauteur 12 mm<\/li>\n<li>Poids 6 g<\/li>\n<\/ul>\n","protected":false},"excerpt":{"rendered":"<p>10 par paquet.<\/p>\n<p>Gr\u00e2ce \u00e0 son puissant aimant, il adh\u00e8re facilement au nid d&rsquo;abeille et prot\u00e8ge votre mat\u00e9riau des reflets laser ou des dommages dus \u00e0 la chaleur.<\/p>\n","protected":false},"featured_media":2335,"comment_status":"closed","ping_status":"closed","template":"","meta":[],"product_brand":[],"product_cat":[324],"product_tag":[],"class_list":{"0":"post-6842","1":"product","2":"type-product","3":"status-publish","4":"has-post-thumbnail","6":"product_cat-accessoires","8":"first","9":"onbackorder","10":"sale","11":"taxable","12":"shipping-taxable","13":"purchasable","14":"product-type-simple"},"yoast_head":"<!-- This site is optimized with the Yoast SEO plugin v27.0 - https:\/\/yoast.com\/product\/yoast-seo-wordpress\/ -->\n<title>Entretoises m\u00e9talliques Flux - Flux - Bomedia<\/title>\n<meta name=\"robots\" content=\"index, follow, max-snippet:-1, max-image-preview:large, max-video-preview:-1\" \/>\n<link rel=\"canonical\" href=\"https:\/\/fluxlasers.eu\/fr\/produit\/entretoises-metalliques-flux\/\" \/>\n<meta property=\"og:locale\" content=\"fr_FR\" \/>\n<meta property=\"og:type\" content=\"article\" \/>\n<meta property=\"og:title\" content=\"Entretoises m\u00e9talliques Flux - Flux - Bomedia\" \/>\n<meta property=\"og:description\" content=\"10 par paquet. Gr\u00e2ce \u00e0 son puissant aimant, il adh\u00e8re facilement au nid d&#039;abeille et prot\u00e8ge votre mat\u00e9riau des reflets laser ou des dommages dus \u00e0 la chaleur.\" \/>\n<meta property=\"og:url\" content=\"https:\/\/fluxlasers.eu\/fr\/produit\/entretoises-metalliques-flux\/\" \/>\n<meta property=\"og:site_name\" content=\"Flux - Bomedia\" \/>\n<meta property=\"og:image\" content=\"https:\/\/fluxlasers.eu\/wp-content\/uploads\/2022\/08\/flux-cone-spacers-2.png\" \/>\n\t<meta property=\"og:image:width\" content=\"800\" \/>\n\t<meta property=\"og:image:height\" content=\"600\" \/>\n\t<meta property=\"og:image:type\" content=\"image\/png\" \/>\n<meta name=\"twitter:card\" content=\"summary_large_image\" \/>\n<script type=\"application\/ld+json\" class=\"yoast-schema-graph\">{\"@context\":\"https:\/\/schema.org\",\"@graph\":[{\"@type\":\"WebPage\",\"@id\":\"https:\/\/fluxlasers.eu\/fr\/produit\/entretoises-metalliques-flux\/\",\"url\":\"https:\/\/fluxlasers.eu\/fr\/produit\/entretoises-metalliques-flux\/\",\"name\":\"Entretoises m\u00e9talliques Flux - Flux - Bomedia\",\"isPartOf\":{\"@id\":\"https:\/\/fluxlasers.eu\/fr\/#website\"},\"primaryImageOfPage\":{\"@id\":\"https:\/\/fluxlasers.eu\/fr\/produit\/entretoises-metalliques-flux\/#primaryimage\"},\"image\":{\"@id\":\"https:\/\/fluxlasers.eu\/fr\/produit\/entretoises-metalliques-flux\/#primaryimage\"},\"thumbnailUrl\":\"https:\/\/fluxlasers.eu\/wp-content\/uploads\/2022\/08\/flux-cone-spacers-2.png\",\"datePublished\":\"2022-08-31T06:10:57+00:00\",\"breadcrumb\":{\"@id\":\"https:\/\/fluxlasers.eu\/fr\/produit\/entretoises-metalliques-flux\/#breadcrumb\"},\"inLanguage\":\"fr-FR\",\"potentialAction\":[{\"@type\":\"ReadAction\",\"target\":[\"https:\/\/fluxlasers.eu\/fr\/produit\/entretoises-metalliques-flux\/\"]}]},{\"@type\":\"ImageObject\",\"inLanguage\":\"fr-FR\",\"@id\":\"https:\/\/fluxlasers.eu\/fr\/produit\/entretoises-metalliques-flux\/#primaryimage\",\"url\":\"https:\/\/fluxlasers.eu\/wp-content\/uploads\/2022\/08\/flux-cone-spacers-2.png\",\"contentUrl\":\"https:\/\/fluxlasers.eu\/wp-content\/uploads\/2022\/08\/flux-cone-spacers-2.png\",\"width\":800,\"height\":600},{\"@type\":\"BreadcrumbList\",\"@id\":\"https:\/\/fluxlasers.eu\/fr\/produit\/entretoises-metalliques-flux\/#breadcrumb\",\"itemListElement\":[{\"@type\":\"ListItem\",\"position\":1,\"name\":\"Portada\",\"item\":\"https:\/\/fluxlasers.eu\/fr\/accueil\/\"},{\"@type\":\"ListItem\",\"position\":2,\"name\":\"Boutique\",\"item\":\"https:\/\/fluxlasers.eu\/fr\/boutique\/\"},{\"@type\":\"ListItem\",\"position\":3,\"name\":\"Entretoises m\u00e9talliques Flux\"}]},{\"@type\":\"WebSite\",\"@id\":\"https:\/\/fluxlasers.eu\/fr\/#website\",\"url\":\"https:\/\/fluxlasers.eu\/fr\/\",\"name\":\"Flux - Bomedia\",\"description\":\"D\u00e9coupeuses et graveuses laser\",\"publisher\":{\"@id\":\"https:\/\/fluxlasers.eu\/fr\/#organization\"},\"potentialAction\":[{\"@type\":\"SearchAction\",\"target\":{\"@type\":\"EntryPoint\",\"urlTemplate\":\"https:\/\/fluxlasers.eu\/fr\/?s={search_term_string}\"},\"query-input\":{\"@type\":\"PropertyValueSpecification\",\"valueRequired\":true,\"valueName\":\"search_term_string\"}}],\"inLanguage\":\"fr-FR\"},{\"@type\":\"Organization\",\"@id\":\"https:\/\/fluxlasers.eu\/fr\/#organization\",\"name\":\"Fluxlasers Espa\u00f1a\",\"url\":\"https:\/\/fluxlasers.eu\/fr\/\",\"logo\":{\"@type\":\"ImageObject\",\"inLanguage\":\"fr-FR\",\"@id\":\"https:\/\/fluxlasers.eu\/fr\/#\/schema\/logo\/image\/\",\"url\":\"https:\/\/fluxlasers.eu\/wp-content\/uploads\/2021\/03\/logofluxspainc.png\",\"contentUrl\":\"https:\/\/fluxlasers.eu\/wp-content\/uploads\/2021\/03\/logofluxspainc.png\",\"width\":350,\"height\":217,\"caption\":\"Fluxlasers Espa\u00f1a\"},\"image\":{\"@id\":\"https:\/\/fluxlasers.eu\/fr\/#\/schema\/logo\/image\/\"}}]}<\/script>\n<!-- \/ Yoast SEO plugin. -->","yoast_head_json":{"title":"Entretoises m\u00e9talliques Flux - Flux - Bomedia","robots":{"index":"index","follow":"follow","max-snippet":"max-snippet:-1","max-image-preview":"max-image-preview:large","max-video-preview":"max-video-preview:-1"},"canonical":"https:\/\/fluxlasers.eu\/fr\/produit\/entretoises-metalliques-flux\/","og_locale":"fr_FR","og_type":"article","og_title":"Entretoises m\u00e9talliques Flux - Flux - Bomedia","og_description":"10 par paquet. Gr\u00e2ce \u00e0 son puissant aimant, il adh\u00e8re facilement au nid d'abeille et prot\u00e8ge votre mat\u00e9riau des reflets laser ou des dommages dus \u00e0 la chaleur.","og_url":"https:\/\/fluxlasers.eu\/fr\/produit\/entretoises-metalliques-flux\/","og_site_name":"Flux - Bomedia","og_image":[{"width":800,"height":600,"url":"https:\/\/fluxlasers.eu\/wp-content\/uploads\/2022\/08\/flux-cone-spacers-2.png","type":"image\/png"}],"twitter_card":"summary_large_image","schema":{"@context":"https:\/\/schema.org","@graph":[{"@type":"WebPage","@id":"https:\/\/fluxlasers.eu\/fr\/produit\/entretoises-metalliques-flux\/","url":"https:\/\/fluxlasers.eu\/fr\/produit\/entretoises-metalliques-flux\/","name":"Entretoises m\u00e9talliques Flux - Flux - Bomedia","isPartOf":{"@id":"https:\/\/fluxlasers.eu\/fr\/#website"},"primaryImageOfPage":{"@id":"https:\/\/fluxlasers.eu\/fr\/produit\/entretoises-metalliques-flux\/#primaryimage"},"image":{"@id":"https:\/\/fluxlasers.eu\/fr\/produit\/entretoises-metalliques-flux\/#primaryimage"},"thumbnailUrl":"https:\/\/fluxlasers.eu\/wp-content\/uploads\/2022\/08\/flux-cone-spacers-2.png","datePublished":"2022-08-31T06:10:57+00:00","breadcrumb":{"@id":"https:\/\/fluxlasers.eu\/fr\/produit\/entretoises-metalliques-flux\/#breadcrumb"},"inLanguage":"fr-FR","potentialAction":[{"@type":"ReadAction","target":["https:\/\/fluxlasers.eu\/fr\/produit\/entretoises-metalliques-flux\/"]}]},{"@type":"ImageObject","inLanguage":"fr-FR","@id":"https:\/\/fluxlasers.eu\/fr\/produit\/entretoises-metalliques-flux\/#primaryimage","url":"https:\/\/fluxlasers.eu\/wp-content\/uploads\/2022\/08\/flux-cone-spacers-2.png","contentUrl":"https:\/\/fluxlasers.eu\/wp-content\/uploads\/2022\/08\/flux-cone-spacers-2.png","width":800,"height":600},{"@type":"BreadcrumbList","@id":"https:\/\/fluxlasers.eu\/fr\/produit\/entretoises-metalliques-flux\/#breadcrumb","itemListElement":[{"@type":"ListItem","position":1,"name":"Portada","item":"https:\/\/fluxlasers.eu\/fr\/accueil\/"},{"@type":"ListItem","position":2,"name":"Boutique","item":"https:\/\/fluxlasers.eu\/fr\/boutique\/"},{"@type":"ListItem","position":3,"name":"Entretoises m\u00e9talliques Flux"}]},{"@type":"WebSite","@id":"https:\/\/fluxlasers.eu\/fr\/#website","url":"https:\/\/fluxlasers.eu\/fr\/","name":"Flux - Bomedia","description":"D\u00e9coupeuses et graveuses laser","publisher":{"@id":"https:\/\/fluxlasers.eu\/fr\/#organization"},"potentialAction":[{"@type":"SearchAction","target":{"@type":"EntryPoint","urlTemplate":"https:\/\/fluxlasers.eu\/fr\/?s={search_term_string}"},"query-input":{"@type":"PropertyValueSpecification","valueRequired":true,"valueName":"search_term_string"}}],"inLanguage":"fr-FR"},{"@type":"Organization","@id":"https:\/\/fluxlasers.eu\/fr\/#organization","name":"Fluxlasers Espa\u00f1a","url":"https:\/\/fluxlasers.eu\/fr\/","logo":{"@type":"ImageObject","inLanguage":"fr-FR","@id":"https:\/\/fluxlasers.eu\/fr\/#\/schema\/logo\/image\/","url":"https:\/\/fluxlasers.eu\/wp-content\/uploads\/2021\/03\/logofluxspainc.png","contentUrl":"https:\/\/fluxlasers.eu\/wp-content\/uploads\/2021\/03\/logofluxspainc.png","width":350,"height":217,"caption":"Fluxlasers Espa\u00f1a"},"image":{"@id":"https:\/\/fluxlasers.eu\/fr\/#\/schema\/logo\/image\/"}}]}},"_links":{"self":[{"href":"https:\/\/fluxlasers.eu\/fr\/wp-json\/wp\/v2\/product\/6842","targetHints":{"allow":["GET"]}}],"collection":[{"href":"https:\/\/fluxlasers.eu\/fr\/wp-json\/wp\/v2\/product"}],"about":[{"href":"https:\/\/fluxlasers.eu\/fr\/wp-json\/wp\/v2\/types\/product"}],"replies":[{"embeddable":true,"href":"https:\/\/fluxlasers.eu\/fr\/wp-json\/wp\/v2\/comments?post=6842"}],"wp:featuredmedia":[{"embeddable":true,"href":"https:\/\/fluxlasers.eu\/fr\/wp-json\/wp\/v2\/media\/2335"}],"wp:attachment":[{"href":"https:\/\/fluxlasers.eu\/fr\/wp-json\/wp\/v2\/media?parent=6842"}],"wp:term":[{"taxonomy":"product_brand","embeddable":true,"href":"https:\/\/fluxlasers.eu\/fr\/wp-json\/wp\/v2\/product_brand?post=6842"},{"taxonomy":"product_cat","embeddable":true,"href":"https:\/\/fluxlasers.eu\/fr\/wp-json\/wp\/v2\/product_cat?post=6842"},{"taxonomy":"product_tag","embeddable":true,"href":"https:\/\/fluxlasers.eu\/fr\/wp-json\/wp\/v2\/product_tag?post=6842"}],"curies":[{"name":"wp","href":"https:\/\/api.w.org\/{rel}","templated":true}]}}