{"id":6777,"date":"2024-06-04T09:44:42","date_gmt":"2024-06-04T09:44:42","guid":{"rendered":"https:\/\/fluxlasers.eu\/producto\/module-rotatif-2-0-hexa\/"},"modified":"2026-02-27T12:29:52","modified_gmt":"2026-02-27T11:29:52","slug":"module-rotatif-2-0-hexa","status":"publish","type":"product","link":"https:\/\/fluxlasers.eu\/fr\/produit\/module-rotatif-2-0-hexa\/","title":{"rendered":"Module rotatif 2.0 Hexa"},"content":{"rendered":"<h2>MODULE ROTATIF 2.0 HEXA<\/h2>\n<p>&nbsp;<\/p>\n\r\n<div class=\"wp-block-columns is-layout-flex wp-container-core-columns-is-layout-9d6595d7 wp-block-columns-is-layout-flex\">\r\n<div class=\"wp-block-column is-vertically-aligned-center has-cyan-bluish-gray-background-color has-background is-layout-flow wp-block-column-is-layout-flow\">&#13;\n<h4 class=\"has-text-align-center wp-block-heading\">ROTARY 2.0 : POUR PETITS ET GRANDS ARTICLES<\/h4>&#13;\n\r\n\r\n\r\n<div class=\"wp-block-columns is-layout-flex wp-container-core-columns-is-layout-9d6595d7 wp-block-columns-is-layout-flex\">\r\n<div class=\"wp-block-column is-layout-flow wp-block-column-is-layout-flow\">&#13;\n<div class=\"wp-block-image is-style-default\"><figure class=\"aligncenter size-full\"><img decoding=\"async\" width=\"100\" height=\"103\" src=\"https:\/\/fluxlasers.eu\/wp-content\/uploads\/2024\/06\/rotary-01-ico-1.png\" alt=\"\" class=\"wp-image-3572\"\/><\/figure><\/div>&#13;\n\r\n\r\n&#13;\n<p class=\"has-text-align-center\">8 \u2013 115 mm<br\/>Plage de diam\u00e8tre<\/p>&#13;\n<\/div>\r\n\r\n\r\n\r\n<div class=\"wp-block-column is-layout-flow wp-block-column-is-layout-flow\">&#13;\n<div class=\"wp-block-image is-style-default\"><figure class=\"aligncenter size-full\"><img decoding=\"async\" width=\"100\" height=\"103\" src=\"https:\/\/fluxlasers.eu\/wp-content\/uploads\/2024\/06\/rotary-01-ico-2.png\" alt=\"\" class=\"wp-image-3571\"\/><\/figure><\/div>&#13;\n\r\n\r\n&#13;\n<p class=\"has-text-align-center\">660 mm<br\/>Longueur maximale du mat\u00e9riau<\/p>&#13;\n<\/div>\r\n<\/div>\r\n<\/div>\r\n\r\n\r\n\r\n<div class=\"wp-block-column is-layout-flow wp-block-column-is-layout-flow\">&#13;\n<figure class=\"wp-block-image size-full is-style-default\"><img decoding=\"async\" width=\"975\" height=\"767\" src=\"https:\/\/fluxlasers.eu\/wp-content\/uploads\/2024\/06\/01-copy.jpg\" alt=\"\" class=\"wp-image-3574\" srcset=\"https:\/\/fluxlasers.eu\/wp-content\/uploads\/2024\/06\/01-copy.jpg 975w, https:\/\/fluxlasers.eu\/wp-content\/uploads\/2024\/06\/01-copy-300x236.jpg 300w, https:\/\/fluxlasers.eu\/wp-content\/uploads\/2024\/06\/01-copy-768x604.jpg 768w, https:\/\/fluxlasers.eu\/wp-content\/uploads\/2024\/06\/01-copy-600x472.jpg 600w\" sizes=\"(max-width: 975px) 100vw, 975px\" \/><\/figure>&#13;\n<\/div>\r\n<\/div>\r\n\r\n<div class=\"wp-block-columns is-layout-flex wp-container-core-columns-is-layout-9d6595d7 wp-block-columns-is-layout-flex\">\r\n<div class=\"wp-block-column is-layout-flow wp-block-column-is-layout-flow\">&#13;\n<figure class=\"wp-block-image size-full is-style-default\"><img decoding=\"async\" width=\"867\" height=\"720\" src=\"https:\/\/fluxlasers.eu\/wp-content\/uploads\/2024\/06\/02-copy.jpg\" alt=\"\" class=\"wp-image-3576\" srcset=\"https:\/\/fluxlasers.eu\/wp-content\/uploads\/2024\/06\/02-copy.jpg 867w, https:\/\/fluxlasers.eu\/wp-content\/uploads\/2024\/06\/02-copy-300x249.jpg 300w, https:\/\/fluxlasers.eu\/wp-content\/uploads\/2024\/06\/02-copy-768x638.jpg 768w, https:\/\/fluxlasers.eu\/wp-content\/uploads\/2024\/06\/02-copy-600x498.jpg 600w\" sizes=\"(max-width: 867px) 100vw, 867px\" \/><\/figure>&#13;\n<\/div>\r\n\r\n\r\n\r\n<div class=\"wp-block-column is-vertically-aligned-center is-layout-flow wp-block-column-is-layout-flow\">&#13;\n<h4 class=\"has-text-align-center wp-block-heading\">MODULE DE SUPPORT AVANC\u00c9<\/h4>&#13;\n\r\n\r\n&#13;\n<p class=\"has-text-align-center\">Vous d\u00e9cidez de l\u2019angle, nous assurons la pr\u00e9cision. Le module de support de haute qualit\u00e9 facilite la gravure d\u2019objets coniques tels que les verres \u00e0 vin ou \u00e0 champagne. <\/p>&#13;\n<\/div>\r\n<\/div>\r\n&#13;\n<figure class=\"wp-block-image size-large is-style-default\"><img decoding=\"async\" width=\"1024\" height=\"336\" src=\"https:\/\/fluxlasers.eu\/wp-content\/uploads\/2024\/06\/03-1024x336.png\" alt=\"\" class=\"wp-image-3577\" srcset=\"https:\/\/fluxlasers.eu\/wp-content\/uploads\/2024\/06\/03-1024x336.png 1024w, https:\/\/fluxlasers.eu\/wp-content\/uploads\/2024\/06\/03-300x98.png 300w, https:\/\/fluxlasers.eu\/wp-content\/uploads\/2024\/06\/03-768x252.png 768w, https:\/\/fluxlasers.eu\/wp-content\/uploads\/2024\/06\/03-1536x504.png 1536w, https:\/\/fluxlasers.eu\/wp-content\/uploads\/2024\/06\/03-600x197.png 600w, https:\/\/fluxlasers.eu\/wp-content\/uploads\/2024\/06\/03.png 1920w\" sizes=\"(max-width: 1024px) 100vw, 1024px\" \/><\/figure>&#13;\n\r\n<div class=\"wp-block-columns is-layout-flex wp-container-core-columns-is-layout-9d6595d7 wp-block-columns-is-layout-flex\">\r\n<div class=\"wp-block-column is-vertically-aligned-center is-layout-flow wp-block-column-is-layout-flow\">&#13;\n<h4 class=\"has-text-align-center wp-block-heading\">ROULEAU EN CAOUTCHOUC ANTID\u00c9RAPANT<\/h4>&#13;\n\r\n\r\n&#13;\n<p class=\"has-text-align-center\">L\u2019ajout de rouleaux en caoutchouc au Rotary 2.0 am\u00e9liore consid\u00e9rablement la stabilit\u00e9 de l\u2019objet \u00e0 graver. Cette am\u00e9lioration maximise la pr\u00e9cision et garantit une prise ferme lors de la gravure. <\/p>&#13;\n<\/div>\r\n\r\n\r\n\r\n<div class=\"wp-block-column is-layout-flow wp-block-column-is-layout-flow\">&#13;\n<figure class=\"wp-block-image size-full is-style-default\"><img decoding=\"async\" width=\"803\" height=\"662\" src=\"https:\/\/fluxlasers.eu\/wp-content\/uploads\/2024\/06\/04-copy.png\" alt=\"\" class=\"wp-image-3578\" srcset=\"https:\/\/fluxlasers.eu\/wp-content\/uploads\/2024\/06\/04-copy.png 803w, https:\/\/fluxlasers.eu\/wp-content\/uploads\/2024\/06\/04-copy-300x247.png 300w, https:\/\/fluxlasers.eu\/wp-content\/uploads\/2024\/06\/04-copy-768x633.png 768w, https:\/\/fluxlasers.eu\/wp-content\/uploads\/2024\/06\/04-copy-600x495.png 600w\" sizes=\"(max-width: 803px) 100vw, 803px\" \/><\/figure>&#13;\n<\/div>\r\n<\/div>\r\n\r\n<div class=\"wp-block-columns has-white-color has-black-background-color has-text-color has-background is-layout-flex wp-container-core-columns-is-layout-9d6595d7 wp-block-columns-is-layout-flex\">\r\n<div class=\"wp-block-column is-layout-flow wp-block-column-is-layout-flow\">&#13;\n<h4 class=\"has-text-align-center wp-block-heading\">FAITES TOURNER VOTRE IMAGINATION<\/h4>&#13;\n\r\n\r\n&#13;\n<p class=\"has-text-align-center\">Le Rotary 2.0 vous permet de personnaliser facilement verres, ustensiles de cuisine et d\u00e9coration int\u00e9rieure. Des possibilit\u00e9s infinies sont d\u00e9sormais \u00e0 votre port\u00e9e. <\/p>&#13;\n<\/div>\r\n\r\n\r\n\r\n<div class=\"wp-block-column is-layout-flow wp-block-column-is-layout-flow\">&#13;\n<figure class=\"wp-block-image size-large is-style-default\"><img decoding=\"async\" width=\"1024\" height=\"705\" src=\"https:\/\/fluxlasers.eu\/wp-content\/uploads\/2024\/06\/06-copy-1024x705.jpg\" alt=\"\" class=\"wp-image-3579\" srcset=\"https:\/\/fluxlasers.eu\/wp-content\/uploads\/2024\/06\/06-copy-1024x705.jpg 1024w, https:\/\/fluxlasers.eu\/wp-content\/uploads\/2024\/06\/06-copy-300x207.jpg 300w, https:\/\/fluxlasers.eu\/wp-content\/uploads\/2024\/06\/06-copy-768x529.jpg 768w, https:\/\/fluxlasers.eu\/wp-content\/uploads\/2024\/06\/06-copy-600x413.jpg 600w, https:\/\/fluxlasers.eu\/wp-content\/uploads\/2024\/06\/06-copy.jpg 1066w\" sizes=\"(max-width: 1024px) 100vw, 1024px\" \/><\/figure>&#13;\n<\/div>\r\n<\/div>\r\n\r\n<div class=\"wp-block-columns is-layout-flex wp-container-core-columns-is-layout-9d6595d7 wp-block-columns-is-layout-flex\">\r\n<div class=\"wp-block-column is-layout-flow wp-block-column-is-layout-flow\">&#13;\n<figure class=\"wp-block-image size-full is-style-default\"><img decoding=\"async\" width=\"440\" height=\"270\" src=\"https:\/\/fluxlasers.eu\/wp-content\/uploads\/2024\/06\/rotary-07-a.jpg\" alt=\"\" class=\"wp-image-3581\" srcset=\"https:\/\/fluxlasers.eu\/wp-content\/uploads\/2024\/06\/rotary-07-a.jpg 440w, https:\/\/fluxlasers.eu\/wp-content\/uploads\/2024\/06\/rotary-07-a-300x184.jpg 300w\" sizes=\"(max-width: 440px) 100vw, 440px\" \/><figcaption>VERRES EN CRISTAL<br\/>Cristal<\/figcaption><\/figure>&#13;\n<\/div>\r\n\r\n\r\n\r\n<div class=\"wp-block-column is-layout-flow wp-block-column-is-layout-flow\">&#13;\n<figure class=\"wp-block-image size-full is-style-default\"><img decoding=\"async\" width=\"440\" height=\"270\" src=\"https:\/\/fluxlasers.eu\/wp-content\/uploads\/2024\/06\/rotary-07-b.jpeg\" alt=\"\" class=\"wp-image-3582\" srcset=\"https:\/\/fluxlasers.eu\/wp-content\/uploads\/2024\/06\/rotary-07-b.jpeg 440w, https:\/\/fluxlasers.eu\/wp-content\/uploads\/2024\/06\/rotary-07-b-300x184.jpeg 300w\" sizes=\"(max-width: 440px) 100vw, 440px\" \/><figcaption>VERRES CONIQUES<br\/>Bois<\/figcaption><\/figure>&#13;\n<\/div>\r\n\r\n\r\n\r\n<div class=\"wp-block-column is-layout-flow wp-block-column-is-layout-flow\">&#13;\n<figure class=\"wp-block-image size-full is-style-default\"><img decoding=\"async\" width=\"440\" height=\"270\" src=\"https:\/\/fluxlasers.eu\/wp-content\/uploads\/2024\/06\/rotary-07-c.jpg\" alt=\"\" class=\"wp-image-3583\" srcset=\"https:\/\/fluxlasers.eu\/wp-content\/uploads\/2024\/06\/rotary-07-c.jpg 440w, https:\/\/fluxlasers.eu\/wp-content\/uploads\/2024\/06\/rotary-07-c-300x184.jpg 300w\" sizes=\"(max-width: 440px) 100vw, 440px\" \/><figcaption>BOUTEILLES ISOTHERMES<br\/>Acier inoxydable<\/figcaption><\/figure>&#13;\n<\/div>\r\n<\/div>\r\n&#13;\n<figure class=\"wp-block-image size-large is-style-default\"><img decoding=\"async\" width=\"1024\" height=\"801\" src=\"https:\/\/fluxlasers.eu\/wp-content\/uploads\/2024\/06\/10-copy-1024x801.jpg\" alt=\"\" class=\"wp-image-3599\" srcset=\"https:\/\/fluxlasers.eu\/wp-content\/uploads\/2024\/06\/10-copy-1024x801.jpg 1024w, https:\/\/fluxlasers.eu\/wp-content\/uploads\/2024\/06\/10-copy-300x235.jpg 300w, https:\/\/fluxlasers.eu\/wp-content\/uploads\/2024\/06\/10-copy-768x600.jpg 768w, https:\/\/fluxlasers.eu\/wp-content\/uploads\/2024\/06\/10-copy-1536x1201.jpg 1536w, https:\/\/fluxlasers.eu\/wp-content\/uploads\/2024\/06\/10-copy-600x469.jpg 600w, https:\/\/fluxlasers.eu\/wp-content\/uploads\/2024\/06\/10-copy.jpg 1599w\" sizes=\"(max-width: 1024px) 100vw, 1024px\" \/><\/figure>&#13;\n","protected":false},"excerpt":{"rendered":"<p>Voici le Module Rotatif 2.0 am\u00e9lior\u00e9 pour Hexa, con\u00e7u pour graver des objets cylindriques et coniques.<\/p>\n","protected":false},"featured_media":3594,"comment_status":"closed","ping_status":"closed","template":"","meta":[],"product_brand":[],"product_cat":[324,328],"product_tag":[],"class_list":{"0":"post-6777","1":"product","2":"type-product","3":"status-publish","4":"has-post-thumbnail","6":"product_cat-accessoires","7":"product_cat-accessoires-hexa","9":"first","10":"instock","11":"taxable","12":"shipping-taxable","13":"purchasable","14":"product-type-simple"},"yoast_head":"<!-- This site is optimized with the Yoast SEO plugin v27.0 - https:\/\/yoast.com\/product\/yoast-seo-wordpress\/ -->\n<title>Module rotatif 2.0 Hexa - Flux - Bomedia<\/title>\n<meta name=\"robots\" content=\"index, follow, max-snippet:-1, max-image-preview:large, max-video-preview:-1\" \/>\n<link rel=\"canonical\" href=\"https:\/\/fluxlasers.eu\/fr\/produit\/module-rotatif-2-0-hexa\/\" \/>\n<meta property=\"og:locale\" content=\"fr_FR\" \/>\n<meta property=\"og:type\" content=\"article\" \/>\n<meta property=\"og:title\" content=\"Module rotatif 2.0 Hexa - Flux - Bomedia\" \/>\n<meta property=\"og:description\" content=\"Voici le Module Rotatif 2.0 am\u00e9lior\u00e9 pour Hexa, con\u00e7u pour graver des objets cylindriques et coniques.\" \/>\n<meta property=\"og:url\" content=\"https:\/\/fluxlasers.eu\/fr\/produit\/module-rotatif-2-0-hexa\/\" \/>\n<meta property=\"og:site_name\" content=\"Flux - Bomedia\" \/>\n<meta property=\"article:modified_time\" content=\"2026-02-27T11:29:52+00:00\" \/>\n<meta property=\"og:image\" content=\"https:\/\/fluxlasers.eu\/wp-content\/uploads\/2024\/06\/DSC00993_1_.jpg\" \/>\n\t<meta property=\"og:image:width\" content=\"1920\" \/>\n\t<meta property=\"og:image:height\" content=\"1280\" \/>\n\t<meta property=\"og:image:type\" content=\"image\/jpeg\" \/>\n<meta name=\"twitter:card\" content=\"summary_large_image\" \/>\n<meta name=\"twitter:label1\" content=\"Dur\u00e9e de lecture estim\u00e9e\" \/>\n\t<meta name=\"twitter:data1\" content=\"1 minute\" \/>\n<script type=\"application\/ld+json\" class=\"yoast-schema-graph\">{\"@context\":\"https:\/\/schema.org\",\"@graph\":[{\"@type\":\"WebPage\",\"@id\":\"https:\/\/fluxlasers.eu\/fr\/produit\/module-rotatif-2-0-hexa\/\",\"url\":\"https:\/\/fluxlasers.eu\/fr\/produit\/module-rotatif-2-0-hexa\/\",\"name\":\"Module rotatif 2.0 Hexa - Flux - Bomedia\",\"isPartOf\":{\"@id\":\"https:\/\/fluxlasers.eu\/fr\/#website\"},\"primaryImageOfPage\":{\"@id\":\"https:\/\/fluxlasers.eu\/fr\/produit\/module-rotatif-2-0-hexa\/#primaryimage\"},\"image\":{\"@id\":\"https:\/\/fluxlasers.eu\/fr\/produit\/module-rotatif-2-0-hexa\/#primaryimage\"},\"thumbnailUrl\":\"https:\/\/fluxlasers.eu\/wp-content\/uploads\/2024\/06\/DSC00993_1_.jpg\",\"datePublished\":\"2024-06-04T09:44:42+00:00\",\"dateModified\":\"2026-02-27T11:29:52+00:00\",\"breadcrumb\":{\"@id\":\"https:\/\/fluxlasers.eu\/fr\/produit\/module-rotatif-2-0-hexa\/#breadcrumb\"},\"inLanguage\":\"fr-FR\",\"potentialAction\":[{\"@type\":\"ReadAction\",\"target\":[\"https:\/\/fluxlasers.eu\/fr\/produit\/module-rotatif-2-0-hexa\/\"]}]},{\"@type\":\"ImageObject\",\"inLanguage\":\"fr-FR\",\"@id\":\"https:\/\/fluxlasers.eu\/fr\/produit\/module-rotatif-2-0-hexa\/#primaryimage\",\"url\":\"https:\/\/fluxlasers.eu\/wp-content\/uploads\/2024\/06\/DSC00993_1_.jpg\",\"contentUrl\":\"https:\/\/fluxlasers.eu\/wp-content\/uploads\/2024\/06\/DSC00993_1_.jpg\",\"width\":1920,\"height\":1280},{\"@type\":\"BreadcrumbList\",\"@id\":\"https:\/\/fluxlasers.eu\/fr\/produit\/module-rotatif-2-0-hexa\/#breadcrumb\",\"itemListElement\":[{\"@type\":\"ListItem\",\"position\":1,\"name\":\"Portada\",\"item\":\"https:\/\/fluxlasers.eu\/fr\/accueil\/\"},{\"@type\":\"ListItem\",\"position\":2,\"name\":\"Boutique\",\"item\":\"https:\/\/fluxlasers.eu\/fr\/boutique\/\"},{\"@type\":\"ListItem\",\"position\":3,\"name\":\"Module rotatif 2.0 Hexa\"}]},{\"@type\":\"WebSite\",\"@id\":\"https:\/\/fluxlasers.eu\/fr\/#website\",\"url\":\"https:\/\/fluxlasers.eu\/fr\/\",\"name\":\"Flux - Bomedia\",\"description\":\"D\u00e9coupeuses et graveuses laser\",\"publisher\":{\"@id\":\"https:\/\/fluxlasers.eu\/fr\/#organization\"},\"potentialAction\":[{\"@type\":\"SearchAction\",\"target\":{\"@type\":\"EntryPoint\",\"urlTemplate\":\"https:\/\/fluxlasers.eu\/fr\/?s={search_term_string}\"},\"query-input\":{\"@type\":\"PropertyValueSpecification\",\"valueRequired\":true,\"valueName\":\"search_term_string\"}}],\"inLanguage\":\"fr-FR\"},{\"@type\":\"Organization\",\"@id\":\"https:\/\/fluxlasers.eu\/fr\/#organization\",\"name\":\"Fluxlasers Espa\u00f1a\",\"url\":\"https:\/\/fluxlasers.eu\/fr\/\",\"logo\":{\"@type\":\"ImageObject\",\"inLanguage\":\"fr-FR\",\"@id\":\"https:\/\/fluxlasers.eu\/fr\/#\/schema\/logo\/image\/\",\"url\":\"https:\/\/fluxlasers.eu\/wp-content\/uploads\/2021\/03\/logofluxspainc.png\",\"contentUrl\":\"https:\/\/fluxlasers.eu\/wp-content\/uploads\/2021\/03\/logofluxspainc.png\",\"width\":350,\"height\":217,\"caption\":\"Fluxlasers Espa\u00f1a\"},\"image\":{\"@id\":\"https:\/\/fluxlasers.eu\/fr\/#\/schema\/logo\/image\/\"}}]}<\/script>\n<!-- \/ Yoast SEO plugin. -->","yoast_head_json":{"title":"Module rotatif 2.0 Hexa - Flux - Bomedia","robots":{"index":"index","follow":"follow","max-snippet":"max-snippet:-1","max-image-preview":"max-image-preview:large","max-video-preview":"max-video-preview:-1"},"canonical":"https:\/\/fluxlasers.eu\/fr\/produit\/module-rotatif-2-0-hexa\/","og_locale":"fr_FR","og_type":"article","og_title":"Module rotatif 2.0 Hexa - Flux - Bomedia","og_description":"Voici le Module Rotatif 2.0 am\u00e9lior\u00e9 pour Hexa, con\u00e7u pour graver des objets cylindriques et coniques.","og_url":"https:\/\/fluxlasers.eu\/fr\/produit\/module-rotatif-2-0-hexa\/","og_site_name":"Flux - Bomedia","article_modified_time":"2026-02-27T11:29:52+00:00","og_image":[{"width":1920,"height":1280,"url":"https:\/\/fluxlasers.eu\/wp-content\/uploads\/2024\/06\/DSC00993_1_.jpg","type":"image\/jpeg"}],"twitter_card":"summary_large_image","twitter_misc":{"Dur\u00e9e de lecture estim\u00e9e":"1 minute"},"schema":{"@context":"https:\/\/schema.org","@graph":[{"@type":"WebPage","@id":"https:\/\/fluxlasers.eu\/fr\/produit\/module-rotatif-2-0-hexa\/","url":"https:\/\/fluxlasers.eu\/fr\/produit\/module-rotatif-2-0-hexa\/","name":"Module rotatif 2.0 Hexa - Flux - Bomedia","isPartOf":{"@id":"https:\/\/fluxlasers.eu\/fr\/#website"},"primaryImageOfPage":{"@id":"https:\/\/fluxlasers.eu\/fr\/produit\/module-rotatif-2-0-hexa\/#primaryimage"},"image":{"@id":"https:\/\/fluxlasers.eu\/fr\/produit\/module-rotatif-2-0-hexa\/#primaryimage"},"thumbnailUrl":"https:\/\/fluxlasers.eu\/wp-content\/uploads\/2024\/06\/DSC00993_1_.jpg","datePublished":"2024-06-04T09:44:42+00:00","dateModified":"2026-02-27T11:29:52+00:00","breadcrumb":{"@id":"https:\/\/fluxlasers.eu\/fr\/produit\/module-rotatif-2-0-hexa\/#breadcrumb"},"inLanguage":"fr-FR","potentialAction":[{"@type":"ReadAction","target":["https:\/\/fluxlasers.eu\/fr\/produit\/module-rotatif-2-0-hexa\/"]}]},{"@type":"ImageObject","inLanguage":"fr-FR","@id":"https:\/\/fluxlasers.eu\/fr\/produit\/module-rotatif-2-0-hexa\/#primaryimage","url":"https:\/\/fluxlasers.eu\/wp-content\/uploads\/2024\/06\/DSC00993_1_.jpg","contentUrl":"https:\/\/fluxlasers.eu\/wp-content\/uploads\/2024\/06\/DSC00993_1_.jpg","width":1920,"height":1280},{"@type":"BreadcrumbList","@id":"https:\/\/fluxlasers.eu\/fr\/produit\/module-rotatif-2-0-hexa\/#breadcrumb","itemListElement":[{"@type":"ListItem","position":1,"name":"Portada","item":"https:\/\/fluxlasers.eu\/fr\/accueil\/"},{"@type":"ListItem","position":2,"name":"Boutique","item":"https:\/\/fluxlasers.eu\/fr\/boutique\/"},{"@type":"ListItem","position":3,"name":"Module rotatif 2.0 Hexa"}]},{"@type":"WebSite","@id":"https:\/\/fluxlasers.eu\/fr\/#website","url":"https:\/\/fluxlasers.eu\/fr\/","name":"Flux - Bomedia","description":"D\u00e9coupeuses et graveuses laser","publisher":{"@id":"https:\/\/fluxlasers.eu\/fr\/#organization"},"potentialAction":[{"@type":"SearchAction","target":{"@type":"EntryPoint","urlTemplate":"https:\/\/fluxlasers.eu\/fr\/?s={search_term_string}"},"query-input":{"@type":"PropertyValueSpecification","valueRequired":true,"valueName":"search_term_string"}}],"inLanguage":"fr-FR"},{"@type":"Organization","@id":"https:\/\/fluxlasers.eu\/fr\/#organization","name":"Fluxlasers Espa\u00f1a","url":"https:\/\/fluxlasers.eu\/fr\/","logo":{"@type":"ImageObject","inLanguage":"fr-FR","@id":"https:\/\/fluxlasers.eu\/fr\/#\/schema\/logo\/image\/","url":"https:\/\/fluxlasers.eu\/wp-content\/uploads\/2021\/03\/logofluxspainc.png","contentUrl":"https:\/\/fluxlasers.eu\/wp-content\/uploads\/2021\/03\/logofluxspainc.png","width":350,"height":217,"caption":"Fluxlasers Espa\u00f1a"},"image":{"@id":"https:\/\/fluxlasers.eu\/fr\/#\/schema\/logo\/image\/"}}]}},"_links":{"self":[{"href":"https:\/\/fluxlasers.eu\/fr\/wp-json\/wp\/v2\/product\/6777","targetHints":{"allow":["GET"]}}],"collection":[{"href":"https:\/\/fluxlasers.eu\/fr\/wp-json\/wp\/v2\/product"}],"about":[{"href":"https:\/\/fluxlasers.eu\/fr\/wp-json\/wp\/v2\/types\/product"}],"replies":[{"embeddable":true,"href":"https:\/\/fluxlasers.eu\/fr\/wp-json\/wp\/v2\/comments?post=6777"}],"wp:featuredmedia":[{"embeddable":true,"href":"https:\/\/fluxlasers.eu\/fr\/wp-json\/wp\/v2\/media\/3594"}],"wp:attachment":[{"href":"https:\/\/fluxlasers.eu\/fr\/wp-json\/wp\/v2\/media?parent=6777"}],"wp:term":[{"taxonomy":"product_brand","embeddable":true,"href":"https:\/\/fluxlasers.eu\/fr\/wp-json\/wp\/v2\/product_brand?post=6777"},{"taxonomy":"product_cat","embeddable":true,"href":"https:\/\/fluxlasers.eu\/fr\/wp-json\/wp\/v2\/product_cat?post=6777"},{"taxonomy":"product_tag","embeddable":true,"href":"https:\/\/fluxlasers.eu\/fr\/wp-json\/wp\/v2\/product_tag?post=6777"}],"curies":[{"name":"wp","href":"https:\/\/api.w.org\/{rel}","templated":true}]}}