{"id":6677,"date":"2025-12-16T10:08:57","date_gmt":"2025-12-16T09:08:57","guid":{"rendered":"https:\/\/fluxlasers.eu\/producto\/pack-10-plaques-dacrylique-transparent-3-mm-20x30-cm\/"},"modified":"2025-12-16T10:08:57","modified_gmt":"2025-12-16T09:08:57","slug":"pack-10-plaques-dacrylique-transparent-3-mm-20x30-cm","status":"publish","type":"product","link":"https:\/\/fluxlasers.eu\/fr\/produit\/pack-10-plaques-dacrylique-transparent-3-mm-20x30-cm\/","title":{"rendered":"Pack 10 Plaques d&rsquo;Acrylique Transparent 3 mm (20\u00d730 cm)"},"content":{"rendered":"<p>Plaques d&rsquo;acrylique transparentes de 3 mm d&rsquo;\u00e9paisseur et de format 20\u00d730 cm. Haute clart\u00e9 optique et excellente r\u00e9sistance. Id\u00e9ales pour la d\u00e9coupe et la gravure laser, la signal\u00e9tique, la protection, les pr\u00e9sentoirs et les \u00e9l\u00e9ments d\u00e9coratifs avec une finition professionnelle.  <\/p>\n","protected":false},"excerpt":{"rendered":"<p>10 Plaques d&rsquo;acrylique transparentes de 3 mm d&rsquo;\u00e9paisseur et de format 20\u00d730 cm.<\/p>\n","protected":false},"featured_media":4331,"comment_status":"closed","ping_status":"closed","template":"","meta":[],"product_brand":[],"product_cat":[319],"product_tag":[],"class_list":{"0":"post-6677","1":"product","2":"type-product","3":"status-publish","4":"has-post-thumbnail","6":"product_cat-consommables","8":"first","9":"instock","10":"taxable","11":"shipping-taxable","12":"purchasable","13":"product-type-simple"},"yoast_head":"<!-- This site is optimized with the Yoast SEO plugin v27.0 - https:\/\/yoast.com\/product\/yoast-seo-wordpress\/ -->\n<title>Pack 10 Plaques d&#039;Acrylique Transparent 3 mm (20\u00d730 cm) - Flux - Bomedia<\/title>\n<meta name=\"robots\" content=\"index, follow, max-snippet:-1, max-image-preview:large, max-video-preview:-1\" \/>\n<link rel=\"canonical\" href=\"https:\/\/fluxlasers.eu\/fr\/produit\/pack-10-plaques-dacrylique-transparent-3-mm-20x30-cm\/\" \/>\n<meta property=\"og:locale\" content=\"fr_FR\" \/>\n<meta property=\"og:type\" content=\"article\" \/>\n<meta property=\"og:title\" content=\"Pack 10 Plaques d&#039;Acrylique Transparent 3 mm (20\u00d730 cm) - Flux - Bomedia\" \/>\n<meta property=\"og:description\" content=\"10 Plaques d&#039;acrylique transparentes de 3 mm d&#039;\u00e9paisseur et de format 20\u00d730 cm.\" \/>\n<meta property=\"og:url\" content=\"https:\/\/fluxlasers.eu\/fr\/produit\/pack-10-plaques-dacrylique-transparent-3-mm-20x30-cm\/\" \/>\n<meta property=\"og:site_name\" content=\"Flux - Bomedia\" \/>\n<meta property=\"og:image\" content=\"https:\/\/fluxlasers.eu\/wp-content\/uploads\/2025\/12\/metacrilattransparent.jpg\" \/>\n\t<meta property=\"og:image:width\" content=\"679\" \/>\n\t<meta property=\"og:image:height\" content=\"793\" \/>\n\t<meta property=\"og:image:type\" content=\"image\/jpeg\" \/>\n<meta name=\"twitter:card\" content=\"summary_large_image\" \/>\n<script type=\"application\/ld+json\" class=\"yoast-schema-graph\">{\"@context\":\"https:\/\/schema.org\",\"@graph\":[{\"@type\":\"WebPage\",\"@id\":\"https:\/\/fluxlasers.eu\/fr\/produit\/pack-10-plaques-dacrylique-transparent-3-mm-20x30-cm\/\",\"url\":\"https:\/\/fluxlasers.eu\/fr\/produit\/pack-10-plaques-dacrylique-transparent-3-mm-20x30-cm\/\",\"name\":\"Pack 10 Plaques d'Acrylique Transparent 3 mm (20\u00d730 cm) - Flux - Bomedia\",\"isPartOf\":{\"@id\":\"https:\/\/fluxlasers.eu\/fr\/#website\"},\"primaryImageOfPage\":{\"@id\":\"https:\/\/fluxlasers.eu\/fr\/produit\/pack-10-plaques-dacrylique-transparent-3-mm-20x30-cm\/#primaryimage\"},\"image\":{\"@id\":\"https:\/\/fluxlasers.eu\/fr\/produit\/pack-10-plaques-dacrylique-transparent-3-mm-20x30-cm\/#primaryimage\"},\"thumbnailUrl\":\"https:\/\/fluxlasers.eu\/wp-content\/uploads\/2025\/12\/metacrilattransparent.jpg\",\"datePublished\":\"2025-12-16T09:08:57+00:00\",\"breadcrumb\":{\"@id\":\"https:\/\/fluxlasers.eu\/fr\/produit\/pack-10-plaques-dacrylique-transparent-3-mm-20x30-cm\/#breadcrumb\"},\"inLanguage\":\"fr-FR\",\"potentialAction\":[{\"@type\":\"ReadAction\",\"target\":[\"https:\/\/fluxlasers.eu\/fr\/produit\/pack-10-plaques-dacrylique-transparent-3-mm-20x30-cm\/\"]}]},{\"@type\":\"ImageObject\",\"inLanguage\":\"fr-FR\",\"@id\":\"https:\/\/fluxlasers.eu\/fr\/produit\/pack-10-plaques-dacrylique-transparent-3-mm-20x30-cm\/#primaryimage\",\"url\":\"https:\/\/fluxlasers.eu\/wp-content\/uploads\/2025\/12\/metacrilattransparent.jpg\",\"contentUrl\":\"https:\/\/fluxlasers.eu\/wp-content\/uploads\/2025\/12\/metacrilattransparent.jpg\",\"width\":679,\"height\":793},{\"@type\":\"BreadcrumbList\",\"@id\":\"https:\/\/fluxlasers.eu\/fr\/produit\/pack-10-plaques-dacrylique-transparent-3-mm-20x30-cm\/#breadcrumb\",\"itemListElement\":[{\"@type\":\"ListItem\",\"position\":1,\"name\":\"Portada\",\"item\":\"https:\/\/fluxlasers.eu\/fr\/accueil\/\"},{\"@type\":\"ListItem\",\"position\":2,\"name\":\"Boutique\",\"item\":\"https:\/\/fluxlasers.eu\/fr\/boutique\/\"},{\"@type\":\"ListItem\",\"position\":3,\"name\":\"Pack 10 Plaques d&rsquo;Acrylique Transparent 3 mm (20\u00d730 cm)\"}]},{\"@type\":\"WebSite\",\"@id\":\"https:\/\/fluxlasers.eu\/fr\/#website\",\"url\":\"https:\/\/fluxlasers.eu\/fr\/\",\"name\":\"Flux - Bomedia\",\"description\":\"D\u00e9coupeuses et graveuses laser\",\"publisher\":{\"@id\":\"https:\/\/fluxlasers.eu\/fr\/#organization\"},\"potentialAction\":[{\"@type\":\"SearchAction\",\"target\":{\"@type\":\"EntryPoint\",\"urlTemplate\":\"https:\/\/fluxlasers.eu\/fr\/?s={search_term_string}\"},\"query-input\":{\"@type\":\"PropertyValueSpecification\",\"valueRequired\":true,\"valueName\":\"search_term_string\"}}],\"inLanguage\":\"fr-FR\"},{\"@type\":\"Organization\",\"@id\":\"https:\/\/fluxlasers.eu\/fr\/#organization\",\"name\":\"Fluxlasers Espa\u00f1a\",\"url\":\"https:\/\/fluxlasers.eu\/fr\/\",\"logo\":{\"@type\":\"ImageObject\",\"inLanguage\":\"fr-FR\",\"@id\":\"https:\/\/fluxlasers.eu\/fr\/#\/schema\/logo\/image\/\",\"url\":\"https:\/\/fluxlasers.eu\/wp-content\/uploads\/2021\/03\/logofluxspainc.png\",\"contentUrl\":\"https:\/\/fluxlasers.eu\/wp-content\/uploads\/2021\/03\/logofluxspainc.png\",\"width\":350,\"height\":217,\"caption\":\"Fluxlasers Espa\u00f1a\"},\"image\":{\"@id\":\"https:\/\/fluxlasers.eu\/fr\/#\/schema\/logo\/image\/\"}}]}<\/script>\n<!-- \/ Yoast SEO plugin. -->","yoast_head_json":{"title":"Pack 10 Plaques d'Acrylique Transparent 3 mm (20\u00d730 cm) - Flux - Bomedia","robots":{"index":"index","follow":"follow","max-snippet":"max-snippet:-1","max-image-preview":"max-image-preview:large","max-video-preview":"max-video-preview:-1"},"canonical":"https:\/\/fluxlasers.eu\/fr\/produit\/pack-10-plaques-dacrylique-transparent-3-mm-20x30-cm\/","og_locale":"fr_FR","og_type":"article","og_title":"Pack 10 Plaques d'Acrylique Transparent 3 mm (20\u00d730 cm) - Flux - Bomedia","og_description":"10 Plaques d'acrylique transparentes de 3 mm d'\u00e9paisseur et de format 20\u00d730 cm.","og_url":"https:\/\/fluxlasers.eu\/fr\/produit\/pack-10-plaques-dacrylique-transparent-3-mm-20x30-cm\/","og_site_name":"Flux - Bomedia","og_image":[{"width":679,"height":793,"url":"https:\/\/fluxlasers.eu\/wp-content\/uploads\/2025\/12\/metacrilattransparent.jpg","type":"image\/jpeg"}],"twitter_card":"summary_large_image","schema":{"@context":"https:\/\/schema.org","@graph":[{"@type":"WebPage","@id":"https:\/\/fluxlasers.eu\/fr\/produit\/pack-10-plaques-dacrylique-transparent-3-mm-20x30-cm\/","url":"https:\/\/fluxlasers.eu\/fr\/produit\/pack-10-plaques-dacrylique-transparent-3-mm-20x30-cm\/","name":"Pack 10 Plaques d'Acrylique Transparent 3 mm (20\u00d730 cm) - Flux - Bomedia","isPartOf":{"@id":"https:\/\/fluxlasers.eu\/fr\/#website"},"primaryImageOfPage":{"@id":"https:\/\/fluxlasers.eu\/fr\/produit\/pack-10-plaques-dacrylique-transparent-3-mm-20x30-cm\/#primaryimage"},"image":{"@id":"https:\/\/fluxlasers.eu\/fr\/produit\/pack-10-plaques-dacrylique-transparent-3-mm-20x30-cm\/#primaryimage"},"thumbnailUrl":"https:\/\/fluxlasers.eu\/wp-content\/uploads\/2025\/12\/metacrilattransparent.jpg","datePublished":"2025-12-16T09:08:57+00:00","breadcrumb":{"@id":"https:\/\/fluxlasers.eu\/fr\/produit\/pack-10-plaques-dacrylique-transparent-3-mm-20x30-cm\/#breadcrumb"},"inLanguage":"fr-FR","potentialAction":[{"@type":"ReadAction","target":["https:\/\/fluxlasers.eu\/fr\/produit\/pack-10-plaques-dacrylique-transparent-3-mm-20x30-cm\/"]}]},{"@type":"ImageObject","inLanguage":"fr-FR","@id":"https:\/\/fluxlasers.eu\/fr\/produit\/pack-10-plaques-dacrylique-transparent-3-mm-20x30-cm\/#primaryimage","url":"https:\/\/fluxlasers.eu\/wp-content\/uploads\/2025\/12\/metacrilattransparent.jpg","contentUrl":"https:\/\/fluxlasers.eu\/wp-content\/uploads\/2025\/12\/metacrilattransparent.jpg","width":679,"height":793},{"@type":"BreadcrumbList","@id":"https:\/\/fluxlasers.eu\/fr\/produit\/pack-10-plaques-dacrylique-transparent-3-mm-20x30-cm\/#breadcrumb","itemListElement":[{"@type":"ListItem","position":1,"name":"Portada","item":"https:\/\/fluxlasers.eu\/fr\/accueil\/"},{"@type":"ListItem","position":2,"name":"Boutique","item":"https:\/\/fluxlasers.eu\/fr\/boutique\/"},{"@type":"ListItem","position":3,"name":"Pack 10 Plaques d&rsquo;Acrylique Transparent 3 mm (20\u00d730 cm)"}]},{"@type":"WebSite","@id":"https:\/\/fluxlasers.eu\/fr\/#website","url":"https:\/\/fluxlasers.eu\/fr\/","name":"Flux - Bomedia","description":"D\u00e9coupeuses et graveuses laser","publisher":{"@id":"https:\/\/fluxlasers.eu\/fr\/#organization"},"potentialAction":[{"@type":"SearchAction","target":{"@type":"EntryPoint","urlTemplate":"https:\/\/fluxlasers.eu\/fr\/?s={search_term_string}"},"query-input":{"@type":"PropertyValueSpecification","valueRequired":true,"valueName":"search_term_string"}}],"inLanguage":"fr-FR"},{"@type":"Organization","@id":"https:\/\/fluxlasers.eu\/fr\/#organization","name":"Fluxlasers Espa\u00f1a","url":"https:\/\/fluxlasers.eu\/fr\/","logo":{"@type":"ImageObject","inLanguage":"fr-FR","@id":"https:\/\/fluxlasers.eu\/fr\/#\/schema\/logo\/image\/","url":"https:\/\/fluxlasers.eu\/wp-content\/uploads\/2021\/03\/logofluxspainc.png","contentUrl":"https:\/\/fluxlasers.eu\/wp-content\/uploads\/2021\/03\/logofluxspainc.png","width":350,"height":217,"caption":"Fluxlasers Espa\u00f1a"},"image":{"@id":"https:\/\/fluxlasers.eu\/fr\/#\/schema\/logo\/image\/"}}]}},"_links":{"self":[{"href":"https:\/\/fluxlasers.eu\/fr\/wp-json\/wp\/v2\/product\/6677","targetHints":{"allow":["GET"]}}],"collection":[{"href":"https:\/\/fluxlasers.eu\/fr\/wp-json\/wp\/v2\/product"}],"about":[{"href":"https:\/\/fluxlasers.eu\/fr\/wp-json\/wp\/v2\/types\/product"}],"replies":[{"embeddable":true,"href":"https:\/\/fluxlasers.eu\/fr\/wp-json\/wp\/v2\/comments?post=6677"}],"wp:featuredmedia":[{"embeddable":true,"href":"https:\/\/fluxlasers.eu\/fr\/wp-json\/wp\/v2\/media\/4331"}],"wp:attachment":[{"href":"https:\/\/fluxlasers.eu\/fr\/wp-json\/wp\/v2\/media?parent=6677"}],"wp:term":[{"taxonomy":"product_brand","embeddable":true,"href":"https:\/\/fluxlasers.eu\/fr\/wp-json\/wp\/v2\/product_brand?post=6677"},{"taxonomy":"product_cat","embeddable":true,"href":"https:\/\/fluxlasers.eu\/fr\/wp-json\/wp\/v2\/product_cat?post=6677"},{"taxonomy":"product_tag","embeddable":true,"href":"https:\/\/fluxlasers.eu\/fr\/wp-json\/wp\/v2\/product_tag?post=6677"}],"curies":[{"name":"wp","href":"https:\/\/api.w.org\/{rel}","templated":true}]}}