{"id":6596,"date":"2025-06-10T11:49:58","date_gmt":"2025-06-10T10:49:58","guid":{"rendered":"https:\/\/fluxlasers.eu\/producto\/filtre-intermediaire-flux-beam-air-pro\/"},"modified":"2025-06-10T11:49:58","modified_gmt":"2025-06-10T10:49:58","slug":"filtre-intermediaire-flux-beam-air-pro","status":"publish","type":"product","link":"https:\/\/fluxlasers.eu\/fr\/produit\/filtre-intermediaire-flux-beam-air-pro\/","title":{"rendered":"Filtre interm\u00e9diaire FLUX Beam air pro"},"content":{"rendered":"<p><strong>Filtre interm\u00e9diaire Beam Air Pro<\/strong><\/p>\n<p>Cette couche comprend un filtre HEPA H13 de qualit\u00e9 m\u00e9dicale qui couvre 6 m\u00b2 et capture efficacement les particules ultrafines jusqu&rsquo;\u00e0 0,3 micron pour purifier l&rsquo;espace.<\/p>\n<p>PM 2,5<br \/>\nPM 10<\/p>\n<p><strong>Le filtre Beam Air Pro dispose de 3 couches (temps de remplacement) :<\/strong><\/p>\n<p>Pr\u00e9filtre (4-13 heures)<br \/>\n<strong>Filtre interm\u00e9diaire (32-100 heures)<\/strong><br \/>\nFiltre avanc\u00e9 (250-800 heures)<\/p>\n","protected":false},"excerpt":{"rendered":"<p>Cette couche comprend un filtre HEPA H13 de qualit\u00e9 m\u00e9dicale qui couvre 6 m\u00b2 et capture efficacement les particules ultrafines jusqu&rsquo;\u00e0 0,3 micron pour purifier l&rsquo;espace du fabricant.<\/p>\n","protected":false},"featured_media":4065,"comment_status":"closed","ping_status":"closed","template":"","meta":[],"product_brand":[],"product_cat":[287,323],"product_tag":[],"class_list":{"0":"post-6596","1":"product","2":"type-product","3":"status-publish","4":"has-post-thumbnail","6":"product_cat-pieces-de-rechange","7":"product_cat-pieces-de-rechange-et-accessoires","9":"first","10":"instock","11":"taxable","12":"shipping-taxable","13":"purchasable","14":"product-type-simple"},"yoast_head":"<!-- This site is optimized with the Yoast SEO plugin v27.0 - https:\/\/yoast.com\/product\/yoast-seo-wordpress\/ -->\n<title>Filtre interm\u00e9diaire FLUX Beam air pro - Flux - Bomedia<\/title>\n<meta name=\"robots\" content=\"index, follow, max-snippet:-1, max-image-preview:large, max-video-preview:-1\" \/>\n<link rel=\"canonical\" href=\"https:\/\/fluxlasers.eu\/fr\/produit\/filtre-intermediaire-flux-beam-air-pro\/\" \/>\n<meta property=\"og:locale\" content=\"fr_FR\" \/>\n<meta property=\"og:type\" content=\"article\" \/>\n<meta property=\"og:title\" content=\"Filtre interm\u00e9diaire FLUX Beam air pro - Flux - Bomedia\" \/>\n<meta property=\"og:description\" content=\"Cette couche comprend un filtre HEPA H13 de qualit\u00e9 m\u00e9dicale qui couvre 6 m\u00b2 et capture efficacement les particules ultrafines jusqu&#039;\u00e0 0,3 micron pour purifier l&#039;espace du fabricant.\" \/>\n<meta property=\"og:url\" content=\"https:\/\/fluxlasers.eu\/fr\/produit\/filtre-intermediaire-flux-beam-air-pro\/\" \/>\n<meta property=\"og:site_name\" content=\"Flux - Bomedia\" \/>\n<meta property=\"og:image\" content=\"https:\/\/fluxlasers.eu\/wp-content\/uploads\/2025\/06\/flux-intermediate-filter-beam-air-pro.jpg\" \/>\n\t<meta property=\"og:image:width\" content=\"1652\" \/>\n\t<meta property=\"og:image:height\" content=\"1652\" \/>\n\t<meta property=\"og:image:type\" content=\"image\/jpeg\" \/>\n<meta name=\"twitter:card\" content=\"summary_large_image\" \/>\n<script type=\"application\/ld+json\" class=\"yoast-schema-graph\">{\"@context\":\"https:\/\/schema.org\",\"@graph\":[{\"@type\":\"WebPage\",\"@id\":\"https:\/\/fluxlasers.eu\/fr\/produit\/filtre-intermediaire-flux-beam-air-pro\/\",\"url\":\"https:\/\/fluxlasers.eu\/fr\/produit\/filtre-intermediaire-flux-beam-air-pro\/\",\"name\":\"Filtre interm\u00e9diaire FLUX Beam air pro - Flux - Bomedia\",\"isPartOf\":{\"@id\":\"https:\/\/fluxlasers.eu\/fr\/#website\"},\"primaryImageOfPage\":{\"@id\":\"https:\/\/fluxlasers.eu\/fr\/produit\/filtre-intermediaire-flux-beam-air-pro\/#primaryimage\"},\"image\":{\"@id\":\"https:\/\/fluxlasers.eu\/fr\/produit\/filtre-intermediaire-flux-beam-air-pro\/#primaryimage\"},\"thumbnailUrl\":\"https:\/\/fluxlasers.eu\/wp-content\/uploads\/2025\/06\/flux-intermediate-filter-beam-air-pro.jpg\",\"datePublished\":\"2025-06-10T10:49:58+00:00\",\"breadcrumb\":{\"@id\":\"https:\/\/fluxlasers.eu\/fr\/produit\/filtre-intermediaire-flux-beam-air-pro\/#breadcrumb\"},\"inLanguage\":\"fr-FR\",\"potentialAction\":[{\"@type\":\"ReadAction\",\"target\":[\"https:\/\/fluxlasers.eu\/fr\/produit\/filtre-intermediaire-flux-beam-air-pro\/\"]}]},{\"@type\":\"ImageObject\",\"inLanguage\":\"fr-FR\",\"@id\":\"https:\/\/fluxlasers.eu\/fr\/produit\/filtre-intermediaire-flux-beam-air-pro\/#primaryimage\",\"url\":\"https:\/\/fluxlasers.eu\/wp-content\/uploads\/2025\/06\/flux-intermediate-filter-beam-air-pro.jpg\",\"contentUrl\":\"https:\/\/fluxlasers.eu\/wp-content\/uploads\/2025\/06\/flux-intermediate-filter-beam-air-pro.jpg\",\"width\":1652,\"height\":1652},{\"@type\":\"BreadcrumbList\",\"@id\":\"https:\/\/fluxlasers.eu\/fr\/produit\/filtre-intermediaire-flux-beam-air-pro\/#breadcrumb\",\"itemListElement\":[{\"@type\":\"ListItem\",\"position\":1,\"name\":\"Portada\",\"item\":\"https:\/\/fluxlasers.eu\/fr\/accueil\/\"},{\"@type\":\"ListItem\",\"position\":2,\"name\":\"Boutique\",\"item\":\"https:\/\/fluxlasers.eu\/fr\/boutique\/\"},{\"@type\":\"ListItem\",\"position\":3,\"name\":\"Filtre interm\u00e9diaire FLUX Beam air pro\"}]},{\"@type\":\"WebSite\",\"@id\":\"https:\/\/fluxlasers.eu\/fr\/#website\",\"url\":\"https:\/\/fluxlasers.eu\/fr\/\",\"name\":\"Flux - Bomedia\",\"description\":\"D\u00e9coupeuses et graveuses laser\",\"publisher\":{\"@id\":\"https:\/\/fluxlasers.eu\/fr\/#organization\"},\"potentialAction\":[{\"@type\":\"SearchAction\",\"target\":{\"@type\":\"EntryPoint\",\"urlTemplate\":\"https:\/\/fluxlasers.eu\/fr\/?s={search_term_string}\"},\"query-input\":{\"@type\":\"PropertyValueSpecification\",\"valueRequired\":true,\"valueName\":\"search_term_string\"}}],\"inLanguage\":\"fr-FR\"},{\"@type\":\"Organization\",\"@id\":\"https:\/\/fluxlasers.eu\/fr\/#organization\",\"name\":\"Fluxlasers Espa\u00f1a\",\"url\":\"https:\/\/fluxlasers.eu\/fr\/\",\"logo\":{\"@type\":\"ImageObject\",\"inLanguage\":\"fr-FR\",\"@id\":\"https:\/\/fluxlasers.eu\/fr\/#\/schema\/logo\/image\/\",\"url\":\"https:\/\/fluxlasers.eu\/wp-content\/uploads\/2021\/03\/logofluxspainc.png\",\"contentUrl\":\"https:\/\/fluxlasers.eu\/wp-content\/uploads\/2021\/03\/logofluxspainc.png\",\"width\":350,\"height\":217,\"caption\":\"Fluxlasers Espa\u00f1a\"},\"image\":{\"@id\":\"https:\/\/fluxlasers.eu\/fr\/#\/schema\/logo\/image\/\"}}]}<\/script>\n<!-- \/ Yoast SEO plugin. -->","yoast_head_json":{"title":"Filtre interm\u00e9diaire FLUX Beam air pro - Flux - Bomedia","robots":{"index":"index","follow":"follow","max-snippet":"max-snippet:-1","max-image-preview":"max-image-preview:large","max-video-preview":"max-video-preview:-1"},"canonical":"https:\/\/fluxlasers.eu\/fr\/produit\/filtre-intermediaire-flux-beam-air-pro\/","og_locale":"fr_FR","og_type":"article","og_title":"Filtre interm\u00e9diaire FLUX Beam air pro - Flux - Bomedia","og_description":"Cette couche comprend un filtre HEPA H13 de qualit\u00e9 m\u00e9dicale qui couvre 6 m\u00b2 et capture efficacement les particules ultrafines jusqu'\u00e0 0,3 micron pour purifier l'espace du fabricant.","og_url":"https:\/\/fluxlasers.eu\/fr\/produit\/filtre-intermediaire-flux-beam-air-pro\/","og_site_name":"Flux - Bomedia","og_image":[{"width":1652,"height":1652,"url":"https:\/\/fluxlasers.eu\/wp-content\/uploads\/2025\/06\/flux-intermediate-filter-beam-air-pro.jpg","type":"image\/jpeg"}],"twitter_card":"summary_large_image","schema":{"@context":"https:\/\/schema.org","@graph":[{"@type":"WebPage","@id":"https:\/\/fluxlasers.eu\/fr\/produit\/filtre-intermediaire-flux-beam-air-pro\/","url":"https:\/\/fluxlasers.eu\/fr\/produit\/filtre-intermediaire-flux-beam-air-pro\/","name":"Filtre interm\u00e9diaire FLUX Beam air pro - Flux - Bomedia","isPartOf":{"@id":"https:\/\/fluxlasers.eu\/fr\/#website"},"primaryImageOfPage":{"@id":"https:\/\/fluxlasers.eu\/fr\/produit\/filtre-intermediaire-flux-beam-air-pro\/#primaryimage"},"image":{"@id":"https:\/\/fluxlasers.eu\/fr\/produit\/filtre-intermediaire-flux-beam-air-pro\/#primaryimage"},"thumbnailUrl":"https:\/\/fluxlasers.eu\/wp-content\/uploads\/2025\/06\/flux-intermediate-filter-beam-air-pro.jpg","datePublished":"2025-06-10T10:49:58+00:00","breadcrumb":{"@id":"https:\/\/fluxlasers.eu\/fr\/produit\/filtre-intermediaire-flux-beam-air-pro\/#breadcrumb"},"inLanguage":"fr-FR","potentialAction":[{"@type":"ReadAction","target":["https:\/\/fluxlasers.eu\/fr\/produit\/filtre-intermediaire-flux-beam-air-pro\/"]}]},{"@type":"ImageObject","inLanguage":"fr-FR","@id":"https:\/\/fluxlasers.eu\/fr\/produit\/filtre-intermediaire-flux-beam-air-pro\/#primaryimage","url":"https:\/\/fluxlasers.eu\/wp-content\/uploads\/2025\/06\/flux-intermediate-filter-beam-air-pro.jpg","contentUrl":"https:\/\/fluxlasers.eu\/wp-content\/uploads\/2025\/06\/flux-intermediate-filter-beam-air-pro.jpg","width":1652,"height":1652},{"@type":"BreadcrumbList","@id":"https:\/\/fluxlasers.eu\/fr\/produit\/filtre-intermediaire-flux-beam-air-pro\/#breadcrumb","itemListElement":[{"@type":"ListItem","position":1,"name":"Portada","item":"https:\/\/fluxlasers.eu\/fr\/accueil\/"},{"@type":"ListItem","position":2,"name":"Boutique","item":"https:\/\/fluxlasers.eu\/fr\/boutique\/"},{"@type":"ListItem","position":3,"name":"Filtre interm\u00e9diaire FLUX Beam air pro"}]},{"@type":"WebSite","@id":"https:\/\/fluxlasers.eu\/fr\/#website","url":"https:\/\/fluxlasers.eu\/fr\/","name":"Flux - Bomedia","description":"D\u00e9coupeuses et graveuses laser","publisher":{"@id":"https:\/\/fluxlasers.eu\/fr\/#organization"},"potentialAction":[{"@type":"SearchAction","target":{"@type":"EntryPoint","urlTemplate":"https:\/\/fluxlasers.eu\/fr\/?s={search_term_string}"},"query-input":{"@type":"PropertyValueSpecification","valueRequired":true,"valueName":"search_term_string"}}],"inLanguage":"fr-FR"},{"@type":"Organization","@id":"https:\/\/fluxlasers.eu\/fr\/#organization","name":"Fluxlasers Espa\u00f1a","url":"https:\/\/fluxlasers.eu\/fr\/","logo":{"@type":"ImageObject","inLanguage":"fr-FR","@id":"https:\/\/fluxlasers.eu\/fr\/#\/schema\/logo\/image\/","url":"https:\/\/fluxlasers.eu\/wp-content\/uploads\/2021\/03\/logofluxspainc.png","contentUrl":"https:\/\/fluxlasers.eu\/wp-content\/uploads\/2021\/03\/logofluxspainc.png","width":350,"height":217,"caption":"Fluxlasers Espa\u00f1a"},"image":{"@id":"https:\/\/fluxlasers.eu\/fr\/#\/schema\/logo\/image\/"}}]}},"_links":{"self":[{"href":"https:\/\/fluxlasers.eu\/fr\/wp-json\/wp\/v2\/product\/6596","targetHints":{"allow":["GET"]}}],"collection":[{"href":"https:\/\/fluxlasers.eu\/fr\/wp-json\/wp\/v2\/product"}],"about":[{"href":"https:\/\/fluxlasers.eu\/fr\/wp-json\/wp\/v2\/types\/product"}],"replies":[{"embeddable":true,"href":"https:\/\/fluxlasers.eu\/fr\/wp-json\/wp\/v2\/comments?post=6596"}],"wp:featuredmedia":[{"embeddable":true,"href":"https:\/\/fluxlasers.eu\/fr\/wp-json\/wp\/v2\/media\/4065"}],"wp:attachment":[{"href":"https:\/\/fluxlasers.eu\/fr\/wp-json\/wp\/v2\/media?parent=6596"}],"wp:term":[{"taxonomy":"product_brand","embeddable":true,"href":"https:\/\/fluxlasers.eu\/fr\/wp-json\/wp\/v2\/product_brand?post=6596"},{"taxonomy":"product_cat","embeddable":true,"href":"https:\/\/fluxlasers.eu\/fr\/wp-json\/wp\/v2\/product_cat?post=6596"},{"taxonomy":"product_tag","embeddable":true,"href":"https:\/\/fluxlasers.eu\/fr\/wp-json\/wp\/v2\/product_tag?post=6596"}],"curies":[{"name":"wp","href":"https:\/\/api.w.org\/{rel}","templated":true}]}}