{"id":11164,"date":"2026-02-06T10:22:01","date_gmt":"2026-02-06T09:22:01","guid":{"rendered":"https:\/\/fluxlasers.eu\/producto\/carte-rk3128-piece-courante-preciser-le-modele-de-la-machine\/"},"modified":"2026-02-06T10:22:01","modified_gmt":"2026-02-06T09:22:01","slug":"carte-rk3128-piece-courante-preciser-le-modele-de-la-machine","status":"publish","type":"product","link":"https:\/\/fluxlasers.eu\/fr\/produit\/carte-rk3128-piece-courante-preciser-le-modele-de-la-machine\/","title":{"rendered":"Carte RK3128 (pi\u00e8ce courante, pr\u00e9ciser le mod\u00e8le de la machine)"},"content":{"rendered":"","protected":false},"excerpt":{"rendered":"<p><strong>ES:<\/strong> Pi\u00e8ce de rechange : carte RK3128 (pi\u00e8ce courante, pr\u00e9ciser le mod\u00e8le de la machine). SKU MOD-12001. <\/p>\n<p><strong>EN:<\/strong> Pi\u00e8ce de rechange : carte RK 3128 (pi\u00e8ce courante \u2013 veuillez pr\u00e9ciser le mod\u00e8le de votre machine). SKU MOD-12001. <\/p>\n","protected":false},"featured_media":5071,"comment_status":"open","ping_status":"closed","template":"","meta":[],"product_brand":[],"product_cat":[287,297,288],"product_tag":[],"class_list":{"0":"post-11164","1":"product","2":"type-product","3":"status-publish","4":"has-post-thumbnail","6":"product_cat-pieces-de-rechange","7":"product_cat-pieces-de-rechange-ador","8":"product_cat-pieces-de-rechange-beambox","10":"first","11":"instock","12":"taxable","13":"shipping-taxable","14":"purchasable","15":"product-type-simple"},"yoast_head":"<!-- This site is optimized with the Yoast SEO plugin v27.0 - https:\/\/yoast.com\/product\/yoast-seo-wordpress\/ -->\n<title>Carte RK3128 (pi\u00e8ce courante, pr\u00e9ciser le mod\u00e8le de la machine) - Flux - Bomedia<\/title>\n<meta name=\"robots\" content=\"index, follow, max-snippet:-1, max-image-preview:large, max-video-preview:-1\" \/>\n<link rel=\"canonical\" href=\"https:\/\/fluxlasers.eu\/fr\/produit\/carte-rk3128-piece-courante-preciser-le-modele-de-la-machine\/\" \/>\n<meta property=\"og:locale\" content=\"fr_FR\" \/>\n<meta property=\"og:type\" content=\"article\" \/>\n<meta property=\"og:title\" content=\"Carte RK3128 (pi\u00e8ce courante, pr\u00e9ciser le mod\u00e8le de la machine) - Flux - Bomedia\" \/>\n<meta property=\"og:description\" content=\"ES: Pi\u00e8ce de rechange : carte RK3128 (pi\u00e8ce courante, pr\u00e9ciser le mod\u00e8le de la machine). SKU MOD-12001. EN: Pi\u00e8ce de rechange : carte RK 3128 (pi\u00e8ce courante \u2013 veuillez pr\u00e9ciser le mod\u00e8le de votre machine). SKU MOD-12001.\" \/>\n<meta property=\"og:url\" content=\"https:\/\/fluxlasers.eu\/fr\/produit\/carte-rk3128-piece-courante-preciser-le-modele-de-la-machine\/\" \/>\n<meta property=\"og:site_name\" content=\"Flux - Bomedia\" \/>\n<meta property=\"og:image\" content=\"https:\/\/fluxlasers.eu\/wp-content\/uploads\/2026\/02\/MOD-12001_1.jpg-1.webp\" \/>\n\t<meta property=\"og:image:width\" content=\"1437\" \/>\n\t<meta property=\"og:image:height\" content=\"1920\" \/>\n\t<meta property=\"og:image:type\" content=\"image\/webp\" \/>\n<meta name=\"twitter:card\" content=\"summary_large_image\" \/>\n<script type=\"application\/ld+json\" class=\"yoast-schema-graph\">{\"@context\":\"https:\/\/schema.org\",\"@graph\":[{\"@type\":\"WebPage\",\"@id\":\"https:\/\/fluxlasers.eu\/fr\/produit\/carte-rk3128-piece-courante-preciser-le-modele-de-la-machine\/\",\"url\":\"https:\/\/fluxlasers.eu\/fr\/produit\/carte-rk3128-piece-courante-preciser-le-modele-de-la-machine\/\",\"name\":\"Carte RK3128 (pi\u00e8ce courante, pr\u00e9ciser le mod\u00e8le de la machine) - Flux - Bomedia\",\"isPartOf\":{\"@id\":\"https:\/\/fluxlasers.eu\/fr\/#website\"},\"primaryImageOfPage\":{\"@id\":\"https:\/\/fluxlasers.eu\/fr\/produit\/carte-rk3128-piece-courante-preciser-le-modele-de-la-machine\/#primaryimage\"},\"image\":{\"@id\":\"https:\/\/fluxlasers.eu\/fr\/produit\/carte-rk3128-piece-courante-preciser-le-modele-de-la-machine\/#primaryimage\"},\"thumbnailUrl\":\"https:\/\/fluxlasers.eu\/wp-content\/uploads\/2026\/02\/MOD-12001_1.jpg-1.webp\",\"datePublished\":\"2026-02-06T09:22:01+00:00\",\"breadcrumb\":{\"@id\":\"https:\/\/fluxlasers.eu\/fr\/produit\/carte-rk3128-piece-courante-preciser-le-modele-de-la-machine\/#breadcrumb\"},\"inLanguage\":\"fr-FR\",\"potentialAction\":[{\"@type\":\"ReadAction\",\"target\":[\"https:\/\/fluxlasers.eu\/fr\/produit\/carte-rk3128-piece-courante-preciser-le-modele-de-la-machine\/\"]}]},{\"@type\":\"ImageObject\",\"inLanguage\":\"fr-FR\",\"@id\":\"https:\/\/fluxlasers.eu\/fr\/produit\/carte-rk3128-piece-courante-preciser-le-modele-de-la-machine\/#primaryimage\",\"url\":\"https:\/\/fluxlasers.eu\/wp-content\/uploads\/2026\/02\/MOD-12001_1.jpg-1.webp\",\"contentUrl\":\"https:\/\/fluxlasers.eu\/wp-content\/uploads\/2026\/02\/MOD-12001_1.jpg-1.webp\",\"width\":1437,\"height\":1920},{\"@type\":\"BreadcrumbList\",\"@id\":\"https:\/\/fluxlasers.eu\/fr\/produit\/carte-rk3128-piece-courante-preciser-le-modele-de-la-machine\/#breadcrumb\",\"itemListElement\":[{\"@type\":\"ListItem\",\"position\":1,\"name\":\"Portada\",\"item\":\"https:\/\/fluxlasers.eu\/fr\/accueil\/\"},{\"@type\":\"ListItem\",\"position\":2,\"name\":\"Boutique\",\"item\":\"https:\/\/fluxlasers.eu\/fr\/boutique\/\"},{\"@type\":\"ListItem\",\"position\":3,\"name\":\"Carte RK3128 (pi\u00e8ce courante, pr\u00e9ciser le mod\u00e8le de la machine)\"}]},{\"@type\":\"WebSite\",\"@id\":\"https:\/\/fluxlasers.eu\/fr\/#website\",\"url\":\"https:\/\/fluxlasers.eu\/fr\/\",\"name\":\"Flux - Bomedia\",\"description\":\"D\u00e9coupeuses et graveuses laser\",\"publisher\":{\"@id\":\"https:\/\/fluxlasers.eu\/fr\/#organization\"},\"potentialAction\":[{\"@type\":\"SearchAction\",\"target\":{\"@type\":\"EntryPoint\",\"urlTemplate\":\"https:\/\/fluxlasers.eu\/fr\/?s={search_term_string}\"},\"query-input\":{\"@type\":\"PropertyValueSpecification\",\"valueRequired\":true,\"valueName\":\"search_term_string\"}}],\"inLanguage\":\"fr-FR\"},{\"@type\":\"Organization\",\"@id\":\"https:\/\/fluxlasers.eu\/fr\/#organization\",\"name\":\"Fluxlasers Espa\u00f1a\",\"url\":\"https:\/\/fluxlasers.eu\/fr\/\",\"logo\":{\"@type\":\"ImageObject\",\"inLanguage\":\"fr-FR\",\"@id\":\"https:\/\/fluxlasers.eu\/fr\/#\/schema\/logo\/image\/\",\"url\":\"https:\/\/fluxlasers.eu\/wp-content\/uploads\/2021\/03\/logofluxspainc.png\",\"contentUrl\":\"https:\/\/fluxlasers.eu\/wp-content\/uploads\/2021\/03\/logofluxspainc.png\",\"width\":350,\"height\":217,\"caption\":\"Fluxlasers Espa\u00f1a\"},\"image\":{\"@id\":\"https:\/\/fluxlasers.eu\/fr\/#\/schema\/logo\/image\/\"}}]}<\/script>\n<!-- \/ Yoast SEO plugin. -->","yoast_head_json":{"title":"Carte RK3128 (pi\u00e8ce courante, pr\u00e9ciser le mod\u00e8le de la machine) - Flux - Bomedia","robots":{"index":"index","follow":"follow","max-snippet":"max-snippet:-1","max-image-preview":"max-image-preview:large","max-video-preview":"max-video-preview:-1"},"canonical":"https:\/\/fluxlasers.eu\/fr\/produit\/carte-rk3128-piece-courante-preciser-le-modele-de-la-machine\/","og_locale":"fr_FR","og_type":"article","og_title":"Carte RK3128 (pi\u00e8ce courante, pr\u00e9ciser le mod\u00e8le de la machine) - Flux - Bomedia","og_description":"ES: Pi\u00e8ce de rechange : carte RK3128 (pi\u00e8ce courante, pr\u00e9ciser le mod\u00e8le de la machine). SKU MOD-12001. EN: Pi\u00e8ce de rechange : carte RK 3128 (pi\u00e8ce courante \u2013 veuillez pr\u00e9ciser le mod\u00e8le de votre machine). SKU MOD-12001.","og_url":"https:\/\/fluxlasers.eu\/fr\/produit\/carte-rk3128-piece-courante-preciser-le-modele-de-la-machine\/","og_site_name":"Flux - Bomedia","og_image":[{"width":1437,"height":1920,"url":"https:\/\/fluxlasers.eu\/wp-content\/uploads\/2026\/02\/MOD-12001_1.jpg-1.webp","type":"image\/webp"}],"twitter_card":"summary_large_image","schema":{"@context":"https:\/\/schema.org","@graph":[{"@type":"WebPage","@id":"https:\/\/fluxlasers.eu\/fr\/produit\/carte-rk3128-piece-courante-preciser-le-modele-de-la-machine\/","url":"https:\/\/fluxlasers.eu\/fr\/produit\/carte-rk3128-piece-courante-preciser-le-modele-de-la-machine\/","name":"Carte RK3128 (pi\u00e8ce courante, pr\u00e9ciser le mod\u00e8le de la machine) - Flux - Bomedia","isPartOf":{"@id":"https:\/\/fluxlasers.eu\/fr\/#website"},"primaryImageOfPage":{"@id":"https:\/\/fluxlasers.eu\/fr\/produit\/carte-rk3128-piece-courante-preciser-le-modele-de-la-machine\/#primaryimage"},"image":{"@id":"https:\/\/fluxlasers.eu\/fr\/produit\/carte-rk3128-piece-courante-preciser-le-modele-de-la-machine\/#primaryimage"},"thumbnailUrl":"https:\/\/fluxlasers.eu\/wp-content\/uploads\/2026\/02\/MOD-12001_1.jpg-1.webp","datePublished":"2026-02-06T09:22:01+00:00","breadcrumb":{"@id":"https:\/\/fluxlasers.eu\/fr\/produit\/carte-rk3128-piece-courante-preciser-le-modele-de-la-machine\/#breadcrumb"},"inLanguage":"fr-FR","potentialAction":[{"@type":"ReadAction","target":["https:\/\/fluxlasers.eu\/fr\/produit\/carte-rk3128-piece-courante-preciser-le-modele-de-la-machine\/"]}]},{"@type":"ImageObject","inLanguage":"fr-FR","@id":"https:\/\/fluxlasers.eu\/fr\/produit\/carte-rk3128-piece-courante-preciser-le-modele-de-la-machine\/#primaryimage","url":"https:\/\/fluxlasers.eu\/wp-content\/uploads\/2026\/02\/MOD-12001_1.jpg-1.webp","contentUrl":"https:\/\/fluxlasers.eu\/wp-content\/uploads\/2026\/02\/MOD-12001_1.jpg-1.webp","width":1437,"height":1920},{"@type":"BreadcrumbList","@id":"https:\/\/fluxlasers.eu\/fr\/produit\/carte-rk3128-piece-courante-preciser-le-modele-de-la-machine\/#breadcrumb","itemListElement":[{"@type":"ListItem","position":1,"name":"Portada","item":"https:\/\/fluxlasers.eu\/fr\/accueil\/"},{"@type":"ListItem","position":2,"name":"Boutique","item":"https:\/\/fluxlasers.eu\/fr\/boutique\/"},{"@type":"ListItem","position":3,"name":"Carte RK3128 (pi\u00e8ce courante, pr\u00e9ciser le mod\u00e8le de la machine)"}]},{"@type":"WebSite","@id":"https:\/\/fluxlasers.eu\/fr\/#website","url":"https:\/\/fluxlasers.eu\/fr\/","name":"Flux - Bomedia","description":"D\u00e9coupeuses et graveuses laser","publisher":{"@id":"https:\/\/fluxlasers.eu\/fr\/#organization"},"potentialAction":[{"@type":"SearchAction","target":{"@type":"EntryPoint","urlTemplate":"https:\/\/fluxlasers.eu\/fr\/?s={search_term_string}"},"query-input":{"@type":"PropertyValueSpecification","valueRequired":true,"valueName":"search_term_string"}}],"inLanguage":"fr-FR"},{"@type":"Organization","@id":"https:\/\/fluxlasers.eu\/fr\/#organization","name":"Fluxlasers Espa\u00f1a","url":"https:\/\/fluxlasers.eu\/fr\/","logo":{"@type":"ImageObject","inLanguage":"fr-FR","@id":"https:\/\/fluxlasers.eu\/fr\/#\/schema\/logo\/image\/","url":"https:\/\/fluxlasers.eu\/wp-content\/uploads\/2021\/03\/logofluxspainc.png","contentUrl":"https:\/\/fluxlasers.eu\/wp-content\/uploads\/2021\/03\/logofluxspainc.png","width":350,"height":217,"caption":"Fluxlasers Espa\u00f1a"},"image":{"@id":"https:\/\/fluxlasers.eu\/fr\/#\/schema\/logo\/image\/"}}]}},"_links":{"self":[{"href":"https:\/\/fluxlasers.eu\/fr\/wp-json\/wp\/v2\/product\/11164","targetHints":{"allow":["GET"]}}],"collection":[{"href":"https:\/\/fluxlasers.eu\/fr\/wp-json\/wp\/v2\/product"}],"about":[{"href":"https:\/\/fluxlasers.eu\/fr\/wp-json\/wp\/v2\/types\/product"}],"replies":[{"embeddable":true,"href":"https:\/\/fluxlasers.eu\/fr\/wp-json\/wp\/v2\/comments?post=11164"}],"wp:featuredmedia":[{"embeddable":true,"href":"https:\/\/fluxlasers.eu\/fr\/wp-json\/wp\/v2\/media\/5071"}],"wp:attachment":[{"href":"https:\/\/fluxlasers.eu\/fr\/wp-json\/wp\/v2\/media?parent=11164"}],"wp:term":[{"taxonomy":"product_brand","embeddable":true,"href":"https:\/\/fluxlasers.eu\/fr\/wp-json\/wp\/v2\/product_brand?post=11164"},{"taxonomy":"product_cat","embeddable":true,"href":"https:\/\/fluxlasers.eu\/fr\/wp-json\/wp\/v2\/product_cat?post=11164"},{"taxonomy":"product_tag","embeddable":true,"href":"https:\/\/fluxlasers.eu\/fr\/wp-json\/wp\/v2\/product_tag?post=11164"}],"curies":[{"name":"wp","href":"https:\/\/api.w.org\/{rel}","templated":true}]}}