{"id":10934,"date":"2020-08-19T03:21:08","date_gmt":"2020-08-19T02:21:08","guid":{"rendered":"https:\/\/fluxlasers.eu\/producto\/filtre-beam-air-2-0-connexion-automatique\/"},"modified":"2020-08-19T03:21:08","modified_gmt":"2020-08-19T02:21:08","slug":"filtre-beam-air-2-0-connexion-automatique","status":"publish","type":"product","link":"https:\/\/fluxlasers.eu\/fr\/produit\/filtre-beam-air-2-0-connexion-automatique\/","title":{"rendered":"Filtre Beam Air 2.0 \u2013 Connexion automatique"},"content":{"rendered":"<p>Notre filtre Beamair 2.0 a \u00e9t\u00e9 mis \u00e0 jour avec une couche de filtration suppl\u00e9mentaire pour une protection accrue et un air plus pur.<\/p>\n<p>Le filtre s&rsquo;installe facilement sur votre Beamo, Beambox et Beambox Pro. Votre filtre est pr\u00eat \u00e0 brancher et \u00e0 utiliser sans aucune configuration.<\/p>\n<p>Le filtre Beamair 2.0 dispose de 4 couches de filtration :<\/p>\n<p><a href=\"https:\/\/fluxlasers.eu\/fr\/producto\/prefiltre-beam-air-de-rechange-4-pcs\/\">Pr\u00e9filtre <\/a> 10 \u2013 30 h<br \/>\n<a href=\"https:\/\/fluxlasers.eu\/fr\/producto\/filtre-a-efficacite-moyenne-pour-beam-air\/\">Filtre \u00e0 efficacit\u00e9 moyenne<\/a> 50 \u2013 150 h<br \/>\n<a href=\"https:\/\/fluxlasers.eu\/fr\/producto\/filtre-hepa-h13-de-remplacement-pour-beam-air\/\">Filtre HEPA H13<\/a> 100 \u2013 300 h<br \/>\n<a href=\"https:\/\/fluxlasers.eu\/fr\/producto\/filtre-a-charbon-de-rechange-pour-beam-air\/\">Filtre \u00e0 charbon actif<\/a> 300 \u2013 600 h<\/p>\n","protected":false},"excerpt":{"rendered":"<p>Notre filtre Beamair 2.0 a \u00e9t\u00e9 mis \u00e0 jour avec une couche de filtration suppl\u00e9mentaire pour une protection accrue et un air plus pur.<\/p>\n","protected":false},"featured_media":1434,"comment_status":"open","ping_status":"closed","template":"","meta":[],"product_brand":[],"product_cat":[324,325,340],"product_tag":[],"class_list":{"0":"post-10934","1":"product","2":"type-product","3":"status-publish","4":"has-post-thumbnail","6":"product_cat-accessoires","7":"product_cat-accessoires-beambox","8":"product_cat-accessoires-beamo","9":"product_shipping_class-machines","11":"first","12":"instock","13":"featured","14":"taxable","15":"shipping-taxable","16":"purchasable","17":"product-type-simple"},"yoast_head":"<!-- This site is optimized with the Yoast SEO plugin v27.0 - https:\/\/yoast.com\/product\/yoast-seo-wordpress\/ -->\n<title>Filtre pour lasers Flux (Beamo, Beambox et Beambox Pro)<\/title>\n<meta name=\"description\" content=\"Notre filtre Beamair 2.0 a \u00e9t\u00e9 mis \u00e0 jour avec une couche de filtration suppl\u00e9mentaire pour une protection accrue et un air plus pur.\" \/>\n<meta name=\"robots\" content=\"index, follow, max-snippet:-1, max-image-preview:large, max-video-preview:-1\" \/>\n<link rel=\"canonical\" href=\"https:\/\/fluxlasers.eu\/fr\/produit\/filtre-beam-air-2-0-connexion-automatique\/\" \/>\n<meta property=\"og:locale\" content=\"fr_FR\" \/>\n<meta property=\"og:type\" content=\"article\" \/>\n<meta property=\"og:title\" content=\"Filtre pour lasers Flux (Beamo, Beambox et Beambox Pro)\" \/>\n<meta property=\"og:description\" content=\"Notre filtre Beamair 2.0 a \u00e9t\u00e9 mis \u00e0 jour avec une couche de filtration suppl\u00e9mentaire pour une protection accrue et un air plus pur.\" \/>\n<meta property=\"og:url\" content=\"https:\/\/fluxlasers.eu\/fr\/produit\/filtre-beam-air-2-0-connexion-automatique\/\" \/>\n<meta property=\"og:site_name\" content=\"Flux - Bomedia\" \/>\n<meta property=\"og:image\" content=\"https:\/\/fluxlasers.eu\/wp-content\/uploads\/2021\/01\/flux-medium-efficiency-filter-replacement-beam-air4.png\" \/>\n\t<meta property=\"og:image:width\" content=\"1200\" \/>\n\t<meta property=\"og:image:height\" content=\"1086\" \/>\n\t<meta property=\"og:image:type\" content=\"image\/png\" \/>\n<meta name=\"twitter:card\" content=\"summary_large_image\" \/>\n<script type=\"application\/ld+json\" class=\"yoast-schema-graph\">{\"@context\":\"https:\/\/schema.org\",\"@graph\":[{\"@type\":\"WebPage\",\"@id\":\"https:\/\/fluxlasers.eu\/fr\/produit\/filtre-beam-air-2-0-connexion-automatique\/\",\"url\":\"https:\/\/fluxlasers.eu\/fr\/produit\/filtre-beam-air-2-0-connexion-automatique\/\",\"name\":\"Filtre pour lasers Flux (Beamo, Beambox et Beambox Pro)\",\"isPartOf\":{\"@id\":\"https:\/\/fluxlasers.eu\/fr\/#website\"},\"primaryImageOfPage\":{\"@id\":\"https:\/\/fluxlasers.eu\/fr\/produit\/filtre-beam-air-2-0-connexion-automatique\/#primaryimage\"},\"image\":{\"@id\":\"https:\/\/fluxlasers.eu\/fr\/produit\/filtre-beam-air-2-0-connexion-automatique\/#primaryimage\"},\"thumbnailUrl\":\"https:\/\/fluxlasers.eu\/wp-content\/uploads\/2021\/01\/flux-medium-efficiency-filter-replacement-beam-air4.png\",\"datePublished\":\"2020-08-19T02:21:08+00:00\",\"description\":\"Notre filtre Beamair 2.0 a \u00e9t\u00e9 mis \u00e0 jour avec une couche de filtration suppl\u00e9mentaire pour une protection accrue et un air plus pur.\",\"breadcrumb\":{\"@id\":\"https:\/\/fluxlasers.eu\/fr\/produit\/filtre-beam-air-2-0-connexion-automatique\/#breadcrumb\"},\"inLanguage\":\"fr-FR\",\"potentialAction\":[{\"@type\":\"ReadAction\",\"target\":[\"https:\/\/fluxlasers.eu\/fr\/produit\/filtre-beam-air-2-0-connexion-automatique\/\"]}]},{\"@type\":\"ImageObject\",\"inLanguage\":\"fr-FR\",\"@id\":\"https:\/\/fluxlasers.eu\/fr\/produit\/filtre-beam-air-2-0-connexion-automatique\/#primaryimage\",\"url\":\"https:\/\/fluxlasers.eu\/wp-content\/uploads\/2021\/01\/flux-medium-efficiency-filter-replacement-beam-air4.png\",\"contentUrl\":\"https:\/\/fluxlasers.eu\/wp-content\/uploads\/2021\/01\/flux-medium-efficiency-filter-replacement-beam-air4.png\",\"width\":1200,\"height\":1086},{\"@type\":\"BreadcrumbList\",\"@id\":\"https:\/\/fluxlasers.eu\/fr\/produit\/filtre-beam-air-2-0-connexion-automatique\/#breadcrumb\",\"itemListElement\":[{\"@type\":\"ListItem\",\"position\":1,\"name\":\"Portada\",\"item\":\"https:\/\/fluxlasers.eu\/fr\/accueil\/\"},{\"@type\":\"ListItem\",\"position\":2,\"name\":\"Boutique\",\"item\":\"https:\/\/fluxlasers.eu\/fr\/boutique\/\"},{\"@type\":\"ListItem\",\"position\":3,\"name\":\"Filtre Beam Air 2.0 &#8211; Connexion automatique\"}]},{\"@type\":\"WebSite\",\"@id\":\"https:\/\/fluxlasers.eu\/fr\/#website\",\"url\":\"https:\/\/fluxlasers.eu\/fr\/\",\"name\":\"Flux - Bomedia\",\"description\":\"D\u00e9coupeuses et graveuses laser\",\"publisher\":{\"@id\":\"https:\/\/fluxlasers.eu\/fr\/#organization\"},\"potentialAction\":[{\"@type\":\"SearchAction\",\"target\":{\"@type\":\"EntryPoint\",\"urlTemplate\":\"https:\/\/fluxlasers.eu\/fr\/?s={search_term_string}\"},\"query-input\":{\"@type\":\"PropertyValueSpecification\",\"valueRequired\":true,\"valueName\":\"search_term_string\"}}],\"inLanguage\":\"fr-FR\"},{\"@type\":\"Organization\",\"@id\":\"https:\/\/fluxlasers.eu\/fr\/#organization\",\"name\":\"Fluxlasers Espa\u00f1a\",\"url\":\"https:\/\/fluxlasers.eu\/fr\/\",\"logo\":{\"@type\":\"ImageObject\",\"inLanguage\":\"fr-FR\",\"@id\":\"https:\/\/fluxlasers.eu\/fr\/#\/schema\/logo\/image\/\",\"url\":\"https:\/\/fluxlasers.eu\/wp-content\/uploads\/2021\/03\/logofluxspainc.png\",\"contentUrl\":\"https:\/\/fluxlasers.eu\/wp-content\/uploads\/2021\/03\/logofluxspainc.png\",\"width\":350,\"height\":217,\"caption\":\"Fluxlasers Espa\u00f1a\"},\"image\":{\"@id\":\"https:\/\/fluxlasers.eu\/fr\/#\/schema\/logo\/image\/\"}}]}<\/script>\n<!-- \/ Yoast SEO plugin. -->","yoast_head_json":{"title":"Filtre pour lasers Flux (Beamo, Beambox et Beambox Pro)","description":"Notre filtre Beamair 2.0 a \u00e9t\u00e9 mis \u00e0 jour avec une couche de filtration suppl\u00e9mentaire pour une protection accrue et un air plus pur.","robots":{"index":"index","follow":"follow","max-snippet":"max-snippet:-1","max-image-preview":"max-image-preview:large","max-video-preview":"max-video-preview:-1"},"canonical":"https:\/\/fluxlasers.eu\/fr\/produit\/filtre-beam-air-2-0-connexion-automatique\/","og_locale":"fr_FR","og_type":"article","og_title":"Filtre pour lasers Flux (Beamo, Beambox et Beambox Pro)","og_description":"Notre filtre Beamair 2.0 a \u00e9t\u00e9 mis \u00e0 jour avec une couche de filtration suppl\u00e9mentaire pour une protection accrue et un air plus pur.","og_url":"https:\/\/fluxlasers.eu\/fr\/produit\/filtre-beam-air-2-0-connexion-automatique\/","og_site_name":"Flux - Bomedia","og_image":[{"width":1200,"height":1086,"url":"https:\/\/fluxlasers.eu\/wp-content\/uploads\/2021\/01\/flux-medium-efficiency-filter-replacement-beam-air4.png","type":"image\/png"}],"twitter_card":"summary_large_image","schema":{"@context":"https:\/\/schema.org","@graph":[{"@type":"WebPage","@id":"https:\/\/fluxlasers.eu\/fr\/produit\/filtre-beam-air-2-0-connexion-automatique\/","url":"https:\/\/fluxlasers.eu\/fr\/produit\/filtre-beam-air-2-0-connexion-automatique\/","name":"Filtre pour lasers Flux (Beamo, Beambox et Beambox Pro)","isPartOf":{"@id":"https:\/\/fluxlasers.eu\/fr\/#website"},"primaryImageOfPage":{"@id":"https:\/\/fluxlasers.eu\/fr\/produit\/filtre-beam-air-2-0-connexion-automatique\/#primaryimage"},"image":{"@id":"https:\/\/fluxlasers.eu\/fr\/produit\/filtre-beam-air-2-0-connexion-automatique\/#primaryimage"},"thumbnailUrl":"https:\/\/fluxlasers.eu\/wp-content\/uploads\/2021\/01\/flux-medium-efficiency-filter-replacement-beam-air4.png","datePublished":"2020-08-19T02:21:08+00:00","description":"Notre filtre Beamair 2.0 a \u00e9t\u00e9 mis \u00e0 jour avec une couche de filtration suppl\u00e9mentaire pour une protection accrue et un air plus pur.","breadcrumb":{"@id":"https:\/\/fluxlasers.eu\/fr\/produit\/filtre-beam-air-2-0-connexion-automatique\/#breadcrumb"},"inLanguage":"fr-FR","potentialAction":[{"@type":"ReadAction","target":["https:\/\/fluxlasers.eu\/fr\/produit\/filtre-beam-air-2-0-connexion-automatique\/"]}]},{"@type":"ImageObject","inLanguage":"fr-FR","@id":"https:\/\/fluxlasers.eu\/fr\/produit\/filtre-beam-air-2-0-connexion-automatique\/#primaryimage","url":"https:\/\/fluxlasers.eu\/wp-content\/uploads\/2021\/01\/flux-medium-efficiency-filter-replacement-beam-air4.png","contentUrl":"https:\/\/fluxlasers.eu\/wp-content\/uploads\/2021\/01\/flux-medium-efficiency-filter-replacement-beam-air4.png","width":1200,"height":1086},{"@type":"BreadcrumbList","@id":"https:\/\/fluxlasers.eu\/fr\/produit\/filtre-beam-air-2-0-connexion-automatique\/#breadcrumb","itemListElement":[{"@type":"ListItem","position":1,"name":"Portada","item":"https:\/\/fluxlasers.eu\/fr\/accueil\/"},{"@type":"ListItem","position":2,"name":"Boutique","item":"https:\/\/fluxlasers.eu\/fr\/boutique\/"},{"@type":"ListItem","position":3,"name":"Filtre Beam Air 2.0 &#8211; Connexion automatique"}]},{"@type":"WebSite","@id":"https:\/\/fluxlasers.eu\/fr\/#website","url":"https:\/\/fluxlasers.eu\/fr\/","name":"Flux - Bomedia","description":"D\u00e9coupeuses et graveuses laser","publisher":{"@id":"https:\/\/fluxlasers.eu\/fr\/#organization"},"potentialAction":[{"@type":"SearchAction","target":{"@type":"EntryPoint","urlTemplate":"https:\/\/fluxlasers.eu\/fr\/?s={search_term_string}"},"query-input":{"@type":"PropertyValueSpecification","valueRequired":true,"valueName":"search_term_string"}}],"inLanguage":"fr-FR"},{"@type":"Organization","@id":"https:\/\/fluxlasers.eu\/fr\/#organization","name":"Fluxlasers Espa\u00f1a","url":"https:\/\/fluxlasers.eu\/fr\/","logo":{"@type":"ImageObject","inLanguage":"fr-FR","@id":"https:\/\/fluxlasers.eu\/fr\/#\/schema\/logo\/image\/","url":"https:\/\/fluxlasers.eu\/wp-content\/uploads\/2021\/03\/logofluxspainc.png","contentUrl":"https:\/\/fluxlasers.eu\/wp-content\/uploads\/2021\/03\/logofluxspainc.png","width":350,"height":217,"caption":"Fluxlasers Espa\u00f1a"},"image":{"@id":"https:\/\/fluxlasers.eu\/fr\/#\/schema\/logo\/image\/"}}]}},"_links":{"self":[{"href":"https:\/\/fluxlasers.eu\/fr\/wp-json\/wp\/v2\/product\/10934","targetHints":{"allow":["GET"]}}],"collection":[{"href":"https:\/\/fluxlasers.eu\/fr\/wp-json\/wp\/v2\/product"}],"about":[{"href":"https:\/\/fluxlasers.eu\/fr\/wp-json\/wp\/v2\/types\/product"}],"replies":[{"embeddable":true,"href":"https:\/\/fluxlasers.eu\/fr\/wp-json\/wp\/v2\/comments?post=10934"}],"wp:featuredmedia":[{"embeddable":true,"href":"https:\/\/fluxlasers.eu\/fr\/wp-json\/wp\/v2\/media\/1434"}],"wp:attachment":[{"href":"https:\/\/fluxlasers.eu\/fr\/wp-json\/wp\/v2\/media?parent=10934"}],"wp:term":[{"taxonomy":"product_brand","embeddable":true,"href":"https:\/\/fluxlasers.eu\/fr\/wp-json\/wp\/v2\/product_brand?post=10934"},{"taxonomy":"product_cat","embeddable":true,"href":"https:\/\/fluxlasers.eu\/fr\/wp-json\/wp\/v2\/product_cat?post=10934"},{"taxonomy":"product_tag","embeddable":true,"href":"https:\/\/fluxlasers.eu\/fr\/wp-json\/wp\/v2\/product_tag?post=10934"}],"curies":[{"name":"wp","href":"https:\/\/api.w.org\/{rel}","templated":true}]}}