{"id":10778,"date":"2025-12-11T10:37:41","date_gmt":"2025-12-11T09:37:41","guid":{"rendered":"https:\/\/fluxlasers.eu\/producto\/chuck-rotary-add-on-beamo\/"},"modified":"2025-12-11T10:37:41","modified_gmt":"2025-12-11T09:37:41","slug":"chuck-rotary-add-on-beamo","status":"publish","type":"product","link":"https:\/\/fluxlasers.eu\/fr\/produit\/chuck-rotary-add-on-beamo\/","title":{"rendered":"Chuck Rotary Add-on \u2013 Beamo"},"content":{"rendered":"<h3 style=\"text-align: center;\" data-start=\"285\" data-end=\"344\">Gravure rotative 360\u00b0 pour cylindres, bagues et sph\u00e8res<\/h3>\n<p style=\"text-align: center;\" data-start=\"346\" data-end=\"782\">Le <strong data-start=\"349\" data-end=\"378\">beamo Chuck Rotary Add-on<\/strong> transforme votre FLUX beamo en un outil de gravure rotative professionnel, vous permettant de travailler avec une pr\u00e9cision sur 360\u00b0 sur des objets cylindriques, des bagues et des sph\u00e8res. Gr\u00e2ce \u00e0 ses mors interchangeables \u2014 droits, en L et hexagonaux \u2014 il s\u2019adapte \u00e0 une grande vari\u00e9t\u00e9 de diam\u00e8tres et de formes, offrant un maintien stable et une finition parfaite, m\u00eame sur des pi\u00e8ces d\u00e9licates ou \u00e0 g\u00e9om\u00e9trie irr\u00e9guli\u00e8re. <\/p>\n<p style=\"text-align: center;\" data-start=\"784\" data-end=\"940\">Id\u00e9al pour personnaliser des bouteilles, des gobelets isothermes, des bagues, des sph\u00e8res d\u00e9coratives, de petites pi\u00e8ces et des cr\u00e9ations artisanales n\u00e9cessitant une finition professionnelle.<\/p>\n<hr data-start=\"942\" data-end=\"945\">\n<h2 style=\"text-align: center;\" data-start=\"947\" data-end=\"986\"><strong data-start=\"950\" data-end=\"986\">Polyvalence des tailles et des formes<\/strong><\/h2>\n<p style=\"text-align: center;\" data-start=\"988\" data-end=\"1148\">Le Chuck Rotary pour beamo permet un diam\u00e8tre de gravure pour cylindres de <strong data-start=\"1064\" data-end=\"1078\">1 \u00e0 145 mm<\/strong>, pour bagues de <strong data-start=\"1096\" data-end=\"1111\">11 \u00e0 145 mm<\/strong> et pour sph\u00e8res de <strong data-start=\"1130\" data-end=\"1145\">25 \u00e0 130 mm<\/strong>.<\/p>\n<p style=\"text-align: center;\" data-start=\"1150\" data-end=\"1324\">Sa <strong data-start=\"1153\" data-end=\"1196\">longueur maximale de gravure est de 260 mm<\/strong>, ce qui en fait une solution id\u00e9ale pour les objets compacts, les petits contenants et les pi\u00e8ces cylindriques de taille moyenne.<\/p>\n<p style=\"text-align: center;\" data-start=\"1326\" data-end=\"1442\">Sa plage d\u2019inclinaison, de <strong data-start=\"1354\" data-end=\"1369\">\u201330\u00b0 \u00e0 180\u00b0<\/strong>, offre davantage de flexibilit\u00e9 pour positionner la pi\u00e8ce \u00e0 l\u2019angle exact.<\/p>\n<hr data-start=\"1444\" data-end=\"1447\">\n<h2 style=\"text-align: center;\" data-start=\"1449\" data-end=\"1488\"><strong data-start=\"1452\" data-end=\"1488\">Con\u00e7u pour des objets plus larges<\/strong><\/h2>\n<p style=\"text-align: center;\" data-start=\"1490\" data-end=\"1727\">Pour les contenants larges \u2014 en particulier ceux avec des anses, des parois \u00e9paisses ou un diam\u00e8tre plus important \u2014 l\u2019utilisation du <a href=\"https:\/\/fluxlasers.eu\/fr\/producto\/riser-stands\/\"><strong data-start=\"1610\" data-end=\"1626\">Riser Add-on<\/strong><\/a> est recommand\u00e9e : il sur\u00e9l\u00e8ve le mandrin et fournit l\u2019espace de rotation n\u00e9cessaire pour travailler sans interf\u00e9rences.<\/p>\n<hr data-start=\"1729\" data-end=\"1732\">\n<h2 style=\"text-align: center;\" data-start=\"1734\" data-end=\"1794\"><strong data-start=\"1737\" data-end=\"1794\">Sp\u00e9cifications techniques \u2014 Beamo Chuck Rotary Add-on<\/strong><\/h2>\n<p style=\"text-align: center;\" data-start=\"1796\" data-end=\"2093\">Dimensions : 300 \u00d7 103 \u00d7 125 mm<br data-start=\"1827\" data-end=\"1830\">Poids : 1,65 kg<br data-start=\"1843\" data-end=\"1846\">Poids maximal de serrage : 1,50 kg<br data-start=\"1878\" data-end=\"1881\">Angle d\u2019inclinaison : \u201330\u00b0 \u00e0 180\u00b0<br data-start=\"1915\" data-end=\"1918\">Diam\u00e8tre de gravure pour cylindres : 1\u2013145 mm<br data-start=\"1962\" data-end=\"1965\">Diam\u00e8tre de gravure pour bagues : 11\u2013145 mm<br data-start=\"2008\" data-end=\"2011\">Diam\u00e8tre de gravure pour sph\u00e8res : 25\u2013130 mm<br data-start=\"2054\" data-end=\"2057\">Longueur maximale de gravure : 260 mm<\/p>\n","protected":false},"excerpt":{"rendered":"<p>Le <strong data-start=\"2154\" data-end=\"2183\">beamo Chuck Rotary Add-on<\/strong> permet la gravure rotative compl\u00e8te sur des cylindres, des bagues et des sph\u00e8res, avec des diam\u00e8tres jusqu\u2019\u00e0 145 mm et des longueurs jusqu\u2019\u00e0 260 mm. Ses mors interchangeables garantissent pr\u00e9cision et polyvalence, et il peut \u00eatre associ\u00e9 au <a href=\"https:\/\/fluxlasers.eu\/fr\/producto\/riser-stands\/\"><strong data-start=\"2406\" data-end=\"2422\">Riser Add-on<\/strong><\/a> pour travailler sur des pi\u00e8ces plus larges sans limites. <\/p>\n","protected":false},"featured_media":4299,"comment_status":"closed","ping_status":"closed","template":"","meta":[],"product_brand":[],"product_cat":[324,340],"product_tag":[],"class_list":{"0":"post-10778","1":"product","2":"type-product","3":"status-publish","4":"has-post-thumbnail","6":"product_cat-accessoires","7":"product_cat-accessoires-beamo","9":"first","10":"instock","11":"taxable","12":"shipping-taxable","13":"product-type-simple"},"yoast_head":"<!-- This site is optimized with the Yoast SEO plugin v27.0 - https:\/\/yoast.com\/product\/yoast-seo-wordpress\/ -->\n<title>Chuck Rotary Add-on \u2013 Beamo - Flux - Bomedia<\/title>\n<meta name=\"robots\" content=\"index, follow, max-snippet:-1, max-image-preview:large, max-video-preview:-1\" \/>\n<link rel=\"canonical\" href=\"https:\/\/fluxlasers.eu\/fr\/produit\/chuck-rotary-add-on-beamo\/\" \/>\n<meta property=\"og:locale\" content=\"fr_FR\" \/>\n<meta property=\"og:type\" content=\"article\" \/>\n<meta property=\"og:title\" content=\"Chuck Rotary Add-on \u2013 Beamo - Flux - Bomedia\" \/>\n<meta property=\"og:description\" content=\"Le beamo Chuck Rotary Add-on permet la gravure rotative compl\u00e8te sur des cylindres, des bagues et des sph\u00e8res, avec des diam\u00e8tres jusqu\u2019\u00e0 145 mm et des longueurs jusqu\u2019\u00e0 260 mm. Ses mors interchangeables garantissent pr\u00e9cision et polyvalence, et il peut \u00eatre associ\u00e9 au Riser Add-on pour travailler sur des pi\u00e8ces plus larges sans limites.\" \/>\n<meta property=\"og:url\" content=\"https:\/\/fluxlasers.eu\/fr\/produit\/chuck-rotary-add-on-beamo\/\" \/>\n<meta property=\"og:site_name\" content=\"Flux - Bomedia\" \/>\n<meta property=\"og:image\" content=\"https:\/\/fluxlasers.eu\/wp-content\/uploads\/2025\/12\/Beambox_II_Chuck_Rotary_5533092e-0e89-4817-bee8-061c59141f991.png\" \/>\n\t<meta property=\"og:image:width\" content=\"823\" \/>\n\t<meta property=\"og:image:height\" content=\"823\" \/>\n\t<meta property=\"og:image:type\" content=\"image\/png\" \/>\n<meta name=\"twitter:card\" content=\"summary_large_image\" \/>\n<meta name=\"twitter:label1\" content=\"Dur\u00e9e de lecture estim\u00e9e\" \/>\n\t<meta name=\"twitter:data1\" content=\"1 minute\" \/>\n<script type=\"application\/ld+json\" class=\"yoast-schema-graph\">{\"@context\":\"https:\/\/schema.org\",\"@graph\":[{\"@type\":\"WebPage\",\"@id\":\"https:\/\/fluxlasers.eu\/fr\/produit\/chuck-rotary-add-on-beamo\/\",\"url\":\"https:\/\/fluxlasers.eu\/fr\/produit\/chuck-rotary-add-on-beamo\/\",\"name\":\"Chuck Rotary Add-on \u2013 Beamo - Flux - Bomedia\",\"isPartOf\":{\"@id\":\"https:\/\/fluxlasers.eu\/fr\/#website\"},\"primaryImageOfPage\":{\"@id\":\"https:\/\/fluxlasers.eu\/fr\/produit\/chuck-rotary-add-on-beamo\/#primaryimage\"},\"image\":{\"@id\":\"https:\/\/fluxlasers.eu\/fr\/produit\/chuck-rotary-add-on-beamo\/#primaryimage\"},\"thumbnailUrl\":\"https:\/\/fluxlasers.eu\/wp-content\/uploads\/2025\/12\/Beambox_II_Chuck_Rotary_5533092e-0e89-4817-bee8-061c59141f991.png\",\"datePublished\":\"2025-12-11T09:37:41+00:00\",\"breadcrumb\":{\"@id\":\"https:\/\/fluxlasers.eu\/fr\/produit\/chuck-rotary-add-on-beamo\/#breadcrumb\"},\"inLanguage\":\"fr-FR\",\"potentialAction\":[{\"@type\":\"ReadAction\",\"target\":[\"https:\/\/fluxlasers.eu\/fr\/produit\/chuck-rotary-add-on-beamo\/\"]}]},{\"@type\":\"ImageObject\",\"inLanguage\":\"fr-FR\",\"@id\":\"https:\/\/fluxlasers.eu\/fr\/produit\/chuck-rotary-add-on-beamo\/#primaryimage\",\"url\":\"https:\/\/fluxlasers.eu\/wp-content\/uploads\/2025\/12\/Beambox_II_Chuck_Rotary_5533092e-0e89-4817-bee8-061c59141f991.png\",\"contentUrl\":\"https:\/\/fluxlasers.eu\/wp-content\/uploads\/2025\/12\/Beambox_II_Chuck_Rotary_5533092e-0e89-4817-bee8-061c59141f991.png\",\"width\":823,\"height\":823},{\"@type\":\"BreadcrumbList\",\"@id\":\"https:\/\/fluxlasers.eu\/fr\/produit\/chuck-rotary-add-on-beamo\/#breadcrumb\",\"itemListElement\":[{\"@type\":\"ListItem\",\"position\":1,\"name\":\"Portada\",\"item\":\"https:\/\/fluxlasers.eu\/fr\/accueil\/\"},{\"@type\":\"ListItem\",\"position\":2,\"name\":\"Boutique\",\"item\":\"https:\/\/fluxlasers.eu\/fr\/boutique\/\"},{\"@type\":\"ListItem\",\"position\":3,\"name\":\"Chuck Rotary Add-on \u2013 Beamo\"}]},{\"@type\":\"WebSite\",\"@id\":\"https:\/\/fluxlasers.eu\/fr\/#website\",\"url\":\"https:\/\/fluxlasers.eu\/fr\/\",\"name\":\"Flux - Bomedia\",\"description\":\"D\u00e9coupeuses et graveuses laser\",\"publisher\":{\"@id\":\"https:\/\/fluxlasers.eu\/fr\/#organization\"},\"potentialAction\":[{\"@type\":\"SearchAction\",\"target\":{\"@type\":\"EntryPoint\",\"urlTemplate\":\"https:\/\/fluxlasers.eu\/fr\/?s={search_term_string}\"},\"query-input\":{\"@type\":\"PropertyValueSpecification\",\"valueRequired\":true,\"valueName\":\"search_term_string\"}}],\"inLanguage\":\"fr-FR\"},{\"@type\":\"Organization\",\"@id\":\"https:\/\/fluxlasers.eu\/fr\/#organization\",\"name\":\"Fluxlasers Espa\u00f1a\",\"url\":\"https:\/\/fluxlasers.eu\/fr\/\",\"logo\":{\"@type\":\"ImageObject\",\"inLanguage\":\"fr-FR\",\"@id\":\"https:\/\/fluxlasers.eu\/fr\/#\/schema\/logo\/image\/\",\"url\":\"https:\/\/fluxlasers.eu\/wp-content\/uploads\/2021\/03\/logofluxspainc.png\",\"contentUrl\":\"https:\/\/fluxlasers.eu\/wp-content\/uploads\/2021\/03\/logofluxspainc.png\",\"width\":350,\"height\":217,\"caption\":\"Fluxlasers Espa\u00f1a\"},\"image\":{\"@id\":\"https:\/\/fluxlasers.eu\/fr\/#\/schema\/logo\/image\/\"}}]}<\/script>\n<!-- \/ Yoast SEO plugin. -->","yoast_head_json":{"title":"Chuck Rotary Add-on \u2013 Beamo - Flux - Bomedia","robots":{"index":"index","follow":"follow","max-snippet":"max-snippet:-1","max-image-preview":"max-image-preview:large","max-video-preview":"max-video-preview:-1"},"canonical":"https:\/\/fluxlasers.eu\/fr\/produit\/chuck-rotary-add-on-beamo\/","og_locale":"fr_FR","og_type":"article","og_title":"Chuck Rotary Add-on \u2013 Beamo - Flux - Bomedia","og_description":"Le beamo Chuck Rotary Add-on permet la gravure rotative compl\u00e8te sur des cylindres, des bagues et des sph\u00e8res, avec des diam\u00e8tres jusqu\u2019\u00e0 145 mm et des longueurs jusqu\u2019\u00e0 260 mm. Ses mors interchangeables garantissent pr\u00e9cision et polyvalence, et il peut \u00eatre associ\u00e9 au Riser Add-on pour travailler sur des pi\u00e8ces plus larges sans limites.","og_url":"https:\/\/fluxlasers.eu\/fr\/produit\/chuck-rotary-add-on-beamo\/","og_site_name":"Flux - Bomedia","og_image":[{"width":823,"height":823,"url":"https:\/\/fluxlasers.eu\/wp-content\/uploads\/2025\/12\/Beambox_II_Chuck_Rotary_5533092e-0e89-4817-bee8-061c59141f991.png","type":"image\/png"}],"twitter_card":"summary_large_image","twitter_misc":{"Dur\u00e9e de lecture estim\u00e9e":"1 minute"},"schema":{"@context":"https:\/\/schema.org","@graph":[{"@type":"WebPage","@id":"https:\/\/fluxlasers.eu\/fr\/produit\/chuck-rotary-add-on-beamo\/","url":"https:\/\/fluxlasers.eu\/fr\/produit\/chuck-rotary-add-on-beamo\/","name":"Chuck Rotary Add-on \u2013 Beamo - Flux - Bomedia","isPartOf":{"@id":"https:\/\/fluxlasers.eu\/fr\/#website"},"primaryImageOfPage":{"@id":"https:\/\/fluxlasers.eu\/fr\/produit\/chuck-rotary-add-on-beamo\/#primaryimage"},"image":{"@id":"https:\/\/fluxlasers.eu\/fr\/produit\/chuck-rotary-add-on-beamo\/#primaryimage"},"thumbnailUrl":"https:\/\/fluxlasers.eu\/wp-content\/uploads\/2025\/12\/Beambox_II_Chuck_Rotary_5533092e-0e89-4817-bee8-061c59141f991.png","datePublished":"2025-12-11T09:37:41+00:00","breadcrumb":{"@id":"https:\/\/fluxlasers.eu\/fr\/produit\/chuck-rotary-add-on-beamo\/#breadcrumb"},"inLanguage":"fr-FR","potentialAction":[{"@type":"ReadAction","target":["https:\/\/fluxlasers.eu\/fr\/produit\/chuck-rotary-add-on-beamo\/"]}]},{"@type":"ImageObject","inLanguage":"fr-FR","@id":"https:\/\/fluxlasers.eu\/fr\/produit\/chuck-rotary-add-on-beamo\/#primaryimage","url":"https:\/\/fluxlasers.eu\/wp-content\/uploads\/2025\/12\/Beambox_II_Chuck_Rotary_5533092e-0e89-4817-bee8-061c59141f991.png","contentUrl":"https:\/\/fluxlasers.eu\/wp-content\/uploads\/2025\/12\/Beambox_II_Chuck_Rotary_5533092e-0e89-4817-bee8-061c59141f991.png","width":823,"height":823},{"@type":"BreadcrumbList","@id":"https:\/\/fluxlasers.eu\/fr\/produit\/chuck-rotary-add-on-beamo\/#breadcrumb","itemListElement":[{"@type":"ListItem","position":1,"name":"Portada","item":"https:\/\/fluxlasers.eu\/fr\/accueil\/"},{"@type":"ListItem","position":2,"name":"Boutique","item":"https:\/\/fluxlasers.eu\/fr\/boutique\/"},{"@type":"ListItem","position":3,"name":"Chuck Rotary Add-on \u2013 Beamo"}]},{"@type":"WebSite","@id":"https:\/\/fluxlasers.eu\/fr\/#website","url":"https:\/\/fluxlasers.eu\/fr\/","name":"Flux - Bomedia","description":"D\u00e9coupeuses et graveuses laser","publisher":{"@id":"https:\/\/fluxlasers.eu\/fr\/#organization"},"potentialAction":[{"@type":"SearchAction","target":{"@type":"EntryPoint","urlTemplate":"https:\/\/fluxlasers.eu\/fr\/?s={search_term_string}"},"query-input":{"@type":"PropertyValueSpecification","valueRequired":true,"valueName":"search_term_string"}}],"inLanguage":"fr-FR"},{"@type":"Organization","@id":"https:\/\/fluxlasers.eu\/fr\/#organization","name":"Fluxlasers Espa\u00f1a","url":"https:\/\/fluxlasers.eu\/fr\/","logo":{"@type":"ImageObject","inLanguage":"fr-FR","@id":"https:\/\/fluxlasers.eu\/fr\/#\/schema\/logo\/image\/","url":"https:\/\/fluxlasers.eu\/wp-content\/uploads\/2021\/03\/logofluxspainc.png","contentUrl":"https:\/\/fluxlasers.eu\/wp-content\/uploads\/2021\/03\/logofluxspainc.png","width":350,"height":217,"caption":"Fluxlasers Espa\u00f1a"},"image":{"@id":"https:\/\/fluxlasers.eu\/fr\/#\/schema\/logo\/image\/"}}]}},"_links":{"self":[{"href":"https:\/\/fluxlasers.eu\/fr\/wp-json\/wp\/v2\/product\/10778","targetHints":{"allow":["GET"]}}],"collection":[{"href":"https:\/\/fluxlasers.eu\/fr\/wp-json\/wp\/v2\/product"}],"about":[{"href":"https:\/\/fluxlasers.eu\/fr\/wp-json\/wp\/v2\/types\/product"}],"replies":[{"embeddable":true,"href":"https:\/\/fluxlasers.eu\/fr\/wp-json\/wp\/v2\/comments?post=10778"}],"wp:featuredmedia":[{"embeddable":true,"href":"https:\/\/fluxlasers.eu\/fr\/wp-json\/wp\/v2\/media\/4299"}],"wp:attachment":[{"href":"https:\/\/fluxlasers.eu\/fr\/wp-json\/wp\/v2\/media?parent=10778"}],"wp:term":[{"taxonomy":"product_brand","embeddable":true,"href":"https:\/\/fluxlasers.eu\/fr\/wp-json\/wp\/v2\/product_brand?post=10778"},{"taxonomy":"product_cat","embeddable":true,"href":"https:\/\/fluxlasers.eu\/fr\/wp-json\/wp\/v2\/product_cat?post=10778"},{"taxonomy":"product_tag","embeddable":true,"href":"https:\/\/fluxlasers.eu\/fr\/wp-json\/wp\/v2\/product_tag?post=10778"}],"curies":[{"name":"wp","href":"https:\/\/api.w.org\/{rel}","templated":true}]}}