{"id":10774,"date":"2025-12-16T10:00:47","date_gmt":"2025-12-16T09:00:47","guid":{"rendered":"https:\/\/fluxlasers.eu\/producto\/pack-50-feuilles-a4-mdf-3-mm-adapte-pour-decoupe-laser\/"},"modified":"2025-12-16T10:00:47","modified_gmt":"2025-12-16T09:00:47","slug":"pack-50-feuilles-a4-mdf-3-mm-adapte-pour-decoupe-laser","status":"publish","type":"product","link":"https:\/\/fluxlasers.eu\/fr\/produit\/pack-50-feuilles-a4-mdf-3-mm-adapte-pour-decoupe-laser\/","title":{"rendered":"Pack 50 Feuilles A4 MDF 3 mm \u2013 Adapt\u00e9 pour D\u00e9coupe Laser"},"content":{"rendered":"<p>Feuilles de MDF de 3 mm d&rsquo;\u00e9paisseur au format A4, sp\u00e9cialement con\u00e7ues pour les travaux de d\u00e9coupe et gravure laser. Surface lisse et homog\u00e8ne, id\u00e9ale pour les projets de signal\u00e9tique, maquettes, d\u00e9coration et prototypage. Excellente stabilit\u00e9 dimensionnelle et finition nette apr\u00e8s d\u00e9coupe.  <\/p>\n","protected":false},"excerpt":{"rendered":"<p>50 Feuilles de MDF de 3 mm d&rsquo;\u00e9paisseur au format A4<\/p>\n","protected":false},"featured_media":4323,"comment_status":"closed","ping_status":"closed","template":"","meta":[],"product_brand":[],"product_cat":[319],"product_tag":[],"class_list":{"0":"post-10774","1":"product","2":"type-product","3":"status-publish","4":"has-post-thumbnail","6":"product_cat-consommables","8":"first","9":"instock","10":"taxable","11":"shipping-taxable","12":"purchasable","13":"product-type-simple"},"yoast_head":"<!-- This site is optimized with the Yoast SEO plugin v27.0 - https:\/\/yoast.com\/product\/yoast-seo-wordpress\/ -->\n<title>Pack 50 Feuilles A4 MDF 3 mm \u2013 Adapt\u00e9 pour D\u00e9coupe Laser - Flux - Bomedia<\/title>\n<meta name=\"robots\" content=\"index, follow, max-snippet:-1, max-image-preview:large, max-video-preview:-1\" \/>\n<link rel=\"canonical\" href=\"https:\/\/fluxlasers.eu\/fr\/produit\/pack-50-feuilles-a4-mdf-3-mm-adapte-pour-decoupe-laser\/\" \/>\n<meta property=\"og:locale\" content=\"fr_FR\" \/>\n<meta property=\"og:type\" content=\"article\" \/>\n<meta property=\"og:title\" content=\"Pack 50 Feuilles A4 MDF 3 mm \u2013 Adapt\u00e9 pour D\u00e9coupe Laser - Flux - Bomedia\" \/>\n<meta property=\"og:description\" content=\"50 Feuilles de MDF de 3 mm d&#039;\u00e9paisseur au format A4\" \/>\n<meta property=\"og:url\" content=\"https:\/\/fluxlasers.eu\/fr\/produit\/pack-50-feuilles-a4-mdf-3-mm-adapte-pour-decoupe-laser\/\" \/>\n<meta property=\"og:site_name\" content=\"Flux - Bomedia\" \/>\n<meta property=\"og:image\" content=\"https:\/\/fluxlasers.eu\/wp-content\/uploads\/2025\/12\/50-mdf.jpg\" \/>\n\t<meta property=\"og:image:width\" content=\"1500\" \/>\n\t<meta property=\"og:image:height\" content=\"1139\" \/>\n\t<meta property=\"og:image:type\" content=\"image\/jpeg\" \/>\n<meta name=\"twitter:card\" content=\"summary_large_image\" \/>\n<script type=\"application\/ld+json\" class=\"yoast-schema-graph\">{\"@context\":\"https:\/\/schema.org\",\"@graph\":[{\"@type\":\"WebPage\",\"@id\":\"https:\/\/fluxlasers.eu\/fr\/produit\/pack-50-feuilles-a4-mdf-3-mm-adapte-pour-decoupe-laser\/\",\"url\":\"https:\/\/fluxlasers.eu\/fr\/produit\/pack-50-feuilles-a4-mdf-3-mm-adapte-pour-decoupe-laser\/\",\"name\":\"Pack 50 Feuilles A4 MDF 3 mm \u2013 Adapt\u00e9 pour D\u00e9coupe Laser - Flux - Bomedia\",\"isPartOf\":{\"@id\":\"https:\/\/fluxlasers.eu\/fr\/#website\"},\"primaryImageOfPage\":{\"@id\":\"https:\/\/fluxlasers.eu\/fr\/produit\/pack-50-feuilles-a4-mdf-3-mm-adapte-pour-decoupe-laser\/#primaryimage\"},\"image\":{\"@id\":\"https:\/\/fluxlasers.eu\/fr\/produit\/pack-50-feuilles-a4-mdf-3-mm-adapte-pour-decoupe-laser\/#primaryimage\"},\"thumbnailUrl\":\"https:\/\/fluxlasers.eu\/wp-content\/uploads\/2025\/12\/50-mdf.jpg\",\"datePublished\":\"2025-12-16T09:00:47+00:00\",\"breadcrumb\":{\"@id\":\"https:\/\/fluxlasers.eu\/fr\/produit\/pack-50-feuilles-a4-mdf-3-mm-adapte-pour-decoupe-laser\/#breadcrumb\"},\"inLanguage\":\"fr-FR\",\"potentialAction\":[{\"@type\":\"ReadAction\",\"target\":[\"https:\/\/fluxlasers.eu\/fr\/produit\/pack-50-feuilles-a4-mdf-3-mm-adapte-pour-decoupe-laser\/\"]}]},{\"@type\":\"ImageObject\",\"inLanguage\":\"fr-FR\",\"@id\":\"https:\/\/fluxlasers.eu\/fr\/produit\/pack-50-feuilles-a4-mdf-3-mm-adapte-pour-decoupe-laser\/#primaryimage\",\"url\":\"https:\/\/fluxlasers.eu\/wp-content\/uploads\/2025\/12\/50-mdf.jpg\",\"contentUrl\":\"https:\/\/fluxlasers.eu\/wp-content\/uploads\/2025\/12\/50-mdf.jpg\",\"width\":1500,\"height\":1139},{\"@type\":\"BreadcrumbList\",\"@id\":\"https:\/\/fluxlasers.eu\/fr\/produit\/pack-50-feuilles-a4-mdf-3-mm-adapte-pour-decoupe-laser\/#breadcrumb\",\"itemListElement\":[{\"@type\":\"ListItem\",\"position\":1,\"name\":\"Portada\",\"item\":\"https:\/\/fluxlasers.eu\/fr\/accueil\/\"},{\"@type\":\"ListItem\",\"position\":2,\"name\":\"Boutique\",\"item\":\"https:\/\/fluxlasers.eu\/fr\/boutique\/\"},{\"@type\":\"ListItem\",\"position\":3,\"name\":\"Pack 50 Feuilles A4 MDF 3 mm \u2013 Adapt\u00e9 pour D\u00e9coupe Laser\"}]},{\"@type\":\"WebSite\",\"@id\":\"https:\/\/fluxlasers.eu\/fr\/#website\",\"url\":\"https:\/\/fluxlasers.eu\/fr\/\",\"name\":\"Flux - Bomedia\",\"description\":\"D\u00e9coupeuses et graveuses laser\",\"publisher\":{\"@id\":\"https:\/\/fluxlasers.eu\/fr\/#organization\"},\"potentialAction\":[{\"@type\":\"SearchAction\",\"target\":{\"@type\":\"EntryPoint\",\"urlTemplate\":\"https:\/\/fluxlasers.eu\/fr\/?s={search_term_string}\"},\"query-input\":{\"@type\":\"PropertyValueSpecification\",\"valueRequired\":true,\"valueName\":\"search_term_string\"}}],\"inLanguage\":\"fr-FR\"},{\"@type\":\"Organization\",\"@id\":\"https:\/\/fluxlasers.eu\/fr\/#organization\",\"name\":\"Fluxlasers Espa\u00f1a\",\"url\":\"https:\/\/fluxlasers.eu\/fr\/\",\"logo\":{\"@type\":\"ImageObject\",\"inLanguage\":\"fr-FR\",\"@id\":\"https:\/\/fluxlasers.eu\/fr\/#\/schema\/logo\/image\/\",\"url\":\"https:\/\/fluxlasers.eu\/wp-content\/uploads\/2021\/03\/logofluxspainc.png\",\"contentUrl\":\"https:\/\/fluxlasers.eu\/wp-content\/uploads\/2021\/03\/logofluxspainc.png\",\"width\":350,\"height\":217,\"caption\":\"Fluxlasers Espa\u00f1a\"},\"image\":{\"@id\":\"https:\/\/fluxlasers.eu\/fr\/#\/schema\/logo\/image\/\"}}]}<\/script>\n<!-- \/ Yoast SEO plugin. -->","yoast_head_json":{"title":"Pack 50 Feuilles A4 MDF 3 mm \u2013 Adapt\u00e9 pour D\u00e9coupe Laser - Flux - Bomedia","robots":{"index":"index","follow":"follow","max-snippet":"max-snippet:-1","max-image-preview":"max-image-preview:large","max-video-preview":"max-video-preview:-1"},"canonical":"https:\/\/fluxlasers.eu\/fr\/produit\/pack-50-feuilles-a4-mdf-3-mm-adapte-pour-decoupe-laser\/","og_locale":"fr_FR","og_type":"article","og_title":"Pack 50 Feuilles A4 MDF 3 mm \u2013 Adapt\u00e9 pour D\u00e9coupe Laser - Flux - Bomedia","og_description":"50 Feuilles de MDF de 3 mm d'\u00e9paisseur au format A4","og_url":"https:\/\/fluxlasers.eu\/fr\/produit\/pack-50-feuilles-a4-mdf-3-mm-adapte-pour-decoupe-laser\/","og_site_name":"Flux - Bomedia","og_image":[{"width":1500,"height":1139,"url":"https:\/\/fluxlasers.eu\/wp-content\/uploads\/2025\/12\/50-mdf.jpg","type":"image\/jpeg"}],"twitter_card":"summary_large_image","schema":{"@context":"https:\/\/schema.org","@graph":[{"@type":"WebPage","@id":"https:\/\/fluxlasers.eu\/fr\/produit\/pack-50-feuilles-a4-mdf-3-mm-adapte-pour-decoupe-laser\/","url":"https:\/\/fluxlasers.eu\/fr\/produit\/pack-50-feuilles-a4-mdf-3-mm-adapte-pour-decoupe-laser\/","name":"Pack 50 Feuilles A4 MDF 3 mm \u2013 Adapt\u00e9 pour D\u00e9coupe Laser - Flux - Bomedia","isPartOf":{"@id":"https:\/\/fluxlasers.eu\/fr\/#website"},"primaryImageOfPage":{"@id":"https:\/\/fluxlasers.eu\/fr\/produit\/pack-50-feuilles-a4-mdf-3-mm-adapte-pour-decoupe-laser\/#primaryimage"},"image":{"@id":"https:\/\/fluxlasers.eu\/fr\/produit\/pack-50-feuilles-a4-mdf-3-mm-adapte-pour-decoupe-laser\/#primaryimage"},"thumbnailUrl":"https:\/\/fluxlasers.eu\/wp-content\/uploads\/2025\/12\/50-mdf.jpg","datePublished":"2025-12-16T09:00:47+00:00","breadcrumb":{"@id":"https:\/\/fluxlasers.eu\/fr\/produit\/pack-50-feuilles-a4-mdf-3-mm-adapte-pour-decoupe-laser\/#breadcrumb"},"inLanguage":"fr-FR","potentialAction":[{"@type":"ReadAction","target":["https:\/\/fluxlasers.eu\/fr\/produit\/pack-50-feuilles-a4-mdf-3-mm-adapte-pour-decoupe-laser\/"]}]},{"@type":"ImageObject","inLanguage":"fr-FR","@id":"https:\/\/fluxlasers.eu\/fr\/produit\/pack-50-feuilles-a4-mdf-3-mm-adapte-pour-decoupe-laser\/#primaryimage","url":"https:\/\/fluxlasers.eu\/wp-content\/uploads\/2025\/12\/50-mdf.jpg","contentUrl":"https:\/\/fluxlasers.eu\/wp-content\/uploads\/2025\/12\/50-mdf.jpg","width":1500,"height":1139},{"@type":"BreadcrumbList","@id":"https:\/\/fluxlasers.eu\/fr\/produit\/pack-50-feuilles-a4-mdf-3-mm-adapte-pour-decoupe-laser\/#breadcrumb","itemListElement":[{"@type":"ListItem","position":1,"name":"Portada","item":"https:\/\/fluxlasers.eu\/fr\/accueil\/"},{"@type":"ListItem","position":2,"name":"Boutique","item":"https:\/\/fluxlasers.eu\/fr\/boutique\/"},{"@type":"ListItem","position":3,"name":"Pack 50 Feuilles A4 MDF 3 mm \u2013 Adapt\u00e9 pour D\u00e9coupe Laser"}]},{"@type":"WebSite","@id":"https:\/\/fluxlasers.eu\/fr\/#website","url":"https:\/\/fluxlasers.eu\/fr\/","name":"Flux - Bomedia","description":"D\u00e9coupeuses et graveuses laser","publisher":{"@id":"https:\/\/fluxlasers.eu\/fr\/#organization"},"potentialAction":[{"@type":"SearchAction","target":{"@type":"EntryPoint","urlTemplate":"https:\/\/fluxlasers.eu\/fr\/?s={search_term_string}"},"query-input":{"@type":"PropertyValueSpecification","valueRequired":true,"valueName":"search_term_string"}}],"inLanguage":"fr-FR"},{"@type":"Organization","@id":"https:\/\/fluxlasers.eu\/fr\/#organization","name":"Fluxlasers Espa\u00f1a","url":"https:\/\/fluxlasers.eu\/fr\/","logo":{"@type":"ImageObject","inLanguage":"fr-FR","@id":"https:\/\/fluxlasers.eu\/fr\/#\/schema\/logo\/image\/","url":"https:\/\/fluxlasers.eu\/wp-content\/uploads\/2021\/03\/logofluxspainc.png","contentUrl":"https:\/\/fluxlasers.eu\/wp-content\/uploads\/2021\/03\/logofluxspainc.png","width":350,"height":217,"caption":"Fluxlasers Espa\u00f1a"},"image":{"@id":"https:\/\/fluxlasers.eu\/fr\/#\/schema\/logo\/image\/"}}]}},"_links":{"self":[{"href":"https:\/\/fluxlasers.eu\/fr\/wp-json\/wp\/v2\/product\/10774","targetHints":{"allow":["GET"]}}],"collection":[{"href":"https:\/\/fluxlasers.eu\/fr\/wp-json\/wp\/v2\/product"}],"about":[{"href":"https:\/\/fluxlasers.eu\/fr\/wp-json\/wp\/v2\/types\/product"}],"replies":[{"embeddable":true,"href":"https:\/\/fluxlasers.eu\/fr\/wp-json\/wp\/v2\/comments?post=10774"}],"wp:featuredmedia":[{"embeddable":true,"href":"https:\/\/fluxlasers.eu\/fr\/wp-json\/wp\/v2\/media\/4323"}],"wp:attachment":[{"href":"https:\/\/fluxlasers.eu\/fr\/wp-json\/wp\/v2\/media?parent=10774"}],"wp:term":[{"taxonomy":"product_brand","embeddable":true,"href":"https:\/\/fluxlasers.eu\/fr\/wp-json\/wp\/v2\/product_brand?post=10774"},{"taxonomy":"product_cat","embeddable":true,"href":"https:\/\/fluxlasers.eu\/fr\/wp-json\/wp\/v2\/product_cat?post=10774"},{"taxonomy":"product_tag","embeddable":true,"href":"https:\/\/fluxlasers.eu\/fr\/wp-json\/wp\/v2\/product_tag?post=10774"}],"curies":[{"name":"wp","href":"https:\/\/api.w.org\/{rel}","templated":true}]}}