{"id":10772,"date":"2025-12-11T09:44:57","date_gmt":"2025-12-11T08:44:57","guid":{"rendered":"https:\/\/fluxlasers.eu\/producto\/extension-rotary-support-tower-chuck-rotary\/"},"modified":"2025-12-11T09:44:57","modified_gmt":"2025-12-11T08:44:57","slug":"extension-rotary-support-tower-chuck-rotary","status":"publish","type":"product","link":"https:\/\/fluxlasers.eu\/fr\/produit\/extension-rotary-support-tower-chuck-rotary\/","title":{"rendered":"Extension Rotary Support Tower \u2014 Chuck Rotary"},"content":{"rendered":"<h2 data-start=\"130\" data-end=\"179\"><strong data-start=\"133\" data-end=\"177\">Extension Rotary Support Tower<\/strong><\/h2>\n<h3 data-start=\"180\" data-end=\"248\">Le support indispensable pour les objets longs sur votre <a href=\"https:\/\/fluxlasers.eu\/fr\/producto\/module-rotatif-a-mandrin-beambox-ii\/\">Chuck Rotary<\/a><\/h3>\n<p data-start=\"250\" data-end=\"478\">L\u2019<strong data-start=\"253\" data-end=\"284\">Rotary Support Tower Add-on<\/strong> est sp\u00e9cifiquement con\u00e7u pour compl\u00e9ter le <strong data-start=\"336\" data-end=\"352\">Chuck Rotary<\/strong>, apportant le support suppl\u00e9mentaire n\u00e9cessaire aux objets longs, hauts ou avec un poids excentr\u00e9 lors de la gravure rotative.<\/p>\n<p data-start=\"480\" data-end=\"758\">La tour sert de point d\u2019appui pour maintenir l\u2019objet parfaitement \u00e0 niveau pendant la rotation, \u00e9vitant les vibrations et assurant une rotation fluide et stable. Cela garantit une gravure uniforme sur des pi\u00e8ces telles que les verres \u00e0 vin, les bouteilles, les grands thermos ou m\u00eame les battes de baseball. <\/p>\n<p data-start=\"760\" data-end=\"911\" data-is-last-node=\"\" data-is-only-node=\"\">C\u2019est l\u2019accessoire id\u00e9al pour \u00e9tendre les possibilit\u00e9s du Chuck Rotary et travailler sur des objets allong\u00e9s avec une finition parfaitement professionnelle.<\/p>\n","protected":false},"excerpt":{"rendered":"<p>L\u2019<strong data-start=\"88\" data-end=\"119\">Rotary Support Tower Add-on<\/strong> compl\u00e8te le <a href=\"https:\/\/fluxlasers.eu\/fr\/producto\/module-rotatif-a-mandrin-beambox-ii\/\">Chuck Rotary<\/a> en offrant un support stable pour les objets longs ou excentr\u00e9s, tels que les bouteilles, les verres ou les battes. Il maintient la pi\u00e8ce \u00e0 niveau pendant la rotation et garantit une gravure uniforme et professionnelle sur toute sa surface. <\/p>\n","protected":false},"featured_media":4293,"comment_status":"closed","ping_status":"closed","template":"","meta":[],"product_brand":[],"product_cat":[324,308],"product_tag":[],"class_list":{"0":"post-10772","1":"product","2":"type-product","3":"status-publish","4":"has-post-thumbnail","6":"product_cat-accessoires","7":"product_cat-accessoires-ador","9":"first","10":"instock","11":"taxable","12":"shipping-taxable","13":"purchasable","14":"product-type-simple"},"yoast_head":"<!-- This site is optimized with the Yoast SEO plugin v27.0 - https:\/\/yoast.com\/product\/yoast-seo-wordpress\/ -->\n<title>Extension Rotary Support Tower \u2014 Chuck Rotary - Flux - Bomedia<\/title>\n<meta name=\"robots\" content=\"index, follow, max-snippet:-1, max-image-preview:large, max-video-preview:-1\" \/>\n<link rel=\"canonical\" href=\"https:\/\/fluxlasers.eu\/fr\/produit\/extension-rotary-support-tower-chuck-rotary\/\" \/>\n<meta property=\"og:locale\" content=\"fr_FR\" \/>\n<meta property=\"og:type\" content=\"article\" \/>\n<meta property=\"og:title\" content=\"Extension Rotary Support Tower \u2014 Chuck Rotary - Flux - Bomedia\" \/>\n<meta property=\"og:description\" content=\"L\u2019Rotary Support Tower Add-on compl\u00e8te le Chuck Rotary en offrant un support stable pour les objets longs ou excentr\u00e9s, tels que les bouteilles, les verres ou les battes. Il maintient la pi\u00e8ce \u00e0 niveau pendant la rotation et garantit une gravure uniforme et professionnelle sur toute sa surface.\" \/>\n<meta property=\"og:url\" content=\"https:\/\/fluxlasers.eu\/fr\/produit\/extension-rotary-support-tower-chuck-rotary\/\" \/>\n<meta property=\"og:site_name\" content=\"Flux - Bomedia\" \/>\n<meta property=\"og:image\" content=\"https:\/\/fluxlasers.eu\/wp-content\/uploads\/2025\/12\/add_ons_support_tower_whats_in_the_box.png\" \/>\n\t<meta property=\"og:image:width\" content=\"823\" \/>\n\t<meta property=\"og:image:height\" content=\"823\" \/>\n\t<meta property=\"og:image:type\" content=\"image\/png\" \/>\n<meta name=\"twitter:card\" content=\"summary_large_image\" \/>\n<meta name=\"twitter:label1\" content=\"Dur\u00e9e de lecture estim\u00e9e\" \/>\n\t<meta name=\"twitter:data1\" content=\"1 minute\" \/>\n<script type=\"application\/ld+json\" class=\"yoast-schema-graph\">{\"@context\":\"https:\/\/schema.org\",\"@graph\":[{\"@type\":\"WebPage\",\"@id\":\"https:\/\/fluxlasers.eu\/fr\/produit\/extension-rotary-support-tower-chuck-rotary\/\",\"url\":\"https:\/\/fluxlasers.eu\/fr\/produit\/extension-rotary-support-tower-chuck-rotary\/\",\"name\":\"Extension Rotary Support Tower \u2014 Chuck Rotary - Flux - Bomedia\",\"isPartOf\":{\"@id\":\"https:\/\/fluxlasers.eu\/fr\/#website\"},\"primaryImageOfPage\":{\"@id\":\"https:\/\/fluxlasers.eu\/fr\/produit\/extension-rotary-support-tower-chuck-rotary\/#primaryimage\"},\"image\":{\"@id\":\"https:\/\/fluxlasers.eu\/fr\/produit\/extension-rotary-support-tower-chuck-rotary\/#primaryimage\"},\"thumbnailUrl\":\"https:\/\/fluxlasers.eu\/wp-content\/uploads\/2025\/12\/add_ons_support_tower_whats_in_the_box.png\",\"datePublished\":\"2025-12-11T08:44:57+00:00\",\"breadcrumb\":{\"@id\":\"https:\/\/fluxlasers.eu\/fr\/produit\/extension-rotary-support-tower-chuck-rotary\/#breadcrumb\"},\"inLanguage\":\"fr-FR\",\"potentialAction\":[{\"@type\":\"ReadAction\",\"target\":[\"https:\/\/fluxlasers.eu\/fr\/produit\/extension-rotary-support-tower-chuck-rotary\/\"]}]},{\"@type\":\"ImageObject\",\"inLanguage\":\"fr-FR\",\"@id\":\"https:\/\/fluxlasers.eu\/fr\/produit\/extension-rotary-support-tower-chuck-rotary\/#primaryimage\",\"url\":\"https:\/\/fluxlasers.eu\/wp-content\/uploads\/2025\/12\/add_ons_support_tower_whats_in_the_box.png\",\"contentUrl\":\"https:\/\/fluxlasers.eu\/wp-content\/uploads\/2025\/12\/add_ons_support_tower_whats_in_the_box.png\",\"width\":823,\"height\":823},{\"@type\":\"BreadcrumbList\",\"@id\":\"https:\/\/fluxlasers.eu\/fr\/produit\/extension-rotary-support-tower-chuck-rotary\/#breadcrumb\",\"itemListElement\":[{\"@type\":\"ListItem\",\"position\":1,\"name\":\"Portada\",\"item\":\"https:\/\/fluxlasers.eu\/fr\/accueil\/\"},{\"@type\":\"ListItem\",\"position\":2,\"name\":\"Boutique\",\"item\":\"https:\/\/fluxlasers.eu\/fr\/boutique\/\"},{\"@type\":\"ListItem\",\"position\":3,\"name\":\"Extension Rotary Support Tower \u2014 Chuck Rotary\"}]},{\"@type\":\"WebSite\",\"@id\":\"https:\/\/fluxlasers.eu\/fr\/#website\",\"url\":\"https:\/\/fluxlasers.eu\/fr\/\",\"name\":\"Flux - Bomedia\",\"description\":\"D\u00e9coupeuses et graveuses laser\",\"publisher\":{\"@id\":\"https:\/\/fluxlasers.eu\/fr\/#organization\"},\"potentialAction\":[{\"@type\":\"SearchAction\",\"target\":{\"@type\":\"EntryPoint\",\"urlTemplate\":\"https:\/\/fluxlasers.eu\/fr\/?s={search_term_string}\"},\"query-input\":{\"@type\":\"PropertyValueSpecification\",\"valueRequired\":true,\"valueName\":\"search_term_string\"}}],\"inLanguage\":\"fr-FR\"},{\"@type\":\"Organization\",\"@id\":\"https:\/\/fluxlasers.eu\/fr\/#organization\",\"name\":\"Fluxlasers Espa\u00f1a\",\"url\":\"https:\/\/fluxlasers.eu\/fr\/\",\"logo\":{\"@type\":\"ImageObject\",\"inLanguage\":\"fr-FR\",\"@id\":\"https:\/\/fluxlasers.eu\/fr\/#\/schema\/logo\/image\/\",\"url\":\"https:\/\/fluxlasers.eu\/wp-content\/uploads\/2021\/03\/logofluxspainc.png\",\"contentUrl\":\"https:\/\/fluxlasers.eu\/wp-content\/uploads\/2021\/03\/logofluxspainc.png\",\"width\":350,\"height\":217,\"caption\":\"Fluxlasers Espa\u00f1a\"},\"image\":{\"@id\":\"https:\/\/fluxlasers.eu\/fr\/#\/schema\/logo\/image\/\"}}]}<\/script>\n<!-- \/ Yoast SEO plugin. -->","yoast_head_json":{"title":"Extension Rotary Support Tower \u2014 Chuck Rotary - Flux - Bomedia","robots":{"index":"index","follow":"follow","max-snippet":"max-snippet:-1","max-image-preview":"max-image-preview:large","max-video-preview":"max-video-preview:-1"},"canonical":"https:\/\/fluxlasers.eu\/fr\/produit\/extension-rotary-support-tower-chuck-rotary\/","og_locale":"fr_FR","og_type":"article","og_title":"Extension Rotary Support Tower \u2014 Chuck Rotary - Flux - Bomedia","og_description":"L\u2019Rotary Support Tower Add-on compl\u00e8te le Chuck Rotary en offrant un support stable pour les objets longs ou excentr\u00e9s, tels que les bouteilles, les verres ou les battes. Il maintient la pi\u00e8ce \u00e0 niveau pendant la rotation et garantit une gravure uniforme et professionnelle sur toute sa surface.","og_url":"https:\/\/fluxlasers.eu\/fr\/produit\/extension-rotary-support-tower-chuck-rotary\/","og_site_name":"Flux - Bomedia","og_image":[{"width":823,"height":823,"url":"https:\/\/fluxlasers.eu\/wp-content\/uploads\/2025\/12\/add_ons_support_tower_whats_in_the_box.png","type":"image\/png"}],"twitter_card":"summary_large_image","twitter_misc":{"Dur\u00e9e de lecture estim\u00e9e":"1 minute"},"schema":{"@context":"https:\/\/schema.org","@graph":[{"@type":"WebPage","@id":"https:\/\/fluxlasers.eu\/fr\/produit\/extension-rotary-support-tower-chuck-rotary\/","url":"https:\/\/fluxlasers.eu\/fr\/produit\/extension-rotary-support-tower-chuck-rotary\/","name":"Extension Rotary Support Tower \u2014 Chuck Rotary - Flux - Bomedia","isPartOf":{"@id":"https:\/\/fluxlasers.eu\/fr\/#website"},"primaryImageOfPage":{"@id":"https:\/\/fluxlasers.eu\/fr\/produit\/extension-rotary-support-tower-chuck-rotary\/#primaryimage"},"image":{"@id":"https:\/\/fluxlasers.eu\/fr\/produit\/extension-rotary-support-tower-chuck-rotary\/#primaryimage"},"thumbnailUrl":"https:\/\/fluxlasers.eu\/wp-content\/uploads\/2025\/12\/add_ons_support_tower_whats_in_the_box.png","datePublished":"2025-12-11T08:44:57+00:00","breadcrumb":{"@id":"https:\/\/fluxlasers.eu\/fr\/produit\/extension-rotary-support-tower-chuck-rotary\/#breadcrumb"},"inLanguage":"fr-FR","potentialAction":[{"@type":"ReadAction","target":["https:\/\/fluxlasers.eu\/fr\/produit\/extension-rotary-support-tower-chuck-rotary\/"]}]},{"@type":"ImageObject","inLanguage":"fr-FR","@id":"https:\/\/fluxlasers.eu\/fr\/produit\/extension-rotary-support-tower-chuck-rotary\/#primaryimage","url":"https:\/\/fluxlasers.eu\/wp-content\/uploads\/2025\/12\/add_ons_support_tower_whats_in_the_box.png","contentUrl":"https:\/\/fluxlasers.eu\/wp-content\/uploads\/2025\/12\/add_ons_support_tower_whats_in_the_box.png","width":823,"height":823},{"@type":"BreadcrumbList","@id":"https:\/\/fluxlasers.eu\/fr\/produit\/extension-rotary-support-tower-chuck-rotary\/#breadcrumb","itemListElement":[{"@type":"ListItem","position":1,"name":"Portada","item":"https:\/\/fluxlasers.eu\/fr\/accueil\/"},{"@type":"ListItem","position":2,"name":"Boutique","item":"https:\/\/fluxlasers.eu\/fr\/boutique\/"},{"@type":"ListItem","position":3,"name":"Extension Rotary Support Tower \u2014 Chuck Rotary"}]},{"@type":"WebSite","@id":"https:\/\/fluxlasers.eu\/fr\/#website","url":"https:\/\/fluxlasers.eu\/fr\/","name":"Flux - Bomedia","description":"D\u00e9coupeuses et graveuses laser","publisher":{"@id":"https:\/\/fluxlasers.eu\/fr\/#organization"},"potentialAction":[{"@type":"SearchAction","target":{"@type":"EntryPoint","urlTemplate":"https:\/\/fluxlasers.eu\/fr\/?s={search_term_string}"},"query-input":{"@type":"PropertyValueSpecification","valueRequired":true,"valueName":"search_term_string"}}],"inLanguage":"fr-FR"},{"@type":"Organization","@id":"https:\/\/fluxlasers.eu\/fr\/#organization","name":"Fluxlasers Espa\u00f1a","url":"https:\/\/fluxlasers.eu\/fr\/","logo":{"@type":"ImageObject","inLanguage":"fr-FR","@id":"https:\/\/fluxlasers.eu\/fr\/#\/schema\/logo\/image\/","url":"https:\/\/fluxlasers.eu\/wp-content\/uploads\/2021\/03\/logofluxspainc.png","contentUrl":"https:\/\/fluxlasers.eu\/wp-content\/uploads\/2021\/03\/logofluxspainc.png","width":350,"height":217,"caption":"Fluxlasers Espa\u00f1a"},"image":{"@id":"https:\/\/fluxlasers.eu\/fr\/#\/schema\/logo\/image\/"}}]}},"_links":{"self":[{"href":"https:\/\/fluxlasers.eu\/fr\/wp-json\/wp\/v2\/product\/10772","targetHints":{"allow":["GET"]}}],"collection":[{"href":"https:\/\/fluxlasers.eu\/fr\/wp-json\/wp\/v2\/product"}],"about":[{"href":"https:\/\/fluxlasers.eu\/fr\/wp-json\/wp\/v2\/types\/product"}],"replies":[{"embeddable":true,"href":"https:\/\/fluxlasers.eu\/fr\/wp-json\/wp\/v2\/comments?post=10772"}],"wp:featuredmedia":[{"embeddable":true,"href":"https:\/\/fluxlasers.eu\/fr\/wp-json\/wp\/v2\/media\/4293"}],"wp:attachment":[{"href":"https:\/\/fluxlasers.eu\/fr\/wp-json\/wp\/v2\/media?parent=10772"}],"wp:term":[{"taxonomy":"product_brand","embeddable":true,"href":"https:\/\/fluxlasers.eu\/fr\/wp-json\/wp\/v2\/product_brand?post=10772"},{"taxonomy":"product_cat","embeddable":true,"href":"https:\/\/fluxlasers.eu\/fr\/wp-json\/wp\/v2\/product_cat?post=10772"},{"taxonomy":"product_tag","embeddable":true,"href":"https:\/\/fluxlasers.eu\/fr\/wp-json\/wp\/v2\/product_tag?post=10772"}],"curies":[{"name":"wp","href":"https:\/\/api.w.org\/{rel}","templated":true}]}}