{"id":10695,"date":"2025-12-11T09:58:01","date_gmt":"2025-12-11T08:58:01","guid":{"rendered":"https:\/\/fluxlasers.eu\/producto\/module-de-camera-grand-angle-beambox-ii\/"},"modified":"2025-12-11T09:58:01","modified_gmt":"2025-12-11T08:58:01","slug":"module-de-camera-grand-angle-beambox-ii","status":"publish","type":"product","link":"https:\/\/fluxlasers.eu\/fr\/produit\/module-de-camera-grand-angle-beambox-ii\/","title":{"rendered":"Module de cam\u00e9ra grand angle \u2013 Beambox II"},"content":{"rendered":"<h1 style=\"text-align: center;\" data-start=\"189\" data-end=\"234\"><strong data-start=\"191\" data-end=\"232\">Beambox II \u2013 Wide-Angle Camera Add-on<\/strong><\/h1>\n<h3 style=\"text-align: center;\" data-start=\"235\" data-end=\"307\"><strong data-start=\"239\" data-end=\"307\">Vue compl\u00e8te en un seul clic. Pr\u00e9cision maximale, temps minimal. <\/strong><\/h3>\n<p style=\"text-align: center;\" data-start=\"309\" data-end=\"602\">La <strong data-start=\"312\" data-end=\"349\">Wide-Angle Camera pour Beambox II<\/strong> transforme enti\u00e8rement votre flux de travail : capturez toute la zone de travail en une seule image, sans balayages pas \u00e0 pas ni compositions lentes. Obtenez une vue panoramique instantan\u00e9e et alignez vos conceptions avec une pr\u00e9cision totale avant de graver ou de d\u00e9couper. <\/p>\n<p style=\"text-align: center;\" data-start=\"604\" data-end=\"813\">Enti\u00e8rement compatible avec <strong data-start=\"630\" data-end=\"645\">Beam Studio<\/strong> et <strong data-start=\"648\" data-end=\"661\">LightBurn<\/strong>, elle offre une int\u00e9gration fluide qui acc\u00e9l\u00e8re chaque projet, r\u00e9duit le temps de pr\u00e9paration et vous permet de vous concentrer sur ce qui compte vraiment : cr\u00e9er.<\/p>\n<p style=\"text-align: center;\" data-start=\"815\" data-end=\"1100\">Avec une r\u00e9solution de <strong data-start=\"837\" data-end=\"845\">8 MP<\/strong> et une zone de pr\u00e9visualisation maximale de <strong data-start=\"886\" data-end=\"902\">600 \u00d7 375 mm<\/strong>, la cam\u00e9ra fournit une vue nette et fiable du mat\u00e9riau. Sa pr\u00e9cision de pr\u00e9visualisation allant jusqu\u2019\u00e0 <strong data-start=\"1008\" data-end=\"1017\">\u00b12 mm<\/strong> au centre de la zone garantit des r\u00e9sultats exacts m\u00eame pour les travaux d\u00e9taill\u00e9s. <\/p>\n<p style=\"text-align: center;\" data-start=\"1102\" data-end=\"1194\">Un compl\u00e9ment indispensable pour ceux qui recherchent rapidit\u00e9, contr\u00f4le et efficacit\u00e9 professionnelle.<\/p>\n<div style=\"width: 750px;\" class=\"wp-video\"><video class=\"wp-video-shortcode\" id=\"video-10695-1\" width=\"750\" height=\"332\" preload=\"metadata\" controls=\"controls\"><source type=\"video\/mp4\" src=\"https:\/\/fluxlasers.eu\/wp-content\/uploads\/2025\/12\/widecamera.mp4?_=1\" \/><a href=\"https:\/\/fluxlasers.eu\/wp-content\/uploads\/2025\/12\/widecamera.mp4\">https:\/\/fluxlasers.eu\/wp-content\/uploads\/2025\/12\/widecamera.mp4<\/a><\/video><\/div>\n<h2 style=\"text-align: center;\" data-start=\"1251\" data-end=\"1291\"><strong data-start=\"1254\" data-end=\"1291\">Qu\u2019apporte la Wide-Angle Camera ?<\/strong><\/h2>\n<p style=\"text-align: center;\" data-start=\"1293\" data-end=\"1390\"><strong data-start=\"1293\" data-end=\"1325\">Pr\u00e9visualisation instantan\u00e9e<\/strong><br data-start=\"1325\" data-end=\"1328\">Une seule capture et vous voyez tout l\u2019espace de travail en quelques secondes.<\/p>\n<p style=\"text-align: center;\" data-start=\"1392\" data-end=\"1515\"><strong data-start=\"1392\" data-end=\"1414\">Alignement pr\u00e9cis<\/strong><br data-start=\"1414\" data-end=\"1417\">R\u00e9duisez les erreurs et \u00e9vitez le gaspillage de mat\u00e9riau gr\u00e2ce \u00e0 une vue r\u00e9elle du design sur la pi\u00e8ce.<\/p>\n<p style=\"text-align: center;\" data-start=\"1517\" data-end=\"1637\"><strong data-start=\"1517\" data-end=\"1552\">Int\u00e9gration totale avec LightBurn<\/strong><br data-start=\"1552\" data-end=\"1555\">Compatible avec le syst\u00e8me de cam\u00e9ra de LightBurn pour des flux de travail avanc\u00e9s.<\/p>\n<p style=\"text-align: center;\" data-start=\"1639\" data-end=\"1712\"><strong data-start=\"1639\" data-end=\"1659\">Efficacit\u00e9 accrue<\/strong><br data-start=\"1659\" data-end=\"1662\">Moins de pr\u00e9paration, moins de balayages, plus de production.<\/p>\n<p style=\"text-align: center;\" data-start=\"1639\" data-end=\"1712\">\n<h2 style=\"text-align: center;\" data-start=\"136\" data-end=\"164\"><strong data-start=\"139\" data-end=\"164\">Que contient la bo\u00eete ?<\/strong><\/h2>\n<p><img decoding=\"async\" class=\"aligncenter size-large wp-image-4308\" src=\"https:\/\/fluxlasers.eu\/wp-content\/uploads\/2025\/12\/Captura-de-pantalla-2025-12-11-a-las-9.56.47.png\" alt=\"\" width=\"750\" height=\"497\" srcset=\"https:\/\/fluxlasers.eu\/wp-content\/uploads\/2025\/12\/Captura-de-pantalla-2025-12-11-a-las-9.56.47.png 756w, https:\/\/fluxlasers.eu\/wp-content\/uploads\/2025\/12\/Captura-de-pantalla-2025-12-11-a-las-9.56.47-300x199.png 300w, https:\/\/fluxlasers.eu\/wp-content\/uploads\/2025\/12\/Captura-de-pantalla-2025-12-11-a-las-9.56.47-600x398.png 600w\" sizes=\"(max-width: 750px) 100vw, 750px\" \/><\/p>\n<p style=\"text-align: center;\" data-start=\"166\" data-end=\"384\">A \u2014 Module de cam\u00e9ra grand angle<br data-start=\"199\" data-end=\"202\">B \u2014 Clips pour c\u00e2ble \u00d7 3<br data-start=\"226\" data-end=\"229\">C \u2014 \u00c9crous hexagonaux \u00d7 2<br data-start=\"256\" data-end=\"259\">D \u2014 Cl\u00e9 \u00e0 douille pour \u00e9crous hexagonaux<br data-start=\"301\" data-end=\"304\" data-is-only-node=\"\">E \u2014 C\u00e2ble de cam\u00e9ra<br data-start=\"323\" data-end=\"326\">F \u2014 Bande LED d\u2019\u00e9clairage<br data-start=\"353\" data-end=\"356\">G \u2014 Serre-c\u00e2bles \u00d7 2<\/p>\n","protected":false},"excerpt":{"rendered":"<p>La <strong data-start=\"1773\" data-end=\"1817\">Wide-Angle Camera Add-on pour Beambox II<\/strong> capture tout l\u2019espace de travail en une seule image, permettant un alignement parfait et un flux plus rapide dans Beam Studio et LightBurn. Avec une vue panoramique et une pr\u00e9visualisation pr\u00e9cise, elle r\u00e9duit les temps de pr\u00e9paration et am\u00e9liore l\u2019efficacit\u00e9 de chaque projet. <\/p>\n<p>&nbsp;<\/p>\n<p><em data-start=\"2079\" data-end=\"2106\">Exclusivement pour Beambox II<\/em>.<\/p>\n","protected":false},"featured_media":4307,"comment_status":"closed","ping_status":"closed","template":"","meta":[],"product_brand":[],"product_cat":[324,325],"product_tag":[],"class_list":{"0":"post-10695","1":"product","2":"type-product","3":"status-publish","4":"has-post-thumbnail","6":"product_cat-accessoires","7":"product_cat-accessoires-beambox","9":"first","10":"instock","11":"taxable","12":"shipping-taxable","13":"purchasable","14":"product-type-simple"},"yoast_head":"<!-- This site is optimized with the Yoast SEO plugin v27.0 - https:\/\/yoast.com\/product\/yoast-seo-wordpress\/ -->\n<title>Module de cam\u00e9ra grand angle \u2013 Beambox II - Flux - Bomedia<\/title>\n<meta name=\"robots\" content=\"index, follow, max-snippet:-1, max-image-preview:large, max-video-preview:-1\" \/>\n<link rel=\"canonical\" href=\"https:\/\/fluxlasers.eu\/fr\/produit\/module-de-camera-grand-angle-beambox-ii\/\" \/>\n<meta property=\"og:locale\" content=\"fr_FR\" \/>\n<meta property=\"og:type\" content=\"article\" \/>\n<meta property=\"og:title\" content=\"Module de cam\u00e9ra grand angle \u2013 Beambox II - Flux - Bomedia\" \/>\n<meta property=\"og:description\" content=\"La Wide-Angle Camera Add-on pour Beambox II capture tout l\u2019espace de travail en une seule image, permettant un alignement parfait et un flux plus rapide dans Beam Studio et LightBurn. Avec une vue panoramique et une pr\u00e9visualisation pr\u00e9cise, elle r\u00e9duit les temps de pr\u00e9paration et am\u00e9liore l\u2019efficacit\u00e9 de chaque projet.  &nbsp; Exclusivement pour Beambox II.\" \/>\n<meta property=\"og:url\" content=\"https:\/\/fluxlasers.eu\/fr\/produit\/module-de-camera-grand-angle-beambox-ii\/\" \/>\n<meta property=\"og:site_name\" content=\"Flux - Bomedia\" \/>\n<meta property=\"og:image\" content=\"https:\/\/fluxlasers.eu\/wp-content\/uploads\/2025\/12\/Wide-Angle-Cam.png\" \/>\n\t<meta property=\"og:image:width\" content=\"1200\" \/>\n\t<meta property=\"og:image:height\" content=\"1200\" \/>\n\t<meta property=\"og:image:type\" content=\"image\/png\" \/>\n<meta name=\"twitter:card\" content=\"summary_large_image\" \/>\n<meta name=\"twitter:label1\" content=\"Dur\u00e9e de lecture estim\u00e9e\" \/>\n\t<meta name=\"twitter:data1\" content=\"2 minutes\" \/>\n<script type=\"application\/ld+json\" class=\"yoast-schema-graph\">{\"@context\":\"https:\/\/schema.org\",\"@graph\":[{\"@type\":\"WebPage\",\"@id\":\"https:\/\/fluxlasers.eu\/fr\/produit\/module-de-camera-grand-angle-beambox-ii\/\",\"url\":\"https:\/\/fluxlasers.eu\/fr\/produit\/module-de-camera-grand-angle-beambox-ii\/\",\"name\":\"Module de cam\u00e9ra grand angle \u2013 Beambox II - Flux - Bomedia\",\"isPartOf\":{\"@id\":\"https:\/\/fluxlasers.eu\/fr\/#website\"},\"primaryImageOfPage\":{\"@id\":\"https:\/\/fluxlasers.eu\/fr\/produit\/module-de-camera-grand-angle-beambox-ii\/#primaryimage\"},\"image\":{\"@id\":\"https:\/\/fluxlasers.eu\/fr\/produit\/module-de-camera-grand-angle-beambox-ii\/#primaryimage\"},\"thumbnailUrl\":\"https:\/\/fluxlasers.eu\/wp-content\/uploads\/2025\/12\/Wide-Angle-Cam.png\",\"datePublished\":\"2025-12-11T08:58:01+00:00\",\"breadcrumb\":{\"@id\":\"https:\/\/fluxlasers.eu\/fr\/produit\/module-de-camera-grand-angle-beambox-ii\/#breadcrumb\"},\"inLanguage\":\"fr-FR\",\"potentialAction\":[{\"@type\":\"ReadAction\",\"target\":[\"https:\/\/fluxlasers.eu\/fr\/produit\/module-de-camera-grand-angle-beambox-ii\/\"]}]},{\"@type\":\"ImageObject\",\"inLanguage\":\"fr-FR\",\"@id\":\"https:\/\/fluxlasers.eu\/fr\/produit\/module-de-camera-grand-angle-beambox-ii\/#primaryimage\",\"url\":\"https:\/\/fluxlasers.eu\/wp-content\/uploads\/2025\/12\/Wide-Angle-Cam.png\",\"contentUrl\":\"https:\/\/fluxlasers.eu\/wp-content\/uploads\/2025\/12\/Wide-Angle-Cam.png\",\"width\":1200,\"height\":1200},{\"@type\":\"BreadcrumbList\",\"@id\":\"https:\/\/fluxlasers.eu\/fr\/produit\/module-de-camera-grand-angle-beambox-ii\/#breadcrumb\",\"itemListElement\":[{\"@type\":\"ListItem\",\"position\":1,\"name\":\"Portada\",\"item\":\"https:\/\/fluxlasers.eu\/fr\/accueil\/\"},{\"@type\":\"ListItem\",\"position\":2,\"name\":\"Boutique\",\"item\":\"https:\/\/fluxlasers.eu\/fr\/boutique\/\"},{\"@type\":\"ListItem\",\"position\":3,\"name\":\"Module de cam\u00e9ra grand angle \u2013 Beambox II\"}]},{\"@type\":\"WebSite\",\"@id\":\"https:\/\/fluxlasers.eu\/fr\/#website\",\"url\":\"https:\/\/fluxlasers.eu\/fr\/\",\"name\":\"Flux - Bomedia\",\"description\":\"D\u00e9coupeuses et graveuses laser\",\"publisher\":{\"@id\":\"https:\/\/fluxlasers.eu\/fr\/#organization\"},\"potentialAction\":[{\"@type\":\"SearchAction\",\"target\":{\"@type\":\"EntryPoint\",\"urlTemplate\":\"https:\/\/fluxlasers.eu\/fr\/?s={search_term_string}\"},\"query-input\":{\"@type\":\"PropertyValueSpecification\",\"valueRequired\":true,\"valueName\":\"search_term_string\"}}],\"inLanguage\":\"fr-FR\"},{\"@type\":\"Organization\",\"@id\":\"https:\/\/fluxlasers.eu\/fr\/#organization\",\"name\":\"Fluxlasers Espa\u00f1a\",\"url\":\"https:\/\/fluxlasers.eu\/fr\/\",\"logo\":{\"@type\":\"ImageObject\",\"inLanguage\":\"fr-FR\",\"@id\":\"https:\/\/fluxlasers.eu\/fr\/#\/schema\/logo\/image\/\",\"url\":\"https:\/\/fluxlasers.eu\/wp-content\/uploads\/2021\/03\/logofluxspainc.png\",\"contentUrl\":\"https:\/\/fluxlasers.eu\/wp-content\/uploads\/2021\/03\/logofluxspainc.png\",\"width\":350,\"height\":217,\"caption\":\"Fluxlasers Espa\u00f1a\"},\"image\":{\"@id\":\"https:\/\/fluxlasers.eu\/fr\/#\/schema\/logo\/image\/\"}}]}<\/script>\n<!-- \/ Yoast SEO plugin. -->","yoast_head_json":{"title":"Module de cam\u00e9ra grand angle \u2013 Beambox II - Flux - Bomedia","robots":{"index":"index","follow":"follow","max-snippet":"max-snippet:-1","max-image-preview":"max-image-preview:large","max-video-preview":"max-video-preview:-1"},"canonical":"https:\/\/fluxlasers.eu\/fr\/produit\/module-de-camera-grand-angle-beambox-ii\/","og_locale":"fr_FR","og_type":"article","og_title":"Module de cam\u00e9ra grand angle \u2013 Beambox II - Flux - Bomedia","og_description":"La Wide-Angle Camera Add-on pour Beambox II capture tout l\u2019espace de travail en une seule image, permettant un alignement parfait et un flux plus rapide dans Beam Studio et LightBurn. Avec une vue panoramique et une pr\u00e9visualisation pr\u00e9cise, elle r\u00e9duit les temps de pr\u00e9paration et am\u00e9liore l\u2019efficacit\u00e9 de chaque projet.  &nbsp; Exclusivement pour Beambox II.","og_url":"https:\/\/fluxlasers.eu\/fr\/produit\/module-de-camera-grand-angle-beambox-ii\/","og_site_name":"Flux - Bomedia","og_image":[{"width":1200,"height":1200,"url":"https:\/\/fluxlasers.eu\/wp-content\/uploads\/2025\/12\/Wide-Angle-Cam.png","type":"image\/png"}],"twitter_card":"summary_large_image","twitter_misc":{"Dur\u00e9e de lecture estim\u00e9e":"2 minutes"},"schema":{"@context":"https:\/\/schema.org","@graph":[{"@type":"WebPage","@id":"https:\/\/fluxlasers.eu\/fr\/produit\/module-de-camera-grand-angle-beambox-ii\/","url":"https:\/\/fluxlasers.eu\/fr\/produit\/module-de-camera-grand-angle-beambox-ii\/","name":"Module de cam\u00e9ra grand angle \u2013 Beambox II - Flux - Bomedia","isPartOf":{"@id":"https:\/\/fluxlasers.eu\/fr\/#website"},"primaryImageOfPage":{"@id":"https:\/\/fluxlasers.eu\/fr\/produit\/module-de-camera-grand-angle-beambox-ii\/#primaryimage"},"image":{"@id":"https:\/\/fluxlasers.eu\/fr\/produit\/module-de-camera-grand-angle-beambox-ii\/#primaryimage"},"thumbnailUrl":"https:\/\/fluxlasers.eu\/wp-content\/uploads\/2025\/12\/Wide-Angle-Cam.png","datePublished":"2025-12-11T08:58:01+00:00","breadcrumb":{"@id":"https:\/\/fluxlasers.eu\/fr\/produit\/module-de-camera-grand-angle-beambox-ii\/#breadcrumb"},"inLanguage":"fr-FR","potentialAction":[{"@type":"ReadAction","target":["https:\/\/fluxlasers.eu\/fr\/produit\/module-de-camera-grand-angle-beambox-ii\/"]}]},{"@type":"ImageObject","inLanguage":"fr-FR","@id":"https:\/\/fluxlasers.eu\/fr\/produit\/module-de-camera-grand-angle-beambox-ii\/#primaryimage","url":"https:\/\/fluxlasers.eu\/wp-content\/uploads\/2025\/12\/Wide-Angle-Cam.png","contentUrl":"https:\/\/fluxlasers.eu\/wp-content\/uploads\/2025\/12\/Wide-Angle-Cam.png","width":1200,"height":1200},{"@type":"BreadcrumbList","@id":"https:\/\/fluxlasers.eu\/fr\/produit\/module-de-camera-grand-angle-beambox-ii\/#breadcrumb","itemListElement":[{"@type":"ListItem","position":1,"name":"Portada","item":"https:\/\/fluxlasers.eu\/fr\/accueil\/"},{"@type":"ListItem","position":2,"name":"Boutique","item":"https:\/\/fluxlasers.eu\/fr\/boutique\/"},{"@type":"ListItem","position":3,"name":"Module de cam\u00e9ra grand angle \u2013 Beambox II"}]},{"@type":"WebSite","@id":"https:\/\/fluxlasers.eu\/fr\/#website","url":"https:\/\/fluxlasers.eu\/fr\/","name":"Flux - Bomedia","description":"D\u00e9coupeuses et graveuses laser","publisher":{"@id":"https:\/\/fluxlasers.eu\/fr\/#organization"},"potentialAction":[{"@type":"SearchAction","target":{"@type":"EntryPoint","urlTemplate":"https:\/\/fluxlasers.eu\/fr\/?s={search_term_string}"},"query-input":{"@type":"PropertyValueSpecification","valueRequired":true,"valueName":"search_term_string"}}],"inLanguage":"fr-FR"},{"@type":"Organization","@id":"https:\/\/fluxlasers.eu\/fr\/#organization","name":"Fluxlasers Espa\u00f1a","url":"https:\/\/fluxlasers.eu\/fr\/","logo":{"@type":"ImageObject","inLanguage":"fr-FR","@id":"https:\/\/fluxlasers.eu\/fr\/#\/schema\/logo\/image\/","url":"https:\/\/fluxlasers.eu\/wp-content\/uploads\/2021\/03\/logofluxspainc.png","contentUrl":"https:\/\/fluxlasers.eu\/wp-content\/uploads\/2021\/03\/logofluxspainc.png","width":350,"height":217,"caption":"Fluxlasers Espa\u00f1a"},"image":{"@id":"https:\/\/fluxlasers.eu\/fr\/#\/schema\/logo\/image\/"}}]}},"_links":{"self":[{"href":"https:\/\/fluxlasers.eu\/fr\/wp-json\/wp\/v2\/product\/10695","targetHints":{"allow":["GET"]}}],"collection":[{"href":"https:\/\/fluxlasers.eu\/fr\/wp-json\/wp\/v2\/product"}],"about":[{"href":"https:\/\/fluxlasers.eu\/fr\/wp-json\/wp\/v2\/types\/product"}],"replies":[{"embeddable":true,"href":"https:\/\/fluxlasers.eu\/fr\/wp-json\/wp\/v2\/comments?post=10695"}],"wp:featuredmedia":[{"embeddable":true,"href":"https:\/\/fluxlasers.eu\/fr\/wp-json\/wp\/v2\/media\/4307"}],"wp:attachment":[{"href":"https:\/\/fluxlasers.eu\/fr\/wp-json\/wp\/v2\/media?parent=10695"}],"wp:term":[{"taxonomy":"product_brand","embeddable":true,"href":"https:\/\/fluxlasers.eu\/fr\/wp-json\/wp\/v2\/product_brand?post=10695"},{"taxonomy":"product_cat","embeddable":true,"href":"https:\/\/fluxlasers.eu\/fr\/wp-json\/wp\/v2\/product_cat?post=10695"},{"taxonomy":"product_tag","embeddable":true,"href":"https:\/\/fluxlasers.eu\/fr\/wp-json\/wp\/v2\/product_tag?post=10695"}],"curies":[{"name":"wp","href":"https:\/\/api.w.org\/{rel}","templated":true}]}}