{"id":10616,"date":"2025-12-11T08:49:28","date_gmt":"2025-12-11T07:49:28","guid":{"rendered":"https:\/\/fluxlasers.eu\/producto\/extension-pocket-add-on-beambox-ii\/"},"modified":"2025-12-11T08:49:28","modified_gmt":"2025-12-11T07:49:28","slug":"extension-pocket-add-on-beambox-ii","status":"publish","type":"product","link":"https:\/\/fluxlasers.eu\/fr\/produit\/extension-pocket-add-on-beambox-ii\/","title":{"rendered":"Extension Pocket Add-on \u2013 Beambox II"},"content":{"rendered":"<h2 style=\"text-align: center;\" data-start=\"202\" data-end=\"247\"><strong data-start=\"205\" data-end=\"245\">Beambox II \u2013 Extension Pocket Add-on<\/strong><\/h2>\n<h3 style=\"text-align: center;\" data-start=\"248\" data-end=\"286\"><strong data-start=\"252\" data-end=\"286\">Repoussez les limites de vos cr\u00e9ations<\/strong><\/h3>\n<p style=\"text-align: center;\" data-start=\"288\" data-end=\"584\">L&rsquo;<strong data-start=\"291\" data-end=\"318\">Extension Pocket Add-on<\/strong> \u00e9largit consid\u00e9rablement les possibilit\u00e9s de votre Beambox II. Non seulement il permet de travailler des mat\u00e9riaux beaucoup plus \u00e9pais, mais il est \u00e9galement enti\u00e8rement compatible avec le <strong data-start=\"492\" data-end=\"508\">Chuck Rotary<\/strong>, ouvrant la voie \u00e0 la gravure d&rsquo;objets cylindriques et de formes diverses. <\/p>\n<p style=\"text-align: center;\" data-start=\"586\" data-end=\"846\">Avec un plateau d&rsquo;extension offrant une surface de travail de <strong data-start=\"648\" data-end=\"664\">385 \u00d7 210 mm<\/strong> et une <strong data-start=\"671\" data-end=\"696\">profondeur de 215 mm<\/strong>, vous aurez une r\u00e9elle libert\u00e9 pour explorer des projets plus ambitieux : des pi\u00e8ces volumineuses aux gobelets de type <em data-start=\"802\" data-end=\"817\">Stanley 40 oz<\/em> (parfaitement compatibles).<\/p>\n<p data-start=\"586\" data-end=\"846\"><img decoding=\"async\" class=\"aligncenter size-full wp-image-4246\" src=\"https:\/\/fluxlasers.eu\/wp-content\/uploads\/2025\/12\/0E5A3569-1.jpg\" alt=\"\" width=\"1000\" height=\"667\" srcset=\"https:\/\/fluxlasers.eu\/wp-content\/uploads\/2025\/12\/0E5A3569-1.jpg 1000w, https:\/\/fluxlasers.eu\/wp-content\/uploads\/2025\/12\/0E5A3569-1-300x200.jpg 300w, https:\/\/fluxlasers.eu\/wp-content\/uploads\/2025\/12\/0E5A3569-1-768x512.jpg 768w, https:\/\/fluxlasers.eu\/wp-content\/uploads\/2025\/12\/0E5A3569-1-600x400.jpg 600w\" sizes=\"(max-width: 1000px) 100vw, 1000px\" \/><\/p>\n<hr data-start=\"848\" data-end=\"851\">\n<h3 style=\"text-align: center;\" data-start=\"853\" data-end=\"913\"><strong data-start=\"857\" data-end=\"911\">Profondeur suppl\u00e9mentaire pour une cr\u00e9ativit\u00e9 sans limites<\/strong><\/h3>\n<p style=\"text-align: center;\" data-start=\"914\" data-end=\"1126\">Augmentez la profondeur de travail de 125 mm \u00e0 <strong data-start=\"982\" data-end=\"992\">215 mm<\/strong>, soit un gain de <strong data-start=\"1002\" data-end=\"1023\">90 mm suppl\u00e9mentaires<\/strong>. Cet espace \u00e9largi vous permet de graver des objets volumineux avec la m\u00eame pr\u00e9cision et fluidit\u00e9 que d&rsquo;habitude. <\/p>\n<hr data-start=\"1128\" data-end=\"1131\">\n<h3 style=\"text-align: center;\" data-start=\"1133\" data-end=\"1186\"><strong data-start=\"1137\" data-end=\"1184\">Parfait pour les cylindres et les formes sp\u00e9ciales<\/strong><\/h3>\n<p style=\"text-align: center;\" data-start=\"1187\" data-end=\"1437\">L&rsquo;Extension Pocket Add-on est con\u00e7u pour fonctionner avec le <strong data-start=\"1249\" data-end=\"1265\">Chuck Rotary<\/strong>, offrant une prise impeccable pour les cylindres, bagues, sph\u00e8res et objets irr\u00e9guliers.<br data-start=\"1353\" data-end=\"1356\">Personnalisez facilement de grands contenants, des tasses isothermes, des bouteilles et bien plus encore.<\/p>\n<p data-start=\"1187\" data-end=\"1437\"><img decoding=\"async\" class=\"aligncenter size-full wp-image-4244\" src=\"https:\/\/fluxlasers.eu\/wp-content\/uploads\/2025\/12\/0E5A3709.jpg\" alt=\"\" width=\"1000\" height=\"667\" srcset=\"https:\/\/fluxlasers.eu\/wp-content\/uploads\/2025\/12\/0E5A3709.jpg 1000w, https:\/\/fluxlasers.eu\/wp-content\/uploads\/2025\/12\/0E5A3709-300x200.jpg 300w, https:\/\/fluxlasers.eu\/wp-content\/uploads\/2025\/12\/0E5A3709-768x512.jpg 768w, https:\/\/fluxlasers.eu\/wp-content\/uploads\/2025\/12\/0E5A3709-600x400.jpg 600w\" sizes=\"(max-width: 1000px) 100vw, 1000px\" \/><\/p>\n<hr data-start=\"1439\" data-end=\"1442\">\n<h3 style=\"text-align: center;\" data-start=\"1444\" data-end=\"1482\"><strong data-start=\"1448\" data-end=\"1480\">Montage rapide, acc\u00e8s total<\/strong><\/h3>\n<p style=\"text-align: center;\" data-start=\"1483\" data-end=\"1575\">L&rsquo;installation du module est simple et am\u00e9liore l&rsquo;acc\u00e8s \u00e0 tous les add-ons de la Beambox II, tels que :<\/p>\n<p style=\"text-align: center;\" data-start=\"1578\" data-end=\"1595\"><strong data-start=\"1578\" data-end=\"1593\">Passthrough<\/strong><\/p>\n<p style=\"text-align: center;\" data-start=\"1598\" data-end=\"1615\"><strong data-start=\"1598\" data-end=\"1613\">Auto Feeder<\/strong><\/p>\n<p style=\"text-align: center;\" data-start=\"1618\" data-end=\"1634\"><strong data-start=\"1618\" data-end=\"1634\">Chuck Rotary<\/strong><\/p>\n<p style=\"text-align: center;\" data-start=\"1636\" data-end=\"1705\">Tout est pens\u00e9 pour vous permettre de travailler de mani\u00e8re fluide et sans interruptions.<\/p>\n<hr data-start=\"1707\" data-end=\"1710\">\n<h2 style=\"text-align: center;\" data-start=\"1712\" data-end=\"1770\"><strong data-start=\"1715\" data-end=\"1770\">Sp\u00e9cifications techniques \u2014 Extension Pocket Add-on<\/strong><\/h2>\n<p style=\"text-align: center;\" data-start=\"1774\" data-end=\"1847\"><strong data-start=\"1774\" data-end=\"1798\">Dimensions du produit :<\/strong> 670 \u00d7 290 \u00d7 100 mm<br data-start=\"1817\" data-end=\"1820\">(26.38 \u00d7 11.42 \u00d7 3.94\u201d)<\/p>\n<p style=\"text-align: center;\" data-start=\"1850\" data-end=\"1879\"><strong data-start=\"1850\" data-end=\"1859\">Poids :<\/strong> 7,5 kg (16.53 lb)<\/p>\n<p style=\"text-align: center;\" data-start=\"1882\" data-end=\"1937\"><strong data-start=\"1882\" data-end=\"1902\">Surface de travail :<\/strong> 385 \u00d7 210 mm<br data-start=\"1915\" data-end=\"1918\">(15.16 \u00d7 8.27\u201d)<\/p>\n<p style=\"text-align: center;\" data-start=\"1940\" data-end=\"1984\"><strong data-start=\"1940\" data-end=\"1967\">Profondeur de travail :<\/strong> 215 mm (8.46\u201d)<\/p>\n<hr data-start=\"1986\" data-end=\"1989\">\n<h2 style=\"text-align: center;\" data-start=\"1991\" data-end=\"2030\"><strong data-start=\"1994\" data-end=\"2030\">Compatibilit\u00e9 avec d&rsquo;autres Add-ons<\/strong><\/h2>\n<p style=\"text-align: center;\"><img decoding=\"async\" class=\"wp-image-4224 size-medium alignnone\" src=\"https:\/\/fluxlasers.eu\/wp-content\/uploads\/2025\/12\/0E5A3476-300x200.jpg\" alt=\"\" width=\"300\" height=\"200\" srcset=\"https:\/\/fluxlasers.eu\/wp-content\/uploads\/2025\/12\/0E5A3476-300x200.jpg 300w, https:\/\/fluxlasers.eu\/wp-content\/uploads\/2025\/12\/0E5A3476-1024x683.jpg 1024w, https:\/\/fluxlasers.eu\/wp-content\/uploads\/2025\/12\/0E5A3476-768x512.jpg 768w, https:\/\/fluxlasers.eu\/wp-content\/uploads\/2025\/12\/0E5A3476-1536x1024.jpg 1536w, https:\/\/fluxlasers.eu\/wp-content\/uploads\/2025\/12\/0E5A3476-600x400.jpg 600w, https:\/\/fluxlasers.eu\/wp-content\/uploads\/2025\/12\/0E5A3476.jpg 1920w\" sizes=\"(max-width: 300px) 100vw, 300px\" \/> <img decoding=\"async\" class=\"wp-image-4241 size-medium alignnone\" src=\"https:\/\/fluxlasers.eu\/wp-content\/uploads\/2025\/12\/0E5A3579-1-300x200.jpg\" alt=\"\" width=\"300\" height=\"200\" srcset=\"https:\/\/fluxlasers.eu\/wp-content\/uploads\/2025\/12\/0E5A3579-1-300x200.jpg 300w, https:\/\/fluxlasers.eu\/wp-content\/uploads\/2025\/12\/0E5A3579-1-768x512.jpg 768w, https:\/\/fluxlasers.eu\/wp-content\/uploads\/2025\/12\/0E5A3579-1-600x400.jpg 600w, https:\/\/fluxlasers.eu\/wp-content\/uploads\/2025\/12\/0E5A3579-1.jpg 1000w\" sizes=\"(max-width: 300px) 100vw, 300px\" \/><\/p>\n<h3 style=\"text-align: center;\" data-start=\"2032\" data-end=\"2058\"><strong data-start=\"2036\" data-end=\"2058\">Passthrough Add-on<\/strong><\/h3>\n<p style=\"text-align: center;\" data-start=\"2061\" data-end=\"2109\">Dimensions : 42 \u00d7 28 \u00d7 135 mm (1.65 \u00d7 1.10 \u00d7 5.31\u201d)<\/p>\n<p style=\"text-align: center;\" data-start=\"2112\" data-end=\"2142\">Poids maximum support\u00e9 : 100 g<\/p>\n<p style=\"text-align: center;\" data-start=\"2145\" data-end=\"2185\">Profondeur maximale du mat\u00e9riau : 14 mm<\/p>\n<p style=\"text-align: center;\" data-start=\"2188\" data-end=\"2223\">Largeur maximale du mat\u00e9riau : 350 mm<\/p>\n<h3 style=\"text-align: center;\" data-start=\"2225\" data-end=\"2245\"><strong data-start=\"2229\" data-end=\"2245\">Chuck Rotary<\/strong><\/h3>\n<p style=\"text-align: center;\" data-start=\"2248\" data-end=\"2287\"><strong data-start=\"2248\" data-end=\"2262\">Cylindres :<\/strong> 1\u2013145 mm (jusqu&rsquo;\u00e0 5.71\u201d)<\/p>\n<p style=\"text-align: center;\" data-start=\"2290\" data-end=\"2314\"><strong data-start=\"2290\" data-end=\"2302\">Bagues :<\/strong> 11\u2013145 mm<\/p>\n<p style=\"text-align: center;\" data-start=\"2317\" data-end=\"2341\"><strong data-start=\"2317\" data-end=\"2329\">Sph\u00e8res :<\/strong> 25\u2013130 mm<\/p>\n<p style=\"text-align: center;\" data-start=\"2344\" data-end=\"2384\"><strong data-start=\"2344\" data-end=\"2375\">Longueur maximale de gravure :<\/strong> 500 mm<\/p>\n<h3 style=\"text-align: center;\" data-start=\"2386\" data-end=\"2412\"><strong data-start=\"2390\" data-end=\"2412\">Auto Feeder Add-on<\/strong><\/h3>\n<p style=\"text-align: center;\" data-start=\"2415\" data-end=\"2494\"><strong data-start=\"2415\" data-end=\"2440\">Largeur du mat\u00e9riau :<\/strong> jusqu&rsquo;\u00e0 350 mm (ou 525 mm avec l&rsquo;Extension Pocket Add-on)<\/p>\n<p style=\"text-align: center;\" data-start=\"2497\" data-end=\"2573\"><strong data-start=\"2497\" data-end=\"2521\">\u00c9paisseur du mat\u00e9riau :<\/strong> jusqu&rsquo;\u00e0 14 mm (ou 50 mm avec l&rsquo;Extension Pocket Add-on)<\/p>\n<p style=\"text-align: center;\" data-start=\"2576\" data-end=\"2626\"><strong data-start=\"2576\" data-end=\"2610\">Zone de traitement \u2013 profondeur :<\/strong> jusqu&rsquo;\u00e0 1610 mm<\/p>\n<p style=\"text-align: center;\" data-start=\"2629\" data-end=\"2667\"><strong data-start=\"2629\" data-end=\"2659\">\u00c9paisseur maximale de serrage :<\/strong> 20 mm<\/p>\n<hr data-start=\"2669\" data-end=\"2672\">\n<h2 style=\"text-align: center;\" data-start=\"2674\" data-end=\"2701\"><strong data-start=\"2677\" data-end=\"2701\">Contenu de la bo\u00eete<\/strong><\/h2>\n<p style=\"text-align: center;\"><img decoding=\"async\" class=\"alignnone wp-image-4235 size-medium\" src=\"https:\/\/fluxlasers.eu\/wp-content\/uploads\/2025\/12\/Whats-in-the-Box_Passthrough_Extension-Pocket-300x300.jpg\" alt=\"\" width=\"300\" height=\"300\" srcset=\"https:\/\/fluxlasers.eu\/wp-content\/uploads\/2025\/12\/Whats-in-the-Box_Passthrough_Extension-Pocket-300x300.jpg 300w, https:\/\/fluxlasers.eu\/wp-content\/uploads\/2025\/12\/Whats-in-the-Box_Passthrough_Extension-Pocket-150x150.jpg 150w, https:\/\/fluxlasers.eu\/wp-content\/uploads\/2025\/12\/Whats-in-the-Box_Passthrough_Extension-Pocket-768x768.jpg 768w, https:\/\/fluxlasers.eu\/wp-content\/uploads\/2025\/12\/Whats-in-the-Box_Passthrough_Extension-Pocket-270x270.jpg 270w, https:\/\/fluxlasers.eu\/wp-content\/uploads\/2025\/12\/Whats-in-the-Box_Passthrough_Extension-Pocket-230x230.jpg 230w, https:\/\/fluxlasers.eu\/wp-content\/uploads\/2025\/12\/Whats-in-the-Box_Passthrough_Extension-Pocket-600x600.jpg 600w, https:\/\/fluxlasers.eu\/wp-content\/uploads\/2025\/12\/Whats-in-the-Box_Passthrough_Extension-Pocket-100x100.jpg 100w, https:\/\/fluxlasers.eu\/wp-content\/uploads\/2025\/12\/Whats-in-the-Box_Passthrough_Extension-Pocket.jpg 1000w\" sizes=\"(max-width: 300px) 100vw, 300px\" \/><\/p>\n<p style=\"text-align: center;\" data-start=\"2704\" data-end=\"2722\">Extension Pocket<\/p>\n<p style=\"text-align: center;\" data-start=\"2725\" data-end=\"2758\">Supports Riser pour Beambox II \u00d72<\/p>\n<p style=\"text-align: center;\" data-start=\"2761\" data-end=\"2803\">Supports Riser longs pour Chuck Rotary \u00d73<\/p>\n<p style=\"text-align: center;\" data-start=\"2806\" data-end=\"2832\">Vis de fixation \u00d74<\/p>\n","protected":false},"excerpt":{"rendered":"<article class=\"text-token-text-primary w-full focus:outline-none [--shadow-height:45px] has-data-writing-block:pointer-events-none has-data-writing-block:-mt-(--shadow-height) has-data-writing-block:pt-(--shadow-height) [&amp;:has([data-writing-block])&gt;*]:pointer-events-auto scroll-mt-[calc(var(--header-height)+min(200px,max(70px,20svh)))]\" dir=\"auto\" tabindex=\"-1\" data-turn-id=\"d9fc27a5-4ab4-4340-9857-280f26c73cc1\" data-testid=\"conversation-turn-18\" data-scroll-anchor=\"true\" data-turn=\"assistant\">\n<div class=\"text-base my-auto mx-auto pb-10 [--thread-content-margin:--spacing(4)] @w-sm\/main:[--thread-content-margin:--spacing(6)] @w-lg\/main:[--thread-content-margin:--spacing(16)] px-(--thread-content-margin)\">\n<div class=\"[--thread-content-max-width:40rem] @w-lg\/main:[--thread-content-max-width:48rem] mx-auto max-w-(--thread-content-max-width) flex-1 group\/turn-messages focus-visible:outline-hidden relative flex w-full min-w-0 flex-col agent-turn\" tabindex=\"-1\">\n<div class=\"flex max-w-full flex-col grow\">\n<div class=\"min-h-8 text-message relative flex w-full flex-col items-end gap-2 text-start break-words whitespace-normal [.text-message+&amp;]:mt-1\" dir=\"auto\" data-message-author-role=\"assistant\" data-message-id=\"61ea46c7-190e-4469-9401-d30f00676ce9\" data-message-model-slug=\"gpt-5-1-thinking\">\n<div class=\"flex w-full flex-col gap-1 empty:hidden first:pt-[1px]\">\n<div class=\"markdown prose dark:prose-invert w-full break-words light markdown-new-styling\">\n<p data-start=\"0\" data-end=\"492\" data-is-last-node=\"\" data-is-only-node=\"\">L&rsquo;<strong data-start=\"3\" data-end=\"46\">Extension Pocket Add-on pour Beambox II<\/strong> augmente la profondeur de travail jusqu&rsquo;\u00e0 <strong data-start=\"86\" data-end=\"96\">215 mm<\/strong> et offre une surface de <strong data-start=\"117\" data-end=\"133\">385 \u00d7 210 mm<\/strong>, permettant de graver des mat\u00e9riaux plus \u00e9pais et des objets volumineux, y compris des cylindres et des gobelets de type <em data-start=\"233\" data-end=\"248\">Stanley 40 oz<\/em> lorsqu&rsquo;il est combin\u00e9 avec le <strong data-start=\"274\" data-end=\"290\">Chuck Rotary<\/strong>. Facile \u00e0 monter, il am\u00e9liore l&rsquo;acc\u00e8s \u00e0 d&rsquo;autres modules comme le <strong data-start=\"350\" data-end=\"365\">Passthrough<\/strong> et l&rsquo; <strong data-start=\"368\" data-end=\"383\">Auto Feeder<\/strong>, transformant votre Beambox II en une solution bien plus polyvalente pour vos projets professionnels et personnalis\u00e9s. <\/p>\n<\/div>\n<\/div>\n<\/div>\n<\/div>\n<\/div>\n<\/div>\n<\/article>\n","protected":false},"featured_media":4252,"comment_status":"closed","ping_status":"closed","template":"","meta":[],"product_brand":[],"product_cat":[324,325],"product_tag":[],"class_list":{"0":"post-10616","1":"product","2":"type-product","3":"status-publish","4":"has-post-thumbnail","6":"product_cat-accessoires","7":"product_cat-accessoires-beambox","9":"first","10":"instock","11":"taxable","12":"shipping-taxable","13":"purchasable","14":"product-type-simple"},"yoast_head":"<!-- This site is optimized with the Yoast SEO plugin v27.0 - https:\/\/yoast.com\/product\/yoast-seo-wordpress\/ -->\n<title>Extension Pocket Add-on \u2013 Beambox II - Flux - Bomedia<\/title>\n<meta name=\"robots\" content=\"index, follow, max-snippet:-1, max-image-preview:large, max-video-preview:-1\" \/>\n<link rel=\"canonical\" href=\"https:\/\/fluxlasers.eu\/fr\/produit\/extension-pocket-add-on-beambox-ii\/\" \/>\n<meta property=\"og:locale\" content=\"fr_FR\" \/>\n<meta property=\"og:type\" content=\"article\" \/>\n<meta property=\"og:title\" content=\"Extension Pocket Add-on \u2013 Beambox II - Flux - Bomedia\" \/>\n<meta property=\"og:description\" content=\"L&#039;Extension Pocket Add-on pour Beambox II augmente la profondeur de travail jusqu&#039;\u00e0 215 mm et offre une surface de 385 \u00d7 210 mm, permettant de graver des mat\u00e9riaux plus \u00e9pais et des objets volumineux, y compris des cylindres et des gobelets de type Stanley 40 oz lorsqu&#039;il est combin\u00e9 avec le Chuck Rotary. Facile \u00e0 monter, il am\u00e9liore l&#039;acc\u00e8s \u00e0 d&#039;autres modules comme le Passthrough et l&#039; Auto Feeder, transformant votre Beambox II en une solution bien plus polyvalente pour vos projets professionnels et personnalis\u00e9s.\" \/>\n<meta property=\"og:url\" content=\"https:\/\/fluxlasers.eu\/fr\/produit\/extension-pocket-add-on-beambox-ii\/\" \/>\n<meta property=\"og:site_name\" content=\"Flux - Bomedia\" \/>\n<meta property=\"og:image\" content=\"https:\/\/fluxlasers.eu\/wp-content\/uploads\/2025\/12\/0E5A3986.jpg\" \/>\n\t<meta property=\"og:image:width\" content=\"1000\" \/>\n\t<meta property=\"og:image:height\" content=\"666\" \/>\n\t<meta property=\"og:image:type\" content=\"image\/jpeg\" \/>\n<meta name=\"twitter:card\" content=\"summary_large_image\" \/>\n<meta name=\"twitter:label1\" content=\"Dur\u00e9e de lecture estim\u00e9e\" \/>\n\t<meta name=\"twitter:data1\" content=\"2 minutes\" \/>\n<script type=\"application\/ld+json\" class=\"yoast-schema-graph\">{\"@context\":\"https:\/\/schema.org\",\"@graph\":[{\"@type\":\"WebPage\",\"@id\":\"https:\/\/fluxlasers.eu\/fr\/produit\/extension-pocket-add-on-beambox-ii\/\",\"url\":\"https:\/\/fluxlasers.eu\/fr\/produit\/extension-pocket-add-on-beambox-ii\/\",\"name\":\"Extension Pocket Add-on \u2013 Beambox II - Flux - Bomedia\",\"isPartOf\":{\"@id\":\"https:\/\/fluxlasers.eu\/fr\/#website\"},\"primaryImageOfPage\":{\"@id\":\"https:\/\/fluxlasers.eu\/fr\/produit\/extension-pocket-add-on-beambox-ii\/#primaryimage\"},\"image\":{\"@id\":\"https:\/\/fluxlasers.eu\/fr\/produit\/extension-pocket-add-on-beambox-ii\/#primaryimage\"},\"thumbnailUrl\":\"https:\/\/fluxlasers.eu\/wp-content\/uploads\/2025\/12\/0E5A3986.jpg\",\"datePublished\":\"2025-12-11T07:49:28+00:00\",\"breadcrumb\":{\"@id\":\"https:\/\/fluxlasers.eu\/fr\/produit\/extension-pocket-add-on-beambox-ii\/#breadcrumb\"},\"inLanguage\":\"fr-FR\",\"potentialAction\":[{\"@type\":\"ReadAction\",\"target\":[\"https:\/\/fluxlasers.eu\/fr\/produit\/extension-pocket-add-on-beambox-ii\/\"]}]},{\"@type\":\"ImageObject\",\"inLanguage\":\"fr-FR\",\"@id\":\"https:\/\/fluxlasers.eu\/fr\/produit\/extension-pocket-add-on-beambox-ii\/#primaryimage\",\"url\":\"https:\/\/fluxlasers.eu\/wp-content\/uploads\/2025\/12\/0E5A3986.jpg\",\"contentUrl\":\"https:\/\/fluxlasers.eu\/wp-content\/uploads\/2025\/12\/0E5A3986.jpg\",\"width\":1000,\"height\":666},{\"@type\":\"BreadcrumbList\",\"@id\":\"https:\/\/fluxlasers.eu\/fr\/produit\/extension-pocket-add-on-beambox-ii\/#breadcrumb\",\"itemListElement\":[{\"@type\":\"ListItem\",\"position\":1,\"name\":\"Portada\",\"item\":\"https:\/\/fluxlasers.eu\/fr\/accueil\/\"},{\"@type\":\"ListItem\",\"position\":2,\"name\":\"Boutique\",\"item\":\"https:\/\/fluxlasers.eu\/fr\/boutique\/\"},{\"@type\":\"ListItem\",\"position\":3,\"name\":\"Extension Pocket Add-on \u2013 Beambox II\"}]},{\"@type\":\"WebSite\",\"@id\":\"https:\/\/fluxlasers.eu\/fr\/#website\",\"url\":\"https:\/\/fluxlasers.eu\/fr\/\",\"name\":\"Flux - Bomedia\",\"description\":\"D\u00e9coupeuses et graveuses laser\",\"publisher\":{\"@id\":\"https:\/\/fluxlasers.eu\/fr\/#organization\"},\"potentialAction\":[{\"@type\":\"SearchAction\",\"target\":{\"@type\":\"EntryPoint\",\"urlTemplate\":\"https:\/\/fluxlasers.eu\/fr\/?s={search_term_string}\"},\"query-input\":{\"@type\":\"PropertyValueSpecification\",\"valueRequired\":true,\"valueName\":\"search_term_string\"}}],\"inLanguage\":\"fr-FR\"},{\"@type\":\"Organization\",\"@id\":\"https:\/\/fluxlasers.eu\/fr\/#organization\",\"name\":\"Fluxlasers Espa\u00f1a\",\"url\":\"https:\/\/fluxlasers.eu\/fr\/\",\"logo\":{\"@type\":\"ImageObject\",\"inLanguage\":\"fr-FR\",\"@id\":\"https:\/\/fluxlasers.eu\/fr\/#\/schema\/logo\/image\/\",\"url\":\"https:\/\/fluxlasers.eu\/wp-content\/uploads\/2021\/03\/logofluxspainc.png\",\"contentUrl\":\"https:\/\/fluxlasers.eu\/wp-content\/uploads\/2021\/03\/logofluxspainc.png\",\"width\":350,\"height\":217,\"caption\":\"Fluxlasers Espa\u00f1a\"},\"image\":{\"@id\":\"https:\/\/fluxlasers.eu\/fr\/#\/schema\/logo\/image\/\"}}]}<\/script>\n<!-- \/ Yoast SEO plugin. -->","yoast_head_json":{"title":"Extension Pocket Add-on \u2013 Beambox II - Flux - Bomedia","robots":{"index":"index","follow":"follow","max-snippet":"max-snippet:-1","max-image-preview":"max-image-preview:large","max-video-preview":"max-video-preview:-1"},"canonical":"https:\/\/fluxlasers.eu\/fr\/produit\/extension-pocket-add-on-beambox-ii\/","og_locale":"fr_FR","og_type":"article","og_title":"Extension Pocket Add-on \u2013 Beambox II - Flux - Bomedia","og_description":"L'Extension Pocket Add-on pour Beambox II augmente la profondeur de travail jusqu'\u00e0 215 mm et offre une surface de 385 \u00d7 210 mm, permettant de graver des mat\u00e9riaux plus \u00e9pais et des objets volumineux, y compris des cylindres et des gobelets de type Stanley 40 oz lorsqu'il est combin\u00e9 avec le Chuck Rotary. Facile \u00e0 monter, il am\u00e9liore l'acc\u00e8s \u00e0 d'autres modules comme le Passthrough et l' Auto Feeder, transformant votre Beambox II en une solution bien plus polyvalente pour vos projets professionnels et personnalis\u00e9s.","og_url":"https:\/\/fluxlasers.eu\/fr\/produit\/extension-pocket-add-on-beambox-ii\/","og_site_name":"Flux - Bomedia","og_image":[{"width":1000,"height":666,"url":"https:\/\/fluxlasers.eu\/wp-content\/uploads\/2025\/12\/0E5A3986.jpg","type":"image\/jpeg"}],"twitter_card":"summary_large_image","twitter_misc":{"Dur\u00e9e de lecture estim\u00e9e":"2 minutes"},"schema":{"@context":"https:\/\/schema.org","@graph":[{"@type":"WebPage","@id":"https:\/\/fluxlasers.eu\/fr\/produit\/extension-pocket-add-on-beambox-ii\/","url":"https:\/\/fluxlasers.eu\/fr\/produit\/extension-pocket-add-on-beambox-ii\/","name":"Extension Pocket Add-on \u2013 Beambox II - Flux - Bomedia","isPartOf":{"@id":"https:\/\/fluxlasers.eu\/fr\/#website"},"primaryImageOfPage":{"@id":"https:\/\/fluxlasers.eu\/fr\/produit\/extension-pocket-add-on-beambox-ii\/#primaryimage"},"image":{"@id":"https:\/\/fluxlasers.eu\/fr\/produit\/extension-pocket-add-on-beambox-ii\/#primaryimage"},"thumbnailUrl":"https:\/\/fluxlasers.eu\/wp-content\/uploads\/2025\/12\/0E5A3986.jpg","datePublished":"2025-12-11T07:49:28+00:00","breadcrumb":{"@id":"https:\/\/fluxlasers.eu\/fr\/produit\/extension-pocket-add-on-beambox-ii\/#breadcrumb"},"inLanguage":"fr-FR","potentialAction":[{"@type":"ReadAction","target":["https:\/\/fluxlasers.eu\/fr\/produit\/extension-pocket-add-on-beambox-ii\/"]}]},{"@type":"ImageObject","inLanguage":"fr-FR","@id":"https:\/\/fluxlasers.eu\/fr\/produit\/extension-pocket-add-on-beambox-ii\/#primaryimage","url":"https:\/\/fluxlasers.eu\/wp-content\/uploads\/2025\/12\/0E5A3986.jpg","contentUrl":"https:\/\/fluxlasers.eu\/wp-content\/uploads\/2025\/12\/0E5A3986.jpg","width":1000,"height":666},{"@type":"BreadcrumbList","@id":"https:\/\/fluxlasers.eu\/fr\/produit\/extension-pocket-add-on-beambox-ii\/#breadcrumb","itemListElement":[{"@type":"ListItem","position":1,"name":"Portada","item":"https:\/\/fluxlasers.eu\/fr\/accueil\/"},{"@type":"ListItem","position":2,"name":"Boutique","item":"https:\/\/fluxlasers.eu\/fr\/boutique\/"},{"@type":"ListItem","position":3,"name":"Extension Pocket Add-on \u2013 Beambox II"}]},{"@type":"WebSite","@id":"https:\/\/fluxlasers.eu\/fr\/#website","url":"https:\/\/fluxlasers.eu\/fr\/","name":"Flux - Bomedia","description":"D\u00e9coupeuses et graveuses laser","publisher":{"@id":"https:\/\/fluxlasers.eu\/fr\/#organization"},"potentialAction":[{"@type":"SearchAction","target":{"@type":"EntryPoint","urlTemplate":"https:\/\/fluxlasers.eu\/fr\/?s={search_term_string}"},"query-input":{"@type":"PropertyValueSpecification","valueRequired":true,"valueName":"search_term_string"}}],"inLanguage":"fr-FR"},{"@type":"Organization","@id":"https:\/\/fluxlasers.eu\/fr\/#organization","name":"Fluxlasers Espa\u00f1a","url":"https:\/\/fluxlasers.eu\/fr\/","logo":{"@type":"ImageObject","inLanguage":"fr-FR","@id":"https:\/\/fluxlasers.eu\/fr\/#\/schema\/logo\/image\/","url":"https:\/\/fluxlasers.eu\/wp-content\/uploads\/2021\/03\/logofluxspainc.png","contentUrl":"https:\/\/fluxlasers.eu\/wp-content\/uploads\/2021\/03\/logofluxspainc.png","width":350,"height":217,"caption":"Fluxlasers Espa\u00f1a"},"image":{"@id":"https:\/\/fluxlasers.eu\/fr\/#\/schema\/logo\/image\/"}}]}},"_links":{"self":[{"href":"https:\/\/fluxlasers.eu\/fr\/wp-json\/wp\/v2\/product\/10616","targetHints":{"allow":["GET"]}}],"collection":[{"href":"https:\/\/fluxlasers.eu\/fr\/wp-json\/wp\/v2\/product"}],"about":[{"href":"https:\/\/fluxlasers.eu\/fr\/wp-json\/wp\/v2\/types\/product"}],"replies":[{"embeddable":true,"href":"https:\/\/fluxlasers.eu\/fr\/wp-json\/wp\/v2\/comments?post=10616"}],"wp:featuredmedia":[{"embeddable":true,"href":"https:\/\/fluxlasers.eu\/fr\/wp-json\/wp\/v2\/media\/4252"}],"wp:attachment":[{"href":"https:\/\/fluxlasers.eu\/fr\/wp-json\/wp\/v2\/media?parent=10616"}],"wp:term":[{"taxonomy":"product_brand","embeddable":true,"href":"https:\/\/fluxlasers.eu\/fr\/wp-json\/wp\/v2\/product_brand?post=10616"},{"taxonomy":"product_cat","embeddable":true,"href":"https:\/\/fluxlasers.eu\/fr\/wp-json\/wp\/v2\/product_cat?post=10616"},{"taxonomy":"product_tag","embeddable":true,"href":"https:\/\/fluxlasers.eu\/fr\/wp-json\/wp\/v2\/product_tag?post=10616"}],"curies":[{"name":"wp","href":"https:\/\/api.w.org\/{rel}","templated":true}]}}