{"id":10520,"date":"2025-02-06T12:11:23","date_gmt":"2025-02-06T11:11:23","guid":{"rendered":"https:\/\/fluxlasers.eu\/producto\/base-dextension-ador\/"},"modified":"2025-02-06T12:11:23","modified_gmt":"2025-02-06T11:11:23","slug":"base-dextension-ador","status":"publish","type":"product","link":"https:\/\/fluxlasers.eu\/fr\/produit\/base-dextension-ador\/","title":{"rendered":"Base d&rsquo;extension Ador"},"content":{"rendered":"<h3 style=\"text-align: center;\" data-start=\"165\" data-end=\"217\">Plus de hauteur, plus d&rsquo;espace, plus de libert\u00e9 pour cr\u00e9er<\/h3>\n<p style=\"text-align: center;\" data-start=\"219\" data-end=\"575\">La <strong data-start=\"222\" data-end=\"247\">Extension Base Add-on<\/strong> \u00e9largit la capacit\u00e9 de votre FLUX Ador en augmentant la hauteur de l&rsquo;espace de travail et vous permettant de graver, couper et imprimer des objets d&rsquo;une hauteur allant jusqu&rsquo;\u00e0 <strong data-start=\"385\" data-end=\"395\">117 mm<\/strong>. Avec cette base, Ador peut traiter des mat\u00e9riaux plus \u00e9pais et des projets plus volumineux en tout confort, ouvrant un \u00e9ventail de possibilit\u00e9s cr\u00e9atives bien plus large. <\/p>\n<p style=\"text-align: center;\" data-start=\"577\" data-end=\"970\">La structure en nid d&rsquo;abeille \u2014 incluse avec la base \u2014 permet d&rsquo;ajuster la hauteur selon les besoins du projet, assurant une ventilation ad\u00e9quate et un support ferme pendant le travail. Sa conception modulaire facilite les changements rapides entre diff\u00e9rentes configurations, en faisant un outil polyvalent tant pour les cr\u00e9ateurs professionnels que pour les ateliers n\u00e9cessitant de la flexibilit\u00e9. <\/p>\n<p style=\"text-align: center;\" data-start=\"972\" data-end=\"1184\">De plus, en la combinant avec le Passthrough int\u00e9gr\u00e9, vous pourrez travailler avec des objets plus longs sans limitations : gravez, coupez ou imprimez des pi\u00e8ces de grand format en faisant passer le mat\u00e9riau de c\u00f4t\u00e9 \u00e0 c\u00f4t\u00e9 avec une libert\u00e9 absolue.<\/p>\n<p style=\"text-align: center;\">\n<div id=\"wpfp_e1507c491552b43e9278402b5af4c174\" data-item=\"{&quot;sources&quot;:[{&quot;src&quot;:&quot;https:\\\/\\\/fluxlasers.eu\\\/wp-content\\\/uploads\\\/2025\\\/02\\\/01-Extension-Base-Honey-Comb-gif.mov&quot;,&quot;type&quot;:&quot;video\\\/mp4&quot;}],&quot;id&quot;:&quot;13&quot;}\" class=\"flowplayer no-brand is-splash is-paused skin-slim no-svg fp-slim fp-edgy\" data-fvautoplay=\"0\" style=\"position:relative; max-width: 1080px; max-height: 1080px; \" data-fullscreen=\"false\" data-ratio=\"1\" data-advance=\"false\">\n\t<div class=\"fp-ratio\" style=\"padding-top: 100%\"><\/div>\n\t<div class=\"fp-ui\"><noscript>Please enable JavaScript<\/noscript><div class=\"fp-play fp-visible\"><svg class=\"fp-play-sharp-fill\" xmlns=\"http:\/\/www.w3.org\/2000\/svg\" viewBox=\"0 0 100 100\"><defs><style>.fp-color-play{opacity:0.65;}.controlbutton{fill:#fff;}<\/style><\/defs><title>play-sharp-fill<\/title><path class=\"fp-color-play\" d=\"M49.9217-.078a50,50,0,1,0,50,50A50.0564,50.0564,0,0,0,49.9217-.078Z\"\/><polygon class=\"controlbutton\" points=\"73.601 50 37.968 70.573 37.968 29.427 73.601 50\" filter=\"url(#f1)\"\/><\/svg><\/div><div class=\"fp-preload\"><b><\/b><b><\/b><b><\/b><b><\/b><\/div><\/div>\n\n<\/div>\n\n<h2 style=\"text-align: center;\" data-start=\"1191\" data-end=\"1220\"><strong data-start=\"1194\" data-end=\"1220\">Principaux avantages<\/strong><\/h2>\n<p style=\"text-align: center;\" data-start=\"1222\" data-end=\"1367\"><strong data-start=\"1222\" data-end=\"1249\">Hauteur de travail accrue<\/strong><br data-start=\"1249\" data-end=\"1252\">Permet de travailler avec des objets allant jusqu&rsquo;\u00e0 <strong data-start=\"1290\" data-end=\"1300\">117 mm<\/strong>, \u00e9largissant les possibilit\u00e9s pour les mat\u00e9riaux \u00e9pais ou les pi\u00e8ces en 3D.<\/p>\n<p style=\"text-align: center;\" data-start=\"1369\" data-end=\"1517\"><strong data-start=\"1369\" data-end=\"1396\">Base r\u00e9glable en nid d&rsquo;abeille<\/strong><br data-start=\"1396\" data-end=\"1399\">Comprend une plateforme l\u00e9g\u00e8re, stable et ajustable qui facilite l&rsquo;\u00e9vacuation de la fum\u00e9e et am\u00e9liore la qualit\u00e9 de la gravure.<\/p>\n<p style=\"text-align: center;\" data-start=\"1519\" data-end=\"1655\"><strong data-start=\"1519\" data-end=\"1559\">Compatibilit\u00e9 totale avec le Passthrough<\/strong><br data-start=\"1559\" data-end=\"1562\">Id\u00e9al pour les projets longs qui n\u00e9cessitent un flux continu du mat\u00e9riau d&rsquo;entr\u00e9e \u00e0 sortie.<\/p>\n<p style=\"text-align: center;\" data-start=\"1657\" data-end=\"1820\"><strong data-start=\"1657\" data-end=\"1682\">Plus de libert\u00e9 cr\u00e9ative<\/strong><br data-start=\"1682\" data-end=\"1685\">Parfait pour les cr\u00e9ateurs qui souhaitent travailler avec des formats non conventionnels, des produits personnalis\u00e9s, des prototypes ou des pi\u00e8ces volumineuses.<\/p>\n","protected":false},"excerpt":{"rendered":"<p>La <strong data-start=\"1881\" data-end=\"1921\">Extension Base Add-on pour FLUX Ador<\/strong> augmente la hauteur de travail jusqu&rsquo;\u00e0 <strong data-start=\"1957\" data-end=\"1967\">117 mm<\/strong>, permettant de graver et d&rsquo;imprimer des objets plus \u00e9pais et plus volumineux. Elle inclut une base en nid d&rsquo;abeille ajustable et est enti\u00e8rement compatible avec le Passthrough, offrant un espace de travail \u00e9largi pour des projets de plus grande taille et une cr\u00e9ativit\u00e9 sans limites. <\/p>\n","protected":false},"featured_media":3847,"comment_status":"closed","ping_status":"closed","template":"","meta":[],"product_brand":[],"product_cat":[308],"product_tag":[],"class_list":{"0":"post-10520","1":"product","2":"type-product","3":"status-publish","4":"has-post-thumbnail","6":"product_cat-accessoires-ador","8":"first","9":"instock","10":"sale","11":"taxable","12":"shipping-taxable","13":"purchasable","14":"product-type-simple"},"yoast_head":"<!-- This site is optimized with the Yoast SEO plugin v27.0 - https:\/\/yoast.com\/product\/yoast-seo-wordpress\/ -->\n<title>Base d&#039;extension Ador - Flux - Bomedia<\/title>\n<meta name=\"robots\" content=\"index, follow, max-snippet:-1, max-image-preview:large, max-video-preview:-1\" \/>\n<link rel=\"canonical\" href=\"https:\/\/fluxlasers.eu\/fr\/produit\/base-dextension-ador\/\" \/>\n<meta property=\"og:locale\" content=\"fr_FR\" \/>\n<meta property=\"og:type\" content=\"article\" \/>\n<meta property=\"og:title\" content=\"Base d&#039;extension Ador - Flux - Bomedia\" \/>\n<meta property=\"og:description\" content=\"La Extension Base Add-on pour FLUX Ador augmente la hauteur de travail jusqu&#039;\u00e0 117 mm, permettant de graver et d&#039;imprimer des objets plus \u00e9pais et plus volumineux. Elle inclut une base en nid d&#039;abeille ajustable et est enti\u00e8rement compatible avec le Passthrough, offrant un espace de travail \u00e9largi pour des projets de plus grande taille et une cr\u00e9ativit\u00e9 sans limites.\" \/>\n<meta property=\"og:url\" content=\"https:\/\/fluxlasers.eu\/fr\/produit\/base-dextension-ador\/\" \/>\n<meta property=\"og:site_name\" content=\"Flux - Bomedia\" \/>\n<meta property=\"og:image\" content=\"https:\/\/fluxlasers.eu\/wp-content\/uploads\/2025\/02\/Exstension-Base-Side-1-1200x1200-1.jpg\" \/>\n\t<meta property=\"og:image:width\" content=\"1200\" \/>\n\t<meta property=\"og:image:height\" content=\"1200\" \/>\n\t<meta property=\"og:image:type\" content=\"image\/jpeg\" \/>\n<meta name=\"twitter:card\" content=\"summary_large_image\" \/>\n<meta name=\"twitter:label1\" content=\"Dur\u00e9e de lecture estim\u00e9e\" \/>\n\t<meta name=\"twitter:data1\" content=\"1 minute\" \/>\n<script type=\"application\/ld+json\" class=\"yoast-schema-graph\">{\"@context\":\"https:\/\/schema.org\",\"@graph\":[{\"@type\":\"WebPage\",\"@id\":\"https:\/\/fluxlasers.eu\/fr\/produit\/base-dextension-ador\/\",\"url\":\"https:\/\/fluxlasers.eu\/fr\/produit\/base-dextension-ador\/\",\"name\":\"Base d'extension Ador - Flux - Bomedia\",\"isPartOf\":{\"@id\":\"https:\/\/fluxlasers.eu\/fr\/#website\"},\"primaryImageOfPage\":{\"@id\":\"https:\/\/fluxlasers.eu\/fr\/produit\/base-dextension-ador\/#primaryimage\"},\"image\":{\"@id\":\"https:\/\/fluxlasers.eu\/fr\/produit\/base-dextension-ador\/#primaryimage\"},\"thumbnailUrl\":\"https:\/\/fluxlasers.eu\/wp-content\/uploads\/2025\/02\/Exstension-Base-Side-1-1200x1200-1.jpg\",\"datePublished\":\"2025-02-06T11:11:23+00:00\",\"breadcrumb\":{\"@id\":\"https:\/\/fluxlasers.eu\/fr\/produit\/base-dextension-ador\/#breadcrumb\"},\"inLanguage\":\"fr-FR\",\"potentialAction\":[{\"@type\":\"ReadAction\",\"target\":[\"https:\/\/fluxlasers.eu\/fr\/produit\/base-dextension-ador\/\"]}]},{\"@type\":\"ImageObject\",\"inLanguage\":\"fr-FR\",\"@id\":\"https:\/\/fluxlasers.eu\/fr\/produit\/base-dextension-ador\/#primaryimage\",\"url\":\"https:\/\/fluxlasers.eu\/wp-content\/uploads\/2025\/02\/Exstension-Base-Side-1-1200x1200-1.jpg\",\"contentUrl\":\"https:\/\/fluxlasers.eu\/wp-content\/uploads\/2025\/02\/Exstension-Base-Side-1-1200x1200-1.jpg\",\"width\":1200,\"height\":1200},{\"@type\":\"BreadcrumbList\",\"@id\":\"https:\/\/fluxlasers.eu\/fr\/produit\/base-dextension-ador\/#breadcrumb\",\"itemListElement\":[{\"@type\":\"ListItem\",\"position\":1,\"name\":\"Portada\",\"item\":\"https:\/\/fluxlasers.eu\/fr\/accueil\/\"},{\"@type\":\"ListItem\",\"position\":2,\"name\":\"Boutique\",\"item\":\"https:\/\/fluxlasers.eu\/fr\/boutique\/\"},{\"@type\":\"ListItem\",\"position\":3,\"name\":\"Base d&#8217;extension Ador\"}]},{\"@type\":\"WebSite\",\"@id\":\"https:\/\/fluxlasers.eu\/fr\/#website\",\"url\":\"https:\/\/fluxlasers.eu\/fr\/\",\"name\":\"Flux - Bomedia\",\"description\":\"D\u00e9coupeuses et graveuses laser\",\"publisher\":{\"@id\":\"https:\/\/fluxlasers.eu\/fr\/#organization\"},\"potentialAction\":[{\"@type\":\"SearchAction\",\"target\":{\"@type\":\"EntryPoint\",\"urlTemplate\":\"https:\/\/fluxlasers.eu\/fr\/?s={search_term_string}\"},\"query-input\":{\"@type\":\"PropertyValueSpecification\",\"valueRequired\":true,\"valueName\":\"search_term_string\"}}],\"inLanguage\":\"fr-FR\"},{\"@type\":\"Organization\",\"@id\":\"https:\/\/fluxlasers.eu\/fr\/#organization\",\"name\":\"Fluxlasers Espa\u00f1a\",\"url\":\"https:\/\/fluxlasers.eu\/fr\/\",\"logo\":{\"@type\":\"ImageObject\",\"inLanguage\":\"fr-FR\",\"@id\":\"https:\/\/fluxlasers.eu\/fr\/#\/schema\/logo\/image\/\",\"url\":\"https:\/\/fluxlasers.eu\/wp-content\/uploads\/2021\/03\/logofluxspainc.png\",\"contentUrl\":\"https:\/\/fluxlasers.eu\/wp-content\/uploads\/2021\/03\/logofluxspainc.png\",\"width\":350,\"height\":217,\"caption\":\"Fluxlasers Espa\u00f1a\"},\"image\":{\"@id\":\"https:\/\/fluxlasers.eu\/fr\/#\/schema\/logo\/image\/\"}}]}<\/script>\n<!-- \/ Yoast SEO plugin. -->","yoast_head_json":{"title":"Base d'extension Ador - Flux - Bomedia","robots":{"index":"index","follow":"follow","max-snippet":"max-snippet:-1","max-image-preview":"max-image-preview:large","max-video-preview":"max-video-preview:-1"},"canonical":"https:\/\/fluxlasers.eu\/fr\/produit\/base-dextension-ador\/","og_locale":"fr_FR","og_type":"article","og_title":"Base d'extension Ador - Flux - Bomedia","og_description":"La Extension Base Add-on pour FLUX Ador augmente la hauteur de travail jusqu'\u00e0 117 mm, permettant de graver et d'imprimer des objets plus \u00e9pais et plus volumineux. Elle inclut une base en nid d'abeille ajustable et est enti\u00e8rement compatible avec le Passthrough, offrant un espace de travail \u00e9largi pour des projets de plus grande taille et une cr\u00e9ativit\u00e9 sans limites.","og_url":"https:\/\/fluxlasers.eu\/fr\/produit\/base-dextension-ador\/","og_site_name":"Flux - Bomedia","og_image":[{"width":1200,"height":1200,"url":"https:\/\/fluxlasers.eu\/wp-content\/uploads\/2025\/02\/Exstension-Base-Side-1-1200x1200-1.jpg","type":"image\/jpeg"}],"twitter_card":"summary_large_image","twitter_misc":{"Dur\u00e9e de lecture estim\u00e9e":"1 minute"},"schema":{"@context":"https:\/\/schema.org","@graph":[{"@type":"WebPage","@id":"https:\/\/fluxlasers.eu\/fr\/produit\/base-dextension-ador\/","url":"https:\/\/fluxlasers.eu\/fr\/produit\/base-dextension-ador\/","name":"Base d'extension Ador - Flux - Bomedia","isPartOf":{"@id":"https:\/\/fluxlasers.eu\/fr\/#website"},"primaryImageOfPage":{"@id":"https:\/\/fluxlasers.eu\/fr\/produit\/base-dextension-ador\/#primaryimage"},"image":{"@id":"https:\/\/fluxlasers.eu\/fr\/produit\/base-dextension-ador\/#primaryimage"},"thumbnailUrl":"https:\/\/fluxlasers.eu\/wp-content\/uploads\/2025\/02\/Exstension-Base-Side-1-1200x1200-1.jpg","datePublished":"2025-02-06T11:11:23+00:00","breadcrumb":{"@id":"https:\/\/fluxlasers.eu\/fr\/produit\/base-dextension-ador\/#breadcrumb"},"inLanguage":"fr-FR","potentialAction":[{"@type":"ReadAction","target":["https:\/\/fluxlasers.eu\/fr\/produit\/base-dextension-ador\/"]}]},{"@type":"ImageObject","inLanguage":"fr-FR","@id":"https:\/\/fluxlasers.eu\/fr\/produit\/base-dextension-ador\/#primaryimage","url":"https:\/\/fluxlasers.eu\/wp-content\/uploads\/2025\/02\/Exstension-Base-Side-1-1200x1200-1.jpg","contentUrl":"https:\/\/fluxlasers.eu\/wp-content\/uploads\/2025\/02\/Exstension-Base-Side-1-1200x1200-1.jpg","width":1200,"height":1200},{"@type":"BreadcrumbList","@id":"https:\/\/fluxlasers.eu\/fr\/produit\/base-dextension-ador\/#breadcrumb","itemListElement":[{"@type":"ListItem","position":1,"name":"Portada","item":"https:\/\/fluxlasers.eu\/fr\/accueil\/"},{"@type":"ListItem","position":2,"name":"Boutique","item":"https:\/\/fluxlasers.eu\/fr\/boutique\/"},{"@type":"ListItem","position":3,"name":"Base d&#8217;extension Ador"}]},{"@type":"WebSite","@id":"https:\/\/fluxlasers.eu\/fr\/#website","url":"https:\/\/fluxlasers.eu\/fr\/","name":"Flux - Bomedia","description":"D\u00e9coupeuses et graveuses laser","publisher":{"@id":"https:\/\/fluxlasers.eu\/fr\/#organization"},"potentialAction":[{"@type":"SearchAction","target":{"@type":"EntryPoint","urlTemplate":"https:\/\/fluxlasers.eu\/fr\/?s={search_term_string}"},"query-input":{"@type":"PropertyValueSpecification","valueRequired":true,"valueName":"search_term_string"}}],"inLanguage":"fr-FR"},{"@type":"Organization","@id":"https:\/\/fluxlasers.eu\/fr\/#organization","name":"Fluxlasers Espa\u00f1a","url":"https:\/\/fluxlasers.eu\/fr\/","logo":{"@type":"ImageObject","inLanguage":"fr-FR","@id":"https:\/\/fluxlasers.eu\/fr\/#\/schema\/logo\/image\/","url":"https:\/\/fluxlasers.eu\/wp-content\/uploads\/2021\/03\/logofluxspainc.png","contentUrl":"https:\/\/fluxlasers.eu\/wp-content\/uploads\/2021\/03\/logofluxspainc.png","width":350,"height":217,"caption":"Fluxlasers Espa\u00f1a"},"image":{"@id":"https:\/\/fluxlasers.eu\/fr\/#\/schema\/logo\/image\/"}}]}},"_links":{"self":[{"href":"https:\/\/fluxlasers.eu\/fr\/wp-json\/wp\/v2\/product\/10520","targetHints":{"allow":["GET"]}}],"collection":[{"href":"https:\/\/fluxlasers.eu\/fr\/wp-json\/wp\/v2\/product"}],"about":[{"href":"https:\/\/fluxlasers.eu\/fr\/wp-json\/wp\/v2\/types\/product"}],"replies":[{"embeddable":true,"href":"https:\/\/fluxlasers.eu\/fr\/wp-json\/wp\/v2\/comments?post=10520"}],"wp:featuredmedia":[{"embeddable":true,"href":"https:\/\/fluxlasers.eu\/fr\/wp-json\/wp\/v2\/media\/3847"}],"wp:attachment":[{"href":"https:\/\/fluxlasers.eu\/fr\/wp-json\/wp\/v2\/media?parent=10520"}],"wp:term":[{"taxonomy":"product_brand","embeddable":true,"href":"https:\/\/fluxlasers.eu\/fr\/wp-json\/wp\/v2\/product_brand?post=10520"},{"taxonomy":"product_cat","embeddable":true,"href":"https:\/\/fluxlasers.eu\/fr\/wp-json\/wp\/v2\/product_cat?post=10520"},{"taxonomy":"product_tag","embeddable":true,"href":"https:\/\/fluxlasers.eu\/fr\/wp-json\/wp\/v2\/product_tag?post=10520"}],"curies":[{"name":"wp","href":"https:\/\/api.w.org\/{rel}","templated":true}]}}