{"id":10431,"date":"2025-02-03T17:56:59","date_gmt":"2025-02-03T16:56:59","guid":{"rendered":"https:\/\/fluxlasers.eu\/producto\/module-rotatif-pour-flux-ador\/"},"modified":"2025-02-03T17:56:59","modified_gmt":"2025-02-03T16:56:59","slug":"module-rotatif-pour-flux-ador","status":"publish","type":"product","link":"https:\/\/fluxlasers.eu\/fr\/produit\/module-rotatif-pour-flux-ador\/","title":{"rendered":"Module rotatif pour Flux Ador"},"content":{"rendered":"<p>Description du produit<\/p>\n<p>L\u2019accessoire rotatif Ador est un compl\u00e9ment puissant pour la FLUX Ador, permettant de r\u00e9aliser des gravures et des impressions de pr\u00e9cision sur des objets cylindriques tels que des bouteilles, des verres et des tubes. Cet outil polyvalent vous permet d\u2019\u00e9largir vos possibilit\u00e9s cr\u00e9atives en travaillant sur des surfaces arrondies, garantissant des r\u00e9sultats uniformes et de haute qualit\u00e9 sur une vari\u00e9t\u00e9 de mat\u00e9riaux. Parfait pour les amateurs comme pour les professionnels, l\u2019accessoire rotatif Ador transforme votre FLUX Ador en une machine encore plus flexible et performante.  <\/p>\n<p>Pour utiliser l\u2019accessoire rotatif, vous avez besoin de la <a href=\"https:\/\/fluxlasers.eu\/producto\/base-de-extension-ador\/\">base d\u2019extension Ador.<\/a><\/p>\n","protected":false},"excerpt":{"rendered":"<p>Vous avez besoin de la <a href=\"https:\/\/fluxlasers.eu\/producto\/base-de-extension-ador\/\">base d\u2019extension Ador<\/a> pour pouvoir utiliser le module rotatif 2.0 Ador.<\/p>\n","protected":false},"featured_media":4313,"comment_status":"closed","ping_status":"closed","template":"","meta":[],"product_brand":[],"product_cat":[308],"product_tag":[],"class_list":{"0":"post-10431","1":"product","2":"type-product","3":"status-publish","4":"has-post-thumbnail","6":"product_cat-accessoires-ador","8":"first","9":"instock","10":"sale","11":"taxable","12":"shipping-taxable","13":"purchasable","14":"product-type-simple"},"yoast_head":"<!-- This site is optimized with the Yoast SEO plugin v27.0 - https:\/\/yoast.com\/product\/yoast-seo-wordpress\/ -->\n<title>Module rotatif pour Flux Ador - Flux - Bomedia<\/title>\n<meta name=\"robots\" content=\"index, follow, max-snippet:-1, max-image-preview:large, max-video-preview:-1\" \/>\n<link rel=\"canonical\" href=\"https:\/\/fluxlasers.eu\/fr\/produit\/module-rotatif-pour-flux-ador\/\" \/>\n<meta property=\"og:locale\" content=\"fr_FR\" \/>\n<meta property=\"og:type\" content=\"article\" \/>\n<meta property=\"og:title\" content=\"Module rotatif pour Flux Ador - Flux - Bomedia\" \/>\n<meta property=\"og:description\" content=\"Vous avez besoin de la base d\u2019extension Ador pour pouvoir utiliser le module rotatif 2.0 Ador.\" \/>\n<meta property=\"og:url\" content=\"https:\/\/fluxlasers.eu\/fr\/produit\/module-rotatif-pour-flux-ador\/\" \/>\n<meta property=\"og:site_name\" content=\"Flux - Bomedia\" \/>\n<meta property=\"og:image\" content=\"https:\/\/fluxlasers.eu\/wp-content\/uploads\/2025\/02\/Captura-de-pantalla-2025-12-11-a-las-10.16.01.png\" \/>\n\t<meta property=\"og:image:width\" content=\"633\" \/>\n\t<meta property=\"og:image:height\" content=\"609\" \/>\n\t<meta property=\"og:image:type\" content=\"image\/png\" \/>\n<meta name=\"twitter:card\" content=\"summary_large_image\" \/>\n<meta name=\"twitter:label1\" content=\"Dur\u00e9e de lecture estim\u00e9e\" \/>\n\t<meta name=\"twitter:data1\" content=\"1 minute\" \/>\n<script type=\"application\/ld+json\" class=\"yoast-schema-graph\">{\"@context\":\"https:\/\/schema.org\",\"@graph\":[{\"@type\":\"WebPage\",\"@id\":\"https:\/\/fluxlasers.eu\/fr\/produit\/module-rotatif-pour-flux-ador\/\",\"url\":\"https:\/\/fluxlasers.eu\/fr\/produit\/module-rotatif-pour-flux-ador\/\",\"name\":\"Module rotatif pour Flux Ador - Flux - Bomedia\",\"isPartOf\":{\"@id\":\"https:\/\/fluxlasers.eu\/fr\/#website\"},\"primaryImageOfPage\":{\"@id\":\"https:\/\/fluxlasers.eu\/fr\/produit\/module-rotatif-pour-flux-ador\/#primaryimage\"},\"image\":{\"@id\":\"https:\/\/fluxlasers.eu\/fr\/produit\/module-rotatif-pour-flux-ador\/#primaryimage\"},\"thumbnailUrl\":\"https:\/\/fluxlasers.eu\/wp-content\/uploads\/2025\/02\/Captura-de-pantalla-2025-12-11-a-las-10.16.01.png\",\"datePublished\":\"2025-02-03T16:56:59+00:00\",\"breadcrumb\":{\"@id\":\"https:\/\/fluxlasers.eu\/fr\/produit\/module-rotatif-pour-flux-ador\/#breadcrumb\"},\"inLanguage\":\"fr-FR\",\"potentialAction\":[{\"@type\":\"ReadAction\",\"target\":[\"https:\/\/fluxlasers.eu\/fr\/produit\/module-rotatif-pour-flux-ador\/\"]}]},{\"@type\":\"ImageObject\",\"inLanguage\":\"fr-FR\",\"@id\":\"https:\/\/fluxlasers.eu\/fr\/produit\/module-rotatif-pour-flux-ador\/#primaryimage\",\"url\":\"https:\/\/fluxlasers.eu\/wp-content\/uploads\/2025\/02\/Captura-de-pantalla-2025-12-11-a-las-10.16.01.png\",\"contentUrl\":\"https:\/\/fluxlasers.eu\/wp-content\/uploads\/2025\/02\/Captura-de-pantalla-2025-12-11-a-las-10.16.01.png\",\"width\":633,\"height\":609},{\"@type\":\"BreadcrumbList\",\"@id\":\"https:\/\/fluxlasers.eu\/fr\/produit\/module-rotatif-pour-flux-ador\/#breadcrumb\",\"itemListElement\":[{\"@type\":\"ListItem\",\"position\":1,\"name\":\"Portada\",\"item\":\"https:\/\/fluxlasers.eu\/fr\/accueil\/\"},{\"@type\":\"ListItem\",\"position\":2,\"name\":\"Boutique\",\"item\":\"https:\/\/fluxlasers.eu\/fr\/boutique\/\"},{\"@type\":\"ListItem\",\"position\":3,\"name\":\"Module rotatif pour Flux Ador\"}]},{\"@type\":\"WebSite\",\"@id\":\"https:\/\/fluxlasers.eu\/fr\/#website\",\"url\":\"https:\/\/fluxlasers.eu\/fr\/\",\"name\":\"Flux - Bomedia\",\"description\":\"D\u00e9coupeuses et graveuses laser\",\"publisher\":{\"@id\":\"https:\/\/fluxlasers.eu\/fr\/#organization\"},\"potentialAction\":[{\"@type\":\"SearchAction\",\"target\":{\"@type\":\"EntryPoint\",\"urlTemplate\":\"https:\/\/fluxlasers.eu\/fr\/?s={search_term_string}\"},\"query-input\":{\"@type\":\"PropertyValueSpecification\",\"valueRequired\":true,\"valueName\":\"search_term_string\"}}],\"inLanguage\":\"fr-FR\"},{\"@type\":\"Organization\",\"@id\":\"https:\/\/fluxlasers.eu\/fr\/#organization\",\"name\":\"Fluxlasers Espa\u00f1a\",\"url\":\"https:\/\/fluxlasers.eu\/fr\/\",\"logo\":{\"@type\":\"ImageObject\",\"inLanguage\":\"fr-FR\",\"@id\":\"https:\/\/fluxlasers.eu\/fr\/#\/schema\/logo\/image\/\",\"url\":\"https:\/\/fluxlasers.eu\/wp-content\/uploads\/2021\/03\/logofluxspainc.png\",\"contentUrl\":\"https:\/\/fluxlasers.eu\/wp-content\/uploads\/2021\/03\/logofluxspainc.png\",\"width\":350,\"height\":217,\"caption\":\"Fluxlasers Espa\u00f1a\"},\"image\":{\"@id\":\"https:\/\/fluxlasers.eu\/fr\/#\/schema\/logo\/image\/\"}}]}<\/script>\n<!-- \/ Yoast SEO plugin. -->","yoast_head_json":{"title":"Module rotatif pour Flux Ador - Flux - Bomedia","robots":{"index":"index","follow":"follow","max-snippet":"max-snippet:-1","max-image-preview":"max-image-preview:large","max-video-preview":"max-video-preview:-1"},"canonical":"https:\/\/fluxlasers.eu\/fr\/produit\/module-rotatif-pour-flux-ador\/","og_locale":"fr_FR","og_type":"article","og_title":"Module rotatif pour Flux Ador - Flux - Bomedia","og_description":"Vous avez besoin de la base d\u2019extension Ador pour pouvoir utiliser le module rotatif 2.0 Ador.","og_url":"https:\/\/fluxlasers.eu\/fr\/produit\/module-rotatif-pour-flux-ador\/","og_site_name":"Flux - Bomedia","og_image":[{"width":633,"height":609,"url":"https:\/\/fluxlasers.eu\/wp-content\/uploads\/2025\/02\/Captura-de-pantalla-2025-12-11-a-las-10.16.01.png","type":"image\/png"}],"twitter_card":"summary_large_image","twitter_misc":{"Dur\u00e9e de lecture estim\u00e9e":"1 minute"},"schema":{"@context":"https:\/\/schema.org","@graph":[{"@type":"WebPage","@id":"https:\/\/fluxlasers.eu\/fr\/produit\/module-rotatif-pour-flux-ador\/","url":"https:\/\/fluxlasers.eu\/fr\/produit\/module-rotatif-pour-flux-ador\/","name":"Module rotatif pour Flux Ador - Flux - Bomedia","isPartOf":{"@id":"https:\/\/fluxlasers.eu\/fr\/#website"},"primaryImageOfPage":{"@id":"https:\/\/fluxlasers.eu\/fr\/produit\/module-rotatif-pour-flux-ador\/#primaryimage"},"image":{"@id":"https:\/\/fluxlasers.eu\/fr\/produit\/module-rotatif-pour-flux-ador\/#primaryimage"},"thumbnailUrl":"https:\/\/fluxlasers.eu\/wp-content\/uploads\/2025\/02\/Captura-de-pantalla-2025-12-11-a-las-10.16.01.png","datePublished":"2025-02-03T16:56:59+00:00","breadcrumb":{"@id":"https:\/\/fluxlasers.eu\/fr\/produit\/module-rotatif-pour-flux-ador\/#breadcrumb"},"inLanguage":"fr-FR","potentialAction":[{"@type":"ReadAction","target":["https:\/\/fluxlasers.eu\/fr\/produit\/module-rotatif-pour-flux-ador\/"]}]},{"@type":"ImageObject","inLanguage":"fr-FR","@id":"https:\/\/fluxlasers.eu\/fr\/produit\/module-rotatif-pour-flux-ador\/#primaryimage","url":"https:\/\/fluxlasers.eu\/wp-content\/uploads\/2025\/02\/Captura-de-pantalla-2025-12-11-a-las-10.16.01.png","contentUrl":"https:\/\/fluxlasers.eu\/wp-content\/uploads\/2025\/02\/Captura-de-pantalla-2025-12-11-a-las-10.16.01.png","width":633,"height":609},{"@type":"BreadcrumbList","@id":"https:\/\/fluxlasers.eu\/fr\/produit\/module-rotatif-pour-flux-ador\/#breadcrumb","itemListElement":[{"@type":"ListItem","position":1,"name":"Portada","item":"https:\/\/fluxlasers.eu\/fr\/accueil\/"},{"@type":"ListItem","position":2,"name":"Boutique","item":"https:\/\/fluxlasers.eu\/fr\/boutique\/"},{"@type":"ListItem","position":3,"name":"Module rotatif pour Flux Ador"}]},{"@type":"WebSite","@id":"https:\/\/fluxlasers.eu\/fr\/#website","url":"https:\/\/fluxlasers.eu\/fr\/","name":"Flux - Bomedia","description":"D\u00e9coupeuses et graveuses laser","publisher":{"@id":"https:\/\/fluxlasers.eu\/fr\/#organization"},"potentialAction":[{"@type":"SearchAction","target":{"@type":"EntryPoint","urlTemplate":"https:\/\/fluxlasers.eu\/fr\/?s={search_term_string}"},"query-input":{"@type":"PropertyValueSpecification","valueRequired":true,"valueName":"search_term_string"}}],"inLanguage":"fr-FR"},{"@type":"Organization","@id":"https:\/\/fluxlasers.eu\/fr\/#organization","name":"Fluxlasers Espa\u00f1a","url":"https:\/\/fluxlasers.eu\/fr\/","logo":{"@type":"ImageObject","inLanguage":"fr-FR","@id":"https:\/\/fluxlasers.eu\/fr\/#\/schema\/logo\/image\/","url":"https:\/\/fluxlasers.eu\/wp-content\/uploads\/2021\/03\/logofluxspainc.png","contentUrl":"https:\/\/fluxlasers.eu\/wp-content\/uploads\/2021\/03\/logofluxspainc.png","width":350,"height":217,"caption":"Fluxlasers Espa\u00f1a"},"image":{"@id":"https:\/\/fluxlasers.eu\/fr\/#\/schema\/logo\/image\/"}}]}},"_links":{"self":[{"href":"https:\/\/fluxlasers.eu\/fr\/wp-json\/wp\/v2\/product\/10431","targetHints":{"allow":["GET"]}}],"collection":[{"href":"https:\/\/fluxlasers.eu\/fr\/wp-json\/wp\/v2\/product"}],"about":[{"href":"https:\/\/fluxlasers.eu\/fr\/wp-json\/wp\/v2\/types\/product"}],"replies":[{"embeddable":true,"href":"https:\/\/fluxlasers.eu\/fr\/wp-json\/wp\/v2\/comments?post=10431"}],"wp:featuredmedia":[{"embeddable":true,"href":"https:\/\/fluxlasers.eu\/fr\/wp-json\/wp\/v2\/media\/4313"}],"wp:attachment":[{"href":"https:\/\/fluxlasers.eu\/fr\/wp-json\/wp\/v2\/media?parent=10431"}],"wp:term":[{"taxonomy":"product_brand","embeddable":true,"href":"https:\/\/fluxlasers.eu\/fr\/wp-json\/wp\/v2\/product_brand?post=10431"},{"taxonomy":"product_cat","embeddable":true,"href":"https:\/\/fluxlasers.eu\/fr\/wp-json\/wp\/v2\/product_cat?post=10431"},{"taxonomy":"product_tag","embeddable":true,"href":"https:\/\/fluxlasers.eu\/fr\/wp-json\/wp\/v2\/product_tag?post=10431"}],"curies":[{"name":"wp","href":"https:\/\/api.w.org\/{rel}","templated":true}]}}