{"id":9729,"date":"2023-05-08T15:11:18","date_gmt":"2023-05-08T14:11:18","guid":{"rendered":"https:\/\/fluxlasers.eu\/financement-pour-entreprises-et-independants\/"},"modified":"2026-02-27T15:03:08","modified_gmt":"2026-02-27T14:03:08","slug":"financement-pour-entreprises-et-independants","status":"publish","type":"page","link":"https:\/\/fluxlasers.eu\/fr\/financement-pour-entreprises-et-independants\/","title":{"rendered":"Financement pour entreprises et ind\u00e9pendants"},"content":{"rendered":"\n<h2 class=\"wp-block-heading\" id=\"financiacion-grenke\">Financement Grenke Rent<\/h2>\n\n<div class=\"wp-block-columns is-layout-flex wp-container-core-columns-is-layout-9d6595d7 wp-block-columns-is-layout-flex\">\n<div class=\"wp-block-column is-layout-flow wp-block-column-is-layout-flow\" style=\"flex-basis:66.66%\">\n<p>Bomedia met \u00e0 votre disposition ses nouveaux \u00e9quipements via un contrat de location avec la soci\u00e9t\u00e9 de financement Grenke.<\/p>\n\n\n\n<p><strong>Grenke Rent<\/strong> est une entreprise sp\u00e9cialis\u00e9e dans le financement d\u2019\u00e9quipements technologiques moyennant le paiement d\u2019une mensualit\u00e9 fixe pendant la dur\u00e9e stipul\u00e9e au contrat. Cette soci\u00e9t\u00e9 de financement travaille avec les entreprises et les ind\u00e9pendants, et non avec les particuliers. <\/p>\n\n\n\n<p>\u00c9tude de faisabilit\u00e9 sans engagement.<\/p>\n\n\n\n<p>Veuillez fournir : CIF\/NIF, nom de l\u2019entreprise ou de l\u2019ind\u00e9pendant, adresse compl\u00e8te, e-mail et t\u00e9l\u00e9phone.<\/p>\n\n\n\n<p>R\u00e9ponse rapide, sous 24 heures.<\/p>\n<\/div>\n\n\n\n<div class=\"wp-block-column is-layout-flow wp-block-column-is-layout-flow\" style=\"flex-basis:33.33%\">\n<figure class=\"wp-block-image size-full is-style-default\"><a href=\"https:\/\/www.grenke.es\/\"><img decoding=\"async\" src=\"https:\/\/boprint.net\/wp-content\/uploads\/2022\/09\/logogrenke.jpg\" alt=\"\" class=\"wp-image-2422\"\/><\/a><\/figure>\n<\/div>\n<\/div>\n\n<div class=\"wp-block-buttons is-content-justification-center is-layout-flex wp-container-core-buttons-is-layout-16018d1d wp-block-buttons-is-layout-flex\">\n<div class=\"wp-block-button\"><a class=\"wp-block-button__link has-vivid-cyan-blue-background-color has-background\" href=\"https:\/\/fluxlasers.eu\/fr\/contact\/\" style=\"border-radius:4px\">Demandez d\u00e8s maintenant votre \u00e9tude sans engagement<\/a><\/div>\n<\/div>\n\n<h3 class=\"wp-block-heading\">Que propose Grenke Rent ?<\/h3>\n\n<p><strong>  Avantages :<\/strong><\/p>\n\n<ul class=\"wp-block-list\"><li>Sans apport initial<\/li><li>Loyers 100 % d\u00e9ductibles<\/li><li>Sans pression sur la tr\u00e9sorerie, sans investissement lourd. Sans inscription sur aucun registre. <\/li><\/ul>\n\n<p><strong>Conditions<\/strong> :<\/p>\n\n<ul class=\"wp-block-list\"><li>Anciennet\u00e9 minimale de 2 ans pour les entreprises.<\/li><li>Anciennet\u00e9 minimale de 3 ans pour les ind\u00e9pendants.<\/li><li>Possibilit\u00e9 de caution par une autre entreprise ou un autre ind\u00e9pendant.<\/li><\/ul>\n\n<p><strong>Dur\u00e9es disponibles :<\/strong><\/p>\n\n<ul class=\"wp-block-list\"><li>Dur\u00e9es disponibles : 12, 24, 36, 48, 60, 72 mois.<\/li><\/ul>\n\n<p><strong>Type de contrat :<\/strong><\/p>\n\n<ul class=\"wp-block-list\"><li>Num\u00e9rique, signature \u00e9lectronique.<\/li><\/ul>\n\n<p><strong>Montants<\/strong><\/p>\n\n<p>\u00c0 titre d\u2019exemple, acquisition d\u2019un \u00e9quipement d\u2019une valeur de 3\u202f000 \u20ac hors taxes.<\/p>\n\n<p><strong>Valeur de l\u2019\u00e9quipement : 3\u202f000 \u20ac hors taxes.<\/strong><\/p>\n\n<p>Possibilit\u00e9 de mensualit\u00e9s ou de trimestrialit\u00e9s<\/p>\n\n<p>Dur\u00e9es et loyers selon la dur\u00e9e du contrat.<\/p>\n\n<ul class=\"wp-block-list\"><li>Contrat de 12 mois \u2013 Loyer mensuel : 308,70 \u20ac hors taxes.<\/li><li>Contrat de 24 mois \u2013 Loyer mensuel : 157,50 \u20ac hors taxes.<\/li><li>Contrat de 36 mois \u2013 Loyer mensuel : 112,50 \u20ac hors taxes.<\/li><li>Contrat de 48 mois \u2013 Loyer mensuel : 87,60 \u20ac hors taxes.<\/li><li>Contrat de 60 mois \u2013 Loyer mensuel : 75,30 \u20ac hors taxes.<\/li><li>Contrat de 72 mois \u2013 Loyer mensuel : 63,90 \u20ac hors taxes.<\/li><\/ul>\n\n<p><strong>Une fois le contrat termin\u00e9, deux options s\u2019offrent \u00e0 vous.<\/strong><\/p>\n\n<ul class=\"wp-block-list\"><li>1) <strong>Conserver l\u2019\u00e9quipement en propri\u00e9t\u00e9.<\/strong><ul><li>Via une valeur r\u00e9siduelle. Co\u00fbt approximatif de 6 % de la valeur de l\u2019\u00e9quipement neuf. <\/li><li>Pour un cas \u00e0 3\u202f000 \u20ac hors taxes : valeur r\u00e9siduelle de 180 \u20ac hors taxes. <\/li><\/ul><\/li><li>2) <strong>Restituer l\u2019\u00e9quipement.<\/strong><ul><li>Fin du contrat de location.<\/li><\/ul><\/li><\/ul>\n\n<p><a href=\"https:\/\/www.grenke.es\/\">Informations d\u00e9taill\u00e9es sur Grenke.es<\/a><\/p>\n","protected":false},"excerpt":{"rendered":"<p>Financement Grenke Rent Bomedia met \u00e0 votre disposition ses nouveaux \u00e9quipements via un contrat de location avec la soci\u00e9t\u00e9 de financement Grenke. Grenke Rent est une entreprise sp\u00e9cialis\u00e9e dans le financement d\u2019\u00e9quipements technologiques moyennant le paiement d\u2019une mensualit\u00e9 fixe pendant<\/p>\n","protected":false},"author":1,"featured_media":0,"parent":0,"menu_order":0,"comment_status":"closed","ping_status":"closed","template":"","meta":{"footnotes":""},"class_list":["post-9729","page","type-page","status-publish","hentry"],"yoast_head":"<!-- This site is optimized with the Yoast SEO plugin v27.0 - https:\/\/yoast.com\/product\/yoast-seo-wordpress\/ -->\n<title>Financement pour entreprises et ind\u00e9pendants - Flux - Bomedia<\/title>\n<meta name=\"robots\" content=\"index, follow, max-snippet:-1, max-image-preview:large, max-video-preview:-1\" \/>\n<link rel=\"canonical\" href=\"https:\/\/fluxlasers.eu\/fr\/financement-pour-entreprises-et-independants\/\" \/>\n<meta property=\"og:locale\" content=\"fr_FR\" \/>\n<meta property=\"og:type\" content=\"article\" \/>\n<meta property=\"og:title\" content=\"Financement pour entreprises et ind\u00e9pendants - Flux - Bomedia\" \/>\n<meta property=\"og:description\" content=\"Financement Grenke Rent Bomedia met \u00e0 votre disposition ses nouveaux \u00e9quipements via un contrat de location avec la soci\u00e9t\u00e9 de financement Grenke. Grenke Rent est une entreprise sp\u00e9cialis\u00e9e dans le financement d\u2019\u00e9quipements technologiques moyennant le paiement d\u2019une mensualit\u00e9 fixe pendant\" \/>\n<meta property=\"og:url\" content=\"https:\/\/fluxlasers.eu\/fr\/financement-pour-entreprises-et-independants\/\" \/>\n<meta property=\"og:site_name\" content=\"Flux - Bomedia\" \/>\n<meta property=\"article:modified_time\" content=\"2026-02-27T14:03:08+00:00\" \/>\n<meta name=\"twitter:card\" content=\"summary_large_image\" \/>\n<meta name=\"twitter:label1\" content=\"Dur\u00e9e de lecture estim\u00e9e\" \/>\n\t<meta name=\"twitter:data1\" content=\"2 minutes\" \/>\n<script type=\"application\/ld+json\" class=\"yoast-schema-graph\">{\"@context\":\"https:\/\/schema.org\",\"@graph\":[{\"@type\":\"WebPage\",\"@id\":\"https:\/\/fluxlasers.eu\/fr\/financement-pour-entreprises-et-independants\/\",\"url\":\"https:\/\/fluxlasers.eu\/fr\/financement-pour-entreprises-et-independants\/\",\"name\":\"Financement pour entreprises et ind\u00e9pendants - Flux - Bomedia\",\"isPartOf\":{\"@id\":\"https:\/\/fluxlasers.eu\/fr\/#website\"},\"primaryImageOfPage\":{\"@id\":\"https:\/\/fluxlasers.eu\/fr\/financement-pour-entreprises-et-independants\/#primaryimage\"},\"image\":{\"@id\":\"https:\/\/fluxlasers.eu\/fr\/financement-pour-entreprises-et-independants\/#primaryimage\"},\"thumbnailUrl\":\"https:\/\/boprint.net\/wp-content\/uploads\/2022\/09\/logogrenke.jpg\",\"datePublished\":\"2023-05-08T14:11:18+00:00\",\"dateModified\":\"2026-02-27T14:03:08+00:00\",\"breadcrumb\":{\"@id\":\"https:\/\/fluxlasers.eu\/fr\/financement-pour-entreprises-et-independants\/#breadcrumb\"},\"inLanguage\":\"fr-FR\",\"potentialAction\":[{\"@type\":\"ReadAction\",\"target\":[\"https:\/\/fluxlasers.eu\/fr\/financement-pour-entreprises-et-independants\/\"]}]},{\"@type\":\"ImageObject\",\"inLanguage\":\"fr-FR\",\"@id\":\"https:\/\/fluxlasers.eu\/fr\/financement-pour-entreprises-et-independants\/#primaryimage\",\"url\":\"https:\/\/boprint.net\/wp-content\/uploads\/2022\/09\/logogrenke.jpg\",\"contentUrl\":\"https:\/\/boprint.net\/wp-content\/uploads\/2022\/09\/logogrenke.jpg\"},{\"@type\":\"BreadcrumbList\",\"@id\":\"https:\/\/fluxlasers.eu\/fr\/financement-pour-entreprises-et-independants\/#breadcrumb\",\"itemListElement\":[{\"@type\":\"ListItem\",\"position\":1,\"name\":\"Portada\",\"item\":\"https:\/\/fluxlasers.eu\/fr\/accueil\/\"},{\"@type\":\"ListItem\",\"position\":2,\"name\":\"Financement pour entreprises et ind\u00e9pendants\"}]},{\"@type\":\"WebSite\",\"@id\":\"https:\/\/fluxlasers.eu\/fr\/#website\",\"url\":\"https:\/\/fluxlasers.eu\/fr\/\",\"name\":\"Flux - Bomedia\",\"description\":\"D\u00e9coupeuses et graveuses laser\",\"publisher\":{\"@id\":\"https:\/\/fluxlasers.eu\/fr\/#organization\"},\"potentialAction\":[{\"@type\":\"SearchAction\",\"target\":{\"@type\":\"EntryPoint\",\"urlTemplate\":\"https:\/\/fluxlasers.eu\/fr\/?s={search_term_string}\"},\"query-input\":{\"@type\":\"PropertyValueSpecification\",\"valueRequired\":true,\"valueName\":\"search_term_string\"}}],\"inLanguage\":\"fr-FR\"},{\"@type\":\"Organization\",\"@id\":\"https:\/\/fluxlasers.eu\/fr\/#organization\",\"name\":\"Fluxlasers Espa\u00f1a\",\"url\":\"https:\/\/fluxlasers.eu\/fr\/\",\"logo\":{\"@type\":\"ImageObject\",\"inLanguage\":\"fr-FR\",\"@id\":\"https:\/\/fluxlasers.eu\/fr\/#\/schema\/logo\/image\/\",\"url\":\"https:\/\/fluxlasers.eu\/wp-content\/uploads\/2021\/03\/logofluxspainc.png\",\"contentUrl\":\"https:\/\/fluxlasers.eu\/wp-content\/uploads\/2021\/03\/logofluxspainc.png\",\"width\":350,\"height\":217,\"caption\":\"Fluxlasers Espa\u00f1a\"},\"image\":{\"@id\":\"https:\/\/fluxlasers.eu\/fr\/#\/schema\/logo\/image\/\"}}]}<\/script>\n<!-- \/ Yoast SEO plugin. -->","yoast_head_json":{"title":"Financement pour entreprises et ind\u00e9pendants - Flux - Bomedia","robots":{"index":"index","follow":"follow","max-snippet":"max-snippet:-1","max-image-preview":"max-image-preview:large","max-video-preview":"max-video-preview:-1"},"canonical":"https:\/\/fluxlasers.eu\/fr\/financement-pour-entreprises-et-independants\/","og_locale":"fr_FR","og_type":"article","og_title":"Financement pour entreprises et ind\u00e9pendants - Flux - Bomedia","og_description":"Financement Grenke Rent Bomedia met \u00e0 votre disposition ses nouveaux \u00e9quipements via un contrat de location avec la soci\u00e9t\u00e9 de financement Grenke. Grenke Rent est une entreprise sp\u00e9cialis\u00e9e dans le financement d\u2019\u00e9quipements technologiques moyennant le paiement d\u2019une mensualit\u00e9 fixe pendant","og_url":"https:\/\/fluxlasers.eu\/fr\/financement-pour-entreprises-et-independants\/","og_site_name":"Flux - Bomedia","article_modified_time":"2026-02-27T14:03:08+00:00","twitter_card":"summary_large_image","twitter_misc":{"Dur\u00e9e de lecture estim\u00e9e":"2 minutes"},"schema":{"@context":"https:\/\/schema.org","@graph":[{"@type":"WebPage","@id":"https:\/\/fluxlasers.eu\/fr\/financement-pour-entreprises-et-independants\/","url":"https:\/\/fluxlasers.eu\/fr\/financement-pour-entreprises-et-independants\/","name":"Financement pour entreprises et ind\u00e9pendants - Flux - Bomedia","isPartOf":{"@id":"https:\/\/fluxlasers.eu\/fr\/#website"},"primaryImageOfPage":{"@id":"https:\/\/fluxlasers.eu\/fr\/financement-pour-entreprises-et-independants\/#primaryimage"},"image":{"@id":"https:\/\/fluxlasers.eu\/fr\/financement-pour-entreprises-et-independants\/#primaryimage"},"thumbnailUrl":"https:\/\/boprint.net\/wp-content\/uploads\/2022\/09\/logogrenke.jpg","datePublished":"2023-05-08T14:11:18+00:00","dateModified":"2026-02-27T14:03:08+00:00","breadcrumb":{"@id":"https:\/\/fluxlasers.eu\/fr\/financement-pour-entreprises-et-independants\/#breadcrumb"},"inLanguage":"fr-FR","potentialAction":[{"@type":"ReadAction","target":["https:\/\/fluxlasers.eu\/fr\/financement-pour-entreprises-et-independants\/"]}]},{"@type":"ImageObject","inLanguage":"fr-FR","@id":"https:\/\/fluxlasers.eu\/fr\/financement-pour-entreprises-et-independants\/#primaryimage","url":"https:\/\/boprint.net\/wp-content\/uploads\/2022\/09\/logogrenke.jpg","contentUrl":"https:\/\/boprint.net\/wp-content\/uploads\/2022\/09\/logogrenke.jpg"},{"@type":"BreadcrumbList","@id":"https:\/\/fluxlasers.eu\/fr\/financement-pour-entreprises-et-independants\/#breadcrumb","itemListElement":[{"@type":"ListItem","position":1,"name":"Portada","item":"https:\/\/fluxlasers.eu\/fr\/accueil\/"},{"@type":"ListItem","position":2,"name":"Financement pour entreprises et ind\u00e9pendants"}]},{"@type":"WebSite","@id":"https:\/\/fluxlasers.eu\/fr\/#website","url":"https:\/\/fluxlasers.eu\/fr\/","name":"Flux - Bomedia","description":"D\u00e9coupeuses et graveuses laser","publisher":{"@id":"https:\/\/fluxlasers.eu\/fr\/#organization"},"potentialAction":[{"@type":"SearchAction","target":{"@type":"EntryPoint","urlTemplate":"https:\/\/fluxlasers.eu\/fr\/?s={search_term_string}"},"query-input":{"@type":"PropertyValueSpecification","valueRequired":true,"valueName":"search_term_string"}}],"inLanguage":"fr-FR"},{"@type":"Organization","@id":"https:\/\/fluxlasers.eu\/fr\/#organization","name":"Fluxlasers Espa\u00f1a","url":"https:\/\/fluxlasers.eu\/fr\/","logo":{"@type":"ImageObject","inLanguage":"fr-FR","@id":"https:\/\/fluxlasers.eu\/fr\/#\/schema\/logo\/image\/","url":"https:\/\/fluxlasers.eu\/wp-content\/uploads\/2021\/03\/logofluxspainc.png","contentUrl":"https:\/\/fluxlasers.eu\/wp-content\/uploads\/2021\/03\/logofluxspainc.png","width":350,"height":217,"caption":"Fluxlasers Espa\u00f1a"},"image":{"@id":"https:\/\/fluxlasers.eu\/fr\/#\/schema\/logo\/image\/"}}]}},"_links":{"self":[{"href":"https:\/\/fluxlasers.eu\/fr\/wp-json\/wp\/v2\/pages\/9729","targetHints":{"allow":["GET"]}}],"collection":[{"href":"https:\/\/fluxlasers.eu\/fr\/wp-json\/wp\/v2\/pages"}],"about":[{"href":"https:\/\/fluxlasers.eu\/fr\/wp-json\/wp\/v2\/types\/page"}],"author":[{"embeddable":true,"href":"https:\/\/fluxlasers.eu\/fr\/wp-json\/wp\/v2\/users\/1"}],"replies":[{"embeddable":true,"href":"https:\/\/fluxlasers.eu\/fr\/wp-json\/wp\/v2\/comments?post=9729"}],"version-history":[{"count":1,"href":"https:\/\/fluxlasers.eu\/fr\/wp-json\/wp\/v2\/pages\/9729\/revisions"}],"predecessor-version":[{"id":9731,"href":"https:\/\/fluxlasers.eu\/fr\/wp-json\/wp\/v2\/pages\/9729\/revisions\/9731"}],"wp:attachment":[{"href":"https:\/\/fluxlasers.eu\/fr\/wp-json\/wp\/v2\/media?parent=9729"}],"curies":[{"name":"wp","href":"https:\/\/api.w.org\/{rel}","templated":true}]}}