{"id":9720,"date":"2022-09-30T10:01:54","date_gmt":"2022-09-30T09:01:54","guid":{"rendered":"https:\/\/fluxlasers.eu\/support\/"},"modified":"2026-02-27T15:02:47","modified_gmt":"2026-02-27T14:02:47","slug":"support","status":"publish","type":"page","link":"https:\/\/fluxlasers.eu\/fr\/support\/","title":{"rendered":"Support"},"content":{"rendered":"\n<div class=\"wp-block-columns is-layout-flex wp-container-core-columns-is-layout-9d6595d7 wp-block-columns-is-layout-flex\">\n<div class=\"wp-block-column is-layout-flow wp-block-column-is-layout-flow\" style=\"flex-basis:25%\"><\/div>\n\n\n\n<div class=\"wp-block-column is-layout-flow wp-block-column-is-layout-flow\" style=\"flex-basis:50%\">\n<h3 class=\"wp-block-heading has-text-align-center\">Formulaire de support pour les clients Flux \u2013 Bomedia<\/h3>\n\n\n\n<p>Veuillez indiquer votre nom et votre adresse e-mail ainsi qu&rsquo;une description de votre probl\u00e8me. Joignez des photos ou des vid\u00e9os pour une meilleure explication.  <br\/>En cas de panne, veuillez joindre votre facture d&rsquo;achat et une photo du num\u00e9ro de s\u00e9rie de la machine.<\/p>\n\n\n<div class=\"wpforms-container wpforms-container-full wpforms-block wpforms-block-06f041c7-7cc9-4918-ad69-c50ddb3c3bec\" id=\"wpforms-2365\"><form id=\"wpforms-form-2365\" class=\"wpforms-validate wpforms-form wpforms-ajax-form\" data-formid=\"2365\" method=\"post\" enctype=\"multipart\/form-data\" action=\"\/fr\/wp-json\/wp\/v2\/pages\/9720\" data-token=\"3d5021538a12f41cc21191af29f68b6b\" data-token-time=\"1775408438\"><noscript class=\"wpforms-error-noscript\">Veuillez activer JavaScript dans votre navigateur pour remplir ce formulaire.<\/noscript><div class=\"wpforms-field-container\"><div id=\"wpforms-2365-field_1-container\" class=\"wpforms-field wpforms-field-name\" data-field-id=\"1\"><label class=\"wpforms-field-label\">Pr\u00e9nom <span class=\"wpforms-required-label\">*<\/span><\/label><div class=\"wpforms-field-row wpforms-field-medium\"><div class=\"wpforms-field-row-block wpforms-first wpforms-one-half\"><input type=\"text\" id=\"wpforms-2365-field_1\" class=\"wpforms-field-name-first wpforms-field-required\" name=\"wpforms[fields][1][first]\" required><label for=\"wpforms-2365-field_1\" class=\"wpforms-field-sublabel after\">Pr\u00e9nom<\/label><\/div><div class=\"wpforms-field-row-block wpforms-one-half\"><input type=\"text\" id=\"wpforms-2365-field_1-last\" class=\"wpforms-field-name-last wpforms-field-required\" name=\"wpforms[fields][1][last]\" required><label for=\"wpforms-2365-field_1-last\" class=\"wpforms-field-sublabel after\">Nom<\/label><\/div><\/div><\/div><div id=\"wpforms-2365-field_2-container\" class=\"wpforms-field wpforms-field-email\" data-field-id=\"2\"><label class=\"wpforms-field-label\" for=\"wpforms-2365-field_2\">Courriel <span class=\"wpforms-required-label\">*<\/span><\/label><input type=\"email\" id=\"wpforms-2365-field_2\" class=\"wpforms-field-medium wpforms-field-required\" name=\"wpforms[fields][2]\" spellcheck=\"false\" required><\/div><div id=\"wpforms-2365-field_3-container\" class=\"wpforms-field wpforms-field-number\" data-field-id=\"3\"><label class=\"wpforms-field-label\" for=\"wpforms-2365-field_3\">T\u00e9l\u00e9phone <span class=\"wpforms-required-label\">*<\/span><\/label><input type=\"number\" id=\"wpforms-2365-field_3\" class=\"wpforms-field-small wpforms-field-required\" name=\"wpforms[fields][3]\" step=\"any\" required><\/div><div id=\"wpforms-2365-field_4-container\" class=\"wpforms-field wpforms-field-text\" data-field-id=\"4\"><label class=\"wpforms-field-label\" for=\"wpforms-2365-field_4\">Objet<\/label><input type=\"text\" id=\"wpforms-2365-field_4\" class=\"wpforms-field-medium\" name=\"wpforms[fields][4]\" ><\/div><div id=\"wpforms-2365-field_7-container\" class=\"wpforms-field wpforms-field-radio\" data-field-id=\"7\"><label class=\"wpforms-field-label\">Indiquez le mod\u00e8le de votre machine<\/label><ul id=\"wpforms-2365-field_7\"><li class=\"choice-1 depth-1\"><input type=\"radio\" id=\"wpforms-2365-field_7_1\" name=\"wpforms[fields][7]\" value=\"Beamo 30W\"  ><label class=\"wpforms-field-label-inline\" for=\"wpforms-2365-field_7_1\">Beamo 30W<\/label><\/li><li class=\"choice-2 depth-1\"><input type=\"radio\" id=\"wpforms-2365-field_7_2\" name=\"wpforms[fields][7]\" value=\"Beambox 40W\"  ><label class=\"wpforms-field-label-inline\" for=\"wpforms-2365-field_7_2\">Beambox 40W<\/label><\/li><li class=\"choice-3 depth-1\"><input type=\"radio\" id=\"wpforms-2365-field_7_3\" name=\"wpforms[fields][7]\" value=\"Beambox Pro 50W\"  ><label class=\"wpforms-field-label-inline\" for=\"wpforms-2365-field_7_3\">Beambox Pro 50W<\/label><\/li><li class=\"choice-7 depth-1\"><input type=\"radio\" id=\"wpforms-2365-field_7_7\" name=\"wpforms[fields][7]\" value=\"Beambox II 55W\"  ><label class=\"wpforms-field-label-inline\" for=\"wpforms-2365-field_7_7\">Beambox II 55W<\/label><\/li><li class=\"choice-4 depth-1\"><input type=\"radio\" id=\"wpforms-2365-field_7_4\" name=\"wpforms[fields][7]\" value=\"Hexa 60W\"  ><label class=\"wpforms-field-label-inline\" for=\"wpforms-2365-field_7_4\">Hexa 60W<\/label><\/li><li class=\"choice-6 depth-1\"><input type=\"radio\" id=\"wpforms-2365-field_7_6\" name=\"wpforms[fields][7]\" value=\"Flux Ador\"  ><label class=\"wpforms-field-label-inline\" for=\"wpforms-2365-field_7_6\">Flux Ador<\/label><\/li><li class=\"choice-5 depth-1\"><input type=\"radio\" id=\"wpforms-2365-field_7_5\" name=\"wpforms[fields][7]\" value=\"Extensions\"  ><label class=\"wpforms-field-label-inline\" for=\"wpforms-2365-field_7_5\">Extensions<\/label><\/li><\/ul><\/div><div id=\"wpforms-2365-field_9-container\" class=\"wpforms-field wpforms-field-text\" data-field-id=\"9\"><label class=\"wpforms-field-label\" for=\"wpforms-2365-field_9\">Num\u00e9ro de facture<\/label><input type=\"text\" id=\"wpforms-2365-field_9\" class=\"wpforms-field-medium\" name=\"wpforms[fields][9]\" ><\/div><div id=\"wpforms-2365-field_5-container\" class=\"wpforms-field wpforms-field-textarea\" data-field-id=\"5\"><label class=\"wpforms-field-label\" for=\"wpforms-2365-field_5\">Description<\/label><textarea id=\"wpforms-2365-field_5\" class=\"wpforms-field-medium\" name=\"wpforms[fields][5]\" ><\/textarea><\/div><\/div><!-- .wpforms-field-container --><div class=\"wpforms-recaptcha-container wpforms-is-recaptcha wpforms-is-recaptcha-type-v2\" ><div class=\"g-recaptcha\" data-sitekey=\"6Ld9rUIiAAAAAG30tzDi377T_kaJgM8cpHTAEpK_\"><\/div><input type=\"text\" name=\"g-recaptcha-hidden\" class=\"wpforms-recaptcha-hidden\" style=\"position:absolute!important;clip:rect(0,0,0,0)!important;height:1px!important;width:1px!important;border:0!important;overflow:hidden!important;padding:0!important;margin:0!important;\" data-rule-recaptcha=\"1\"><\/div><div class=\"wpforms-submit-container\" ><input type=\"hidden\" name=\"wpforms[id]\" value=\"2365\"><input type=\"hidden\" name=\"page_title\" value=\"\"><input type=\"hidden\" name=\"page_url\" value=\"https:\/\/fluxlasers.eu\/fr\/wp-json\/wp\/v2\/pages\/9720\"><input type=\"hidden\" name=\"url_referer\" value=\"\"><button type=\"submit\" name=\"wpforms[submit]\" id=\"wpforms-submit-2365\" class=\"wpforms-submit\" data-alt-text=\"Envoi en cours...\" data-submit-text=\"Envoyer\" aria-live=\"assertive\" value=\"wpforms-submit\">Envoyer<\/button><img decoding=\"async\" src=\"https:\/\/fluxlasers.eu\/wp-content\/plugins\/wpforms-lite\/assets\/images\/submit-spin.svg\" class=\"wpforms-submit-spinner\" style=\"display: none;\" width=\"26\" height=\"26\" alt=\"Chargement en cours\"><\/div><\/form><\/div>  <!-- .wpforms-container -->\n\n\n<p><strong>Vous pouvez \u00e9galement consulter notre page de support :<\/strong> <br\/><a href=\"https:\/\/support.flux3dp.com\/hc\/en-us\" target=\"_blank\" rel=\"noreferrer noopener\">https:\/\/support.flux3dp.com\/hc\/en-us<\/a><\/p>\n\n\n\n<p><strong>T\u00e9l\u00e9chargements<\/strong><br\/><a href=\"https:\/\/flux3dp.com\/downloads\/\" target=\"_blank\" rel=\"noreferrer noopener\">Page de t\u00e9l\u00e9chargement de logiciels et de micrologiciels<\/a><\/p>\n<\/div>\n\n\n\n<div class=\"wp-block-column is-layout-flow wp-block-column-is-layout-flow\" style=\"flex-basis:25%\"><\/div>\n<\/div>\n\n<div class=\"wp-block-columns is-layout-flex wp-container-core-columns-is-layout-9d6595d7 wp-block-columns-is-layout-flex\">\n<div class=\"wp-block-column is-layout-flow wp-block-column-is-layout-flow\" style=\"flex-basis:25%\"><\/div>\n\n\n\n<div class=\"wp-block-column is-layout-flow wp-block-column-is-layout-flow\" style=\"flex-basis:50%\">\n<p class=\"has-text-align-left\">Si vous pr\u00e9f\u00e9rez, vous pouvez nous \u00e9crire \u00e0 l&rsquo;adresse e-mail du support<\/p>\n\n\n\n<figure class=\"wp-block-image size-full\"><img decoding=\"async\" width=\"162\" height=\"23\" src=\"https:\/\/fluxlasers.eu\/wp-content\/uploads\/2025\/09\/mail-soporte.jpg\" alt=\"\" class=\"wp-image-4123\"\/><\/figure>\n<\/div>\n\n\n\n<div class=\"wp-block-column is-layout-flow wp-block-column-is-layout-flow\" style=\"flex-basis:25%\"><\/div>\n<\/div>\n\n<p><\/p>\n","protected":false},"excerpt":{"rendered":"<p>Formulaire de support pour les clients Flux \u2013 Bomedia Veuillez indiquer votre nom et votre adresse e-mail ainsi qu&rsquo;une description de votre probl\u00e8me. Joignez des photos ou des vid\u00e9os pour une meilleure explication. En cas de panne, veuillez joindre votre<\/p>\n","protected":false},"author":1,"featured_media":0,"parent":0,"menu_order":0,"comment_status":"closed","ping_status":"closed","template":"","meta":{"footnotes":""},"class_list":["post-9720","page","type-page","status-publish","hentry"],"yoast_head":"<!-- This site is optimized with the Yoast SEO plugin v27.0 - https:\/\/yoast.com\/product\/yoast-seo-wordpress\/ -->\n<title>Support - Flux - Bomedia<\/title>\n<meta name=\"robots\" content=\"index, follow, max-snippet:-1, max-image-preview:large, max-video-preview:-1\" \/>\n<link rel=\"canonical\" href=\"https:\/\/fluxlasers.eu\/fr\/support\/\" \/>\n<meta property=\"og:locale\" content=\"fr_FR\" \/>\n<meta property=\"og:type\" content=\"article\" \/>\n<meta property=\"og:title\" content=\"Support - Flux - Bomedia\" \/>\n<meta property=\"og:description\" content=\"Formulaire de support pour les clients Flux \u2013 Bomedia Veuillez indiquer votre nom et votre adresse e-mail ainsi qu&rsquo;une description de votre probl\u00e8me. Joignez des photos ou des vid\u00e9os pour une meilleure explication. En cas de panne, veuillez joindre votre\" \/>\n<meta property=\"og:url\" content=\"https:\/\/fluxlasers.eu\/fr\/support\/\" \/>\n<meta property=\"og:site_name\" content=\"Flux - Bomedia\" \/>\n<meta property=\"article:modified_time\" content=\"2026-02-27T14:02:47+00:00\" \/>\n<meta property=\"og:image\" content=\"https:\/\/fluxlasers.eu\/wp-content\/uploads\/2025\/09\/mail-soporte.jpg\" \/>\n<meta name=\"twitter:card\" content=\"summary_large_image\" \/>\n<script type=\"application\/ld+json\" class=\"yoast-schema-graph\">{\"@context\":\"https:\/\/schema.org\",\"@graph\":[{\"@type\":\"WebPage\",\"@id\":\"https:\/\/fluxlasers.eu\/fr\/support\/\",\"url\":\"https:\/\/fluxlasers.eu\/fr\/support\/\",\"name\":\"Support - Flux - Bomedia\",\"isPartOf\":{\"@id\":\"https:\/\/fluxlasers.eu\/fr\/#website\"},\"primaryImageOfPage\":{\"@id\":\"https:\/\/fluxlasers.eu\/fr\/support\/#primaryimage\"},\"image\":{\"@id\":\"https:\/\/fluxlasers.eu\/fr\/support\/#primaryimage\"},\"thumbnailUrl\":\"https:\/\/fluxlasers.eu\/wp-content\/uploads\/2025\/09\/mail-soporte.jpg\",\"datePublished\":\"2022-09-30T09:01:54+00:00\",\"dateModified\":\"2026-02-27T14:02:47+00:00\",\"breadcrumb\":{\"@id\":\"https:\/\/fluxlasers.eu\/fr\/support\/#breadcrumb\"},\"inLanguage\":\"fr-FR\",\"potentialAction\":[{\"@type\":\"ReadAction\",\"target\":[\"https:\/\/fluxlasers.eu\/fr\/support\/\"]}]},{\"@type\":\"ImageObject\",\"inLanguage\":\"fr-FR\",\"@id\":\"https:\/\/fluxlasers.eu\/fr\/support\/#primaryimage\",\"url\":\"https:\/\/fluxlasers.eu\/wp-content\/uploads\/2025\/09\/mail-soporte.jpg\",\"contentUrl\":\"https:\/\/fluxlasers.eu\/wp-content\/uploads\/2025\/09\/mail-soporte.jpg\"},{\"@type\":\"BreadcrumbList\",\"@id\":\"https:\/\/fluxlasers.eu\/fr\/support\/#breadcrumb\",\"itemListElement\":[{\"@type\":\"ListItem\",\"position\":1,\"name\":\"Portada\",\"item\":\"https:\/\/fluxlasers.eu\/fr\/accueil\/\"},{\"@type\":\"ListItem\",\"position\":2,\"name\":\"Support\"}]},{\"@type\":\"WebSite\",\"@id\":\"https:\/\/fluxlasers.eu\/fr\/#website\",\"url\":\"https:\/\/fluxlasers.eu\/fr\/\",\"name\":\"Flux - Bomedia\",\"description\":\"D\u00e9coupeuses et graveuses laser\",\"publisher\":{\"@id\":\"https:\/\/fluxlasers.eu\/fr\/#organization\"},\"potentialAction\":[{\"@type\":\"SearchAction\",\"target\":{\"@type\":\"EntryPoint\",\"urlTemplate\":\"https:\/\/fluxlasers.eu\/fr\/?s={search_term_string}\"},\"query-input\":{\"@type\":\"PropertyValueSpecification\",\"valueRequired\":true,\"valueName\":\"search_term_string\"}}],\"inLanguage\":\"fr-FR\"},{\"@type\":\"Organization\",\"@id\":\"https:\/\/fluxlasers.eu\/fr\/#organization\",\"name\":\"Fluxlasers Espa\u00f1a\",\"url\":\"https:\/\/fluxlasers.eu\/fr\/\",\"logo\":{\"@type\":\"ImageObject\",\"inLanguage\":\"fr-FR\",\"@id\":\"https:\/\/fluxlasers.eu\/fr\/#\/schema\/logo\/image\/\",\"url\":\"https:\/\/fluxlasers.eu\/wp-content\/uploads\/2021\/03\/logofluxspainc.png\",\"contentUrl\":\"https:\/\/fluxlasers.eu\/wp-content\/uploads\/2021\/03\/logofluxspainc.png\",\"width\":350,\"height\":217,\"caption\":\"Fluxlasers Espa\u00f1a\"},\"image\":{\"@id\":\"https:\/\/fluxlasers.eu\/fr\/#\/schema\/logo\/image\/\"}}]}<\/script>\n<!-- \/ Yoast SEO plugin. -->","yoast_head_json":{"title":"Support - Flux - Bomedia","robots":{"index":"index","follow":"follow","max-snippet":"max-snippet:-1","max-image-preview":"max-image-preview:large","max-video-preview":"max-video-preview:-1"},"canonical":"https:\/\/fluxlasers.eu\/fr\/support\/","og_locale":"fr_FR","og_type":"article","og_title":"Support - Flux - Bomedia","og_description":"Formulaire de support pour les clients Flux \u2013 Bomedia Veuillez indiquer votre nom et votre adresse e-mail ainsi qu&rsquo;une description de votre probl\u00e8me. Joignez des photos ou des vid\u00e9os pour une meilleure explication. En cas de panne, veuillez joindre votre","og_url":"https:\/\/fluxlasers.eu\/fr\/support\/","og_site_name":"Flux - Bomedia","article_modified_time":"2026-02-27T14:02:47+00:00","og_image":[{"url":"https:\/\/fluxlasers.eu\/wp-content\/uploads\/2025\/09\/mail-soporte.jpg","type":"","width":"","height":""}],"twitter_card":"summary_large_image","schema":{"@context":"https:\/\/schema.org","@graph":[{"@type":"WebPage","@id":"https:\/\/fluxlasers.eu\/fr\/support\/","url":"https:\/\/fluxlasers.eu\/fr\/support\/","name":"Support - Flux - Bomedia","isPartOf":{"@id":"https:\/\/fluxlasers.eu\/fr\/#website"},"primaryImageOfPage":{"@id":"https:\/\/fluxlasers.eu\/fr\/support\/#primaryimage"},"image":{"@id":"https:\/\/fluxlasers.eu\/fr\/support\/#primaryimage"},"thumbnailUrl":"https:\/\/fluxlasers.eu\/wp-content\/uploads\/2025\/09\/mail-soporte.jpg","datePublished":"2022-09-30T09:01:54+00:00","dateModified":"2026-02-27T14:02:47+00:00","breadcrumb":{"@id":"https:\/\/fluxlasers.eu\/fr\/support\/#breadcrumb"},"inLanguage":"fr-FR","potentialAction":[{"@type":"ReadAction","target":["https:\/\/fluxlasers.eu\/fr\/support\/"]}]},{"@type":"ImageObject","inLanguage":"fr-FR","@id":"https:\/\/fluxlasers.eu\/fr\/support\/#primaryimage","url":"https:\/\/fluxlasers.eu\/wp-content\/uploads\/2025\/09\/mail-soporte.jpg","contentUrl":"https:\/\/fluxlasers.eu\/wp-content\/uploads\/2025\/09\/mail-soporte.jpg"},{"@type":"BreadcrumbList","@id":"https:\/\/fluxlasers.eu\/fr\/support\/#breadcrumb","itemListElement":[{"@type":"ListItem","position":1,"name":"Portada","item":"https:\/\/fluxlasers.eu\/fr\/accueil\/"},{"@type":"ListItem","position":2,"name":"Support"}]},{"@type":"WebSite","@id":"https:\/\/fluxlasers.eu\/fr\/#website","url":"https:\/\/fluxlasers.eu\/fr\/","name":"Flux - Bomedia","description":"D\u00e9coupeuses et graveuses laser","publisher":{"@id":"https:\/\/fluxlasers.eu\/fr\/#organization"},"potentialAction":[{"@type":"SearchAction","target":{"@type":"EntryPoint","urlTemplate":"https:\/\/fluxlasers.eu\/fr\/?s={search_term_string}"},"query-input":{"@type":"PropertyValueSpecification","valueRequired":true,"valueName":"search_term_string"}}],"inLanguage":"fr-FR"},{"@type":"Organization","@id":"https:\/\/fluxlasers.eu\/fr\/#organization","name":"Fluxlasers Espa\u00f1a","url":"https:\/\/fluxlasers.eu\/fr\/","logo":{"@type":"ImageObject","inLanguage":"fr-FR","@id":"https:\/\/fluxlasers.eu\/fr\/#\/schema\/logo\/image\/","url":"https:\/\/fluxlasers.eu\/wp-content\/uploads\/2021\/03\/logofluxspainc.png","contentUrl":"https:\/\/fluxlasers.eu\/wp-content\/uploads\/2021\/03\/logofluxspainc.png","width":350,"height":217,"caption":"Fluxlasers Espa\u00f1a"},"image":{"@id":"https:\/\/fluxlasers.eu\/fr\/#\/schema\/logo\/image\/"}}]}},"_links":{"self":[{"href":"https:\/\/fluxlasers.eu\/fr\/wp-json\/wp\/v2\/pages\/9720","targetHints":{"allow":["GET"]}}],"collection":[{"href":"https:\/\/fluxlasers.eu\/fr\/wp-json\/wp\/v2\/pages"}],"about":[{"href":"https:\/\/fluxlasers.eu\/fr\/wp-json\/wp\/v2\/types\/page"}],"author":[{"embeddable":true,"href":"https:\/\/fluxlasers.eu\/fr\/wp-json\/wp\/v2\/users\/1"}],"replies":[{"embeddable":true,"href":"https:\/\/fluxlasers.eu\/fr\/wp-json\/wp\/v2\/comments?post=9720"}],"version-history":[{"count":1,"href":"https:\/\/fluxlasers.eu\/fr\/wp-json\/wp\/v2\/pages\/9720\/revisions"}],"predecessor-version":[{"id":9722,"href":"https:\/\/fluxlasers.eu\/fr\/wp-json\/wp\/v2\/pages\/9720\/revisions\/9722"}],"wp:attachment":[{"href":"https:\/\/fluxlasers.eu\/fr\/wp-json\/wp\/v2\/media?parent=9720"}],"curies":[{"name":"wp","href":"https:\/\/api.w.org\/{rel}","templated":true}]}}