{"id":9710,"date":"2023-04-27T06:53:24","date_gmt":"2023-04-27T05:53:24","guid":{"rendered":"https:\/\/fluxlasers.eu\/hexa-60w\/"},"modified":"2026-03-04T08:57:31","modified_gmt":"2026-03-04T07:57:31","slug":"hexa-60w","status":"publish","type":"page","link":"https:\/\/fluxlasers.eu\/fr\/hexa-60w\/","title":{"rendered":"Hexa 60W"},"content":{"rendered":"\n<div style=\"height:28px\" aria-hidden=\"true\" class=\"wp-block-spacer\"><\/div>\n\n<h2 class=\"has-text-align-center has-black-color has-text-color wp-block-heading\" id=\"hexa\"><strong>HEXA<\/strong><\/h2>\n\n<h4 class=\"has-text-align-center has-black-color has-text-color wp-block-heading\" id=\"mas-alla-de-tu-profesion\">Au-del\u00e0 de votre profession<\/h4>\n\n<div style=\"height:28px\" aria-hidden=\"true\" class=\"wp-block-spacer\"><\/div>\n\n<figure class=\"wp-block-video\"><video height=\"786\" style=\"aspect-ratio: 1920 \/ 786;\" width=\"1920\" autoplay=\"\" loop=\"\" muted=\"\" poster=\"\" preload=\"auto\" src=\"https:\/\/fluxlasers.eu\/wp-content\/uploads\/2022\/01\/hexabanner.mp4\"><\/video><\/figure>\n\n<div style=\"height:42px\" aria-hidden=\"true\" class=\"wp-block-spacer\"><\/div>\n\n<div class=\"wp-block-columns is-layout-flex wp-container-core-columns-is-layout-9d6595d7 wp-block-columns-is-layout-flex\">\n<div class=\"wp-block-column is-layout-flow wp-block-column-is-layout-flow\">\n<h3 class=\"has-text-align-center has-black-color has-text-color has-large-font-size wp-block-heading\" id=\"construido-para-la-produccion\">Con\u00e7ue pour la production <\/h3>\n\n\n\n<p class=\"padding: 1em;\">La zone de travail la plus grande et la plus profonde de la FLUX HEXA est sp\u00e9cialement con\u00e7ue pour votre production professionnelle. La haute r\u00e9solution, combin\u00e9e \u00e0 une vitesse de gravure accrue, rend votre exp\u00e9rience de travail plus fluide que jamais. <\/p>\n<\/div>\n\n\n\n<div class=\"wp-block-column is-layout-flow wp-block-column-is-layout-flow\">\n<figure class=\"wp-block-video\"><video height=\"1080\" style=\"aspect-ratio: 1920 \/ 1080;\" width=\"1920\" autoplay=\"\" loop=\"\" muted=\"\" src=\"https:\/\/fluxlasers.eu\/wp-content\/uploads\/2022\/01\/opencover.mp4\"><\/video><\/figure>\n\n\n\n<p><\/p>\n<\/div>\n<\/div>\n\n<div class=\"wp-block-columns is-layout-flex wp-container-core-columns-is-layout-9d6595d7 wp-block-columns-is-layout-flex\">\n<div class=\"wp-block-column is-layout-flow wp-block-column-is-layout-flow\"><\/div>\n\n\n\n<div class=\"wp-block-column is-layout-flow wp-block-column-is-layout-flow\">\n<div class=\"wp-block-buttons is-layout-flex wp-block-buttons-is-layout-flex\">\n<div class=\"wp-block-button has-custom-width wp-block-button__width-100 is-style-fill\"><a class=\"wp-block-button__link has-white-color has-text-color has-background\" href=\"https:\/\/fluxlasers.eu\/fr\/produit\/flux-hexa-decoupeuse-laser-co2-60-w\/\" style=\"border-radius:16px;background-color:#d79e00\">Achetez votre HEXA d\u00e8s maintenant<\/a><\/div>\n<\/div>\n<\/div>\n\n\n\n<div class=\"wp-block-column is-layout-flow wp-block-column-is-layout-flow\"><\/div>\n<\/div>\n\n<div class=\"wp-block-columns is-layout-flex wp-container-core-columns-is-layout-9d6595d7 wp-block-columns-is-layout-flex\">\n<div class=\"wp-block-column is-layout-flow wp-block-column-is-layout-flow\">\n<figure class=\"wp-block-video\"><video height=\"1080\" style=\"aspect-ratio: 1920 \/ 1080;\" width=\"1920\" autoplay=\"\" loop=\"\" muted=\"\" src=\"https:\/\/fluxlasers.eu\/wp-content\/uploads\/2022\/01\/Workarea.mp4\"><\/video><\/figure>\n<\/div>\n\n\n\n<div class=\"wp-block-column is-layout-flow wp-block-column-is-layout-flow\">\n<h3 class=\"has-text-align-center has-black-color has-text-color has-large-font-size wp-block-heading\" id=\"un-33-mas-de-superficie-de-trabajo\">33 % de surface de travail en plus<\/h3>\n\n\n\n<p>Plus de capacit\u00e9, plus de possibilit\u00e9s. Avec une zone de travail de 730 x 410 x 125 mm, la HEXA est 33 % plus grande et 40 mm plus profonde. La FLUX HEXA est une d\u00e9coupeuse laser bien plus puissante pour r\u00e9pondre \u00e0 vos besoins professionnels. \u00c9quip\u00e9e de s\u00e9rie d\u2019une plateforme en nid d\u2019abeille en acier am\u00e9lior\u00e9e et de supports coniques.   <\/p>\n<\/div>\n<\/div>\n\n<div class=\"wp-block-columns is-layout-flex wp-container-core-columns-is-layout-9d6595d7 wp-block-columns-is-layout-flex\">\n<div class=\"wp-block-column is-layout-flow wp-block-column-is-layout-flow\">\n<h3 class=\"has-text-align-center has-black-color has-text-color has-large-font-size wp-block-heading\" id=\"grabado-de-alta-velocidad-de-900-mm-s\">Gravure haute vitesse de 900 mm\/s <\/h3>\n\n\n\n<p>Les puces Cortex M4 les plus puissantes de la HEXA vous permettent de graver \u00e0 une vitesse \u00e9poustouflante de 900 mm\/s.<\/p>\n<\/div>\n\n\n\n<div class=\"wp-block-column is-layout-flow wp-block-column-is-layout-flow\">\n<figure class=\"wp-block-video\"><video height=\"1080\" style=\"aspect-ratio: 1920 \/ 1080;\" width=\"1920\" autoplay=\"\" loop=\"\" muted=\"\" src=\"https:\/\/fluxlasers.eu\/wp-content\/uploads\/2022\/01\/speed-1.mp4\"><\/video><\/figure>\n<\/div>\n<\/div>\n\n<div class=\"wp-block-columns is-layout-flex wp-container-core-columns-is-layout-9d6595d7 wp-block-columns-is-layout-flex\">\n<div class=\"wp-block-column is-layout-flow wp-block-column-is-layout-flow\">\n<figure class=\"wp-block-video\"><video height=\"1080\" style=\"aspect-ratio: 1920 \/ 1080;\" width=\"1920\" autoplay=\"\" loop=\"\" muted=\"\" src=\"https:\/\/fluxlasers.eu\/wp-content\/uploads\/2022\/01\/Laser_OK.mp4\"><\/video><\/figure>\n<\/div>\n\n\n\n<div class=\"wp-block-column is-layout-flow wp-block-column-is-layout-flow\">\n<h3 class=\"has-text-align-center has-black-color has-text-color has-large-font-size wp-block-heading\" id=\"tubo-laser-de-alta-especificacion-de-60w\">Tube laser haute performance de 60 W <\/h3>\n\n\n\n<p>Il s\u2019agit d\u2019un nouveau tube laser haute performance de 60 W dot\u00e9 d\u2019une lentille de focalisation optique de 38 mm (1,5 pouce). Nous offrons une garantie d\u2019un an pour le tube laser. <\/p>\n<\/div>\n<\/div>\n\n<div class=\"wp-block-columns is-layout-flex wp-container-core-columns-is-layout-9d6595d7 wp-block-columns-is-layout-flex\">\n<div class=\"wp-block-column is-layout-flow wp-block-column-is-layout-flow\">\n<h3 class=\"has-text-align-center has-black-color has-text-color has-large-font-size wp-block-heading\" id=\"1000-dpi-complemento\">1 000 DPI (en option)<\/h3>\n\n\n\n<p>Chaque d\u00e9tail compte. Gr\u00e2ce \u00e0 ce nouveau point laser consid\u00e9rablement r\u00e9duit, vous pouvez atteindre une r\u00e9solution de niveau sup\u00e9rieur de 1 000 DPI. <\/p>\n<\/div>\n\n\n\n<div class=\"wp-block-column is-layout-flow wp-block-column-is-layout-flow\">\n<figure class=\"wp-block-video\"><video height=\"1080\" style=\"aspect-ratio: 1920 \/ 1080;\" width=\"1920\" autoplay=\"\" loop=\"\" muted=\"\" src=\"https:\/\/fluxlasers.eu\/wp-content\/uploads\/2022\/01\/1000dpi_ok.mp4\"><\/video><\/figure>\n<\/div>\n<\/div>\n\n<div class=\"wp-block-columns is-layout-flex wp-container-core-columns-is-layout-9d6595d7 wp-block-columns-is-layout-flex\">\n<div class=\"wp-block-column is-layout-flow wp-block-column-is-layout-flow\"><\/div>\n\n\n\n<div class=\"wp-block-column is-layout-flow wp-block-column-is-layout-flow\">\n<div class=\"wp-block-buttons is-layout-flex wp-block-buttons-is-layout-flex\">\n<div class=\"wp-block-button has-custom-width wp-block-button__width-100 is-style-fill\"><a class=\"wp-block-button__link has-white-color has-text-color has-background\" href=\"https:\/\/fluxlasers.eu\/fr\/produit\/flux-hexa-decoupeuse-laser-co2-60-w\/\" style=\"border-radius:16px;background-color:#d79e00\">Achetez votre HEXA d\u00e8s maintenant<\/a><\/div>\n<\/div>\n<\/div>\n\n\n\n<div class=\"wp-block-column is-layout-flow wp-block-column-is-layout-flow\"><\/div>\n<\/div>\n\n<div class=\"wp-block-columns is-layout-flex wp-container-core-columns-is-layout-9d6595d7 wp-block-columns-is-layout-flex\">\n<div class=\"wp-block-column is-layout-flow wp-block-column-is-layout-flow\">\n<figure class=\"wp-block-video\"><video height=\"1080\" style=\"aspect-ratio: 1920 \/ 1080;\" width=\"1920\" autoplay=\"\" loop=\"\" muted=\"\" src=\"https:\/\/fluxlasers.eu\/wp-content\/uploads\/2022\/01\/autofocus.mp4\"><\/video><\/figure>\n<\/div>\n\n\n\n<div class=\"wp-block-column is-layout-flow wp-block-column-is-layout-flow\">\n<h3 class=\"has-text-align-center has-black-color has-text-color has-large-font-size wp-block-heading\" id=\"equipado-con-autofoco\">\u00c9quip\u00e9e de l\u2019autofocus <\/h3>\n\n\n\n<p>Faites la mise au point de votre laser en quelques secondes gr\u00e2ce \u00e0 la nouvelle plateforme de levage \u00e9lectrique.<\/p>\n<\/div>\n<\/div>\n\n<div class=\"wp-block-columns is-layout-flex wp-container-core-columns-is-layout-9d6595d7 wp-block-columns-is-layout-flex\">\n<div class=\"wp-block-column is-layout-flow wp-block-column-is-layout-flow\">\n<h3 class=\"has-text-align-center has-black-color has-text-color has-large-font-size wp-block-heading\" id=\"12-mm-de-grosor-de-corte\">+12 mm d\u2019\u00e9paisseur de coupe <\/h3>\n\n\n\n<p>Gr\u00e2ce \u00e0 une efficacit\u00e9 et une durabilit\u00e9 laser fascinantes, la FLUX HEXA d\u00e9coupe parfaitement des dizaines de mat\u00e9riaux avec son puissant laser CO2.<\/p>\n<\/div>\n\n\n\n<div class=\"wp-block-column is-layout-flow wp-block-column-is-layout-flow\">\n<figure class=\"wp-block-video\"><video height=\"1080\" style=\"aspect-ratio: 1920 \/ 1080;\" width=\"1920\" autoplay=\"\" loop=\"\" muted=\"\" src=\"https:\/\/fluxlasers.eu\/wp-content\/uploads\/2022\/01\/125mmok.mp4\"><\/video><\/figure>\n<\/div>\n<\/div>\n\n<div class=\"wp-block-columns is-layout-flex wp-container-core-columns-is-layout-9d6595d7 wp-block-columns-is-layout-flex\">\n<div class=\"wp-block-column is-layout-flow wp-block-column-is-layout-flow\" style=\"flex-basis:100%\">\n<div class=\"wp-block-columns is-layout-flex wp-container-core-columns-is-layout-9d6595d7 wp-block-columns-is-layout-flex\">\n<div class=\"wp-block-column is-layout-flow wp-block-column-is-layout-flow\">\n<div class=\"wp-block-columns is-layout-flex wp-container-core-columns-is-layout-9d6595d7 wp-block-columns-is-layout-flex\">\n<div class=\"wp-block-column is-layout-flow wp-block-column-is-layout-flow\">\n<h3 class=\"has-text-align-center has-black-color has-text-color has-large-font-size wp-block-heading\" id=\"plataforma-de-elevacion-electrica\">Plateforme de levage \u00e9lectrique<\/h3>\n\n\n\n<p>Appuyez deux fois pour ajuster automatiquement la hauteur optimis\u00e9e de la plateforme.<\/p>\n<\/div>\n\n\n\n<div class=\"wp-block-column is-layout-flow wp-block-column-is-layout-flow\">\n<h3 class=\"has-text-align-center has-black-color has-text-color has-large-font-size wp-block-heading\" id=\"ranura-de-limpieza-incorporada\">Bac de nettoyage int\u00e9gr\u00e9<\/h3>\n\n\n\n<p>Offre une exp\u00e9rience de nettoyage efficace.<\/p>\n<\/div>\n<\/div>\n\n\n\n<div class=\"wp-block-columns is-layout-flex wp-container-core-columns-is-layout-9d6595d7 wp-block-columns-is-layout-flex\">\n<div class=\"wp-block-column is-layout-flow wp-block-column-is-layout-flow\">\n<figure class=\"wp-block-video\"><video height=\"1080\" style=\"aspect-ratio: 1920 \/ 1080;\" width=\"1920\" autoplay=\"\" loop=\"\" muted=\"\" src=\"https:\/\/fluxlasers.eu\/wp-content\/uploads\/2022\/01\/focus.mp4\"><\/video><\/figure>\n<\/div>\n\n\n\n<div class=\"wp-block-column is-layout-flow wp-block-column-is-layout-flow\">\n<figure class=\"wp-block-image size-large\"><img decoding=\"async\" width=\"1920\" height=\"1080\" src=\"https:\/\/fluxlasers.eu\/wp-content\/uploads\/2022\/01\/DSC02284-10-edited-scaled.jpg\" alt=\"\" class=\"wp-image-1880\" srcset=\"https:\/\/fluxlasers.eu\/wp-content\/uploads\/2022\/01\/DSC02284-10-edited-scaled.jpg 1920w, https:\/\/fluxlasers.eu\/wp-content\/uploads\/2022\/01\/DSC02284-10-edited-300x169.jpg 300w, https:\/\/fluxlasers.eu\/wp-content\/uploads\/2022\/01\/DSC02284-10-edited-1024x576.jpg 1024w, https:\/\/fluxlasers.eu\/wp-content\/uploads\/2022\/01\/DSC02284-10-edited-768x432.jpg 768w, https:\/\/fluxlasers.eu\/wp-content\/uploads\/2022\/01\/DSC02284-10-edited-1536x864.jpg 1536w, https:\/\/fluxlasers.eu\/wp-content\/uploads\/2022\/01\/DSC02284-10-edited-2048x1152.jpg 2048w, https:\/\/fluxlasers.eu\/wp-content\/uploads\/2022\/01\/DSC02284-10-edited-600x338.jpg 600w, https:\/\/fluxlasers.eu\/wp-content\/uploads\/2022\/01\/DSC02284-10-edited-107x60.jpg 107w, https:\/\/fluxlasers.eu\/wp-content\/uploads\/2022\/01\/DSC02284-10-edited-160x90.jpg 160w\" sizes=\"(max-width: 1920px) 100vw, 1920px\" \/><\/figure>\n<\/div>\n<\/div>\n\n\n\n<div class=\"wp-block-columns is-layout-flex wp-container-core-columns-is-layout-9d6595d7 wp-block-columns-is-layout-flex\">\n<div class=\"wp-block-column is-layout-flow wp-block-column-is-layout-flow\"><\/div>\n\n\n\n<div class=\"wp-block-column is-layout-flow wp-block-column-is-layout-flow\">\n<div class=\"wp-block-buttons is-layout-flex wp-block-buttons-is-layout-flex\">\n<div class=\"wp-block-button has-custom-width wp-block-button__width-100 is-style-fill\"><a class=\"wp-block-button__link has-white-color has-text-color has-background\" href=\"https:\/\/fluxlasers.eu\/fr\/produit\/flux-hexa-decoupeuse-laser-co2-60-w\/\" style=\"border-radius:16px;background-color:#d79e00\">Achetez votre HEXA d\u00e8s maintenant<\/a><\/div>\n<\/div>\n<\/div>\n\n\n\n<div class=\"wp-block-column is-layout-flow wp-block-column-is-layout-flow\"><\/div>\n<\/div>\n\n\n\n<div class=\"wp-block-columns is-layout-flex wp-container-core-columns-is-layout-9d6595d7 wp-block-columns-is-layout-flex\">\n<div class=\"wp-block-column is-layout-flow wp-block-column-is-layout-flow\">\n<h3 class=\"has-text-align-center has-black-color has-text-color wp-block-heading\" id=\"facil-de-conectar\">Facile \u00e0 connecter<\/h3>\n\n\n\n<h4 class=\"has-text-align-center wp-block-heading\">Jamais limit\u00e9, de multiples options de connexion.<\/h4>\n\n\n\n<div class=\"wp-block-image\"><figure class=\"aligncenter size-large\"><img decoding=\"async\" width=\"713\" height=\"132\" src=\"https:\/\/fluxlasers.eu\/wp-content\/uploads\/2022\/01\/wificonnect.png\" alt=\"\" class=\"wp-image-1887\" srcset=\"https:\/\/fluxlasers.eu\/wp-content\/uploads\/2022\/01\/wificonnect.png 713w, https:\/\/fluxlasers.eu\/wp-content\/uploads\/2022\/01\/wificonnect-300x56.png 300w, https:\/\/fluxlasers.eu\/wp-content\/uploads\/2022\/01\/wificonnect-600x111.png 600w, https:\/\/fluxlasers.eu\/wp-content\/uploads\/2022\/01\/wificonnect-190x35.png 190w, https:\/\/fluxlasers.eu\/wp-content\/uploads\/2022\/01\/wificonnect-486x90.png 486w\" sizes=\"(max-width: 713px) 100vw, 713px\" \/><\/figure><\/div>\n<\/div>\n<\/div>\n\n\n\n<h3 class=\"has-text-align-center has-black-color has-text-color wp-block-heading\" id=\"seguro\">S\u00e9curit\u00e9<\/h3>\n\n\n\n<h4 class=\"has-text-align-center wp-block-heading\">La s\u00e9curit\u00e9 n\u2019est jamais un compromis.<\/h4>\n\n\n\n<div class=\"wp-block-columns is-layout-flex wp-container-core-columns-is-layout-9d6595d7 wp-block-columns-is-layout-flex\">\n<div class=\"wp-block-column is-layout-flow wp-block-column-is-layout-flow\">\n<p class=\"has-text-align-center\">Nous assurons votre s\u00e9curit\u00e9 pendant que vous cr\u00e9ez ! Les capteurs de s\u00e9curit\u00e9 alertent en cas de mouvement impr\u00e9vu, de surchauffe ou d\u2019alarme incendie. <\/p>\n<\/div>\n\n\n\n<div class=\"wp-block-column is-layout-flow wp-block-column-is-layout-flow\">\n<figure class=\"wp-block-video\"><video height=\"1080\" style=\"aspect-ratio: 1920 \/ 1080;\" width=\"1920\" autoplay=\"\" loop=\"\" muted=\"\" src=\"https:\/\/fluxlasers.eu\/wp-content\/uploads\/2022\/01\/stop.mp4\"><\/video><\/figure>\n<\/div>\n<\/div>\n\n\n\n<div class=\"wp-block-columns is-layout-flex wp-container-core-columns-is-layout-9d6595d7 wp-block-columns-is-layout-flex\">\n<div class=\"wp-block-column is-layout-flow wp-block-column-is-layout-flow\">\n<figure class=\"wp-block-video\"><video height=\"1080\" style=\"aspect-ratio: 1920 \/ 1080;\" width=\"1920\" autoplay=\"\" loop=\"\" muted=\"\" src=\"https:\/\/fluxlasers.eu\/wp-content\/uploads\/2022\/01\/Door-damper.mp4\"><\/video><\/figure>\n<\/div>\n\n\n\n<div class=\"wp-block-column is-layout-flow wp-block-column-is-layout-flow\">\n<p>Combinaison d\u2019amortisseurs et d\u2019un capot arri\u00e8re relevable, augmentant \u00e0 la fois la s\u00e9curit\u00e9 et le confort.<\/p>\n<\/div>\n<\/div>\n<\/div>\n<\/div>\n<\/div>\n<\/div>\n\n<div class=\"wp-block-columns is-layout-flex wp-container-core-columns-is-layout-9d6595d7 wp-block-columns-is-layout-flex\">\n<div class=\"wp-block-column is-layout-flow wp-block-column-is-layout-flow\">\n<div class=\"wp-block-columns is-layout-flex wp-container-core-columns-is-layout-9d6595d7 wp-block-columns-is-layout-flex\">\n<div class=\"wp-block-column is-layout-flow wp-block-column-is-layout-flow\"><\/div>\n\n\n\n<div class=\"wp-block-column is-layout-flow wp-block-column-is-layout-flow\">\n<div class=\"wp-block-buttons is-layout-flex wp-block-buttons-is-layout-flex\">\n<div class=\"wp-block-button has-custom-width wp-block-button__width-100 is-style-fill\"><a class=\"wp-block-button__link has-white-color has-text-color has-background\" href=\"https:\/\/fluxlasers.eu\/fr\/produit\/flux-hexa-decoupeuse-laser-co2-60-w\/\" style=\"border-radius:16px;background-color:#d79e00\">Achetez votre HEXA d\u00e8s maintenant<\/a><\/div>\n<\/div>\n<\/div>\n\n\n\n<div class=\"wp-block-column is-layout-flow wp-block-column-is-layout-flow\"><\/div>\n<\/div>\n<\/div>\n<\/div>\n","protected":false},"excerpt":{"rendered":"<p>HEXA Au-del\u00e0 de votre profession Con\u00e7ue pour la production La zone de travail la plus grande et la plus profonde de la FLUX HEXA est sp\u00e9cialement con\u00e7ue pour votre production professionnelle. La haute r\u00e9solution, combin\u00e9e \u00e0 une vitesse de gravure<\/p>\n","protected":false},"author":1,"featured_media":9711,"parent":0,"menu_order":0,"comment_status":"closed","ping_status":"closed","template":"","meta":{"footnotes":""},"class_list":["post-9710","page","type-page","status-publish","has-post-thumbnail","hentry"],"yoast_head":"<!-- This site is optimized with the Yoast SEO plugin v27.0 - https:\/\/yoast.com\/product\/yoast-seo-wordpress\/ -->\n<title>Hexa 60W - Flux - Bomedia<\/title>\n<meta name=\"robots\" content=\"index, follow, max-snippet:-1, max-image-preview:large, max-video-preview:-1\" \/>\n<link rel=\"canonical\" href=\"https:\/\/fluxlasers.eu\/fr\/hexa-60w\/\" \/>\n<meta property=\"og:locale\" content=\"fr_FR\" \/>\n<meta property=\"og:type\" content=\"article\" \/>\n<meta property=\"og:title\" content=\"Hexa 60W - Flux - Bomedia\" \/>\n<meta property=\"og:description\" content=\"HEXA Au-del\u00e0 de votre profession Con\u00e7ue pour la production La zone de travail la plus grande et la plus profonde de la FLUX HEXA est sp\u00e9cialement con\u00e7ue pour votre production professionnelle. La haute r\u00e9solution, combin\u00e9e \u00e0 une vitesse de gravure\" \/>\n<meta property=\"og:url\" content=\"https:\/\/fluxlasers.eu\/fr\/hexa-60w\/\" \/>\n<meta property=\"og:site_name\" content=\"Flux - Bomedia\" \/>\n<meta property=\"article:modified_time\" content=\"2026-03-04T07:57:31+00:00\" \/>\n<meta property=\"og:image\" content=\"https:\/\/fluxlasers.eu\/wp-content\/uploads\/2023\/04\/hexalong.jpg\" \/>\n\t<meta property=\"og:image:width\" content=\"560\" \/>\n\t<meta property=\"og:image:height\" content=\"130\" \/>\n\t<meta property=\"og:image:type\" content=\"image\/jpeg\" \/>\n<meta name=\"twitter:card\" content=\"summary_large_image\" \/>\n<meta name=\"twitter:label1\" content=\"Dur\u00e9e de lecture estim\u00e9e\" \/>\n\t<meta name=\"twitter:data1\" content=\"2 minutes\" \/>\n<script type=\"application\/ld+json\" class=\"yoast-schema-graph\">{\"@context\":\"https:\/\/schema.org\",\"@graph\":[{\"@type\":\"WebPage\",\"@id\":\"https:\/\/fluxlasers.eu\/fr\/hexa-60w\/\",\"url\":\"https:\/\/fluxlasers.eu\/fr\/hexa-60w\/\",\"name\":\"Hexa 60W - Flux - Bomedia\",\"isPartOf\":{\"@id\":\"https:\/\/fluxlasers.eu\/fr\/#website\"},\"primaryImageOfPage\":{\"@id\":\"https:\/\/fluxlasers.eu\/fr\/hexa-60w\/#primaryimage\"},\"image\":{\"@id\":\"https:\/\/fluxlasers.eu\/fr\/hexa-60w\/#primaryimage\"},\"thumbnailUrl\":\"https:\/\/fluxlasers.eu\/wp-content\/uploads\/2023\/04\/hexalong.jpg\",\"datePublished\":\"2023-04-27T05:53:24+00:00\",\"dateModified\":\"2026-03-04T07:57:31+00:00\",\"breadcrumb\":{\"@id\":\"https:\/\/fluxlasers.eu\/fr\/hexa-60w\/#breadcrumb\"},\"inLanguage\":\"fr-FR\",\"potentialAction\":[{\"@type\":\"ReadAction\",\"target\":[\"https:\/\/fluxlasers.eu\/fr\/hexa-60w\/\"]}]},{\"@type\":\"ImageObject\",\"inLanguage\":\"fr-FR\",\"@id\":\"https:\/\/fluxlasers.eu\/fr\/hexa-60w\/#primaryimage\",\"url\":\"https:\/\/fluxlasers.eu\/wp-content\/uploads\/2023\/04\/hexalong.jpg\",\"contentUrl\":\"https:\/\/fluxlasers.eu\/wp-content\/uploads\/2023\/04\/hexalong.jpg\",\"width\":560,\"height\":130},{\"@type\":\"BreadcrumbList\",\"@id\":\"https:\/\/fluxlasers.eu\/fr\/hexa-60w\/#breadcrumb\",\"itemListElement\":[{\"@type\":\"ListItem\",\"position\":1,\"name\":\"Portada\",\"item\":\"https:\/\/fluxlasers.eu\/fr\/accueil\/\"},{\"@type\":\"ListItem\",\"position\":2,\"name\":\"Hexa 60W\"}]},{\"@type\":\"WebSite\",\"@id\":\"https:\/\/fluxlasers.eu\/fr\/#website\",\"url\":\"https:\/\/fluxlasers.eu\/fr\/\",\"name\":\"Flux - Bomedia\",\"description\":\"D\u00e9coupeuses et graveuses laser\",\"publisher\":{\"@id\":\"https:\/\/fluxlasers.eu\/fr\/#organization\"},\"potentialAction\":[{\"@type\":\"SearchAction\",\"target\":{\"@type\":\"EntryPoint\",\"urlTemplate\":\"https:\/\/fluxlasers.eu\/fr\/?s={search_term_string}\"},\"query-input\":{\"@type\":\"PropertyValueSpecification\",\"valueRequired\":true,\"valueName\":\"search_term_string\"}}],\"inLanguage\":\"fr-FR\"},{\"@type\":\"Organization\",\"@id\":\"https:\/\/fluxlasers.eu\/fr\/#organization\",\"name\":\"Fluxlasers Espa\u00f1a\",\"url\":\"https:\/\/fluxlasers.eu\/fr\/\",\"logo\":{\"@type\":\"ImageObject\",\"inLanguage\":\"fr-FR\",\"@id\":\"https:\/\/fluxlasers.eu\/fr\/#\/schema\/logo\/image\/\",\"url\":\"https:\/\/fluxlasers.eu\/wp-content\/uploads\/2021\/03\/logofluxspainc.png\",\"contentUrl\":\"https:\/\/fluxlasers.eu\/wp-content\/uploads\/2021\/03\/logofluxspainc.png\",\"width\":350,\"height\":217,\"caption\":\"Fluxlasers Espa\u00f1a\"},\"image\":{\"@id\":\"https:\/\/fluxlasers.eu\/fr\/#\/schema\/logo\/image\/\"}}]}<\/script>\n<!-- \/ Yoast SEO plugin. -->","yoast_head_json":{"title":"Hexa 60W - Flux - Bomedia","robots":{"index":"index","follow":"follow","max-snippet":"max-snippet:-1","max-image-preview":"max-image-preview:large","max-video-preview":"max-video-preview:-1"},"canonical":"https:\/\/fluxlasers.eu\/fr\/hexa-60w\/","og_locale":"fr_FR","og_type":"article","og_title":"Hexa 60W - Flux - Bomedia","og_description":"HEXA Au-del\u00e0 de votre profession Con\u00e7ue pour la production La zone de travail la plus grande et la plus profonde de la FLUX HEXA est sp\u00e9cialement con\u00e7ue pour votre production professionnelle. La haute r\u00e9solution, combin\u00e9e \u00e0 une vitesse de gravure","og_url":"https:\/\/fluxlasers.eu\/fr\/hexa-60w\/","og_site_name":"Flux - Bomedia","article_modified_time":"2026-03-04T07:57:31+00:00","og_image":[{"width":560,"height":130,"url":"https:\/\/fluxlasers.eu\/wp-content\/uploads\/2023\/04\/hexalong.jpg","type":"image\/jpeg"}],"twitter_card":"summary_large_image","twitter_misc":{"Dur\u00e9e de lecture estim\u00e9e":"2 minutes"},"schema":{"@context":"https:\/\/schema.org","@graph":[{"@type":"WebPage","@id":"https:\/\/fluxlasers.eu\/fr\/hexa-60w\/","url":"https:\/\/fluxlasers.eu\/fr\/hexa-60w\/","name":"Hexa 60W - Flux - Bomedia","isPartOf":{"@id":"https:\/\/fluxlasers.eu\/fr\/#website"},"primaryImageOfPage":{"@id":"https:\/\/fluxlasers.eu\/fr\/hexa-60w\/#primaryimage"},"image":{"@id":"https:\/\/fluxlasers.eu\/fr\/hexa-60w\/#primaryimage"},"thumbnailUrl":"https:\/\/fluxlasers.eu\/wp-content\/uploads\/2023\/04\/hexalong.jpg","datePublished":"2023-04-27T05:53:24+00:00","dateModified":"2026-03-04T07:57:31+00:00","breadcrumb":{"@id":"https:\/\/fluxlasers.eu\/fr\/hexa-60w\/#breadcrumb"},"inLanguage":"fr-FR","potentialAction":[{"@type":"ReadAction","target":["https:\/\/fluxlasers.eu\/fr\/hexa-60w\/"]}]},{"@type":"ImageObject","inLanguage":"fr-FR","@id":"https:\/\/fluxlasers.eu\/fr\/hexa-60w\/#primaryimage","url":"https:\/\/fluxlasers.eu\/wp-content\/uploads\/2023\/04\/hexalong.jpg","contentUrl":"https:\/\/fluxlasers.eu\/wp-content\/uploads\/2023\/04\/hexalong.jpg","width":560,"height":130},{"@type":"BreadcrumbList","@id":"https:\/\/fluxlasers.eu\/fr\/hexa-60w\/#breadcrumb","itemListElement":[{"@type":"ListItem","position":1,"name":"Portada","item":"https:\/\/fluxlasers.eu\/fr\/accueil\/"},{"@type":"ListItem","position":2,"name":"Hexa 60W"}]},{"@type":"WebSite","@id":"https:\/\/fluxlasers.eu\/fr\/#website","url":"https:\/\/fluxlasers.eu\/fr\/","name":"Flux - Bomedia","description":"D\u00e9coupeuses et graveuses laser","publisher":{"@id":"https:\/\/fluxlasers.eu\/fr\/#organization"},"potentialAction":[{"@type":"SearchAction","target":{"@type":"EntryPoint","urlTemplate":"https:\/\/fluxlasers.eu\/fr\/?s={search_term_string}"},"query-input":{"@type":"PropertyValueSpecification","valueRequired":true,"valueName":"search_term_string"}}],"inLanguage":"fr-FR"},{"@type":"Organization","@id":"https:\/\/fluxlasers.eu\/fr\/#organization","name":"Fluxlasers Espa\u00f1a","url":"https:\/\/fluxlasers.eu\/fr\/","logo":{"@type":"ImageObject","inLanguage":"fr-FR","@id":"https:\/\/fluxlasers.eu\/fr\/#\/schema\/logo\/image\/","url":"https:\/\/fluxlasers.eu\/wp-content\/uploads\/2021\/03\/logofluxspainc.png","contentUrl":"https:\/\/fluxlasers.eu\/wp-content\/uploads\/2021\/03\/logofluxspainc.png","width":350,"height":217,"caption":"Fluxlasers Espa\u00f1a"},"image":{"@id":"https:\/\/fluxlasers.eu\/fr\/#\/schema\/logo\/image\/"}}]}},"_links":{"self":[{"href":"https:\/\/fluxlasers.eu\/fr\/wp-json\/wp\/v2\/pages\/9710","targetHints":{"allow":["GET"]}}],"collection":[{"href":"https:\/\/fluxlasers.eu\/fr\/wp-json\/wp\/v2\/pages"}],"about":[{"href":"https:\/\/fluxlasers.eu\/fr\/wp-json\/wp\/v2\/types\/page"}],"author":[{"embeddable":true,"href":"https:\/\/fluxlasers.eu\/fr\/wp-json\/wp\/v2\/users\/1"}],"replies":[{"embeddable":true,"href":"https:\/\/fluxlasers.eu\/fr\/wp-json\/wp\/v2\/comments?post=9710"}],"version-history":[{"count":2,"href":"https:\/\/fluxlasers.eu\/fr\/wp-json\/wp\/v2\/pages\/9710\/revisions"}],"predecessor-version":[{"id":11655,"href":"https:\/\/fluxlasers.eu\/fr\/wp-json\/wp\/v2\/pages\/9710\/revisions\/11655"}],"wp:featuredmedia":[{"embeddable":true,"href":"https:\/\/fluxlasers.eu\/fr\/wp-json\/wp\/v2\/media\/9711"}],"wp:attachment":[{"href":"https:\/\/fluxlasers.eu\/fr\/wp-json\/wp\/v2\/media?parent=9710"}],"curies":[{"name":"wp","href":"https:\/\/api.w.org\/{rel}","templated":true}]}}