{"id":8006,"date":"2022-07-22T08:55:13","date_gmt":"2022-07-22T07:55:13","guid":{"rendered":"https:\/\/fluxlasers.eu\/flux-decoupeuses-laser-pour-leducation\/"},"modified":"2026-02-27T13:34:01","modified_gmt":"2026-02-27T12:34:01","slug":"flux-decoupeuses-laser-pour-leducation","status":"publish","type":"page","link":"https:\/\/fluxlasers.eu\/fr\/flux-decoupeuses-laser-pour-leducation\/","title":{"rendered":"Flux \u2013 D\u00e9coupeuses laser pour l\u2019\u00e9ducation"},"content":{"rendered":"\n<h1 class=\"has-text-align-center wp-block-heading\">Flux \u2013 D\u00e9coupeuses laser pour l\u2019\u00e9ducation<\/h1>\n\n<p class=\"has-text-align-center has-medium-font-size\">Les <strong>machines de d\u00e9coupe laser de Flux<\/strong> sont <strong>parfaites pour les projets \u00e9ducatifs<\/strong> et tout type de <strong>centres de formation et d\u2019enseignement<\/strong>. <\/p>\n\n<figure class=\"wp-block-image size-large\"><img decoding=\"async\" width=\"1024\" height=\"271\" src=\"https:\/\/fluxlasers.eu\/wp-content\/uploads\/2022\/06\/fluxedu1-1024x271.png\" alt=\"\" class=\"wp-image-2252\" srcset=\"https:\/\/fluxlasers.eu\/wp-content\/uploads\/2022\/06\/fluxedu1-1024x271.png 1024w, https:\/\/fluxlasers.eu\/wp-content\/uploads\/2022\/06\/fluxedu1-300x79.png 300w, https:\/\/fluxlasers.eu\/wp-content\/uploads\/2022\/06\/fluxedu1-768x203.png 768w, https:\/\/fluxlasers.eu\/wp-content\/uploads\/2022\/06\/fluxedu1-600x159.png 600w, https:\/\/fluxlasers.eu\/wp-content\/uploads\/2022\/06\/fluxedu1-190x50.png 190w, https:\/\/fluxlasers.eu\/wp-content\/uploads\/2022\/06\/fluxedu1-341x90.png 341w, https:\/\/fluxlasers.eu\/wp-content\/uploads\/2022\/06\/fluxedu1.png 1400w\" sizes=\"(max-width: 1024px) 100vw, 1024px\" \/><\/figure>\n\n<div style=\"height:10px\" aria-hidden=\"true\" class=\"wp-block-spacer\"><\/div>\n\n<div class=\"wp-block-buttons is-content-justification-center is-layout-flex wp-container-core-buttons-is-layout-16018d1d wp-block-buttons-is-layout-flex\">\n<div class=\"wp-block-button has-custom-width wp-block-button__width-75\"><a class=\"wp-block-button__link has-vivid-cyan-blue-background-color has-background\" href=\"https:\/\/fluxlasers.eu\/fr\/contact\/\" style=\"border-radius:14px\"><strong>Informations sur les aides et offres pour le secteur \u00e9ducatif<\/strong><\/a><\/div>\n<\/div>\n\n<div style=\"height:10px\" aria-hidden=\"true\" class=\"wp-block-spacer\"><\/div>\n\n<div class=\"wp-block-columns is-layout-flex wp-container-core-columns-is-layout-9d6595d7 wp-block-columns-is-layout-flex\">\n<div class=\"wp-block-column is-layout-flow wp-block-column-is-layout-flow\" style=\"flex-basis:100%\">\n<p>Cr\u00e9ez des <strong>supports p\u00e9dagogiques amusants et inspirants<\/strong> pour les salles de classe, les makerspaces, les fab labs, les biblioth\u00e8ques ou les centres d\u2019apprentissage <strong>avec les d\u00e9coupeuses laser FLUX<\/strong>. Vous pouvez rendre l\u2019<strong>apprentissage encore plus amusant pour tous les \u00e2ges<\/strong>. <\/p>\n<\/div>\n<\/div>\n\n<div class=\"wp-block-columns is-layout-flex wp-container-core-columns-is-layout-9d6595d7 wp-block-columns-is-layout-flex\">\n<div class=\"wp-block-column is-layout-flow wp-block-column-is-layout-flow\" style=\"flex-basis:30%\">\n<div class=\"wp-block-image\"><figure class=\"aligncenter size-full\"><img decoding=\"async\" width=\"1000\" height=\"713\" src=\"https:\/\/fluxlasers.eu\/wp-content\/uploads\/2022\/02\/certificflux.png\" alt=\"\" class=\"wp-image-1955\" srcset=\"https:\/\/fluxlasers.eu\/wp-content\/uploads\/2022\/02\/certificflux.png 1000w, https:\/\/fluxlasers.eu\/wp-content\/uploads\/2022\/02\/certificflux-300x214.png 300w, https:\/\/fluxlasers.eu\/wp-content\/uploads\/2022\/02\/certificflux-768x548.png 768w, https:\/\/fluxlasers.eu\/wp-content\/uploads\/2022\/02\/certificflux-600x428.png 600w, https:\/\/fluxlasers.eu\/wp-content\/uploads\/2022\/02\/certificflux-84x60.png 84w, https:\/\/fluxlasers.eu\/wp-content\/uploads\/2022\/02\/certificflux-126x90.png 126w\" sizes=\"(max-width: 1000px) 100vw, 1000px\" \/><\/figure><\/div>\n<\/div>\n\n\n\n<div class=\"wp-block-column is-vertically-aligned-center is-layout-flow wp-block-column-is-layout-flow\" style=\"flex-basis:70%\">\n<h3 class=\"wp-block-heading\"><strong>Bomedia est le distributeur officiel de Flux pour le secteur \u00e9ducatif<\/strong> en Espagne et nous disposons de toutes sortes de <strong>ressources pour la formation et le support<\/strong> aux centres de formation, ainsi que des <strong>offres sp\u00e9ciales<\/strong> pour ce secteur.<\/h3>\n<\/div>\n<\/div>\n\n<figure class=\"wp-block-pullquote has-white-color has-light-green-cyan-to-vivid-green-cyan-gradient-background has-text-color has-background\" style=\"font-style:normal;font-weight:400\"><blockquote><p>Les \u00e9coles et les centres de formation peuvent acc\u00e9der \u00e0 des <strong>AIDES FINANCI\u00c8RES<\/strong>, telles que les <strong>FONDS NEXT GENERATION<\/strong> et les <strong>21ST CENTURY SKILLS<\/strong>, pour acqu\u00e9rir des technologies innovantes en \u00e9ducation.<\/p><p><strong>ELLES R\u00c9PONDENT \u00c0 TOUTES LES EXIGENCES DE S\u00c9CURIT\u00c9 CE AVEC LA CLASSE C1 CERTIFI\u00c9E<\/strong><\/p><cite>Les machines de d\u00e9coupe laser, comme celles propos\u00e9es par Flux, favorisent des comp\u00e9tences cl\u00e9s telles que la pens\u00e9e critique, la cr\u00e9ativit\u00e9 et la r\u00e9solution de probl\u00e8mes.<\/cite><\/blockquote><\/figure>\n\n<div style=\"height:10px\" aria-hidden=\"true\" class=\"wp-block-spacer\"><\/div>\n\n<div class=\"wp-block-buttons is-content-justification-center is-layout-flex wp-container-core-buttons-is-layout-16018d1d wp-block-buttons-is-layout-flex\">\n<div class=\"wp-block-button has-custom-width wp-block-button__width-75\"><a class=\"wp-block-button__link has-vivid-cyan-blue-background-color has-background\" href=\"https:\/\/fluxlasers.eu\/fr\/contact\/\" style=\"border-radius:14px\"><strong>Informations sur les aides et offres pour le secteur \u00e9ducatif<\/strong><\/a><\/div>\n<\/div>\n\n<div style=\"height:23px\" aria-hidden=\"true\" class=\"wp-block-spacer\"><\/div>\n\n<div class=\"wp-block-columns is-layout-flex wp-container-core-columns-is-layout-9d6595d7 wp-block-columns-is-layout-flex\">\n<div class=\"wp-block-column is-layout-flow wp-block-column-is-layout-flow\" style=\"flex-basis:33.33%\">\n<h3 class=\"wp-block-heading\">Avantages d\u2019apporter la d\u00e9coupeuse laser dans votre salle de classe<\/h3>\n\n\n\n<ul class=\"wp-block-list\"><li>Pens\u00e9e critique<\/li><li>Collaboration en classe<\/li><li>Stimuler la cr\u00e9ativit\u00e9 des \u00e9tudiants<\/li><li>Apprendre par la pratique<\/li><\/ul>\n\n\n\n<h3 class=\"wp-block-heading\">\u00c9cole primaire et secondaire<\/h3>\n\n\n\n<ul class=\"wp-block-list\"><li>Cours STEM<\/li><li>Architecture<\/li><li>Design de mode<\/li><li>Art et photographie<\/li><li>Cours de sciences<\/li><li>Projets personnalis\u00e9s<\/li><\/ul>\n<\/div>\n\n\n\n<div class=\"wp-block-column is-vertically-aligned-top is-layout-flow wp-block-column-is-layout-flow\" style=\"flex-basis:66.66%\">\n<h3 class=\"wp-block-heading\">Espaces de cr\u00e9ation et d\u2019apprentissage<\/h3>\n\n\n\n<p>Les <strong>lasers en classe<\/strong> peuvent d\u00e9velopper des comp\u00e9tences de <strong>pens\u00e9e critique<\/strong> et de <strong>r\u00e9solution de probl\u00e8mes<\/strong>, favoriser la <strong>cr\u00e9ativit\u00e9<\/strong>, encourager la collaboration entre pairs et former des enseignants plus engag\u00e9s et performants.<\/p>\n\n\n\n<figure class=\"wp-block-video\"><video height=\"720\" style=\"aspect-ratio: 1280 \/ 720;\" width=\"1280\" autoplay=\"\" controls=\"\" muted=\"\" poster=\"https:\/\/fluxlasers.eu\/wp-content\/uploads\/2022\/07\/edupreview.png\" src=\"https:\/\/fluxlasers.eu\/wp-content\/uploads\/2022\/07\/FLUX-Laser-Cutter-in-Fluxspace.mp4\"><\/video><\/figure>\n<\/div>\n<\/div>\n\n<div class=\"wp-block-columns is-layout-flex wp-container-core-columns-is-layout-9d6595d7 wp-block-columns-is-layout-flex\">\n<div class=\"wp-block-column is-layout-flow wp-block-column-is-layout-flow\">\n<figure class=\"wp-block-image size-full\"><img decoding=\"async\" width=\"727\" height=\"408\" src=\"https:\/\/fluxlasers.eu\/wp-content\/uploads\/2022\/06\/gsmarena_015.jpeg\" alt=\"\" class=\"wp-image-2251\" srcset=\"https:\/\/fluxlasers.eu\/wp-content\/uploads\/2022\/06\/gsmarena_015.jpeg 727w, https:\/\/fluxlasers.eu\/wp-content\/uploads\/2022\/06\/gsmarena_015-300x168.jpeg 300w, https:\/\/fluxlasers.eu\/wp-content\/uploads\/2022\/06\/gsmarena_015-600x337.jpeg 600w, https:\/\/fluxlasers.eu\/wp-content\/uploads\/2022\/06\/gsmarena_015-107x60.jpeg 107w, https:\/\/fluxlasers.eu\/wp-content\/uploads\/2022\/06\/gsmarena_015-160x90.jpeg 160w\" sizes=\"(max-width: 727px) 100vw, 727px\" \/><\/figure>\n\n\n\n<h3 class=\"wp-block-heading\">Ressources pour tous les \u00e2ges<\/h3>\n\n\n\n<p>La <strong>plupart des ressources<\/strong> se concentrent sur l\u2019utilisation des d\u00e9coupeuses laser par les \u00e9l\u00e8ves des <strong>niveaux coll\u00e8ge et lyc\u00e9e<\/strong>. Cependant, comme nous l\u2019avons d\u00e9j\u00e0 <strong>d\u00e9couvert avec les imprimantes 3D, les \u00e9l\u00e8ves de tous \u00e2ges peuvent cr\u00e9er un design et un adulte peut imprimer le produit<\/strong> final. <\/p>\n<\/div>\n\n\n\n<div class=\"wp-block-column is-layout-flow wp-block-column-is-layout-flow\">\n<figure class=\"wp-block-image size-full\"><img decoding=\"async\" width=\"686\" height=\"392\" src=\"https:\/\/fluxlasers.eu\/wp-content\/uploads\/2023\/04\/camera_preview-compressed_crop_04.gif\" alt=\"\" class=\"wp-image-2613\"\/><\/figure>\n\n\n\n<h3 class=\"wp-block-heading\">Portable<\/h3>\n\n\n\n<p>Une caract\u00e9ristique tr\u00e8s int\u00e9ressante de l\u2019<strong>application FLUX Beamo Go<\/strong> (iOS et Android) est qu\u2019un \u00e9tudiant peut dessiner un motif sur papier, utiliser un t\u00e9l\u00e9phone ou un iPad pour <strong>prendre une photo, l\u2019envoyer \u00e0 Beamo et l\u2019imprimer<\/strong>. Cette m\u00e9thode <strong>permet aux \u00e9tudiants de cr\u00e9e<\/strong>r facilement des projets avec la d\u00e9coupeuse laser Beamo ! <\/p>\n<\/div>\n\n\n\n<div class=\"wp-block-column is-layout-flow wp-block-column-is-layout-flow\">\n<figure class=\"wp-block-image size-full\"><img decoding=\"async\" width=\"400\" height=\"225\" src=\"https:\/\/fluxlasers.eu\/wp-content\/uploads\/2023\/04\/previewbeam.gif\" alt=\"\" class=\"wp-image-2610\"\/><\/figure>\n\n\n\n<h3 class=\"wp-block-heading\">Simplicit\u00e9<\/h3>\n\n\n\n<p>Nos produits sont livr\u00e9s avec le <strong>logiciel Beam Studio, facile \u00e0 utiliser sur tous les syst\u00e8mes d\u2019exploitation, et il existe \u00e9galement une version web qui ne n\u00e9cessite aucune installation<\/strong>. Utilisez notre cam\u00e9ra int\u00e9gr\u00e9e pour aligner vos designs. R\u00e9alisez vos cr\u00e9ations en quelques minutes et d\u00e9couvrez la facilit\u00e9 d\u2019utilisation de nos produits.  <\/p>\n<\/div>\n<\/div>\n\n<hr class=\"wp-block-separator\"\/>\n\n<div style=\"height:10px\" aria-hidden=\"true\" class=\"wp-block-spacer\"><\/div>\n\n<div class=\"wp-block-buttons is-content-justification-center is-layout-flex wp-container-core-buttons-is-layout-16018d1d wp-block-buttons-is-layout-flex\">\n<div class=\"wp-block-button has-custom-width wp-block-button__width-75\"><a class=\"wp-block-button__link has-vivid-cyan-blue-background-color has-background\" href=\"https:\/\/fluxlasers.eu\/fr\/contact\/\" style=\"border-radius:14px\"><strong>Informations sur les aides et offres pour le secteur \u00e9ducatif<\/strong><\/a><\/div>\n<\/div>\n\n<div style=\"height:10px\" aria-hidden=\"true\" class=\"wp-block-spacer\"><\/div>\n\n<h3 class=\"has-text-align-center wp-block-heading\">Makerspace universitaire \/ Fab lab<\/h3>\n\n<div style=\"height:29px\" aria-hidden=\"true\" class=\"wp-block-spacer\"><\/div>\n\n<div class=\"wp-block-columns is-layout-flex wp-container-core-columns-is-layout-9d6595d7 wp-block-columns-is-layout-flex\">\n<div class=\"wp-block-column is-layout-flow wp-block-column-is-layout-flow\" style=\"flex-basis:66.66%\">\n<h5 class=\"wp-block-heading\">Des espaces de cr\u00e9ation qui \u00e9veillent la cr\u00e9ativit\u00e9 ! <\/h5>\n\n\n\n<p class=\"has-medium-font-size\">Des produits technologiques pour apprendre aux routeurs CNC et d\u00e9coupeuses laser, ces espaces offrent des ressources incroyables pour que les \u00e9tudiants d\u00e9veloppent leur potentiel disruptif.<\/p>\n<\/div>\n\n\n\n<div class=\"wp-block-column is-layout-flow wp-block-column-is-layout-flow\" style=\"flex-basis:33.33%\">\n<figure class=\"wp-block-image size-full\"><img decoding=\"async\" width=\"1920\" height=\"1281\" src=\"https:\/\/fluxlasers.eu\/wp-content\/uploads\/2022\/07\/B2S1.jpeg\" alt=\"\" class=\"wp-image-2300\" srcset=\"https:\/\/fluxlasers.eu\/wp-content\/uploads\/2022\/07\/B2S1.jpeg 1920w, https:\/\/fluxlasers.eu\/wp-content\/uploads\/2022\/07\/B2S1-300x200.jpeg 300w, https:\/\/fluxlasers.eu\/wp-content\/uploads\/2022\/07\/B2S1-1024x683.jpeg 1024w, https:\/\/fluxlasers.eu\/wp-content\/uploads\/2022\/07\/B2S1-768x512.jpeg 768w, https:\/\/fluxlasers.eu\/wp-content\/uploads\/2022\/07\/B2S1-1536x1025.jpeg 1536w, https:\/\/fluxlasers.eu\/wp-content\/uploads\/2022\/07\/B2S1-600x400.jpeg 600w, https:\/\/fluxlasers.eu\/wp-content\/uploads\/2022\/07\/B2S1-90x60.jpeg 90w, https:\/\/fluxlasers.eu\/wp-content\/uploads\/2022\/07\/B2S1-135x90.jpeg 135w\" sizes=\"(max-width: 1920px) 100vw, 1920px\" \/><\/figure>\n<\/div>\n<\/div>\n\n<div class=\"wp-block-columns is-layout-flex wp-container-core-columns-is-layout-9d6595d7 wp-block-columns-is-layout-flex\">\n<div class=\"wp-block-column is-layout-flow wp-block-column-is-layout-flow\" style=\"flex-basis:33.33%\">\n<figure class=\"wp-block-image size-full\"><img decoding=\"async\" width=\"1920\" height=\"1281\" src=\"https:\/\/fluxlasers.eu\/wp-content\/uploads\/2022\/07\/B2S7-1.jpeg\" alt=\"\" class=\"wp-image-2299\" srcset=\"https:\/\/fluxlasers.eu\/wp-content\/uploads\/2022\/07\/B2S7-1.jpeg 1920w, https:\/\/fluxlasers.eu\/wp-content\/uploads\/2022\/07\/B2S7-1-300x200.jpeg 300w, https:\/\/fluxlasers.eu\/wp-content\/uploads\/2022\/07\/B2S7-1-1024x683.jpeg 1024w, https:\/\/fluxlasers.eu\/wp-content\/uploads\/2022\/07\/B2S7-1-768x512.jpeg 768w, https:\/\/fluxlasers.eu\/wp-content\/uploads\/2022\/07\/B2S7-1-1536x1025.jpeg 1536w, https:\/\/fluxlasers.eu\/wp-content\/uploads\/2022\/07\/B2S7-1-600x400.jpeg 600w, https:\/\/fluxlasers.eu\/wp-content\/uploads\/2022\/07\/B2S7-1-90x60.jpeg 90w, https:\/\/fluxlasers.eu\/wp-content\/uploads\/2022\/07\/B2S7-1-135x90.jpeg 135w\" sizes=\"(max-width: 1920px) 100vw, 1920px\" \/><\/figure>\n<\/div>\n\n\n\n<div class=\"wp-block-column is-layout-flow wp-block-column-is-layout-flow\" style=\"flex-basis:66.66%\">\n<h5 class=\"wp-block-heading\">Pr\u00e9paration pour l\u2019avenir<\/h5>\n\n\n\n<p class=\"has-medium-font-size\">En utilisant la technologie d\u00e8s le plus jeune \u00e2ge, les \u00e9tudiants acqui\u00e8rent les comp\u00e9tences n\u00e9cessaires pour relever les d\u00e9fis futurs et \u00e9liminer la peur des nouveaux outils et technologies.<\/p>\n<\/div>\n<\/div>\n\n<div class=\"wp-block-columns is-layout-flex wp-container-core-columns-is-layout-9d6595d7 wp-block-columns-is-layout-flex\">\n<div class=\"wp-block-column is-layout-flow wp-block-column-is-layout-flow\" style=\"flex-basis:66.66%\">\n<h5 class=\"wp-block-heading\">De la salle de classe \u00e0 l\u2019entrepreneuriat ! <\/h5>\n\n\n\n<p class=\"has-medium-font-size\">Les makerspaces permettent aux \u00e9tudiants de transformer leurs id\u00e9es en r\u00e9alit\u00e9, favorisant leur esprit d\u2019entreprise et d\u00e9montrant comment ils peuvent lancer une activit\u00e9 avec seulement quelques outils simples.<\/p>\n<\/div>\n\n\n\n<div class=\"wp-block-column is-layout-flow wp-block-column-is-layout-flow\" style=\"flex-basis:33.33%\">\n<figure class=\"wp-block-image size-full\"><img decoding=\"async\" width=\"1200\" height=\"900\" src=\"https:\/\/fluxlasers.eu\/wp-content\/uploads\/2022\/07\/spiderrobot.jpg\" alt=\"\" class=\"wp-image-2312\" srcset=\"https:\/\/fluxlasers.eu\/wp-content\/uploads\/2022\/07\/spiderrobot.jpg 1200w, https:\/\/fluxlasers.eu\/wp-content\/uploads\/2022\/07\/spiderrobot-300x225.jpg 300w, https:\/\/fluxlasers.eu\/wp-content\/uploads\/2022\/07\/spiderrobot-1024x768.jpg 1024w, https:\/\/fluxlasers.eu\/wp-content\/uploads\/2022\/07\/spiderrobot-768x576.jpg 768w, https:\/\/fluxlasers.eu\/wp-content\/uploads\/2022\/07\/spiderrobot-600x450.jpg 600w, https:\/\/fluxlasers.eu\/wp-content\/uploads\/2022\/07\/spiderrobot-80x60.jpg 80w, https:\/\/fluxlasers.eu\/wp-content\/uploads\/2022\/07\/spiderrobot-120x90.jpg 120w\" sizes=\"(max-width: 1200px) 100vw, 1200px\" \/><\/figure>\n<\/div>\n<\/div>\n","protected":false},"excerpt":{"rendered":"<p>Apportez une machine FLUX dans les salles de classe, les makerspaces, les fab labs, les biblioth\u00e8ques ou les centres d\u2019apprentissage. Stimulez les comp\u00e9tences des \u00e9tudiants gr\u00e2ce \u00e0 une approche pratique accompagn\u00e9e d\u2019un encadrement. De la d\u00e9coupe de dinosaures ou de parties du corps pour la biologie au prototypage de b\u00e2timents pour l\u2019architecture, FLUX am\u00e9liore votre environnement d\u2019apprentissage.  <\/p>\n","protected":false},"author":1,"featured_media":8022,"parent":0,"menu_order":0,"comment_status":"closed","ping_status":"closed","template":"","meta":{"footnotes":""},"class_list":["post-8006","page","type-page","status-publish","has-post-thumbnail","hentry"],"yoast_head":"<!-- This site is optimized with the Yoast SEO plugin v27.0 - https:\/\/yoast.com\/product\/yoast-seo-wordpress\/ -->\n<title>Flux - D\u00e9coupeuses laser pour l\u2019\u00e9ducation - Flux - Bomedia<\/title>\n<meta name=\"robots\" content=\"index, follow, max-snippet:-1, max-image-preview:large, max-video-preview:-1\" \/>\n<link rel=\"canonical\" href=\"https:\/\/fluxlasers.eu\/fr\/flux-decoupeuses-laser-pour-leducation\/\" \/>\n<meta property=\"og:locale\" content=\"fr_FR\" \/>\n<meta property=\"og:type\" content=\"article\" \/>\n<meta property=\"og:title\" content=\"Flux - D\u00e9coupeuses laser pour l\u2019\u00e9ducation - Flux - Bomedia\" \/>\n<meta property=\"og:description\" content=\"Apportez une machine FLUX dans les salles de classe, les makerspaces, les fab labs, les biblioth\u00e8ques ou les centres d\u2019apprentissage. Stimulez les comp\u00e9tences des \u00e9tudiants gr\u00e2ce \u00e0 une approche pratique accompagn\u00e9e d\u2019un encadrement. De la d\u00e9coupe de dinosaures ou de parties du corps pour la biologie au prototypage de b\u00e2timents pour l\u2019architecture, FLUX am\u00e9liore votre environnement d\u2019apprentissage.\" \/>\n<meta property=\"og:url\" content=\"https:\/\/fluxlasers.eu\/fr\/flux-decoupeuses-laser-pour-leducation\/\" \/>\n<meta property=\"og:site_name\" content=\"Flux - Bomedia\" \/>\n<meta property=\"article:modified_time\" content=\"2026-02-27T12:34:01+00:00\" \/>\n<meta property=\"og:image\" content=\"https:\/\/fluxlasers.eu\/wp-content\/uploads\/2023\/04\/educationlong.jpg\" \/>\n\t<meta property=\"og:image:width\" content=\"560\" \/>\n\t<meta property=\"og:image:height\" content=\"130\" \/>\n\t<meta property=\"og:image:type\" content=\"image\/jpeg\" \/>\n<meta name=\"twitter:card\" content=\"summary_large_image\" \/>\n<meta name=\"twitter:label1\" content=\"Dur\u00e9e de lecture estim\u00e9e\" \/>\n\t<meta name=\"twitter:data1\" content=\"3 minutes\" \/>\n<script type=\"application\/ld+json\" class=\"yoast-schema-graph\">{\"@context\":\"https:\/\/schema.org\",\"@graph\":[{\"@type\":\"WebPage\",\"@id\":\"https:\/\/fluxlasers.eu\/fr\/flux-decoupeuses-laser-pour-leducation\/\",\"url\":\"https:\/\/fluxlasers.eu\/fr\/flux-decoupeuses-laser-pour-leducation\/\",\"name\":\"Flux - D\u00e9coupeuses laser pour l\u2019\u00e9ducation - Flux - Bomedia\",\"isPartOf\":{\"@id\":\"https:\/\/fluxlasers.eu\/fr\/#website\"},\"primaryImageOfPage\":{\"@id\":\"https:\/\/fluxlasers.eu\/fr\/flux-decoupeuses-laser-pour-leducation\/#primaryimage\"},\"image\":{\"@id\":\"https:\/\/fluxlasers.eu\/fr\/flux-decoupeuses-laser-pour-leducation\/#primaryimage\"},\"thumbnailUrl\":\"https:\/\/fluxlasers.eu\/wp-content\/uploads\/2023\/04\/educationlong.jpg\",\"datePublished\":\"2022-07-22T07:55:13+00:00\",\"dateModified\":\"2026-02-27T12:34:01+00:00\",\"breadcrumb\":{\"@id\":\"https:\/\/fluxlasers.eu\/fr\/flux-decoupeuses-laser-pour-leducation\/#breadcrumb\"},\"inLanguage\":\"fr-FR\",\"potentialAction\":[{\"@type\":\"ReadAction\",\"target\":[\"https:\/\/fluxlasers.eu\/fr\/flux-decoupeuses-laser-pour-leducation\/\"]}]},{\"@type\":\"ImageObject\",\"inLanguage\":\"fr-FR\",\"@id\":\"https:\/\/fluxlasers.eu\/fr\/flux-decoupeuses-laser-pour-leducation\/#primaryimage\",\"url\":\"https:\/\/fluxlasers.eu\/wp-content\/uploads\/2023\/04\/educationlong.jpg\",\"contentUrl\":\"https:\/\/fluxlasers.eu\/wp-content\/uploads\/2023\/04\/educationlong.jpg\",\"width\":560,\"height\":130},{\"@type\":\"BreadcrumbList\",\"@id\":\"https:\/\/fluxlasers.eu\/fr\/flux-decoupeuses-laser-pour-leducation\/#breadcrumb\",\"itemListElement\":[{\"@type\":\"ListItem\",\"position\":1,\"name\":\"Portada\",\"item\":\"https:\/\/fluxlasers.eu\/fr\/accueil\/\"},{\"@type\":\"ListItem\",\"position\":2,\"name\":\"Flux &#8211; D\u00e9coupeuses laser pour l\u2019\u00e9ducation\"}]},{\"@type\":\"WebSite\",\"@id\":\"https:\/\/fluxlasers.eu\/fr\/#website\",\"url\":\"https:\/\/fluxlasers.eu\/fr\/\",\"name\":\"Flux - Bomedia\",\"description\":\"D\u00e9coupeuses et graveuses laser\",\"publisher\":{\"@id\":\"https:\/\/fluxlasers.eu\/fr\/#organization\"},\"potentialAction\":[{\"@type\":\"SearchAction\",\"target\":{\"@type\":\"EntryPoint\",\"urlTemplate\":\"https:\/\/fluxlasers.eu\/fr\/?s={search_term_string}\"},\"query-input\":{\"@type\":\"PropertyValueSpecification\",\"valueRequired\":true,\"valueName\":\"search_term_string\"}}],\"inLanguage\":\"fr-FR\"},{\"@type\":\"Organization\",\"@id\":\"https:\/\/fluxlasers.eu\/fr\/#organization\",\"name\":\"Fluxlasers Espa\u00f1a\",\"url\":\"https:\/\/fluxlasers.eu\/fr\/\",\"logo\":{\"@type\":\"ImageObject\",\"inLanguage\":\"fr-FR\",\"@id\":\"https:\/\/fluxlasers.eu\/fr\/#\/schema\/logo\/image\/\",\"url\":\"https:\/\/fluxlasers.eu\/wp-content\/uploads\/2021\/03\/logofluxspainc.png\",\"contentUrl\":\"https:\/\/fluxlasers.eu\/wp-content\/uploads\/2021\/03\/logofluxspainc.png\",\"width\":350,\"height\":217,\"caption\":\"Fluxlasers Espa\u00f1a\"},\"image\":{\"@id\":\"https:\/\/fluxlasers.eu\/fr\/#\/schema\/logo\/image\/\"}}]}<\/script>\n<!-- \/ Yoast SEO plugin. -->","yoast_head_json":{"title":"Flux - D\u00e9coupeuses laser pour l\u2019\u00e9ducation - Flux - Bomedia","robots":{"index":"index","follow":"follow","max-snippet":"max-snippet:-1","max-image-preview":"max-image-preview:large","max-video-preview":"max-video-preview:-1"},"canonical":"https:\/\/fluxlasers.eu\/fr\/flux-decoupeuses-laser-pour-leducation\/","og_locale":"fr_FR","og_type":"article","og_title":"Flux - D\u00e9coupeuses laser pour l\u2019\u00e9ducation - Flux - Bomedia","og_description":"Apportez une machine FLUX dans les salles de classe, les makerspaces, les fab labs, les biblioth\u00e8ques ou les centres d\u2019apprentissage. Stimulez les comp\u00e9tences des \u00e9tudiants gr\u00e2ce \u00e0 une approche pratique accompagn\u00e9e d\u2019un encadrement. De la d\u00e9coupe de dinosaures ou de parties du corps pour la biologie au prototypage de b\u00e2timents pour l\u2019architecture, FLUX am\u00e9liore votre environnement d\u2019apprentissage.","og_url":"https:\/\/fluxlasers.eu\/fr\/flux-decoupeuses-laser-pour-leducation\/","og_site_name":"Flux - Bomedia","article_modified_time":"2026-02-27T12:34:01+00:00","og_image":[{"width":560,"height":130,"url":"https:\/\/fluxlasers.eu\/wp-content\/uploads\/2023\/04\/educationlong.jpg","type":"image\/jpeg"}],"twitter_card":"summary_large_image","twitter_misc":{"Dur\u00e9e de lecture estim\u00e9e":"3 minutes"},"schema":{"@context":"https:\/\/schema.org","@graph":[{"@type":"WebPage","@id":"https:\/\/fluxlasers.eu\/fr\/flux-decoupeuses-laser-pour-leducation\/","url":"https:\/\/fluxlasers.eu\/fr\/flux-decoupeuses-laser-pour-leducation\/","name":"Flux - D\u00e9coupeuses laser pour l\u2019\u00e9ducation - Flux - Bomedia","isPartOf":{"@id":"https:\/\/fluxlasers.eu\/fr\/#website"},"primaryImageOfPage":{"@id":"https:\/\/fluxlasers.eu\/fr\/flux-decoupeuses-laser-pour-leducation\/#primaryimage"},"image":{"@id":"https:\/\/fluxlasers.eu\/fr\/flux-decoupeuses-laser-pour-leducation\/#primaryimage"},"thumbnailUrl":"https:\/\/fluxlasers.eu\/wp-content\/uploads\/2023\/04\/educationlong.jpg","datePublished":"2022-07-22T07:55:13+00:00","dateModified":"2026-02-27T12:34:01+00:00","breadcrumb":{"@id":"https:\/\/fluxlasers.eu\/fr\/flux-decoupeuses-laser-pour-leducation\/#breadcrumb"},"inLanguage":"fr-FR","potentialAction":[{"@type":"ReadAction","target":["https:\/\/fluxlasers.eu\/fr\/flux-decoupeuses-laser-pour-leducation\/"]}]},{"@type":"ImageObject","inLanguage":"fr-FR","@id":"https:\/\/fluxlasers.eu\/fr\/flux-decoupeuses-laser-pour-leducation\/#primaryimage","url":"https:\/\/fluxlasers.eu\/wp-content\/uploads\/2023\/04\/educationlong.jpg","contentUrl":"https:\/\/fluxlasers.eu\/wp-content\/uploads\/2023\/04\/educationlong.jpg","width":560,"height":130},{"@type":"BreadcrumbList","@id":"https:\/\/fluxlasers.eu\/fr\/flux-decoupeuses-laser-pour-leducation\/#breadcrumb","itemListElement":[{"@type":"ListItem","position":1,"name":"Portada","item":"https:\/\/fluxlasers.eu\/fr\/accueil\/"},{"@type":"ListItem","position":2,"name":"Flux &#8211; D\u00e9coupeuses laser pour l\u2019\u00e9ducation"}]},{"@type":"WebSite","@id":"https:\/\/fluxlasers.eu\/fr\/#website","url":"https:\/\/fluxlasers.eu\/fr\/","name":"Flux - Bomedia","description":"D\u00e9coupeuses et graveuses laser","publisher":{"@id":"https:\/\/fluxlasers.eu\/fr\/#organization"},"potentialAction":[{"@type":"SearchAction","target":{"@type":"EntryPoint","urlTemplate":"https:\/\/fluxlasers.eu\/fr\/?s={search_term_string}"},"query-input":{"@type":"PropertyValueSpecification","valueRequired":true,"valueName":"search_term_string"}}],"inLanguage":"fr-FR"},{"@type":"Organization","@id":"https:\/\/fluxlasers.eu\/fr\/#organization","name":"Fluxlasers Espa\u00f1a","url":"https:\/\/fluxlasers.eu\/fr\/","logo":{"@type":"ImageObject","inLanguage":"fr-FR","@id":"https:\/\/fluxlasers.eu\/fr\/#\/schema\/logo\/image\/","url":"https:\/\/fluxlasers.eu\/wp-content\/uploads\/2021\/03\/logofluxspainc.png","contentUrl":"https:\/\/fluxlasers.eu\/wp-content\/uploads\/2021\/03\/logofluxspainc.png","width":350,"height":217,"caption":"Fluxlasers Espa\u00f1a"},"image":{"@id":"https:\/\/fluxlasers.eu\/fr\/#\/schema\/logo\/image\/"}}]}},"_links":{"self":[{"href":"https:\/\/fluxlasers.eu\/fr\/wp-json\/wp\/v2\/pages\/8006","targetHints":{"allow":["GET"]}}],"collection":[{"href":"https:\/\/fluxlasers.eu\/fr\/wp-json\/wp\/v2\/pages"}],"about":[{"href":"https:\/\/fluxlasers.eu\/fr\/wp-json\/wp\/v2\/types\/page"}],"author":[{"embeddable":true,"href":"https:\/\/fluxlasers.eu\/fr\/wp-json\/wp\/v2\/users\/1"}],"replies":[{"embeddable":true,"href":"https:\/\/fluxlasers.eu\/fr\/wp-json\/wp\/v2\/comments?post=8006"}],"version-history":[{"count":1,"href":"https:\/\/fluxlasers.eu\/fr\/wp-json\/wp\/v2\/pages\/8006\/revisions"}],"predecessor-version":[{"id":8025,"href":"https:\/\/fluxlasers.eu\/fr\/wp-json\/wp\/v2\/pages\/8006\/revisions\/8025"}],"wp:featuredmedia":[{"embeddable":true,"href":"https:\/\/fluxlasers.eu\/fr\/wp-json\/wp\/v2\/media\/8022"}],"wp:attachment":[{"href":"https:\/\/fluxlasers.eu\/fr\/wp-json\/wp\/v2\/media?parent=8006"}],"curies":[{"name":"wp","href":"https:\/\/api.w.org\/{rel}","templated":true}]}}