{"id":7991,"date":"2020-05-01T12:45:41","date_gmt":"2020-05-01T11:45:41","guid":{"rendered":"https:\/\/fluxlasers.eu\/politique-de-cookies\/"},"modified":"2026-02-27T13:33:24","modified_gmt":"2026-02-27T12:33:24","slug":"politique-de-cookies","status":"publish","type":"page","link":"https:\/\/fluxlasers.eu\/fr\/politique-de-cookies\/","title":{"rendered":"Politique de cookies"},"content":{"rendered":"\n<h2 class=\"wp-block-heading\">Politique de cookies<\/h2>\n\n<p><strong>D\u00e9finition des cookies<\/strong><br\/>Les cookies sont de petits fichiers stock\u00e9s sur l&rsquo;appareil de l&rsquo;utilisateur lors de l&rsquo;acc\u00e8s \u00e0 certains sites web, permettant de m\u00e9moriser des informations de navigation ou les pr\u00e9f\u00e9rences de l&rsquo;utilisateur.<\/p>\n\n<hr class=\"wp-block-separator has-alpha-channel-opacity\"\/>\n\n<h2 class=\"wp-block-heading\">Types de cookies que nous utilisons<\/h2>\n\n<ul class=\"wp-block-list\">\n<li><strong>Cookies techniques ou n\u00e9cessaires<\/strong><br\/>Indispensables au fonctionnement du site web et au processus d&rsquo;achat.<\/li>\n\n\n\n<li><strong>Cookies de pr\u00e9f\u00e9rences<\/strong><br\/>Elles permettent de m\u00e9moriser la langue, la r\u00e9gion ou d&rsquo;autres configurations.<\/li>\n\n\n\n<li><strong>Cookies analytiques<\/strong><br\/>Elles nous aident \u00e0 comprendre comment les utilisateurs interagissent avec le site (ex. Google Analytics).<\/li>\n\n\n\n<li><strong>Cookies publicitaires ou de marketing<\/strong><br\/>Elles sont utilis\u00e9es pour afficher des publicit\u00e9s personnalis\u00e9es et mesurer l&rsquo;efficacit\u00e9 des campagnes (ex. Meta Pixel, Google Ads).<\/li>\n<\/ul>\n\n<hr class=\"wp-block-separator has-alpha-channel-opacity\"\/>\n\n<h2 class=\"wp-block-heading\">Gestion du consentement<\/h2>\n\n<p>En acc\u00e9dant au site, l&rsquo;utilisateur verra une <strong>banni\u00e8re de cookies<\/strong> avec des options claires :<\/p>\n\n<ul class=\"wp-block-list\">\n<li><strong>Tout accepter<\/strong><\/li>\n\n\n\n<li><strong>Refuser<\/strong><\/li>\n\n\n\n<li><strong>Configurer les cookies<\/strong> (permettant de s\u00e9lectionner par cat\u00e9gories).<\/li>\n<\/ul>\n\n<p>Le consentement peut \u00eatre modifi\u00e9 ou retir\u00e9 \u00e0 tout moment depuis le panneau de configuration disponible en pied de page.<\/p>\n\n<hr class=\"wp-block-separator has-alpha-channel-opacity\"\/>\n\n<h2 class=\"wp-block-heading\">Comment d\u00e9sactiver les cookies dans le navigateur<\/h2>\n\n<p>L&rsquo;utilisateur peut restreindre, bloquer ou supprimer les cookies via les param\u00e8tres de son navigateur (Chrome, Firefox, Safari, Edge).<br\/>Le blocage des cookies techniques peut affecter le bon fonctionnement du site.<\/p>\n","protected":false},"excerpt":{"rendered":"<p>Politique de cookies D\u00e9finition des cookiesLes cookies sont de petits fichiers stock\u00e9s sur l&rsquo;appareil de l&rsquo;utilisateur lors de l&rsquo;acc\u00e8s \u00e0 certains sites web, permettant de m\u00e9moriser des informations de navigation ou les pr\u00e9f\u00e9rences de l&rsquo;utilisateur. Types de cookies que nous<\/p>\n","protected":false},"author":1,"featured_media":0,"parent":0,"menu_order":0,"comment_status":"closed","ping_status":"closed","template":"","meta":{"footnotes":""},"class_list":["post-7991","page","type-page","status-publish","hentry"],"yoast_head":"<!-- This site is optimized with the Yoast SEO plugin v27.0 - https:\/\/yoast.com\/product\/yoast-seo-wordpress\/ -->\n<title>Politique de cookies - Flux - Bomedia<\/title>\n<meta name=\"robots\" content=\"index, follow, max-snippet:-1, max-image-preview:large, max-video-preview:-1\" \/>\n<link rel=\"canonical\" href=\"https:\/\/fluxlasers.eu\/fr\/politique-de-cookies\/\" \/>\n<meta property=\"og:locale\" content=\"fr_FR\" \/>\n<meta property=\"og:type\" content=\"article\" \/>\n<meta property=\"og:title\" content=\"Politique de cookies - Flux - Bomedia\" \/>\n<meta property=\"og:description\" content=\"Politique de cookies D\u00e9finition des cookiesLes cookies sont de petits fichiers stock\u00e9s sur l&rsquo;appareil de l&rsquo;utilisateur lors de l&rsquo;acc\u00e8s \u00e0 certains sites web, permettant de m\u00e9moriser des informations de navigation ou les pr\u00e9f\u00e9rences de l&rsquo;utilisateur. Types de cookies que nous\" \/>\n<meta property=\"og:url\" content=\"https:\/\/fluxlasers.eu\/fr\/politique-de-cookies\/\" \/>\n<meta property=\"og:site_name\" content=\"Flux - Bomedia\" \/>\n<meta property=\"article:modified_time\" content=\"2026-02-27T12:33:24+00:00\" \/>\n<meta name=\"twitter:card\" content=\"summary_large_image\" \/>\n<meta name=\"twitter:label1\" content=\"Dur\u00e9e de lecture estim\u00e9e\" \/>\n\t<meta name=\"twitter:data1\" content=\"1 minute\" \/>\n<script type=\"application\/ld+json\" class=\"yoast-schema-graph\">{\"@context\":\"https:\/\/schema.org\",\"@graph\":[{\"@type\":\"WebPage\",\"@id\":\"https:\/\/fluxlasers.eu\/fr\/politique-de-cookies\/\",\"url\":\"https:\/\/fluxlasers.eu\/fr\/politique-de-cookies\/\",\"name\":\"Politique de cookies - Flux - Bomedia\",\"isPartOf\":{\"@id\":\"https:\/\/fluxlasers.eu\/fr\/#website\"},\"datePublished\":\"2020-05-01T11:45:41+00:00\",\"dateModified\":\"2026-02-27T12:33:24+00:00\",\"breadcrumb\":{\"@id\":\"https:\/\/fluxlasers.eu\/fr\/politique-de-cookies\/#breadcrumb\"},\"inLanguage\":\"fr-FR\",\"potentialAction\":[{\"@type\":\"ReadAction\",\"target\":[\"https:\/\/fluxlasers.eu\/fr\/politique-de-cookies\/\"]}]},{\"@type\":\"BreadcrumbList\",\"@id\":\"https:\/\/fluxlasers.eu\/fr\/politique-de-cookies\/#breadcrumb\",\"itemListElement\":[{\"@type\":\"ListItem\",\"position\":1,\"name\":\"Portada\",\"item\":\"https:\/\/fluxlasers.eu\/fr\/accueil\/\"},{\"@type\":\"ListItem\",\"position\":2,\"name\":\"Politique de cookies\"}]},{\"@type\":\"WebSite\",\"@id\":\"https:\/\/fluxlasers.eu\/fr\/#website\",\"url\":\"https:\/\/fluxlasers.eu\/fr\/\",\"name\":\"Flux - Bomedia\",\"description\":\"D\u00e9coupeuses et graveuses laser\",\"publisher\":{\"@id\":\"https:\/\/fluxlasers.eu\/fr\/#organization\"},\"potentialAction\":[{\"@type\":\"SearchAction\",\"target\":{\"@type\":\"EntryPoint\",\"urlTemplate\":\"https:\/\/fluxlasers.eu\/fr\/?s={search_term_string}\"},\"query-input\":{\"@type\":\"PropertyValueSpecification\",\"valueRequired\":true,\"valueName\":\"search_term_string\"}}],\"inLanguage\":\"fr-FR\"},{\"@type\":\"Organization\",\"@id\":\"https:\/\/fluxlasers.eu\/fr\/#organization\",\"name\":\"Fluxlasers Espa\u00f1a\",\"url\":\"https:\/\/fluxlasers.eu\/fr\/\",\"logo\":{\"@type\":\"ImageObject\",\"inLanguage\":\"fr-FR\",\"@id\":\"https:\/\/fluxlasers.eu\/fr\/#\/schema\/logo\/image\/\",\"url\":\"https:\/\/fluxlasers.eu\/wp-content\/uploads\/2021\/03\/logofluxspainc.png\",\"contentUrl\":\"https:\/\/fluxlasers.eu\/wp-content\/uploads\/2021\/03\/logofluxspainc.png\",\"width\":350,\"height\":217,\"caption\":\"Fluxlasers Espa\u00f1a\"},\"image\":{\"@id\":\"https:\/\/fluxlasers.eu\/fr\/#\/schema\/logo\/image\/\"}}]}<\/script>\n<!-- \/ Yoast SEO plugin. -->","yoast_head_json":{"title":"Politique de cookies - Flux - Bomedia","robots":{"index":"index","follow":"follow","max-snippet":"max-snippet:-1","max-image-preview":"max-image-preview:large","max-video-preview":"max-video-preview:-1"},"canonical":"https:\/\/fluxlasers.eu\/fr\/politique-de-cookies\/","og_locale":"fr_FR","og_type":"article","og_title":"Politique de cookies - Flux - Bomedia","og_description":"Politique de cookies D\u00e9finition des cookiesLes cookies sont de petits fichiers stock\u00e9s sur l&rsquo;appareil de l&rsquo;utilisateur lors de l&rsquo;acc\u00e8s \u00e0 certains sites web, permettant de m\u00e9moriser des informations de navigation ou les pr\u00e9f\u00e9rences de l&rsquo;utilisateur. Types de cookies que nous","og_url":"https:\/\/fluxlasers.eu\/fr\/politique-de-cookies\/","og_site_name":"Flux - Bomedia","article_modified_time":"2026-02-27T12:33:24+00:00","twitter_card":"summary_large_image","twitter_misc":{"Dur\u00e9e de lecture estim\u00e9e":"1 minute"},"schema":{"@context":"https:\/\/schema.org","@graph":[{"@type":"WebPage","@id":"https:\/\/fluxlasers.eu\/fr\/politique-de-cookies\/","url":"https:\/\/fluxlasers.eu\/fr\/politique-de-cookies\/","name":"Politique de cookies - Flux - Bomedia","isPartOf":{"@id":"https:\/\/fluxlasers.eu\/fr\/#website"},"datePublished":"2020-05-01T11:45:41+00:00","dateModified":"2026-02-27T12:33:24+00:00","breadcrumb":{"@id":"https:\/\/fluxlasers.eu\/fr\/politique-de-cookies\/#breadcrumb"},"inLanguage":"fr-FR","potentialAction":[{"@type":"ReadAction","target":["https:\/\/fluxlasers.eu\/fr\/politique-de-cookies\/"]}]},{"@type":"BreadcrumbList","@id":"https:\/\/fluxlasers.eu\/fr\/politique-de-cookies\/#breadcrumb","itemListElement":[{"@type":"ListItem","position":1,"name":"Portada","item":"https:\/\/fluxlasers.eu\/fr\/accueil\/"},{"@type":"ListItem","position":2,"name":"Politique de cookies"}]},{"@type":"WebSite","@id":"https:\/\/fluxlasers.eu\/fr\/#website","url":"https:\/\/fluxlasers.eu\/fr\/","name":"Flux - Bomedia","description":"D\u00e9coupeuses et graveuses laser","publisher":{"@id":"https:\/\/fluxlasers.eu\/fr\/#organization"},"potentialAction":[{"@type":"SearchAction","target":{"@type":"EntryPoint","urlTemplate":"https:\/\/fluxlasers.eu\/fr\/?s={search_term_string}"},"query-input":{"@type":"PropertyValueSpecification","valueRequired":true,"valueName":"search_term_string"}}],"inLanguage":"fr-FR"},{"@type":"Organization","@id":"https:\/\/fluxlasers.eu\/fr\/#organization","name":"Fluxlasers Espa\u00f1a","url":"https:\/\/fluxlasers.eu\/fr\/","logo":{"@type":"ImageObject","inLanguage":"fr-FR","@id":"https:\/\/fluxlasers.eu\/fr\/#\/schema\/logo\/image\/","url":"https:\/\/fluxlasers.eu\/wp-content\/uploads\/2021\/03\/logofluxspainc.png","contentUrl":"https:\/\/fluxlasers.eu\/wp-content\/uploads\/2021\/03\/logofluxspainc.png","width":350,"height":217,"caption":"Fluxlasers Espa\u00f1a"},"image":{"@id":"https:\/\/fluxlasers.eu\/fr\/#\/schema\/logo\/image\/"}}]}},"_links":{"self":[{"href":"https:\/\/fluxlasers.eu\/fr\/wp-json\/wp\/v2\/pages\/7991","targetHints":{"allow":["GET"]}}],"collection":[{"href":"https:\/\/fluxlasers.eu\/fr\/wp-json\/wp\/v2\/pages"}],"about":[{"href":"https:\/\/fluxlasers.eu\/fr\/wp-json\/wp\/v2\/types\/page"}],"author":[{"embeddable":true,"href":"https:\/\/fluxlasers.eu\/fr\/wp-json\/wp\/v2\/users\/1"}],"replies":[{"embeddable":true,"href":"https:\/\/fluxlasers.eu\/fr\/wp-json\/wp\/v2\/comments?post=7991"}],"version-history":[{"count":1,"href":"https:\/\/fluxlasers.eu\/fr\/wp-json\/wp\/v2\/pages\/7991\/revisions"}],"predecessor-version":[{"id":7992,"href":"https:\/\/fluxlasers.eu\/fr\/wp-json\/wp\/v2\/pages\/7991\/revisions\/7992"}],"wp:attachment":[{"href":"https:\/\/fluxlasers.eu\/fr\/wp-json\/wp\/v2\/media?parent=7991"}],"curies":[{"name":"wp","href":"https:\/\/api.w.org\/{rel}","templated":true}]}}