{"id":7827,"date":"2020-01-22T10:37:29","date_gmt":"2020-01-22T09:37:29","guid":{"rendered":"https:\/\/fluxlasers.eu\/contact\/"},"modified":"2026-02-27T13:32:07","modified_gmt":"2026-02-27T12:32:07","slug":"contact","status":"publish","type":"page","link":"https:\/\/fluxlasers.eu\/fr\/contact\/","title":{"rendered":"Contact"},"content":{"rendered":"\n<!-- <link href=\"https:\/\/d1gwclp1pmzk26.cloudfront.net\/agile\/forms\/v1\/agile-form.min.css\" rel=\"stylesheet\"> -->\n\n<link href=\"https:\/\/doxhze3l6s7v9.cloudfront.net\/app\/static\/agile\/forms\/agile-form.min.css\" rel=\"stylesheet\"\/>\n<form class=\"form-view theme5\" id=\"agile-form\" action=\"https:\/\/fluxlasers.agilecrm.com\/formsubmit\" style=\"max-width:100%;\" method=\"GET\">\n<fieldset>\n\n<!-- Form Name -->\n<legend> Demande d\u2019informations FLUX<\/legend>\n<p class=\"agile-form-description\">Remplissez le formulaire et nous vous contacterons<\/p>\n<div style=\"display: none; height: 0px; width: 0px;\">\n<input type=\"hidden\" id=\"_agile_form_name\" name=\"_agile_form_name\" value=\"  Solicitud de informaci\u00f3n FLUX\"\/>\n<input type=\"hidden\" id=\"_agile_domain\" name=\"_agile_domain\" value=\"fluxlasers\"\/>\n<input type=\"hidden\" id=\"_agile_api\" name=\"_agile_api\" value=\"j65oh5u4pkg1cv86qvn8bmn99l\"\/>\n<input type=\"hidden\" id=\"_agile_redirect_url\" name=\"_agile_redirect_url\" value=\"https:\/\/fluxlasers.eu\/sent\/\"\/>\n<input type=\"hidden\" id=\"_agile_document_url\" name=\"_agile_document_url\" value=\"\"\/>\n<input type=\"hidden\" id=\"_agile_confirmation_msg\" name=\"_agile_confirmation_msg\" value=\"Great! Thanks for filling out the form.\"\/>\n<input type=\"hidden\" id=\"_agile_form_id_tags\" name=\"tags\" value=\"fluxwebok\"\/>\n\n<input type=\"hidden\" id=\"_agile_form_id\" name=\"_agile_form_id\" value=\"4718416270000128\"\/>\n<\/div>\n<!-- Text input-->\n<div class=\"agile-group required-control\">\n  <label class=\"agile-label\" for=\"agilefield-1\">Pr\u00e9nom<span class=\"agile-span-asterisk\"> *<\/span><\/label>\n  <div class=\"agile-field-xlarge agile-field\">\n  <input maxlength=\"250\" id=\"agilefield-1\" name=\"first_name\" type=\"text\" placeholder=\"Pr\u00e9nom\" class=\"agile-height-default\" required=\"\"\/>\n  <\/div>\n  <div class=\"agile-custom-clear\"><\/div>\n<\/div>\n<!-- Text input-->\n<div class=\"agile-group required-control\">\n  <label class=\"agile-label\" for=\"agilefield-3\">E-mail<span class=\"agile-span-asterisk\"> *<\/span><\/label>\n  <div class=\"agile-field-xlarge agile-field\">\n  <input maxlength=\"250\" id=\"agilefield-3\" name=\"email\" type=\"email\" placeholder=\"E-mail\" class=\"agile-height-default\" required=\"\"\/>\n  <\/div>\n  <div class=\"agile-custom-clear\"><\/div>\n<\/div>\n<!-- Text input-->\n<div class=\"agile-group required-control\">\n  <label class=\"agile-label\" for=\"agilefield-2\">T\u00e9l\u00e9phone<span class=\"agile-span-asterisk\"> *<\/span><\/label>\n  <div class=\"agile-field-xlarge agile-field\">\n  <input maxlength=\"250\" id=\"agilefield-2\" name=\"phone\" type=\"text\" placeholder=\"T\u00e9l\u00e9phone\" class=\"agile-height-default\" required=\"\"\/>\n  <\/div>\n  <div class=\"agile-custom-clear\"><\/div>\n<\/div>\n<!-- Multiple Checkboxes -->\n<div class=\"agile-group agile-form-inlinecheckboxes\">\n  <label class=\"agile-label\" for=\"multiple_checkboxes_1664791422553\">Indiquez les mod\u00e8les qui vous int\u00e9ressent<\/label>\n  <div class=\"agile-field agile-field-xlarge agile-height-default\">\n    <div>\n    <label for=\"multiple_checkboxes_1664791422553-0\" class=\"i-checks\">\n      <input type=\"checkbox\" name=\"tags\" id=\"multiple_checkboxes_1664791422553-0\" value=\"Beamo 30W\"\/><i><\/i>\n  Beamo 30W\n    <\/label>\n    <\/div>\n    \n    <div>\n    <label for=\"multiple_checkboxes_1664791422553-1\" class=\"i-checks\">\n      <input type=\"checkbox\" name=\"tags\" id=\"multiple_checkboxes_1664791422553-1\" value=\"Beambox 40W\"\/><i><\/i>\n  Beambox 40W\n    <\/label>\n    <\/div>\n    \n    <div>\n    <label for=\"multiple_checkboxes_1664791422553-2\" class=\"i-checks\">\n      <input type=\"checkbox\" name=\"tags\" id=\"multiple_checkboxes_1664791422553-2\" value=\"Beambox Pro 50W\"\/><i><\/i>\n  Beambox Pro 50W\n    <\/label>\n    <\/div>\n    \n    <div>\n    <label for=\"multiple_checkboxes_1664791422553-3\" class=\"i-checks\">\n      <input type=\"checkbox\" name=\"tags\" id=\"multiple_checkboxes_1664791422553-3\" value=\"Beambox II 55W (Nueva)\"\/><i><\/i>\n  Beambox II 55W (Nouveau)\n    <\/label>\n    <\/div>\n    \n    <div>\n    <label for=\"multiple_checkboxes_1664791422553-4\" class=\"i-checks\">\n      <input type=\"checkbox\" name=\"tags\" id=\"multiple_checkboxes_1664791422553-4\" value=\"Hexa 60W\"\/><i><\/i>\n  Hexa 60W\n    <\/label>\n    <\/div>\n    \n    <div>\n    <label for=\"multiple_checkboxes_1664791422553-5\" class=\"i-checks\">\n      <input type=\"checkbox\" name=\"tags\" id=\"multiple_checkboxes_1664791422553-5\" value=\"Ador 10W\"\/><i><\/i>\n  Ador 10W\n    <\/label>\n    <\/div>\n    \n    <div>\n    <label for=\"multiple_checkboxes_1664791422553-6\" class=\"i-checks\">\n      <input type=\"checkbox\" name=\"tags\" id=\"multiple_checkboxes_1664791422553-6\" value=\"Ador 20W\"\/><i><\/i>\n  Ador 20W\n    <\/label>\n    <\/div>\n    \n  <\/div>\n<\/div>\n\n\n<!-- Textarea -->\n<div class=\"agile-group\">\n  <label class=\"agile-label\" for=\"agilefield-4\">Saisissez votre requ\u00eate<\/label>\n  <div class=\"agile-field-xlarge agile-field\">\n    <textarea maxlength=\"250\" id=\"agilefield-4\" name=\"note\" placeholder=\"\" class=\"agile-height-default\"><\/textarea>\n  <\/div>\n  <div class=\"agile-custom-clear\"><\/div>\n<\/div>\n\n<div class=\"agile-group\">\n<p class=\"agile-text-element\" style=\"text-align:left ;font-size:14px  \">Responsable : BOMEDIA, S.L. | Finalit\u00e9 : r\u00e9pondre \u00e0 votre requ\u00eate. L\u00e9gitimation : votre consentement. Destinataires : aucune donn\u00e9e ne sera c\u00e9d\u00e9e \u00e0 des tiers, sauf obligation l\u00e9gale. Droits : acc\u00e8s, rectification et suppression, entre autres, \u00e0 info@bomedia.net. Plus d\u2019infos dans notre    \n<a href=\"https:\/\/fluxlasers.eu\/fr\/politique-de-confidentialite\/\">Politique de confidentialit\u00e9<\/a>\nde fluxlasers.es (Bomedia SL)*<\/p>\n<\/div>\n\n\n<!-- Multiple Checkboxes (inline) -->\n<div class=\"agile-group agile-form-multicheckboxes\">\n  <label class=\"agile-label\" for=\"inline_checkboxes_1687420940442\">J\u2019ai lu et j\u2019accepte la Politique de confidentialit\u00e9<span class=\"agile-span-asterisk\"> *<\/span><\/label>\n  <div class=\"agile-field agile-field-xlarge agile-height-default\">\n    <label for=\"inline_checkboxes_1687420940442-0\" class=\"i-checks\">\n      <input type=\"checkbox\" name=\"tags\" id=\"inline_checkboxes_1687420940442-0\" value=\"Acepto\"\/><i><\/i>\n  J\u2019accepte\n    <\/label>\n  <\/div>\n<\/div>\n\n<!-- Multiple Checkboxes (inline) -->\n<div class=\"agile-group agile-form-multicheckboxes\">\n  <label class=\"agile-label\" for=\"inline_checkboxes_1755843143860\">J\u2019accepte de recevoir des communications commerciales<\/label>\n  <div class=\"agile-field agile-field-xlarge agile-height-default\">\n    <label for=\"inline_checkboxes_1755843143860-0\" class=\"i-checks\">\n      <input type=\"checkbox\" name=\"inline_checkboxes_1755843143860-0\" id=\"inline_checkboxes_1755843143860-0\" value=\"S\u00ed\"\/><i><\/i>\n  Oui\n    <\/label>\n  <\/div>\n<\/div>\n\n <!--recaptcha aglignment--><div class=\"agile-group\"><label class=\"agile-label\"><\/label><div class=\"agile-field-xlarge agile-field\"><div class=\"g-recaptcha\" style=\"transform:scale(0.91);-webkit-transform:scale(0.91);transform-origin:0 0;-webkit-transform-origin:0 0; width='304px';\" data-sitekey=\"6Lc14qIpAAAAADn13NZKs8GIQYKWC_LXRv4Xuf-U\" data-callback=\"agileGCaptchaOnSuccess\"><\/div><\/div><\/div>\n<!-- Button -->\n<div class=\"agile-group\">\n  <label class=\"agile-label\"> <\/label>\n  <div class=\"agile-field agile-button-field\">\n    <button type=\"submit\" class=\"agile-button\">Envoyer<\/button>\n    <br\/><span id=\"agile-error-msg\"><\/span>\n  <\/div>\n<\/div>\n\n<\/fieldset>\n<\/form><script id=\"gRecaptchaSrc\" src=\"https:\/\/www.google.com\/recaptcha\/api.js\"><\/script>\n<script type=\"text\/javascript\">\n(function(a){var b=a.onload,p=true;isCaptcha=true;if(p){a.onload=\"function\"!=typeof b?function(){try{_agile_load_form_fields()}catch(a){}}:function(){b();try{_agile_load_form_fields()}catch(a){}}};var formLen=document.forms.length;for(i=0;i<formLen;i++){if(document.forms.item(i).getAttribute(\"id\")== \"agile-form\"){a.document.forms.item(i).onsubmit=function(a){a.preventDefault();try{_agile_synch_form_v5(this)}catch(b){this.submit()}}}}})(window);\n<\/script>\n\n","protected":false},"excerpt":{"rendered":"<p>Demande d\u2019informations FLUX Remplissez le formulaire et nous vous contacterons Pr\u00e9nom * E-mail * T\u00e9l\u00e9phone * Indiquez les mod\u00e8les qui vous int\u00e9ressent Beamo 30W Beambox 40W Beambox Pro 50W Beambox II 55W (Nouveau) Hexa 60W Ador 10W Ador 20W Saisissez<\/p>\n","protected":false},"author":1,"featured_media":0,"parent":0,"menu_order":0,"comment_status":"closed","ping_status":"closed","template":"page-templates\/contact.php","meta":{"footnotes":""},"class_list":["post-7827","page","type-page","status-publish","hentry"],"yoast_head":"<!-- This site is optimized with the Yoast SEO plugin v27.0 - https:\/\/yoast.com\/product\/yoast-seo-wordpress\/ -->\n<title>Contact - Flux - Bomedia<\/title>\n<meta name=\"robots\" content=\"index, follow, max-snippet:-1, max-image-preview:large, max-video-preview:-1\" \/>\n<link rel=\"canonical\" href=\"https:\/\/fluxlasers.eu\/fr\/contact\/\" \/>\n<meta property=\"og:locale\" content=\"fr_FR\" \/>\n<meta property=\"og:type\" content=\"article\" \/>\n<meta property=\"og:title\" content=\"Contact - Flux - Bomedia\" \/>\n<meta property=\"og:description\" content=\"Demande d\u2019informations FLUX Remplissez le formulaire et nous vous contacterons Pr\u00e9nom * E-mail * T\u00e9l\u00e9phone * Indiquez les mod\u00e8les qui vous int\u00e9ressent Beamo 30W Beambox 40W Beambox Pro 50W Beambox II 55W (Nouveau) Hexa 60W Ador 10W Ador 20W Saisissez\" \/>\n<meta property=\"og:url\" content=\"https:\/\/fluxlasers.eu\/fr\/contact\/\" \/>\n<meta property=\"og:site_name\" content=\"Flux - Bomedia\" \/>\n<meta property=\"article:modified_time\" content=\"2026-02-27T12:32:07+00:00\" \/>\n<meta name=\"twitter:card\" content=\"summary_large_image\" \/>\n<meta name=\"twitter:label1\" content=\"Dur\u00e9e de lecture estim\u00e9e\" \/>\n\t<meta name=\"twitter:data1\" content=\"1 minute\" \/>\n<script type=\"application\/ld+json\" class=\"yoast-schema-graph\">{\"@context\":\"https:\/\/schema.org\",\"@graph\":[{\"@type\":\"WebPage\",\"@id\":\"https:\/\/fluxlasers.eu\/fr\/contact\/\",\"url\":\"https:\/\/fluxlasers.eu\/fr\/contact\/\",\"name\":\"Contact - Flux - Bomedia\",\"isPartOf\":{\"@id\":\"https:\/\/fluxlasers.eu\/fr\/#website\"},\"datePublished\":\"2020-01-22T09:37:29+00:00\",\"dateModified\":\"2026-02-27T12:32:07+00:00\",\"breadcrumb\":{\"@id\":\"https:\/\/fluxlasers.eu\/fr\/contact\/#breadcrumb\"},\"inLanguage\":\"fr-FR\",\"potentialAction\":[{\"@type\":\"ReadAction\",\"target\":[\"https:\/\/fluxlasers.eu\/fr\/contact\/\"]}]},{\"@type\":\"BreadcrumbList\",\"@id\":\"https:\/\/fluxlasers.eu\/fr\/contact\/#breadcrumb\",\"itemListElement\":[{\"@type\":\"ListItem\",\"position\":1,\"name\":\"Portada\",\"item\":\"https:\/\/fluxlasers.eu\/fr\/accueil\/\"},{\"@type\":\"ListItem\",\"position\":2,\"name\":\"Contact\"}]},{\"@type\":\"WebSite\",\"@id\":\"https:\/\/fluxlasers.eu\/fr\/#website\",\"url\":\"https:\/\/fluxlasers.eu\/fr\/\",\"name\":\"Flux - Bomedia\",\"description\":\"D\u00e9coupeuses et graveuses laser\",\"publisher\":{\"@id\":\"https:\/\/fluxlasers.eu\/fr\/#organization\"},\"potentialAction\":[{\"@type\":\"SearchAction\",\"target\":{\"@type\":\"EntryPoint\",\"urlTemplate\":\"https:\/\/fluxlasers.eu\/fr\/?s={search_term_string}\"},\"query-input\":{\"@type\":\"PropertyValueSpecification\",\"valueRequired\":true,\"valueName\":\"search_term_string\"}}],\"inLanguage\":\"fr-FR\"},{\"@type\":\"Organization\",\"@id\":\"https:\/\/fluxlasers.eu\/fr\/#organization\",\"name\":\"Fluxlasers Espa\u00f1a\",\"url\":\"https:\/\/fluxlasers.eu\/fr\/\",\"logo\":{\"@type\":\"ImageObject\",\"inLanguage\":\"fr-FR\",\"@id\":\"https:\/\/fluxlasers.eu\/fr\/#\/schema\/logo\/image\/\",\"url\":\"https:\/\/fluxlasers.eu\/wp-content\/uploads\/2021\/03\/logofluxspainc.png\",\"contentUrl\":\"https:\/\/fluxlasers.eu\/wp-content\/uploads\/2021\/03\/logofluxspainc.png\",\"width\":350,\"height\":217,\"caption\":\"Fluxlasers Espa\u00f1a\"},\"image\":{\"@id\":\"https:\/\/fluxlasers.eu\/fr\/#\/schema\/logo\/image\/\"}}]}<\/script>\n<!-- \/ Yoast SEO plugin. -->","yoast_head_json":{"title":"Contact - Flux - Bomedia","robots":{"index":"index","follow":"follow","max-snippet":"max-snippet:-1","max-image-preview":"max-image-preview:large","max-video-preview":"max-video-preview:-1"},"canonical":"https:\/\/fluxlasers.eu\/fr\/contact\/","og_locale":"fr_FR","og_type":"article","og_title":"Contact - Flux - Bomedia","og_description":"Demande d\u2019informations FLUX Remplissez le formulaire et nous vous contacterons Pr\u00e9nom * E-mail * T\u00e9l\u00e9phone * Indiquez les mod\u00e8les qui vous int\u00e9ressent Beamo 30W Beambox 40W Beambox Pro 50W Beambox II 55W (Nouveau) Hexa 60W Ador 10W Ador 20W Saisissez","og_url":"https:\/\/fluxlasers.eu\/fr\/contact\/","og_site_name":"Flux - Bomedia","article_modified_time":"2026-02-27T12:32:07+00:00","twitter_card":"summary_large_image","twitter_misc":{"Dur\u00e9e de lecture estim\u00e9e":"1 minute"},"schema":{"@context":"https:\/\/schema.org","@graph":[{"@type":"WebPage","@id":"https:\/\/fluxlasers.eu\/fr\/contact\/","url":"https:\/\/fluxlasers.eu\/fr\/contact\/","name":"Contact - Flux - Bomedia","isPartOf":{"@id":"https:\/\/fluxlasers.eu\/fr\/#website"},"datePublished":"2020-01-22T09:37:29+00:00","dateModified":"2026-02-27T12:32:07+00:00","breadcrumb":{"@id":"https:\/\/fluxlasers.eu\/fr\/contact\/#breadcrumb"},"inLanguage":"fr-FR","potentialAction":[{"@type":"ReadAction","target":["https:\/\/fluxlasers.eu\/fr\/contact\/"]}]},{"@type":"BreadcrumbList","@id":"https:\/\/fluxlasers.eu\/fr\/contact\/#breadcrumb","itemListElement":[{"@type":"ListItem","position":1,"name":"Portada","item":"https:\/\/fluxlasers.eu\/fr\/accueil\/"},{"@type":"ListItem","position":2,"name":"Contact"}]},{"@type":"WebSite","@id":"https:\/\/fluxlasers.eu\/fr\/#website","url":"https:\/\/fluxlasers.eu\/fr\/","name":"Flux - Bomedia","description":"D\u00e9coupeuses et graveuses laser","publisher":{"@id":"https:\/\/fluxlasers.eu\/fr\/#organization"},"potentialAction":[{"@type":"SearchAction","target":{"@type":"EntryPoint","urlTemplate":"https:\/\/fluxlasers.eu\/fr\/?s={search_term_string}"},"query-input":{"@type":"PropertyValueSpecification","valueRequired":true,"valueName":"search_term_string"}}],"inLanguage":"fr-FR"},{"@type":"Organization","@id":"https:\/\/fluxlasers.eu\/fr\/#organization","name":"Fluxlasers Espa\u00f1a","url":"https:\/\/fluxlasers.eu\/fr\/","logo":{"@type":"ImageObject","inLanguage":"fr-FR","@id":"https:\/\/fluxlasers.eu\/fr\/#\/schema\/logo\/image\/","url":"https:\/\/fluxlasers.eu\/wp-content\/uploads\/2021\/03\/logofluxspainc.png","contentUrl":"https:\/\/fluxlasers.eu\/wp-content\/uploads\/2021\/03\/logofluxspainc.png","width":350,"height":217,"caption":"Fluxlasers Espa\u00f1a"},"image":{"@id":"https:\/\/fluxlasers.eu\/fr\/#\/schema\/logo\/image\/"}}]}},"_links":{"self":[{"href":"https:\/\/fluxlasers.eu\/fr\/wp-json\/wp\/v2\/pages\/7827","targetHints":{"allow":["GET"]}}],"collection":[{"href":"https:\/\/fluxlasers.eu\/fr\/wp-json\/wp\/v2\/pages"}],"about":[{"href":"https:\/\/fluxlasers.eu\/fr\/wp-json\/wp\/v2\/types\/page"}],"author":[{"embeddable":true,"href":"https:\/\/fluxlasers.eu\/fr\/wp-json\/wp\/v2\/users\/1"}],"replies":[{"embeddable":true,"href":"https:\/\/fluxlasers.eu\/fr\/wp-json\/wp\/v2\/comments?post=7827"}],"version-history":[{"count":1,"href":"https:\/\/fluxlasers.eu\/fr\/wp-json\/wp\/v2\/pages\/7827\/revisions"}],"predecessor-version":[{"id":7829,"href":"https:\/\/fluxlasers.eu\/fr\/wp-json\/wp\/v2\/pages\/7827\/revisions\/7829"}],"wp:attachment":[{"href":"https:\/\/fluxlasers.eu\/fr\/wp-json\/wp\/v2\/media?parent=7827"}],"curies":[{"name":"wp","href":"https:\/\/api.w.org\/{rel}","templated":true}]}}