{"id":10638,"date":"2025-12-11T08:49:28","date_gmt":"2025-12-11T07:49:28","guid":{"rendered":"https:\/\/fluxlasers.eu\/producto\/extension-pocket-add-on-beambox-ii\/"},"modified":"2025-12-11T08:49:28","modified_gmt":"2025-12-11T07:49:28","slug":"extension-pocket-add-on-beambox-ii","status":"publish","type":"product","link":"https:\/\/fluxlasers.eu\/en\/producto\/extension-pocket-add-on-beambox-ii\/","title":{"rendered":"Extension Pocket Add-on \u2013 Beambox II"},"content":{"rendered":"<h2 style=\"text-align: center;\" data-start=\"202\" data-end=\"247\"><strong data-start=\"205\" data-end=\"245\">Beambox II \u2013 Extension Pocket Add-on<\/strong><\/h2>\n<h3 style=\"text-align: center;\" data-start=\"248\" data-end=\"286\"><strong data-start=\"252\" data-end=\"286\">Take Your Creations Further<\/strong><\/h3>\n<p style=\"text-align: center;\" data-start=\"288\" data-end=\"584\">The <strong data-start=\"291\" data-end=\"318\">Extension Pocket Add-on<\/strong> dramatically expands the possibilities of your Beambox II. It not only allows you to work with much thicker materials but is also fully compatible with the <strong data-start=\"492\" data-end=\"508\">Chuck Rotary<\/strong>, opening the door to engraving cylindrical and various shaped objects. <\/p>\n<p style=\"text-align: center;\" data-start=\"586\" data-end=\"846\">With an expansion tray offering a working area of <strong data-start=\"648\" data-end=\"664\">385 \u00d7 210 mm<\/strong> and a <strong data-start=\"671\" data-end=\"696\">depth of 215 mm<\/strong>, you will have true freedom to explore more ambitious projects: from bulky pieces to <em data-start=\"802\" data-end=\"817\">Stanley 40 oz<\/em> tumblers (perfectly compatible).<\/p>\n<p data-start=\"586\" data-end=\"846\"><img decoding=\"async\" class=\"aligncenter size-full wp-image-4246\" src=\"https:\/\/fluxlasers.eu\/wp-content\/uploads\/2025\/12\/0E5A3569-1.jpg\" alt=\"\" width=\"1000\" height=\"667\" srcset=\"https:\/\/fluxlasers.eu\/wp-content\/uploads\/2025\/12\/0E5A3569-1.jpg 1000w, https:\/\/fluxlasers.eu\/wp-content\/uploads\/2025\/12\/0E5A3569-1-300x200.jpg 300w, https:\/\/fluxlasers.eu\/wp-content\/uploads\/2025\/12\/0E5A3569-1-768x512.jpg 768w, https:\/\/fluxlasers.eu\/wp-content\/uploads\/2025\/12\/0E5A3569-1-600x400.jpg 600w\" sizes=\"(max-width: 1000px) 100vw, 1000px\" \/><\/p>\n<hr data-start=\"848\" data-end=\"851\">\n<h3 style=\"text-align: center;\" data-start=\"853\" data-end=\"913\"><strong data-start=\"857\" data-end=\"911\">Extra Depth for Limitless Creativity<\/strong><\/h3>\n<p style=\"text-align: center;\" data-start=\"914\" data-end=\"1126\">Increase the working depth from the original 125 mm to <strong data-start=\"982\" data-end=\"992\">215 mm<\/strong>, gaining an <strong data-start=\"1002\" data-end=\"1023\">additional 90 mm<\/strong>. This expanded space allows you to engrave large objects with the same precision and smoothness as always. <\/p>\n<hr data-start=\"1128\" data-end=\"1131\">\n<h3 style=\"text-align: center;\" data-start=\"1133\" data-end=\"1186\"><strong data-start=\"1137\" data-end=\"1184\">Perfect for Cylinders and Special Shapes<\/strong><\/h3>\n<p style=\"text-align: center;\" data-start=\"1187\" data-end=\"1437\">The Extension Pocket Add-on is designed to work with the <strong data-start=\"1249\" data-end=\"1265\">Chuck Rotary<\/strong>, offering an impeccable grip for cylinders, rings, spheres, and irregular objects.<br data-start=\"1353\" data-end=\"1356\">Easily customize large containers, thermal mugs, bottles, and much more.<\/p>\n<p data-start=\"1187\" data-end=\"1437\"><img decoding=\"async\" class=\"aligncenter size-full wp-image-4244\" src=\"https:\/\/fluxlasers.eu\/wp-content\/uploads\/2025\/12\/0E5A3709.jpg\" alt=\"\" width=\"1000\" height=\"667\" srcset=\"https:\/\/fluxlasers.eu\/wp-content\/uploads\/2025\/12\/0E5A3709.jpg 1000w, https:\/\/fluxlasers.eu\/wp-content\/uploads\/2025\/12\/0E5A3709-300x200.jpg 300w, https:\/\/fluxlasers.eu\/wp-content\/uploads\/2025\/12\/0E5A3709-768x512.jpg 768w, https:\/\/fluxlasers.eu\/wp-content\/uploads\/2025\/12\/0E5A3709-600x400.jpg 600w\" sizes=\"(max-width: 1000px) 100vw, 1000px\" \/><\/p>\n<hr data-start=\"1439\" data-end=\"1442\">\n<h3 style=\"text-align: center;\" data-start=\"1444\" data-end=\"1482\"><strong data-start=\"1448\" data-end=\"1480\">Quick Assembly, Full Access<\/strong><\/h3>\n<p style=\"text-align: center;\" data-start=\"1483\" data-end=\"1575\">Installing the module is simple and improves access to all Beambox II add-ons, such as:<\/p>\n<p style=\"text-align: center;\" data-start=\"1578\" data-end=\"1595\"><strong data-start=\"1578\" data-end=\"1593\">Passthrough<\/strong><\/p>\n<p style=\"text-align: center;\" data-start=\"1598\" data-end=\"1615\"><strong data-start=\"1598\" data-end=\"1613\">Auto Feeder<\/strong><\/p>\n<p style=\"text-align: center;\" data-start=\"1618\" data-end=\"1634\"><strong data-start=\"1618\" data-end=\"1634\">Chuck Rotary<\/strong><\/p>\n<p style=\"text-align: center;\" data-start=\"1636\" data-end=\"1705\">Everything is designed for you to work smoothly and without interruptions.<\/p>\n<hr data-start=\"1707\" data-end=\"1710\">\n<h2 style=\"text-align: center;\" data-start=\"1712\" data-end=\"1770\"><strong data-start=\"1715\" data-end=\"1770\">Technical Specifications \u2014 Extension Pocket Add-on<\/strong><\/h2>\n<p style=\"text-align: center;\" data-start=\"1774\" data-end=\"1847\"><strong data-start=\"1774\" data-end=\"1798\">Product Size:<\/strong> 670 \u00d7 290 \u00d7 100 mm<br data-start=\"1817\" data-end=\"1820\">(26.38 \u00d7 11.42 \u00d7 3.94\u201d)<\/p>\n<p style=\"text-align: center;\" data-start=\"1850\" data-end=\"1879\"><strong data-start=\"1850\" data-end=\"1859\">Weight:<\/strong> 7.5 kg (16.53 lb)<\/p>\n<p style=\"text-align: center;\" data-start=\"1882\" data-end=\"1937\"><strong data-start=\"1882\" data-end=\"1902\">Working Area:<\/strong> 385 \u00d7 210 mm<br data-start=\"1915\" data-end=\"1918\">(15.16 \u00d7 8.27\u201d)<\/p>\n<p style=\"text-align: center;\" data-start=\"1940\" data-end=\"1984\"><strong data-start=\"1940\" data-end=\"1967\">Working Depth:<\/strong> 215 mm (8.46\u201d)<\/p>\n<hr data-start=\"1986\" data-end=\"1989\">\n<h2 style=\"text-align: center;\" data-start=\"1991\" data-end=\"2030\"><strong data-start=\"1994\" data-end=\"2030\">Compatibility with Other Add-ons<\/strong><\/h2>\n<p style=\"text-align: center;\"><img decoding=\"async\" class=\"wp-image-4224 size-medium alignnone\" src=\"https:\/\/fluxlasers.eu\/wp-content\/uploads\/2025\/12\/0E5A3476-300x200.jpg\" alt=\"\" width=\"300\" height=\"200\" srcset=\"https:\/\/fluxlasers.eu\/wp-content\/uploads\/2025\/12\/0E5A3476-300x200.jpg 300w, https:\/\/fluxlasers.eu\/wp-content\/uploads\/2025\/12\/0E5A3476-1024x683.jpg 1024w, https:\/\/fluxlasers.eu\/wp-content\/uploads\/2025\/12\/0E5A3476-768x512.jpg 768w, https:\/\/fluxlasers.eu\/wp-content\/uploads\/2025\/12\/0E5A3476-1536x1024.jpg 1536w, https:\/\/fluxlasers.eu\/wp-content\/uploads\/2025\/12\/0E5A3476-600x400.jpg 600w, https:\/\/fluxlasers.eu\/wp-content\/uploads\/2025\/12\/0E5A3476.jpg 1920w\" sizes=\"(max-width: 300px) 100vw, 300px\" \/> <img decoding=\"async\" class=\"wp-image-4241 size-medium alignnone\" src=\"https:\/\/fluxlasers.eu\/wp-content\/uploads\/2025\/12\/0E5A3579-1-300x200.jpg\" alt=\"\" width=\"300\" height=\"200\" srcset=\"https:\/\/fluxlasers.eu\/wp-content\/uploads\/2025\/12\/0E5A3579-1-300x200.jpg 300w, https:\/\/fluxlasers.eu\/wp-content\/uploads\/2025\/12\/0E5A3579-1-768x512.jpg 768w, https:\/\/fluxlasers.eu\/wp-content\/uploads\/2025\/12\/0E5A3579-1-600x400.jpg 600w, https:\/\/fluxlasers.eu\/wp-content\/uploads\/2025\/12\/0E5A3579-1.jpg 1000w\" sizes=\"(max-width: 300px) 100vw, 300px\" \/><\/p>\n<h3 style=\"text-align: center;\" data-start=\"2032\" data-end=\"2058\"><strong data-start=\"2036\" data-end=\"2058\">Passthrough Add-on<\/strong><\/h3>\n<p style=\"text-align: center;\" data-start=\"2061\" data-end=\"2109\">Size: 42 \u00d7 28 \u00d7 135 mm (1.65 \u00d7 1.10 \u00d7 5.31\u201d)<\/p>\n<p style=\"text-align: center;\" data-start=\"2112\" data-end=\"2142\">Maximum supported weight: 100 g<\/p>\n<p style=\"text-align: center;\" data-start=\"2145\" data-end=\"2185\">Maximum material depth: 14 mm<\/p>\n<p style=\"text-align: center;\" data-start=\"2188\" data-end=\"2223\">Maximum material width: 350 mm<\/p>\n<h3 style=\"text-align: center;\" data-start=\"2225\" data-end=\"2245\"><strong data-start=\"2229\" data-end=\"2245\">Chuck Rotary<\/strong><\/h3>\n<p style=\"text-align: center;\" data-start=\"2248\" data-end=\"2287\"><strong data-start=\"2248\" data-end=\"2262\">Cylinders:<\/strong> 1\u2013145 mm (up to 5.71\u201d)<\/p>\n<p style=\"text-align: center;\" data-start=\"2290\" data-end=\"2314\"><strong data-start=\"2290\" data-end=\"2302\">Rings:<\/strong> 11\u2013145 mm<\/p>\n<p style=\"text-align: center;\" data-start=\"2317\" data-end=\"2341\"><strong data-start=\"2317\" data-end=\"2329\">Spheres:<\/strong> 25\u2013130 mm<\/p>\n<p style=\"text-align: center;\" data-start=\"2344\" data-end=\"2384\"><strong data-start=\"2344\" data-end=\"2375\">Maximum Engraving Length:<\/strong> 500 mm<\/p>\n<h3 style=\"text-align: center;\" data-start=\"2386\" data-end=\"2412\"><strong data-start=\"2390\" data-end=\"2412\">Auto Feeder Add-on<\/strong><\/h3>\n<p style=\"text-align: center;\" data-start=\"2415\" data-end=\"2494\"><strong data-start=\"2415\" data-end=\"2440\">Material Width:<\/strong> up to 350 mm (or 525 mm with Extension Pocket Add-on)<\/p>\n<p style=\"text-align: center;\" data-start=\"2497\" data-end=\"2573\"><strong data-start=\"2497\" data-end=\"2521\">Material Thickness:<\/strong> up to 14 mm (or 50 mm with Extension Pocket Add-on)<\/p>\n<p style=\"text-align: center;\" data-start=\"2576\" data-end=\"2626\"><strong data-start=\"2576\" data-end=\"2610\">Processing Area \u2013 Depth:<\/strong> up to 1610 mm<\/p>\n<p style=\"text-align: center;\" data-start=\"2629\" data-end=\"2667\"><strong data-start=\"2629\" data-end=\"2659\">Maximum Clamping Thickness:<\/strong> 20 mm<\/p>\n<hr data-start=\"2669\" data-end=\"2672\">\n<h2 style=\"text-align: center;\" data-start=\"2674\" data-end=\"2701\"><strong data-start=\"2677\" data-end=\"2701\">Box Contents<\/strong><\/h2>\n<p style=\"text-align: center;\"><img decoding=\"async\" class=\"alignnone wp-image-4235 size-medium\" src=\"https:\/\/fluxlasers.eu\/wp-content\/uploads\/2025\/12\/Whats-in-the-Box_Passthrough_Extension-Pocket-300x300.jpg\" alt=\"\" width=\"300\" height=\"300\" srcset=\"https:\/\/fluxlasers.eu\/wp-content\/uploads\/2025\/12\/Whats-in-the-Box_Passthrough_Extension-Pocket-300x300.jpg 300w, https:\/\/fluxlasers.eu\/wp-content\/uploads\/2025\/12\/Whats-in-the-Box_Passthrough_Extension-Pocket-150x150.jpg 150w, https:\/\/fluxlasers.eu\/wp-content\/uploads\/2025\/12\/Whats-in-the-Box_Passthrough_Extension-Pocket-768x768.jpg 768w, https:\/\/fluxlasers.eu\/wp-content\/uploads\/2025\/12\/Whats-in-the-Box_Passthrough_Extension-Pocket-270x270.jpg 270w, https:\/\/fluxlasers.eu\/wp-content\/uploads\/2025\/12\/Whats-in-the-Box_Passthrough_Extension-Pocket-230x230.jpg 230w, https:\/\/fluxlasers.eu\/wp-content\/uploads\/2025\/12\/Whats-in-the-Box_Passthrough_Extension-Pocket-600x600.jpg 600w, https:\/\/fluxlasers.eu\/wp-content\/uploads\/2025\/12\/Whats-in-the-Box_Passthrough_Extension-Pocket-100x100.jpg 100w, https:\/\/fluxlasers.eu\/wp-content\/uploads\/2025\/12\/Whats-in-the-Box_Passthrough_Extension-Pocket.jpg 1000w\" sizes=\"(max-width: 300px) 100vw, 300px\" \/><\/p>\n<p style=\"text-align: center;\" data-start=\"2704\" data-end=\"2722\">Extension Pocket<\/p>\n<p style=\"text-align: center;\" data-start=\"2725\" data-end=\"2758\">Riser Stands for Beambox II \u00d72<\/p>\n<p style=\"text-align: center;\" data-start=\"2761\" data-end=\"2803\">Long Riser Stands for Chuck Rotary \u00d73<\/p>\n<p style=\"text-align: center;\" data-start=\"2806\" data-end=\"2832\">Fixing Screws \u00d74<\/p>\n","protected":false},"excerpt":{"rendered":"<article class=\"text-token-text-primary w-full focus:outline-none [--shadow-height:45px] has-data-writing-block:pointer-events-none has-data-writing-block:-mt-(--shadow-height) has-data-writing-block:pt-(--shadow-height) [&amp;:has([data-writing-block])&gt;*]:pointer-events-auto scroll-mt-[calc(var(--header-height)+min(200px,max(70px,20svh)))]\" dir=\"auto\" tabindex=\"-1\" data-turn-id=\"d9fc27a5-4ab4-4340-9857-280f26c73cc1\" data-testid=\"conversation-turn-18\" data-scroll-anchor=\"true\" data-turn=\"assistant\">\n<div class=\"text-base my-auto mx-auto pb-10 [--thread-content-margin:--spacing(4)] @w-sm\/main:[--thread-content-margin:--spacing(6)] @w-lg\/main:[--thread-content-margin:--spacing(16)] px-(--thread-content-margin)\">\n<div class=\"[--thread-content-max-width:40rem] @w-lg\/main:[--thread-content-max-width:48rem] mx-auto max-w-(--thread-content-max-width) flex-1 group\/turn-messages focus-visible:outline-hidden relative flex w-full min-w-0 flex-col agent-turn\" tabindex=\"-1\">\n<div class=\"flex max-w-full flex-col grow\">\n<div class=\"min-h-8 text-message relative flex w-full flex-col items-end gap-2 text-start break-words whitespace-normal [.text-message+&amp;]:mt-1\" dir=\"auto\" data-message-author-role=\"assistant\" data-message-id=\"61ea46c7-190e-4469-9401-d30f00676ce9\" data-message-model-slug=\"gpt-5-1-thinking\">\n<div class=\"flex w-full flex-col gap-1 empty:hidden first:pt-[1px]\">\n<div class=\"markdown prose dark:prose-invert w-full break-words light markdown-new-styling\">\n<p data-start=\"0\" data-end=\"492\" data-is-last-node=\"\" data-is-only-node=\"\">The <strong data-start=\"3\" data-end=\"46\">Extension Pocket Add-on for Beambox II<\/strong> expands the working depth up to <strong data-start=\"86\" data-end=\"96\">215 mm<\/strong> and offers an area of <strong data-start=\"117\" data-end=\"133\">385 \u00d7 210 mm<\/strong>, allowing you to engrave thicker materials and bulky objects, including cylinders and <em data-start=\"233\" data-end=\"248\">Stanley 40 oz<\/em> tumblers when combined with the <strong data-start=\"274\" data-end=\"290\">Chuck Rotary<\/strong>. It is easy to assemble, improves access to other modules such as <strong data-start=\"350\" data-end=\"365\">Passthrough<\/strong> and <strong data-start=\"368\" data-end=\"383\">Auto Feeder<\/strong>, and transforms your Beambox II into a much more versatile solution for professional and personalized projects. <\/p>\n<\/div>\n<\/div>\n<\/div>\n<\/div>\n<\/div>\n<\/div>\n<\/article>\n","protected":false},"featured_media":4252,"comment_status":"closed","ping_status":"closed","template":"","meta":[],"product_brand":[],"product_cat":[332,343],"product_tag":[],"class_list":{"0":"post-10638","1":"product","2":"type-product","3":"status-publish","4":"has-post-thumbnail","6":"product_cat-accessories","7":"product_cat-beambox-accessories","9":"first","10":"instock","11":"taxable","12":"shipping-taxable","13":"purchasable","14":"product-type-simple"},"yoast_head":"<!-- This site is optimized with the Yoast SEO plugin v27.0 - https:\/\/yoast.com\/product\/yoast-seo-wordpress\/ -->\n<title>Extension Pocket Add-on \u2013 Beambox II - Flux - Bomedia<\/title>\n<meta name=\"robots\" content=\"index, follow, max-snippet:-1, max-image-preview:large, max-video-preview:-1\" \/>\n<link rel=\"canonical\" href=\"https:\/\/fluxlasers.eu\/en\/producto\/extension-pocket-add-on-beambox-ii\/\" \/>\n<meta property=\"og:locale\" content=\"en_US\" \/>\n<meta property=\"og:type\" content=\"article\" \/>\n<meta property=\"og:title\" content=\"Extension Pocket Add-on \u2013 Beambox II - Flux - Bomedia\" \/>\n<meta property=\"og:description\" content=\"The Extension Pocket Add-on for Beambox II expands the working depth up to 215 mm and offers an area of 385 \u00d7 210 mm, allowing you to engrave thicker materials and bulky objects, including cylinders and Stanley 40 oz tumblers when combined with the Chuck Rotary. It is easy to assemble, improves access to other modules such as Passthrough and Auto Feeder, and transforms your Beambox II into a much more versatile solution for professional and personalized projects.\" \/>\n<meta property=\"og:url\" content=\"https:\/\/fluxlasers.eu\/en\/producto\/extension-pocket-add-on-beambox-ii\/\" \/>\n<meta property=\"og:site_name\" content=\"Flux - Bomedia\" \/>\n<meta property=\"og:image\" content=\"https:\/\/fluxlasers.eu\/wp-content\/uploads\/2025\/12\/0E5A3986.jpg\" \/>\n\t<meta property=\"og:image:width\" content=\"1000\" \/>\n\t<meta property=\"og:image:height\" content=\"666\" \/>\n\t<meta property=\"og:image:type\" content=\"image\/jpeg\" \/>\n<meta name=\"twitter:card\" content=\"summary_large_image\" \/>\n<meta name=\"twitter:label1\" content=\"Est. reading time\" \/>\n\t<meta name=\"twitter:data1\" content=\"1 minute\" \/>\n<script type=\"application\/ld+json\" class=\"yoast-schema-graph\">{\"@context\":\"https:\/\/schema.org\",\"@graph\":[{\"@type\":\"WebPage\",\"@id\":\"https:\/\/fluxlasers.eu\/en\/producto\/extension-pocket-add-on-beambox-ii\/\",\"url\":\"https:\/\/fluxlasers.eu\/en\/producto\/extension-pocket-add-on-beambox-ii\/\",\"name\":\"Extension Pocket Add-on \u2013 Beambox II - Flux - Bomedia\",\"isPartOf\":{\"@id\":\"https:\/\/fluxlasers.eu\/en\/#website\"},\"primaryImageOfPage\":{\"@id\":\"https:\/\/fluxlasers.eu\/en\/producto\/extension-pocket-add-on-beambox-ii\/#primaryimage\"},\"image\":{\"@id\":\"https:\/\/fluxlasers.eu\/en\/producto\/extension-pocket-add-on-beambox-ii\/#primaryimage\"},\"thumbnailUrl\":\"https:\/\/fluxlasers.eu\/wp-content\/uploads\/2025\/12\/0E5A3986.jpg\",\"datePublished\":\"2025-12-11T07:49:28+00:00\",\"breadcrumb\":{\"@id\":\"https:\/\/fluxlasers.eu\/en\/producto\/extension-pocket-add-on-beambox-ii\/#breadcrumb\"},\"inLanguage\":\"en-US\",\"potentialAction\":[{\"@type\":\"ReadAction\",\"target\":[\"https:\/\/fluxlasers.eu\/en\/producto\/extension-pocket-add-on-beambox-ii\/\"]}]},{\"@type\":\"ImageObject\",\"inLanguage\":\"en-US\",\"@id\":\"https:\/\/fluxlasers.eu\/en\/producto\/extension-pocket-add-on-beambox-ii\/#primaryimage\",\"url\":\"https:\/\/fluxlasers.eu\/wp-content\/uploads\/2025\/12\/0E5A3986.jpg\",\"contentUrl\":\"https:\/\/fluxlasers.eu\/wp-content\/uploads\/2025\/12\/0E5A3986.jpg\",\"width\":1000,\"height\":666},{\"@type\":\"BreadcrumbList\",\"@id\":\"https:\/\/fluxlasers.eu\/en\/producto\/extension-pocket-add-on-beambox-ii\/#breadcrumb\",\"itemListElement\":[{\"@type\":\"ListItem\",\"position\":1,\"name\":\"Portada\",\"item\":\"https:\/\/fluxlasers.eu\/en\/home\/\"},{\"@type\":\"ListItem\",\"position\":2,\"name\":\"Shop\",\"item\":\"https:\/\/fluxlasers.eu\/en\/shop\/\"},{\"@type\":\"ListItem\",\"position\":3,\"name\":\"Extension Pocket Add-on \u2013 Beambox II\"}]},{\"@type\":\"WebSite\",\"@id\":\"https:\/\/fluxlasers.eu\/en\/#website\",\"url\":\"https:\/\/fluxlasers.eu\/en\/\",\"name\":\"Flux - Bomedia\",\"description\":\"Laser Cutters and Engravers\",\"publisher\":{\"@id\":\"https:\/\/fluxlasers.eu\/en\/#organization\"},\"potentialAction\":[{\"@type\":\"SearchAction\",\"target\":{\"@type\":\"EntryPoint\",\"urlTemplate\":\"https:\/\/fluxlasers.eu\/en\/?s={search_term_string}\"},\"query-input\":{\"@type\":\"PropertyValueSpecification\",\"valueRequired\":true,\"valueName\":\"search_term_string\"}}],\"inLanguage\":\"en-US\"},{\"@type\":\"Organization\",\"@id\":\"https:\/\/fluxlasers.eu\/en\/#organization\",\"name\":\"Fluxlasers Espa\u00f1a\",\"url\":\"https:\/\/fluxlasers.eu\/en\/\",\"logo\":{\"@type\":\"ImageObject\",\"inLanguage\":\"en-US\",\"@id\":\"https:\/\/fluxlasers.eu\/en\/#\/schema\/logo\/image\/\",\"url\":\"https:\/\/fluxlasers.eu\/wp-content\/uploads\/2021\/03\/logofluxspainc.png\",\"contentUrl\":\"https:\/\/fluxlasers.eu\/wp-content\/uploads\/2021\/03\/logofluxspainc.png\",\"width\":350,\"height\":217,\"caption\":\"Fluxlasers Espa\u00f1a\"},\"image\":{\"@id\":\"https:\/\/fluxlasers.eu\/en\/#\/schema\/logo\/image\/\"}}]}<\/script>\n<!-- \/ Yoast SEO plugin. -->","yoast_head_json":{"title":"Extension Pocket Add-on \u2013 Beambox II - Flux - Bomedia","robots":{"index":"index","follow":"follow","max-snippet":"max-snippet:-1","max-image-preview":"max-image-preview:large","max-video-preview":"max-video-preview:-1"},"canonical":"https:\/\/fluxlasers.eu\/en\/producto\/extension-pocket-add-on-beambox-ii\/","og_locale":"en_US","og_type":"article","og_title":"Extension Pocket Add-on \u2013 Beambox II - Flux - Bomedia","og_description":"The Extension Pocket Add-on for Beambox II expands the working depth up to 215 mm and offers an area of 385 \u00d7 210 mm, allowing you to engrave thicker materials and bulky objects, including cylinders and Stanley 40 oz tumblers when combined with the Chuck Rotary. It is easy to assemble, improves access to other modules such as Passthrough and Auto Feeder, and transforms your Beambox II into a much more versatile solution for professional and personalized projects.","og_url":"https:\/\/fluxlasers.eu\/en\/producto\/extension-pocket-add-on-beambox-ii\/","og_site_name":"Flux - Bomedia","og_image":[{"width":1000,"height":666,"url":"https:\/\/fluxlasers.eu\/wp-content\/uploads\/2025\/12\/0E5A3986.jpg","type":"image\/jpeg"}],"twitter_card":"summary_large_image","twitter_misc":{"Est. reading time":"1 minute"},"schema":{"@context":"https:\/\/schema.org","@graph":[{"@type":"WebPage","@id":"https:\/\/fluxlasers.eu\/en\/producto\/extension-pocket-add-on-beambox-ii\/","url":"https:\/\/fluxlasers.eu\/en\/producto\/extension-pocket-add-on-beambox-ii\/","name":"Extension Pocket Add-on \u2013 Beambox II - Flux - Bomedia","isPartOf":{"@id":"https:\/\/fluxlasers.eu\/en\/#website"},"primaryImageOfPage":{"@id":"https:\/\/fluxlasers.eu\/en\/producto\/extension-pocket-add-on-beambox-ii\/#primaryimage"},"image":{"@id":"https:\/\/fluxlasers.eu\/en\/producto\/extension-pocket-add-on-beambox-ii\/#primaryimage"},"thumbnailUrl":"https:\/\/fluxlasers.eu\/wp-content\/uploads\/2025\/12\/0E5A3986.jpg","datePublished":"2025-12-11T07:49:28+00:00","breadcrumb":{"@id":"https:\/\/fluxlasers.eu\/en\/producto\/extension-pocket-add-on-beambox-ii\/#breadcrumb"},"inLanguage":"en-US","potentialAction":[{"@type":"ReadAction","target":["https:\/\/fluxlasers.eu\/en\/producto\/extension-pocket-add-on-beambox-ii\/"]}]},{"@type":"ImageObject","inLanguage":"en-US","@id":"https:\/\/fluxlasers.eu\/en\/producto\/extension-pocket-add-on-beambox-ii\/#primaryimage","url":"https:\/\/fluxlasers.eu\/wp-content\/uploads\/2025\/12\/0E5A3986.jpg","contentUrl":"https:\/\/fluxlasers.eu\/wp-content\/uploads\/2025\/12\/0E5A3986.jpg","width":1000,"height":666},{"@type":"BreadcrumbList","@id":"https:\/\/fluxlasers.eu\/en\/producto\/extension-pocket-add-on-beambox-ii\/#breadcrumb","itemListElement":[{"@type":"ListItem","position":1,"name":"Portada","item":"https:\/\/fluxlasers.eu\/en\/home\/"},{"@type":"ListItem","position":2,"name":"Shop","item":"https:\/\/fluxlasers.eu\/en\/shop\/"},{"@type":"ListItem","position":3,"name":"Extension Pocket Add-on \u2013 Beambox II"}]},{"@type":"WebSite","@id":"https:\/\/fluxlasers.eu\/en\/#website","url":"https:\/\/fluxlasers.eu\/en\/","name":"Flux - Bomedia","description":"Laser Cutters and Engravers","publisher":{"@id":"https:\/\/fluxlasers.eu\/en\/#organization"},"potentialAction":[{"@type":"SearchAction","target":{"@type":"EntryPoint","urlTemplate":"https:\/\/fluxlasers.eu\/en\/?s={search_term_string}"},"query-input":{"@type":"PropertyValueSpecification","valueRequired":true,"valueName":"search_term_string"}}],"inLanguage":"en-US"},{"@type":"Organization","@id":"https:\/\/fluxlasers.eu\/en\/#organization","name":"Fluxlasers Espa\u00f1a","url":"https:\/\/fluxlasers.eu\/en\/","logo":{"@type":"ImageObject","inLanguage":"en-US","@id":"https:\/\/fluxlasers.eu\/en\/#\/schema\/logo\/image\/","url":"https:\/\/fluxlasers.eu\/wp-content\/uploads\/2021\/03\/logofluxspainc.png","contentUrl":"https:\/\/fluxlasers.eu\/wp-content\/uploads\/2021\/03\/logofluxspainc.png","width":350,"height":217,"caption":"Fluxlasers Espa\u00f1a"},"image":{"@id":"https:\/\/fluxlasers.eu\/en\/#\/schema\/logo\/image\/"}}]}},"_links":{"self":[{"href":"https:\/\/fluxlasers.eu\/en\/wp-json\/wp\/v2\/product\/10638","targetHints":{"allow":["GET"]}}],"collection":[{"href":"https:\/\/fluxlasers.eu\/en\/wp-json\/wp\/v2\/product"}],"about":[{"href":"https:\/\/fluxlasers.eu\/en\/wp-json\/wp\/v2\/types\/product"}],"replies":[{"embeddable":true,"href":"https:\/\/fluxlasers.eu\/en\/wp-json\/wp\/v2\/comments?post=10638"}],"wp:featuredmedia":[{"embeddable":true,"href":"https:\/\/fluxlasers.eu\/en\/wp-json\/wp\/v2\/media\/4252"}],"wp:attachment":[{"href":"https:\/\/fluxlasers.eu\/en\/wp-json\/wp\/v2\/media?parent=10638"}],"wp:term":[{"taxonomy":"product_brand","embeddable":true,"href":"https:\/\/fluxlasers.eu\/en\/wp-json\/wp\/v2\/product_brand?post=10638"},{"taxonomy":"product_cat","embeddable":true,"href":"https:\/\/fluxlasers.eu\/en\/wp-json\/wp\/v2\/product_cat?post=10638"},{"taxonomy":"product_tag","embeddable":true,"href":"https:\/\/fluxlasers.eu\/en\/wp-json\/wp\/v2\/product_tag?post=10638"}],"curies":[{"name":"wp","href":"https:\/\/api.w.org\/{rel}","templated":true}]}}