{"id":9218,"date":"2021-07-21T10:21:46","date_gmt":"2021-07-21T10:21:46","guid":{"rendered":"https:\/\/fluxlasers.eu\/producto\/experience-pack-3-mm\/"},"modified":"2021-07-21T10:21:46","modified_gmt":"2021-07-21T09:21:46","slug":"experience-pack-3-mm","status":"publish","type":"product","link":"https:\/\/fluxlasers.eu\/de\/produkt\/experience-pack-3-mm\/","title":{"rendered":"Experience Pack 3 mm"},"content":{"rendered":"<p>Ein speziell zusammengestelltes Paket mit 37 verschiedenen Materialtypen. Eine Auswahl von verschiedenen Acrylarten bis hin zu Gummi und Holz. <\/p>\n<p>Die Materialien haben eine Gr\u00f6\u00dfe von 210 x 300 mm und eine St\u00e4rke von 3 mm (mit Ausnahme des Gummistempels, der 2,3 mm stark ist).<\/p>\n<p>Mit diesem Paket k\u00f6nnen Sie experimentieren und jedes Design zum Leben erwecken.<\/p>\n<p><strong>Was ist drin?<\/strong><\/p>\n<p>Die Materialien sind in dieser Reihenfolge verpackt:<\/p>\n<p><strong>Acryl:<\/strong><\/p>\n<ul>\n<li>Rot<\/li>\n<li>Orange<\/li>\n<li>Gelb<\/li>\n<li>Gr\u00fcn<\/li>\n<li>Blau<\/li>\n<li>Schwarz<\/li>\n<li>Grau<\/li>\n<li>Wei\u00df<\/li>\n<li>Mattglas<\/li>\n<li>Transparent<\/li>\n<li>Hellrot<\/li>\n<li>Hellgelb<\/li>\n<li>Hellgr\u00fcn<\/li>\n<li>Goldspiegel<\/li>\n<li>Silberspiegel<\/li>\n<li>Metallic Gold<\/li>\n<li>Metallic Silber<\/li>\n<li>Metallic Lila<\/li>\n<li>Metallic Gr\u00fcn<\/li>\n<li>Metallic Eis<\/li>\n<li>Perlwei\u00df<\/li>\n<li>Rosa Perlmutt<\/li>\n<li>Perlmutt-Elfenbein<\/li>\n<li>Wei\u00dfer Stein<\/li>\n<li>Steingrau<\/li>\n<li>Schwarzer Stein<\/li>\n<li>Galaxieblau<\/li>\n<\/ul>\n<p><strong>Gummi:<\/strong><\/p>\n<ul>\n<li>Gummistempel<\/li>\n<\/ul>\n<p><strong>Holz:<\/strong><\/p>\n<ul>\n<li>Ahorn<\/li>\n<li>Bambus<\/li>\n<li>Afromosia<\/li>\n<li>Sapele<\/li>\n<li>Padouk<\/li>\n<li>Amerikanische Eiche<\/li>\n<li>Braune Eiche<\/li>\n<li>Ger\u00e4ucherte Eiche<\/li>\n<li>MDF<\/li>\n<\/ul>\n","protected":false},"excerpt":{"rendered":"<p>Ein speziell zusammengestelltes Paket mit 37 verschiedenen Materialtypen. Eine Auswahl von verschiedenen Acrylarten bis hin zu Gummi und Holz. <\/p>\n","protected":false},"featured_media":1657,"comment_status":"open","ping_status":"closed","template":"","meta":[],"product_brand":[],"product_cat":[321],"product_tag":[],"class_list":{"0":"post-9218","1":"product","2":"type-product","3":"status-publish","4":"has-post-thumbnail","6":"product_cat-verbrauchsmaterialien","8":"first","9":"instock","10":"featured","11":"taxable","12":"shipping-taxable","13":"purchasable","14":"product-type-simple"},"yoast_head":"<!-- This site is optimized with the Yoast SEO plugin v27.0 - https:\/\/yoast.com\/product\/yoast-seo-wordpress\/ -->\n<title>Experience Pack \u2013 Materialien f\u00fcr CO2-Laserschneiden und -gravieren<\/title>\n<meta name=\"description\" content=\"Experience Pack \u2013 Materialien f\u00fcr CO2-Laserschneiden und -gravieren. Alles, was Sie brauchen, um mit Ihrem FLUX-Lasercutter loszulegen\" \/>\n<meta name=\"robots\" content=\"index, follow, max-snippet:-1, max-image-preview:large, max-video-preview:-1\" \/>\n<link rel=\"canonical\" href=\"https:\/\/fluxlasers.eu\/de\/produkt\/experience-pack-3-mm\/\" \/>\n<meta property=\"og:locale\" content=\"de_DE\" \/>\n<meta property=\"og:type\" content=\"article\" \/>\n<meta property=\"og:title\" content=\"Experience Pack \u2013 Materialien f\u00fcr CO2-Laserschneiden und -gravieren\" \/>\n<meta property=\"og:description\" content=\"Experience Pack \u2013 Materialien f\u00fcr CO2-Laserschneiden und -gravieren. Alles, was Sie brauchen, um mit Ihrem FLUX-Lasercutter loszulegen\" \/>\n<meta property=\"og:url\" content=\"https:\/\/fluxlasers.eu\/de\/produkt\/experience-pack-3-mm\/\" \/>\n<meta property=\"og:site_name\" content=\"Flux - Bomedia\" \/>\n<meta property=\"og:image\" content=\"https:\/\/fluxlasers.eu\/wp-content\/uploads\/2021\/07\/Experience-Pack-01-.jpg\" \/>\n\t<meta property=\"og:image:width\" content=\"1800\" \/>\n\t<meta property=\"og:image:height\" content=\"1783\" \/>\n\t<meta property=\"og:image:type\" content=\"image\/jpeg\" \/>\n<meta name=\"twitter:card\" content=\"summary_large_image\" \/>\n<meta name=\"twitter:label1\" content=\"Gesch\u00e4tzte Lesezeit\" \/>\n\t<meta name=\"twitter:data1\" content=\"1\u00a0Minute\" \/>\n<script type=\"application\/ld+json\" class=\"yoast-schema-graph\">{\"@context\":\"https:\/\/schema.org\",\"@graph\":[{\"@type\":\"WebPage\",\"@id\":\"https:\/\/fluxlasers.eu\/de\/produkt\/experience-pack-3-mm\/\",\"url\":\"https:\/\/fluxlasers.eu\/de\/produkt\/experience-pack-3-mm\/\",\"name\":\"Experience Pack \u2013 Materialien f\u00fcr CO2-Laserschneiden und -gravieren\",\"isPartOf\":{\"@id\":\"https:\/\/fluxlasers.eu\/de\/#website\"},\"primaryImageOfPage\":{\"@id\":\"https:\/\/fluxlasers.eu\/de\/produkt\/experience-pack-3-mm\/#primaryimage\"},\"image\":{\"@id\":\"https:\/\/fluxlasers.eu\/de\/produkt\/experience-pack-3-mm\/#primaryimage\"},\"thumbnailUrl\":\"https:\/\/fluxlasers.eu\/wp-content\/uploads\/2021\/07\/Experience-Pack-01-.jpg\",\"datePublished\":\"2021-07-21T10:21:46+00:00\",\"description\":\"Experience Pack \u2013 Materialien f\u00fcr CO2-Laserschneiden und -gravieren. Alles, was Sie brauchen, um mit Ihrem FLUX-Lasercutter loszulegen\",\"breadcrumb\":{\"@id\":\"https:\/\/fluxlasers.eu\/de\/produkt\/experience-pack-3-mm\/#breadcrumb\"},\"inLanguage\":\"de\",\"potentialAction\":[{\"@type\":\"ReadAction\",\"target\":[\"https:\/\/fluxlasers.eu\/de\/produkt\/experience-pack-3-mm\/\"]}]},{\"@type\":\"ImageObject\",\"inLanguage\":\"de\",\"@id\":\"https:\/\/fluxlasers.eu\/de\/produkt\/experience-pack-3-mm\/#primaryimage\",\"url\":\"https:\/\/fluxlasers.eu\/wp-content\/uploads\/2021\/07\/Experience-Pack-01-.jpg\",\"contentUrl\":\"https:\/\/fluxlasers.eu\/wp-content\/uploads\/2021\/07\/Experience-Pack-01-.jpg\",\"width\":1800,\"height\":1783,\"caption\":\"Materiales corte y grabado l\u00e1ser\"},{\"@type\":\"BreadcrumbList\",\"@id\":\"https:\/\/fluxlasers.eu\/de\/produkt\/experience-pack-3-mm\/#breadcrumb\",\"itemListElement\":[{\"@type\":\"ListItem\",\"position\":1,\"name\":\"Portada\",\"item\":\"https:\/\/fluxlasers.eu\/de\/startseite\/\"},{\"@type\":\"ListItem\",\"position\":2,\"name\":\"Shop\",\"item\":\"https:\/\/fluxlasers.eu\/de\/shop\/\"},{\"@type\":\"ListItem\",\"position\":3,\"name\":\"Experience Pack 3 mm\"}]},{\"@type\":\"WebSite\",\"@id\":\"https:\/\/fluxlasers.eu\/de\/#website\",\"url\":\"https:\/\/fluxlasers.eu\/de\/\",\"name\":\"Flux - Bomedia\",\"description\":\"Lasercutter und -gravierer\",\"publisher\":{\"@id\":\"https:\/\/fluxlasers.eu\/de\/#organization\"},\"potentialAction\":[{\"@type\":\"SearchAction\",\"target\":{\"@type\":\"EntryPoint\",\"urlTemplate\":\"https:\/\/fluxlasers.eu\/de\/?s={search_term_string}\"},\"query-input\":{\"@type\":\"PropertyValueSpecification\",\"valueRequired\":true,\"valueName\":\"search_term_string\"}}],\"inLanguage\":\"de\"},{\"@type\":\"Organization\",\"@id\":\"https:\/\/fluxlasers.eu\/de\/#organization\",\"name\":\"Fluxlasers Espa\u00f1a\",\"url\":\"https:\/\/fluxlasers.eu\/de\/\",\"logo\":{\"@type\":\"ImageObject\",\"inLanguage\":\"de\",\"@id\":\"https:\/\/fluxlasers.eu\/de\/#\/schema\/logo\/image\/\",\"url\":\"https:\/\/fluxlasers.eu\/wp-content\/uploads\/2021\/03\/logofluxspainc.png\",\"contentUrl\":\"https:\/\/fluxlasers.eu\/wp-content\/uploads\/2021\/03\/logofluxspainc.png\",\"width\":350,\"height\":217,\"caption\":\"Fluxlasers Espa\u00f1a\"},\"image\":{\"@id\":\"https:\/\/fluxlasers.eu\/de\/#\/schema\/logo\/image\/\"}}]}<\/script>\n<!-- \/ Yoast SEO plugin. -->","yoast_head_json":{"title":"Experience Pack \u2013 Materialien f\u00fcr CO2-Laserschneiden und -gravieren","description":"Experience Pack \u2013 Materialien f\u00fcr CO2-Laserschneiden und -gravieren. Alles, was Sie brauchen, um mit Ihrem FLUX-Lasercutter loszulegen","robots":{"index":"index","follow":"follow","max-snippet":"max-snippet:-1","max-image-preview":"max-image-preview:large","max-video-preview":"max-video-preview:-1"},"canonical":"https:\/\/fluxlasers.eu\/de\/produkt\/experience-pack-3-mm\/","og_locale":"de_DE","og_type":"article","og_title":"Experience Pack \u2013 Materialien f\u00fcr CO2-Laserschneiden und -gravieren","og_description":"Experience Pack \u2013 Materialien f\u00fcr CO2-Laserschneiden und -gravieren. Alles, was Sie brauchen, um mit Ihrem FLUX-Lasercutter loszulegen","og_url":"https:\/\/fluxlasers.eu\/de\/produkt\/experience-pack-3-mm\/","og_site_name":"Flux - Bomedia","og_image":[{"width":1800,"height":1783,"url":"https:\/\/fluxlasers.eu\/wp-content\/uploads\/2021\/07\/Experience-Pack-01-.jpg","type":"image\/jpeg"}],"twitter_card":"summary_large_image","twitter_misc":{"Gesch\u00e4tzte Lesezeit":"1\u00a0Minute"},"schema":{"@context":"https:\/\/schema.org","@graph":[{"@type":"WebPage","@id":"https:\/\/fluxlasers.eu\/de\/produkt\/experience-pack-3-mm\/","url":"https:\/\/fluxlasers.eu\/de\/produkt\/experience-pack-3-mm\/","name":"Experience Pack \u2013 Materialien f\u00fcr CO2-Laserschneiden und -gravieren","isPartOf":{"@id":"https:\/\/fluxlasers.eu\/de\/#website"},"primaryImageOfPage":{"@id":"https:\/\/fluxlasers.eu\/de\/produkt\/experience-pack-3-mm\/#primaryimage"},"image":{"@id":"https:\/\/fluxlasers.eu\/de\/produkt\/experience-pack-3-mm\/#primaryimage"},"thumbnailUrl":"https:\/\/fluxlasers.eu\/wp-content\/uploads\/2021\/07\/Experience-Pack-01-.jpg","datePublished":"2021-07-21T10:21:46+00:00","description":"Experience Pack \u2013 Materialien f\u00fcr CO2-Laserschneiden und -gravieren. Alles, was Sie brauchen, um mit Ihrem FLUX-Lasercutter loszulegen","breadcrumb":{"@id":"https:\/\/fluxlasers.eu\/de\/produkt\/experience-pack-3-mm\/#breadcrumb"},"inLanguage":"de","potentialAction":[{"@type":"ReadAction","target":["https:\/\/fluxlasers.eu\/de\/produkt\/experience-pack-3-mm\/"]}]},{"@type":"ImageObject","inLanguage":"de","@id":"https:\/\/fluxlasers.eu\/de\/produkt\/experience-pack-3-mm\/#primaryimage","url":"https:\/\/fluxlasers.eu\/wp-content\/uploads\/2021\/07\/Experience-Pack-01-.jpg","contentUrl":"https:\/\/fluxlasers.eu\/wp-content\/uploads\/2021\/07\/Experience-Pack-01-.jpg","width":1800,"height":1783,"caption":"Materiales corte y grabado l\u00e1ser"},{"@type":"BreadcrumbList","@id":"https:\/\/fluxlasers.eu\/de\/produkt\/experience-pack-3-mm\/#breadcrumb","itemListElement":[{"@type":"ListItem","position":1,"name":"Portada","item":"https:\/\/fluxlasers.eu\/de\/startseite\/"},{"@type":"ListItem","position":2,"name":"Shop","item":"https:\/\/fluxlasers.eu\/de\/shop\/"},{"@type":"ListItem","position":3,"name":"Experience Pack 3 mm"}]},{"@type":"WebSite","@id":"https:\/\/fluxlasers.eu\/de\/#website","url":"https:\/\/fluxlasers.eu\/de\/","name":"Flux - Bomedia","description":"Lasercutter und -gravierer","publisher":{"@id":"https:\/\/fluxlasers.eu\/de\/#organization"},"potentialAction":[{"@type":"SearchAction","target":{"@type":"EntryPoint","urlTemplate":"https:\/\/fluxlasers.eu\/de\/?s={search_term_string}"},"query-input":{"@type":"PropertyValueSpecification","valueRequired":true,"valueName":"search_term_string"}}],"inLanguage":"de"},{"@type":"Organization","@id":"https:\/\/fluxlasers.eu\/de\/#organization","name":"Fluxlasers Espa\u00f1a","url":"https:\/\/fluxlasers.eu\/de\/","logo":{"@type":"ImageObject","inLanguage":"de","@id":"https:\/\/fluxlasers.eu\/de\/#\/schema\/logo\/image\/","url":"https:\/\/fluxlasers.eu\/wp-content\/uploads\/2021\/03\/logofluxspainc.png","contentUrl":"https:\/\/fluxlasers.eu\/wp-content\/uploads\/2021\/03\/logofluxspainc.png","width":350,"height":217,"caption":"Fluxlasers Espa\u00f1a"},"image":{"@id":"https:\/\/fluxlasers.eu\/de\/#\/schema\/logo\/image\/"}}]}},"_links":{"self":[{"href":"https:\/\/fluxlasers.eu\/de\/wp-json\/wp\/v2\/product\/9218","targetHints":{"allow":["GET"]}}],"collection":[{"href":"https:\/\/fluxlasers.eu\/de\/wp-json\/wp\/v2\/product"}],"about":[{"href":"https:\/\/fluxlasers.eu\/de\/wp-json\/wp\/v2\/types\/product"}],"replies":[{"embeddable":true,"href":"https:\/\/fluxlasers.eu\/de\/wp-json\/wp\/v2\/comments?post=9218"}],"wp:featuredmedia":[{"embeddable":true,"href":"https:\/\/fluxlasers.eu\/de\/wp-json\/wp\/v2\/media\/1657"}],"wp:attachment":[{"href":"https:\/\/fluxlasers.eu\/de\/wp-json\/wp\/v2\/media?parent=9218"}],"wp:term":[{"taxonomy":"product_brand","embeddable":true,"href":"https:\/\/fluxlasers.eu\/de\/wp-json\/wp\/v2\/product_brand?post=9218"},{"taxonomy":"product_cat","embeddable":true,"href":"https:\/\/fluxlasers.eu\/de\/wp-json\/wp\/v2\/product_cat?post=9218"},{"taxonomy":"product_tag","embeddable":true,"href":"https:\/\/fluxlasers.eu\/de\/wp-json\/wp\/v2\/product_tag?post=9218"}],"curies":[{"name":"wp","href":"https:\/\/api.w.org\/{rel}","templated":true}]}}