{"id":8882,"date":"2020-01-30T04:21:36","date_gmt":"2020-01-30T03:21:36","guid":{"rendered":"https:\/\/fluxlasers.eu\/producto\/rotationsmodul-fuer-beamo\/"},"modified":"2020-01-30T04:21:36","modified_gmt":"2020-01-30T03:21:36","slug":"rotationsmodul-fuer-beamo","status":"publish","type":"product","link":"https:\/\/fluxlasers.eu\/de\/produkt\/rotationsmodul-fuer-beamo\/","title":{"rendered":"Rotationsmodul f\u00fcr Beamo"},"content":{"rendered":"<p>Mit diesem Zubeh\u00f6r k\u00f6nnen Sie mit Ihrem <a href=\"https:\/\/fluxlasers.eu\/producto\/beamo\/\">Beamo<\/a><\/p>\n<p>runde Objekte wie Gl\u00e4ser, Tassen, Kerzen usw. gravieren.<\/p>\n<p>Es ist sehr einfach zu installieren und zu verwenden, um auf runden Objekten zu gravieren.<\/p>\n<p>Das Zubeh\u00f6r dient als erweiterte Basis f\u00fcr Ihren Beamo und erh\u00f6ht die maximale Materialh\u00f6he von 45 mm auf 105 mm.<\/p>\n<p>Der Durchmesserbereich, den es aufnehmen kann, liegt bei 8 mm bis 90 mm \u2013 alles, vom Kugelschreiber bis zum 30-oz-Glas, ist Ihr Werkst\u00fcck.<\/p>\n<p><iframe loading=\"lazy\" title=\"beamo - Rotary Add-on\" width=\"750\" height=\"422\" src=\"https:\/\/www.youtube.com\/embed\/FMX-WhGx23c?feature=oembed\" frameborder=\"0\" allow=\"accelerometer; autoplay; clipboard-write; encrypted-media; gyroscope; picture-in-picture; web-share\" referrerpolicy=\"strict-origin-when-cross-origin\" allowfullscreen><\/iframe><\/p>\n","protected":false},"excerpt":{"rendered":"<p>Mit diesem Zubeh\u00f6r k\u00f6nnen Sie mit Ihrem <a href=\"https:\/\/fluxlasers.eu\/producto\/beamo\/\">Beamo<\/a> runde Objekte gravieren<\/p>\n","protected":false},"featured_media":1936,"comment_status":"open","ping_status":"closed","template":"","meta":[],"product_brand":[],"product_cat":[314,313],"product_tag":[],"class_list":{"0":"post-8882","1":"product","2":"type-product","3":"status-publish","4":"has-post-thumbnail","6":"product_cat-beamo-zubehor","7":"product_cat-zubehor","9":"first","10":"outofstock","11":"sale","12":"featured","13":"taxable","14":"shipping-taxable","15":"purchasable","16":"product-type-simple"},"yoast_head":"<!-- This site is optimized with the Yoast SEO plugin v27.0 - https:\/\/yoast.com\/product\/yoast-seo-wordpress\/ -->\n<title>Rotationsmodul f\u00fcr Beamo - Flux - Bomedia<\/title>\n<meta name=\"robots\" content=\"index, follow, max-snippet:-1, max-image-preview:large, max-video-preview:-1\" \/>\n<link rel=\"canonical\" href=\"https:\/\/fluxlasers.eu\/de\/produkt\/rotationsmodul-fuer-beamo\/\" \/>\n<meta property=\"og:locale\" content=\"de_DE\" \/>\n<meta property=\"og:type\" content=\"article\" \/>\n<meta property=\"og:title\" content=\"Rotationsmodul f\u00fcr Beamo - Flux - Bomedia\" \/>\n<meta property=\"og:description\" content=\"Mit diesem Zubeh\u00f6r k\u00f6nnen Sie mit Ihrem Beamo runde Objekte gravieren\" \/>\n<meta property=\"og:url\" content=\"https:\/\/fluxlasers.eu\/de\/produkt\/rotationsmodul-fuer-beamo\/\" \/>\n<meta property=\"og:site_name\" content=\"Flux - Bomedia\" \/>\n<meta property=\"og:image\" content=\"https:\/\/fluxlasers.eu\/wp-content\/uploads\/2020\/01\/rotarybeamo.jpeg\" \/>\n\t<meta property=\"og:image:width\" content=\"1001\" \/>\n\t<meta property=\"og:image:height\" content=\"1001\" \/>\n\t<meta property=\"og:image:type\" content=\"image\/jpeg\" \/>\n<meta name=\"twitter:card\" content=\"summary_large_image\" \/>\n<script type=\"application\/ld+json\" class=\"yoast-schema-graph\">{\"@context\":\"https:\/\/schema.org\",\"@graph\":[{\"@type\":\"WebPage\",\"@id\":\"https:\/\/fluxlasers.eu\/de\/produkt\/rotationsmodul-fuer-beamo\/\",\"url\":\"https:\/\/fluxlasers.eu\/de\/produkt\/rotationsmodul-fuer-beamo\/\",\"name\":\"Rotationsmodul f\u00fcr Beamo - Flux - Bomedia\",\"isPartOf\":{\"@id\":\"https:\/\/fluxlasers.eu\/de\/#website\"},\"primaryImageOfPage\":{\"@id\":\"https:\/\/fluxlasers.eu\/de\/produkt\/rotationsmodul-fuer-beamo\/#primaryimage\"},\"image\":{\"@id\":\"https:\/\/fluxlasers.eu\/de\/produkt\/rotationsmodul-fuer-beamo\/#primaryimage\"},\"thumbnailUrl\":\"https:\/\/fluxlasers.eu\/wp-content\/uploads\/2020\/01\/rotarybeamo.jpeg\",\"datePublished\":\"2020-01-30T03:21:36+00:00\",\"breadcrumb\":{\"@id\":\"https:\/\/fluxlasers.eu\/de\/produkt\/rotationsmodul-fuer-beamo\/#breadcrumb\"},\"inLanguage\":\"de\",\"potentialAction\":[{\"@type\":\"ReadAction\",\"target\":[\"https:\/\/fluxlasers.eu\/de\/produkt\/rotationsmodul-fuer-beamo\/\"]}]},{\"@type\":\"ImageObject\",\"inLanguage\":\"de\",\"@id\":\"https:\/\/fluxlasers.eu\/de\/produkt\/rotationsmodul-fuer-beamo\/#primaryimage\",\"url\":\"https:\/\/fluxlasers.eu\/wp-content\/uploads\/2020\/01\/rotarybeamo.jpeg\",\"contentUrl\":\"https:\/\/fluxlasers.eu\/wp-content\/uploads\/2020\/01\/rotarybeamo.jpeg\",\"width\":1001,\"height\":1001},{\"@type\":\"BreadcrumbList\",\"@id\":\"https:\/\/fluxlasers.eu\/de\/produkt\/rotationsmodul-fuer-beamo\/#breadcrumb\",\"itemListElement\":[{\"@type\":\"ListItem\",\"position\":1,\"name\":\"Portada\",\"item\":\"https:\/\/fluxlasers.eu\/de\/startseite\/\"},{\"@type\":\"ListItem\",\"position\":2,\"name\":\"Shop\",\"item\":\"https:\/\/fluxlasers.eu\/de\/shop\/\"},{\"@type\":\"ListItem\",\"position\":3,\"name\":\"Rotationsmodul f\u00fcr Beamo\"}]},{\"@type\":\"WebSite\",\"@id\":\"https:\/\/fluxlasers.eu\/de\/#website\",\"url\":\"https:\/\/fluxlasers.eu\/de\/\",\"name\":\"Flux - Bomedia\",\"description\":\"Lasercutter und -gravierer\",\"publisher\":{\"@id\":\"https:\/\/fluxlasers.eu\/de\/#organization\"},\"potentialAction\":[{\"@type\":\"SearchAction\",\"target\":{\"@type\":\"EntryPoint\",\"urlTemplate\":\"https:\/\/fluxlasers.eu\/de\/?s={search_term_string}\"},\"query-input\":{\"@type\":\"PropertyValueSpecification\",\"valueRequired\":true,\"valueName\":\"search_term_string\"}}],\"inLanguage\":\"de\"},{\"@type\":\"Organization\",\"@id\":\"https:\/\/fluxlasers.eu\/de\/#organization\",\"name\":\"Fluxlasers Espa\u00f1a\",\"url\":\"https:\/\/fluxlasers.eu\/de\/\",\"logo\":{\"@type\":\"ImageObject\",\"inLanguage\":\"de\",\"@id\":\"https:\/\/fluxlasers.eu\/de\/#\/schema\/logo\/image\/\",\"url\":\"https:\/\/fluxlasers.eu\/wp-content\/uploads\/2021\/03\/logofluxspainc.png\",\"contentUrl\":\"https:\/\/fluxlasers.eu\/wp-content\/uploads\/2021\/03\/logofluxspainc.png\",\"width\":350,\"height\":217,\"caption\":\"Fluxlasers Espa\u00f1a\"},\"image\":{\"@id\":\"https:\/\/fluxlasers.eu\/de\/#\/schema\/logo\/image\/\"}}]}<\/script>\n<!-- \/ Yoast SEO plugin. -->","yoast_head_json":{"title":"Rotationsmodul f\u00fcr Beamo - Flux - Bomedia","robots":{"index":"index","follow":"follow","max-snippet":"max-snippet:-1","max-image-preview":"max-image-preview:large","max-video-preview":"max-video-preview:-1"},"canonical":"https:\/\/fluxlasers.eu\/de\/produkt\/rotationsmodul-fuer-beamo\/","og_locale":"de_DE","og_type":"article","og_title":"Rotationsmodul f\u00fcr Beamo - Flux - Bomedia","og_description":"Mit diesem Zubeh\u00f6r k\u00f6nnen Sie mit Ihrem Beamo runde Objekte gravieren","og_url":"https:\/\/fluxlasers.eu\/de\/produkt\/rotationsmodul-fuer-beamo\/","og_site_name":"Flux - Bomedia","og_image":[{"width":1001,"height":1001,"url":"https:\/\/fluxlasers.eu\/wp-content\/uploads\/2020\/01\/rotarybeamo.jpeg","type":"image\/jpeg"}],"twitter_card":"summary_large_image","schema":{"@context":"https:\/\/schema.org","@graph":[{"@type":"WebPage","@id":"https:\/\/fluxlasers.eu\/de\/produkt\/rotationsmodul-fuer-beamo\/","url":"https:\/\/fluxlasers.eu\/de\/produkt\/rotationsmodul-fuer-beamo\/","name":"Rotationsmodul f\u00fcr Beamo - Flux - Bomedia","isPartOf":{"@id":"https:\/\/fluxlasers.eu\/de\/#website"},"primaryImageOfPage":{"@id":"https:\/\/fluxlasers.eu\/de\/produkt\/rotationsmodul-fuer-beamo\/#primaryimage"},"image":{"@id":"https:\/\/fluxlasers.eu\/de\/produkt\/rotationsmodul-fuer-beamo\/#primaryimage"},"thumbnailUrl":"https:\/\/fluxlasers.eu\/wp-content\/uploads\/2020\/01\/rotarybeamo.jpeg","datePublished":"2020-01-30T03:21:36+00:00","breadcrumb":{"@id":"https:\/\/fluxlasers.eu\/de\/produkt\/rotationsmodul-fuer-beamo\/#breadcrumb"},"inLanguage":"de","potentialAction":[{"@type":"ReadAction","target":["https:\/\/fluxlasers.eu\/de\/produkt\/rotationsmodul-fuer-beamo\/"]}]},{"@type":"ImageObject","inLanguage":"de","@id":"https:\/\/fluxlasers.eu\/de\/produkt\/rotationsmodul-fuer-beamo\/#primaryimage","url":"https:\/\/fluxlasers.eu\/wp-content\/uploads\/2020\/01\/rotarybeamo.jpeg","contentUrl":"https:\/\/fluxlasers.eu\/wp-content\/uploads\/2020\/01\/rotarybeamo.jpeg","width":1001,"height":1001},{"@type":"BreadcrumbList","@id":"https:\/\/fluxlasers.eu\/de\/produkt\/rotationsmodul-fuer-beamo\/#breadcrumb","itemListElement":[{"@type":"ListItem","position":1,"name":"Portada","item":"https:\/\/fluxlasers.eu\/de\/startseite\/"},{"@type":"ListItem","position":2,"name":"Shop","item":"https:\/\/fluxlasers.eu\/de\/shop\/"},{"@type":"ListItem","position":3,"name":"Rotationsmodul f\u00fcr Beamo"}]},{"@type":"WebSite","@id":"https:\/\/fluxlasers.eu\/de\/#website","url":"https:\/\/fluxlasers.eu\/de\/","name":"Flux - Bomedia","description":"Lasercutter und -gravierer","publisher":{"@id":"https:\/\/fluxlasers.eu\/de\/#organization"},"potentialAction":[{"@type":"SearchAction","target":{"@type":"EntryPoint","urlTemplate":"https:\/\/fluxlasers.eu\/de\/?s={search_term_string}"},"query-input":{"@type":"PropertyValueSpecification","valueRequired":true,"valueName":"search_term_string"}}],"inLanguage":"de"},{"@type":"Organization","@id":"https:\/\/fluxlasers.eu\/de\/#organization","name":"Fluxlasers Espa\u00f1a","url":"https:\/\/fluxlasers.eu\/de\/","logo":{"@type":"ImageObject","inLanguage":"de","@id":"https:\/\/fluxlasers.eu\/de\/#\/schema\/logo\/image\/","url":"https:\/\/fluxlasers.eu\/wp-content\/uploads\/2021\/03\/logofluxspainc.png","contentUrl":"https:\/\/fluxlasers.eu\/wp-content\/uploads\/2021\/03\/logofluxspainc.png","width":350,"height":217,"caption":"Fluxlasers Espa\u00f1a"},"image":{"@id":"https:\/\/fluxlasers.eu\/de\/#\/schema\/logo\/image\/"}}]}},"_links":{"self":[{"href":"https:\/\/fluxlasers.eu\/de\/wp-json\/wp\/v2\/product\/8882","targetHints":{"allow":["GET"]}}],"collection":[{"href":"https:\/\/fluxlasers.eu\/de\/wp-json\/wp\/v2\/product"}],"about":[{"href":"https:\/\/fluxlasers.eu\/de\/wp-json\/wp\/v2\/types\/product"}],"replies":[{"embeddable":true,"href":"https:\/\/fluxlasers.eu\/de\/wp-json\/wp\/v2\/comments?post=8882"}],"wp:featuredmedia":[{"embeddable":true,"href":"https:\/\/fluxlasers.eu\/de\/wp-json\/wp\/v2\/media\/1936"}],"wp:attachment":[{"href":"https:\/\/fluxlasers.eu\/de\/wp-json\/wp\/v2\/media?parent=8882"}],"wp:term":[{"taxonomy":"product_brand","embeddable":true,"href":"https:\/\/fluxlasers.eu\/de\/wp-json\/wp\/v2\/product_brand?post=8882"},{"taxonomy":"product_cat","embeddable":true,"href":"https:\/\/fluxlasers.eu\/de\/wp-json\/wp\/v2\/product_cat?post=8882"},{"taxonomy":"product_tag","embeddable":true,"href":"https:\/\/fluxlasers.eu\/de\/wp-json\/wp\/v2\/product_tag?post=8882"}],"curies":[{"name":"wp","href":"https:\/\/api.w.org\/{rel}","templated":true}]}}