{"id":8797,"date":"2025-12-11T10:32:03","date_gmt":"2025-12-11T09:32:03","guid":{"rendered":"https:\/\/fluxlasers.eu\/producto\/chuck-rotary-add-on-hexa\/"},"modified":"2025-12-11T10:32:03","modified_gmt":"2025-12-11T09:32:03","slug":"chuck-rotary-add-on-hexa","status":"publish","type":"product","link":"https:\/\/fluxlasers.eu\/de\/produkt\/chuck-rotary-add-on-hexa\/","title":{"rendered":"Chuck Rotary Add-on \u2013 Hexa"},"content":{"rendered":"<h3 style=\"text-align: center;\" data-start=\"248\" data-end=\"314\">Professionelle Rotationsgravur f\u00fcr Zylinder, Ringe und Kugeln<\/h3>\n<p style=\"text-align: center;\" data-start=\"316\" data-end=\"719\">Das <strong data-start=\"319\" data-end=\"347\">HEXA Chuck Rotary Add-on<\/strong> erweitert die Funktionen Ihres FLUX HEXA entscheidend und erm\u00f6glicht Ihnen eine 360\u00b0-Rotationsgravur auf zylindrischen Objekten, Ringen und Kugeln mit makelloser Pr\u00e4zision. Ausgestattet mit geraden, L-f\u00f6rmigen und sechseckigen Spannbacken, passt es sich m\u00fchelos an verschiedene Durchmesser und Geometrien an und bietet stabilen Halt sowie ein professionelles Finish f\u00fcr jedes Projekt. <\/p>\n<p style=\"text-align: center;\" data-start=\"721\" data-end=\"920\">Es ist das ideale Werkzeug zur Personalisierung von Flaschen, Thermobechern, Gl\u00e4sern, Werkzeugen, technischen Zylinderteilen, Dekokugeln und einer Vielzahl weiterer kommerzieller oder handwerklicher Produkte.<\/p>\n<hr data-start=\"922\" data-end=\"925\">\n<h2 style=\"text-align: center;\" data-start=\"927\" data-end=\"966\"><strong data-start=\"930\" data-end=\"966\">Vielseitigkeit in Form und Gr\u00f6\u00dfe<\/strong><\/h2>\n<p style=\"text-align: center;\" data-start=\"968\" data-end=\"1124\">Das Chuck Rotary f\u00fcr HEXA erm\u00f6glicht einen Gravurdurchmesser f\u00fcr Zylinder von <strong data-start=\"1043\" data-end=\"1056\">1 bis 70 mm<\/strong>, f\u00fcr Ringe von <strong data-start=\"1074\" data-end=\"1088\">11 bis 70 mm<\/strong> und f\u00fcr Kugeln von <strong data-start=\"1107\" data-end=\"1121\">25 bis 70 mm<\/strong>.<\/p>\n<p style=\"text-align: center;\" data-start=\"1126\" data-end=\"1323\">Seine <strong data-start=\"1129\" data-end=\"1169\">maximale Gravurl\u00e4nge von 610 mm<\/strong> macht es zur idealen L\u00f6sung f\u00fcr die Bearbeitung langer Werkst\u00fccke wie Weinflaschen, l\u00e4ngliche Gef\u00e4\u00dfe oder gr\u00f6\u00dfere Designelemente.<\/p>\n<p style=\"text-align: center;\" data-start=\"1325\" data-end=\"1461\">Zudem bietet sein Neigungswinkel von <strong data-start=\"1361\" data-end=\"1376\">\u201330\u00b0 bis 180\u00b0<\/strong> einen zus\u00e4tzlichen Bereich, um das Werkst\u00fcck im perfekten Arbeitswinkel zu positionieren.<\/p>\n<hr data-start=\"1463\" data-end=\"1466\">\n<h2 style=\"text-align: center;\" data-start=\"1468\" data-end=\"1526\"><strong data-start=\"1471\" data-end=\"1526\">Entwickelt f\u00fcr lange Projekte und spezielle Objekte<\/strong><\/h2>\n<p style=\"text-align: center;\" data-start=\"1528\" data-end=\"1760\">F\u00fcr sehr lange Objekte \u2013 wie Weingl\u00e4ser, hohe Flaschen oder sogar Baseballschl\u00e4ger \u2013 wird die Kombination mit der <a href=\"https:\/\/fluxlasers.eu\/de\/producto\/rotary-support-tower-add-on-chuck-rotary\/\"><strong data-start=\"1651\" data-end=\"1675\">Rotary Support Tower<\/strong><\/a> empfohlen, die einen zus\u00e4tzlichen St\u00fctzpunkt bietet und eine stabile Rotation ohne Vibrationen garantiert.<\/p>\n<hr data-start=\"1762\" data-end=\"1765\">\n<h2 style=\"text-align: center;\" data-start=\"1767\" data-end=\"1826\"><strong data-start=\"1770\" data-end=\"1826\">Technische Spezifikationen \u2014 HEXA Chuck Rotary Add-on<\/strong><\/h2>\n<p style=\"text-align: center;\" data-start=\"1828\" data-end=\"2122\">Abmessungen: 300 \u00d7 103 \u00d7 125 mm<br data-start=\"1859\" data-end=\"1862\">Gewicht: 1,65 kg<br data-start=\"1875\" data-end=\"1878\">Maximales Spanngewicht: 1,50 kg<br data-start=\"1910\" data-end=\"1913\">Neigungswinkel: \u201330\u00b0 bis 180\u00b0<br data-start=\"1947\" data-end=\"1950\">Gravurdurchmesser f\u00fcr Zylinder: 1\u201370 mm<br data-start=\"1993\" data-end=\"1996\">Gravurdurchmesser f\u00fcr Ringe: 11\u201370 mm<br data-start=\"2038\" data-end=\"2041\">Gravurdurchmesser f\u00fcr Kugeln: 25\u201370 mm<br data-start=\"2083\" data-end=\"2086\">Maximale Gravurl\u00e4nge: 610 mm<\/p>\n","protected":false},"excerpt":{"rendered":"<p>Das <strong data-start=\"2183\" data-end=\"2211\">HEXA Chuck Rotary Add-on<\/strong> erm\u00f6glicht 360\u00b0-Rotationsgravuren auf Zylindern, Ringen und Kugeln mit Durchmessern von bis zu 70 mm und L\u00e4ngen von bis zu 610 mm. Seine austauschbaren Spannbacken garantieren pr\u00e4zisen Halt f\u00fcr zahlreiche Formen und es kann mit der <strong data-start=\"2439\" data-end=\"2463\">Rotary Support Tower<\/strong> kombiniert werden, um bei langen Objekten perfekte Stabilit\u00e4t zu gew\u00e4hrleisten. <\/p>\n","protected":false},"featured_media":4317,"comment_status":"closed","ping_status":"closed","template":"","meta":[],"product_brand":[],"product_cat":[326,313],"product_tag":[],"class_list":{"0":"post-8797","1":"product","2":"type-product","3":"status-publish","4":"has-post-thumbnail","6":"product_cat-hexa-zubehor","7":"product_cat-zubehor","9":"first","10":"instock","11":"taxable","12":"shipping-taxable","13":"purchasable","14":"product-type-simple"},"yoast_head":"<!-- This site is optimized with the Yoast SEO plugin v27.0 - https:\/\/yoast.com\/product\/yoast-seo-wordpress\/ -->\n<title>Chuck Rotary Add-on \u2013 Hexa - Flux - Bomedia<\/title>\n<meta name=\"robots\" content=\"index, follow, max-snippet:-1, max-image-preview:large, max-video-preview:-1\" \/>\n<link rel=\"canonical\" href=\"https:\/\/fluxlasers.eu\/de\/produkt\/chuck-rotary-add-on-hexa\/\" \/>\n<meta property=\"og:locale\" content=\"de_DE\" \/>\n<meta property=\"og:type\" content=\"article\" \/>\n<meta property=\"og:title\" content=\"Chuck Rotary Add-on \u2013 Hexa - Flux - Bomedia\" \/>\n<meta property=\"og:description\" content=\"Das HEXA Chuck Rotary Add-on erm\u00f6glicht 360\u00b0-Rotationsgravuren auf Zylindern, Ringen und Kugeln mit Durchmessern von bis zu 70 mm und L\u00e4ngen von bis zu 610 mm. Seine austauschbaren Spannbacken garantieren pr\u00e4zisen Halt f\u00fcr zahlreiche Formen und es kann mit der Rotary Support Tower kombiniert werden, um bei langen Objekten perfekte Stabilit\u00e4t zu gew\u00e4hrleisten.\" \/>\n<meta property=\"og:url\" content=\"https:\/\/fluxlasers.eu\/de\/produkt\/chuck-rotary-add-on-hexa\/\" \/>\n<meta property=\"og:site_name\" content=\"Flux - Bomedia\" \/>\n<meta property=\"og:image\" content=\"https:\/\/fluxlasers.eu\/wp-content\/uploads\/2025\/12\/HEXA_07454279-f63a-4159-b5ee-6858611469bd.png\" \/>\n\t<meta property=\"og:image:width\" content=\"823\" \/>\n\t<meta property=\"og:image:height\" content=\"823\" \/>\n\t<meta property=\"og:image:type\" content=\"image\/png\" \/>\n<meta name=\"twitter:card\" content=\"summary_large_image\" \/>\n<meta name=\"twitter:label1\" content=\"Gesch\u00e4tzte Lesezeit\" \/>\n\t<meta name=\"twitter:data1\" content=\"1\u00a0Minute\" \/>\n<script type=\"application\/ld+json\" class=\"yoast-schema-graph\">{\"@context\":\"https:\/\/schema.org\",\"@graph\":[{\"@type\":\"WebPage\",\"@id\":\"https:\/\/fluxlasers.eu\/de\/produkt\/chuck-rotary-add-on-hexa\/\",\"url\":\"https:\/\/fluxlasers.eu\/de\/produkt\/chuck-rotary-add-on-hexa\/\",\"name\":\"Chuck Rotary Add-on \u2013 Hexa - Flux - Bomedia\",\"isPartOf\":{\"@id\":\"https:\/\/fluxlasers.eu\/de\/#website\"},\"primaryImageOfPage\":{\"@id\":\"https:\/\/fluxlasers.eu\/de\/produkt\/chuck-rotary-add-on-hexa\/#primaryimage\"},\"image\":{\"@id\":\"https:\/\/fluxlasers.eu\/de\/produkt\/chuck-rotary-add-on-hexa\/#primaryimage\"},\"thumbnailUrl\":\"https:\/\/fluxlasers.eu\/wp-content\/uploads\/2025\/12\/HEXA_07454279-f63a-4159-b5ee-6858611469bd.png\",\"datePublished\":\"2025-12-11T09:32:03+00:00\",\"breadcrumb\":{\"@id\":\"https:\/\/fluxlasers.eu\/de\/produkt\/chuck-rotary-add-on-hexa\/#breadcrumb\"},\"inLanguage\":\"de\",\"potentialAction\":[{\"@type\":\"ReadAction\",\"target\":[\"https:\/\/fluxlasers.eu\/de\/produkt\/chuck-rotary-add-on-hexa\/\"]}]},{\"@type\":\"ImageObject\",\"inLanguage\":\"de\",\"@id\":\"https:\/\/fluxlasers.eu\/de\/produkt\/chuck-rotary-add-on-hexa\/#primaryimage\",\"url\":\"https:\/\/fluxlasers.eu\/wp-content\/uploads\/2025\/12\/HEXA_07454279-f63a-4159-b5ee-6858611469bd.png\",\"contentUrl\":\"https:\/\/fluxlasers.eu\/wp-content\/uploads\/2025\/12\/HEXA_07454279-f63a-4159-b5ee-6858611469bd.png\",\"width\":823,\"height\":823},{\"@type\":\"BreadcrumbList\",\"@id\":\"https:\/\/fluxlasers.eu\/de\/produkt\/chuck-rotary-add-on-hexa\/#breadcrumb\",\"itemListElement\":[{\"@type\":\"ListItem\",\"position\":1,\"name\":\"Portada\",\"item\":\"https:\/\/fluxlasers.eu\/de\/startseite\/\"},{\"@type\":\"ListItem\",\"position\":2,\"name\":\"Shop\",\"item\":\"https:\/\/fluxlasers.eu\/de\/shop\/\"},{\"@type\":\"ListItem\",\"position\":3,\"name\":\"Chuck Rotary Add-on \u2013 Hexa\"}]},{\"@type\":\"WebSite\",\"@id\":\"https:\/\/fluxlasers.eu\/de\/#website\",\"url\":\"https:\/\/fluxlasers.eu\/de\/\",\"name\":\"Flux - Bomedia\",\"description\":\"Lasercutter und -gravierer\",\"publisher\":{\"@id\":\"https:\/\/fluxlasers.eu\/de\/#organization\"},\"potentialAction\":[{\"@type\":\"SearchAction\",\"target\":{\"@type\":\"EntryPoint\",\"urlTemplate\":\"https:\/\/fluxlasers.eu\/de\/?s={search_term_string}\"},\"query-input\":{\"@type\":\"PropertyValueSpecification\",\"valueRequired\":true,\"valueName\":\"search_term_string\"}}],\"inLanguage\":\"de\"},{\"@type\":\"Organization\",\"@id\":\"https:\/\/fluxlasers.eu\/de\/#organization\",\"name\":\"Fluxlasers Espa\u00f1a\",\"url\":\"https:\/\/fluxlasers.eu\/de\/\",\"logo\":{\"@type\":\"ImageObject\",\"inLanguage\":\"de\",\"@id\":\"https:\/\/fluxlasers.eu\/de\/#\/schema\/logo\/image\/\",\"url\":\"https:\/\/fluxlasers.eu\/wp-content\/uploads\/2021\/03\/logofluxspainc.png\",\"contentUrl\":\"https:\/\/fluxlasers.eu\/wp-content\/uploads\/2021\/03\/logofluxspainc.png\",\"width\":350,\"height\":217,\"caption\":\"Fluxlasers Espa\u00f1a\"},\"image\":{\"@id\":\"https:\/\/fluxlasers.eu\/de\/#\/schema\/logo\/image\/\"}}]}<\/script>\n<!-- \/ Yoast SEO plugin. -->","yoast_head_json":{"title":"Chuck Rotary Add-on \u2013 Hexa - Flux - Bomedia","robots":{"index":"index","follow":"follow","max-snippet":"max-snippet:-1","max-image-preview":"max-image-preview:large","max-video-preview":"max-video-preview:-1"},"canonical":"https:\/\/fluxlasers.eu\/de\/produkt\/chuck-rotary-add-on-hexa\/","og_locale":"de_DE","og_type":"article","og_title":"Chuck Rotary Add-on \u2013 Hexa - Flux - Bomedia","og_description":"Das HEXA Chuck Rotary Add-on erm\u00f6glicht 360\u00b0-Rotationsgravuren auf Zylindern, Ringen und Kugeln mit Durchmessern von bis zu 70 mm und L\u00e4ngen von bis zu 610 mm. Seine austauschbaren Spannbacken garantieren pr\u00e4zisen Halt f\u00fcr zahlreiche Formen und es kann mit der Rotary Support Tower kombiniert werden, um bei langen Objekten perfekte Stabilit\u00e4t zu gew\u00e4hrleisten.","og_url":"https:\/\/fluxlasers.eu\/de\/produkt\/chuck-rotary-add-on-hexa\/","og_site_name":"Flux - Bomedia","og_image":[{"width":823,"height":823,"url":"https:\/\/fluxlasers.eu\/wp-content\/uploads\/2025\/12\/HEXA_07454279-f63a-4159-b5ee-6858611469bd.png","type":"image\/png"}],"twitter_card":"summary_large_image","twitter_misc":{"Gesch\u00e4tzte Lesezeit":"1\u00a0Minute"},"schema":{"@context":"https:\/\/schema.org","@graph":[{"@type":"WebPage","@id":"https:\/\/fluxlasers.eu\/de\/produkt\/chuck-rotary-add-on-hexa\/","url":"https:\/\/fluxlasers.eu\/de\/produkt\/chuck-rotary-add-on-hexa\/","name":"Chuck Rotary Add-on \u2013 Hexa - Flux - Bomedia","isPartOf":{"@id":"https:\/\/fluxlasers.eu\/de\/#website"},"primaryImageOfPage":{"@id":"https:\/\/fluxlasers.eu\/de\/produkt\/chuck-rotary-add-on-hexa\/#primaryimage"},"image":{"@id":"https:\/\/fluxlasers.eu\/de\/produkt\/chuck-rotary-add-on-hexa\/#primaryimage"},"thumbnailUrl":"https:\/\/fluxlasers.eu\/wp-content\/uploads\/2025\/12\/HEXA_07454279-f63a-4159-b5ee-6858611469bd.png","datePublished":"2025-12-11T09:32:03+00:00","breadcrumb":{"@id":"https:\/\/fluxlasers.eu\/de\/produkt\/chuck-rotary-add-on-hexa\/#breadcrumb"},"inLanguage":"de","potentialAction":[{"@type":"ReadAction","target":["https:\/\/fluxlasers.eu\/de\/produkt\/chuck-rotary-add-on-hexa\/"]}]},{"@type":"ImageObject","inLanguage":"de","@id":"https:\/\/fluxlasers.eu\/de\/produkt\/chuck-rotary-add-on-hexa\/#primaryimage","url":"https:\/\/fluxlasers.eu\/wp-content\/uploads\/2025\/12\/HEXA_07454279-f63a-4159-b5ee-6858611469bd.png","contentUrl":"https:\/\/fluxlasers.eu\/wp-content\/uploads\/2025\/12\/HEXA_07454279-f63a-4159-b5ee-6858611469bd.png","width":823,"height":823},{"@type":"BreadcrumbList","@id":"https:\/\/fluxlasers.eu\/de\/produkt\/chuck-rotary-add-on-hexa\/#breadcrumb","itemListElement":[{"@type":"ListItem","position":1,"name":"Portada","item":"https:\/\/fluxlasers.eu\/de\/startseite\/"},{"@type":"ListItem","position":2,"name":"Shop","item":"https:\/\/fluxlasers.eu\/de\/shop\/"},{"@type":"ListItem","position":3,"name":"Chuck Rotary Add-on \u2013 Hexa"}]},{"@type":"WebSite","@id":"https:\/\/fluxlasers.eu\/de\/#website","url":"https:\/\/fluxlasers.eu\/de\/","name":"Flux - Bomedia","description":"Lasercutter und -gravierer","publisher":{"@id":"https:\/\/fluxlasers.eu\/de\/#organization"},"potentialAction":[{"@type":"SearchAction","target":{"@type":"EntryPoint","urlTemplate":"https:\/\/fluxlasers.eu\/de\/?s={search_term_string}"},"query-input":{"@type":"PropertyValueSpecification","valueRequired":true,"valueName":"search_term_string"}}],"inLanguage":"de"},{"@type":"Organization","@id":"https:\/\/fluxlasers.eu\/de\/#organization","name":"Fluxlasers Espa\u00f1a","url":"https:\/\/fluxlasers.eu\/de\/","logo":{"@type":"ImageObject","inLanguage":"de","@id":"https:\/\/fluxlasers.eu\/de\/#\/schema\/logo\/image\/","url":"https:\/\/fluxlasers.eu\/wp-content\/uploads\/2021\/03\/logofluxspainc.png","contentUrl":"https:\/\/fluxlasers.eu\/wp-content\/uploads\/2021\/03\/logofluxspainc.png","width":350,"height":217,"caption":"Fluxlasers Espa\u00f1a"},"image":{"@id":"https:\/\/fluxlasers.eu\/de\/#\/schema\/logo\/image\/"}}]}},"_links":{"self":[{"href":"https:\/\/fluxlasers.eu\/de\/wp-json\/wp\/v2\/product\/8797","targetHints":{"allow":["GET"]}}],"collection":[{"href":"https:\/\/fluxlasers.eu\/de\/wp-json\/wp\/v2\/product"}],"about":[{"href":"https:\/\/fluxlasers.eu\/de\/wp-json\/wp\/v2\/types\/product"}],"replies":[{"embeddable":true,"href":"https:\/\/fluxlasers.eu\/de\/wp-json\/wp\/v2\/comments?post=8797"}],"wp:featuredmedia":[{"embeddable":true,"href":"https:\/\/fluxlasers.eu\/de\/wp-json\/wp\/v2\/media\/4317"}],"wp:attachment":[{"href":"https:\/\/fluxlasers.eu\/de\/wp-json\/wp\/v2\/media?parent=8797"}],"wp:term":[{"taxonomy":"product_brand","embeddable":true,"href":"https:\/\/fluxlasers.eu\/de\/wp-json\/wp\/v2\/product_brand?post=8797"},{"taxonomy":"product_cat","embeddable":true,"href":"https:\/\/fluxlasers.eu\/de\/wp-json\/wp\/v2\/product_cat?post=8797"},{"taxonomy":"product_tag","embeddable":true,"href":"https:\/\/fluxlasers.eu\/de\/wp-json\/wp\/v2\/product_tag?post=8797"}],"curies":[{"name":"wp","href":"https:\/\/api.w.org\/{rel}","templated":true}]}}