{"id":8785,"date":"2025-12-11T10:03:48","date_gmt":"2025-12-11T09:03:48","guid":{"rendered":"https:\/\/fluxlasers.eu\/producto\/chuck-rotary-add-on-ador\/"},"modified":"2025-12-11T10:03:48","modified_gmt":"2025-12-11T09:03:48","slug":"chuck-rotary-add-on-ador","status":"publish","type":"product","link":"https:\/\/fluxlasers.eu\/de\/produkt\/chuck-rotary-add-on-ador\/","title":{"rendered":"Chuck Rotary Add-on \u2013 Ador"},"content":{"rendered":"<h2 style=\"text-align: center;\" data-start=\"122\" data-end=\"157\"><strong data-start=\"125\" data-end=\"155\">Ador \u2013 Chuck Rotary Add-on<\/strong><\/h2>\n<h3 style=\"text-align: center;\" data-start=\"158\" data-end=\"208\">360\u00b0-Gravur f\u00fcr Zylinder, Ringe und Kugeln<\/h3>\n<p style=\"text-align: center;\" data-start=\"210\" data-end=\"573\">Das <strong data-start=\"213\" data-end=\"246\">Chuck Rotary Add-on f\u00fcr Ador<\/strong> verwandelt Ihre Maschine in eine professionelle Rotationsgravurl\u00f6sung, die es Ihnen erm\u00f6glicht, zylindrische Objekte, Ringe und Kugeln in 360\u00b0 zu bearbeiten. Dank seiner austauschbaren Backen \u2013 gerade, L-f\u00f6rmig und hexagonal \u2013 passt es sich verschiedenen Durchmessern und Formen an und bietet bei jeder Drehung einen festen Halt und pr\u00e4zise Ergebnisse. <\/p>\n<p style=\"text-align: center;\" data-start=\"575\" data-end=\"760\">Es ist ideal zum Personalisieren von Flaschen, Thermobechern, Gl\u00e4sern, Ringen, Dekokugeln und technischen Teilen und erweitert die kreativen und kommerziellen M\u00f6glichkeiten von Ador erheblich.<\/p>\n<hr data-start=\"762\" data-end=\"765\">\n<h3 style=\"text-align: center;\" data-start=\"767\" data-end=\"809\">Volle Vielseitigkeit bei Gr\u00f6\u00dfen und Formen<\/h3>\n<p style=\"text-align: center;\" data-start=\"811\" data-end=\"1136\">Das Chuck Rotary f\u00fcr Ador erm\u00f6glicht einen Gravurdurchmesser f\u00fcr zylindrische Objekte von 1 bis 130 mm, einen Durchmesser f\u00fcr Ringe von 11 bis 130 mm und einen Durchmesser f\u00fcr Kugeln von 25 bis 130 mm. Die maximale Gravurl\u00e4nge betr\u00e4gt 325 mm, ausreichend f\u00fcr die bequeme Bearbeitung langer Teile wie Flaschen oder gro\u00dfformatiger Beh\u00e4lter. <\/p>\n<p style=\"text-align: center;\" data-start=\"1138\" data-end=\"1264\">Mit einem Neigungswinkel von \u201330\u00b0 bis 180\u00b0 bietet es noch mehr Flexibilit\u00e4t bei der Positionierung des Werkst\u00fccks und der Anpassung des Designs.<\/p>\n<hr data-start=\"1266\" data-end=\"1269\">\n<h3 style=\"text-align: center;\" data-start=\"1271\" data-end=\"1325\">Entwickelt f\u00fcr die Verwendung mit der Ador Extension Base<\/h3>\n<p style=\"text-align: center;\" data-start=\"1327\" data-end=\"1558\">F\u00fcr eine optimale Leistung ist das Chuck Rotary Add-on f\u00fcr die Verwendung in Verbindung mit dem <a href=\"https:\/\/fluxlasers.eu\/producto\/base-de-extension-ador\/\"><strong data-start=\"1420\" data-end=\"1450\">Ador Extension Base Add-on<\/strong><\/a> konzipiert, das die notwendige H\u00f6he und den zus\u00e4tzlichen Platz f\u00fcr die Bearbeitung einer Vielzahl von Objekten bietet.<\/p>\n<hr data-start=\"1986\" data-end=\"1989\">\n<h3 style=\"text-align: center;\" data-start=\"1991\" data-end=\"2047\">Technische Daten \u2013 Ador Chuck Rotary Add-on<\/h3>\n<p style=\"text-align: center;\" data-start=\"2049\" data-end=\"2346\">Abmessungen: 300 \u00d7 103 \u00d7 125 mm<br data-start=\"2080\" data-end=\"2083\">Gewicht: 1,65 kg<br data-start=\"2096\" data-end=\"2099\">Maximales Haltegewicht: 1,50 kg<br data-start=\"2131\" data-end=\"2134\">Neigungswinkel: \u201330\u00b0 bis 180\u00b0<br data-start=\"2168\" data-end=\"2171\">Gravurdurchmesser f\u00fcr Zylinder: 1\u2013130 mm<br data-start=\"2215\" data-end=\"2218\">Gravurdurchmesser f\u00fcr Ringe: 11\u2013130 mm<br data-start=\"2261\" data-end=\"2264\">Gravurdurchmesser f\u00fcr Kugeln: 25\u2013130 mm<br data-start=\"2307\" data-end=\"2310\">Maximale Gravurl\u00e4nge: 325 mm<\/p>\n","protected":false},"excerpt":{"rendered":"<p>Das <strong data-start=\"188\" data-end=\"227\">Chuck Rotary Add-on f\u00fcr Beambox II<\/strong> erm\u00f6glicht eine 360\u00b0-Rotationsgravur auf Zylindern, Ringen und Kugeln mit au\u00dfergew\u00f6hnlicher Pr\u00e4zision. Dank seiner austauschbaren Backen passt es sich einer Vielzahl von Durchmessern und Formen an, ideal zum Personalisieren von Flaschen, Thermobechern, Gl\u00e4sern, Werkzeugen oder technischen Teilen. Kompatibel mit Zubeh\u00f6r wie Extension Pocket und Riser Stands, erweitert es die Vielseitigkeit Ihrer Maschine maximal und er\u00f6ffnet neue kreative und kommerzielle M\u00f6glichkeiten.  <\/p>\n<ul>\n<li data-start=\"729\" data-end=\"765\">\n<p data-start=\"731\" data-end=\"765\">Zylindrische Gravur: <strong data-start=\"751\" data-end=\"763\">1\u2013145 mm<\/strong><\/p>\n<\/li>\n<li data-start=\"766\" data-end=\"803\">\n<p data-start=\"768\" data-end=\"803\">Ringgravur: <strong data-start=\"788\" data-end=\"801\">11\u2013145 mm<\/strong><\/p>\n<\/li>\n<li data-start=\"804\" data-end=\"841\">\n<p data-start=\"806\" data-end=\"841\">Kugelgravur: <strong data-start=\"826\" data-end=\"839\">25\u2013130 mm<\/strong><\/p>\n<\/li>\n<li data-start=\"842\" data-end=\"884\">\n<p data-start=\"844\" data-end=\"884\">Maximale Gravurl\u00e4nge: <strong data-start=\"872\" data-end=\"882\">500 mm<\/strong><\/p>\n<\/li>\n<li data-start=\"885\" data-end=\"1003\">\n<p data-start=\"887\" data-end=\"1003\">Kompatibel mit Extension Pocket Add-on, Riser Stands und Rotary Support Tower Add-on f\u00fcr breite oder sehr lange Objekte.<\/p>\n<\/li>\n<\/ul>\n","protected":false},"featured_media":4299,"comment_status":"closed","ping_status":"closed","template":"","meta":[],"product_brand":[],"product_cat":[306,305],"product_tag":[],"class_list":{"0":"post-8785","1":"product","2":"type-product","3":"status-publish","4":"has-post-thumbnail","6":"product_cat-ador-zubehor","7":"product_cat-flux-ador","9":"first","10":"instock","11":"taxable","12":"shipping-taxable","13":"purchasable","14":"product-type-simple"},"yoast_head":"<!-- This site is optimized with the Yoast SEO plugin v27.0 - https:\/\/yoast.com\/product\/yoast-seo-wordpress\/ -->\n<title>Chuck Rotary Add-on \u2013 Ador - Flux - Bomedia<\/title>\n<meta name=\"robots\" content=\"index, follow, max-snippet:-1, max-image-preview:large, max-video-preview:-1\" \/>\n<link rel=\"canonical\" href=\"https:\/\/fluxlasers.eu\/de\/produkt\/chuck-rotary-add-on-ador\/\" \/>\n<meta property=\"og:locale\" content=\"de_DE\" \/>\n<meta property=\"og:type\" content=\"article\" \/>\n<meta property=\"og:title\" content=\"Chuck Rotary Add-on \u2013 Ador - Flux - Bomedia\" \/>\n<meta property=\"og:description\" content=\"Das Chuck Rotary Add-on f\u00fcr Beambox II erm\u00f6glicht eine 360\u00b0-Rotationsgravur auf Zylindern, Ringen und Kugeln mit au\u00dfergew\u00f6hnlicher Pr\u00e4zision. Dank seiner austauschbaren Backen passt es sich einer Vielzahl von Durchmessern und Formen an, ideal zum Personalisieren von Flaschen, Thermobechern, Gl\u00e4sern, Werkzeugen oder technischen Teilen. Kompatibel mit Zubeh\u00f6r wie Extension Pocket und Riser Stands, erweitert es die Vielseitigkeit Ihrer Maschine maximal und er\u00f6ffnet neue kreative und kommerzielle M\u00f6glichkeiten.    Zylindrische Gravur: 1\u2013145 mm   Ringgravur: 11\u2013145 mm   Kugelgravur: 25\u2013130 mm   Maximale Gravurl\u00e4nge: 500 mm   Kompatibel mit Extension Pocket Add-on, Riser Stands und Rotary Support Tower Add-on f\u00fcr breite oder sehr lange Objekte.\" \/>\n<meta property=\"og:url\" content=\"https:\/\/fluxlasers.eu\/de\/produkt\/chuck-rotary-add-on-ador\/\" \/>\n<meta property=\"og:site_name\" content=\"Flux - Bomedia\" \/>\n<meta property=\"og:image\" content=\"https:\/\/fluxlasers.eu\/wp-content\/uploads\/2025\/12\/Beambox_II_Chuck_Rotary_5533092e-0e89-4817-bee8-061c59141f991.png\" \/>\n\t<meta property=\"og:image:width\" content=\"823\" \/>\n\t<meta property=\"og:image:height\" content=\"823\" \/>\n\t<meta property=\"og:image:type\" content=\"image\/png\" \/>\n<meta name=\"twitter:card\" content=\"summary_large_image\" \/>\n<meta name=\"twitter:label1\" content=\"Gesch\u00e4tzte Lesezeit\" \/>\n\t<meta name=\"twitter:data1\" content=\"1\u00a0Minute\" \/>\n<script type=\"application\/ld+json\" class=\"yoast-schema-graph\">{\"@context\":\"https:\/\/schema.org\",\"@graph\":[{\"@type\":\"WebPage\",\"@id\":\"https:\/\/fluxlasers.eu\/de\/produkt\/chuck-rotary-add-on-ador\/\",\"url\":\"https:\/\/fluxlasers.eu\/de\/produkt\/chuck-rotary-add-on-ador\/\",\"name\":\"Chuck Rotary Add-on \u2013 Ador - Flux - Bomedia\",\"isPartOf\":{\"@id\":\"https:\/\/fluxlasers.eu\/de\/#website\"},\"primaryImageOfPage\":{\"@id\":\"https:\/\/fluxlasers.eu\/de\/produkt\/chuck-rotary-add-on-ador\/#primaryimage\"},\"image\":{\"@id\":\"https:\/\/fluxlasers.eu\/de\/produkt\/chuck-rotary-add-on-ador\/#primaryimage\"},\"thumbnailUrl\":\"https:\/\/fluxlasers.eu\/wp-content\/uploads\/2025\/12\/Beambox_II_Chuck_Rotary_5533092e-0e89-4817-bee8-061c59141f991.png\",\"datePublished\":\"2025-12-11T09:03:48+00:00\",\"breadcrumb\":{\"@id\":\"https:\/\/fluxlasers.eu\/de\/produkt\/chuck-rotary-add-on-ador\/#breadcrumb\"},\"inLanguage\":\"de\",\"potentialAction\":[{\"@type\":\"ReadAction\",\"target\":[\"https:\/\/fluxlasers.eu\/de\/produkt\/chuck-rotary-add-on-ador\/\"]}]},{\"@type\":\"ImageObject\",\"inLanguage\":\"de\",\"@id\":\"https:\/\/fluxlasers.eu\/de\/produkt\/chuck-rotary-add-on-ador\/#primaryimage\",\"url\":\"https:\/\/fluxlasers.eu\/wp-content\/uploads\/2025\/12\/Beambox_II_Chuck_Rotary_5533092e-0e89-4817-bee8-061c59141f991.png\",\"contentUrl\":\"https:\/\/fluxlasers.eu\/wp-content\/uploads\/2025\/12\/Beambox_II_Chuck_Rotary_5533092e-0e89-4817-bee8-061c59141f991.png\",\"width\":823,\"height\":823},{\"@type\":\"BreadcrumbList\",\"@id\":\"https:\/\/fluxlasers.eu\/de\/produkt\/chuck-rotary-add-on-ador\/#breadcrumb\",\"itemListElement\":[{\"@type\":\"ListItem\",\"position\":1,\"name\":\"Portada\",\"item\":\"https:\/\/fluxlasers.eu\/de\/startseite\/\"},{\"@type\":\"ListItem\",\"position\":2,\"name\":\"Shop\",\"item\":\"https:\/\/fluxlasers.eu\/de\/shop\/\"},{\"@type\":\"ListItem\",\"position\":3,\"name\":\"Chuck Rotary Add-on \u2013 Ador\"}]},{\"@type\":\"WebSite\",\"@id\":\"https:\/\/fluxlasers.eu\/de\/#website\",\"url\":\"https:\/\/fluxlasers.eu\/de\/\",\"name\":\"Flux - Bomedia\",\"description\":\"Lasercutter und -gravierer\",\"publisher\":{\"@id\":\"https:\/\/fluxlasers.eu\/de\/#organization\"},\"potentialAction\":[{\"@type\":\"SearchAction\",\"target\":{\"@type\":\"EntryPoint\",\"urlTemplate\":\"https:\/\/fluxlasers.eu\/de\/?s={search_term_string}\"},\"query-input\":{\"@type\":\"PropertyValueSpecification\",\"valueRequired\":true,\"valueName\":\"search_term_string\"}}],\"inLanguage\":\"de\"},{\"@type\":\"Organization\",\"@id\":\"https:\/\/fluxlasers.eu\/de\/#organization\",\"name\":\"Fluxlasers Espa\u00f1a\",\"url\":\"https:\/\/fluxlasers.eu\/de\/\",\"logo\":{\"@type\":\"ImageObject\",\"inLanguage\":\"de\",\"@id\":\"https:\/\/fluxlasers.eu\/de\/#\/schema\/logo\/image\/\",\"url\":\"https:\/\/fluxlasers.eu\/wp-content\/uploads\/2021\/03\/logofluxspainc.png\",\"contentUrl\":\"https:\/\/fluxlasers.eu\/wp-content\/uploads\/2021\/03\/logofluxspainc.png\",\"width\":350,\"height\":217,\"caption\":\"Fluxlasers Espa\u00f1a\"},\"image\":{\"@id\":\"https:\/\/fluxlasers.eu\/de\/#\/schema\/logo\/image\/\"}}]}<\/script>\n<!-- \/ Yoast SEO plugin. -->","yoast_head_json":{"title":"Chuck Rotary Add-on \u2013 Ador - Flux - Bomedia","robots":{"index":"index","follow":"follow","max-snippet":"max-snippet:-1","max-image-preview":"max-image-preview:large","max-video-preview":"max-video-preview:-1"},"canonical":"https:\/\/fluxlasers.eu\/de\/produkt\/chuck-rotary-add-on-ador\/","og_locale":"de_DE","og_type":"article","og_title":"Chuck Rotary Add-on \u2013 Ador - Flux - Bomedia","og_description":"Das Chuck Rotary Add-on f\u00fcr Beambox II erm\u00f6glicht eine 360\u00b0-Rotationsgravur auf Zylindern, Ringen und Kugeln mit au\u00dfergew\u00f6hnlicher Pr\u00e4zision. Dank seiner austauschbaren Backen passt es sich einer Vielzahl von Durchmessern und Formen an, ideal zum Personalisieren von Flaschen, Thermobechern, Gl\u00e4sern, Werkzeugen oder technischen Teilen. Kompatibel mit Zubeh\u00f6r wie Extension Pocket und Riser Stands, erweitert es die Vielseitigkeit Ihrer Maschine maximal und er\u00f6ffnet neue kreative und kommerzielle M\u00f6glichkeiten.    Zylindrische Gravur: 1\u2013145 mm   Ringgravur: 11\u2013145 mm   Kugelgravur: 25\u2013130 mm   Maximale Gravurl\u00e4nge: 500 mm   Kompatibel mit Extension Pocket Add-on, Riser Stands und Rotary Support Tower Add-on f\u00fcr breite oder sehr lange Objekte.","og_url":"https:\/\/fluxlasers.eu\/de\/produkt\/chuck-rotary-add-on-ador\/","og_site_name":"Flux - Bomedia","og_image":[{"width":823,"height":823,"url":"https:\/\/fluxlasers.eu\/wp-content\/uploads\/2025\/12\/Beambox_II_Chuck_Rotary_5533092e-0e89-4817-bee8-061c59141f991.png","type":"image\/png"}],"twitter_card":"summary_large_image","twitter_misc":{"Gesch\u00e4tzte Lesezeit":"1\u00a0Minute"},"schema":{"@context":"https:\/\/schema.org","@graph":[{"@type":"WebPage","@id":"https:\/\/fluxlasers.eu\/de\/produkt\/chuck-rotary-add-on-ador\/","url":"https:\/\/fluxlasers.eu\/de\/produkt\/chuck-rotary-add-on-ador\/","name":"Chuck Rotary Add-on \u2013 Ador - Flux - Bomedia","isPartOf":{"@id":"https:\/\/fluxlasers.eu\/de\/#website"},"primaryImageOfPage":{"@id":"https:\/\/fluxlasers.eu\/de\/produkt\/chuck-rotary-add-on-ador\/#primaryimage"},"image":{"@id":"https:\/\/fluxlasers.eu\/de\/produkt\/chuck-rotary-add-on-ador\/#primaryimage"},"thumbnailUrl":"https:\/\/fluxlasers.eu\/wp-content\/uploads\/2025\/12\/Beambox_II_Chuck_Rotary_5533092e-0e89-4817-bee8-061c59141f991.png","datePublished":"2025-12-11T09:03:48+00:00","breadcrumb":{"@id":"https:\/\/fluxlasers.eu\/de\/produkt\/chuck-rotary-add-on-ador\/#breadcrumb"},"inLanguage":"de","potentialAction":[{"@type":"ReadAction","target":["https:\/\/fluxlasers.eu\/de\/produkt\/chuck-rotary-add-on-ador\/"]}]},{"@type":"ImageObject","inLanguage":"de","@id":"https:\/\/fluxlasers.eu\/de\/produkt\/chuck-rotary-add-on-ador\/#primaryimage","url":"https:\/\/fluxlasers.eu\/wp-content\/uploads\/2025\/12\/Beambox_II_Chuck_Rotary_5533092e-0e89-4817-bee8-061c59141f991.png","contentUrl":"https:\/\/fluxlasers.eu\/wp-content\/uploads\/2025\/12\/Beambox_II_Chuck_Rotary_5533092e-0e89-4817-bee8-061c59141f991.png","width":823,"height":823},{"@type":"BreadcrumbList","@id":"https:\/\/fluxlasers.eu\/de\/produkt\/chuck-rotary-add-on-ador\/#breadcrumb","itemListElement":[{"@type":"ListItem","position":1,"name":"Portada","item":"https:\/\/fluxlasers.eu\/de\/startseite\/"},{"@type":"ListItem","position":2,"name":"Shop","item":"https:\/\/fluxlasers.eu\/de\/shop\/"},{"@type":"ListItem","position":3,"name":"Chuck Rotary Add-on \u2013 Ador"}]},{"@type":"WebSite","@id":"https:\/\/fluxlasers.eu\/de\/#website","url":"https:\/\/fluxlasers.eu\/de\/","name":"Flux - Bomedia","description":"Lasercutter und -gravierer","publisher":{"@id":"https:\/\/fluxlasers.eu\/de\/#organization"},"potentialAction":[{"@type":"SearchAction","target":{"@type":"EntryPoint","urlTemplate":"https:\/\/fluxlasers.eu\/de\/?s={search_term_string}"},"query-input":{"@type":"PropertyValueSpecification","valueRequired":true,"valueName":"search_term_string"}}],"inLanguage":"de"},{"@type":"Organization","@id":"https:\/\/fluxlasers.eu\/de\/#organization","name":"Fluxlasers Espa\u00f1a","url":"https:\/\/fluxlasers.eu\/de\/","logo":{"@type":"ImageObject","inLanguage":"de","@id":"https:\/\/fluxlasers.eu\/de\/#\/schema\/logo\/image\/","url":"https:\/\/fluxlasers.eu\/wp-content\/uploads\/2021\/03\/logofluxspainc.png","contentUrl":"https:\/\/fluxlasers.eu\/wp-content\/uploads\/2021\/03\/logofluxspainc.png","width":350,"height":217,"caption":"Fluxlasers Espa\u00f1a"},"image":{"@id":"https:\/\/fluxlasers.eu\/de\/#\/schema\/logo\/image\/"}}]}},"_links":{"self":[{"href":"https:\/\/fluxlasers.eu\/de\/wp-json\/wp\/v2\/product\/8785","targetHints":{"allow":["GET"]}}],"collection":[{"href":"https:\/\/fluxlasers.eu\/de\/wp-json\/wp\/v2\/product"}],"about":[{"href":"https:\/\/fluxlasers.eu\/de\/wp-json\/wp\/v2\/types\/product"}],"replies":[{"embeddable":true,"href":"https:\/\/fluxlasers.eu\/de\/wp-json\/wp\/v2\/comments?post=8785"}],"wp:featuredmedia":[{"embeddable":true,"href":"https:\/\/fluxlasers.eu\/de\/wp-json\/wp\/v2\/media\/4299"}],"wp:attachment":[{"href":"https:\/\/fluxlasers.eu\/de\/wp-json\/wp\/v2\/media?parent=8785"}],"wp:term":[{"taxonomy":"product_brand","embeddable":true,"href":"https:\/\/fluxlasers.eu\/de\/wp-json\/wp\/v2\/product_brand?post=8785"},{"taxonomy":"product_cat","embeddable":true,"href":"https:\/\/fluxlasers.eu\/de\/wp-json\/wp\/v2\/product_cat?post=8785"},{"taxonomy":"product_tag","embeddable":true,"href":"https:\/\/fluxlasers.eu\/de\/wp-json\/wp\/v2\/product_tag?post=8785"}],"curies":[{"name":"wp","href":"https:\/\/api.w.org\/{rel}","templated":true}]}}