{"id":8754,"date":"2025-12-11T09:37:22","date_gmt":"2025-12-11T08:37:22","guid":{"rendered":"https:\/\/fluxlasers.eu\/producto\/chuck-drehmodul-beambox-ii\/"},"modified":"2025-12-11T09:37:22","modified_gmt":"2025-12-11T08:37:22","slug":"chuck-drehmodul-beambox-ii","status":"publish","type":"product","link":"https:\/\/fluxlasers.eu\/de\/produkt\/chuck-drehmodul-beambox-ii\/","title":{"rendered":"Chuck-Drehmodul \u2013 Beambox II"},"content":{"rendered":"<h1 style=\"text-align: center;\" data-start=\"95\" data-end=\"135\"><strong data-start=\"97\" data-end=\"133\">Beambox II <\/strong><strong data-start=\"97\" data-end=\"133\">\u2013 Chuck-Drehmodul<\/strong><\/h1>\n<h3 style=\"text-align: center;\" data-start=\"136\" data-end=\"210\"><strong data-start=\"140\" data-end=\"210\">360\u00b0-Gravur f\u00fcr zylindrische Objekte, Kugeln und Sonderformen<\/strong><\/h3>\n<p><img decoding=\"async\" class=\"aligncenter size-large wp-image-4292\" src=\"https:\/\/fluxlasers.eu\/wp-content\/uploads\/2025\/12\/0E5A3640-1-1024x683.jpg\" alt=\"\" width=\"750\" height=\"500\" srcset=\"https:\/\/fluxlasers.eu\/wp-content\/uploads\/2025\/12\/0E5A3640-1-1024x683.jpg 1024w, https:\/\/fluxlasers.eu\/wp-content\/uploads\/2025\/12\/0E5A3640-1-300x200.jpg 300w, https:\/\/fluxlasers.eu\/wp-content\/uploads\/2025\/12\/0E5A3640-1-768x512.jpg 768w, https:\/\/fluxlasers.eu\/wp-content\/uploads\/2025\/12\/0E5A3640-1-1536x1024.jpg 1536w, https:\/\/fluxlasers.eu\/wp-content\/uploads\/2025\/12\/0E5A3640-1-600x400.jpg 600w, https:\/\/fluxlasers.eu\/wp-content\/uploads\/2025\/12\/0E5A3640-1.jpg 1920w\" sizes=\"(max-width: 750px) 100vw, 750px\" \/><\/p>\n<p style=\"text-align: center;\" data-start=\"212\" data-end=\"592\">Das <strong data-start=\"215\" data-end=\"238\">Chuck-Drehmodul<\/strong> verwandelt Ihre Beambox II in ein professionelles Rotationsgravur-Werkzeug, mit dem Sie zylindrische, sph\u00e4rische und komplex geformte Objekte mit absoluter Pr\u00e4zision bearbeiten k\u00f6nnen. Dank der austauschbaren Spannbacken \u2013 gerade, L-f\u00f6rmig und hexagonal \u2013 passt es sich verschiedensten Durchmessern an und bietet stabilen Halt f\u00fcr perfekte Ergebnisse bei jeder Drehung. <\/p>\n<p style=\"text-align: center;\" data-start=\"594\" data-end=\"785\">Ideal zum Personalisieren von Flaschen, Thermobechern, Gl\u00e4sern, Tassen, Ringen, Dekokugeln, Werkzeugen und vielem mehr \u2013 es erweitert die kreativen und kommerziellen M\u00f6glichkeiten Ihrer Maschine radikal.<\/p>\n<hr data-start=\"787\" data-end=\"790\">\n<h2 style=\"text-align: center;\" data-start=\"792\" data-end=\"837\"><strong data-start=\"795\" data-end=\"837\">Volle Vielseitigkeit in Form und Gr\u00f6\u00dfe<\/strong><\/h2>\n<p style=\"text-align: center;\" data-start=\"839\" data-end=\"1174\">Das Chuck-Drehmodul erm\u00f6glicht Gravurdurchmesser f\u00fcr zylindrische Objekte von <strong data-start=\"914\" data-end=\"928\">1 bis 145 mm<\/strong>, f\u00fcr Ringe von <strong data-start=\"958\" data-end=\"973\">11 bis 145 mm<\/strong>, f\u00fcr Kugeln von <strong data-start=\"1003\" data-end=\"1018\">25 bis 130 mm<\/strong> und eine maximale Gravurl\u00e4nge von <strong data-start=\"1055\" data-end=\"1065\">500 mm<\/strong>.<br data-start=\"1066\" data-end=\"1069\">Von filigranen Ringen bis hin zu gro\u00dfen Flaschen k\u00f6nnen Sie sicher und pr\u00e4zise in 360\u00b0 arbeiten.<\/p>\n<p data-start=\"839\" data-end=\"1174\"><img decoding=\"async\" class=\"aligncenter size-full wp-image-4244\" src=\"https:\/\/fluxlasers.eu\/wp-content\/uploads\/2025\/12\/0E5A3709.jpg\" alt=\"\" width=\"1000\" height=\"667\" srcset=\"https:\/\/fluxlasers.eu\/wp-content\/uploads\/2025\/12\/0E5A3709.jpg 1000w, https:\/\/fluxlasers.eu\/wp-content\/uploads\/2025\/12\/0E5A3709-300x200.jpg 300w, https:\/\/fluxlasers.eu\/wp-content\/uploads\/2025\/12\/0E5A3709-768x512.jpg 768w, https:\/\/fluxlasers.eu\/wp-content\/uploads\/2025\/12\/0E5A3709-600x400.jpg 600w\" sizes=\"(max-width: 1000px) 100vw, 1000px\" \/><\/p>\n<hr data-start=\"1176\" data-end=\"1179\">\n<h2 style=\"text-align: center;\" data-start=\"1181\" data-end=\"1245\"><strong data-start=\"1184\" data-end=\"1245\">Kompatibel mit wichtigem Zubeh\u00f6r zur Funktionserweiterung<\/strong><\/h2>\n<p style=\"text-align: center;\" data-start=\"1247\" data-end=\"1812\">Das Chuck-Drehmodul arbeitet nahtlos mit Add-ons wie dem <strong data-start=\"1318\" data-end=\"1345\">Extension Pocket Add-on<\/strong> zusammen, das durch mehr Arbeitstiefe die Bearbeitung gro\u00dfer Gef\u00e4\u00dfe wie <em data-start=\"1407\" data-end=\"1422\">Stanley 40 oz<\/em> Bechern erm\u00f6glicht; den <strong data-start=\"1466\" data-end=\"1482\">Riser Stands<\/strong>, die die Rotation erh\u00f6hen und Platz f\u00fcr breite Objekte mit Griffen schaffen; sowie dem <strong data-start=\"1573\" data-end=\"1604\">Rotary Support Tower Add-on<\/strong>, das f\u00fcr sehr lange St\u00fccke wie Weingl\u00e4ser, Flaschen oder Baseballschl\u00e4ger empfohlen wird.<br data-start=\"1690\" data-end=\"1693\">Dieses Zubeh\u00f6r garantiert stabileres Arbeiten, saubere Drehungen und eine gr\u00f6\u00dfere Vielfalt an personalisierbaren Objekten.<\/p>\n<hr data-start=\"1814\" data-end=\"1817\">\n<h2 style=\"text-align: center;\" data-start=\"1819\" data-end=\"1874\"><strong data-start=\"1822\" data-end=\"1874\">Das perfekte Werkzeug f\u00fcr Ihr Business<\/strong><\/h2>\n<p style=\"text-align: center;\" data-start=\"1876\" data-end=\"2234\">Mit dem Chuck-Drehmodul k\u00f6nnen Sie personalisierte Produkte anbieten, die zuvor unm\u00f6glich waren: Stahl-Thermobecher, Sportflaschen, Glaswaren, Utensilien, technische Zylinderteile, Firmengeschenke oder professionelles Merchandising. Ein unverzichtbares Zubeh\u00f6r, wenn Sie Ihr Sortiment erweitern und sich durch hochpr\u00e4zise Rundum-Gravuren abheben m\u00f6chten. <\/p>\n<hr data-start=\"2236\" data-end=\"2239\">\n<h2 style=\"text-align: center;\" data-start=\"2241\" data-end=\"2295\"><strong data-start=\"2244\" data-end=\"2295\">Technische Spezifikationen \u2013 Chuck-Drehmodul<\/strong><\/h2>\n<p style=\"text-align: center;\" data-start=\"2297\" data-end=\"2484\">Durchmesser f\u00fcr Zylindergravur: <strong data-start=\"2331\" data-end=\"2343\">1\u2013145 mm<\/strong><br data-start=\"2343\" data-end=\"2346\">Durchmesser f\u00fcr Ringgravur: <strong data-start=\"2380\" data-end=\"2393\">11\u2013145 mm<\/strong><br data-start=\"2393\" data-end=\"2396\">Durchmesser f\u00fcr Kugelgravur: <strong data-start=\"2430\" data-end=\"2443\">25\u2013130 mm<\/strong><br data-start=\"2443\" data-end=\"2446\">Maximale Gravurl\u00e4nge: <strong data-start=\"2474\" data-end=\"2484\">500 mm<\/strong><\/p>\n","protected":false},"excerpt":{"rendered":"<p>Das <strong data-start=\"188\" data-end=\"227\">Chuck-Drehmodul f\u00fcr Beambox II<\/strong> erm\u00f6glicht 360\u00b0-Rotationsgravuren auf Zylindern, Ringen und Kugeln mit au\u00dfergew\u00f6hnlicher Pr\u00e4zision. Dank austauschbarer Spannbacken passt es sich verschiedensten Durchmessern und Formen an \u2013 ideal f\u00fcr Flaschen, Thermobecher, Gl\u00e4ser, Werkzeuge oder technische Teile. Kompatibel mit Zubeh\u00f6r wie Extension Pocket und Riser Stands, maximiert es die Vielseitigkeit Ihrer Maschine und er\u00f6ffnet neue kreative sowie kommerzielle Wege.  <\/p>\n<ul>\n<li data-start=\"729\" data-end=\"765\">\n<p data-start=\"731\" data-end=\"765\">Zylindergravur: <strong data-start=\"751\" data-end=\"763\">1\u2013145 mm<\/strong><\/p>\n<\/li>\n<li data-start=\"766\" data-end=\"803\">\n<p data-start=\"768\" data-end=\"803\">Ringgravur: <strong data-start=\"788\" data-end=\"801\">11\u2013145 mm<\/strong><\/p>\n<\/li>\n<li data-start=\"804\" data-end=\"841\">\n<p data-start=\"806\" data-end=\"841\">Kugelgravur: <strong data-start=\"826\" data-end=\"839\">25\u2013130 mm<\/strong><\/p>\n<\/li>\n<li data-start=\"842\" data-end=\"884\">\n<p data-start=\"844\" data-end=\"884\">Maximale Gravurl\u00e4nge: <strong data-start=\"872\" data-end=\"882\">500 mm<\/strong><\/p>\n<\/li>\n<li data-start=\"885\" data-end=\"1003\">\n<p data-start=\"887\" data-end=\"1003\">Kompatibel mit Extension Pocket Add-on, Riser Stands und Rotary Support Tower Add-on f\u00fcr breite oder sehr lange Objekte.<\/p>\n<\/li>\n<\/ul>\n","protected":false},"featured_media":4299,"comment_status":"closed","ping_status":"closed","template":"","meta":[],"product_brand":[],"product_cat":[361,313],"product_tag":[],"class_list":{"0":"post-8754","1":"product","2":"type-product","3":"status-publish","4":"has-post-thumbnail","6":"product_cat-beambox-zubehor","7":"product_cat-zubehor","9":"first","10":"instock","11":"taxable","12":"shipping-taxable","13":"purchasable","14":"product-type-simple"},"yoast_head":"<!-- This site is optimized with the Yoast SEO plugin v27.0 - https:\/\/yoast.com\/product\/yoast-seo-wordpress\/ -->\n<title>Chuck-Drehmodul \u2013 Beambox II - Flux - Bomedia<\/title>\n<meta name=\"robots\" content=\"index, follow, max-snippet:-1, max-image-preview:large, max-video-preview:-1\" \/>\n<link rel=\"canonical\" href=\"https:\/\/fluxlasers.eu\/de\/produkt\/chuck-drehmodul-beambox-ii\/\" \/>\n<meta property=\"og:locale\" content=\"de_DE\" \/>\n<meta property=\"og:type\" content=\"article\" \/>\n<meta property=\"og:title\" content=\"Chuck-Drehmodul \u2013 Beambox II - Flux - Bomedia\" \/>\n<meta property=\"og:description\" content=\"Das Chuck-Drehmodul f\u00fcr Beambox II erm\u00f6glicht 360\u00b0-Rotationsgravuren auf Zylindern, Ringen und Kugeln mit au\u00dfergew\u00f6hnlicher Pr\u00e4zision. Dank austauschbarer Spannbacken passt es sich verschiedensten Durchmessern und Formen an \u2013 ideal f\u00fcr Flaschen, Thermobecher, Gl\u00e4ser, Werkzeuge oder technische Teile. Kompatibel mit Zubeh\u00f6r wie Extension Pocket und Riser Stands, maximiert es die Vielseitigkeit Ihrer Maschine und er\u00f6ffnet neue kreative sowie kommerzielle Wege.    Zylindergravur: 1\u2013145 mm   Ringgravur: 11\u2013145 mm   Kugelgravur: 25\u2013130 mm   Maximale Gravurl\u00e4nge: 500 mm   Kompatibel mit Extension Pocket Add-on, Riser Stands und Rotary Support Tower Add-on f\u00fcr breite oder sehr lange Objekte.\" \/>\n<meta property=\"og:url\" content=\"https:\/\/fluxlasers.eu\/de\/produkt\/chuck-drehmodul-beambox-ii\/\" \/>\n<meta property=\"og:site_name\" content=\"Flux - Bomedia\" \/>\n<meta property=\"og:image\" content=\"https:\/\/fluxlasers.eu\/wp-content\/uploads\/2025\/12\/Beambox_II_Chuck_Rotary_5533092e-0e89-4817-bee8-061c59141f991.png\" \/>\n\t<meta property=\"og:image:width\" content=\"823\" \/>\n\t<meta property=\"og:image:height\" content=\"823\" \/>\n\t<meta property=\"og:image:type\" content=\"image\/png\" \/>\n<meta name=\"twitter:card\" content=\"summary_large_image\" \/>\n<meta name=\"twitter:label1\" content=\"Gesch\u00e4tzte Lesezeit\" \/>\n\t<meta name=\"twitter:data1\" content=\"2 Minuten\" \/>\n<script type=\"application\/ld+json\" class=\"yoast-schema-graph\">{\"@context\":\"https:\/\/schema.org\",\"@graph\":[{\"@type\":\"WebPage\",\"@id\":\"https:\/\/fluxlasers.eu\/de\/produkt\/chuck-drehmodul-beambox-ii\/\",\"url\":\"https:\/\/fluxlasers.eu\/de\/produkt\/chuck-drehmodul-beambox-ii\/\",\"name\":\"Chuck-Drehmodul \u2013 Beambox II - Flux - Bomedia\",\"isPartOf\":{\"@id\":\"https:\/\/fluxlasers.eu\/de\/#website\"},\"primaryImageOfPage\":{\"@id\":\"https:\/\/fluxlasers.eu\/de\/produkt\/chuck-drehmodul-beambox-ii\/#primaryimage\"},\"image\":{\"@id\":\"https:\/\/fluxlasers.eu\/de\/produkt\/chuck-drehmodul-beambox-ii\/#primaryimage\"},\"thumbnailUrl\":\"https:\/\/fluxlasers.eu\/wp-content\/uploads\/2025\/12\/Beambox_II_Chuck_Rotary_5533092e-0e89-4817-bee8-061c59141f991.png\",\"datePublished\":\"2025-12-11T08:37:22+00:00\",\"breadcrumb\":{\"@id\":\"https:\/\/fluxlasers.eu\/de\/produkt\/chuck-drehmodul-beambox-ii\/#breadcrumb\"},\"inLanguage\":\"de\",\"potentialAction\":[{\"@type\":\"ReadAction\",\"target\":[\"https:\/\/fluxlasers.eu\/de\/produkt\/chuck-drehmodul-beambox-ii\/\"]}]},{\"@type\":\"ImageObject\",\"inLanguage\":\"de\",\"@id\":\"https:\/\/fluxlasers.eu\/de\/produkt\/chuck-drehmodul-beambox-ii\/#primaryimage\",\"url\":\"https:\/\/fluxlasers.eu\/wp-content\/uploads\/2025\/12\/Beambox_II_Chuck_Rotary_5533092e-0e89-4817-bee8-061c59141f991.png\",\"contentUrl\":\"https:\/\/fluxlasers.eu\/wp-content\/uploads\/2025\/12\/Beambox_II_Chuck_Rotary_5533092e-0e89-4817-bee8-061c59141f991.png\",\"width\":823,\"height\":823},{\"@type\":\"BreadcrumbList\",\"@id\":\"https:\/\/fluxlasers.eu\/de\/produkt\/chuck-drehmodul-beambox-ii\/#breadcrumb\",\"itemListElement\":[{\"@type\":\"ListItem\",\"position\":1,\"name\":\"Portada\",\"item\":\"https:\/\/fluxlasers.eu\/de\/startseite\/\"},{\"@type\":\"ListItem\",\"position\":2,\"name\":\"Shop\",\"item\":\"https:\/\/fluxlasers.eu\/de\/shop\/\"},{\"@type\":\"ListItem\",\"position\":3,\"name\":\"Chuck-Drehmodul \u2013 Beambox II\"}]},{\"@type\":\"WebSite\",\"@id\":\"https:\/\/fluxlasers.eu\/de\/#website\",\"url\":\"https:\/\/fluxlasers.eu\/de\/\",\"name\":\"Flux - Bomedia\",\"description\":\"Lasercutter und -gravierer\",\"publisher\":{\"@id\":\"https:\/\/fluxlasers.eu\/de\/#organization\"},\"potentialAction\":[{\"@type\":\"SearchAction\",\"target\":{\"@type\":\"EntryPoint\",\"urlTemplate\":\"https:\/\/fluxlasers.eu\/de\/?s={search_term_string}\"},\"query-input\":{\"@type\":\"PropertyValueSpecification\",\"valueRequired\":true,\"valueName\":\"search_term_string\"}}],\"inLanguage\":\"de\"},{\"@type\":\"Organization\",\"@id\":\"https:\/\/fluxlasers.eu\/de\/#organization\",\"name\":\"Fluxlasers Espa\u00f1a\",\"url\":\"https:\/\/fluxlasers.eu\/de\/\",\"logo\":{\"@type\":\"ImageObject\",\"inLanguage\":\"de\",\"@id\":\"https:\/\/fluxlasers.eu\/de\/#\/schema\/logo\/image\/\",\"url\":\"https:\/\/fluxlasers.eu\/wp-content\/uploads\/2021\/03\/logofluxspainc.png\",\"contentUrl\":\"https:\/\/fluxlasers.eu\/wp-content\/uploads\/2021\/03\/logofluxspainc.png\",\"width\":350,\"height\":217,\"caption\":\"Fluxlasers Espa\u00f1a\"},\"image\":{\"@id\":\"https:\/\/fluxlasers.eu\/de\/#\/schema\/logo\/image\/\"}}]}<\/script>\n<!-- \/ Yoast SEO plugin. -->","yoast_head_json":{"title":"Chuck-Drehmodul \u2013 Beambox II - Flux - Bomedia","robots":{"index":"index","follow":"follow","max-snippet":"max-snippet:-1","max-image-preview":"max-image-preview:large","max-video-preview":"max-video-preview:-1"},"canonical":"https:\/\/fluxlasers.eu\/de\/produkt\/chuck-drehmodul-beambox-ii\/","og_locale":"de_DE","og_type":"article","og_title":"Chuck-Drehmodul \u2013 Beambox II - Flux - Bomedia","og_description":"Das Chuck-Drehmodul f\u00fcr Beambox II erm\u00f6glicht 360\u00b0-Rotationsgravuren auf Zylindern, Ringen und Kugeln mit au\u00dfergew\u00f6hnlicher Pr\u00e4zision. Dank austauschbarer Spannbacken passt es sich verschiedensten Durchmessern und Formen an \u2013 ideal f\u00fcr Flaschen, Thermobecher, Gl\u00e4ser, Werkzeuge oder technische Teile. Kompatibel mit Zubeh\u00f6r wie Extension Pocket und Riser Stands, maximiert es die Vielseitigkeit Ihrer Maschine und er\u00f6ffnet neue kreative sowie kommerzielle Wege.    Zylindergravur: 1\u2013145 mm   Ringgravur: 11\u2013145 mm   Kugelgravur: 25\u2013130 mm   Maximale Gravurl\u00e4nge: 500 mm   Kompatibel mit Extension Pocket Add-on, Riser Stands und Rotary Support Tower Add-on f\u00fcr breite oder sehr lange Objekte.","og_url":"https:\/\/fluxlasers.eu\/de\/produkt\/chuck-drehmodul-beambox-ii\/","og_site_name":"Flux - Bomedia","og_image":[{"width":823,"height":823,"url":"https:\/\/fluxlasers.eu\/wp-content\/uploads\/2025\/12\/Beambox_II_Chuck_Rotary_5533092e-0e89-4817-bee8-061c59141f991.png","type":"image\/png"}],"twitter_card":"summary_large_image","twitter_misc":{"Gesch\u00e4tzte Lesezeit":"2 Minuten"},"schema":{"@context":"https:\/\/schema.org","@graph":[{"@type":"WebPage","@id":"https:\/\/fluxlasers.eu\/de\/produkt\/chuck-drehmodul-beambox-ii\/","url":"https:\/\/fluxlasers.eu\/de\/produkt\/chuck-drehmodul-beambox-ii\/","name":"Chuck-Drehmodul \u2013 Beambox II - Flux - Bomedia","isPartOf":{"@id":"https:\/\/fluxlasers.eu\/de\/#website"},"primaryImageOfPage":{"@id":"https:\/\/fluxlasers.eu\/de\/produkt\/chuck-drehmodul-beambox-ii\/#primaryimage"},"image":{"@id":"https:\/\/fluxlasers.eu\/de\/produkt\/chuck-drehmodul-beambox-ii\/#primaryimage"},"thumbnailUrl":"https:\/\/fluxlasers.eu\/wp-content\/uploads\/2025\/12\/Beambox_II_Chuck_Rotary_5533092e-0e89-4817-bee8-061c59141f991.png","datePublished":"2025-12-11T08:37:22+00:00","breadcrumb":{"@id":"https:\/\/fluxlasers.eu\/de\/produkt\/chuck-drehmodul-beambox-ii\/#breadcrumb"},"inLanguage":"de","potentialAction":[{"@type":"ReadAction","target":["https:\/\/fluxlasers.eu\/de\/produkt\/chuck-drehmodul-beambox-ii\/"]}]},{"@type":"ImageObject","inLanguage":"de","@id":"https:\/\/fluxlasers.eu\/de\/produkt\/chuck-drehmodul-beambox-ii\/#primaryimage","url":"https:\/\/fluxlasers.eu\/wp-content\/uploads\/2025\/12\/Beambox_II_Chuck_Rotary_5533092e-0e89-4817-bee8-061c59141f991.png","contentUrl":"https:\/\/fluxlasers.eu\/wp-content\/uploads\/2025\/12\/Beambox_II_Chuck_Rotary_5533092e-0e89-4817-bee8-061c59141f991.png","width":823,"height":823},{"@type":"BreadcrumbList","@id":"https:\/\/fluxlasers.eu\/de\/produkt\/chuck-drehmodul-beambox-ii\/#breadcrumb","itemListElement":[{"@type":"ListItem","position":1,"name":"Portada","item":"https:\/\/fluxlasers.eu\/de\/startseite\/"},{"@type":"ListItem","position":2,"name":"Shop","item":"https:\/\/fluxlasers.eu\/de\/shop\/"},{"@type":"ListItem","position":3,"name":"Chuck-Drehmodul \u2013 Beambox II"}]},{"@type":"WebSite","@id":"https:\/\/fluxlasers.eu\/de\/#website","url":"https:\/\/fluxlasers.eu\/de\/","name":"Flux - Bomedia","description":"Lasercutter und -gravierer","publisher":{"@id":"https:\/\/fluxlasers.eu\/de\/#organization"},"potentialAction":[{"@type":"SearchAction","target":{"@type":"EntryPoint","urlTemplate":"https:\/\/fluxlasers.eu\/de\/?s={search_term_string}"},"query-input":{"@type":"PropertyValueSpecification","valueRequired":true,"valueName":"search_term_string"}}],"inLanguage":"de"},{"@type":"Organization","@id":"https:\/\/fluxlasers.eu\/de\/#organization","name":"Fluxlasers Espa\u00f1a","url":"https:\/\/fluxlasers.eu\/de\/","logo":{"@type":"ImageObject","inLanguage":"de","@id":"https:\/\/fluxlasers.eu\/de\/#\/schema\/logo\/image\/","url":"https:\/\/fluxlasers.eu\/wp-content\/uploads\/2021\/03\/logofluxspainc.png","contentUrl":"https:\/\/fluxlasers.eu\/wp-content\/uploads\/2021\/03\/logofluxspainc.png","width":350,"height":217,"caption":"Fluxlasers Espa\u00f1a"},"image":{"@id":"https:\/\/fluxlasers.eu\/de\/#\/schema\/logo\/image\/"}}]}},"_links":{"self":[{"href":"https:\/\/fluxlasers.eu\/de\/wp-json\/wp\/v2\/product\/8754","targetHints":{"allow":["GET"]}}],"collection":[{"href":"https:\/\/fluxlasers.eu\/de\/wp-json\/wp\/v2\/product"}],"about":[{"href":"https:\/\/fluxlasers.eu\/de\/wp-json\/wp\/v2\/types\/product"}],"replies":[{"embeddable":true,"href":"https:\/\/fluxlasers.eu\/de\/wp-json\/wp\/v2\/comments?post=8754"}],"wp:featuredmedia":[{"embeddable":true,"href":"https:\/\/fluxlasers.eu\/de\/wp-json\/wp\/v2\/media\/4299"}],"wp:attachment":[{"href":"https:\/\/fluxlasers.eu\/de\/wp-json\/wp\/v2\/media?parent=8754"}],"wp:term":[{"taxonomy":"product_brand","embeddable":true,"href":"https:\/\/fluxlasers.eu\/de\/wp-json\/wp\/v2\/product_brand?post=8754"},{"taxonomy":"product_cat","embeddable":true,"href":"https:\/\/fluxlasers.eu\/de\/wp-json\/wp\/v2\/product_cat?post=8754"},{"taxonomy":"product_tag","embeddable":true,"href":"https:\/\/fluxlasers.eu\/de\/wp-json\/wp\/v2\/product_tag?post=8754"}],"curies":[{"name":"wp","href":"https:\/\/api.w.org\/{rel}","templated":true}]}}