{"id":8716,"date":"2025-12-11T09:42:52","date_gmt":"2025-12-11T08:42:52","guid":{"rendered":"https:\/\/fluxlasers.eu\/producto\/riser-stands\/"},"modified":"2025-12-11T09:42:52","modified_gmt":"2025-12-11T08:42:52","slug":"riser-stands","status":"publish","type":"product","link":"https:\/\/fluxlasers.eu\/de\/produkt\/riser-stands\/","title":{"rendered":"Riser Stands"},"content":{"rendered":"<h1 data-start=\"232\" data-end=\"265\"><strong data-start=\"234\" data-end=\"263\">Riser Stands<\/strong><\/h1>\n<h3 data-start=\"146\" data-end=\"211\">Mehr H\u00f6he f\u00fcr Ihren Chuck Rotary, mehr Gravurm\u00f6glichkeiten<\/h3>\n<p data-start=\"213\" data-end=\"449\">Die <strong data-start=\"217\" data-end=\"233\">Riser Stands<\/strong> sind daf\u00fcr konzipiert, den Arbeitsbereich des <strong data-start=\"285\" data-end=\"301\">Chuck Rotary<\/strong> in Ihrer Flux-Maschine anzuheben und schaffen so den zus\u00e4tzlichen Platz, der f\u00fcr die Bearbeitung breiterer Objekte oder solcher mit Griffen erforderlich ist, wie z. B. <em data-start=\"431\" data-end=\"446\">Stanley 40 oz<\/em> Becher.<\/p>\n<p data-start=\"451\" data-end=\"688\">Durch das Anheben der Chuck Rotary-Werkst\u00fcck-Einheit wird mehr Rotationsspielraum gewonnen und verhindert, dass das Objekt mit der Maschinenstruktur kollidiert, wodurch die Gravur volumin\u00f6ser Beh\u00e4lter ohne Einbu\u00dfen bei Stabilit\u00e4t und Pr\u00e4zision erleichtert wird.<\/p>\n<p data-start=\"690\" data-end=\"823\" data-is-last-node=\"\" data-is-only-node=\"\">Sie sind die ideale Erg\u00e4nzung, wenn Sie das Beste aus dem Chuck Rotary mit gro\u00dfen, hohen oder geometrisch komplexen Produkten herausholen m\u00f6chten.<\/p>\n","protected":false},"excerpt":{"rendered":"<h3 data-start=\"146\" data-end=\"211\">Mehr H\u00f6he f\u00fcr Ihren Chuck Rotary, mehr Gravurm\u00f6glichkeiten<\/h3>\n<p data-start=\"213\" data-end=\"449\">Die <strong data-start=\"217\" data-end=\"233\">Riser Stands<\/strong> sind daf\u00fcr konzipiert, den Arbeitsbereich des <strong data-start=\"285\" data-end=\"301\">Chuck Rotary<\/strong> in Ihrer Flux-Maschine anzuheben und schaffen so den zus\u00e4tzlichen Platz, der f\u00fcr die Bearbeitung breiterer Objekte oder solcher mit Griffen erforderlich ist, wie z. B. <em data-start=\"431\" data-end=\"446\">Stanley 40 oz<\/em> Becher.<\/p>\n<p data-start=\"451\" data-end=\"688\">Durch das Anheben der Chuck Rotary-Werkst\u00fcck-Einheit wird mehr Rotationsspielraum gewonnen und verhindert, dass das Objekt mit der Maschinenstruktur kollidiert, wodurch die Gravur volumin\u00f6ser Beh\u00e4lter ohne Einbu\u00dfen bei Stabilit\u00e4t und Pr\u00e4zision erleichtert wird.<\/p>\n<p data-start=\"690\" data-end=\"823\" data-is-last-node=\"\" data-is-only-node=\"\">Sie sind die ideale Erg\u00e4nzung, wenn Sie das Beste aus dem Chuck Rotary mit gro\u00dfen, hohen oder geometrisch komplexen Produkten herausholen m\u00f6chten.<\/p>\n","protected":false},"featured_media":4295,"comment_status":"closed","ping_status":"closed","template":"","meta":[],"product_brand":[],"product_cat":[306,313],"product_tag":[],"class_list":{"0":"post-8716","1":"product","2":"type-product","3":"status-publish","4":"has-post-thumbnail","6":"product_cat-ador-zubehor","7":"product_cat-zubehor","9":"first","10":"instock","11":"taxable","12":"shipping-taxable","13":"purchasable","14":"product-type-simple"},"yoast_head":"<!-- This site is optimized with the Yoast SEO plugin v27.0 - https:\/\/yoast.com\/product\/yoast-seo-wordpress\/ -->\n<title>Riser Stands - Flux - Bomedia<\/title>\n<meta name=\"robots\" content=\"index, follow, max-snippet:-1, max-image-preview:large, max-video-preview:-1\" \/>\n<link rel=\"canonical\" href=\"https:\/\/fluxlasers.eu\/de\/produkt\/riser-stands\/\" \/>\n<meta property=\"og:locale\" content=\"de_DE\" \/>\n<meta property=\"og:type\" content=\"article\" \/>\n<meta property=\"og:title\" content=\"Riser Stands - Flux - Bomedia\" \/>\n<meta property=\"og:description\" content=\"Mehr H\u00f6he f\u00fcr Ihren Chuck Rotary, mehr Gravurm\u00f6glichkeiten Die Riser Stands sind daf\u00fcr konzipiert, den Arbeitsbereich des Chuck Rotary in Ihrer Flux-Maschine anzuheben und schaffen so den zus\u00e4tzlichen Platz, der f\u00fcr die Bearbeitung breiterer Objekte oder solcher mit Griffen erforderlich ist, wie z. B. Stanley 40 oz Becher. Durch das Anheben der Chuck Rotary-Werkst\u00fcck-Einheit wird mehr Rotationsspielraum gewonnen und verhindert, dass das Objekt mit der Maschinenstruktur kollidiert, wodurch die Gravur volumin\u00f6ser Beh\u00e4lter ohne Einbu\u00dfen bei Stabilit\u00e4t und Pr\u00e4zision erleichtert wird. Sie sind die ideale Erg\u00e4nzung, wenn Sie das Beste aus dem Chuck Rotary mit gro\u00dfen, hohen oder geometrisch komplexen Produkten herausholen m\u00f6chten.\" \/>\n<meta property=\"og:url\" content=\"https:\/\/fluxlasers.eu\/de\/produkt\/riser-stands\/\" \/>\n<meta property=\"og:site_name\" content=\"Flux - Bomedia\" \/>\n<meta property=\"og:image\" content=\"https:\/\/fluxlasers.eu\/wp-content\/uploads\/2025\/12\/add_ons_chuck_riser_whats_in_the_box_d2cf2320-1002-4bcd-b276-d1bee27c50ca.png\" \/>\n\t<meta property=\"og:image:width\" content=\"823\" \/>\n\t<meta property=\"og:image:height\" content=\"823\" \/>\n\t<meta property=\"og:image:type\" content=\"image\/png\" \/>\n<meta name=\"twitter:card\" content=\"summary_large_image\" \/>\n<meta name=\"twitter:label1\" content=\"Gesch\u00e4tzte Lesezeit\" \/>\n\t<meta name=\"twitter:data1\" content=\"1\u00a0Minute\" \/>\n<script type=\"application\/ld+json\" class=\"yoast-schema-graph\">{\"@context\":\"https:\/\/schema.org\",\"@graph\":[{\"@type\":\"WebPage\",\"@id\":\"https:\/\/fluxlasers.eu\/de\/produkt\/riser-stands\/\",\"url\":\"https:\/\/fluxlasers.eu\/de\/produkt\/riser-stands\/\",\"name\":\"Riser Stands - Flux - Bomedia\",\"isPartOf\":{\"@id\":\"https:\/\/fluxlasers.eu\/de\/#website\"},\"primaryImageOfPage\":{\"@id\":\"https:\/\/fluxlasers.eu\/de\/produkt\/riser-stands\/#primaryimage\"},\"image\":{\"@id\":\"https:\/\/fluxlasers.eu\/de\/produkt\/riser-stands\/#primaryimage\"},\"thumbnailUrl\":\"https:\/\/fluxlasers.eu\/wp-content\/uploads\/2025\/12\/add_ons_chuck_riser_whats_in_the_box_d2cf2320-1002-4bcd-b276-d1bee27c50ca.png\",\"datePublished\":\"2025-12-11T08:42:52+00:00\",\"breadcrumb\":{\"@id\":\"https:\/\/fluxlasers.eu\/de\/produkt\/riser-stands\/#breadcrumb\"},\"inLanguage\":\"de\",\"potentialAction\":[{\"@type\":\"ReadAction\",\"target\":[\"https:\/\/fluxlasers.eu\/de\/produkt\/riser-stands\/\"]}]},{\"@type\":\"ImageObject\",\"inLanguage\":\"de\",\"@id\":\"https:\/\/fluxlasers.eu\/de\/produkt\/riser-stands\/#primaryimage\",\"url\":\"https:\/\/fluxlasers.eu\/wp-content\/uploads\/2025\/12\/add_ons_chuck_riser_whats_in_the_box_d2cf2320-1002-4bcd-b276-d1bee27c50ca.png\",\"contentUrl\":\"https:\/\/fluxlasers.eu\/wp-content\/uploads\/2025\/12\/add_ons_chuck_riser_whats_in_the_box_d2cf2320-1002-4bcd-b276-d1bee27c50ca.png\",\"width\":823,\"height\":823},{\"@type\":\"BreadcrumbList\",\"@id\":\"https:\/\/fluxlasers.eu\/de\/produkt\/riser-stands\/#breadcrumb\",\"itemListElement\":[{\"@type\":\"ListItem\",\"position\":1,\"name\":\"Portada\",\"item\":\"https:\/\/fluxlasers.eu\/de\/startseite\/\"},{\"@type\":\"ListItem\",\"position\":2,\"name\":\"Shop\",\"item\":\"https:\/\/fluxlasers.eu\/de\/shop\/\"},{\"@type\":\"ListItem\",\"position\":3,\"name\":\"Riser Stands\"}]},{\"@type\":\"WebSite\",\"@id\":\"https:\/\/fluxlasers.eu\/de\/#website\",\"url\":\"https:\/\/fluxlasers.eu\/de\/\",\"name\":\"Flux - Bomedia\",\"description\":\"Lasercutter und -gravierer\",\"publisher\":{\"@id\":\"https:\/\/fluxlasers.eu\/de\/#organization\"},\"potentialAction\":[{\"@type\":\"SearchAction\",\"target\":{\"@type\":\"EntryPoint\",\"urlTemplate\":\"https:\/\/fluxlasers.eu\/de\/?s={search_term_string}\"},\"query-input\":{\"@type\":\"PropertyValueSpecification\",\"valueRequired\":true,\"valueName\":\"search_term_string\"}}],\"inLanguage\":\"de\"},{\"@type\":\"Organization\",\"@id\":\"https:\/\/fluxlasers.eu\/de\/#organization\",\"name\":\"Fluxlasers Espa\u00f1a\",\"url\":\"https:\/\/fluxlasers.eu\/de\/\",\"logo\":{\"@type\":\"ImageObject\",\"inLanguage\":\"de\",\"@id\":\"https:\/\/fluxlasers.eu\/de\/#\/schema\/logo\/image\/\",\"url\":\"https:\/\/fluxlasers.eu\/wp-content\/uploads\/2021\/03\/logofluxspainc.png\",\"contentUrl\":\"https:\/\/fluxlasers.eu\/wp-content\/uploads\/2021\/03\/logofluxspainc.png\",\"width\":350,\"height\":217,\"caption\":\"Fluxlasers Espa\u00f1a\"},\"image\":{\"@id\":\"https:\/\/fluxlasers.eu\/de\/#\/schema\/logo\/image\/\"}}]}<\/script>\n<!-- \/ Yoast SEO plugin. -->","yoast_head_json":{"title":"Riser Stands - Flux - Bomedia","robots":{"index":"index","follow":"follow","max-snippet":"max-snippet:-1","max-image-preview":"max-image-preview:large","max-video-preview":"max-video-preview:-1"},"canonical":"https:\/\/fluxlasers.eu\/de\/produkt\/riser-stands\/","og_locale":"de_DE","og_type":"article","og_title":"Riser Stands - Flux - Bomedia","og_description":"Mehr H\u00f6he f\u00fcr Ihren Chuck Rotary, mehr Gravurm\u00f6glichkeiten Die Riser Stands sind daf\u00fcr konzipiert, den Arbeitsbereich des Chuck Rotary in Ihrer Flux-Maschine anzuheben und schaffen so den zus\u00e4tzlichen Platz, der f\u00fcr die Bearbeitung breiterer Objekte oder solcher mit Griffen erforderlich ist, wie z. B. Stanley 40 oz Becher. Durch das Anheben der Chuck Rotary-Werkst\u00fcck-Einheit wird mehr Rotationsspielraum gewonnen und verhindert, dass das Objekt mit der Maschinenstruktur kollidiert, wodurch die Gravur volumin\u00f6ser Beh\u00e4lter ohne Einbu\u00dfen bei Stabilit\u00e4t und Pr\u00e4zision erleichtert wird. Sie sind die ideale Erg\u00e4nzung, wenn Sie das Beste aus dem Chuck Rotary mit gro\u00dfen, hohen oder geometrisch komplexen Produkten herausholen m\u00f6chten.","og_url":"https:\/\/fluxlasers.eu\/de\/produkt\/riser-stands\/","og_site_name":"Flux - Bomedia","og_image":[{"width":823,"height":823,"url":"https:\/\/fluxlasers.eu\/wp-content\/uploads\/2025\/12\/add_ons_chuck_riser_whats_in_the_box_d2cf2320-1002-4bcd-b276-d1bee27c50ca.png","type":"image\/png"}],"twitter_card":"summary_large_image","twitter_misc":{"Gesch\u00e4tzte Lesezeit":"1\u00a0Minute"},"schema":{"@context":"https:\/\/schema.org","@graph":[{"@type":"WebPage","@id":"https:\/\/fluxlasers.eu\/de\/produkt\/riser-stands\/","url":"https:\/\/fluxlasers.eu\/de\/produkt\/riser-stands\/","name":"Riser Stands - Flux - Bomedia","isPartOf":{"@id":"https:\/\/fluxlasers.eu\/de\/#website"},"primaryImageOfPage":{"@id":"https:\/\/fluxlasers.eu\/de\/produkt\/riser-stands\/#primaryimage"},"image":{"@id":"https:\/\/fluxlasers.eu\/de\/produkt\/riser-stands\/#primaryimage"},"thumbnailUrl":"https:\/\/fluxlasers.eu\/wp-content\/uploads\/2025\/12\/add_ons_chuck_riser_whats_in_the_box_d2cf2320-1002-4bcd-b276-d1bee27c50ca.png","datePublished":"2025-12-11T08:42:52+00:00","breadcrumb":{"@id":"https:\/\/fluxlasers.eu\/de\/produkt\/riser-stands\/#breadcrumb"},"inLanguage":"de","potentialAction":[{"@type":"ReadAction","target":["https:\/\/fluxlasers.eu\/de\/produkt\/riser-stands\/"]}]},{"@type":"ImageObject","inLanguage":"de","@id":"https:\/\/fluxlasers.eu\/de\/produkt\/riser-stands\/#primaryimage","url":"https:\/\/fluxlasers.eu\/wp-content\/uploads\/2025\/12\/add_ons_chuck_riser_whats_in_the_box_d2cf2320-1002-4bcd-b276-d1bee27c50ca.png","contentUrl":"https:\/\/fluxlasers.eu\/wp-content\/uploads\/2025\/12\/add_ons_chuck_riser_whats_in_the_box_d2cf2320-1002-4bcd-b276-d1bee27c50ca.png","width":823,"height":823},{"@type":"BreadcrumbList","@id":"https:\/\/fluxlasers.eu\/de\/produkt\/riser-stands\/#breadcrumb","itemListElement":[{"@type":"ListItem","position":1,"name":"Portada","item":"https:\/\/fluxlasers.eu\/de\/startseite\/"},{"@type":"ListItem","position":2,"name":"Shop","item":"https:\/\/fluxlasers.eu\/de\/shop\/"},{"@type":"ListItem","position":3,"name":"Riser Stands"}]},{"@type":"WebSite","@id":"https:\/\/fluxlasers.eu\/de\/#website","url":"https:\/\/fluxlasers.eu\/de\/","name":"Flux - Bomedia","description":"Lasercutter und -gravierer","publisher":{"@id":"https:\/\/fluxlasers.eu\/de\/#organization"},"potentialAction":[{"@type":"SearchAction","target":{"@type":"EntryPoint","urlTemplate":"https:\/\/fluxlasers.eu\/de\/?s={search_term_string}"},"query-input":{"@type":"PropertyValueSpecification","valueRequired":true,"valueName":"search_term_string"}}],"inLanguage":"de"},{"@type":"Organization","@id":"https:\/\/fluxlasers.eu\/de\/#organization","name":"Fluxlasers Espa\u00f1a","url":"https:\/\/fluxlasers.eu\/de\/","logo":{"@type":"ImageObject","inLanguage":"de","@id":"https:\/\/fluxlasers.eu\/de\/#\/schema\/logo\/image\/","url":"https:\/\/fluxlasers.eu\/wp-content\/uploads\/2021\/03\/logofluxspainc.png","contentUrl":"https:\/\/fluxlasers.eu\/wp-content\/uploads\/2021\/03\/logofluxspainc.png","width":350,"height":217,"caption":"Fluxlasers Espa\u00f1a"},"image":{"@id":"https:\/\/fluxlasers.eu\/de\/#\/schema\/logo\/image\/"}}]}},"_links":{"self":[{"href":"https:\/\/fluxlasers.eu\/de\/wp-json\/wp\/v2\/product\/8716","targetHints":{"allow":["GET"]}}],"collection":[{"href":"https:\/\/fluxlasers.eu\/de\/wp-json\/wp\/v2\/product"}],"about":[{"href":"https:\/\/fluxlasers.eu\/de\/wp-json\/wp\/v2\/types\/product"}],"replies":[{"embeddable":true,"href":"https:\/\/fluxlasers.eu\/de\/wp-json\/wp\/v2\/comments?post=8716"}],"wp:featuredmedia":[{"embeddable":true,"href":"https:\/\/fluxlasers.eu\/de\/wp-json\/wp\/v2\/media\/4295"}],"wp:attachment":[{"href":"https:\/\/fluxlasers.eu\/de\/wp-json\/wp\/v2\/media?parent=8716"}],"wp:term":[{"taxonomy":"product_brand","embeddable":true,"href":"https:\/\/fluxlasers.eu\/de\/wp-json\/wp\/v2\/product_brand?post=8716"},{"taxonomy":"product_cat","embeddable":true,"href":"https:\/\/fluxlasers.eu\/de\/wp-json\/wp\/v2\/product_cat?post=8716"},{"taxonomy":"product_tag","embeddable":true,"href":"https:\/\/fluxlasers.eu\/de\/wp-json\/wp\/v2\/product_tag?post=8716"}],"curies":[{"name":"wp","href":"https:\/\/api.w.org\/{rel}","templated":true}]}}