{"id":8663,"date":"2025-12-11T08:26:40","date_gmt":"2025-12-11T07:26:40","guid":{"rendered":"https:\/\/fluxlasers.eu\/producto\/passthrough-system-und-offene-basis-beambox-ii\/"},"modified":"2025-12-11T08:26:40","modified_gmt":"2025-12-11T07:26:40","slug":"passthrough-system-und-offene-basis-beambox-ii","status":"publish","type":"product","link":"https:\/\/fluxlasers.eu\/de\/produkt\/passthrough-system-und-offene-basis-beambox-ii\/","title":{"rendered":"Passthrough-System und offene Basis \u2014 Beambox II"},"content":{"rendered":"<h2 style=\"text-align: center;\">Mehr als ein Set: ein smartes Paket f\u00fcr gr\u00f6\u00dfere M\u00f6glichkeiten<\/h2>\n<p style=\"text-align: center;\">Verwalten Sie lange Materialien m\u00fchelos mit dem Passthrough-Modul, w\u00e4hrend der Auto Feeder Ihren Arbeitsablauf durch eine kontinuierliche und stabile Zufuhr beschleunigt. Maximieren Sie die Effizienz und bringen Sie Ihre Projekte weiter als je zuvor. <\/p>\n<p style=\"text-align: center;\"><strong>Unterst\u00fctzt extralange Materialien \u00b7 Reibungslose automatische Zufuhr \u00b7 Perfekte Ausrichtung \u00b7 H\u00f6here Produktivit\u00e4t<\/strong><\/p>\n<p style=\"text-align: center;\"><img decoding=\"async\" class=\"aligncenter wp-image-4224 size-full\" src=\"https:\/\/fluxlasers.eu\/wp-content\/uploads\/2025\/12\/0E5A3476.jpg\" alt=\"\" width=\"1920\" height=\"1280\" srcset=\"https:\/\/fluxlasers.eu\/wp-content\/uploads\/2025\/12\/0E5A3476.jpg 1920w, https:\/\/fluxlasers.eu\/wp-content\/uploads\/2025\/12\/0E5A3476-300x200.jpg 300w, https:\/\/fluxlasers.eu\/wp-content\/uploads\/2025\/12\/0E5A3476-1024x683.jpg 1024w, https:\/\/fluxlasers.eu\/wp-content\/uploads\/2025\/12\/0E5A3476-768x512.jpg 768w, https:\/\/fluxlasers.eu\/wp-content\/uploads\/2025\/12\/0E5A3476-1536x1024.jpg 1536w, https:\/\/fluxlasers.eu\/wp-content\/uploads\/2025\/12\/0E5A3476-600x400.jpg 600w\" sizes=\"(max-width: 1920px) 100vw, 1920px\" \/><\/p>\n<h2 style=\"text-align: center;\">Jetzt k\u00f6nnen Sie wirklich \u201eout of the box\u201c denken<\/h2>\n<p style=\"text-align: center;\">Erleben Sie einfacheres Materialmanagement dank der Passthrough- und Auto Feeder-Add-ons. Steigern Sie die Effizienz und reduzieren Sie Ausfallzeiten, indem Sie jede Produktion beschleunigen und stabilisieren. <\/p>\n<h2 style=\"text-align: center;\">Perfekte Ausrichtung, unendliche Kombinationen<\/h2>\n<p style=\"text-align: center;\">Die vielf\u00e4ltigen Konfigurationen erm\u00f6glichen die Anpassung an verschiedene Anwendungen und Gr\u00f6\u00dfen.<br \/>\nDies maximiert die Effizienz und reduziert Ausfallzeiten, wodurch schnellere und zuverl\u00e4ssigere Prozesse gew\u00e4hrleistet werden.<\/p>\n<h2 style=\"text-align: center;\">Material dicker als 14 mm? F\u00fchren Sie es einfach darunter durch! <\/h2>\n<p style=\"text-align: center;\">Der Auto Feeder nimmt Materialien bis zu <strong data-start=\"183\" data-end=\"192\">14 mm<\/strong> Dicke und <strong data-start=\"205\" data-end=\"215\">350 mm<\/strong> L\u00e4nge durch den daf\u00fcr vorgesehenen Schlitz auf. Ist Ihr Material dicker als <strong data-start=\"292\" data-end=\"301\">14 mm<\/strong>? Kein Problem: F\u00fchren Sie es direkt durch die \u00d6ffnung ein und Sie k\u00f6nnen selbst dicke Objekte wie Skateboards problemlos gravieren.  <\/p>\n<h2><img decoding=\"async\" class=\"aligncenter size-full wp-image-4217\" src=\"https:\/\/fluxlasers.eu\/wp-content\/uploads\/2025\/12\/0E5A3519-1.jpg\" alt=\"\" width=\"1920\" height=\"1280\" srcset=\"https:\/\/fluxlasers.eu\/wp-content\/uploads\/2025\/12\/0E5A3519-1.jpg 1920w, https:\/\/fluxlasers.eu\/wp-content\/uploads\/2025\/12\/0E5A3519-1-300x200.jpg 300w, https:\/\/fluxlasers.eu\/wp-content\/uploads\/2025\/12\/0E5A3519-1-1024x683.jpg 1024w, https:\/\/fluxlasers.eu\/wp-content\/uploads\/2025\/12\/0E5A3519-1-768x512.jpg 768w, https:\/\/fluxlasers.eu\/wp-content\/uploads\/2025\/12\/0E5A3519-1-1536x1024.jpg 1536w, https:\/\/fluxlasers.eu\/wp-content\/uploads\/2025\/12\/0E5A3519-1-600x400.jpg 600w\" sizes=\"(max-width: 1920px) 100vw, 1920px\" \/><\/h2>\n<h2 style=\"text-align: center;\">Detailliertes Design, f\u00fcr reibungslose Nutzung geschaffen<\/h2>\n<p style=\"text-align: center;\">Universal-Kugelrolle<\/p>\n<p style=\"text-align: center;\">St\u00fctzf\u00fc\u00dfe\/Plattformen<\/p>\n<p style=\"text-align: center;\">Materialpositionierungs-Vorrichtung<\/p>\n<p style=\"text-align: center;\">Materialklemmen<\/p>\n<h2 style=\"text-align: center;\"><strong>Spezifikationen \u2014 Passthrough Add-on<\/strong><\/h2>\n<p style=\"text-align: center;\">Produktgr\u00f6\u00dfe: 42 \u00d7 28 \u00d7 135 mm<\/p>\n<h3 style=\"text-align: center;\"><strong>Material<\/strong><\/h3>\n<p style=\"text-align: center;\">Maximalgewicht: 100 g<\/p>\n<p style=\"text-align: center;\">Maximale Tiefe: 14 mm<\/p>\n<p style=\"text-align: center;\">Maximale Breite: 350 mm<\/p>\n<h2 style=\"text-align: center;\">Lieferumfang<\/h2>\n<p><img decoding=\"async\" class=\"aligncenter wp-image-4232 size-full\" src=\"https:\/\/fluxlasers.eu\/wp-content\/uploads\/2025\/12\/passthrougheng.jpg\" alt=\"\" width=\"1164\" height=\"1084\" srcset=\"https:\/\/fluxlasers.eu\/wp-content\/uploads\/2025\/12\/passthrougheng.jpg 1164w, https:\/\/fluxlasers.eu\/wp-content\/uploads\/2025\/12\/passthrougheng-300x279.jpg 300w, https:\/\/fluxlasers.eu\/wp-content\/uploads\/2025\/12\/passthrougheng-1024x954.jpg 1024w, https:\/\/fluxlasers.eu\/wp-content\/uploads\/2025\/12\/passthrougheng-768x715.jpg 768w, https:\/\/fluxlasers.eu\/wp-content\/uploads\/2025\/12\/passthrougheng-600x559.jpg 600w\" sizes=\"(max-width: 1164px) 100vw, 1164px\" \/><\/p>\n<h3 style=\"text-align: center;\">Passthrough<\/h3>\n<p style=\"text-align: center;\">A \u2014 Laserschutzbrille<\/p>\n<p style=\"text-align: center;\">B \u2014 Laserverschluss<\/p>\n<p style=\"text-align: center;\">C \u2014 Laser-Kopfverl\u00e4ngerung<\/p>\n<p style=\"text-align: center;\">D \u2014 Wasserpumpenabdeckung f\u00fcr Beambox II<\/p>\n<p style=\"text-align: center;\">E \u2014 Fokussierungssonde<\/p>\n<p style=\"text-align: center;\">F \u2014 USB-Stick<\/p>\n<p style=\"text-align: center;\">\n","protected":false},"excerpt":{"rendered":"<p data-start=\"78\" data-end=\"284\"><strong data-start=\"78\" data-end=\"135\">Beambox II \u2013 Passthrough- und offene Boden-Erweiterung<\/strong><br data-start=\"135\" data-end=\"138\">Mit der Passthrough-Erweiterung verf\u00fcgt die Beambox II \u00fcber vordere und hintere \u00d6ffnungen, die Ihnen das m\u00fchelose Arbeiten mit l\u00e4ngeren Materialien erm\u00f6glichen.<\/p>\n<p data-start=\"286\" data-end=\"402\" data-is-last-node=\"\" data-is-only-node=\"\"><strong data-start=\"286\" data-end=\"319\">Produktspezifikationen<\/strong><br data-start=\"319\" data-end=\"322\">\u2713 <strong data-start=\"324\" data-end=\"356\" data-is-only-node=\"\">Passthrough-Tiefe:<\/strong> 1,4 cm<br data-start=\"363\" data-end=\"366\">\u2713 <strong data-start=\"368\" data-end=\"396\">Passthrough-Breite:<\/strong> 35 cm<\/p>\n","protected":false},"featured_media":4217,"comment_status":"closed","ping_status":"closed","template":"","meta":[],"product_brand":[],"product_cat":[361,313],"product_tag":[],"class_list":{"0":"post-8663","1":"product","2":"type-product","3":"status-publish","4":"has-post-thumbnail","6":"product_cat-beambox-zubehor","7":"product_cat-zubehor","9":"first","10":"instock","11":"taxable","12":"shipping-taxable","13":"purchasable","14":"product-type-simple"},"yoast_head":"<!-- This site is optimized with the Yoast SEO plugin v27.0 - https:\/\/yoast.com\/product\/yoast-seo-wordpress\/ -->\n<title>Passthrough-System und offene Basis \u2014 Beambox II - Flux - Bomedia<\/title>\n<meta name=\"robots\" content=\"index, follow, max-snippet:-1, max-image-preview:large, max-video-preview:-1\" \/>\n<link rel=\"canonical\" href=\"https:\/\/fluxlasers.eu\/de\/produkt\/passthrough-system-und-offene-basis-beambox-ii\/\" \/>\n<meta property=\"og:locale\" content=\"de_DE\" \/>\n<meta property=\"og:type\" content=\"article\" \/>\n<meta property=\"og:title\" content=\"Passthrough-System und offene Basis \u2014 Beambox II - Flux - Bomedia\" \/>\n<meta property=\"og:description\" content=\"Beambox II \u2013 Passthrough- und offene Boden-ErweiterungMit der Passthrough-Erweiterung verf\u00fcgt die Beambox II \u00fcber vordere und hintere \u00d6ffnungen, die Ihnen das m\u00fchelose Arbeiten mit l\u00e4ngeren Materialien erm\u00f6glichen. Produktspezifikationen\u2713 Passthrough-Tiefe: 1,4 cm\u2713 Passthrough-Breite: 35 cm\" \/>\n<meta property=\"og:url\" content=\"https:\/\/fluxlasers.eu\/de\/produkt\/passthrough-system-und-offene-basis-beambox-ii\/\" \/>\n<meta property=\"og:site_name\" content=\"Flux - Bomedia\" \/>\n<meta property=\"og:image\" content=\"https:\/\/fluxlasers.eu\/wp-content\/uploads\/2025\/12\/0E5A3519-1.jpg\" \/>\n\t<meta property=\"og:image:width\" content=\"1920\" \/>\n\t<meta property=\"og:image:height\" content=\"1280\" \/>\n\t<meta property=\"og:image:type\" content=\"image\/jpeg\" \/>\n<meta name=\"twitter:card\" content=\"summary_large_image\" \/>\n<meta name=\"twitter:label1\" content=\"Gesch\u00e4tzte Lesezeit\" \/>\n\t<meta name=\"twitter:data1\" content=\"1\u00a0Minute\" \/>\n<script type=\"application\/ld+json\" class=\"yoast-schema-graph\">{\"@context\":\"https:\/\/schema.org\",\"@graph\":[{\"@type\":\"WebPage\",\"@id\":\"https:\/\/fluxlasers.eu\/de\/produkt\/passthrough-system-und-offene-basis-beambox-ii\/\",\"url\":\"https:\/\/fluxlasers.eu\/de\/produkt\/passthrough-system-und-offene-basis-beambox-ii\/\",\"name\":\"Passthrough-System und offene Basis \u2014 Beambox II - Flux - Bomedia\",\"isPartOf\":{\"@id\":\"https:\/\/fluxlasers.eu\/de\/#website\"},\"primaryImageOfPage\":{\"@id\":\"https:\/\/fluxlasers.eu\/de\/produkt\/passthrough-system-und-offene-basis-beambox-ii\/#primaryimage\"},\"image\":{\"@id\":\"https:\/\/fluxlasers.eu\/de\/produkt\/passthrough-system-und-offene-basis-beambox-ii\/#primaryimage\"},\"thumbnailUrl\":\"https:\/\/fluxlasers.eu\/wp-content\/uploads\/2025\/12\/0E5A3519-1.jpg\",\"datePublished\":\"2025-12-11T07:26:40+00:00\",\"breadcrumb\":{\"@id\":\"https:\/\/fluxlasers.eu\/de\/produkt\/passthrough-system-und-offene-basis-beambox-ii\/#breadcrumb\"},\"inLanguage\":\"de\",\"potentialAction\":[{\"@type\":\"ReadAction\",\"target\":[\"https:\/\/fluxlasers.eu\/de\/produkt\/passthrough-system-und-offene-basis-beambox-ii\/\"]}]},{\"@type\":\"ImageObject\",\"inLanguage\":\"de\",\"@id\":\"https:\/\/fluxlasers.eu\/de\/produkt\/passthrough-system-und-offene-basis-beambox-ii\/#primaryimage\",\"url\":\"https:\/\/fluxlasers.eu\/wp-content\/uploads\/2025\/12\/0E5A3519-1.jpg\",\"contentUrl\":\"https:\/\/fluxlasers.eu\/wp-content\/uploads\/2025\/12\/0E5A3519-1.jpg\",\"width\":1920,\"height\":1280},{\"@type\":\"BreadcrumbList\",\"@id\":\"https:\/\/fluxlasers.eu\/de\/produkt\/passthrough-system-und-offene-basis-beambox-ii\/#breadcrumb\",\"itemListElement\":[{\"@type\":\"ListItem\",\"position\":1,\"name\":\"Portada\",\"item\":\"https:\/\/fluxlasers.eu\/de\/startseite\/\"},{\"@type\":\"ListItem\",\"position\":2,\"name\":\"Shop\",\"item\":\"https:\/\/fluxlasers.eu\/de\/shop\/\"},{\"@type\":\"ListItem\",\"position\":3,\"name\":\"Passthrough-System und offene Basis \u2014 Beambox II\"}]},{\"@type\":\"WebSite\",\"@id\":\"https:\/\/fluxlasers.eu\/de\/#website\",\"url\":\"https:\/\/fluxlasers.eu\/de\/\",\"name\":\"Flux - Bomedia\",\"description\":\"Lasercutter und -gravierer\",\"publisher\":{\"@id\":\"https:\/\/fluxlasers.eu\/de\/#organization\"},\"potentialAction\":[{\"@type\":\"SearchAction\",\"target\":{\"@type\":\"EntryPoint\",\"urlTemplate\":\"https:\/\/fluxlasers.eu\/de\/?s={search_term_string}\"},\"query-input\":{\"@type\":\"PropertyValueSpecification\",\"valueRequired\":true,\"valueName\":\"search_term_string\"}}],\"inLanguage\":\"de\"},{\"@type\":\"Organization\",\"@id\":\"https:\/\/fluxlasers.eu\/de\/#organization\",\"name\":\"Fluxlasers Espa\u00f1a\",\"url\":\"https:\/\/fluxlasers.eu\/de\/\",\"logo\":{\"@type\":\"ImageObject\",\"inLanguage\":\"de\",\"@id\":\"https:\/\/fluxlasers.eu\/de\/#\/schema\/logo\/image\/\",\"url\":\"https:\/\/fluxlasers.eu\/wp-content\/uploads\/2021\/03\/logofluxspainc.png\",\"contentUrl\":\"https:\/\/fluxlasers.eu\/wp-content\/uploads\/2021\/03\/logofluxspainc.png\",\"width\":350,\"height\":217,\"caption\":\"Fluxlasers Espa\u00f1a\"},\"image\":{\"@id\":\"https:\/\/fluxlasers.eu\/de\/#\/schema\/logo\/image\/\"}}]}<\/script>\n<!-- \/ Yoast SEO plugin. -->","yoast_head_json":{"title":"Passthrough-System und offene Basis \u2014 Beambox II - Flux - Bomedia","robots":{"index":"index","follow":"follow","max-snippet":"max-snippet:-1","max-image-preview":"max-image-preview:large","max-video-preview":"max-video-preview:-1"},"canonical":"https:\/\/fluxlasers.eu\/de\/produkt\/passthrough-system-und-offene-basis-beambox-ii\/","og_locale":"de_DE","og_type":"article","og_title":"Passthrough-System und offene Basis \u2014 Beambox II - Flux - Bomedia","og_description":"Beambox II \u2013 Passthrough- und offene Boden-ErweiterungMit der Passthrough-Erweiterung verf\u00fcgt die Beambox II \u00fcber vordere und hintere \u00d6ffnungen, die Ihnen das m\u00fchelose Arbeiten mit l\u00e4ngeren Materialien erm\u00f6glichen. Produktspezifikationen\u2713 Passthrough-Tiefe: 1,4 cm\u2713 Passthrough-Breite: 35 cm","og_url":"https:\/\/fluxlasers.eu\/de\/produkt\/passthrough-system-und-offene-basis-beambox-ii\/","og_site_name":"Flux - Bomedia","og_image":[{"width":1920,"height":1280,"url":"https:\/\/fluxlasers.eu\/wp-content\/uploads\/2025\/12\/0E5A3519-1.jpg","type":"image\/jpeg"}],"twitter_card":"summary_large_image","twitter_misc":{"Gesch\u00e4tzte Lesezeit":"1\u00a0Minute"},"schema":{"@context":"https:\/\/schema.org","@graph":[{"@type":"WebPage","@id":"https:\/\/fluxlasers.eu\/de\/produkt\/passthrough-system-und-offene-basis-beambox-ii\/","url":"https:\/\/fluxlasers.eu\/de\/produkt\/passthrough-system-und-offene-basis-beambox-ii\/","name":"Passthrough-System und offene Basis \u2014 Beambox II - Flux - Bomedia","isPartOf":{"@id":"https:\/\/fluxlasers.eu\/de\/#website"},"primaryImageOfPage":{"@id":"https:\/\/fluxlasers.eu\/de\/produkt\/passthrough-system-und-offene-basis-beambox-ii\/#primaryimage"},"image":{"@id":"https:\/\/fluxlasers.eu\/de\/produkt\/passthrough-system-und-offene-basis-beambox-ii\/#primaryimage"},"thumbnailUrl":"https:\/\/fluxlasers.eu\/wp-content\/uploads\/2025\/12\/0E5A3519-1.jpg","datePublished":"2025-12-11T07:26:40+00:00","breadcrumb":{"@id":"https:\/\/fluxlasers.eu\/de\/produkt\/passthrough-system-und-offene-basis-beambox-ii\/#breadcrumb"},"inLanguage":"de","potentialAction":[{"@type":"ReadAction","target":["https:\/\/fluxlasers.eu\/de\/produkt\/passthrough-system-und-offene-basis-beambox-ii\/"]}]},{"@type":"ImageObject","inLanguage":"de","@id":"https:\/\/fluxlasers.eu\/de\/produkt\/passthrough-system-und-offene-basis-beambox-ii\/#primaryimage","url":"https:\/\/fluxlasers.eu\/wp-content\/uploads\/2025\/12\/0E5A3519-1.jpg","contentUrl":"https:\/\/fluxlasers.eu\/wp-content\/uploads\/2025\/12\/0E5A3519-1.jpg","width":1920,"height":1280},{"@type":"BreadcrumbList","@id":"https:\/\/fluxlasers.eu\/de\/produkt\/passthrough-system-und-offene-basis-beambox-ii\/#breadcrumb","itemListElement":[{"@type":"ListItem","position":1,"name":"Portada","item":"https:\/\/fluxlasers.eu\/de\/startseite\/"},{"@type":"ListItem","position":2,"name":"Shop","item":"https:\/\/fluxlasers.eu\/de\/shop\/"},{"@type":"ListItem","position":3,"name":"Passthrough-System und offene Basis \u2014 Beambox II"}]},{"@type":"WebSite","@id":"https:\/\/fluxlasers.eu\/de\/#website","url":"https:\/\/fluxlasers.eu\/de\/","name":"Flux - Bomedia","description":"Lasercutter und -gravierer","publisher":{"@id":"https:\/\/fluxlasers.eu\/de\/#organization"},"potentialAction":[{"@type":"SearchAction","target":{"@type":"EntryPoint","urlTemplate":"https:\/\/fluxlasers.eu\/de\/?s={search_term_string}"},"query-input":{"@type":"PropertyValueSpecification","valueRequired":true,"valueName":"search_term_string"}}],"inLanguage":"de"},{"@type":"Organization","@id":"https:\/\/fluxlasers.eu\/de\/#organization","name":"Fluxlasers Espa\u00f1a","url":"https:\/\/fluxlasers.eu\/de\/","logo":{"@type":"ImageObject","inLanguage":"de","@id":"https:\/\/fluxlasers.eu\/de\/#\/schema\/logo\/image\/","url":"https:\/\/fluxlasers.eu\/wp-content\/uploads\/2021\/03\/logofluxspainc.png","contentUrl":"https:\/\/fluxlasers.eu\/wp-content\/uploads\/2021\/03\/logofluxspainc.png","width":350,"height":217,"caption":"Fluxlasers Espa\u00f1a"},"image":{"@id":"https:\/\/fluxlasers.eu\/de\/#\/schema\/logo\/image\/"}}]}},"_links":{"self":[{"href":"https:\/\/fluxlasers.eu\/de\/wp-json\/wp\/v2\/product\/8663","targetHints":{"allow":["GET"]}}],"collection":[{"href":"https:\/\/fluxlasers.eu\/de\/wp-json\/wp\/v2\/product"}],"about":[{"href":"https:\/\/fluxlasers.eu\/de\/wp-json\/wp\/v2\/types\/product"}],"replies":[{"embeddable":true,"href":"https:\/\/fluxlasers.eu\/de\/wp-json\/wp\/v2\/comments?post=8663"}],"wp:featuredmedia":[{"embeddable":true,"href":"https:\/\/fluxlasers.eu\/de\/wp-json\/wp\/v2\/media\/4217"}],"wp:attachment":[{"href":"https:\/\/fluxlasers.eu\/de\/wp-json\/wp\/v2\/media?parent=8663"}],"wp:term":[{"taxonomy":"product_brand","embeddable":true,"href":"https:\/\/fluxlasers.eu\/de\/wp-json\/wp\/v2\/product_brand?post=8663"},{"taxonomy":"product_cat","embeddable":true,"href":"https:\/\/fluxlasers.eu\/de\/wp-json\/wp\/v2\/product_cat?post=8663"},{"taxonomy":"product_tag","embeddable":true,"href":"https:\/\/fluxlasers.eu\/de\/wp-json\/wp\/v2\/product_tag?post=8663"}],"curies":[{"name":"wp","href":"https:\/\/api.w.org\/{rel}","templated":true}]}}