{"id":8516,"date":"2024-07-25T06:55:25","date_gmt":"2024-07-25T05:55:25","guid":{"rendered":"https:\/\/fluxlasers.eu\/producto\/beam-air-pro\/"},"modified":"2024-07-25T06:55:25","modified_gmt":"2024-07-25T05:55:25","slug":"beam-air-pro","status":"publish","type":"product","link":"https:\/\/fluxlasers.eu\/de\/produkt\/beam-air-pro\/","title":{"rendered":"BEAM AIR PRO"},"content":{"rendered":"<p>Der Beam Air Pro ist ein robuster Luftfilter, der f\u00fcr professionelle Laserschneider entwickelt wurde. Mit seinem schlanken und kompakten Design (68 x 38 x 61 cm) passt er in jeden Kreativraum, jedes B\u00fcro oder Klassenzimmer. <\/p>\n<p>Wenn dieser Luftfilter an einen FLUX Laserschneider angeschlossen wird, kann er seine Volumenregelung f\u00fcr eine optimale Leistung automatisch anpassen. Ein fortschrittliches dreistufiges Ger\u00e4uschreduzierungssystem sorgt f\u00fcr eine leisere Arbeitsumgebung. <\/p>\n<hr>\n<p><img decoding=\"async\" class=\"alignleft size-large wp-image-3648\" src=\"https:\/\/fluxlasers.eu\/wp-content\/uploads\/2024\/07\/DSC6048_-1024x683.jpeg\" alt=\"\" width=\"750\" height=\"500\" srcset=\"https:\/\/fluxlasers.eu\/wp-content\/uploads\/2024\/07\/DSC6048_-1024x683.jpeg 1024w, https:\/\/fluxlasers.eu\/wp-content\/uploads\/2024\/07\/DSC6048_-300x200.jpeg 300w, https:\/\/fluxlasers.eu\/wp-content\/uploads\/2024\/07\/DSC6048_-768x512.jpeg 768w, https:\/\/fluxlasers.eu\/wp-content\/uploads\/2024\/07\/DSC6048_-1536x1024.jpeg 1536w, https:\/\/fluxlasers.eu\/wp-content\/uploads\/2024\/07\/DSC6048_-600x400.jpeg 600w, https:\/\/fluxlasers.eu\/wp-content\/uploads\/2024\/07\/DSC6048_.jpeg 1920w\" sizes=\"(max-width: 750px) 100vw, 750px\" \/><\/p>\n<p>&nbsp;<\/p>\n<p>&nbsp;<\/p>\n<p>&nbsp;<\/p>\n<p>&nbsp;<\/p>\n<p>Der Beam Air Pro h\u00e4lt die Luft in Ihrem Arbeitsbereich frisch und sauber. Der Beam Air Pro ist der ideale Begleiter f\u00fcr unsere Laserschneider Beambox, Beambox Pro und HEXA. <\/p>\n<p>Wenn Sie den FLUX Beamo oder einen anderen kleineren Hobby-Laserschneider verwenden, ist der Beam Air eine perfekte Wahl.<\/p>\n<h3><\/h3>\n<h3><\/h3>\n<h3><\/h3>\n<h3><\/h3>\n<p>&nbsp;<\/p>\n<h3><\/h3>\n<hr>\n<h3><img decoding=\"async\" class=\"alignleft size-medium wp-image-3655\" src=\"https:\/\/fluxlasers.eu\/wp-content\/uploads\/2024\/07\/BAP-Exploded-View-no-text-156x300.jpg\" alt=\"\" width=\"156\" height=\"300\" srcset=\"https:\/\/fluxlasers.eu\/wp-content\/uploads\/2024\/07\/BAP-Exploded-View-no-text-156x300.jpg 156w, https:\/\/fluxlasers.eu\/wp-content\/uploads\/2024\/07\/BAP-Exploded-View-no-text-532x1024.jpg 532w, https:\/\/fluxlasers.eu\/wp-content\/uploads\/2024\/07\/BAP-Exploded-View-no-text-600x1156.jpg 600w, https:\/\/fluxlasers.eu\/wp-content\/uploads\/2024\/07\/BAP-Exploded-View-no-text.jpg 715w\" sizes=\"(max-width: 156px) 100vw, 156px\" \/><\/h3>\n<h3><\/h3>\n<h3>Filterwechsel<\/h3>\n<p>Vergessen Sie nicht, die Filter rechtzeitig zu wechseln:<\/p>\n<ul>\n<li>Vorfilter (4 \u2013 13 Stunden)<\/li>\n<li>Zwischenfilter (32 \u2013 100 Stunden)<\/li>\n<li>Hauptfilter (250 \u2013 800 Stunden)<\/li>\n<\/ul>\n<h3><\/h3>\n<p>&nbsp;<\/p>\n<p>&nbsp;<\/p>\n<hr>\n<p><img decoding=\"async\" class=\"size-large wp-image-3652 alignnone\" src=\"https:\/\/fluxlasers.eu\/wp-content\/uploads\/2024\/07\/contenido-box-1024x327.jpg\" alt=\"\" width=\"750\" height=\"240\" srcset=\"https:\/\/fluxlasers.eu\/wp-content\/uploads\/2024\/07\/contenido-box-1024x327.jpg 1024w, https:\/\/fluxlasers.eu\/wp-content\/uploads\/2024\/07\/contenido-box-300x96.jpg 300w, https:\/\/fluxlasers.eu\/wp-content\/uploads\/2024\/07\/contenido-box-768x245.jpg 768w, https:\/\/fluxlasers.eu\/wp-content\/uploads\/2024\/07\/contenido-box-600x191.jpg 600w, https:\/\/fluxlasers.eu\/wp-content\/uploads\/2024\/07\/contenido-box.jpg 1470w\" sizes=\"(max-width: 750px) 100vw, 750px\" \/><\/p>\n<h3>Lieferumfang<\/h3>\n<ol>\n<li>FLUX Beam Air Pro mit 1x Vorfilter, 1x Zwischenfilter, 1x Hauptfilter<\/li>\n<li>Dankeskarte<\/li>\n<li>Schnellstartanleitung<\/li>\n<li>Netzkabel<\/li>\n<li>USB-Kabel<\/li>\n<li>L\u00fcftungsschlauchschelle<\/li>\n<li>Vorfilter x4<\/li>\n<\/ol>\n<hr>\n<p><img decoding=\"async\" class=\"size-large wp-image-3653 alignnone\" src=\"https:\/\/fluxlasers.eu\/wp-content\/uploads\/2024\/07\/BA-Series-Screenshot-773x1024.jpg\" alt=\"\" width=\"750\" height=\"994\" srcset=\"https:\/\/fluxlasers.eu\/wp-content\/uploads\/2024\/07\/BA-Series-Screenshot-773x1024.jpg 773w, https:\/\/fluxlasers.eu\/wp-content\/uploads\/2024\/07\/BA-Series-Screenshot-227x300.jpg 227w, https:\/\/fluxlasers.eu\/wp-content\/uploads\/2024\/07\/BA-Series-Screenshot-768x1017.jpg 768w, https:\/\/fluxlasers.eu\/wp-content\/uploads\/2024\/07\/BA-Series-Screenshot-1160x1536.jpg 1160w, https:\/\/fluxlasers.eu\/wp-content\/uploads\/2024\/07\/BA-Series-Screenshot-600x795.jpg 600w, https:\/\/fluxlasers.eu\/wp-content\/uploads\/2024\/07\/BA-Series-Screenshot.jpg 1440w\" sizes=\"(max-width: 750px) 100vw, 750px\" \/><\/p>\n<h3>Spezifikationen<\/h3>\n<ul>\n<li><strong>Geeignet f\u00fcr:<\/strong> Beambox, HEXA<\/li>\n<li><strong>Filterschichten:<\/strong>\n<ul>\n<li>Vorfilter (4 \u2013 13 Stunden)<\/li>\n<li>Zwischenfilter (32 \u2013 100 Stunden)<\/li>\n<li>Hauptfilter (250 \u2013 800 Stunden)<\/li>\n<\/ul>\n<\/li>\n<li><strong>Systemdurchfluss:<\/strong> 173 CFM \/ 4898,8 Lpm | geringere Durchflussrate als Beam Air, aber mit h\u00f6herem Druck<\/li>\n<li><strong>Lufteinlassdurchmesser:<\/strong> Eingang: \u2300 100 mm \/ Ausgang: \u2300 118 mm<\/li>\n<li><strong>Abmessungen:<\/strong> 682 x 384 x 608 mm<\/li>\n<li><strong>Gewicht:<\/strong> 49 kg<\/li>\n<li><strong>Verpackungsgr\u00f6\u00dfe:<\/strong> 862 x 541 x 722 mm<\/li>\n<li><strong>Verpackungsgewicht:<\/strong> 51 kg<\/li>\n<li><strong>Spannung:<\/strong> AC 220V<\/li>\n<li><strong>Leistung:<\/strong> AC 100 \u2013 250 V<\/li>\n<li><strong>Filtration:<\/strong> Filtert 99,99995 % oder mehr der Schmutzpartikel &gt;0,1-0,2 \u00b5m (Unter normalen Umst\u00e4nden \/ normalem Gebrauch)<\/li>\n<\/ul>\n","protected":false},"excerpt":{"rendered":"<p>Halten Sie die Luft in Ihrem Arbeitsbereich, B\u00fcro oder Klassenzimmer sauber mit dem Beam Air Pro, einem Luftfilter f\u00fcr FLUX Beambox und HEXA oder andere professionelle Laserschneider.<\/p>\n","protected":false},"featured_media":3642,"comment_status":"closed","ping_status":"closed","template":"","meta":[],"product_brand":[],"product_cat":[361,326,313],"product_tag":[],"class_list":{"0":"post-8516","1":"product","2":"type-product","3":"status-publish","4":"has-post-thumbnail","6":"product_cat-beambox-zubehor","7":"product_cat-hexa-zubehor","8":"product_cat-zubehor","10":"first","11":"instock","12":"taxable","13":"shipping-taxable","14":"purchasable","15":"product-type-simple"},"yoast_head":"<!-- This site is optimized with the Yoast SEO plugin v27.0 - https:\/\/yoast.com\/product\/yoast-seo-wordpress\/ -->\n<title>BEAM AIR PRO - Flux - Bomedia<\/title>\n<meta name=\"robots\" content=\"index, follow, max-snippet:-1, max-image-preview:large, max-video-preview:-1\" \/>\n<link rel=\"canonical\" href=\"https:\/\/fluxlasers.eu\/de\/produkt\/beam-air-pro\/\" \/>\n<meta property=\"og:locale\" content=\"de_DE\" \/>\n<meta property=\"og:type\" content=\"article\" \/>\n<meta property=\"og:title\" content=\"BEAM AIR PRO - Flux - Bomedia\" \/>\n<meta property=\"og:description\" content=\"Halten Sie die Luft in Ihrem Arbeitsbereich, B\u00fcro oder Klassenzimmer sauber mit dem Beam Air Pro, einem Luftfilter f\u00fcr FLUX Beambox und HEXA oder andere professionelle Laserschneider.\" \/>\n<meta property=\"og:url\" content=\"https:\/\/fluxlasers.eu\/de\/produkt\/beam-air-pro\/\" \/>\n<meta property=\"og:site_name\" content=\"Flux - Bomedia\" \/>\n<meta property=\"og:image\" content=\"https:\/\/fluxlasers.eu\/wp-content\/uploads\/2024\/07\/BAP-Side-OFF.png\" \/>\n\t<meta property=\"og:image:width\" content=\"1200\" \/>\n\t<meta property=\"og:image:height\" content=\"1200\" \/>\n\t<meta property=\"og:image:type\" content=\"image\/png\" \/>\n<meta name=\"twitter:card\" content=\"summary_large_image\" \/>\n<meta name=\"twitter:label1\" content=\"Gesch\u00e4tzte Lesezeit\" \/>\n\t<meta name=\"twitter:data1\" content=\"1\u00a0Minute\" \/>\n<script type=\"application\/ld+json\" class=\"yoast-schema-graph\">{\"@context\":\"https:\/\/schema.org\",\"@graph\":[{\"@type\":\"WebPage\",\"@id\":\"https:\/\/fluxlasers.eu\/de\/produkt\/beam-air-pro\/\",\"url\":\"https:\/\/fluxlasers.eu\/de\/produkt\/beam-air-pro\/\",\"name\":\"BEAM AIR PRO - Flux - Bomedia\",\"isPartOf\":{\"@id\":\"https:\/\/fluxlasers.eu\/de\/#website\"},\"primaryImageOfPage\":{\"@id\":\"https:\/\/fluxlasers.eu\/de\/produkt\/beam-air-pro\/#primaryimage\"},\"image\":{\"@id\":\"https:\/\/fluxlasers.eu\/de\/produkt\/beam-air-pro\/#primaryimage\"},\"thumbnailUrl\":\"https:\/\/fluxlasers.eu\/wp-content\/uploads\/2024\/07\/BAP-Side-OFF.png\",\"datePublished\":\"2024-07-25T05:55:25+00:00\",\"breadcrumb\":{\"@id\":\"https:\/\/fluxlasers.eu\/de\/produkt\/beam-air-pro\/#breadcrumb\"},\"inLanguage\":\"de\",\"potentialAction\":[{\"@type\":\"ReadAction\",\"target\":[\"https:\/\/fluxlasers.eu\/de\/produkt\/beam-air-pro\/\"]}]},{\"@type\":\"ImageObject\",\"inLanguage\":\"de\",\"@id\":\"https:\/\/fluxlasers.eu\/de\/produkt\/beam-air-pro\/#primaryimage\",\"url\":\"https:\/\/fluxlasers.eu\/wp-content\/uploads\/2024\/07\/BAP-Side-OFF.png\",\"contentUrl\":\"https:\/\/fluxlasers.eu\/wp-content\/uploads\/2024\/07\/BAP-Side-OFF.png\",\"width\":1200,\"height\":1200},{\"@type\":\"BreadcrumbList\",\"@id\":\"https:\/\/fluxlasers.eu\/de\/produkt\/beam-air-pro\/#breadcrumb\",\"itemListElement\":[{\"@type\":\"ListItem\",\"position\":1,\"name\":\"Portada\",\"item\":\"https:\/\/fluxlasers.eu\/de\/startseite\/\"},{\"@type\":\"ListItem\",\"position\":2,\"name\":\"Shop\",\"item\":\"https:\/\/fluxlasers.eu\/de\/shop\/\"},{\"@type\":\"ListItem\",\"position\":3,\"name\":\"BEAM AIR PRO\"}]},{\"@type\":\"WebSite\",\"@id\":\"https:\/\/fluxlasers.eu\/de\/#website\",\"url\":\"https:\/\/fluxlasers.eu\/de\/\",\"name\":\"Flux - Bomedia\",\"description\":\"Lasercutter und -gravierer\",\"publisher\":{\"@id\":\"https:\/\/fluxlasers.eu\/de\/#organization\"},\"potentialAction\":[{\"@type\":\"SearchAction\",\"target\":{\"@type\":\"EntryPoint\",\"urlTemplate\":\"https:\/\/fluxlasers.eu\/de\/?s={search_term_string}\"},\"query-input\":{\"@type\":\"PropertyValueSpecification\",\"valueRequired\":true,\"valueName\":\"search_term_string\"}}],\"inLanguage\":\"de\"},{\"@type\":\"Organization\",\"@id\":\"https:\/\/fluxlasers.eu\/de\/#organization\",\"name\":\"Fluxlasers Espa\u00f1a\",\"url\":\"https:\/\/fluxlasers.eu\/de\/\",\"logo\":{\"@type\":\"ImageObject\",\"inLanguage\":\"de\",\"@id\":\"https:\/\/fluxlasers.eu\/de\/#\/schema\/logo\/image\/\",\"url\":\"https:\/\/fluxlasers.eu\/wp-content\/uploads\/2021\/03\/logofluxspainc.png\",\"contentUrl\":\"https:\/\/fluxlasers.eu\/wp-content\/uploads\/2021\/03\/logofluxspainc.png\",\"width\":350,\"height\":217,\"caption\":\"Fluxlasers Espa\u00f1a\"},\"image\":{\"@id\":\"https:\/\/fluxlasers.eu\/de\/#\/schema\/logo\/image\/\"}}]}<\/script>\n<!-- \/ Yoast SEO plugin. -->","yoast_head_json":{"title":"BEAM AIR PRO - Flux - Bomedia","robots":{"index":"index","follow":"follow","max-snippet":"max-snippet:-1","max-image-preview":"max-image-preview:large","max-video-preview":"max-video-preview:-1"},"canonical":"https:\/\/fluxlasers.eu\/de\/produkt\/beam-air-pro\/","og_locale":"de_DE","og_type":"article","og_title":"BEAM AIR PRO - Flux - Bomedia","og_description":"Halten Sie die Luft in Ihrem Arbeitsbereich, B\u00fcro oder Klassenzimmer sauber mit dem Beam Air Pro, einem Luftfilter f\u00fcr FLUX Beambox und HEXA oder andere professionelle Laserschneider.","og_url":"https:\/\/fluxlasers.eu\/de\/produkt\/beam-air-pro\/","og_site_name":"Flux - Bomedia","og_image":[{"width":1200,"height":1200,"url":"https:\/\/fluxlasers.eu\/wp-content\/uploads\/2024\/07\/BAP-Side-OFF.png","type":"image\/png"}],"twitter_card":"summary_large_image","twitter_misc":{"Gesch\u00e4tzte Lesezeit":"1\u00a0Minute"},"schema":{"@context":"https:\/\/schema.org","@graph":[{"@type":"WebPage","@id":"https:\/\/fluxlasers.eu\/de\/produkt\/beam-air-pro\/","url":"https:\/\/fluxlasers.eu\/de\/produkt\/beam-air-pro\/","name":"BEAM AIR PRO - Flux - Bomedia","isPartOf":{"@id":"https:\/\/fluxlasers.eu\/de\/#website"},"primaryImageOfPage":{"@id":"https:\/\/fluxlasers.eu\/de\/produkt\/beam-air-pro\/#primaryimage"},"image":{"@id":"https:\/\/fluxlasers.eu\/de\/produkt\/beam-air-pro\/#primaryimage"},"thumbnailUrl":"https:\/\/fluxlasers.eu\/wp-content\/uploads\/2024\/07\/BAP-Side-OFF.png","datePublished":"2024-07-25T05:55:25+00:00","breadcrumb":{"@id":"https:\/\/fluxlasers.eu\/de\/produkt\/beam-air-pro\/#breadcrumb"},"inLanguage":"de","potentialAction":[{"@type":"ReadAction","target":["https:\/\/fluxlasers.eu\/de\/produkt\/beam-air-pro\/"]}]},{"@type":"ImageObject","inLanguage":"de","@id":"https:\/\/fluxlasers.eu\/de\/produkt\/beam-air-pro\/#primaryimage","url":"https:\/\/fluxlasers.eu\/wp-content\/uploads\/2024\/07\/BAP-Side-OFF.png","contentUrl":"https:\/\/fluxlasers.eu\/wp-content\/uploads\/2024\/07\/BAP-Side-OFF.png","width":1200,"height":1200},{"@type":"BreadcrumbList","@id":"https:\/\/fluxlasers.eu\/de\/produkt\/beam-air-pro\/#breadcrumb","itemListElement":[{"@type":"ListItem","position":1,"name":"Portada","item":"https:\/\/fluxlasers.eu\/de\/startseite\/"},{"@type":"ListItem","position":2,"name":"Shop","item":"https:\/\/fluxlasers.eu\/de\/shop\/"},{"@type":"ListItem","position":3,"name":"BEAM AIR PRO"}]},{"@type":"WebSite","@id":"https:\/\/fluxlasers.eu\/de\/#website","url":"https:\/\/fluxlasers.eu\/de\/","name":"Flux - Bomedia","description":"Lasercutter und -gravierer","publisher":{"@id":"https:\/\/fluxlasers.eu\/de\/#organization"},"potentialAction":[{"@type":"SearchAction","target":{"@type":"EntryPoint","urlTemplate":"https:\/\/fluxlasers.eu\/de\/?s={search_term_string}"},"query-input":{"@type":"PropertyValueSpecification","valueRequired":true,"valueName":"search_term_string"}}],"inLanguage":"de"},{"@type":"Organization","@id":"https:\/\/fluxlasers.eu\/de\/#organization","name":"Fluxlasers Espa\u00f1a","url":"https:\/\/fluxlasers.eu\/de\/","logo":{"@type":"ImageObject","inLanguage":"de","@id":"https:\/\/fluxlasers.eu\/de\/#\/schema\/logo\/image\/","url":"https:\/\/fluxlasers.eu\/wp-content\/uploads\/2021\/03\/logofluxspainc.png","contentUrl":"https:\/\/fluxlasers.eu\/wp-content\/uploads\/2021\/03\/logofluxspainc.png","width":350,"height":217,"caption":"Fluxlasers Espa\u00f1a"},"image":{"@id":"https:\/\/fluxlasers.eu\/de\/#\/schema\/logo\/image\/"}}]}},"_links":{"self":[{"href":"https:\/\/fluxlasers.eu\/de\/wp-json\/wp\/v2\/product\/8516","targetHints":{"allow":["GET"]}}],"collection":[{"href":"https:\/\/fluxlasers.eu\/de\/wp-json\/wp\/v2\/product"}],"about":[{"href":"https:\/\/fluxlasers.eu\/de\/wp-json\/wp\/v2\/types\/product"}],"replies":[{"embeddable":true,"href":"https:\/\/fluxlasers.eu\/de\/wp-json\/wp\/v2\/comments?post=8516"}],"wp:featuredmedia":[{"embeddable":true,"href":"https:\/\/fluxlasers.eu\/de\/wp-json\/wp\/v2\/media\/3642"}],"wp:attachment":[{"href":"https:\/\/fluxlasers.eu\/de\/wp-json\/wp\/v2\/media?parent=8516"}],"wp:term":[{"taxonomy":"product_brand","embeddable":true,"href":"https:\/\/fluxlasers.eu\/de\/wp-json\/wp\/v2\/product_brand?post=8516"},{"taxonomy":"product_cat","embeddable":true,"href":"https:\/\/fluxlasers.eu\/de\/wp-json\/wp\/v2\/product_cat?post=8516"},{"taxonomy":"product_tag","embeddable":true,"href":"https:\/\/fluxlasers.eu\/de\/wp-json\/wp\/v2\/product_tag?post=8516"}],"curies":[{"name":"wp","href":"https:\/\/api.w.org\/{rel}","templated":true}]}}