{"id":8510,"date":"2024-06-04T09:41:38","date_gmt":"2024-06-04T08:41:38","guid":{"rendered":"https:\/\/fluxlasers.eu\/producto\/rotationsmodul-2-0-beambox\/"},"modified":"2026-02-27T13:36:25","modified_gmt":"2026-02-27T12:36:25","slug":"rotationsmodul-2-0-beambox","status":"publish","type":"product","link":"https:\/\/fluxlasers.eu\/de\/produkt\/rotationsmodul-2-0-beambox\/","title":{"rendered":"Rotationsmodul 2.0 Beambox"},"content":{"rendered":"<h2>ROTATIONSMODUL 2.0 BEAMBOX<\/h2>\n<p>&nbsp;<\/p>\n\r\n<div class=\"wp-block-columns is-layout-flex wp-container-core-columns-is-layout-9d6595d7 wp-block-columns-is-layout-flex\">\r\n<div class=\"wp-block-column is-vertically-aligned-center has-cyan-bluish-gray-background-color has-background is-layout-flow wp-block-column-is-layout-flow\">&#13;\n<h4 class=\"has-text-align-center wp-block-heading\">ROTARY 2.0: F\u00dcR KLEINE UND GROSSE ARTIKEL<\/h4>&#13;\n\r\n\r\n\r\n<div class=\"wp-block-columns is-layout-flex wp-container-core-columns-is-layout-9d6595d7 wp-block-columns-is-layout-flex\">\r\n<div class=\"wp-block-column is-layout-flow wp-block-column-is-layout-flow\">&#13;\n<div class=\"wp-block-image is-style-default\">&#13;\n<figure class=\"aligncenter size-full\"><img decoding=\"async\" width=\"100\" height=\"103\" class=\"wp-image-3572\" src=\"https:\/\/fluxlasers.eu\/wp-content\/uploads\/2024\/06\/rotary-01-ico-1.png\" alt=\"\"\/><\/figure>&#13;\n<\/div>&#13;\n\r\n\r\n&#13;\n<p class=\"has-text-align-center\">8\u201375 mm<br\/>Durchmesserbereich<\/p>&#13;\n<\/div>\r\n\r\n\r\n\r\n<div class=\"wp-block-column is-layout-flow wp-block-column-is-layout-flow\">&#13;\n<div class=\"wp-block-image is-style-default\">&#13;\n<figure class=\"aligncenter size-full\"><img decoding=\"async\" width=\"100\" height=\"103\" class=\"wp-image-3571\" src=\"https:\/\/fluxlasers.eu\/wp-content\/uploads\/2024\/06\/rotary-01-ico-2.png\" alt=\"\"\/><\/figure>&#13;\n<\/div>&#13;\n\r\n\r\n&#13;\n<p class=\"has-text-align-center\">370\/570 mm (Pro)<br\/>Maximale Materiall\u00e4nge<\/p>&#13;\n<\/div>\r\n<\/div>\r\n<\/div>\r\n\r\n\r\n\r\n<div class=\"wp-block-column is-layout-flow wp-block-column-is-layout-flow\">&#13;\n<figure class=\"wp-block-image size-full is-style-default\"><img decoding=\"async\" width=\"975\" height=\"767\" class=\"wp-image-3574\" src=\"https:\/\/fluxlasers.eu\/wp-content\/uploads\/2024\/06\/01-copy.jpg\" alt=\"\" srcset=\"https:\/\/fluxlasers.eu\/wp-content\/uploads\/2024\/06\/01-copy.jpg 975w, https:\/\/fluxlasers.eu\/wp-content\/uploads\/2024\/06\/01-copy-300x236.jpg 300w, https:\/\/fluxlasers.eu\/wp-content\/uploads\/2024\/06\/01-copy-768x604.jpg 768w, https:\/\/fluxlasers.eu\/wp-content\/uploads\/2024\/06\/01-copy-600x472.jpg 600w\" sizes=\"(max-width: 975px) 100vw, 975px\" \/><\/figure>&#13;\n<\/div>\r\n<\/div>\r\n\r\n<div class=\"wp-block-columns is-layout-flex wp-container-core-columns-is-layout-9d6595d7 wp-block-columns-is-layout-flex\">\r\n<div class=\"wp-block-column is-layout-flow wp-block-column-is-layout-flow\">&#13;\n<figure class=\"wp-block-image size-full is-style-default\"><img decoding=\"async\" width=\"867\" height=\"720\" class=\"wp-image-3576\" src=\"https:\/\/fluxlasers.eu\/wp-content\/uploads\/2024\/06\/02-copy.jpg\" alt=\"\" srcset=\"https:\/\/fluxlasers.eu\/wp-content\/uploads\/2024\/06\/02-copy.jpg 867w, https:\/\/fluxlasers.eu\/wp-content\/uploads\/2024\/06\/02-copy-300x249.jpg 300w, https:\/\/fluxlasers.eu\/wp-content\/uploads\/2024\/06\/02-copy-768x638.jpg 768w, https:\/\/fluxlasers.eu\/wp-content\/uploads\/2024\/06\/02-copy-600x498.jpg 600w\" sizes=\"(max-width: 867px) 100vw, 867px\" \/><\/figure>&#13;\n<\/div>\r\n\r\n\r\n\r\n<div class=\"wp-block-column is-vertically-aligned-center is-layout-flow wp-block-column-is-layout-flow\">&#13;\n<h4 class=\"has-text-align-center wp-block-heading\">ERWEITERTES ST\u00dcTZMODUL<\/h4>&#13;\n\r\n\r\n&#13;\n<p class=\"has-text-align-center\">Sie bestimmen den Winkel, w\u00e4hrend wir die Pr\u00e4zision sicherstellen. Das hochwertige St\u00fctzmodul macht das Gravieren konischer Objekte wie Wein- oder Sektgl\u00e4ser kinderleicht. <\/p>&#13;\n<\/div>\r\n<\/div>\r\n&#13;\n<figure class=\"wp-block-image size-large is-style-default\"><img decoding=\"async\" width=\"1024\" height=\"336\" class=\"wp-image-3577\" src=\"https:\/\/fluxlasers.eu\/wp-content\/uploads\/2024\/06\/03-1024x336.png\" alt=\"\" srcset=\"https:\/\/fluxlasers.eu\/wp-content\/uploads\/2024\/06\/03-1024x336.png 1024w, https:\/\/fluxlasers.eu\/wp-content\/uploads\/2024\/06\/03-300x98.png 300w, https:\/\/fluxlasers.eu\/wp-content\/uploads\/2024\/06\/03-768x252.png 768w, https:\/\/fluxlasers.eu\/wp-content\/uploads\/2024\/06\/03-1536x504.png 1536w, https:\/\/fluxlasers.eu\/wp-content\/uploads\/2024\/06\/03-600x197.png 600w, https:\/\/fluxlasers.eu\/wp-content\/uploads\/2024\/06\/03.png 1920w\" sizes=\"(max-width: 1024px) 100vw, 1024px\" \/><\/figure>&#13;\n\r\n<div class=\"wp-block-columns is-layout-flex wp-container-core-columns-is-layout-9d6595d7 wp-block-columns-is-layout-flex\">\r\n<div class=\"wp-block-column is-vertically-aligned-center is-layout-flow wp-block-column-is-layout-flow\">&#13;\n<h4 class=\"has-text-align-center wp-block-heading\">RUTSCHFESTE GUMMIWALZE<\/h4>&#13;\n\r\n\r\n&#13;\n<p class=\"has-text-align-center\">Die Gummiwalzen des Rotary 2.0 verbessern die Stabilit\u00e4t des zu gravierenden Objekts erheblich. Diese Verbesserung maximiert die Pr\u00e4zision und gew\u00e4hrleistet einen festen Halt beim Gravieren. <\/p>&#13;\n<\/div>\r\n\r\n\r\n\r\n<div class=\"wp-block-column is-layout-flow wp-block-column-is-layout-flow\">&#13;\n<figure class=\"wp-block-image size-full is-style-default\"><img decoding=\"async\" width=\"803\" height=\"662\" class=\"wp-image-3578\" src=\"https:\/\/fluxlasers.eu\/wp-content\/uploads\/2024\/06\/04-copy.png\" alt=\"\" srcset=\"https:\/\/fluxlasers.eu\/wp-content\/uploads\/2024\/06\/04-copy.png 803w, https:\/\/fluxlasers.eu\/wp-content\/uploads\/2024\/06\/04-copy-300x247.png 300w, https:\/\/fluxlasers.eu\/wp-content\/uploads\/2024\/06\/04-copy-768x633.png 768w, https:\/\/fluxlasers.eu\/wp-content\/uploads\/2024\/06\/04-copy-600x495.png 600w\" sizes=\"(max-width: 803px) 100vw, 803px\" \/><\/figure>&#13;\n<\/div>\r\n<\/div>\r\n\r\n<div class=\"wp-block-columns has-white-color has-black-background-color has-text-color has-background is-layout-flex wp-container-core-columns-is-layout-9d6595d7 wp-block-columns-is-layout-flex\">\r\n<div class=\"wp-block-column is-layout-flow wp-block-column-is-layout-flow\">&#13;\n<h4 class=\"has-text-align-center wp-block-heading\">DREHEN SIE IHRE FANTASIE<\/h4>&#13;\n\r\n\r\n&#13;\n<p class=\"has-text-align-center\">Rotary 2.0 erm\u00f6glicht Ihnen die einfache Personalisierung von Gl\u00e4sern, K\u00fcchenutensilien und Wohndekoration. Unendliche M\u00f6glichkeiten liegen jetzt in Ihrer Reichweite. <\/p>&#13;\n<\/div>\r\n\r\n\r\n\r\n<div class=\"wp-block-column is-layout-flow wp-block-column-is-layout-flow\">&#13;\n<figure class=\"wp-block-image size-large is-style-default\"><img decoding=\"async\" width=\"1024\" height=\"705\" class=\"wp-image-3579\" src=\"https:\/\/fluxlasers.eu\/wp-content\/uploads\/2024\/06\/06-copy-1024x705.jpg\" alt=\"\" srcset=\"https:\/\/fluxlasers.eu\/wp-content\/uploads\/2024\/06\/06-copy-1024x705.jpg 1024w, https:\/\/fluxlasers.eu\/wp-content\/uploads\/2024\/06\/06-copy-300x207.jpg 300w, https:\/\/fluxlasers.eu\/wp-content\/uploads\/2024\/06\/06-copy-768x529.jpg 768w, https:\/\/fluxlasers.eu\/wp-content\/uploads\/2024\/06\/06-copy-600x413.jpg 600w, https:\/\/fluxlasers.eu\/wp-content\/uploads\/2024\/06\/06-copy.jpg 1066w\" sizes=\"(max-width: 1024px) 100vw, 1024px\" \/><\/figure>&#13;\n<\/div>\r\n<\/div>\r\n\r\n<div class=\"wp-block-columns is-layout-flex wp-container-core-columns-is-layout-9d6595d7 wp-block-columns-is-layout-flex\">\r\n<div class=\"wp-block-column is-layout-flow wp-block-column-is-layout-flow\">&#13;\n<figure class=\"wp-block-image size-full is-style-default\"><img decoding=\"async\" width=\"440\" height=\"270\" class=\"wp-image-3581\" src=\"https:\/\/fluxlasers.eu\/wp-content\/uploads\/2024\/06\/rotary-07-a.jpg\" alt=\"\" srcset=\"https:\/\/fluxlasers.eu\/wp-content\/uploads\/2024\/06\/rotary-07-a.jpg 440w, https:\/\/fluxlasers.eu\/wp-content\/uploads\/2024\/06\/rotary-07-a-300x184.jpg 300w\" sizes=\"(max-width: 440px) 100vw, 440px\" \/>&#13;\n<figcaption>KRISTALLGL\u00c4SER<br\/>Kristall<\/figcaption>&#13;\n<\/figure>&#13;\n<\/div>\r\n\r\n\r\n\r\n<div class=\"wp-block-column is-layout-flow wp-block-column-is-layout-flow\">&#13;\n<figure class=\"wp-block-image size-full is-style-default\"><img decoding=\"async\" width=\"440\" height=\"270\" class=\"wp-image-3582\" src=\"https:\/\/fluxlasers.eu\/wp-content\/uploads\/2024\/06\/rotary-07-b.jpeg\" alt=\"\" srcset=\"https:\/\/fluxlasers.eu\/wp-content\/uploads\/2024\/06\/rotary-07-b.jpeg 440w, https:\/\/fluxlasers.eu\/wp-content\/uploads\/2024\/06\/rotary-07-b-300x184.jpeg 300w\" sizes=\"(max-width: 440px) 100vw, 440px\" \/>&#13;\n<figcaption>KONISCHE GL\u00c4SER<br\/>Holz<\/figcaption>&#13;\n<\/figure>&#13;\n<\/div>\r\n\r\n\r\n\r\n<div class=\"wp-block-column is-layout-flow wp-block-column-is-layout-flow\">&#13;\n<figure class=\"wp-block-image size-full is-style-default\"><img decoding=\"async\" width=\"440\" height=\"270\" class=\"wp-image-3583\" src=\"https:\/\/fluxlasers.eu\/wp-content\/uploads\/2024\/06\/rotary-07-c.jpg\" alt=\"\" srcset=\"https:\/\/fluxlasers.eu\/wp-content\/uploads\/2024\/06\/rotary-07-c.jpg 440w, https:\/\/fluxlasers.eu\/wp-content\/uploads\/2024\/06\/rotary-07-c-300x184.jpg 300w\" sizes=\"(max-width: 440px) 100vw, 440px\" \/>&#13;\n<figcaption>THERMOGL\u00c4SER<br\/>Edelstahl<\/figcaption>&#13;\n<\/figure>&#13;\n<\/div>\r\n<\/div>\r\n&#13;\n<figure class=\"wp-block-image size-large is-style-default\"><img decoding=\"async\" width=\"1024\" height=\"863\" class=\"wp-image-3585\" src=\"https:\/\/fluxlasers.eu\/wp-content\/uploads\/2024\/06\/08-copy-1024x863.jpg\" alt=\"\" srcset=\"https:\/\/fluxlasers.eu\/wp-content\/uploads\/2024\/06\/08-copy-1024x863.jpg 1024w, https:\/\/fluxlasers.eu\/wp-content\/uploads\/2024\/06\/08-copy-300x253.jpg 300w, https:\/\/fluxlasers.eu\/wp-content\/uploads\/2024\/06\/08-copy-768x647.jpg 768w, https:\/\/fluxlasers.eu\/wp-content\/uploads\/2024\/06\/08-copy-600x505.jpg 600w, https:\/\/fluxlasers.eu\/wp-content\/uploads\/2024\/06\/08-copy.jpg 1212w\" sizes=\"(max-width: 1024px) 100vw, 1024px\" \/><\/figure>&#13;\n","protected":false},"excerpt":{"rendered":"<p>Dies ist das verbesserte Rotationsmodul 2.0 f\u00fcr Beambox zum Gravieren zylindrischer Objekte.<\/p>\n","protected":false},"featured_media":3587,"comment_status":"closed","ping_status":"closed","template":"","meta":[],"product_brand":[],"product_cat":[361,313],"product_tag":[],"class_list":{"0":"post-8510","1":"product","2":"type-product","3":"status-publish","4":"has-post-thumbnail","6":"product_cat-beambox-zubehor","7":"product_cat-zubehor","9":"first","10":"instock","11":"taxable","12":"shipping-taxable","13":"purchasable","14":"product-type-simple"},"yoast_head":"<!-- This site is optimized with the Yoast SEO plugin v27.0 - https:\/\/yoast.com\/product\/yoast-seo-wordpress\/ -->\n<title>Rotationsmodul 2.0 Beambox - Flux - Bomedia<\/title>\n<meta name=\"robots\" content=\"index, follow, max-snippet:-1, max-image-preview:large, max-video-preview:-1\" \/>\n<link rel=\"canonical\" href=\"https:\/\/fluxlasers.eu\/de\/produkt\/rotationsmodul-2-0-beambox\/\" \/>\n<meta property=\"og:locale\" content=\"de_DE\" \/>\n<meta property=\"og:type\" content=\"article\" \/>\n<meta property=\"og:title\" content=\"Rotationsmodul 2.0 Beambox - Flux - Bomedia\" \/>\n<meta property=\"og:description\" content=\"Dies ist das verbesserte Rotationsmodul 2.0 f\u00fcr Beambox zum Gravieren zylindrischer Objekte.\" \/>\n<meta property=\"og:url\" content=\"https:\/\/fluxlasers.eu\/de\/produkt\/rotationsmodul-2-0-beambox\/\" \/>\n<meta property=\"og:site_name\" content=\"Flux - Bomedia\" \/>\n<meta property=\"article:modified_time\" content=\"2026-02-27T12:36:25+00:00\" \/>\n<meta property=\"og:image\" content=\"https:\/\/fluxlasers.eu\/wp-content\/uploads\/2024\/06\/DSC00955_1_.jpg\" \/>\n\t<meta property=\"og:image:width\" content=\"1920\" \/>\n\t<meta property=\"og:image:height\" content=\"1280\" \/>\n\t<meta property=\"og:image:type\" content=\"image\/jpeg\" \/>\n<meta name=\"twitter:card\" content=\"summary_large_image\" \/>\n<meta name=\"twitter:label1\" content=\"Gesch\u00e4tzte Lesezeit\" \/>\n\t<meta name=\"twitter:data1\" content=\"1\u00a0Minute\" \/>\n<script type=\"application\/ld+json\" class=\"yoast-schema-graph\">{\"@context\":\"https:\/\/schema.org\",\"@graph\":[{\"@type\":\"WebPage\",\"@id\":\"https:\/\/fluxlasers.eu\/de\/produkt\/rotationsmodul-2-0-beambox\/\",\"url\":\"https:\/\/fluxlasers.eu\/de\/produkt\/rotationsmodul-2-0-beambox\/\",\"name\":\"Rotationsmodul 2.0 Beambox - Flux - Bomedia\",\"isPartOf\":{\"@id\":\"https:\/\/fluxlasers.eu\/de\/#website\"},\"primaryImageOfPage\":{\"@id\":\"https:\/\/fluxlasers.eu\/de\/produkt\/rotationsmodul-2-0-beambox\/#primaryimage\"},\"image\":{\"@id\":\"https:\/\/fluxlasers.eu\/de\/produkt\/rotationsmodul-2-0-beambox\/#primaryimage\"},\"thumbnailUrl\":\"https:\/\/fluxlasers.eu\/wp-content\/uploads\/2024\/06\/DSC00955_1_.jpg\",\"datePublished\":\"2024-06-04T08:41:38+00:00\",\"dateModified\":\"2026-02-27T12:36:25+00:00\",\"breadcrumb\":{\"@id\":\"https:\/\/fluxlasers.eu\/de\/produkt\/rotationsmodul-2-0-beambox\/#breadcrumb\"},\"inLanguage\":\"de\",\"potentialAction\":[{\"@type\":\"ReadAction\",\"target\":[\"https:\/\/fluxlasers.eu\/de\/produkt\/rotationsmodul-2-0-beambox\/\"]}]},{\"@type\":\"ImageObject\",\"inLanguage\":\"de\",\"@id\":\"https:\/\/fluxlasers.eu\/de\/produkt\/rotationsmodul-2-0-beambox\/#primaryimage\",\"url\":\"https:\/\/fluxlasers.eu\/wp-content\/uploads\/2024\/06\/DSC00955_1_.jpg\",\"contentUrl\":\"https:\/\/fluxlasers.eu\/wp-content\/uploads\/2024\/06\/DSC00955_1_.jpg\",\"width\":1920,\"height\":1280},{\"@type\":\"BreadcrumbList\",\"@id\":\"https:\/\/fluxlasers.eu\/de\/produkt\/rotationsmodul-2-0-beambox\/#breadcrumb\",\"itemListElement\":[{\"@type\":\"ListItem\",\"position\":1,\"name\":\"Portada\",\"item\":\"https:\/\/fluxlasers.eu\/de\/startseite\/\"},{\"@type\":\"ListItem\",\"position\":2,\"name\":\"Shop\",\"item\":\"https:\/\/fluxlasers.eu\/de\/shop\/\"},{\"@type\":\"ListItem\",\"position\":3,\"name\":\"Rotationsmodul 2.0 Beambox\"}]},{\"@type\":\"WebSite\",\"@id\":\"https:\/\/fluxlasers.eu\/de\/#website\",\"url\":\"https:\/\/fluxlasers.eu\/de\/\",\"name\":\"Flux - Bomedia\",\"description\":\"Lasercutter und -gravierer\",\"publisher\":{\"@id\":\"https:\/\/fluxlasers.eu\/de\/#organization\"},\"potentialAction\":[{\"@type\":\"SearchAction\",\"target\":{\"@type\":\"EntryPoint\",\"urlTemplate\":\"https:\/\/fluxlasers.eu\/de\/?s={search_term_string}\"},\"query-input\":{\"@type\":\"PropertyValueSpecification\",\"valueRequired\":true,\"valueName\":\"search_term_string\"}}],\"inLanguage\":\"de\"},{\"@type\":\"Organization\",\"@id\":\"https:\/\/fluxlasers.eu\/de\/#organization\",\"name\":\"Fluxlasers Espa\u00f1a\",\"url\":\"https:\/\/fluxlasers.eu\/de\/\",\"logo\":{\"@type\":\"ImageObject\",\"inLanguage\":\"de\",\"@id\":\"https:\/\/fluxlasers.eu\/de\/#\/schema\/logo\/image\/\",\"url\":\"https:\/\/fluxlasers.eu\/wp-content\/uploads\/2021\/03\/logofluxspainc.png\",\"contentUrl\":\"https:\/\/fluxlasers.eu\/wp-content\/uploads\/2021\/03\/logofluxspainc.png\",\"width\":350,\"height\":217,\"caption\":\"Fluxlasers Espa\u00f1a\"},\"image\":{\"@id\":\"https:\/\/fluxlasers.eu\/de\/#\/schema\/logo\/image\/\"}}]}<\/script>\n<!-- \/ Yoast SEO plugin. -->","yoast_head_json":{"title":"Rotationsmodul 2.0 Beambox - Flux - Bomedia","robots":{"index":"index","follow":"follow","max-snippet":"max-snippet:-1","max-image-preview":"max-image-preview:large","max-video-preview":"max-video-preview:-1"},"canonical":"https:\/\/fluxlasers.eu\/de\/produkt\/rotationsmodul-2-0-beambox\/","og_locale":"de_DE","og_type":"article","og_title":"Rotationsmodul 2.0 Beambox - Flux - Bomedia","og_description":"Dies ist das verbesserte Rotationsmodul 2.0 f\u00fcr Beambox zum Gravieren zylindrischer Objekte.","og_url":"https:\/\/fluxlasers.eu\/de\/produkt\/rotationsmodul-2-0-beambox\/","og_site_name":"Flux - Bomedia","article_modified_time":"2026-02-27T12:36:25+00:00","og_image":[{"width":1920,"height":1280,"url":"https:\/\/fluxlasers.eu\/wp-content\/uploads\/2024\/06\/DSC00955_1_.jpg","type":"image\/jpeg"}],"twitter_card":"summary_large_image","twitter_misc":{"Gesch\u00e4tzte Lesezeit":"1\u00a0Minute"},"schema":{"@context":"https:\/\/schema.org","@graph":[{"@type":"WebPage","@id":"https:\/\/fluxlasers.eu\/de\/produkt\/rotationsmodul-2-0-beambox\/","url":"https:\/\/fluxlasers.eu\/de\/produkt\/rotationsmodul-2-0-beambox\/","name":"Rotationsmodul 2.0 Beambox - Flux - Bomedia","isPartOf":{"@id":"https:\/\/fluxlasers.eu\/de\/#website"},"primaryImageOfPage":{"@id":"https:\/\/fluxlasers.eu\/de\/produkt\/rotationsmodul-2-0-beambox\/#primaryimage"},"image":{"@id":"https:\/\/fluxlasers.eu\/de\/produkt\/rotationsmodul-2-0-beambox\/#primaryimage"},"thumbnailUrl":"https:\/\/fluxlasers.eu\/wp-content\/uploads\/2024\/06\/DSC00955_1_.jpg","datePublished":"2024-06-04T08:41:38+00:00","dateModified":"2026-02-27T12:36:25+00:00","breadcrumb":{"@id":"https:\/\/fluxlasers.eu\/de\/produkt\/rotationsmodul-2-0-beambox\/#breadcrumb"},"inLanguage":"de","potentialAction":[{"@type":"ReadAction","target":["https:\/\/fluxlasers.eu\/de\/produkt\/rotationsmodul-2-0-beambox\/"]}]},{"@type":"ImageObject","inLanguage":"de","@id":"https:\/\/fluxlasers.eu\/de\/produkt\/rotationsmodul-2-0-beambox\/#primaryimage","url":"https:\/\/fluxlasers.eu\/wp-content\/uploads\/2024\/06\/DSC00955_1_.jpg","contentUrl":"https:\/\/fluxlasers.eu\/wp-content\/uploads\/2024\/06\/DSC00955_1_.jpg","width":1920,"height":1280},{"@type":"BreadcrumbList","@id":"https:\/\/fluxlasers.eu\/de\/produkt\/rotationsmodul-2-0-beambox\/#breadcrumb","itemListElement":[{"@type":"ListItem","position":1,"name":"Portada","item":"https:\/\/fluxlasers.eu\/de\/startseite\/"},{"@type":"ListItem","position":2,"name":"Shop","item":"https:\/\/fluxlasers.eu\/de\/shop\/"},{"@type":"ListItem","position":3,"name":"Rotationsmodul 2.0 Beambox"}]},{"@type":"WebSite","@id":"https:\/\/fluxlasers.eu\/de\/#website","url":"https:\/\/fluxlasers.eu\/de\/","name":"Flux - Bomedia","description":"Lasercutter und -gravierer","publisher":{"@id":"https:\/\/fluxlasers.eu\/de\/#organization"},"potentialAction":[{"@type":"SearchAction","target":{"@type":"EntryPoint","urlTemplate":"https:\/\/fluxlasers.eu\/de\/?s={search_term_string}"},"query-input":{"@type":"PropertyValueSpecification","valueRequired":true,"valueName":"search_term_string"}}],"inLanguage":"de"},{"@type":"Organization","@id":"https:\/\/fluxlasers.eu\/de\/#organization","name":"Fluxlasers Espa\u00f1a","url":"https:\/\/fluxlasers.eu\/de\/","logo":{"@type":"ImageObject","inLanguage":"de","@id":"https:\/\/fluxlasers.eu\/de\/#\/schema\/logo\/image\/","url":"https:\/\/fluxlasers.eu\/wp-content\/uploads\/2021\/03\/logofluxspainc.png","contentUrl":"https:\/\/fluxlasers.eu\/wp-content\/uploads\/2021\/03\/logofluxspainc.png","width":350,"height":217,"caption":"Fluxlasers Espa\u00f1a"},"image":{"@id":"https:\/\/fluxlasers.eu\/de\/#\/schema\/logo\/image\/"}}]}},"_links":{"self":[{"href":"https:\/\/fluxlasers.eu\/de\/wp-json\/wp\/v2\/product\/8510","targetHints":{"allow":["GET"]}}],"collection":[{"href":"https:\/\/fluxlasers.eu\/de\/wp-json\/wp\/v2\/product"}],"about":[{"href":"https:\/\/fluxlasers.eu\/de\/wp-json\/wp\/v2\/types\/product"}],"replies":[{"embeddable":true,"href":"https:\/\/fluxlasers.eu\/de\/wp-json\/wp\/v2\/comments?post=8510"}],"wp:featuredmedia":[{"embeddable":true,"href":"https:\/\/fluxlasers.eu\/de\/wp-json\/wp\/v2\/media\/3587"}],"wp:attachment":[{"href":"https:\/\/fluxlasers.eu\/de\/wp-json\/wp\/v2\/media?parent=8510"}],"wp:term":[{"taxonomy":"product_brand","embeddable":true,"href":"https:\/\/fluxlasers.eu\/de\/wp-json\/wp\/v2\/product_brand?post=8510"},{"taxonomy":"product_cat","embeddable":true,"href":"https:\/\/fluxlasers.eu\/de\/wp-json\/wp\/v2\/product_cat?post=8510"},{"taxonomy":"product_tag","embeddable":true,"href":"https:\/\/fluxlasers.eu\/de\/wp-json\/wp\/v2\/product_tag?post=8510"}],"curies":[{"name":"wp","href":"https:\/\/api.w.org\/{rel}","templated":true}]}}