{"id":8478,"date":"2023-11-07T12:37:01","date_gmt":"2023-11-07T12:37:01","guid":{"rendered":"https:\/\/fluxlasers.eu\/producto\/gelb-ador-loesungsmitteltintenpatrone\/"},"modified":"2023-11-07T12:37:01","modified_gmt":"2023-11-07T11:37:01","slug":"gelb-ador-loesungsmitteltintenpatrone","status":"publish","type":"product","link":"https:\/\/fluxlasers.eu\/de\/produkt\/gelb-ador-loesungsmitteltintenpatrone\/","title":{"rendered":"Gelb \u2013 Ador L\u00f6sungsmitteltintenpatrone"},"content":{"rendered":"<p><strong>ADOR L\u00d6SUNGSMITTELTINTE FARBE GELB<\/strong><\/p>\n<p>Die Ador L\u00f6sungsmitteltinte wurde speziell f\u00fcr das Ador Druckmodul entwickelt, um die bestm\u00f6glich lebendigen Farben f\u00fcr Ihre Designs zu gew\u00e4hrleisten.<\/p>\n<p><strong>W\u00c4HLEN SIE WEITERE FARBEN F\u00dcR FARBMISCHUNG ODER VERLAUFSDRUCK:<\/strong><\/p>\n<ul>\n<li>Cyan<\/li>\n<li>Magenta<\/li>\n<li>Gelb<\/li>\n<li>Schwarz<\/li>\n<\/ul>\n<p><strong>LAGERUNG DER TINTE:<\/strong><\/p>\n<p>Sie k\u00f6nnen die Tintenpatronen bis zu 6 Monate lagern.<\/p>\n","protected":false},"excerpt":{"rendered":"<p><strong>Ersatzpatrone Farbe Gelb<\/strong><\/p>\n<p>Die Ador L\u00f6sungsmitteltinte wurde speziell f\u00fcr das Ador Druckmodul entwickelt, um die bestm\u00f6glich lebendigen Farben f\u00fcr Ihre Designs zu gew\u00e4hrleisten.<\/p>\n","protected":false},"featured_media":3318,"comment_status":"closed","ping_status":"closed","template":"","meta":[],"product_brand":[],"product_cat":[354,305],"product_tag":[],"class_list":{"0":"post-8478","1":"product","2":"type-product","3":"status-publish","4":"has-post-thumbnail","6":"product_cat-ador-tinten","7":"product_cat-flux-ador","9":"first","10":"instock","11":"taxable","12":"shipping-taxable","13":"purchasable","14":"product-type-simple"},"yoast_head":"<!-- This site is optimized with the Yoast SEO plugin v27.0 - https:\/\/yoast.com\/product\/yoast-seo-wordpress\/ -->\n<title>Gelb \u2013 Ador L\u00f6sungsmitteltintenpatrone - Flux - Bomedia<\/title>\n<meta name=\"robots\" content=\"index, follow, max-snippet:-1, max-image-preview:large, max-video-preview:-1\" \/>\n<link rel=\"canonical\" href=\"https:\/\/fluxlasers.eu\/de\/produkt\/gelb-ador-loesungsmitteltintenpatrone\/\" \/>\n<meta property=\"og:locale\" content=\"de_DE\" \/>\n<meta property=\"og:type\" content=\"article\" \/>\n<meta property=\"og:title\" content=\"Gelb \u2013 Ador L\u00f6sungsmitteltintenpatrone - Flux - Bomedia\" \/>\n<meta property=\"og:description\" content=\"Ersatzpatrone Farbe Gelb Die Ador L\u00f6sungsmitteltinte wurde speziell f\u00fcr das Ador Druckmodul entwickelt, um die bestm\u00f6glich lebendigen Farben f\u00fcr Ihre Designs zu gew\u00e4hrleisten.\" \/>\n<meta property=\"og:url\" content=\"https:\/\/fluxlasers.eu\/de\/produkt\/gelb-ador-loesungsmitteltintenpatrone\/\" \/>\n<meta property=\"og:site_name\" content=\"Flux - Bomedia\" \/>\n<meta property=\"og:image\" content=\"https:\/\/fluxlasers.eu\/wp-content\/uploads\/2023\/11\/flux-ador-solvent-ink-yellow-2.jpg\" \/>\n\t<meta property=\"og:image:width\" content=\"1920\" \/>\n\t<meta property=\"og:image:height\" content=\"1920\" \/>\n\t<meta property=\"og:image:type\" content=\"image\/jpeg\" \/>\n<meta name=\"twitter:card\" content=\"summary_large_image\" \/>\n<script type=\"application\/ld+json\" class=\"yoast-schema-graph\">{\"@context\":\"https:\/\/schema.org\",\"@graph\":[{\"@type\":\"WebPage\",\"@id\":\"https:\/\/fluxlasers.eu\/de\/produkt\/gelb-ador-loesungsmitteltintenpatrone\/\",\"url\":\"https:\/\/fluxlasers.eu\/de\/produkt\/gelb-ador-loesungsmitteltintenpatrone\/\",\"name\":\"Gelb \u2013 Ador L\u00f6sungsmitteltintenpatrone - Flux - Bomedia\",\"isPartOf\":{\"@id\":\"https:\/\/fluxlasers.eu\/de\/#website\"},\"primaryImageOfPage\":{\"@id\":\"https:\/\/fluxlasers.eu\/de\/produkt\/gelb-ador-loesungsmitteltintenpatrone\/#primaryimage\"},\"image\":{\"@id\":\"https:\/\/fluxlasers.eu\/de\/produkt\/gelb-ador-loesungsmitteltintenpatrone\/#primaryimage\"},\"thumbnailUrl\":\"https:\/\/fluxlasers.eu\/wp-content\/uploads\/2023\/11\/flux-ador-solvent-ink-yellow-2.jpg\",\"datePublished\":\"2023-11-07T12:37:01+00:00\",\"breadcrumb\":{\"@id\":\"https:\/\/fluxlasers.eu\/de\/produkt\/gelb-ador-loesungsmitteltintenpatrone\/#breadcrumb\"},\"inLanguage\":\"de\",\"potentialAction\":[{\"@type\":\"ReadAction\",\"target\":[\"https:\/\/fluxlasers.eu\/de\/produkt\/gelb-ador-loesungsmitteltintenpatrone\/\"]}]},{\"@type\":\"ImageObject\",\"inLanguage\":\"de\",\"@id\":\"https:\/\/fluxlasers.eu\/de\/produkt\/gelb-ador-loesungsmitteltintenpatrone\/#primaryimage\",\"url\":\"https:\/\/fluxlasers.eu\/wp-content\/uploads\/2023\/11\/flux-ador-solvent-ink-yellow-2.jpg\",\"contentUrl\":\"https:\/\/fluxlasers.eu\/wp-content\/uploads\/2023\/11\/flux-ador-solvent-ink-yellow-2.jpg\",\"width\":1920,\"height\":1920},{\"@type\":\"BreadcrumbList\",\"@id\":\"https:\/\/fluxlasers.eu\/de\/produkt\/gelb-ador-loesungsmitteltintenpatrone\/#breadcrumb\",\"itemListElement\":[{\"@type\":\"ListItem\",\"position\":1,\"name\":\"Portada\",\"item\":\"https:\/\/fluxlasers.eu\/de\/startseite\/\"},{\"@type\":\"ListItem\",\"position\":2,\"name\":\"Shop\",\"item\":\"https:\/\/fluxlasers.eu\/de\/shop\/\"},{\"@type\":\"ListItem\",\"position\":3,\"name\":\"Gelb \u2013 Ador L\u00f6sungsmitteltintenpatrone\"}]},{\"@type\":\"WebSite\",\"@id\":\"https:\/\/fluxlasers.eu\/de\/#website\",\"url\":\"https:\/\/fluxlasers.eu\/de\/\",\"name\":\"Flux - Bomedia\",\"description\":\"Lasercutter und -gravierer\",\"publisher\":{\"@id\":\"https:\/\/fluxlasers.eu\/de\/#organization\"},\"potentialAction\":[{\"@type\":\"SearchAction\",\"target\":{\"@type\":\"EntryPoint\",\"urlTemplate\":\"https:\/\/fluxlasers.eu\/de\/?s={search_term_string}\"},\"query-input\":{\"@type\":\"PropertyValueSpecification\",\"valueRequired\":true,\"valueName\":\"search_term_string\"}}],\"inLanguage\":\"de\"},{\"@type\":\"Organization\",\"@id\":\"https:\/\/fluxlasers.eu\/de\/#organization\",\"name\":\"Fluxlasers Espa\u00f1a\",\"url\":\"https:\/\/fluxlasers.eu\/de\/\",\"logo\":{\"@type\":\"ImageObject\",\"inLanguage\":\"de\",\"@id\":\"https:\/\/fluxlasers.eu\/de\/#\/schema\/logo\/image\/\",\"url\":\"https:\/\/fluxlasers.eu\/wp-content\/uploads\/2021\/03\/logofluxspainc.png\",\"contentUrl\":\"https:\/\/fluxlasers.eu\/wp-content\/uploads\/2021\/03\/logofluxspainc.png\",\"width\":350,\"height\":217,\"caption\":\"Fluxlasers Espa\u00f1a\"},\"image\":{\"@id\":\"https:\/\/fluxlasers.eu\/de\/#\/schema\/logo\/image\/\"}}]}<\/script>\n<!-- \/ Yoast SEO plugin. -->","yoast_head_json":{"title":"Gelb \u2013 Ador L\u00f6sungsmitteltintenpatrone - Flux - Bomedia","robots":{"index":"index","follow":"follow","max-snippet":"max-snippet:-1","max-image-preview":"max-image-preview:large","max-video-preview":"max-video-preview:-1"},"canonical":"https:\/\/fluxlasers.eu\/de\/produkt\/gelb-ador-loesungsmitteltintenpatrone\/","og_locale":"de_DE","og_type":"article","og_title":"Gelb \u2013 Ador L\u00f6sungsmitteltintenpatrone - Flux - Bomedia","og_description":"Ersatzpatrone Farbe Gelb Die Ador L\u00f6sungsmitteltinte wurde speziell f\u00fcr das Ador Druckmodul entwickelt, um die bestm\u00f6glich lebendigen Farben f\u00fcr Ihre Designs zu gew\u00e4hrleisten.","og_url":"https:\/\/fluxlasers.eu\/de\/produkt\/gelb-ador-loesungsmitteltintenpatrone\/","og_site_name":"Flux - Bomedia","og_image":[{"width":1920,"height":1920,"url":"https:\/\/fluxlasers.eu\/wp-content\/uploads\/2023\/11\/flux-ador-solvent-ink-yellow-2.jpg","type":"image\/jpeg"}],"twitter_card":"summary_large_image","schema":{"@context":"https:\/\/schema.org","@graph":[{"@type":"WebPage","@id":"https:\/\/fluxlasers.eu\/de\/produkt\/gelb-ador-loesungsmitteltintenpatrone\/","url":"https:\/\/fluxlasers.eu\/de\/produkt\/gelb-ador-loesungsmitteltintenpatrone\/","name":"Gelb \u2013 Ador L\u00f6sungsmitteltintenpatrone - Flux - Bomedia","isPartOf":{"@id":"https:\/\/fluxlasers.eu\/de\/#website"},"primaryImageOfPage":{"@id":"https:\/\/fluxlasers.eu\/de\/produkt\/gelb-ador-loesungsmitteltintenpatrone\/#primaryimage"},"image":{"@id":"https:\/\/fluxlasers.eu\/de\/produkt\/gelb-ador-loesungsmitteltintenpatrone\/#primaryimage"},"thumbnailUrl":"https:\/\/fluxlasers.eu\/wp-content\/uploads\/2023\/11\/flux-ador-solvent-ink-yellow-2.jpg","datePublished":"2023-11-07T12:37:01+00:00","breadcrumb":{"@id":"https:\/\/fluxlasers.eu\/de\/produkt\/gelb-ador-loesungsmitteltintenpatrone\/#breadcrumb"},"inLanguage":"de","potentialAction":[{"@type":"ReadAction","target":["https:\/\/fluxlasers.eu\/de\/produkt\/gelb-ador-loesungsmitteltintenpatrone\/"]}]},{"@type":"ImageObject","inLanguage":"de","@id":"https:\/\/fluxlasers.eu\/de\/produkt\/gelb-ador-loesungsmitteltintenpatrone\/#primaryimage","url":"https:\/\/fluxlasers.eu\/wp-content\/uploads\/2023\/11\/flux-ador-solvent-ink-yellow-2.jpg","contentUrl":"https:\/\/fluxlasers.eu\/wp-content\/uploads\/2023\/11\/flux-ador-solvent-ink-yellow-2.jpg","width":1920,"height":1920},{"@type":"BreadcrumbList","@id":"https:\/\/fluxlasers.eu\/de\/produkt\/gelb-ador-loesungsmitteltintenpatrone\/#breadcrumb","itemListElement":[{"@type":"ListItem","position":1,"name":"Portada","item":"https:\/\/fluxlasers.eu\/de\/startseite\/"},{"@type":"ListItem","position":2,"name":"Shop","item":"https:\/\/fluxlasers.eu\/de\/shop\/"},{"@type":"ListItem","position":3,"name":"Gelb \u2013 Ador L\u00f6sungsmitteltintenpatrone"}]},{"@type":"WebSite","@id":"https:\/\/fluxlasers.eu\/de\/#website","url":"https:\/\/fluxlasers.eu\/de\/","name":"Flux - Bomedia","description":"Lasercutter und -gravierer","publisher":{"@id":"https:\/\/fluxlasers.eu\/de\/#organization"},"potentialAction":[{"@type":"SearchAction","target":{"@type":"EntryPoint","urlTemplate":"https:\/\/fluxlasers.eu\/de\/?s={search_term_string}"},"query-input":{"@type":"PropertyValueSpecification","valueRequired":true,"valueName":"search_term_string"}}],"inLanguage":"de"},{"@type":"Organization","@id":"https:\/\/fluxlasers.eu\/de\/#organization","name":"Fluxlasers Espa\u00f1a","url":"https:\/\/fluxlasers.eu\/de\/","logo":{"@type":"ImageObject","inLanguage":"de","@id":"https:\/\/fluxlasers.eu\/de\/#\/schema\/logo\/image\/","url":"https:\/\/fluxlasers.eu\/wp-content\/uploads\/2021\/03\/logofluxspainc.png","contentUrl":"https:\/\/fluxlasers.eu\/wp-content\/uploads\/2021\/03\/logofluxspainc.png","width":350,"height":217,"caption":"Fluxlasers Espa\u00f1a"},"image":{"@id":"https:\/\/fluxlasers.eu\/de\/#\/schema\/logo\/image\/"}}]}},"_links":{"self":[{"href":"https:\/\/fluxlasers.eu\/de\/wp-json\/wp\/v2\/product\/8478","targetHints":{"allow":["GET"]}}],"collection":[{"href":"https:\/\/fluxlasers.eu\/de\/wp-json\/wp\/v2\/product"}],"about":[{"href":"https:\/\/fluxlasers.eu\/de\/wp-json\/wp\/v2\/types\/product"}],"replies":[{"embeddable":true,"href":"https:\/\/fluxlasers.eu\/de\/wp-json\/wp\/v2\/comments?post=8478"}],"wp:featuredmedia":[{"embeddable":true,"href":"https:\/\/fluxlasers.eu\/de\/wp-json\/wp\/v2\/media\/3318"}],"wp:attachment":[{"href":"https:\/\/fluxlasers.eu\/de\/wp-json\/wp\/v2\/media?parent=8478"}],"wp:term":[{"taxonomy":"product_brand","embeddable":true,"href":"https:\/\/fluxlasers.eu\/de\/wp-json\/wp\/v2\/product_brand?post=8478"},{"taxonomy":"product_cat","embeddable":true,"href":"https:\/\/fluxlasers.eu\/de\/wp-json\/wp\/v2\/product_cat?post=8478"},{"taxonomy":"product_tag","embeddable":true,"href":"https:\/\/fluxlasers.eu\/de\/wp-json\/wp\/v2\/product_tag?post=8478"}],"curies":[{"name":"wp","href":"https:\/\/api.w.org\/{rel}","templated":true}]}}