{"id":7344,"date":"2021-01-19T08:25:50","date_gmt":"2021-01-19T08:25:50","guid":{"rendered":"https:\/\/fluxlasers.eu\/producto\/hybrid-diodenlaser\/"},"modified":"2021-01-19T08:25:50","modified_gmt":"2021-01-19T07:25:50","slug":"hybrid-diodenlaser","status":"publish","type":"product","link":"https:\/\/fluxlasers.eu\/de\/produkt\/hybrid-diodenlaser\/","title":{"rendered":"Hybrid-Diodenlaser"},"content":{"rendered":"<p><strong>Kompatibles Material:<\/strong><\/p>\n<ul>\n<li>Karton<\/li>\n<li>Holz<\/li>\n<li>Bambus<\/li>\n<li>Leder<\/li>\n<li>Textil<\/li>\n<li>Gummi<\/li>\n<li>Zement<\/li>\n<li>Stein<\/li>\n<li>Eloxiertes Aluminium<\/li>\n<li>Edelstahl<\/li>\n<\/ul>\n<p>&nbsp;<\/p>\n<p><strong>Nicht kompatibel:<\/strong><\/p>\n<ul>\n<li>Transparentes Acryl<\/li>\n<li>Transparentes Glas<\/li>\n<li>Andere Metalle<\/li>\n<\/ul>\n<p>Wie wird es installiert und wie funktioniert es?<\/p>\n<p><a href=\"https:\/\/support.flux3dp.com\/hc\/en-us\/articles\/360001568035-Using-the-Hybrid-Laser-Add-on\" target=\"_blank\" rel=\"noopener noreferrer\">Wie funktioniert es? (Eng)<\/a> &amp;<a href=\"https:\/\/support.flux3dp.com\/hc\/en-us\/articles\/360001455096-Hybrid-Laser-Add-on-Installation\" target=\"_blank\" rel=\"noopener noreferrer\">Installationsanleitung (Eng)<\/a><\/p>\n<p>&nbsp;* Die Gravuren haben eher ein braunes Finish und eine geringe Intensit\u00e4t. Machen Sie Tests oder schauen Sie sich Fotos an oder fordern Sie Fotos der Ergebnisse auf den Materialien an, die Sie bearbeiten m\u00f6chten. <\/p>\n<p>&nbsp;<\/p>\n<p><iframe loading=\"lazy\" title=\"FLUX Beamo Hybrid Diode Laser\" width=\"750\" height=\"422\" src=\"https:\/\/www.youtube.com\/embed\/Uqjx5K4UlDc?feature=oembed\" frameborder=\"0\" allow=\"accelerometer; autoplay; clipboard-write; encrypted-media; gyroscope; picture-in-picture; web-share\" referrerpolicy=\"strict-origin-when-cross-origin\" allowfullscreen><\/iframe><\/p>\n","protected":false},"excerpt":{"rendered":"<p>Dies ist ein einfach zu installierendes Zubeh\u00f6r f\u00fcr Ihren <a href=\"https:\/\/fluxlasers.eu\/producto\/beamo\/\">Beamo<\/a>.<\/p>\n<p>Mit diesem Zubeh\u00f6r k\u00f6nnen Sie m\u00fchelos Metall und andere Materialien gravieren.<\/p>\n","protected":false},"featured_media":1420,"comment_status":"open","ping_status":"closed","template":"","meta":[],"product_brand":[],"product_cat":[314,313],"product_tag":[],"class_list":{"0":"post-7344","1":"product","2":"type-product","3":"status-publish","4":"has-post-thumbnail","6":"product_cat-beamo-zubehor","7":"product_cat-zubehor","9":"first","10":"instock","11":"taxable","12":"shipping-taxable","13":"purchasable","14":"product-type-simple"},"yoast_head":"<!-- This site is optimized with the Yoast SEO plugin v27.0 - https:\/\/yoast.com\/product\/yoast-seo-wordpress\/ -->\n<title>Hybrid-Diodenlaser - Flux - Bomedia<\/title>\n<meta name=\"robots\" content=\"index, follow, max-snippet:-1, max-image-preview:large, max-video-preview:-1\" \/>\n<link rel=\"canonical\" href=\"https:\/\/fluxlasers.eu\/de\/produkt\/hybrid-diodenlaser\/\" \/>\n<meta property=\"og:locale\" content=\"de_DE\" \/>\n<meta property=\"og:type\" content=\"article\" \/>\n<meta property=\"og:title\" content=\"Hybrid-Diodenlaser - Flux - Bomedia\" \/>\n<meta property=\"og:description\" content=\"Dies ist ein einfach zu installierendes Zubeh\u00f6r f\u00fcr Ihren Beamo. Mit diesem Zubeh\u00f6r k\u00f6nnen Sie m\u00fchelos Metall und andere Materialien gravieren.\" \/>\n<meta property=\"og:url\" content=\"https:\/\/fluxlasers.eu\/de\/produkt\/hybrid-diodenlaser\/\" \/>\n<meta property=\"og:site_name\" content=\"Flux - Bomedia\" \/>\n<meta property=\"og:image\" content=\"https:\/\/fluxlasers.eu\/wp-content\/uploads\/2021\/01\/diode.png\" \/>\n\t<meta property=\"og:image:width\" content=\"1200\" \/>\n\t<meta property=\"og:image:height\" content=\"1067\" \/>\n\t<meta property=\"og:image:type\" content=\"image\/png\" \/>\n<meta name=\"twitter:card\" content=\"summary_large_image\" \/>\n<script type=\"application\/ld+json\" class=\"yoast-schema-graph\">{\"@context\":\"https:\/\/schema.org\",\"@graph\":[{\"@type\":\"WebPage\",\"@id\":\"https:\/\/fluxlasers.eu\/de\/produkt\/hybrid-diodenlaser\/\",\"url\":\"https:\/\/fluxlasers.eu\/de\/produkt\/hybrid-diodenlaser\/\",\"name\":\"Hybrid-Diodenlaser - Flux - Bomedia\",\"isPartOf\":{\"@id\":\"https:\/\/fluxlasers.eu\/de\/#website\"},\"primaryImageOfPage\":{\"@id\":\"https:\/\/fluxlasers.eu\/de\/produkt\/hybrid-diodenlaser\/#primaryimage\"},\"image\":{\"@id\":\"https:\/\/fluxlasers.eu\/de\/produkt\/hybrid-diodenlaser\/#primaryimage\"},\"thumbnailUrl\":\"https:\/\/fluxlasers.eu\/wp-content\/uploads\/2021\/01\/diode.png\",\"datePublished\":\"2021-01-19T08:25:50+00:00\",\"breadcrumb\":{\"@id\":\"https:\/\/fluxlasers.eu\/de\/produkt\/hybrid-diodenlaser\/#breadcrumb\"},\"inLanguage\":\"de\",\"potentialAction\":[{\"@type\":\"ReadAction\",\"target\":[\"https:\/\/fluxlasers.eu\/de\/produkt\/hybrid-diodenlaser\/\"]}]},{\"@type\":\"ImageObject\",\"inLanguage\":\"de\",\"@id\":\"https:\/\/fluxlasers.eu\/de\/produkt\/hybrid-diodenlaser\/#primaryimage\",\"url\":\"https:\/\/fluxlasers.eu\/wp-content\/uploads\/2021\/01\/diode.png\",\"contentUrl\":\"https:\/\/fluxlasers.eu\/wp-content\/uploads\/2021\/01\/diode.png\",\"width\":1200,\"height\":1067,\"caption\":\"Laser h\u00edbrido Diode\"},{\"@type\":\"BreadcrumbList\",\"@id\":\"https:\/\/fluxlasers.eu\/de\/produkt\/hybrid-diodenlaser\/#breadcrumb\",\"itemListElement\":[{\"@type\":\"ListItem\",\"position\":1,\"name\":\"Portada\",\"item\":\"https:\/\/fluxlasers.eu\/de\/startseite\/\"},{\"@type\":\"ListItem\",\"position\":2,\"name\":\"Shop\",\"item\":\"https:\/\/fluxlasers.eu\/de\/shop\/\"},{\"@type\":\"ListItem\",\"position\":3,\"name\":\"Hybrid-Diodenlaser\"}]},{\"@type\":\"WebSite\",\"@id\":\"https:\/\/fluxlasers.eu\/de\/#website\",\"url\":\"https:\/\/fluxlasers.eu\/de\/\",\"name\":\"Flux - Bomedia\",\"description\":\"Lasercutter und -gravierer\",\"publisher\":{\"@id\":\"https:\/\/fluxlasers.eu\/de\/#organization\"},\"potentialAction\":[{\"@type\":\"SearchAction\",\"target\":{\"@type\":\"EntryPoint\",\"urlTemplate\":\"https:\/\/fluxlasers.eu\/de\/?s={search_term_string}\"},\"query-input\":{\"@type\":\"PropertyValueSpecification\",\"valueRequired\":true,\"valueName\":\"search_term_string\"}}],\"inLanguage\":\"de\"},{\"@type\":\"Organization\",\"@id\":\"https:\/\/fluxlasers.eu\/de\/#organization\",\"name\":\"Fluxlasers Espa\u00f1a\",\"url\":\"https:\/\/fluxlasers.eu\/de\/\",\"logo\":{\"@type\":\"ImageObject\",\"inLanguage\":\"de\",\"@id\":\"https:\/\/fluxlasers.eu\/de\/#\/schema\/logo\/image\/\",\"url\":\"https:\/\/fluxlasers.eu\/wp-content\/uploads\/2021\/03\/logofluxspainc.png\",\"contentUrl\":\"https:\/\/fluxlasers.eu\/wp-content\/uploads\/2021\/03\/logofluxspainc.png\",\"width\":350,\"height\":217,\"caption\":\"Fluxlasers Espa\u00f1a\"},\"image\":{\"@id\":\"https:\/\/fluxlasers.eu\/de\/#\/schema\/logo\/image\/\"}}]}<\/script>\n<!-- \/ Yoast SEO plugin. -->","yoast_head_json":{"title":"Hybrid-Diodenlaser - Flux - Bomedia","robots":{"index":"index","follow":"follow","max-snippet":"max-snippet:-1","max-image-preview":"max-image-preview:large","max-video-preview":"max-video-preview:-1"},"canonical":"https:\/\/fluxlasers.eu\/de\/produkt\/hybrid-diodenlaser\/","og_locale":"de_DE","og_type":"article","og_title":"Hybrid-Diodenlaser - Flux - Bomedia","og_description":"Dies ist ein einfach zu installierendes Zubeh\u00f6r f\u00fcr Ihren Beamo. Mit diesem Zubeh\u00f6r k\u00f6nnen Sie m\u00fchelos Metall und andere Materialien gravieren.","og_url":"https:\/\/fluxlasers.eu\/de\/produkt\/hybrid-diodenlaser\/","og_site_name":"Flux - Bomedia","og_image":[{"width":1200,"height":1067,"url":"https:\/\/fluxlasers.eu\/wp-content\/uploads\/2021\/01\/diode.png","type":"image\/png"}],"twitter_card":"summary_large_image","schema":{"@context":"https:\/\/schema.org","@graph":[{"@type":"WebPage","@id":"https:\/\/fluxlasers.eu\/de\/produkt\/hybrid-diodenlaser\/","url":"https:\/\/fluxlasers.eu\/de\/produkt\/hybrid-diodenlaser\/","name":"Hybrid-Diodenlaser - Flux - Bomedia","isPartOf":{"@id":"https:\/\/fluxlasers.eu\/de\/#website"},"primaryImageOfPage":{"@id":"https:\/\/fluxlasers.eu\/de\/produkt\/hybrid-diodenlaser\/#primaryimage"},"image":{"@id":"https:\/\/fluxlasers.eu\/de\/produkt\/hybrid-diodenlaser\/#primaryimage"},"thumbnailUrl":"https:\/\/fluxlasers.eu\/wp-content\/uploads\/2021\/01\/diode.png","datePublished":"2021-01-19T08:25:50+00:00","breadcrumb":{"@id":"https:\/\/fluxlasers.eu\/de\/produkt\/hybrid-diodenlaser\/#breadcrumb"},"inLanguage":"de","potentialAction":[{"@type":"ReadAction","target":["https:\/\/fluxlasers.eu\/de\/produkt\/hybrid-diodenlaser\/"]}]},{"@type":"ImageObject","inLanguage":"de","@id":"https:\/\/fluxlasers.eu\/de\/produkt\/hybrid-diodenlaser\/#primaryimage","url":"https:\/\/fluxlasers.eu\/wp-content\/uploads\/2021\/01\/diode.png","contentUrl":"https:\/\/fluxlasers.eu\/wp-content\/uploads\/2021\/01\/diode.png","width":1200,"height":1067,"caption":"Laser h\u00edbrido Diode"},{"@type":"BreadcrumbList","@id":"https:\/\/fluxlasers.eu\/de\/produkt\/hybrid-diodenlaser\/#breadcrumb","itemListElement":[{"@type":"ListItem","position":1,"name":"Portada","item":"https:\/\/fluxlasers.eu\/de\/startseite\/"},{"@type":"ListItem","position":2,"name":"Shop","item":"https:\/\/fluxlasers.eu\/de\/shop\/"},{"@type":"ListItem","position":3,"name":"Hybrid-Diodenlaser"}]},{"@type":"WebSite","@id":"https:\/\/fluxlasers.eu\/de\/#website","url":"https:\/\/fluxlasers.eu\/de\/","name":"Flux - Bomedia","description":"Lasercutter und -gravierer","publisher":{"@id":"https:\/\/fluxlasers.eu\/de\/#organization"},"potentialAction":[{"@type":"SearchAction","target":{"@type":"EntryPoint","urlTemplate":"https:\/\/fluxlasers.eu\/de\/?s={search_term_string}"},"query-input":{"@type":"PropertyValueSpecification","valueRequired":true,"valueName":"search_term_string"}}],"inLanguage":"de"},{"@type":"Organization","@id":"https:\/\/fluxlasers.eu\/de\/#organization","name":"Fluxlasers Espa\u00f1a","url":"https:\/\/fluxlasers.eu\/de\/","logo":{"@type":"ImageObject","inLanguage":"de","@id":"https:\/\/fluxlasers.eu\/de\/#\/schema\/logo\/image\/","url":"https:\/\/fluxlasers.eu\/wp-content\/uploads\/2021\/03\/logofluxspainc.png","contentUrl":"https:\/\/fluxlasers.eu\/wp-content\/uploads\/2021\/03\/logofluxspainc.png","width":350,"height":217,"caption":"Fluxlasers Espa\u00f1a"},"image":{"@id":"https:\/\/fluxlasers.eu\/de\/#\/schema\/logo\/image\/"}}]}},"_links":{"self":[{"href":"https:\/\/fluxlasers.eu\/de\/wp-json\/wp\/v2\/product\/7344","targetHints":{"allow":["GET"]}}],"collection":[{"href":"https:\/\/fluxlasers.eu\/de\/wp-json\/wp\/v2\/product"}],"about":[{"href":"https:\/\/fluxlasers.eu\/de\/wp-json\/wp\/v2\/types\/product"}],"replies":[{"embeddable":true,"href":"https:\/\/fluxlasers.eu\/de\/wp-json\/wp\/v2\/comments?post=7344"}],"wp:featuredmedia":[{"embeddable":true,"href":"https:\/\/fluxlasers.eu\/de\/wp-json\/wp\/v2\/media\/1420"}],"wp:attachment":[{"href":"https:\/\/fluxlasers.eu\/de\/wp-json\/wp\/v2\/media?parent=7344"}],"wp:term":[{"taxonomy":"product_brand","embeddable":true,"href":"https:\/\/fluxlasers.eu\/de\/wp-json\/wp\/v2\/product_brand?post=7344"},{"taxonomy":"product_cat","embeddable":true,"href":"https:\/\/fluxlasers.eu\/de\/wp-json\/wp\/v2\/product_cat?post=7344"},{"taxonomy":"product_tag","embeddable":true,"href":"https:\/\/fluxlasers.eu\/de\/wp-json\/wp\/v2\/product_tag?post=7344"}],"curies":[{"name":"wp","href":"https:\/\/api.w.org\/{rel}","templated":true}]}}