{"id":6897,"date":"2022-04-29T04:14:29","date_gmt":"2022-04-29T03:14:29","guid":{"rendered":"https:\/\/fluxlasers.eu\/producto\/flux-kuehlluefter-cooling-fan-b100016\/"},"modified":"2022-04-29T04:14:29","modified_gmt":"2022-04-29T03:14:29","slug":"flux-kuehlluefter-cooling-fan-b100016","status":"publish","type":"product","link":"https:\/\/fluxlasers.eu\/de\/produkt\/flux-kuehlluefter-cooling-fan-b100016\/","title":{"rendered":"Flux K\u00fchll\u00fcfter (Cooling fan) B100016"},"content":{"rendered":"<p>Ersatz-Fl\u00fcssigkeitsk\u00fchler f\u00fcr Ihr Ger\u00e4t <strong>Beambox, Beambox Pro und Hexa<\/strong> B100016.<\/p>\n<p>Eigenschaften: 3-adriges Kabel.<\/p>\n<p>Cooling Fan.<\/p>\n","protected":false},"excerpt":{"rendered":"<p>Ersatzl\u00fcfter B100016 f\u00fcr Beambox, Beambox Pro und Hexa.<\/p>\n<p>Eigenschaften: 3-adriges Kabel.<\/p>\n","protected":false},"featured_media":4163,"comment_status":"closed","ping_status":"closed","template":"","meta":[],"product_brand":[],"product_cat":[286,285,296],"product_tag":[336,335],"class_list":{"0":"post-6897","1":"product","2":"type-product","3":"status-publish","4":"has-post-thumbnail","6":"product_cat-beambox-ersatzteile","7":"product_cat-ersatzteile","8":"product_cat-hexa-ersatzteile","9":"product_tag-cooling-fan","10":"product_tag-lufter","12":"first","13":"instock","14":"taxable","15":"shipping-taxable","16":"purchasable","17":"product-type-simple"},"yoast_head":"<!-- This site is optimized with the Yoast SEO plugin v27.0 - https:\/\/yoast.com\/product\/yoast-seo-wordpress\/ -->\n<title>Flux K\u00fchll\u00fcfter (Cooling fan) B100016 - Flux - Bomedia<\/title>\n<meta name=\"robots\" content=\"index, follow, max-snippet:-1, max-image-preview:large, max-video-preview:-1\" \/>\n<link rel=\"canonical\" href=\"https:\/\/fluxlasers.eu\/de\/produkt\/flux-kuehlluefter-cooling-fan-b100016\/\" \/>\n<meta property=\"og:locale\" content=\"de_DE\" \/>\n<meta property=\"og:type\" content=\"article\" \/>\n<meta property=\"og:title\" content=\"Flux K\u00fchll\u00fcfter (Cooling fan) B100016 - Flux - Bomedia\" \/>\n<meta property=\"og:description\" content=\"Ersatzl\u00fcfter B100016 f\u00fcr Beambox, Beambox Pro und Hexa. Eigenschaften: 3-adriges Kabel.\" \/>\n<meta property=\"og:url\" content=\"https:\/\/fluxlasers.eu\/de\/produkt\/flux-kuehlluefter-cooling-fan-b100016\/\" \/>\n<meta property=\"og:site_name\" content=\"Flux - Bomedia\" \/>\n<meta property=\"og:image\" content=\"https:\/\/fluxlasers.eu\/wp-content\/uploads\/2022\/04\/FAN-VENTILADOR-B100016.jpeg\" \/>\n\t<meta property=\"og:image:width\" content=\"1500\" \/>\n\t<meta property=\"og:image:height\" content=\"1595\" \/>\n\t<meta property=\"og:image:type\" content=\"image\/jpeg\" \/>\n<meta name=\"twitter:card\" content=\"summary_large_image\" \/>\n<script type=\"application\/ld+json\" class=\"yoast-schema-graph\">{\"@context\":\"https:\/\/schema.org\",\"@graph\":[{\"@type\":\"WebPage\",\"@id\":\"https:\/\/fluxlasers.eu\/de\/produkt\/flux-kuehlluefter-cooling-fan-b100016\/\",\"url\":\"https:\/\/fluxlasers.eu\/de\/produkt\/flux-kuehlluefter-cooling-fan-b100016\/\",\"name\":\"Flux K\u00fchll\u00fcfter (Cooling fan) B100016 - Flux - Bomedia\",\"isPartOf\":{\"@id\":\"https:\/\/fluxlasers.eu\/de\/#website\"},\"primaryImageOfPage\":{\"@id\":\"https:\/\/fluxlasers.eu\/de\/produkt\/flux-kuehlluefter-cooling-fan-b100016\/#primaryimage\"},\"image\":{\"@id\":\"https:\/\/fluxlasers.eu\/de\/produkt\/flux-kuehlluefter-cooling-fan-b100016\/#primaryimage\"},\"thumbnailUrl\":\"https:\/\/fluxlasers.eu\/wp-content\/uploads\/2022\/04\/FAN-VENTILADOR-B100016.jpeg\",\"datePublished\":\"2022-04-29T03:14:29+00:00\",\"breadcrumb\":{\"@id\":\"https:\/\/fluxlasers.eu\/de\/produkt\/flux-kuehlluefter-cooling-fan-b100016\/#breadcrumb\"},\"inLanguage\":\"de\",\"potentialAction\":[{\"@type\":\"ReadAction\",\"target\":[\"https:\/\/fluxlasers.eu\/de\/produkt\/flux-kuehlluefter-cooling-fan-b100016\/\"]}]},{\"@type\":\"ImageObject\",\"inLanguage\":\"de\",\"@id\":\"https:\/\/fluxlasers.eu\/de\/produkt\/flux-kuehlluefter-cooling-fan-b100016\/#primaryimage\",\"url\":\"https:\/\/fluxlasers.eu\/wp-content\/uploads\/2022\/04\/FAN-VENTILADOR-B100016.jpeg\",\"contentUrl\":\"https:\/\/fluxlasers.eu\/wp-content\/uploads\/2022\/04\/FAN-VENTILADOR-B100016.jpeg\",\"width\":1500,\"height\":1595},{\"@type\":\"BreadcrumbList\",\"@id\":\"https:\/\/fluxlasers.eu\/de\/produkt\/flux-kuehlluefter-cooling-fan-b100016\/#breadcrumb\",\"itemListElement\":[{\"@type\":\"ListItem\",\"position\":1,\"name\":\"Portada\",\"item\":\"https:\/\/fluxlasers.eu\/de\/startseite\/\"},{\"@type\":\"ListItem\",\"position\":2,\"name\":\"Shop\",\"item\":\"https:\/\/fluxlasers.eu\/de\/shop\/\"},{\"@type\":\"ListItem\",\"position\":3,\"name\":\"Flux K\u00fchll\u00fcfter (Cooling fan) B100016\"}]},{\"@type\":\"WebSite\",\"@id\":\"https:\/\/fluxlasers.eu\/de\/#website\",\"url\":\"https:\/\/fluxlasers.eu\/de\/\",\"name\":\"Flux - Bomedia\",\"description\":\"Lasercutter und -gravierer\",\"publisher\":{\"@id\":\"https:\/\/fluxlasers.eu\/de\/#organization\"},\"potentialAction\":[{\"@type\":\"SearchAction\",\"target\":{\"@type\":\"EntryPoint\",\"urlTemplate\":\"https:\/\/fluxlasers.eu\/de\/?s={search_term_string}\"},\"query-input\":{\"@type\":\"PropertyValueSpecification\",\"valueRequired\":true,\"valueName\":\"search_term_string\"}}],\"inLanguage\":\"de\"},{\"@type\":\"Organization\",\"@id\":\"https:\/\/fluxlasers.eu\/de\/#organization\",\"name\":\"Fluxlasers Espa\u00f1a\",\"url\":\"https:\/\/fluxlasers.eu\/de\/\",\"logo\":{\"@type\":\"ImageObject\",\"inLanguage\":\"de\",\"@id\":\"https:\/\/fluxlasers.eu\/de\/#\/schema\/logo\/image\/\",\"url\":\"https:\/\/fluxlasers.eu\/wp-content\/uploads\/2021\/03\/logofluxspainc.png\",\"contentUrl\":\"https:\/\/fluxlasers.eu\/wp-content\/uploads\/2021\/03\/logofluxspainc.png\",\"width\":350,\"height\":217,\"caption\":\"Fluxlasers Espa\u00f1a\"},\"image\":{\"@id\":\"https:\/\/fluxlasers.eu\/de\/#\/schema\/logo\/image\/\"}}]}<\/script>\n<!-- \/ Yoast SEO plugin. -->","yoast_head_json":{"title":"Flux K\u00fchll\u00fcfter (Cooling fan) B100016 - Flux - Bomedia","robots":{"index":"index","follow":"follow","max-snippet":"max-snippet:-1","max-image-preview":"max-image-preview:large","max-video-preview":"max-video-preview:-1"},"canonical":"https:\/\/fluxlasers.eu\/de\/produkt\/flux-kuehlluefter-cooling-fan-b100016\/","og_locale":"de_DE","og_type":"article","og_title":"Flux K\u00fchll\u00fcfter (Cooling fan) B100016 - Flux - Bomedia","og_description":"Ersatzl\u00fcfter B100016 f\u00fcr Beambox, Beambox Pro und Hexa. Eigenschaften: 3-adriges Kabel.","og_url":"https:\/\/fluxlasers.eu\/de\/produkt\/flux-kuehlluefter-cooling-fan-b100016\/","og_site_name":"Flux - Bomedia","og_image":[{"width":1500,"height":1595,"url":"https:\/\/fluxlasers.eu\/wp-content\/uploads\/2022\/04\/FAN-VENTILADOR-B100016.jpeg","type":"image\/jpeg"}],"twitter_card":"summary_large_image","schema":{"@context":"https:\/\/schema.org","@graph":[{"@type":"WebPage","@id":"https:\/\/fluxlasers.eu\/de\/produkt\/flux-kuehlluefter-cooling-fan-b100016\/","url":"https:\/\/fluxlasers.eu\/de\/produkt\/flux-kuehlluefter-cooling-fan-b100016\/","name":"Flux K\u00fchll\u00fcfter (Cooling fan) B100016 - Flux - Bomedia","isPartOf":{"@id":"https:\/\/fluxlasers.eu\/de\/#website"},"primaryImageOfPage":{"@id":"https:\/\/fluxlasers.eu\/de\/produkt\/flux-kuehlluefter-cooling-fan-b100016\/#primaryimage"},"image":{"@id":"https:\/\/fluxlasers.eu\/de\/produkt\/flux-kuehlluefter-cooling-fan-b100016\/#primaryimage"},"thumbnailUrl":"https:\/\/fluxlasers.eu\/wp-content\/uploads\/2022\/04\/FAN-VENTILADOR-B100016.jpeg","datePublished":"2022-04-29T03:14:29+00:00","breadcrumb":{"@id":"https:\/\/fluxlasers.eu\/de\/produkt\/flux-kuehlluefter-cooling-fan-b100016\/#breadcrumb"},"inLanguage":"de","potentialAction":[{"@type":"ReadAction","target":["https:\/\/fluxlasers.eu\/de\/produkt\/flux-kuehlluefter-cooling-fan-b100016\/"]}]},{"@type":"ImageObject","inLanguage":"de","@id":"https:\/\/fluxlasers.eu\/de\/produkt\/flux-kuehlluefter-cooling-fan-b100016\/#primaryimage","url":"https:\/\/fluxlasers.eu\/wp-content\/uploads\/2022\/04\/FAN-VENTILADOR-B100016.jpeg","contentUrl":"https:\/\/fluxlasers.eu\/wp-content\/uploads\/2022\/04\/FAN-VENTILADOR-B100016.jpeg","width":1500,"height":1595},{"@type":"BreadcrumbList","@id":"https:\/\/fluxlasers.eu\/de\/produkt\/flux-kuehlluefter-cooling-fan-b100016\/#breadcrumb","itemListElement":[{"@type":"ListItem","position":1,"name":"Portada","item":"https:\/\/fluxlasers.eu\/de\/startseite\/"},{"@type":"ListItem","position":2,"name":"Shop","item":"https:\/\/fluxlasers.eu\/de\/shop\/"},{"@type":"ListItem","position":3,"name":"Flux K\u00fchll\u00fcfter (Cooling fan) B100016"}]},{"@type":"WebSite","@id":"https:\/\/fluxlasers.eu\/de\/#website","url":"https:\/\/fluxlasers.eu\/de\/","name":"Flux - Bomedia","description":"Lasercutter und -gravierer","publisher":{"@id":"https:\/\/fluxlasers.eu\/de\/#organization"},"potentialAction":[{"@type":"SearchAction","target":{"@type":"EntryPoint","urlTemplate":"https:\/\/fluxlasers.eu\/de\/?s={search_term_string}"},"query-input":{"@type":"PropertyValueSpecification","valueRequired":true,"valueName":"search_term_string"}}],"inLanguage":"de"},{"@type":"Organization","@id":"https:\/\/fluxlasers.eu\/de\/#organization","name":"Fluxlasers Espa\u00f1a","url":"https:\/\/fluxlasers.eu\/de\/","logo":{"@type":"ImageObject","inLanguage":"de","@id":"https:\/\/fluxlasers.eu\/de\/#\/schema\/logo\/image\/","url":"https:\/\/fluxlasers.eu\/wp-content\/uploads\/2021\/03\/logofluxspainc.png","contentUrl":"https:\/\/fluxlasers.eu\/wp-content\/uploads\/2021\/03\/logofluxspainc.png","width":350,"height":217,"caption":"Fluxlasers Espa\u00f1a"},"image":{"@id":"https:\/\/fluxlasers.eu\/de\/#\/schema\/logo\/image\/"}}]}},"_links":{"self":[{"href":"https:\/\/fluxlasers.eu\/de\/wp-json\/wp\/v2\/product\/6897","targetHints":{"allow":["GET"]}}],"collection":[{"href":"https:\/\/fluxlasers.eu\/de\/wp-json\/wp\/v2\/product"}],"about":[{"href":"https:\/\/fluxlasers.eu\/de\/wp-json\/wp\/v2\/types\/product"}],"replies":[{"embeddable":true,"href":"https:\/\/fluxlasers.eu\/de\/wp-json\/wp\/v2\/comments?post=6897"}],"wp:featuredmedia":[{"embeddable":true,"href":"https:\/\/fluxlasers.eu\/de\/wp-json\/wp\/v2\/media\/4163"}],"wp:attachment":[{"href":"https:\/\/fluxlasers.eu\/de\/wp-json\/wp\/v2\/media?parent=6897"}],"wp:term":[{"taxonomy":"product_brand","embeddable":true,"href":"https:\/\/fluxlasers.eu\/de\/wp-json\/wp\/v2\/product_brand?post=6897"},{"taxonomy":"product_cat","embeddable":true,"href":"https:\/\/fluxlasers.eu\/de\/wp-json\/wp\/v2\/product_cat?post=6897"},{"taxonomy":"product_tag","embeddable":true,"href":"https:\/\/fluxlasers.eu\/de\/wp-json\/wp\/v2\/product_tag?post=6897"}],"curies":[{"name":"wp","href":"https:\/\/api.w.org\/{rel}","templated":true}]}}